{"id":14993,"date":"2023-08-01T12:37:55","date_gmt":"2023-08-01T10:37:55","guid":{"rendered":"https:\/\/nemji.azurewebsites.net\/?page_id=14993"},"modified":"2026-02-10T08:54:36","modified_gmt":"2026-02-10T07:54:36","slug":"informace-pro-pacienty-a-navstevy","status":"publish","type":"page","link":"https:\/\/webnemji.azurewebsites.net\/en\/informace-pro-pacienty-a-navstevy\/","title":{"rendered":"Information for patients and visitors"},"content":{"rendered":"<div id=\"cmsmasters_row_0b6bd5f67e\" class=\"cmsmasters_row cmsmasters_color_scheme_default heroblocks cmsmasters_row_top_default cmsmasters_row_bot_default cmsmasters_row_boxed\">\n<div id=\"heroboxes\" class=\"cmsmasters_row_outer_parent\">\n<div class=\"cmsmasters_row_overlay\"><\/div>\n<div class=\"cmsmasters_row_outer\">\n<div class=\"cmsmasters_row_inner\">\n<div class=\"cmsmasters_row_margin\">\n<div id=\"cmsmasters_column_b6d3203234\" class=\"cmsmasters_column one_first\">\n<div class=\"cmsmasters_column_inner\"><div id=\"cmsmasters_heading_a82262ad0f\" class=\"cmsmasters_heading_wrap cmsmasters_heading_align_center pageheadingtitle\" data-animation=\"fadeIn\" data-delay=\"0\">\n\t<h1 class=\"cmsmasters_heading\">Informace pro pacienty a n\u00e1v\u0161t\u011bvy<\/h1>\n<\/div><div id=\"cmsmasters_heading_xg2xihtm4a\" class=\"cmsmasters_heading_wrap cmsmasters_heading_align_center\">\n\t<h3 class=\"cmsmasters_heading\">Nemocnice Jihlava, p\u0159\u00edsp\u011bvkov\u00e1 organizace<\/h3>\n<\/div>\n<\/div><\/div>\n<\/div>\n<\/div>\n<\/div>\n<\/div>\n<\/div>\n<div id=\"cmsmasters_row_0q8wbxfqvc\" class=\"cmsmasters_row cmsmasters_color_scheme_default cmsmasters_row_top_default cmsmasters_row_bot_default cmsmasters_row_boxed\">\n<div class=\"cmsmasters_row_outer_parent\">\n<div class=\"cmsmasters_row_outer\">\n<div class=\"cmsmasters_row_inner\">\n<div class=\"cmsmasters_row_margin\">\n<div id=\"cmsmasters_column_d6v547ggez\" class=\"cmsmasters_column one_first\">\n<div class=\"cmsmasters_column_inner\"><div class=\"cmsmasters_text\">\n<p><nav aria-label=\"breadcrumbs\">\n            <div class=\"breadcrumb-container theme1\">\n                <ol>\n                                    <\/ol>\n            <\/div>\n        <\/nav>    <script type=\"application\/ld+json\">\n        {\n            \"@context\": \"http:\/\/schema.org\",\n            \"@type\": \"BreadcrumbList\",\n            \"itemListElement\": [\n                            ]\n        }\n    <\/script>\n   \n    <script>\n            <\/script>\n<\/p>\n<\/div>\n<\/div><\/div>\n<\/div>\n<\/div>\n<\/div>\n<\/div>\n<\/div>\n<div id=\"cmsmasters_row_7c1c11db73\" class=\"cmsmasters_row cmsmasters_color_scheme_default cmsmasters_row_top_default cmsmasters_row_bot_default cmsmasters_row_boxed\">\n<div class=\"cmsmasters_row_outer_parent\">\n<div class=\"cmsmasters_row_outer\">\n<div class=\"cmsmasters_row_inner\">\n<div class=\"cmsmasters_row_margin\">\n<div id=\"cmsmasters_column_18105c8427\" class=\"cmsmasters_column one_third stickyinfocolumn\">\n<div class=\"cmsmasters_column_inner\"><div id=\"cmsmasters_heading_06oshyxaep\" class=\"cmsmasters_heading_wrap cmsmasters_heading_align_center\">\n\t<h3 class=\"cmsmasters_heading\">Informace pro pacienty a n\u00e1v\u0161t\u011bvy<\/h3>\n<\/div>\n<div id=\"cmsmasters_divider_fk418hu6k\" class=\"cmsmasters_divider cmsmasters_divider_width_short cmsmasters_divider_pos_center\"><\/div>\n<div class=\"cmsmasters_sidebar sidebar_layout_11 sidebar-custom-menu\"><aside id=\"nav_menu-3\" class=\"widget widget_nav_menu\"><div class=\"menu-informace-pro-pacienty-a-navstevy-container\"><ul id=\"menu-informace-pro-pacienty-a-navstevy\" class=\"menu\"><li id=\"menu-item-21858\" class=\"static-link menu-item menu-item-type-post_type menu-item-object-page menu-item-21858\"><a href=\"https:\/\/webnemji.azurewebsites.net\/en\/informace-pro-pacienty-a-navstevy\/\" data-ps2id-api=\"true\"><i class=\"fa-solid fa-circle-info\"><\/i> Informace pro pacienty<\/a><\/li>\n<li id=\"menu-item-15322\" class=\"static-link menu-item menu-item-type-post_type menu-item-object-page menu-item-15322\"><a href=\"https:\/\/webnemji.azurewebsites.net\/en\/informace-pro-pacienty-a-navstevy\/jak-se-k-nam-dostanete\/\" data-ps2id-api=\"true\"><i class=\"fa-solid fa-bus\"><\/i>Jak se k n\u00e1m dostanete<\/a><\/li>\n<li id=\"menu-item-15321\" class=\"static-link menu-item menu-item-type-post_type menu-item-object-page menu-item-15321\"><a href=\"https:\/\/webnemji.azurewebsites.net\/en\/informace-pro-pacienty-a-navstevy\/parkovani-v-arealu\/\" data-ps2id-api=\"true\"><i class=\"fa-solid fa-square-parking\"><\/i>Parkov\u00e1n\u00ed v are\u00e1lu<\/a><\/li>\n<li id=\"menu-item-33179\" class=\"static-link menu-item menu-item-type-post_type menu-item-object-page menu-item-33179\"><a href=\"https:\/\/webnemji.azurewebsites.net\/en\/informace-pro-pacienty-a-navstevy\/aktualni-stav-parkovist\/\" data-ps2id-api=\"true\"><i class=\"fa-solid fa-square-parking\"><\/i>Aktu\u00e1ln\u00ed stav parkovi\u0161\u0165<\/a><\/li>\n<li id=\"menu-item-15323\" class=\"static-link menu-item menu-item-type-post_type menu-item-object-page menu-item-15323\"><a href=\"https:\/\/webnemji.azurewebsites.net\/en\/informace-pro-pacienty-a-navstevy\/orientacni-plan-nemocnice\/\" data-ps2id-api=\"true\"><i class=\"fa-solid fa-map-location-dot\"><\/i>Orienta\u010dn\u00ed pl\u00e1n nemocnice<\/a><\/li>\n<li id=\"menu-item-15318\" class=\"static-link menu-item menu-item-type-post_type menu-item-object-page menu-item-15318\"><a href=\"https:\/\/webnemji.azurewebsites.net\/en\/informace-pro-pacienty-a-navstevy\/zubni-pohotovost\/\" data-ps2id-api=\"true\"><i class=\"fa-solid fa-tooth\"><\/i>Zubn\u00ed pohotovost<\/a><\/li>\n<li id=\"menu-item-27984\" class=\"static-link menu-item menu-item-type-post_type menu-item-object-page menu-item-27984\"><a href=\"https:\/\/webnemji.azurewebsites.net\/en\/oddeleni\/gynekologicko-porodnicke-oddeleni\/porodnice\/\" data-ps2id-api=\"true\"><i class=\"fa-solid fa-baby\"><\/i> Porodnice<\/a><\/li>\n<li id=\"menu-item-34869\" class=\"menu-item menu-item-type-custom menu-item-object-custom menu-item-34869\"><a href=\"\/informace-pro-pacienty-a-navstevy\/lekarska-pohotovostni-sluzba\/\" data-ps2id-api=\"true\"><i class=\"fa-solid fa-hospital\"><\/i>L\u00e9ka\u0159sk\u00e1 pohotovostn\u00ed slu\u017eba<\/a><\/li>\n<li id=\"menu-item-15319\" class=\"static-link menu-item menu-item-type-post_type menu-item-object-page menu-item-15319\"><a href=\"https:\/\/webnemji.azurewebsites.net\/en\/informace-pro-pacienty-a-navstevy\/lekarenska-pohotovost\/\" data-ps2id-api=\"true\"><i class=\"fa-solid fa-prescription-bottle-medical\"><\/i>L\u00e9k\u00e1rensk\u00e1 pohotovost<\/a><\/li>\n<li id=\"menu-item-15320\" class=\"static-link menu-item menu-item-type-post_type menu-item-object-page menu-item-15320\"><a href=\"https:\/\/webnemji.azurewebsites.net\/en\/informace-pro-pacienty-a-navstevy\/dopravni-zdravotni-sluzba\/\" data-ps2id-api=\"true\"><i class=\"fa-solid fa-truck-medical\"><\/i>Dopravn\u00ed zdravotn\u00ed slu\u017eba<\/a><\/li>\n<li id=\"menu-item-31041\" class=\"static-link menu-item menu-item-type-custom menu-item-object-custom menu-item-31041\"><a href=\"\/informace-pro-pacienty-a-navstevy\/pokladna\/\" data-ps2id-api=\"true\"><i class=\"fa-solid fa-cash-register\"><\/i>Pokladna<\/a><\/li>\n<li id=\"menu-item-15388\" class=\"static-link menu-item menu-item-type-post_type menu-item-object-page menu-item-15388\"><a href=\"https:\/\/webnemji.azurewebsites.net\/en\/informace-pro-pacienty-a-navstevy\/prava-pacienta\/\" data-ps2id-api=\"true\"><i class=\"fa-solid fa-scale-balanced\"><\/i>Pr\u00e1va pacienta<\/a><\/li>\n<li id=\"menu-item-20717\" class=\"static-link menu-item menu-item-type-post_type menu-item-object-page menu-item-20717\"><a href=\"https:\/\/webnemji.azurewebsites.net\/en\/informace-pro-pacienty-a-navstevy\/cenik\/\" data-ps2id-api=\"true\"><i class=\"fa-solid fa-coins\"><\/i> Cen\u00edk<\/a><\/li>\n<li id=\"menu-item-30314\" class=\"static-link menu-item menu-item-type-custom menu-item-object-custom menu-item-30314\"><a href=\"\/informace-pro-pacienty-a-navstevy\/paliativni-pece-v-jihlavske-nemocnici\/\" data-ps2id-api=\"true\"><i class=\"fa-solid fa-handshake-angle\"><\/i>Paliativn\u00ed p\u00e9\u010de v nemocnici<\/a><\/li>\n<li id=\"menu-item-30988\" class=\"static-link menu-item menu-item-type-custom menu-item-object-custom menu-item-30988\"><a href=\"\/oddeleni\/centrum-sp-pece\/dobrovolnici\/\" data-ps2id-api=\"true\"><i class=\"fa-solid fa-hand-holding-heart\"><\/i> Dobrovoln\u00edci v Nemocnici Jihlava<\/a><\/li>\n<li id=\"menu-item-31309\" class=\"static-link menu-item menu-item-type-post_type menu-item-object-page menu-item-31309\"><a href=\"https:\/\/webnemji.azurewebsites.net\/en\/informace-pro-pacienty-a-navstevy\/informace-pro-neslysici\/\" data-ps2id-api=\"true\"><i class=\"fa-solid fa-ear-deaf\"><\/i> Informace pro nesly\u0161\u00edc\u00ed<\/a><\/li>\n<li id=\"menu-item-15099\" class=\"static-link menu-item menu-item-type-custom menu-item-object-custom menu-item-15099\"><a href=\"\/informace-pro-pacienty-a-navstevy\/informace-pro-pozustale\/\" data-ps2id-api=\"true\"><i class=\"fa-solid fa-cross\"><\/i>Informace pro poz\u016fstal\u00e9<\/a><\/li>\n<li id=\"menu-item-30390\" class=\"static-link menu-item menu-item-type-custom menu-item-object-custom menu-item-30390\"><a href=\"\/oddeleni\/centrum-sp-pece\/duchovni-pece\/\" data-ps2id-api=\"true\"><i class=\"fa-solid fa-cross\"><\/i>Duchovn\u00ed p\u00e9\u010de<\/a><\/li>\n<\/ul><\/div><\/aside><div class=\"cl\"><\/div>\n<\/div>\n<\/div><\/div>\n<div id=\"cmsmasters_column_b598bb73ec\" class=\"cmsmasters_column two_third\">\n<div class=\"cmsmasters_column_inner\"><div id=\"cmsmasters_heading_k92gr86983\" class=\"cmsmasters_heading_wrap cmsmasters_heading_align_left\">\n\t<h2 class=\"cmsmasters_heading\">Informace pro pacienty<\/h2>\n<\/div>\n<div id=\"cmsmasters_divider_0mnzinwowm\" class=\"cmsmasters_divider cmsmasters_divider_width_short cmsmasters_divider_pos_left\"><\/div>\n<div class=\"cmsmasters_text\">\n<p>V\u00e1\u017een\u00ed pacienti,<\/p>\n<p>srde\u010dn\u011b v\u00e1s v\u00edt\u00e1me v Nemocnici Jihlava. Hospitalizace v nemocnici p\u0159edstavuje z\u00e1sah do b\u011b\u017en\u00e9ho \u017eivota, ale na\u0161i l\u00e9ka\u0159i, sestry a ostatn\u00ed person\u00e1l jsou p\u0159ipraveni v\u00e1m poskytnout kvalitn\u00ed zdravotn\u00ed p\u00e9\u010di na profesion\u00e1ln\u00ed \u00farovni s d\u016frazem na va\u0161i bezpe\u010dnost.<br \/>\nP\u0159ed n\u00e1stupem do nemocnice postupujte dle pokyn\u016f va\u0161eho praktick\u00e9ho nebo o\u0161et\u0159uj\u00edc\u00edho l\u00e9ka\u0159e. P\u0159edem se objednejte na ambulanci ve stanoven\u00fd \u010das.<\/p>\n<p>&nbsp;<\/p>\n<h5><strong>Co si vz\u00edt sebou p\u0159i hospitalizaci:<\/strong><\/h5>\n<ul>\n<li>Ob\u010dansk\u00fd pr\u016fkaz.<\/li>\n<li>Pr\u016fkaz zdravotn\u00ed poji\u0161\u0165ovny.<\/li>\n<li>Doporu\u010den\u00ed k p\u0159ijet\u00ed a v\u00fdsledky vy\u0161et\u0159en\u00ed.<\/li>\n<li>Potvrzen\u00ed o pracovn\u00ed neschopnosti (pokud plat\u00ed).<\/li>\n<li>Hygienick\u00e9 pot\u0159eby, pap\u00edrov\u00e9 kapesn\u00edky, vlo\u017eky, p\u0159\u00edpadn\u011b plenkov\u00e9 kalhotky.<\/li>\n<li>Osobn\u00ed pot\u0159eby.<\/li>\n<li>Py\u017eamo\/no\u010dn\u00ed ko\u0161ile, \u017eupan, pono\u017eky a dal\u0161\u00ed oble\u010den\u00ed.<\/li>\n<li>P\u0159ez\u016fvky.<\/li>\n<li>L\u00e9ky, kter\u00e9 pravideln\u011b u\u017e\u00edv\u00e1te.<\/li>\n<li>Kompenza\u010dn\u00ed pom\u016fcky, jako jsou br\u00fdle, h\u016fl, naslouchadlo, zubn\u00ed prot\u00e9za.<\/li>\n<\/ul>\n<p>Pokud je va\u0161e hospitalizace akutn\u00ed, po\u017e\u00e1dejte sv\u00e9 bl\u00edzk\u00e9, aby v\u00e1m dodali v\u00fd\u0161e zm\u00edn\u011bn\u00e9 v\u011bci.<\/p>\n<h5>Upozor\u0148ujeme, \u017ee b\u011bhem hospitalizace je v Nemocnici Jihlava zak\u00e1z\u00e1no m\u00edt u sebe st\u0159eln\u00e9 zbran\u011b a jak\u00e9koliv nebezpe\u010dn\u00e9 p\u0159edm\u011bty (nap\u0159. no\u017ee, se\u010dn\u00e9 zbran\u011b, paralyz\u00e9ry, slzotvorn\u00e9 prost\u0159edky, obu\u0161ky \u010di boxery, aj.). Takov\u00e9 p\u0159edm\u011bty pros\u00edm ponechte doma.<\/h5>\n<p>&nbsp;<\/p>\n<h5><b><span class=\"zvyrazneni\">Hospitalizace d\u00edt\u011bte<\/span><\/b><\/h5>\n<p>Umo\u017e\u0148ujeme rodi\u010d\u016fm pobyt s hospitalizovan\u00fdm d\u00edt\u011btem. U d\u011bt\u00ed do 6 let je ubytov\u00e1n\u00ed doprovodu hrazeno ze zdravotn\u00edho poji\u0161t\u011bn\u00ed, u star\u0161\u00edch d\u011bt\u00ed \u010din\u00ed poplatek na den za 330 K\u010d bez stravy\/ 585 K\u010d se stravou.<\/p>\n<p>&nbsp;<\/p>\n<h5><b><span class=\"zvyrazneni\">Cenn\u00e9 v\u011bci<\/span><\/b><\/h5>\n<p>D\u016fle\u017eit\u00e9 je nepou\u017e\u00edvat cenn\u00e9 v\u011bci jako \u0161perky nebo v\u011bt\u0161\u00ed obnosy pen\u011bz. V p\u0159\u00edpad\u011b, \u017ee jste je s sebou vzali, odevzdejte je sest\u0159e na l\u016f\u017ekov\u00e9m odd\u011blen\u00ed k \u00faschov\u011b do trezoru.<\/p>\n<p>&nbsp;<\/p>\n<h5><b><span class=\"zvyrazneni\">L\u00e9ky<\/span><\/b><\/h5>\n<p>Ohledn\u011b l\u00e9k\u016f informujte o\u0161et\u0159uj\u00edc\u00edho l\u00e9ka\u0159e o v\u0161ech l\u00e9\u010divech, kter\u00e1 u\u017e\u00edv\u00e1te. L\u00e9ky, kter\u00e9 pravideln\u011b berete, si p\u0159ineste s sebou a odevzdejte je na p\u0159\u00edslu\u0161n\u00e9m odd\u011blen\u00ed.<\/p>\n<p>&nbsp;<\/p>\n<h5><b><span class=\"zvyrazneni\">Stravov\u00e1n\u00ed<\/span><\/b><\/h5>\n<p>Strava je sou\u010d\u00e1st\u00ed l\u00e9\u010dby, a proto dodr\u017eujte p\u0159edepsanou dietu. Pokud m\u00e1te n\u011bjak\u00e9 p\u0159ipom\u00ednky nebo p\u0159\u00e1n\u00ed ohledn\u011b stravy, sd\u011blte je sest\u0159e nebo l\u00e9ka\u0159i.<\/p>\n<p>&nbsp;<\/p>\n<h5><b><span class=\"zvyrazneni\">Diagnostika bolesti<\/span><\/b><\/h5>\n<p>Pokud trp\u00edte bolest\u00ed, informujte o\u0161et\u0159uj\u00edc\u00edho l\u00e9ka\u0159e. Spr\u00e1vn\u00e9 vyj\u00e1d\u0159en\u00ed va\u0161\u00ed bolesti je kl\u00ed\u010dov\u00e9 pro l\u00e9\u010dbu.<\/p>\n<p>&nbsp;<\/p>\n<h5><b><span class=\"zvyrazneni\">Kou\u0159en\u00ed<\/span><\/b><\/h5>\n<p>Upozor\u0148ujeme, \u017ee v nemocnici plat\u00ed z\u00e1kaz kou\u0159en\u00ed.<\/p>\n<p>&nbsp;<\/p>\n<h5><b><span class=\"zvyrazneni\">Denn\u00ed rozvrh<\/span><\/b><\/h5>\n<p>V\u00e1\u0161 pobyt v nemocnici bude \u0159\u00edzen re\u017eimem p\u0159\u00edslu\u0161n\u00e9ho odd\u011blen\u00ed. Vy a person\u00e1l nesete spole\u010dnou zodpov\u011bdnost za \u00fasp\u011bch l\u00e9\u010dby. Pokud pot\u0159ebujete opustit l\u016f\u017ekov\u00e9 odd\u011blen\u00ed, informujte sestru a z\u00edsk\u00e1te jej\u00ed souhlas.<\/p>\n<p>&nbsp;<\/p>\n<h5><strong>Regula\u010dn\u00ed poplatky<\/strong><\/h5>\n<p>Regula\u010dn\u00ed poplatek za n\u00e1v\u0161t\u011bvu pohotovosti v dob\u011b od 15:30 do 7:00 hodin \u010din\u00ed 90 K\u010d. Uhrad\u00edte ho bu\u010f v hotovosti, nebo kartou.<\/p>\n<p>&nbsp;<\/p>\n<h5><b><span class=\"zvyrazneni\">Nadstandardn\u00ed pokoje<\/span><\/b><\/h5>\n<p>Pokud m\u00e1te z\u00e1jem o nadstandardn\u00ed pokoj, informujte se o cen\u011b na dan\u00e9m odd\u011blen\u00ed. Nemocnice m\u00e1 omezenou kapacitu t\u011bchto pokoj\u016f, proto si pobyt na nich domluvte s l\u00e9ka\u0159em nebo sestrou.<\/p>\n<p>&nbsp;<\/p>\n<h5><b><span class=\"zvyrazneni\">Informace<\/span><\/b><\/h5>\n<p>Informace o sv\u00e9m zdravotn\u00edm stavu z\u00edsk\u00e1te od o\u0161et\u0159uj\u00edc\u00edho l\u00e9ka\u0159e, poskytnuty v\u0161ak mohou b\u00fdt pouze V\u00e1m a V\u00e1mi zvolen\u00fdmi bl\u00edzk\u00fdmi. Va\u0161i bl\u00edzc\u00ed mohou b\u00fdt vyzv\u00e1n\u00ed k ov\u011b\u0159en\u00edm se heslem.<\/p>\n<p>&nbsp;<\/p>\n<h5><strong>Doporu\u010den\u00e9 n\u00e1v\u0161t\u011bvn\u00ed hodiny:<\/strong><\/h5>\n<p><strong>Po, \u00dat, \u010ct, P\u00e1, So:<\/strong> \u00a0\u00a0 15:00 &#8211; 16:00<\/p>\n<p><strong>St\u0159eda:<\/strong>\u00a0 \u00a0 \u00a0 \u00a0 \u00a0 \u00a0 \u00a0 \u00a0 \u00a0 \u00a0 \u00a0 \u00a0 15:00 &#8211; 17:00<\/p>\n<p><strong>Ne a sv\u00e1tky:<\/strong>\u00a0 \u00a0 \u00a0 \u00a0 \u00a0 \u00a0 \u00a0 14:00 &#8211; 16:00<\/p>\n<p>Po\u017e\u00e1dejte sv\u00e9 p\u0159\u00edbuzn\u00e9 a zn\u00e1m\u00e9, aby byli ohledupln\u00ed k ostatn\u00edm pacient\u016fm na pokoji.<br \/>\nN\u00e1v\u0161t\u011bvy mimo doporu\u010den\u00e9 hodiny jsou v\u017edy mo\u017en\u00e9 po domluv\u011b s o\u0161et\u0159uj\u00edc\u00edm person\u00e1lem.<\/p>\n<p>&nbsp;<\/p>\n<h5><b><span class=\"zvyrazneni\">Duchovn\u00ed slu\u017eby<\/span><\/b><\/h5>\n<p>M\u00e1te u n\u00e1s k dispozici nemocni\u010dn\u00ed kapli. Detailn\u00ed informace <a href=\"\/oddeleni\/centrum-sp-pece\/duchovni-pece\/\" target=\"_blank\" rel=\"noopener\">zde<\/a>.<\/p>\n<p>&nbsp;<\/p>\n<h5><strong>Dobrovoln\u00edci v Nemocnici Jihlava<\/strong><\/h5>\n<p>Dobrovoln\u00edkem je ka\u017ed\u00fd, kde ze sv\u00e9 dobr\u00e9 v\u016fle, ve sv\u00e9m voln\u00e9m \u010dase a bez n\u00e1roku na finan\u010dn\u00ed odm\u011bnu vykon\u00e1v\u00e1 \u010dinnost ve prosp\u011bch jin\u00fdch lid\u00ed. Dobrovoln\u00edkem m\u016f\u017ee b\u00fdt kdokoliv, proto\u017ee ka\u017ed\u00fd z n\u00e1s um\u00ed n\u011bco , co m\u016f\u017ee poskytnout ostatn\u00edm. Podrobn\u00e9 informace naleznete <a href=\"\/oddeleni\/centrum-sp-pece\/dobrovolnici\/\">zde<\/a>.<\/p>\n<p>&nbsp;<\/p>\n<h5><b><span class=\"zvyrazneni\">L\u00e9k\u00e1rna<\/span><\/b><\/h5>\n<p>L\u00e9k\u00e1rna v nemocnici je otev\u0159ena v pracovn\u00ed dny a o v\u00edkendech.<\/p>\n<p>&nbsp;<\/p>\n<h5><b><span class=\"zvyrazneni\">Soci\u00e1ln\u00ed slu\u017eba<\/span><\/b><\/h5>\n<p>\u0158e\u0161\u00edte soci\u00e1ln\u00ed situaci \u2013 kontaktujte soci\u00e1ln\u011b zdravotn\u00ed pracovn\u00edky v centru soci\u00e1ln\u00edch a podp\u016frn\u00fdch slu\u017eeb.<\/p>\n<p>&nbsp;<\/p>\n<h5><b><span class=\"zvyrazneni\">Propu\u0161t\u011bn\u00ed<\/span><\/b><\/h5>\n<p>P\u0159ed propu\u0161t\u011bn\u00edm z nemocnice bude l\u00e9ka\u0159 v\u010das informovat o dal\u0161\u00ed l\u00e9\u010db\u011b a mo\u017enostech p\u00e9\u010de. P\u0159ed opu\u0161t\u011bn\u00edm nemocnice uhra\u010fte \u010d\u00e1stku za poskytnut\u00e9 slu\u017eby nad r\u00e1mec b\u011b\u017en\u00e9ho poji\u0161t\u011bn\u00ed.<br \/>\nDouf\u00e1me, \u017ee va\u0161e hospitalizace u n\u00e1s prob\u011bhne \u00fasp\u011b\u0161n\u011b a p\u0159ejeme v\u00e1m brzk\u00e9 uzdraven\u00ed.<br \/>\nPokud byste cht\u011bli pod\u011bkovat zam\u011bstnanc\u016fm nemocnice, m\u016f\u017ee tak u\u010dinit <a href=\"https:\/\/www.nemji.cz\/kvalita\/hodnoceni\/\">ZDE<\/a>.<\/p>\n<\/div>\n<\/div><\/div>\n<\/div>\n<\/div>\n<\/div>\n<\/div>\n<\/div>\n\n","protected":false},"excerpt":{"rendered":"","protected":false},"author":1,"featured_media":19779,"parent":0,"menu_order":0,"comment_status":"closed","ping_status":"closed","template":"","meta":{"pgc_sgb_lightbox_settings":"","footnotes":"","_links_to":"","_links_to_target":""},"categories":[86],"class_list":["post-14993","page","type-page","status-publish","has-post-thumbnail","hentry","category-page-informace-pro-pacienty-a-navstevy"],"publishpress_future_action":{"enabled":false,"date":"2026-04-11 04:30:07","action":"change-status","newStatus":"draft","terms":[],"taxonomy":"category","extraData":[]},"publishpress_future_workflow_manual_trigger":{"enabledWorkflows":[]},"_links":{"self":[{"href":"https:\/\/webnemji.azurewebsites.net\/en\/wp-json\/wp\/v2\/pages\/14993","targetHints":{"allow":["GET"]}}],"collection":[{"href":"https:\/\/webnemji.azurewebsites.net\/en\/wp-json\/wp\/v2\/pages"}],"about":[{"href":"https:\/\/webnemji.azurewebsites.net\/en\/wp-json\/wp\/v2\/types\/page"}],"author":[{"embeddable":true,"href":"https:\/\/webnemji.azurewebsites.net\/en\/wp-json\/wp\/v2\/users\/1"}],"replies":[{"embeddable":true,"href":"https:\/\/webnemji.azurewebsites.net\/en\/wp-json\/wp\/v2\/comments?post=14993"}],"version-history":[{"count":0,"href":"https:\/\/webnemji.azurewebsites.net\/en\/wp-json\/wp\/v2\/pages\/14993\/revisions"}],"wp:featuredmedia":[{"embeddable":true,"href":"https:\/\/webnemji.azurewebsites.net\/en\/wp-json\/wp\/v2\/media\/19779"}],"wp:attachment":[{"href":"https:\/\/webnemji.azurewebsites.net\/en\/wp-json\/wp\/v2\/media?parent=14993"}],"wp:term":[{"taxonomy":"category","embeddable":true,"href":"https:\/\/webnemji.azurewebsites.net\/en\/wp-json\/wp\/v2\/categories?post=14993"}],"curies":[{"name":"wp","href":"https:\/\/api.w.org\/{rel}","templated":true}]}}