{"id":15119,"date":"2023-08-02T13:12:45","date_gmt":"2023-08-02T11:12:45","guid":{"rendered":"https:\/\/nemji.azurewebsites.net\/?page_id=15119"},"modified":"2025-04-15T07:38:53","modified_gmt":"2025-04-15T05:38:53","slug":"parkovani-v-arealu","status":"publish","type":"page","link":"https:\/\/webnemji.azurewebsites.net\/en\/informace-pro-pacienty-a-navstevy\/parkovani-v-arealu\/","title":{"rendered":"Parking in the Hospital area"},"content":{"rendered":"<div id=\"cmsmasters_row_0b6bd5f67e\" class=\"cmsmasters_row cmsmasters_color_scheme_default heroblocks cmsmasters_row_top_default cmsmasters_row_bot_default cmsmasters_row_boxed\">\n<div id=\"heroboxes\" class=\"cmsmasters_row_outer_parent\">\n<div class=\"cmsmasters_row_overlay\"><\/div>\n<div class=\"cmsmasters_row_outer\">\n<div class=\"cmsmasters_row_inner\">\n<div class=\"cmsmasters_row_margin\">\n<div id=\"cmsmasters_column_b6d3203234\" class=\"cmsmasters_column one_first\">\n<div class=\"cmsmasters_column_inner\"><div id=\"cmsmasters_heading_a82262ad0f\" class=\"cmsmasters_heading_wrap cmsmasters_heading_align_center pageheadingtitle\" data-animation=\"fadeIn\" data-delay=\"100\">\n\t<h1 class=\"cmsmasters_heading\">Informace pro pacienty a n\u00e1v\u0161t\u011bvy<\/h1>\n<\/div><div id=\"cmsmasters_heading_u6dbsanidw\" class=\"cmsmasters_heading_wrap cmsmasters_heading_align_center\" data-animation=\"fadeIn\" data-delay=\"150\">\n\t<h3 class=\"cmsmasters_heading\">Parkov\u00e1n\u00ed v are\u00e1lu<\/h3>\n<\/div>\n<\/div><\/div>\n<\/div>\n<\/div>\n<\/div>\n<\/div>\n<\/div>\n<div id=\"cmsmasters_row_osumb9ba6w\" class=\"cmsmasters_row cmsmasters_color_scheme_default cmsmasters_row_top_default cmsmasters_row_bot_default cmsmasters_row_boxed\">\n<div class=\"cmsmasters_row_outer_parent\">\n<div class=\"cmsmasters_row_outer\">\n<div class=\"cmsmasters_row_inner\">\n<div class=\"cmsmasters_row_margin\">\n<div id=\"cmsmasters_column_559k5019d\" class=\"cmsmasters_column one_first\">\n<div class=\"cmsmasters_column_inner\"><div class=\"cmsmasters_text\">\n<p><nav aria-label=\"breadcrumbs\">\n            <div class=\"breadcrumb-container theme1\">\n                <ol>\n                                    <\/ol>\n            <\/div>\n        <\/nav>    <script type=\"application\/ld+json\">\n        {\n            \"@context\": \"http:\/\/schema.org\",\n            \"@type\": \"BreadcrumbList\",\n            \"itemListElement\": [\n                            ]\n        }\n    <\/script>\n   \n    <script>\n            <\/script>\n<\/p>\n<\/div>\n<\/div><\/div>\n<\/div>\n<\/div>\n<\/div>\n<\/div>\n<\/div>\n<div id=\"cmsmasters_row_7c1c11db73\" class=\"cmsmasters_row cmsmasters_color_scheme_default responsive-sidebar-padding cmsmasters_row_top_default cmsmasters_row_bot_default cmsmasters_row_boxed\">\n<div class=\"cmsmasters_row_outer_parent\">\n<div class=\"cmsmasters_row_outer\">\n<div class=\"cmsmasters_row_inner\">\n<div class=\"cmsmasters_row_margin\">\n<div id=\"cmsmasters_column_18105c8427\" class=\"cmsmasters_column one_third stickyinfocolumn\">\n<div class=\"cmsmasters_column_inner\"><div id=\"cmsmasters_heading_06oshyxaep\" class=\"cmsmasters_heading_wrap cmsmasters_heading_align_center\">\n\t<h3 class=\"cmsmasters_heading\">Informace pro pacienty a n\u00e1v\u0161t\u011bvy<\/h3>\n<\/div>\n<div id=\"cmsmasters_divider_fk418hu6k\" class=\"cmsmasters_divider cmsmasters_divider_width_short cmsmasters_divider_pos_center\"><\/div>\n<div class=\"cmsmasters_sidebar sidebar_layout_11 sidebar-custom-menu\"><aside id=\"nav_menu-3\" class=\"widget widget_nav_menu\"><div class=\"menu-informace-pro-pacienty-a-navstevy-container\"><ul id=\"menu-informace-pro-pacienty-a-navstevy\" class=\"menu\"><li id=\"menu-item-21858\" class=\"static-link menu-item menu-item-type-post_type menu-item-object-page menu-item-21858\"><a href=\"https:\/\/webnemji.azurewebsites.net\/en\/informace-pro-pacienty-a-navstevy\/\" data-ps2id-api=\"true\"><i class=\"fa-solid fa-circle-info\"><\/i> Informace pro pacienty<\/a><\/li>\n<li id=\"menu-item-15322\" class=\"static-link menu-item menu-item-type-post_type menu-item-object-page menu-item-15322\"><a href=\"https:\/\/webnemji.azurewebsites.net\/en\/informace-pro-pacienty-a-navstevy\/jak-se-k-nam-dostanete\/\" data-ps2id-api=\"true\"><i class=\"fa-solid fa-bus\"><\/i>Jak se k n\u00e1m dostanete<\/a><\/li>\n<li id=\"menu-item-15321\" class=\"static-link menu-item menu-item-type-post_type menu-item-object-page menu-item-15321\"><a href=\"https:\/\/webnemji.azurewebsites.net\/en\/informace-pro-pacienty-a-navstevy\/parkovani-v-arealu\/\" data-ps2id-api=\"true\"><i class=\"fa-solid fa-square-parking\"><\/i>Parkov\u00e1n\u00ed v are\u00e1lu<\/a><\/li>\n<li id=\"menu-item-33179\" class=\"static-link menu-item menu-item-type-post_type menu-item-object-page menu-item-33179\"><a href=\"https:\/\/webnemji.azurewebsites.net\/en\/informace-pro-pacienty-a-navstevy\/aktualni-stav-parkovist\/\" data-ps2id-api=\"true\"><i class=\"fa-solid fa-square-parking\"><\/i>Aktu\u00e1ln\u00ed stav parkovi\u0161\u0165<\/a><\/li>\n<li id=\"menu-item-15323\" class=\"static-link menu-item menu-item-type-post_type menu-item-object-page menu-item-15323\"><a href=\"https:\/\/webnemji.azurewebsites.net\/en\/informace-pro-pacienty-a-navstevy\/orientacni-plan-nemocnice\/\" data-ps2id-api=\"true\"><i class=\"fa-solid fa-map-location-dot\"><\/i>Orienta\u010dn\u00ed pl\u00e1n nemocnice<\/a><\/li>\n<li id=\"menu-item-15318\" class=\"static-link menu-item menu-item-type-post_type menu-item-object-page menu-item-15318\"><a href=\"https:\/\/webnemji.azurewebsites.net\/en\/informace-pro-pacienty-a-navstevy\/zubni-pohotovost\/\" data-ps2id-api=\"true\"><i class=\"fa-solid fa-tooth\"><\/i>Zubn\u00ed pohotovost<\/a><\/li>\n<li id=\"menu-item-27984\" class=\"static-link menu-item menu-item-type-post_type menu-item-object-page menu-item-27984\"><a href=\"https:\/\/webnemji.azurewebsites.net\/en\/oddeleni\/gynekologicko-porodnicke-oddeleni\/porodnice\/\" data-ps2id-api=\"true\"><i class=\"fa-solid fa-baby\"><\/i> Porodnice<\/a><\/li>\n<li id=\"menu-item-34869\" class=\"menu-item menu-item-type-custom menu-item-object-custom menu-item-34869\"><a href=\"\/informace-pro-pacienty-a-navstevy\/lekarska-pohotovostni-sluzba\/\" data-ps2id-api=\"true\"><i class=\"fa-solid fa-hospital\"><\/i>L\u00e9ka\u0159sk\u00e1 pohotovostn\u00ed slu\u017eba<\/a><\/li>\n<li id=\"menu-item-15319\" class=\"static-link menu-item menu-item-type-post_type menu-item-object-page menu-item-15319\"><a href=\"https:\/\/webnemji.azurewebsites.net\/en\/informace-pro-pacienty-a-navstevy\/lekarenska-pohotovost\/\" data-ps2id-api=\"true\"><i class=\"fa-solid fa-prescription-bottle-medical\"><\/i>L\u00e9k\u00e1rensk\u00e1 pohotovost<\/a><\/li>\n<li id=\"menu-item-15320\" class=\"static-link menu-item menu-item-type-post_type menu-item-object-page menu-item-15320\"><a href=\"https:\/\/webnemji.azurewebsites.net\/en\/informace-pro-pacienty-a-navstevy\/dopravni-zdravotni-sluzba\/\" data-ps2id-api=\"true\"><i class=\"fa-solid fa-truck-medical\"><\/i>Dopravn\u00ed zdravotn\u00ed slu\u017eba<\/a><\/li>\n<li id=\"menu-item-31041\" class=\"static-link menu-item menu-item-type-custom menu-item-object-custom menu-item-31041\"><a href=\"\/informace-pro-pacienty-a-navstevy\/pokladna\/\" data-ps2id-api=\"true\"><i class=\"fa-solid fa-cash-register\"><\/i>Pokladna<\/a><\/li>\n<li id=\"menu-item-15388\" class=\"static-link menu-item menu-item-type-post_type menu-item-object-page menu-item-15388\"><a href=\"https:\/\/webnemji.azurewebsites.net\/en\/informace-pro-pacienty-a-navstevy\/prava-pacienta\/\" data-ps2id-api=\"true\"><i class=\"fa-solid fa-scale-balanced\"><\/i>Pr\u00e1va pacienta<\/a><\/li>\n<li id=\"menu-item-20717\" class=\"static-link menu-item menu-item-type-post_type menu-item-object-page menu-item-20717\"><a href=\"https:\/\/webnemji.azurewebsites.net\/en\/informace-pro-pacienty-a-navstevy\/cenik\/\" data-ps2id-api=\"true\"><i class=\"fa-solid fa-coins\"><\/i> Cen\u00edk<\/a><\/li>\n<li id=\"menu-item-30314\" class=\"static-link menu-item menu-item-type-custom menu-item-object-custom menu-item-30314\"><a href=\"\/informace-pro-pacienty-a-navstevy\/paliativni-pece-v-jihlavske-nemocnici\/\" data-ps2id-api=\"true\"><i class=\"fa-solid fa-handshake-angle\"><\/i>Paliativn\u00ed p\u00e9\u010de v nemocnici<\/a><\/li>\n<li id=\"menu-item-30988\" class=\"static-link menu-item menu-item-type-custom menu-item-object-custom menu-item-30988\"><a href=\"\/oddeleni\/centrum-sp-pece\/dobrovolnici\/\" data-ps2id-api=\"true\"><i class=\"fa-solid fa-hand-holding-heart\"><\/i> Dobrovoln\u00edci v Nemocnici Jihlava<\/a><\/li>\n<li id=\"menu-item-31309\" class=\"static-link menu-item menu-item-type-post_type menu-item-object-page menu-item-31309\"><a href=\"https:\/\/webnemji.azurewebsites.net\/en\/informace-pro-pacienty-a-navstevy\/informace-pro-neslysici\/\" data-ps2id-api=\"true\"><i class=\"fa-solid fa-ear-deaf\"><\/i> Informace pro nesly\u0161\u00edc\u00ed<\/a><\/li>\n<li id=\"menu-item-15099\" class=\"static-link menu-item menu-item-type-custom menu-item-object-custom menu-item-15099\"><a href=\"\/informace-pro-pacienty-a-navstevy\/informace-pro-pozustale\/\" data-ps2id-api=\"true\"><i class=\"fa-solid fa-cross\"><\/i>Informace pro poz\u016fstal\u00e9<\/a><\/li>\n<li id=\"menu-item-30390\" class=\"static-link menu-item menu-item-type-custom menu-item-object-custom menu-item-30390\"><a href=\"\/oddeleni\/centrum-sp-pece\/duchovni-pece\/\" data-ps2id-api=\"true\"><i class=\"fa-solid fa-cross\"><\/i>Duchovn\u00ed p\u00e9\u010de<\/a><\/li>\n<\/ul><\/div><\/aside><div class=\"cl\"><\/div>\n<\/div>\n<\/div><\/div>\n<div id=\"cmsmasters_column_b598bb73ec\" class=\"cmsmasters_column two_third\">\n<div class=\"cmsmasters_column_inner\"><div id=\"cmsmasters_heading_jqjsxhe4f\" class=\"cmsmasters_heading_wrap cmsmasters_heading_align_left\">\n\t<h2 class=\"cmsmasters_heading\">Parkov\u00e1n\u00ed v are\u00e1lu<\/h2>\n<\/div>\n<div id=\"cmsmasters_divider_bzw2u58xzf\" class=\"cmsmasters_divider cmsmasters_divider_width_short cmsmasters_divider_pos_left\"><\/div>\n<div class=\"cmsmasters_text download-links-small\">\n<p><a href=\"\/informace-pro-pacienty-a-navstevy\/aktualni-stav-parkovist\/\">Aktu\u00e1ln\u00ed stav parkovi\u0161\u0165<\/a><\/p>\n<\/div>\n<div class=\"cmsmasters_text\">\n<h4><strong>Hospitalizovan\u00ed pacienti a dlouhodob\u00e9 st\u00e1n\u00ed<\/strong><\/h4>\n<p style=\"font-weight: 400;\">Auto m\u016f\u017eete zaparkovat v\u00a0lokalit\u011b<strong> P1<\/strong> v are\u00e1lu nemocnice (vjezdy z ulic Rant\u00ed\u0159ovsk\u00e1 a U Cvi\u010di\u0161t\u011b). Zaplatit m\u016f\u017eete v hotovosti v pokladn\u011b p\u0159i odjezdu. Pozor, pouze v t\u00e9to lokalit\u011b je nastaven maxim\u00e1ln\u00ed denn\u00ed limit. V lokalit\u011b <strong>P2<\/strong> a <strong>P3<\/strong> se cena navy\u0161uje ka\u017edou hodinu.<\/p>\n<p>&nbsp;<\/p>\n<h4 style=\"font-weight: 400;\"><strong>Dr\u017eitel\u00e9 pr\u016fkazu ZTP<\/strong><\/h4>\n<p style=\"font-weight: 400;\">Maj\u00ed parkovn\u00e9 zdarma a vy\u0159\u00eddit si ho mohou na Informa\u010dn\u00edm centru \u2013 vestibul hlavn\u00edho vchodu pavilonu A.<\/p>\n<p>&nbsp;<\/p>\n<h4 style=\"font-weight: 400;\"><strong>D\u00e1rci krve\u00a0<\/strong><\/h4>\n<p style=\"font-weight: 400;\">Zdarma st\u00e1n\u00ed maj\u00ed tak\u00e9 d\u00e1rci krve. T\u011bm potvrd\u00ed n\u00e1v\u0161t\u011bvu na hematologii a d\u00e1rci si takt\u00e9\u017e vy\u0159\u00edd\u00ed st\u00e1n\u00ed na Informa\u010dn\u00edm centru.<\/p>\n<p>&nbsp;<\/p>\n<h4 style=\"font-weight: 400;\"><strong>Platba parkovn\u00e9ho<\/strong><\/h4>\n<p style=\"font-weight: 400;\">Pokud chcete doklad o zaplacen\u00ed parkovn\u00e9ho, po p\u0159ilo\u017een\u00ed l\u00edstku V\u00e1m d\u00e1 automat nab\u00eddku, chcete-li vytisknout doklad. P\u0159\u00edpadn\u011b V\u00e1m ho vystav\u00ed tak\u00e9 na informa\u010dn\u00edm centru ve vestibulu u hlavn\u00edho vchodu.<\/p>\n<p style=\"font-weight: 400;\">V automatech <strong>m\u016f\u017eete platit v hotovosti a tak\u00e9 platebn\u00ed kartou<\/strong>. V are\u00e1lu jsou celkem \u010dty\u0159i platebn\u00ed m\u00edsta a kartu lze vyu\u017e\u00edt u Soci\u00e1ln\u00edho centra Kraje Vyso\u010dina a tak\u00e9 na \u00a0parkovi\u0161ti p\u0159ed hlavn\u00edm vchodem do nemocnice.<\/p>\n<p style=\"font-weight: 400;\"><strong>N\u00e1vod k obsluze parkovac\u00edho automatu:<\/strong><\/p>\n<ul>\n<li>Zastavte p\u0159ed vjezdovou z\u00e1vorou.<\/li>\n<li>Stiskn\u011bte tla\u010d\u00edtko pro v\u00fddej parkovac\u00edho l\u00edstku na stojanu.<\/li>\n<li>Odeberte parkovac\u00ed l\u00edstek a pe\u010dliv\u011b jej uschovejte.<\/li>\n<li>Pokra\u010dujte ve vjezdu do are\u00e1lu nemocnice k c\u00edli Va\u0161\u00ed n\u00e1v\u0161t\u011bvy (parkov\u00e1n\u00ed pouze na vyhrazen\u00fdch m\u00edstech).<\/li>\n<li>Vjezd a v\u00fdjezd je vyzna\u010den dopravn\u00edmi zna\u010dkami.<\/li>\n<li>P\u0159ed v\u00fdjezdem z are\u00e1lu nemocnice je nutn\u00e9 u pokladny uhradit parkovn\u00e9.<\/li>\n<li>P\u0159i v\u00fdjezdu z are\u00e1lu nemocnice dojedete k\u00a0v\u00fdjezdov\u00e9mu stojanu, kde pou\u017eijete V\u00e1\u0161 parkovac\u00ed l\u00edstek.<\/li>\n<li>Doba od zaplacen\u00ed do opu\u0161t\u011bn\u00ed are\u00e1lu je 15 minut.<\/li>\n<\/ul>\n<p style=\"text-align: center;\"><div class=\"pgc-sgb-cb wp-block-pgcsimplygalleryblock-grid \" data-gallery-id=\"39b88783\"><div class=\"sgb-preloader\" id=\"pr_39b88783\">\n\t<div class=\"sgb-square\" style=\"background:#d4d4d4\"><\/div>\n\t<div class=\"sgb-square\" style=\"background:#d4d4d4\"><\/div>\n\t<div class=\"sgb-square\" style=\"background:#d4d4d4\"><\/div>\n\t<div class=\"sgb-square\" style=\"background:#d4d4d4\"><\/div><\/div><div class=\"simply-gallery-amp pgc_sgb_slider \"><noscript><div class=\"sgb-gallery\"><div class=\"sgb-item\"><a href=\"https:\/\/webnemji.azurewebsites.net\/terminal2\/\" target=\"_blank\"><img decoding=\"async\" alt=\"\" width=\"233\" height=\"300\" loading=\"lazy\" src=\"\/wp-content\/uploads\/2024\/03\/terminal2-233x300.jpg\" srcset=\"\/wp-content\/uploads\/2024\/03\/terminal2-233x300.jpg 233w,\/wp-content\/uploads\/2024\/03\/terminal2-796x1024.jpg 796w,\/wp-content\/uploads\/2024\/03\/terminal2.jpg 1554w\" sizes=\"auto, 250px\"\/><\/a><\/div><div class=\"sgb-item\"><a href=\"https:\/\/webnemji.azurewebsites.net\/terminal\/\" target=\"_blank\"><img decoding=\"async\" alt=\"termin\u00e1l\" width=\"300\" height=\"224\" loading=\"lazy\" src=\"\/wp-content\/uploads\/2024\/03\/terminal-300x224.jpg\" srcset=\"\/wp-content\/uploads\/2024\/03\/terminal-300x224.jpg 300w,\/wp-content\/uploads\/2024\/03\/terminal-1024x766.jpg 1024w,\/wp-content\/uploads\/2024\/03\/terminal.jpg 1600w\" sizes=\"auto, 250px\"\/><\/a><\/div><\/div><\/noscript><\/div><script type=\"application\/json\" class=\"sgb-data\">{\"collectionColumns\":4,\"thumbHieghtRation\":0.8,\"thumbSpacing\":10,\"thumbMobileSpacing\":10,\"externalLink\":false,\"captions\":false,\"captionHAlign\":\"bottom\",\"collectionthumbHoverTitleFontSize\":16,\"collectionthumbRoundedCorners\":20,\"collectionThumbSubMenuDownload\":false,\"collectionThumbSubMenuShare\":false,\"galleryType\":\"pgc_sgb_grid\",\"galleryId\":\"39b88783\",\"images\":[{\"id\":30248,\"title\":\"terminal2\",\"url\":\"\/wp-content\/uploads\/2024\/03\/terminal2.jpg\",\"link\":\"https:\/\/webnemji.azurewebsites.net\/terminal2\/\",\"alt\":\"\",\"description\":\"\",\"caption\":\"\",\"mime\":\"image\/jpeg\",\"type\":\"image\",\"width\":1554,\"height\":2000,\"sizes\":{\"thumbnail\":{\"height\":150,\"width\":150,\"url\":\"\/wp-content\/uploads\/2024\/03\/terminal2-150x150.jpg\",\"orientation\":\"landscape\"},\"medium\":{\"height\":300,\"width\":233,\"url\":\"\/wp-content\/uploads\/2024\/03\/terminal2-233x300.jpg\",\"orientation\":\"portrait\"},\"large\":{\"height\":1024,\"width\":796,\"url\":\"\/wp-content\/uploads\/2024\/03\/terminal2-796x1024.jpg\",\"orientation\":\"portrait\"},\"full\":{\"url\":\"\/wp-content\/uploads\/2024\/03\/terminal2.jpg\",\"height\":2000,\"width\":1554,\"orientation\":\"portrait\"}},\"imageMeta\":{\"aperture\":\"0\",\"credit\":\"\",\"camera\":\"\",\"caption\":\"\",\"created_timestamp\":\"0\",\"copyright\":\"\",\"focal_length\":\"0\",\"iso\":\"0\",\"shutter_speed\":\"0\",\"title\":\"\",\"orientation\":\"0\",\"keywords\":[]},\"meta\":false,\"postlink\":\"https:\/\/webnemji.azurewebsites.net\/terminal2\/\"},{\"id\":30247,\"title\":\"terminal\",\"url\":\"\/wp-content\/uploads\/2024\/03\/terminal.jpg\",\"link\":\"https:\/\/webnemji.azurewebsites.net\/terminal\/\",\"alt\":\"termin\u00e1l\",\"description\":\"\",\"caption\":\"\",\"mime\":\"image\/jpeg\",\"type\":\"image\",\"width\":1600,\"height\":1197,\"sizes\":{\"thumbnail\":{\"height\":150,\"width\":150,\"url\":\"\/wp-content\/uploads\/2024\/03\/terminal-150x150.jpg\",\"orientation\":\"landscape\"},\"medium\":{\"height\":224,\"width\":300,\"url\":\"\/wp-content\/uploads\/2024\/03\/terminal-300x224.jpg\",\"orientation\":\"landscape\"},\"large\":{\"height\":766,\"width\":1024,\"url\":\"\/wp-content\/uploads\/2024\/03\/terminal-1024x766.jpg\",\"orientation\":\"landscape\"},\"full\":{\"url\":\"\/wp-content\/uploads\/2024\/03\/terminal.jpg\",\"height\":1197,\"width\":1600,\"orientation\":\"landscape\"}},\"imageMeta\":{\"aperture\":\"0\",\"credit\":\"\",\"camera\":\"\",\"caption\":\"\",\"created_timestamp\":\"0\",\"copyright\":\"\",\"focal_length\":\"0\",\"iso\":\"0\",\"shutter_speed\":\"0\",\"title\":\"\",\"orientation\":\"0\",\"keywords\":[]},\"meta\":false,\"postlink\":\"https:\/\/webnemji.azurewebsites.net\/terminal\/\"}],\"shareFacebook\":false,\"shareTwitter\":false,\"sharePinterest\":false,\"sliderItemDownload\":false,\"shareCopyLink\":false,\"sliderItemTitleEnable\":true,\"sliderItemTitleFontSize\":16,\"sliderSlideshow\":false,\"sliderSlideshowDelay\":6,\"sliderSocialShareEnabled\":false,\"TrpContentRestriction\":{\"restriction_type\":\"exclude\",\"selected_languages\":[],\"panel_open\":true},\"itemsMetaDataCollection\":[]}<\/script><script>(function(){if(window.PGC_SGB && window.PGC_SGB.searcher){window.PGC_SGB.searcher.initBlocks()}})()<\/script><\/div>\n<p>&nbsp;<\/p>\n<p><span class=\"ui-provider ec bqv chl ciy ciz cja cjb cjc cjd cje cjf cjg cjh cji cjj cjk cjl cjm cjn cjo cjp cjq cjr cjs cjt cju cjv cjw cjx cjy cjz cka ckb ckc ckd\" dir=\"ltr\">Obsluha parkovac\u00edho syst\u00e9mu: <a href=\"tel:+420734795894\"><strong>+420 734 795 894<\/strong><\/a> (probl\u00e9my s parkov\u00e1n\u00edm).<\/span><\/p>\n<p>&nbsp;<\/p>\n<p><strong>V\u00a0cel\u00e9m are\u00e1lu nemocnice plat\u00ed p\u0159\u00edsn\u00fd z\u00e1kaz st\u00e1n\u00ed na silnic\u00edch mimo vyhrazen\u00e1 parkovi\u0161t\u011b. Pokud nech\u00e1te vozidlo mimo vyhrazen\u00e1 m\u00edsta, hroz\u00ed V\u00e1m odtah vozidla v\u010detn\u011b \u00fahrady v\u0161ech n\u00e1klad\u016f s\u00a0t\u00edm spojen\u00fdch.<\/strong><\/p>\n<\/div>\n<div class=\"aligncenter\"><div class=\"cmsmasters_img  cmsmasters_image_c\"><a href=\"\/wp-content\/uploads\/2023\/08\/mapka_web_park.jpg\" rel=\"ilightbox[img_69d90b8640f50]\"><img decoding=\"async\" src=\"\/wp-content\/uploads\/2023\/08\/mapka_web_park-scaled.jpg\" alt=\"mapka are\u00e1l\" \/><\/a><\/div><\/div>\n<\/div><\/div>\n<\/div>\n<\/div>\n<\/div>\n<\/div>\n<\/div>\n\n","protected":false},"excerpt":{"rendered":"","protected":false},"author":1,"featured_media":19786,"parent":14993,"menu_order":0,"comment_status":"closed","ping_status":"closed","template":"","meta":{"pgc_sgb_lightbox_settings":"","footnotes":"","_links_to":"","_links_to_target":""},"categories":[86],"class_list":["post-15119","page","type-page","status-publish","has-post-thumbnail","hentry","category-page-informace-pro-pacienty-a-navstevy"],"publishpress_future_action":{"enabled":false,"date":"2026-04-17 16:39:02","action":"change-status","newStatus":"draft","terms":[],"taxonomy":"category","extraData":[]},"publishpress_future_workflow_manual_trigger":{"enabledWorkflows":[]},"_links":{"self":[{"href":"https:\/\/webnemji.azurewebsites.net\/en\/wp-json\/wp\/v2\/pages\/15119","targetHints":{"allow":["GET"]}}],"collection":[{"href":"https:\/\/webnemji.azurewebsites.net\/en\/wp-json\/wp\/v2\/pages"}],"about":[{"href":"https:\/\/webnemji.azurewebsites.net\/en\/wp-json\/wp\/v2\/types\/page"}],"author":[{"embeddable":true,"href":"https:\/\/webnemji.azurewebsites.net\/en\/wp-json\/wp\/v2\/users\/1"}],"replies":[{"embeddable":true,"href":"https:\/\/webnemji.azurewebsites.net\/en\/wp-json\/wp\/v2\/comments?post=15119"}],"version-history":[{"count":0,"href":"https:\/\/webnemji.azurewebsites.net\/en\/wp-json\/wp\/v2\/pages\/15119\/revisions"}],"up":[{"embeddable":true,"href":"https:\/\/webnemji.azurewebsites.net\/en\/wp-json\/wp\/v2\/pages\/14993"}],"wp:featuredmedia":[{"embeddable":true,"href":"https:\/\/webnemji.azurewebsites.net\/en\/wp-json\/wp\/v2\/media\/19786"}],"wp:attachment":[{"href":"https:\/\/webnemji.azurewebsites.net\/en\/wp-json\/wp\/v2\/media?parent=15119"}],"wp:term":[{"taxonomy":"category","embeddable":true,"href":"https:\/\/webnemji.azurewebsites.net\/en\/wp-json\/wp\/v2\/categories?post=15119"}],"curies":[{"name":"wp","href":"https:\/\/api.w.org\/{rel}","templated":true}]}}