{"id":15157,"date":"2023-08-02T14:24:31","date_gmt":"2023-08-02T12:24:31","guid":{"rendered":"https:\/\/nemji.azurewebsites.net\/?page_id=15157"},"modified":"2024-02-05T07:45:03","modified_gmt":"2024-02-05T06:45:03","slug":"dopravni-zdravotni-sluzba","status":"publish","type":"page","link":"https:\/\/webnemji.azurewebsites.net\/en\/informace-pro-pacienty-a-navstevy\/dopravni-zdravotni-sluzba\/","title":{"rendered":"Health-Service Transport"},"content":{"rendered":"<div id=\"cmsmasters_row_0b6bd5f67e\" class=\"cmsmasters_row cmsmasters_color_scheme_default heroblocks cmsmasters_row_top_default cmsmasters_row_bot_default cmsmasters_row_boxed\">\n<div id=\"heroboxes\" class=\"cmsmasters_row_outer_parent\">\n<div class=\"cmsmasters_row_overlay\"><\/div>\n<div class=\"cmsmasters_row_outer\">\n<div class=\"cmsmasters_row_inner\">\n<div class=\"cmsmasters_row_margin\">\n<div id=\"cmsmasters_column_b6d3203234\" class=\"cmsmasters_column one_first\">\n<div class=\"cmsmasters_column_inner\"><div id=\"cmsmasters_heading_a82262ad0f\" class=\"cmsmasters_heading_wrap cmsmasters_heading_align_center pageheadingtitle\" data-animation=\"fadeIn\" data-delay=\"100\">\n\t<h1 class=\"cmsmasters_heading\">Informace pro pacienty a n\u00e1v\u0161t\u011bvy<\/h1>\n<\/div><div id=\"cmsmasters_heading_royjz0cx5\" class=\"cmsmasters_heading_wrap cmsmasters_heading_align_center\" data-animation=\"fadeIn\" data-delay=\"150\">\n\t<h3 class=\"cmsmasters_heading\">Dopravn\u00ed zdravotn\u00ed slu\u017eba<\/h3>\n<\/div>\n<\/div><\/div>\n<\/div>\n<\/div>\n<\/div>\n<\/div>\n<\/div>\n<div id=\"cmsmasters_row_k6n9nkl4b7\" class=\"cmsmasters_row cmsmasters_color_scheme_default cmsmasters_row_top_default cmsmasters_row_bot_default cmsmasters_row_boxed\">\n<div class=\"cmsmasters_row_outer_parent\">\n<div class=\"cmsmasters_row_outer\">\n<div class=\"cmsmasters_row_inner\">\n<div class=\"cmsmasters_row_margin\">\n<div id=\"cmsmasters_column_nwuatx1wqo\" class=\"cmsmasters_column one_first\">\n<div class=\"cmsmasters_column_inner\"><div class=\"cmsmasters_text\">\n<p><nav aria-label=\"breadcrumbs\">\n            <div class=\"breadcrumb-container theme1\">\n                <ol>\n                                    <\/ol>\n            <\/div>\n        <\/nav>    <script type=\"application\/ld+json\">\n        {\n            \"@context\": \"http:\/\/schema.org\",\n            \"@type\": \"BreadcrumbList\",\n            \"itemListElement\": [\n                            ]\n        }\n    <\/script>\n   \n    <script>\n            <\/script>\n<\/p>\n<\/div>\n<\/div><\/div>\n<\/div>\n<\/div>\n<\/div>\n<\/div>\n<\/div>\n<div id=\"cmsmasters_row_7c1c11db73\" class=\"cmsmasters_row cmsmasters_color_scheme_default responsive-sidebar-padding cmsmasters_row_top_default cmsmasters_row_bot_default cmsmasters_row_boxed\">\n<div class=\"cmsmasters_row_outer_parent\">\n<div class=\"cmsmasters_row_outer\">\n<div class=\"cmsmasters_row_inner\">\n<div class=\"cmsmasters_row_margin\">\n<div id=\"cmsmasters_column_18105c8427\" class=\"cmsmasters_column one_third stickyinfocolumn\">\n<div class=\"cmsmasters_column_inner\"><div id=\"cmsmasters_heading_06oshyxaep\" class=\"cmsmasters_heading_wrap cmsmasters_heading_align_center\">\n\t<h3 class=\"cmsmasters_heading\">Informace pro pacienty a n\u00e1v\u0161t\u011bvy<\/h3>\n<\/div>\n<div id=\"cmsmasters_divider_fk418hu6k\" class=\"cmsmasters_divider cmsmasters_divider_width_short cmsmasters_divider_pos_center\"><\/div>\n<div class=\"cmsmasters_sidebar sidebar_layout_11 sidebar-custom-menu\"><aside id=\"nav_menu-99\" class=\"widget widget_nav_menu\"><div class=\"menu-informace-pro-pacienty-a-navstevy-container\"><ul id=\"menu-informace-pro-pacienty-a-navstevy\" class=\"menu\"><li id=\"menu-item-21858\" class=\"static-link menu-item menu-item-type-post_type menu-item-object-page menu-item-21858\"><a href=\"https:\/\/webnemji.azurewebsites.net\/en\/informace-pro-pacienty-a-navstevy\/\" data-ps2id-api=\"true\"><i class=\"fa-solid fa-circle-info\"><\/i> Informace pro pacienty<\/a><\/li>\n<li id=\"menu-item-15322\" class=\"static-link menu-item menu-item-type-post_type menu-item-object-page menu-item-15322\"><a href=\"https:\/\/webnemji.azurewebsites.net\/en\/informace-pro-pacienty-a-navstevy\/jak-se-k-nam-dostanete\/\" data-ps2id-api=\"true\"><i class=\"fa-solid fa-bus\"><\/i>Jak se k n\u00e1m dostanete<\/a><\/li>\n<li id=\"menu-item-15321\" class=\"static-link menu-item menu-item-type-post_type menu-item-object-page menu-item-15321\"><a href=\"https:\/\/webnemji.azurewebsites.net\/en\/informace-pro-pacienty-a-navstevy\/parkovani-v-arealu\/\" data-ps2id-api=\"true\"><i class=\"fa-solid fa-square-parking\"><\/i>Parkov\u00e1n\u00ed v are\u00e1lu<\/a><\/li>\n<li id=\"menu-item-33179\" class=\"static-link menu-item menu-item-type-post_type menu-item-object-page menu-item-33179\"><a href=\"https:\/\/webnemji.azurewebsites.net\/en\/informace-pro-pacienty-a-navstevy\/aktualni-stav-parkovist\/\" data-ps2id-api=\"true\"><i class=\"fa-solid fa-square-parking\"><\/i>Aktu\u00e1ln\u00ed stav parkovi\u0161\u0165<\/a><\/li>\n<li id=\"menu-item-15323\" class=\"static-link menu-item menu-item-type-post_type menu-item-object-page menu-item-15323\"><a href=\"https:\/\/webnemji.azurewebsites.net\/en\/informace-pro-pacienty-a-navstevy\/orientacni-plan-nemocnice\/\" data-ps2id-api=\"true\"><i class=\"fa-solid fa-map-location-dot\"><\/i>Orienta\u010dn\u00ed pl\u00e1n nemocnice<\/a><\/li>\n<li id=\"menu-item-15318\" class=\"static-link menu-item menu-item-type-post_type menu-item-object-page menu-item-15318\"><a href=\"https:\/\/webnemji.azurewebsites.net\/en\/informace-pro-pacienty-a-navstevy\/zubni-pohotovost\/\" data-ps2id-api=\"true\"><i class=\"fa-solid fa-tooth\"><\/i>Zubn\u00ed pohotovost<\/a><\/li>\n<li id=\"menu-item-27984\" class=\"static-link menu-item menu-item-type-post_type menu-item-object-page menu-item-27984\"><a href=\"https:\/\/webnemji.azurewebsites.net\/en\/oddeleni\/gynekologicko-porodnicke-oddeleni\/porodnice\/\" data-ps2id-api=\"true\"><i class=\"fa-solid fa-baby\"><\/i> Porodnice<\/a><\/li>\n<li id=\"menu-item-34869\" class=\"menu-item menu-item-type-custom menu-item-object-custom menu-item-34869\"><a href=\"\/informace-pro-pacienty-a-navstevy\/lekarska-pohotovostni-sluzba\/\" data-ps2id-api=\"true\"><i class=\"fa-solid fa-hospital\"><\/i>L\u00e9ka\u0159sk\u00e1 pohotovostn\u00ed slu\u017eba<\/a><\/li>\n<li id=\"menu-item-15319\" class=\"static-link menu-item menu-item-type-post_type menu-item-object-page menu-item-15319\"><a href=\"https:\/\/webnemji.azurewebsites.net\/en\/informace-pro-pacienty-a-navstevy\/lekarenska-pohotovost\/\" data-ps2id-api=\"true\"><i class=\"fa-solid fa-prescription-bottle-medical\"><\/i>L\u00e9k\u00e1rensk\u00e1 pohotovost<\/a><\/li>\n<li id=\"menu-item-15320\" class=\"static-link menu-item menu-item-type-post_type menu-item-object-page menu-item-15320\"><a href=\"https:\/\/webnemji.azurewebsites.net\/en\/informace-pro-pacienty-a-navstevy\/dopravni-zdravotni-sluzba\/\" data-ps2id-api=\"true\"><i class=\"fa-solid fa-truck-medical\"><\/i>Dopravn\u00ed zdravotn\u00ed slu\u017eba<\/a><\/li>\n<li id=\"menu-item-31041\" class=\"static-link menu-item menu-item-type-custom menu-item-object-custom menu-item-31041\"><a href=\"\/informace-pro-pacienty-a-navstevy\/pokladna\/\" data-ps2id-api=\"true\"><i class=\"fa-solid fa-cash-register\"><\/i>Pokladna<\/a><\/li>\n<li id=\"menu-item-15388\" class=\"static-link menu-item menu-item-type-post_type menu-item-object-page menu-item-15388\"><a href=\"https:\/\/webnemji.azurewebsites.net\/en\/informace-pro-pacienty-a-navstevy\/prava-pacienta\/\" data-ps2id-api=\"true\"><i class=\"fa-solid fa-scale-balanced\"><\/i>Pr\u00e1va pacienta<\/a><\/li>\n<li id=\"menu-item-20717\" class=\"static-link menu-item menu-item-type-post_type menu-item-object-page menu-item-20717\"><a href=\"https:\/\/webnemji.azurewebsites.net\/en\/informace-pro-pacienty-a-navstevy\/cenik\/\" data-ps2id-api=\"true\"><i class=\"fa-solid fa-coins\"><\/i> Cen\u00edk<\/a><\/li>\n<li id=\"menu-item-30314\" class=\"static-link menu-item menu-item-type-custom menu-item-object-custom menu-item-30314\"><a href=\"\/informace-pro-pacienty-a-navstevy\/paliativni-pece-v-jihlavske-nemocnici\/\" data-ps2id-api=\"true\"><i class=\"fa-solid fa-handshake-angle\"><\/i>Paliativn\u00ed p\u00e9\u010de v nemocnici<\/a><\/li>\n<li id=\"menu-item-30988\" class=\"static-link menu-item menu-item-type-custom menu-item-object-custom menu-item-30988\"><a href=\"\/oddeleni\/centrum-sp-pece\/dobrovolnici\/\" data-ps2id-api=\"true\"><i class=\"fa-solid fa-hand-holding-heart\"><\/i> Dobrovoln\u00edci v Nemocnici Jihlava<\/a><\/li>\n<li id=\"menu-item-31309\" class=\"static-link menu-item menu-item-type-post_type menu-item-object-page menu-item-31309\"><a href=\"https:\/\/webnemji.azurewebsites.net\/en\/informace-pro-pacienty-a-navstevy\/informace-pro-neslysici\/\" data-ps2id-api=\"true\"><i class=\"fa-solid fa-ear-deaf\"><\/i> Informace pro nesly\u0161\u00edc\u00ed<\/a><\/li>\n<li id=\"menu-item-15099\" class=\"static-link menu-item menu-item-type-custom menu-item-object-custom menu-item-15099\"><a href=\"\/informace-pro-pacienty-a-navstevy\/informace-pro-pozustale\/\" data-ps2id-api=\"true\"><i class=\"fa-solid fa-cross\"><\/i>Informace pro poz\u016fstal\u00e9<\/a><\/li>\n<li id=\"menu-item-30390\" class=\"static-link menu-item menu-item-type-custom menu-item-object-custom menu-item-30390\"><a href=\"\/oddeleni\/centrum-sp-pece\/duchovni-pece\/\" data-ps2id-api=\"true\"><i class=\"fa-solid fa-cross\"><\/i>Duchovn\u00ed p\u00e9\u010de<\/a><\/li>\n<\/ul><\/div><\/aside><div class=\"cl\"><\/div>\n<\/div>\n<\/div><\/div>\n<div id=\"cmsmasters_column_b598bb73ec\" class=\"cmsmasters_column two_third\">\n<div class=\"cmsmasters_column_inner\"><div id=\"cmsmasters_heading_mtegi3s8uz\" class=\"cmsmasters_heading_wrap cmsmasters_heading_align_left\">\n\t<h2 class=\"cmsmasters_heading\">Dopravn\u00ed zdravotn\u00ed slu\u017eba<\/h2>\n<\/div>\n<div id=\"cmsmasters_divider_wgehynn8ob\" class=\"cmsmasters_divider cmsmasters_divider_width_short cmsmasters_divider_pos_left\"><\/div>\n<div class=\"cmsmasters_text page-custom-content\">\n<p><img loading=\"lazy\" decoding=\"async\" class=\"clearfloat alignleft wp-image-15158\" src=\"\/wp-content\/uploads\/2023\/08\/Image.png\" alt=\"\" width=\"183\" height=\"170\" srcset=\"\/wp-content\/uploads\/2023\/08\/Image.png 690w, \/wp-content\/uploads\/2023\/08\/Image-300x279.png 300w, \/wp-content\/uploads\/2023\/08\/Image-580x540.png 580w\" sizes=\"auto, (max-width: 183px) 100vw, 183px\" \/><\/p>\n<div>Od. 1. ledna 2023 jsme p\u0159evzali od Oblastn\u00edho spolku \u010cesk\u00e9ho \u010derven\u00e9ho k\u0159\u00ed\u017ee Jihlava provozov\u00e1n\u00ed slu\u017eeb dopravn\u00ed zdravotn\u00ed slu\u017eby.<\/div>\n<div>Prostory dispe\u010dinku i sanitek z\u016fst\u00e1vaj\u00ed na p\u016fvodn\u00edm m\u00edst\u011b.<\/div>\n<p>&nbsp;<\/p>\n<div>\n<p><span class=\"zvyrazneni\"><strong>Objedn\u00e1n\u00ed sanitek:<\/strong> +420 567 157 945,\u00a0<\/span><span class=\"zvyrazneni\"> +420 705 831 705<\/span><\/p>\n<\/div>\n<p>&nbsp;<\/p>\n<\/div>\n<div class=\"aligncenter\"><div class=\"cmsmasters_img  cmsmasters_image_c\"><a href=\"\/wp-content\/uploads\/2023\/08\/Snimek-obrazovky-2023-08-02-142657.png\" rel=\"ilightbox[img_69ecbce91d879]\"><img decoding=\"async\" src=\"\/wp-content\/uploads\/2023\/08\/Snimek-obrazovky-2023-08-02-142657.png\" alt=\"mapka\" \/><\/a><\/div><\/div><div class=\"cmsmasters_text page-custom-content\">\n<p>&nbsp;<\/p>\n<h4><strong>Kontaktn\u00ed \u00fadaje:<\/strong><\/h4>\n<div>Dopravn\u00ed zdravotn\u00ed slu\u017eba Nemocnice Jihlava<\/div>\n<div>I\u010cO: 00090638<\/div>\n<div>Vrchlick\u00e9ho 59<\/div>\n<div>586 01 Jihlava<\/div>\n<div>Tel. + 420 567 157 945<\/div>\n<div>Mobil: +420 705 831 705<\/div>\n<div>email: dispecink@nemji.cz<\/div>\n<p>&nbsp;<\/p>\n<h4><strong>Vedouc\u00ed dopravn\u00ed zdravotn\u00ed slu\u017eby<\/strong><\/h4>\n<div>Kamil Vl\u010dek<\/div>\n<div>Tel: +420 567 157 946<\/div>\n<div>\u00a0 \u00a0 \u00a0 \u00a0 +420 705 831 687<\/div>\n<div>email: vlcekk@nemji.cz<\/div>\n<\/div>\n<\/div><\/div>\n<\/div>\n<\/div>\n<\/div>\n<\/div>\n<\/div>\n\n","protected":false},"excerpt":{"rendered":"","protected":false},"author":1,"featured_media":19780,"parent":14993,"menu_order":0,"comment_status":"closed","ping_status":"closed","template":"","meta":{"pgc_sgb_lightbox_settings":"","footnotes":"","_links_to":"","_links_to_target":""},"categories":[86],"class_list":["post-15157","page","type-page","status-publish","has-post-thumbnail","hentry","category-page-informace-pro-pacienty-a-navstevy"],"publishpress_future_action":{"enabled":false,"date":"2026-05-02 15:08:57","action":"change-status","newStatus":"draft","terms":[],"taxonomy":"category","extraData":[]},"publishpress_future_workflow_manual_trigger":{"enabledWorkflows":[]},"_links":{"self":[{"href":"https:\/\/webnemji.azurewebsites.net\/en\/wp-json\/wp\/v2\/pages\/15157","targetHints":{"allow":["GET"]}}],"collection":[{"href":"https:\/\/webnemji.azurewebsites.net\/en\/wp-json\/wp\/v2\/pages"}],"about":[{"href":"https:\/\/webnemji.azurewebsites.net\/en\/wp-json\/wp\/v2\/types\/page"}],"author":[{"embeddable":true,"href":"https:\/\/webnemji.azurewebsites.net\/en\/wp-json\/wp\/v2\/users\/1"}],"replies":[{"embeddable":true,"href":"https:\/\/webnemji.azurewebsites.net\/en\/wp-json\/wp\/v2\/comments?post=15157"}],"version-history":[{"count":0,"href":"https:\/\/webnemji.azurewebsites.net\/en\/wp-json\/wp\/v2\/pages\/15157\/revisions"}],"up":[{"embeddable":true,"href":"https:\/\/webnemji.azurewebsites.net\/en\/wp-json\/wp\/v2\/pages\/14993"}],"wp:featuredmedia":[{"embeddable":true,"href":"https:\/\/webnemji.azurewebsites.net\/en\/wp-json\/wp\/v2\/media\/19780"}],"wp:attachment":[{"href":"https:\/\/webnemji.azurewebsites.net\/en\/wp-json\/wp\/v2\/media?parent=15157"}],"wp:term":[{"taxonomy":"category","embeddable":true,"href":"https:\/\/webnemji.azurewebsites.net\/en\/wp-json\/wp\/v2\/categories?post=15157"}],"curies":[{"name":"wp","href":"https:\/\/api.w.org\/{rel}","templated":true}]}}