{"id":15337,"date":"2023-08-08T09:53:58","date_gmt":"2023-08-08T07:53:58","guid":{"rendered":"https:\/\/nemji.azurewebsites.net\/?page_id=15337"},"modified":"2023-12-20T11:08:28","modified_gmt":"2023-12-20T10:08:28","slug":"jak-se-k-nam-dostanete","status":"publish","type":"page","link":"https:\/\/webnemji.azurewebsites.net\/en\/o-nemocnici\/jak-se-k-nam-dostanete\/","title":{"rendered":"How to get to us"},"content":{"rendered":"<div id=\"cmsmasters_row_0b6bd5f67e\" class=\"cmsmasters_row cmsmasters_color_scheme_default heroblocks cmsmasters_row_top_default cmsmasters_row_bot_default cmsmasters_row_boxed\">\n<div id=\"heroboxes\" class=\"cmsmasters_row_outer_parent\">\n<div class=\"cmsmasters_row_overlay\"><\/div>\n<div class=\"cmsmasters_row_outer\">\n<div class=\"cmsmasters_row_inner\">\n<div class=\"cmsmasters_row_margin\">\n<div id=\"cmsmasters_column_b6d3203234\" class=\"cmsmasters_column one_first\">\n<div class=\"cmsmasters_column_inner\"><div id=\"cmsmasters_heading_a82262ad0f\" class=\"cmsmasters_heading_wrap cmsmasters_heading_align_center pageheadingtitle\" data-animation=\"fadeIn\" data-delay=\"0\">\n\t<h1 class=\"cmsmasters_heading\">O nemocnici<\/h1>\n<\/div><div id=\"cmsmasters_heading_udui1n0l1i\" class=\"cmsmasters_heading_wrap cmsmasters_heading_align_center\">\n\t<h3 class=\"cmsmasters_heading\">Jak se k n\u00e1m dostanete<\/h3>\n<\/div>\n<\/div><\/div>\n<\/div>\n<\/div>\n<\/div>\n<\/div>\n<\/div>\n<div id=\"cmsmasters_row_ac2m097prh\" class=\"cmsmasters_row cmsmasters_color_scheme_default cmsmasters_row_top_default cmsmasters_row_bot_default cmsmasters_row_boxed\">\n<div class=\"cmsmasters_row_outer_parent\">\n<div class=\"cmsmasters_row_outer\">\n<div class=\"cmsmasters_row_inner\">\n<div class=\"cmsmasters_row_margin\">\n<div id=\"cmsmasters_column_ygtii4wwqb\" class=\"cmsmasters_column one_first\">\n<div class=\"cmsmasters_column_inner\"><div class=\"cmsmasters_text\">\n<p><nav aria-label=\"breadcrumbs\">\n            <div class=\"breadcrumb-container theme1\">\n                <ol>\n                                    <\/ol>\n            <\/div>\n        <\/nav>    <script type=\"application\/ld+json\">\n        {\n            \"@context\": \"http:\/\/schema.org\",\n            \"@type\": \"BreadcrumbList\",\n            \"itemListElement\": [\n                            ]\n        }\n    <\/script>\n   \n    <script>\n            <\/script>\n<\/p>\n<\/div>\n<\/div><\/div>\n<\/div>\n<\/div>\n<\/div>\n<\/div>\n<\/div>\n<div id=\"cmsmasters_row_7c1c11db73\" class=\"cmsmasters_row cmsmasters_color_scheme_default responsive-sidebar-padding cmsmasters_row_top_default cmsmasters_row_bot_default cmsmasters_row_boxed\">\n<div class=\"cmsmasters_row_outer_parent\">\n<div class=\"cmsmasters_row_outer\">\n<div class=\"cmsmasters_row_inner\">\n<div class=\"cmsmasters_row_margin\">\n<div id=\"cmsmasters_column_18105c8427\" class=\"cmsmasters_column one_third stickyinfocolumn\">\n<div class=\"cmsmasters_column_inner\"><div id=\"cmsmasters_heading_06oshyxaep\" class=\"cmsmasters_heading_wrap cmsmasters_heading_align_center\">\n\t<h3 class=\"cmsmasters_heading\">O nemocnici<\/h3>\n<\/div>\n<div id=\"cmsmasters_divider_fk418hu6k\" class=\"cmsmasters_divider cmsmasters_divider_width_short cmsmasters_divider_pos_center\"><\/div>\n<div class=\"cmsmasters_sidebar sidebar_layout_11 sidebar-custom-menu\"><aside id=\"nav_menu-4\" class=\"widget widget_nav_menu\"><div class=\"menu-o-nemocnici-container\"><ul id=\"menu-o-nemocnici\" class=\"menu\"><li id=\"menu-item-15789\" class=\"static-link menu-item menu-item-type-post_type menu-item-object-page menu-item-15789\"><a href=\"https:\/\/webnemji.azurewebsites.net\/en\/o-nemocnici\/\" data-ps2id-api=\"true\"><i class=\"fa-solid fa-circle-info\"><\/i> Z\u00e1kladn\u00ed informace<\/a><\/li>\n<li id=\"menu-item-15339\" class=\"static-link menu-item menu-item-type-post_type menu-item-object-page menu-item-15339\"><a href=\"https:\/\/webnemji.azurewebsites.net\/en\/o-nemocnici\/jak-se-k-nam-dostanete\/\" data-ps2id-api=\"true\"><i class=\"fa-solid fa-bus\"><\/i> Jak se k n\u00e1m dostanete<\/a><\/li>\n<li id=\"menu-item-15351\" class=\"static-link menu-item menu-item-type-post_type menu-item-object-page menu-item-15351\"><a href=\"https:\/\/webnemji.azurewebsites.net\/en\/o-nemocnici\/orientacni-plan-nemocnice\/\" data-ps2id-api=\"true\"><i class=\"fa-solid fa-map-location-dot\"><\/i> Orienta\u010dn\u00ed pl\u00e1n nemocnice<\/a><\/li>\n<li id=\"menu-item-15603\" class=\"static-link menu-item menu-item-type-post_type menu-item-object-page menu-item-15603\"><a href=\"https:\/\/webnemji.azurewebsites.net\/en\/o-nemocnici\/organizacni-struktura\/\" data-ps2id-api=\"true\"><i class=\"fa-solid fa-sitemap\"><\/i> Organiza\u010dn\u00ed struktura<\/a><\/li>\n<li id=\"menu-item-15335\" class=\"static-link menu-item menu-item-type-post_type menu-item-object-page menu-item-15335\"><a href=\"https:\/\/webnemji.azurewebsites.net\/en\/o-nemocnici\/historie-nemocnice\/\" data-ps2id-api=\"true\"><i class=\"fa-solid fa-book-medical\"><\/i> Historie nemocnice<\/a><\/li>\n<li id=\"menu-item-15334\" class=\"static-link menu-item menu-item-type-post_type menu-item-object-page menu-item-15334\"><a href=\"https:\/\/webnemji.azurewebsites.net\/en\/o-nemocnici\/vyrocni-zpravy\/\" data-ps2id-api=\"true\"><i class=\"fa-regular fa-calendar-days\"><\/i> V\u00fdro\u010dn\u00ed zpr\u00e1vy<\/a><\/li>\n<li id=\"menu-item-31370\" class=\"static-link menu-item menu-item-type-custom menu-item-object-custom menu-item-31370\"><a href=\"\/informace-o-prumerne-cekaci-dobe\/\" data-ps2id-api=\"true\"><i class=\"fa-solid fa-circle-info\"><\/i> \u010cekac\u00ed doba na pl\u00e1novan\u00e9 v\u00fdkony a vy\u0161et\u0159en\u00ed<\/a><\/li>\n<li id=\"menu-item-31374\" class=\"menu-item menu-item-type-custom menu-item-object-custom menu-item-31374\"><a href=\"\/hodnoceni-cinnosti-traumacentra\/\" data-ps2id-api=\"true\"><i class=\"fa-solid fa-book-medical\"><\/i> Hodnocen\u00ed \u010dinnosti a v\u00fdkonnosti Traumacentra II. typu<\/a><\/li>\n<li id=\"menu-item-22171\" class=\"menu-custom-separator menu-item menu-item-type-custom menu-item-object-custom menu-item-22171\"><hr class=\"mhm-menu-separator\"><\/li>\n<li id=\"menu-item-29142\" class=\"static-link menu-item menu-item-type-custom menu-item-object-custom menu-item-29142\"><a href=\"\/o-nemocnici\/evropske-fondy\/\" data-ps2id-api=\"true\"><i class=\"fa-solid fa-euro-sign\"><\/i> Evropsk\u00e9 fondy<\/a><\/li>\n<li id=\"menu-item-15788\" class=\"static-link menu-item menu-item-type-post_type menu-item-object-page menu-item-15788\"><a href=\"https:\/\/webnemji.azurewebsites.net\/en\/o-nemocnici\/zpracovavane-osobni-udaje\/\" data-ps2id-api=\"true\"><i class=\"fa-solid fa-lock\"><\/i> Zpracov\u00e1van\u00e9 osobn\u00ed \u00fadaje<\/a><\/li>\n<li id=\"menu-item-27819\" class=\"static-link menu-item menu-item-type-post_type menu-item-object-page menu-item-27819\"><a href=\"https:\/\/webnemji.azurewebsites.net\/en\/o-nemocnici\/ombudsman\/\" data-ps2id-api=\"true\"><i class=\"fa-solid fa-user-shield\"><\/i> Nemocni\u010dn\u00ed ombudsman<\/a><\/li>\n<li id=\"menu-item-25702\" class=\"static-link menu-item menu-item-type-post_type menu-item-object-page menu-item-25702\"><a href=\"https:\/\/webnemji.azurewebsites.net\/en\/o-nemocnici\/whistleblowing\/\" data-ps2id-api=\"true\"><i class=\"fa-solid fa-bullhorn\"><\/i> Whistleblowing<\/a><\/li>\n<li id=\"menu-item-26755\" class=\"static-link menu-item menu-item-type-post_type menu-item-object-page menu-item-26755\"><a href=\"https:\/\/webnemji.azurewebsites.net\/en\/oddeleni\/ict\/kyberbezpecnost\/\" data-ps2id-api=\"true\"><i class=\"fa-solid fa-shield-halved\"><\/i> Kyberbezpe\u010dnost<\/a><\/li>\n<li id=\"menu-item-27077\" class=\"static-link menu-item menu-item-type-post_type menu-item-object-page menu-item-27077\"><a href=\"https:\/\/webnemji.azurewebsites.net\/en\/o-nemocnici\/povinne-zverejnovane-informace\/\" data-ps2id-api=\"true\"><i class=\"fa-solid fa-info\"><\/i> Povinn\u011b zve\u0159ej\u0148ovan\u00e9 informace<\/a><\/li>\n<li id=\"menu-item-28025\" class=\"static-link menu-item menu-item-type-post_type menu-item-object-page menu-item-28025\"><a href=\"https:\/\/webnemji.azurewebsites.net\/en\/o-nemocnici\/kamerovy-system\/\" data-ps2id-api=\"true\"><i class=\"fa-solid fa-video\"><\/i> Kamerov\u00fd syst\u00e9m<\/a><\/li>\n<\/ul><\/div><\/aside><div class=\"cl\"><\/div>\n<\/div>\n<\/div><\/div>\n<div id=\"cmsmasters_column_b598bb73ec\" class=\"cmsmasters_column two_third\">\n<div class=\"cmsmasters_column_inner\"><div id=\"cmsmasters_heading_dsxtbrx09n\" class=\"cmsmasters_heading_wrap cmsmasters_heading_align_left page-title\">\n\t<h2 class=\"cmsmasters_heading\">Jak se k n\u00e1m dostanete<\/h2>\n<\/div>\n<div id=\"cmsmasters_divider_3gbjj94juf\" class=\"cmsmasters_divider cmsmasters_divider_width_short cmsmasters_divider_pos_left\"><\/div>\n<div class=\"cmsmasters_text page-custom-content\">\n<h4><strong>Z D1<\/strong><\/h4>\n<p style=\"padding-left: 40px;\">&#8211; EXIT 112 \u2013 silnice \u010d. 38 \u2013 sje\u010fte do ulice Vrchlick\u00e9ho ve sm\u011bru na centrum, nemocnici budete m\u00edt po prav\u00e9 ruce.<\/p>\n<p>&nbsp;<\/p>\n<h4><strong>Z autobusov\u00e9ho n\u00e1dra\u017e\u00ed<\/strong><\/h4>\n<p style=\"padding-left: 40px;\">&#8211; trolejbusem B (4 minuty, 3 zast\u00e1vky) ze zast\u00e1vky <em>17. listopadu<\/em> do zast\u00e1vky\u00a0<em>Nemocnice Jihlava.<\/em><\/p>\n<p style=\"padding-left: 40px;\"><a href=\"https:\/\/idos.idnes.cz\/jihlava\/spojeni\/vysledky\/?f=Jihlava,%2017.%20listopadu&amp;fc=8&amp;t=Nemocnice%20Jihlava&amp;tc=341003\" target=\"_blank\" rel=\"noopener\"><strong>Spoje dle IDOSU.<\/strong><\/a><\/p>\n<p>&nbsp;<\/p>\n<h4><strong>Z vlakov\u00e9ho n\u00e1dra\u017e\u00ed<\/strong><\/h4>\n<p style=\"padding-left: 40px;\">&#8211; trolejbusem B (23 minut, 17 zast\u00e1vek) ze zast\u00e1vky <em>Hlavn\u00ed n\u00e1dra\u017e\u00ed \u010cD<\/em>\u00a0do zast\u00e1vky\u00a0<em>Nemocnice Jihlava.<\/em><\/p>\n<p style=\"padding-left: 40px;\"><a href=\"https:\/\/idos.idnes.cz\/jihlava\/spojeni\/vysledky\/?f=Hlavn%C3%AD%20n%C3%A1dra%C5%BE%C3%AD&amp;fc=341003&amp;t=Nemocnice%20Jihlava&amp;tc=341003\" target=\"_blank\" rel=\"noopener\"><strong>Spoje dle IDOSU.<\/strong><\/a><\/p>\n<p>&nbsp;<\/p>\n<p>Informace ohledn\u011b parkov\u00e1n\u00ed naleznete na str\u00e1nce <a href=\"\/informace-pro-pacienty-a-navstevy\/parkovani-v-arealu\/\"><strong>Parkov\u00e1n\u00ed v are\u00e1lu<\/strong><\/a>.<\/p>\n<\/div>\n<\/div><\/div>\n<\/div>\n<\/div>\n<\/div>\n<\/div>\n<\/div>\n\n","protected":false},"excerpt":{"rendered":"","protected":false},"author":1,"featured_media":19775,"parent":529,"menu_order":0,"comment_status":"closed","ping_status":"closed","template":"","meta":{"pgc_sgb_lightbox_settings":"","footnotes":"","_links_to":"","_links_to_target":""},"categories":[87],"class_list":["post-15337","page","type-page","status-publish","has-post-thumbnail","hentry","category-page-o-nemocnici"],"publishpress_future_action":{"enabled":false,"date":"2026-04-28 11:25:23","action":"change-status","newStatus":"draft","terms":[],"taxonomy":"category","extraData":[]},"publishpress_future_workflow_manual_trigger":{"enabledWorkflows":[]},"_links":{"self":[{"href":"https:\/\/webnemji.azurewebsites.net\/en\/wp-json\/wp\/v2\/pages\/15337","targetHints":{"allow":["GET"]}}],"collection":[{"href":"https:\/\/webnemji.azurewebsites.net\/en\/wp-json\/wp\/v2\/pages"}],"about":[{"href":"https:\/\/webnemji.azurewebsites.net\/en\/wp-json\/wp\/v2\/types\/page"}],"author":[{"embeddable":true,"href":"https:\/\/webnemji.azurewebsites.net\/en\/wp-json\/wp\/v2\/users\/1"}],"replies":[{"embeddable":true,"href":"https:\/\/webnemji.azurewebsites.net\/en\/wp-json\/wp\/v2\/comments?post=15337"}],"version-history":[{"count":0,"href":"https:\/\/webnemji.azurewebsites.net\/en\/wp-json\/wp\/v2\/pages\/15337\/revisions"}],"up":[{"embeddable":true,"href":"https:\/\/webnemji.azurewebsites.net\/en\/wp-json\/wp\/v2\/pages\/529"}],"wp:featuredmedia":[{"embeddable":true,"href":"https:\/\/webnemji.azurewebsites.net\/en\/wp-json\/wp\/v2\/media\/19775"}],"wp:attachment":[{"href":"https:\/\/webnemji.azurewebsites.net\/en\/wp-json\/wp\/v2\/media?parent=15337"}],"wp:term":[{"taxonomy":"category","embeddable":true,"href":"https:\/\/webnemji.azurewebsites.net\/en\/wp-json\/wp\/v2\/categories?post=15337"}],"curies":[{"name":"wp","href":"https:\/\/api.w.org\/{rel}","templated":true}]}}