{"id":16545,"date":"2023-08-21T14:07:06","date_gmt":"2023-08-21T12:07:06","guid":{"rendered":"https:\/\/nemji.azurewebsites.net\/template\/?page_id=16545"},"modified":"2024-06-11T09:05:40","modified_gmt":"2024-06-11T07:05:40","slug":"historie-oddeleni","status":"publish","type":"page","link":"https:\/\/webnemji.azurewebsites.net\/en\/oddeleni\/pediatricke-oddeleni\/historie-oddeleni\/","title":{"rendered":"Department history"},"content":{"rendered":"<div id=\"cmsmasters_row_6iluctg3hk\" class=\"cmsmasters_row cmsmasters_color_scheme_default cmsmasters_row_top_default cmsmasters_row_bot_default cmsmasters_row_boxed\">\n<div class=\"cmsmasters_row_outer_parent\">\n<div class=\"cmsmasters_row_overlay\"><\/div>\n<div class=\"cmsmasters_row_outer\">\n<div class=\"cmsmasters_row_inner\">\n<div class=\"cmsmasters_row_margin\">\n<div id=\"cmsmasters_column_sybg7he2sg\" class=\"cmsmasters_column one_first\">\n<div class=\"cmsmasters_column_inner\"><div id=\"cmsmasters_heading_b3c74b95a0\" class=\"cmsmasters_heading_wrap cmsmasters_heading_align_center pageheadingtitle\">\n\t<h1 class=\"cmsmasters_heading\">Pediatrick\u00e9 odd\u011blen\u00ed<\/h1>\n<\/div>\n<\/div><\/div>\n<\/div>\n<\/div>\n<\/div>\n<\/div>\n<\/div>\n<div id=\"cmsmasters_row_ly5ze1hf8e\" class=\"cmsmasters_row cmsmasters_color_scheme_default cmsmasters_row_top_default cmsmasters_row_bot_default cmsmasters_row_boxed\">\n<div class=\"cmsmasters_row_outer_parent\">\n<div class=\"cmsmasters_row_outer\">\n<div class=\"cmsmasters_row_inner\">\n<div class=\"cmsmasters_row_margin\">\n<div id=\"cmsmasters_column_v67ee6nvg7\" class=\"cmsmasters_column one_first\">\n<div class=\"cmsmasters_column_inner\"><div class=\"cmsmasters_text\">\n<p><nav aria-label=\"breadcrumbs\">\n            <div class=\"breadcrumb-container theme1\">\n                <ol>\n                                    <\/ol>\n            <\/div>\n        <\/nav>    <script type=\"application\/ld+json\">\n        {\n            \"@context\": \"http:\/\/schema.org\",\n            \"@type\": \"BreadcrumbList\",\n            \"itemListElement\": [\n                            ]\n        }\n    <\/script>\n   \n    <script>\n            <\/script>\n<\/p>\n<\/div>\n<\/div><\/div>\n<\/div>\n<\/div>\n<\/div>\n<\/div>\n<\/div>\n<div id=\"cmsmasters_row_3f2f8816dd\" class=\"cmsmasters_row cmsmasters_color_scheme_default cmsmasters_row_top_default cmsmasters_row_bot_default cmsmasters_row_boxed\">\n<div class=\"cmsmasters_row_outer_parent\">\n<div class=\"cmsmasters_row_outer\">\n<div class=\"cmsmasters_row_inner\">\n<div class=\"cmsmasters_row_margin\">\n<div id=\"cmsmasters_column_0a1c5940f5\" class=\"cmsmasters_column one_third stickyinfocolumn\">\n<div class=\"cmsmasters_column_inner\"><div id=\"cmsmasters_heading_rva6m2t32d\" class=\"cmsmasters_heading_wrap cmsmasters_heading_align_center\">\n\t<h3 class=\"cmsmasters_heading\">Informace o odd\u011blen\u00ed<\/h3>\n<\/div>\n<div id=\"cmsmasters_divider_dpp34mcdj5\" class=\"cmsmasters_divider cmsmasters_divider_width_short cmsmasters_divider_pos_center\"><\/div>\n<div class=\"cmsmasters_sidebar sidebar_layout_11 sidebar-custom-menu\"><aside id=\"nav_menu-6\" class=\"widget widget_nav_menu\"><div class=\"menu-oddeleni-pediatrie-container\"><ul id=\"menu-oddeleni-pediatrie\" class=\"menu\"><li id=\"menu-item-16346\" class=\"menu-item menu-item-type-custom menu-item-object-custom menu-item-16346\"><a href=\"\/oddeleni\/pediatricke-oddeleni\/#popis-oddeleni\" data-ps2id-api=\"true\"><i class=\"fa-solid fa-info\"><\/i> Popis odd\u011blen\u00ed<\/a><\/li>\n<li id=\"menu-item-16347\" class=\"menu-item menu-item-type-custom menu-item-object-custom menu-item-16347\"><a href=\"\/oddeleni\/pediatricke-oddeleni\/#personalni-obsazeni\" data-ps2id-api=\"true\"><i class=\"fa-solid fa-user-doctor\"><\/i> Person\u00e1ln\u00ed obsazen\u00ed<\/a><\/li>\n<li id=\"menu-item-16321\" class=\"menu-item menu-item-type-custom menu-item-object-custom menu-item-16321\"><a href=\"\/oddeleni\/pediatricke-oddeleni\/#oteviraci-hodiny\" data-ps2id-api=\"true\"><i class=\"fa-regular fa-clock\"><\/i> Ordina\u010dn\u00ed hodiny<\/a><\/li>\n<li id=\"menu-item-16323\" class=\"menu-item menu-item-type-custom menu-item-object-custom menu-item-16323\"><a href=\"\/oddeleni\/pediatricke-oddeleni\/#kontaktni-informace\" data-ps2id-api=\"true\"><i class=\"fa-solid fa-phone\"><\/i> Kontaktn\u00ed informace<\/a><\/li>\n<li id=\"menu-item-16322\" class=\"menu-item menu-item-type-custom menu-item-object-custom menu-item-16322\"><a href=\"\/oddeleni\/pediatricke-oddeleni\/#kde-nas-najdete\" data-ps2id-api=\"true\"><i class=\"fa-solid fa-location-dot\"><\/i> Kde n\u00e1s najdete<\/a><\/li>\n<li id=\"menu-item-16395\" class=\"menu-item menu-item-type-custom menu-item-object-custom menu-item-16395\"><a href=\"\/oddeleni\/pediatricke-oddeleni\/#fotogalerie\" data-ps2id-api=\"true\"><i class=\"fa-solid fa-camera\"><\/i> Fotogalerie<\/a><\/li>\n<li id=\"menu-item-16693\" class=\"menu-custom-separator menu-item menu-item-type-custom menu-item-object-custom menu-item-16693\"><hr class=\"mhm-menu-separator\"><\/li>\n<li id=\"menu-item-17589\" class=\"static-link menu-item menu-item-type-custom menu-item-object-custom menu-item-17589\"><a href=\"\/oddeleni\/pediatricke-oddeleni\/pediatricke-ambulance\/\" data-ps2id-api=\"true\"><i class=\"fa-solid fa-house-medical\"><\/i> Ambulance<\/a><\/li>\n<li id=\"menu-item-22007\" class=\"static-link menu-item menu-item-type-custom menu-item-object-custom menu-item-22007\"><a href=\"\/oddeleni\/pediatricke-oddeleni\/luzkova-cast\/\" data-ps2id-api=\"true\"><i class=\"fa-solid fa-bed\"><\/i> L\u016f\u017ekov\u00e1 \u010d\u00e1st<\/a><\/li>\n<li id=\"menu-item-16688\" class=\"static-link menu-item menu-item-type-custom menu-item-object-custom menu-item-16688\"><a href=\"\/oddeleni\/pediatricke-oddeleni\/informace-pro-rodice\/\" data-ps2id-api=\"true\"><i class=\"fa-regular fa-circle-question\"><\/i> Informace pro rodi\u010de<\/a><\/li>\n<li id=\"menu-item-16689\" class=\"static-link menu-item menu-item-type-custom menu-item-object-custom menu-item-16689\"><a href=\"\/oddeleni\/pediatricke-oddeleni\/nadstandardni-sluzby\/\" data-ps2id-api=\"true\"><i class=\"fa-solid fa-square-plus\"><\/i> Nadstandardn\u00ed slu\u017eby<\/a><\/li>\n<li id=\"menu-item-16690\" class=\"static-link menu-item menu-item-type-custom menu-item-object-custom menu-item-16690\"><a href=\"\/oddeleni\/pediatricke-oddeleni\/historie-oddeleni\/\" data-ps2id-api=\"true\"><i class=\"fa-solid fa-book-medical\"><\/i> Historie odd\u011blen\u00ed<\/a><\/li>\n<\/ul><\/div><\/aside><div class=\"cl\"><\/div>\n<\/div>\n<\/div><\/div>\n<div id=\"cmsmasters_column_k7vlyuz4yq\" class=\"cmsmasters_column two_third\">\n<div class=\"cmsmasters_column_inner\"><div id=\"cmsmasters_heading_n3rky43j47\" class=\"cmsmasters_heading_wrap cmsmasters_heading_align_left\">\n\t<h2 class=\"cmsmasters_heading\">Historie odd\u011blen\u00ed<\/h2>\n<\/div>\n<div id=\"cmsmasters_divider_3anc1dg0za\" class=\"cmsmasters_divider cmsmasters_divider_width_short cmsmasters_divider_pos_left\"><\/div>\n<div class=\"cmsmasters_text\">\n<p style=\"font-weight: 400;\">D\u011btsk\u00e9 odd\u011blen\u00ed jihlavsk\u00e9 nemocnice n\u00e1le\u017eelo k prvn\u00edm zalo\u017een\u00fdm po 2. sv\u011btov\u00e9 v\u00e1lce.<\/p>\n<p style=\"font-weight: 400;\">V\u00a0roce 1945 byla upravena budova, ve kter\u00e9 bylo v letech 1944-45 p\u0159echodn\u011b um\u00edst\u011bno u\u0161n\u00ed odd\u011blen\u00ed. Prim\u00e1\u0159em d\u011btsk\u00e9ho odd\u011blen\u00ed se stal MUDr. Pavel \u0160ev\u010d\u00edk &#8211; \u017e\u00e1k\u00a0\u00a0 slavn\u00e9ho prof. Otakara Teychla. Otev\u0159en\u00ed d\u011btsk\u00e9ho odd\u011blen\u00ed bylo v\u00fdznamn\u00fdm mezn\u00edkem v p\u00e9\u010di o d\u00edt\u011b ve m\u011bst\u011b i v cel\u00e9m jihlavsk\u00e9m okrese.<\/p>\n<p style=\"font-weight: 400;\">MUDr. \u0160ev\u010d\u00edk se ujal \u0159\u00edzen\u00ed p\u00e9\u010de o d\u00edt\u011b nejen v \u00fastavu ale i v ter\u00e9nu, co\u017e se projevilo poklesem d\u011btsk\u00e9 a hlavn\u011b kojeneck\u00e9 \u00famrtnosti. V\u00fdznamnou roli sehr\u00e1ly d\u011btsk\u00e9 odborn\u00e9 poradny, postupn\u011b z\u0159izovan\u00e9 a vydr\u017eovan\u00e9 Okresn\u00ed p\u00e9\u010d\u00ed o d\u011bti a ml\u00e1de\u017e.<\/p>\n<p style=\"font-weight: 400;\">V roce 1953 bylo zprovozn\u011bno nov\u00e9 d\u011btsk\u00e9 odd\u011blen\u00ed postaven\u00e9 z b\u00fdval\u00e9 tisk\u00e1rny o kapacit\u011b 80 l\u016f\u017eek. Budova byla dvouposcho\u010fov\u00e1, v p\u0159\u00edzem\u00ed byla um\u00edst\u011bna ambulance, pokoje l\u00e9ka\u0159\u016f, zdravotn\u00edch sester\u00a0a\u00a0skupina t\u0159\u00ed pokoj\u016f, slou\u017e\u00edc\u00edch jako d\u011btsk\u00e9 u\u0161n\u00ed odd\u011blen\u00ed.<\/p>\n<p style=\"font-weight: 400;\">V 1. poschod\u00ed byli um\u00edst\u011bni kojenci a batolata. Ve 2. poschod\u00ed byly v\u011bt\u0161\u00ed d\u011bti a matky s kojenci. Pojet\u00ed cel\u00e9ho pavilonu bylo velmi modern\u00ed. Budova \u0159e\u0161en\u00e1 boxov\u00fdm zp\u016fsobem vyhovovala tehdej\u0161\u00edm poznatk\u016fm v p\u00e9\u010di o d\u00edt\u011b. Velk\u00fd v\u00fdznam v p\u00e9\u010di o nedono\u0161en\u00e9 a patologick\u00e9 novorozence m\u011bly ob\u011b \u010d\u00e1sti kojeneck\u00e9ho \u00fastavu. Jak d\u011btsk\u00e9 odd\u011blen\u00ed, tak kojeneck\u00fd \u00fastav spolupracoval s krajsk\u00fdm l\u00e9ka\u0159em v p\u00e9\u010di o d\u00edt\u011b MUDr. Alexem Noskem. Prim. MUDr. Pavel \u0160ev\u010d\u00edk pokra\u010doval v Brn\u011b v zapo\u010dat\u00e9 v\u011bdeck\u00e9 pr\u00e1ci, s\u00a0profesorem Lhot\u00e1kem a prim. Malbohanem napsal v r. 1956 monografii N\u00e1hl\u00e9 p\u0159\u00edhody v\u00a0pediatrii.<\/p>\n<p style=\"font-weight: 400;\">Prim. \u0160ev\u010d\u00edk st\u00e1l v \u010dele odd\u011blen\u00ed do roku 1979. P\u0159es 70 l\u00e9ka\u0159\u016f, kte\u0159\u00ed pro\u0161li odd\u011blen\u00edm pos\u00edlilo ter\u00e9nn\u00ed slu\u017eby a pracuj\u00ed nejen na Jihlavsku ale po cel\u00e9 \u010cR.<\/p>\n<p style=\"font-weight: 400;\">V roce 1979 se stal p\u0159ednostou odd\u011blen\u00ed MUDr. Alois Hof\u0161tetr. Poctiv\u011b dbal na pokra\u010dov\u00e1n\u00ed dobr\u00e9 p\u00e9\u010de o d\u00edt\u011b a v\u00fdchovu l\u00e9ka\u0159\u016f. Velkou oporu m\u011bl v MUDr. Alen\u011b Chejnovsk\u00e9, z\u00e1stupkyni ji\u017e prim. \u0160ev\u010d\u00edka, kter\u00e1 pracovala v t\u00e9to funkci v letech 1957-1991.<\/p>\n<p style=\"font-weight: 400;\">V uvoln\u011bn\u00e9 \u010d\u00e1sti kojeneck\u00e9ho \u00fastavu na t\u0159. Legion\u00e1\u0159\u016f byla v\u00a0roce 1988 otev\u0159ena jednotka diferencovan\u00e9 p\u00e9\u010de pod veden\u00edm MUDr. Josefa Nov\u00e1\u010dka. T\u00edm do\u0161lo k v\u00fdrazn\u00e9mu zlep\u0161en\u00ed poskytovan\u00e9 neodkladn\u00e9 nemocni\u010dn\u00ed p\u00e9\u010de na p\u0159\u00edslu\u0161n\u00fdch l\u016f\u017ekov\u00fdch stanic\u00edch, dob\u0159e p\u0159\u00edstrojov\u011b vybaven\u00fdch.<\/p>\n<p style=\"font-weight: 400;\">Od roku 1991 je z\u00e1stupcem prim\u00e1\u0159e MUDr. Hana Barto\u0161ov\u00e1 a po odchodu MUDr. Hof\u0161tetra do priv\u00e1tn\u00ed praxe v\u00a0roce 1993 za\u010d\u00edn\u00e1 d\u011btsk\u00e9 odd\u011blen\u00ed pracovat pod veden\u00edm prim\u00e1\u0159e MUDr. Milana Svojs\u00edka.<\/p>\n<p style=\"font-weight: 400;\">V 1994 je d\u011btsk\u00e9 odd\u011blen\u00ed p\u0159em\u00edst\u011bno do gynekologicko\u2013porodnick\u00e9ho pavilonu nov\u00e9 nemocnice.<\/p>\n<p style=\"font-weight: 400;\">V\u00a0roce 1999 pro\u0161ly rozs\u00e1hlou rekonstrukc\u00ed odd\u011blen\u00ed novorozeneck\u00e9 JIP a JIP v\u011bt\u0161\u00edch d\u011bt\u00ed.<\/p>\n<p style=\"font-weight: 400;\">Prim\u00e1\u0159 Milan Svojs\u00edk\u00a0st\u00e1l v \u010dele\u00a0\u00a0d\u011btsk\u00e9ho odd\u011blen\u00ed 21 let.\u00a0B\u011bhem tohoto obdob\u00ed d\u011btsk\u00e9 odd\u011blen\u00ed\u00a0\u00a0z\u00edsk\u00e1v\u00e1 akreditaci II. typu &#8211; \u0161kol\u00ed budouc\u00ed l\u00e9ka\u0159e, roz\u0161i\u0159uje odborn\u00e9 poradny, zvy\u0161uje odbornost l\u00e9ka\u0159\u016f i NELZP person\u00e1lu. Odd\u011blen\u00ed vzkv\u00e9t\u00e1 i po str\u00e1nce p\u0159\u00edstrojov\u00e9ho vybaven\u00ed. Vznik\u00e1 spolupr\u00e1ce s nadacemi a ob\u010dansk\u00fdmi sdru\u017een\u00edmi.\u00a0Doch\u00e1z\u00ed k postupn\u00e9 renovaci vy\u0161et\u0159oven i standardn\u00edch odd\u011blen\u00ed.<\/p>\n<ul>\n<li style=\"font-weight: 400;\">V prosinci 2007 jsme z\u00edskali statut d\u011btsk\u00e9 \u010d\u00e1sti\u00a0\u00a0\u00a0<strong>DIA CENTRA\u00a0\u00a0JIHLAVA.<\/strong><\/li>\n<li style=\"font-weight: 400;\">\u00a0Odd\u011blen\u00ed je\u00a0\u00a0nositelem titulu\u00a0<strong>BABY FRIENDLY HOSPITAL.<\/strong><\/li>\n<li style=\"font-weight: 400;\">\u00a0V\u00a0prosinci 2013 jsme z\u00edskali\u00a0<strong>STATUT CENTRA PRO BIOLOGICKOU L\u00c9\u010cBU GIT U D\u011aT\u00cd.<\/strong><\/li>\n<\/ul>\n<p style=\"font-weight: 400;\">V sou\u010dasn\u00e9 dob\u011b d\u011btsk\u00e9 odd\u011blen\u00ed NJ poskytuje p\u00e9\u010di d\u011btem od 0\u201318 let na p\u011bti l\u016f\u017ekov\u00fdch stanic\u00edch, celkem na 59ti l\u016f\u017ek\u00e1ch. Odbornou p\u00e9\u010di zaji\u0161\u0165uje 10 l\u00e9ka\u0159\u016f v \u010dele s prim. MUDr. Martinem Zimenem. O\u0161et\u0159ovatelskou p\u00e9\u010di poskytuje 55 nel\u00e9ka\u0159sk\u00fdch zdravotnick\u00fdch pracovn\u00edk\u016f \u00a0pod veden\u00edm vrchn\u00ed sestry Jany Zejdov\u00e9.<\/p>\n<\/div>\n<\/div><\/div>\n<\/div>\n<\/div>\n<\/div>\n<\/div>\n<\/div>\n<div id=\"cmsmasters_row_ud3g8cf4ek\" class=\"cmsmasters_row cmsmasters_color_scheme_default stopsticky cmsmasters_row_top_default cmsmasters_row_bot_default cmsmasters_row_boxed\">\n<div class=\"cmsmasters_row_outer_parent\">\n<div class=\"cmsmasters_row_outer\">\n<div class=\"cmsmasters_row_inner\">\n<div class=\"cmsmasters_row_margin\">\n<div id=\"cmsmasters_column_jz0lvx19q2\" class=\"cmsmasters_column one_first\">\n<div class=\"cmsmasters_column_inner\"><\/div><\/div>\n<\/div>\n<\/div>\n<\/div>\n<\/div>\n<\/div>\n\n","protected":false},"excerpt":{"rendered":"","protected":false},"author":1,"featured_media":17119,"parent":16301,"menu_order":0,"comment_status":"closed","ping_status":"closed","template":"","meta":{"pgc_sgb_lightbox_settings":"","footnotes":"","_links_to":"","_links_to_target":""},"categories":[85],"class_list":["post-16545","page","type-page","status-publish","has-post-thumbnail","hentry","category-page-oddeleni"],"publishpress_future_action":{"enabled":false,"date":"2026-05-03 05:26:42","action":"change-status","newStatus":"draft","terms":[],"taxonomy":"category","extraData":[]},"publishpress_future_workflow_manual_trigger":{"enabledWorkflows":[]},"_links":{"self":[{"href":"https:\/\/webnemji.azurewebsites.net\/en\/wp-json\/wp\/v2\/pages\/16545","targetHints":{"allow":["GET"]}}],"collection":[{"href":"https:\/\/webnemji.azurewebsites.net\/en\/wp-json\/wp\/v2\/pages"}],"about":[{"href":"https:\/\/webnemji.azurewebsites.net\/en\/wp-json\/wp\/v2\/types\/page"}],"author":[{"embeddable":true,"href":"https:\/\/webnemji.azurewebsites.net\/en\/wp-json\/wp\/v2\/users\/1"}],"replies":[{"embeddable":true,"href":"https:\/\/webnemji.azurewebsites.net\/en\/wp-json\/wp\/v2\/comments?post=16545"}],"version-history":[{"count":0,"href":"https:\/\/webnemji.azurewebsites.net\/en\/wp-json\/wp\/v2\/pages\/16545\/revisions"}],"up":[{"embeddable":true,"href":"https:\/\/webnemji.azurewebsites.net\/en\/wp-json\/wp\/v2\/pages\/16301"}],"wp:featuredmedia":[{"embeddable":true,"href":"https:\/\/webnemji.azurewebsites.net\/en\/wp-json\/wp\/v2\/media\/17119"}],"wp:attachment":[{"href":"https:\/\/webnemji.azurewebsites.net\/en\/wp-json\/wp\/v2\/media?parent=16545"}],"wp:term":[{"taxonomy":"category","embeddable":true,"href":"https:\/\/webnemji.azurewebsites.net\/en\/wp-json\/wp\/v2\/categories?post=16545"}],"curies":[{"name":"wp","href":"https:\/\/api.w.org\/{rel}","templated":true}]}}