{"id":16902,"date":"2023-08-24T13:34:04","date_gmt":"2023-08-24T11:34:04","guid":{"rendered":"https:\/\/webnemji.azurewebsites.net\/?page_id=16902"},"modified":"2024-03-21T11:01:24","modified_gmt":"2024-03-21T10:01:24","slug":"informace-pro-pacienty","status":"publish","type":"page","link":"https:\/\/webnemji.azurewebsites.net\/en\/oddeleni\/kardiologicke-oddeleni\/informace-pro-pacienty\/","title":{"rendered":"Information for patients"},"content":{"rendered":"<div id=\"cmsmasters_row_6iluctg3hk\" class=\"cmsmasters_row cmsmasters_color_scheme_default cmsmasters_row_top_default cmsmasters_row_bot_default cmsmasters_row_boxed\">\n<div class=\"cmsmasters_row_outer_parent\">\n<div class=\"cmsmasters_row_overlay\"><\/div>\n<div class=\"cmsmasters_row_outer\">\n<div class=\"cmsmasters_row_inner\">\n<div class=\"cmsmasters_row_margin\">\n<div id=\"cmsmasters_column_sybg7he2sg\" class=\"cmsmasters_column one_first\">\n<div class=\"cmsmasters_column_inner\"><div id=\"cmsmasters_heading_b3c74b95a0\" class=\"cmsmasters_heading_wrap cmsmasters_heading_align_center pageheadingtitle\">\n\t<h1 class=\"cmsmasters_heading\">Kardiologick\u00e9 odd\u011blen\u00ed<\/h1>\n<\/div>\n<\/div><\/div>\n<\/div>\n<\/div>\n<\/div>\n<\/div>\n<\/div>\n<div id=\"cmsmasters_row_ly5ze1hf8e\" class=\"cmsmasters_row cmsmasters_color_scheme_default cmsmasters_row_top_default cmsmasters_row_bot_default cmsmasters_row_boxed\">\n<div class=\"cmsmasters_row_outer_parent\">\n<div class=\"cmsmasters_row_outer\">\n<div class=\"cmsmasters_row_inner\">\n<div class=\"cmsmasters_row_margin\">\n<div id=\"cmsmasters_column_v67ee6nvg7\" class=\"cmsmasters_column one_first\">\n<div class=\"cmsmasters_column_inner\"><div class=\"cmsmasters_text\">\n<p><nav aria-label=\"breadcrumbs\">\n            <div class=\"breadcrumb-container theme1\">\n                <ol>\n                                    <\/ol>\n            <\/div>\n        <\/nav>    <script type=\"application\/ld+json\">\n        {\n            \"@context\": \"http:\/\/schema.org\",\n            \"@type\": \"BreadcrumbList\",\n            \"itemListElement\": [\n                            ]\n        }\n    <\/script>\n   \n    <script>\n            <\/script>\n<\/p>\n<\/div>\n<\/div><\/div>\n<\/div>\n<\/div>\n<\/div>\n<\/div>\n<\/div>\n<div id=\"cmsmasters_row_3f2f8816dd\" class=\"cmsmasters_row cmsmasters_color_scheme_default cmsmasters_row_top_default cmsmasters_row_bot_default cmsmasters_row_boxed\">\n<div class=\"cmsmasters_row_outer_parent\">\n<div class=\"cmsmasters_row_outer\">\n<div class=\"cmsmasters_row_inner\">\n<div class=\"cmsmasters_row_margin\">\n<div id=\"cmsmasters_column_0a1c5940f5\" class=\"cmsmasters_column one_third stickyinfocolumn\">\n<div class=\"cmsmasters_column_inner\"><div id=\"cmsmasters_heading_rva6m2t32d\" class=\"cmsmasters_heading_wrap cmsmasters_heading_align_center\">\n\t<h3 class=\"cmsmasters_heading\">Informace o odd\u011blen\u00ed<\/h3>\n<\/div>\n<div id=\"cmsmasters_divider_dpp34mcdj5\" class=\"cmsmasters_divider cmsmasters_divider_width_short cmsmasters_divider_pos_center\"><\/div>\n<div class=\"cmsmasters_sidebar sidebar_layout_11 sidebar-custom-menu\"><aside id=\"nav_menu-8\" class=\"widget widget_nav_menu\"><div class=\"menu-oddeleni-kardiologie-container\"><ul id=\"menu-oddeleni-kardiologie\" class=\"menu\"><li id=\"menu-item-16737\" class=\"menu-item menu-item-type-custom menu-item-object-custom menu-item-16737\"><a href=\"\/oddeleni\/kardiologicke-oddeleni\/#popis-oddeleni\" data-ps2id-api=\"true\"><i class=\"fa-solid fa-info\"><\/i> Popis odd\u011blen\u00ed<\/a><\/li>\n<li id=\"menu-item-16738\" class=\"menu-item menu-item-type-custom menu-item-object-custom menu-item-16738\"><a href=\"\/oddeleni\/kardiologicke-oddeleni\/#personalni-obsazeni\" data-ps2id-api=\"true\"><i class=\"fa-solid fa-user-doctor\"><\/i> Person\u00e1ln\u00ed obsazen\u00ed<\/a><\/li>\n<li id=\"menu-item-16739\" class=\"menu-item menu-item-type-custom menu-item-object-custom menu-item-16739\"><a href=\"\/oddeleni\/kardiologicke-oddeleni\/#oteviraci-hodiny\" data-ps2id-api=\"true\"><i class=\"fa-regular fa-clock\"><\/i> Ordina\u010dn\u00ed hodiny<\/a><\/li>\n<li id=\"menu-item-16740\" class=\"menu-item menu-item-type-custom menu-item-object-custom menu-item-16740\"><a href=\"\/oddeleni\/kardiologicke-oddeleni\/#kontaktni-informace\" data-ps2id-api=\"true\"><i class=\"fa-solid fa-phone\"><\/i> Kontaktn\u00ed informace<\/a><\/li>\n<li id=\"menu-item-16741\" class=\"menu-item menu-item-type-custom menu-item-object-custom menu-item-16741\"><a href=\"\/oddeleni\/kardiologicke-oddeleni\/#kde-nas-najdete\" data-ps2id-api=\"true\"><i class=\"fa-solid fa-location-dot\"><\/i> Kde n\u00e1s najdete<\/a><\/li>\n<li id=\"menu-item-16742\" class=\"menu-item menu-item-type-custom menu-item-object-custom menu-item-16742\"><a href=\"\/oddeleni\/kardiologicke-oddeleni\/#fotogalerie\" data-ps2id-api=\"true\"><i class=\"fa-solid fa-camera\"><\/i> Fotogalerie<\/a><\/li>\n<li id=\"menu-item-16743\" class=\"menu-custom-separator menu-item menu-item-type-custom menu-item-object-custom menu-item-16743\"><hr class=\"mhm-menu-separator\"><\/li>\n<li id=\"menu-item-16949\" class=\"static-link menu-item menu-item-type-custom menu-item-object-custom menu-item-16949\"><a href=\"\/oddeleni\/kardiologicke-oddeleni\/kardiologicke-ambulance\/\" data-ps2id-api=\"true\"><i class=\"fa-solid fa-house-medical\"><\/i> Ambulance<\/a><\/li>\n<li id=\"menu-item-18264\" class=\"static-link menu-item menu-item-type-custom menu-item-object-custom menu-item-18264\"><a href=\"\/oddeleni\/kardiologicke-oddeleni\/luzkova-cast\/\" data-ps2id-api=\"true\"><i class=\"fa-solid fa-bed-pulse\"><\/i> L\u016f\u017ekov\u00e1 \u010d\u00e1st<\/a><\/li>\n<li id=\"menu-item-16744\" class=\"static-link menu-item menu-item-type-custom menu-item-object-custom menu-item-16744\"><a href=\"\/oddeleni\/kardiologicke-oddeleni\/informace-pro-pacienty\/\" data-ps2id-api=\"true\"><i class=\"fa-regular fa-circle-question\"><\/i> Informace pro pacienty<\/a><\/li>\n<li id=\"menu-item-16745\" class=\"static-link menu-item menu-item-type-custom menu-item-object-custom menu-item-16745\"><a href=\"\/oddeleni\/kardiologicke-oddeleni\/charakteristika-oddeleni\/\" data-ps2id-api=\"true\"><i class=\"fa-solid fa-stethoscope\"><\/i> Charakteristika odd\u011blen\u00ed<\/a><\/li>\n<li id=\"menu-item-16746\" class=\"static-link menu-item menu-item-type-custom menu-item-object-custom menu-item-16746\"><a href=\"\/oddeleni\/kardiologicke-oddeleni\/vysetrovaci-metody\/\" data-ps2id-api=\"true\"><i class=\"fa-solid fa-user-nurse\"><\/i> Vy\u0161et\u0159ovac\u00ed metody<\/a><\/li>\n<li id=\"menu-item-20721\" class=\"static-link menu-item menu-item-type-custom menu-item-object-custom menu-item-20721\"><a href=\"\/oddeleni\/kardiologicke-oddeleni\/fotografie-z-udalosti\/\" data-ps2id-api=\"true\"><i class=\"fa-solid fa-camera\"><\/i> Fotografie z ud\u00e1lost\u00ed<\/a><\/li>\n<\/ul><\/div><\/aside><div class=\"cl\"><\/div>\n<\/div>\n<\/div><\/div>\n<div id=\"cmsmasters_column_k7vlyuz4yq\" class=\"cmsmasters_column two_third\">\n<div class=\"cmsmasters_column_inner\"><div id=\"cmsmasters_heading_zkqherm22q\" class=\"cmsmasters_heading_wrap cmsmasters_heading_align_left\">\n\t<h2 class=\"cmsmasters_heading\">Informace pro pacienty<\/h2>\n<\/div>\n<div id=\"cmsmasters_divider_x11sklp8kt\" class=\"cmsmasters_divider cmsmasters_divider_width_short cmsmasters_divider_pos_left\"><\/div>\n<div id=\"cmsmasters_divider_h5ijal4ajr\" class=\"cl\"><\/div>\n<div class=\"cmsmasters_text\">\n<h5 style=\"font-weight: 400;\"><strong>Co s\u00a0sebou do nemocnice?<\/strong><\/h5>\n<ul>\n<li style=\"font-weight: 400;\">Ob\u010dansk\u00fd pr\u016fkaz, legitimaci zdravotn\u00ed poji\u0161\u0165ovny.<\/li>\n<li style=\"font-weight: 400;\">V\u00fdsledky laboratorn\u00edch a jin\u00fdch vy\u0161et\u0159en\u00ed (u pl\u00e1novan\u00fdch hospitalizac\u00ed).<\/li>\n<li style=\"font-weight: 400;\">Doklad pracovn\u00ed neschopnosti, pokud m\u00e1te vystaven\u00fd.<\/li>\n<li style=\"font-weight: 400;\">L\u00e9ky a jejich seznam.<\/li>\n<li style=\"font-weight: 400;\">Zdravotn\u00ed a kompenza\u010dn\u00ed pom\u016fcky, kter\u00e9 v praxi pou\u017e\u00edv\u00e1te (br\u00fdle, h\u016fl, naslouchadlo atd.).<\/li>\n<li style=\"font-weight: 400;\">V p\u0159\u00edpad\u011b pl\u00e1novan\u00e9 hospitalizace osobn\u00ed pot\u0159eby \u2013 p\u0159ez\u016fvky, toaletn\u00ed pot\u0159eby (m\u00fddlo, toaletn\u00ed pap\u00edr).<\/li>\n<li style=\"font-weight: 400;\">Mobiln\u00ed telefon a nab\u00edje\u010dku.<\/li>\n<\/ul>\n<h5><strong><br \/>\nCo V\u00e1m nedoporu\u010dujeme vz\u00edt s sebou do nemocnice:<\/strong><\/h5>\n<ul>\n<li>\u0160perky.<\/li>\n<li>Zbran\u011b.<\/li>\n<li>Pokud budete m\u00edt cennosti p\u0159i n\u00e1stupu k hospitalizaci u sebe, nab\u00edz\u00edme V\u00e1m mo\u017enost jejich ulo\u017een\u00ed v \u00fastavn\u00edm trezoru, co\u017e V\u00e1m zprost\u0159edkuje o\u0161et\u0159uj\u00edc\u00ed person\u00e1l.<\/li>\n<li style=\"font-weight: 400;\">Za v\u011bci, kter\u00e9 si ponech\u00e1te u sebe, nenese nemocnice odpov\u011bdnost.<\/li>\n<\/ul>\n<\/div>\n<div class=\"cmsmasters_text download-links-large\">\n<h5><strong>Formul\u00e1\u0159 pro p\u0159\u00edjem pacienta k pl\u00e1novan\u00e9mu v\u00fdkonu<\/strong><\/h5>\n<p><a href=\"\/wp-content\/uploads\/2024\/03\/Formular-planovane-hospitalizace-na-kardiologicke-oddeleni.docx\">P\u0159\u00edjem pacienta k pl\u00e1novan\u00e9mu v\u00fdkonu<\/a><\/p>\n<\/div>\n<\/div><\/div>\n<\/div>\n<\/div>\n<\/div>\n<\/div>\n<\/div>\n\n","protected":false},"excerpt":{"rendered":"","protected":false},"author":1,"featured_media":17118,"parent":16886,"menu_order":0,"comment_status":"closed","ping_status":"closed","template":"","meta":{"pgc_sgb_lightbox_settings":"","footnotes":"","_links_to":"","_links_to_target":""},"categories":[85],"class_list":["post-16902","page","type-page","status-publish","has-post-thumbnail","hentry","category-page-oddeleni"],"publishpress_future_action":{"enabled":false,"date":"2026-04-23 17:27:36","action":"change-status","newStatus":"draft","terms":[],"taxonomy":"category","extraData":[]},"publishpress_future_workflow_manual_trigger":{"enabledWorkflows":[]},"_links":{"self":[{"href":"https:\/\/webnemji.azurewebsites.net\/en\/wp-json\/wp\/v2\/pages\/16902","targetHints":{"allow":["GET"]}}],"collection":[{"href":"https:\/\/webnemji.azurewebsites.net\/en\/wp-json\/wp\/v2\/pages"}],"about":[{"href":"https:\/\/webnemji.azurewebsites.net\/en\/wp-json\/wp\/v2\/types\/page"}],"author":[{"embeddable":true,"href":"https:\/\/webnemji.azurewebsites.net\/en\/wp-json\/wp\/v2\/users\/1"}],"replies":[{"embeddable":true,"href":"https:\/\/webnemji.azurewebsites.net\/en\/wp-json\/wp\/v2\/comments?post=16902"}],"version-history":[{"count":0,"href":"https:\/\/webnemji.azurewebsites.net\/en\/wp-json\/wp\/v2\/pages\/16902\/revisions"}],"up":[{"embeddable":true,"href":"https:\/\/webnemji.azurewebsites.net\/en\/wp-json\/wp\/v2\/pages\/16886"}],"wp:featuredmedia":[{"embeddable":true,"href":"https:\/\/webnemji.azurewebsites.net\/en\/wp-json\/wp\/v2\/media\/17118"}],"wp:attachment":[{"href":"https:\/\/webnemji.azurewebsites.net\/en\/wp-json\/wp\/v2\/media?parent=16902"}],"wp:term":[{"taxonomy":"category","embeddable":true,"href":"https:\/\/webnemji.azurewebsites.net\/en\/wp-json\/wp\/v2\/categories?post=16902"}],"curies":[{"name":"wp","href":"https:\/\/api.w.org\/{rel}","templated":true}]}}