{"id":17714,"date":"2023-09-04T11:47:53","date_gmt":"2023-09-04T09:47:53","guid":{"rendered":"https:\/\/nemji.rs-kovarik.cz\/?page_id=17714"},"modified":"2023-11-14T10:16:29","modified_gmt":"2023-11-14T09:16:29","slug":"kozni-ambulance","status":"publish","type":"page","link":"https:\/\/webnemji.azurewebsites.net\/en\/oddeleni\/kozni-oddeleni\/kozni-ambulance\/","title":{"rendered":"Dermatology Clinics"},"content":{"rendered":"<div id=\"cmsmasters_row_6iluctg3hk\" class=\"cmsmasters_row cmsmasters_color_scheme_default cmsmasters_row_top_default cmsmasters_row_bot_default cmsmasters_row_boxed\">\n<div class=\"cmsmasters_row_outer_parent\">\n<div class=\"cmsmasters_row_overlay\"><\/div>\n<div class=\"cmsmasters_row_outer\">\n<div class=\"cmsmasters_row_inner\">\n<div class=\"cmsmasters_row_margin\">\n<div id=\"cmsmasters_column_sybg7he2sg\" class=\"cmsmasters_column one_first\">\n<div class=\"cmsmasters_column_inner\"><div id=\"cmsmasters_heading_b3c74b95a0\" class=\"cmsmasters_heading_wrap cmsmasters_heading_align_center pageheadingtitle\">\n\t<h1 class=\"cmsmasters_heading\">Ko\u017en\u00ed odd\u011blen\u00ed<\/h1>\n<\/div>\n<\/div><\/div>\n<\/div>\n<\/div>\n<\/div>\n<\/div>\n<\/div>\n<div id=\"cmsmasters_row_ly5ze1hf8e\" class=\"cmsmasters_row cmsmasters_color_scheme_default cmsmasters_row_top_default cmsmasters_row_bot_default cmsmasters_row_boxed\">\n<div class=\"cmsmasters_row_outer_parent\">\n<div class=\"cmsmasters_row_outer\">\n<div class=\"cmsmasters_row_inner\">\n<div class=\"cmsmasters_row_margin\">\n<div id=\"cmsmasters_column_v67ee6nvg7\" class=\"cmsmasters_column one_first\">\n<div class=\"cmsmasters_column_inner\"><div class=\"cmsmasters_text\">\n<p><nav aria-label=\"breadcrumbs\">\n            <div class=\"breadcrumb-container theme1\">\n                <ol>\n                                    <\/ol>\n            <\/div>\n        <\/nav>    <script type=\"application\/ld+json\">\n        {\n            \"@context\": \"http:\/\/schema.org\",\n            \"@type\": \"BreadcrumbList\",\n            \"itemListElement\": [\n                            ]\n        }\n    <\/script>\n   \n    <script>\n            <\/script>\n<\/p>\n<\/div>\n<\/div><\/div>\n<\/div>\n<\/div>\n<\/div>\n<\/div>\n<\/div>\n<div id=\"cmsmasters_row_3f2f8816dd\" class=\"cmsmasters_row cmsmasters_color_scheme_default cmsmasters_row_top_default cmsmasters_row_bot_default cmsmasters_row_boxed\">\n<div class=\"cmsmasters_row_outer_parent\">\n<div class=\"cmsmasters_row_outer\">\n<div class=\"cmsmasters_row_inner\">\n<div class=\"cmsmasters_row_margin\">\n<div id=\"cmsmasters_column_0a1c5940f5\" class=\"cmsmasters_column one_third stickyinfocolumn\">\n<div class=\"cmsmasters_column_inner\"><div id=\"cmsmasters_heading_rva6m2t32d\" class=\"cmsmasters_heading_wrap cmsmasters_heading_align_center\">\n\t<h3 class=\"cmsmasters_heading\">Informace o odd\u011blen\u00ed<\/h3>\n<\/div>\n<div id=\"cmsmasters_divider_dpp34mcdj5\" class=\"cmsmasters_divider cmsmasters_divider_width_short cmsmasters_divider_pos_center\"><\/div>\n<div class=\"cmsmasters_sidebar sidebar_layout_11 sidebar-custom-menu\"><aside id=\"nav_menu-9\" class=\"widget widget_nav_menu\"><div class=\"menu-oddeleni-kozni-container\"><ul id=\"menu-oddeleni-kozni\" class=\"menu\"><li id=\"menu-item-17623\" class=\"menu-item menu-item-type-custom menu-item-object-custom menu-item-17623\"><a href=\"\/oddeleni\/kozni-oddeleni\/#popis-oddeleni\" data-ps2id-api=\"true\"><i class=\"fa-solid fa-info\"><\/i> Popis odd\u011blen\u00ed<\/a><\/li>\n<li id=\"menu-item-17624\" class=\"menu-item menu-item-type-custom menu-item-object-custom menu-item-17624\"><a href=\"\/oddeleni\/kozni-oddeleni\/#personalni-obsazeni\" data-ps2id-api=\"true\"><i class=\"fa-solid fa-user-doctor\"><\/i> Person\u00e1ln\u00ed obsazen\u00ed<\/a><\/li>\n<li id=\"menu-item-17625\" class=\"menu-item menu-item-type-custom menu-item-object-custom menu-item-17625\"><a href=\"\/oddeleni\/kozni-oddeleni\/#oteviraci-hodiny\" data-ps2id-api=\"true\"><i class=\"fa-regular fa-clock\"><\/i> Ordina\u010dn\u00ed hodiny<\/a><\/li>\n<li id=\"menu-item-17626\" class=\"menu-item menu-item-type-custom menu-item-object-custom menu-item-17626\"><a href=\"\/oddeleni\/kozni-oddeleni\/#kontaktni-informace\" data-ps2id-api=\"true\"><i class=\"fa-solid fa-phone\"><\/i> Kontaktn\u00ed informace<\/a><\/li>\n<li id=\"menu-item-17627\" class=\"menu-item menu-item-type-custom menu-item-object-custom menu-item-17627\"><a href=\"\/oddeleni\/kozni-oddeleni\/#kde-nas-najdete\" data-ps2id-api=\"true\"><i class=\"fa-solid fa-location-dot\"><\/i> Kde n\u00e1s najdete<\/a><\/li>\n<li id=\"menu-item-17628\" class=\"menu-item menu-item-type-custom menu-item-object-custom menu-item-17628\"><a href=\"\/oddeleni\/kozni-oddeleni\/#fotogalerie\" data-ps2id-api=\"true\"><i class=\"fa-solid fa-camera\"><\/i> Fotogalerie<\/a><\/li>\n<li id=\"menu-item-17629\" class=\"menu-custom-separator menu-item menu-item-type-custom menu-item-object-custom menu-item-17629\"><hr class=\"mhm-menu-separator\"><\/li>\n<li id=\"menu-item-17630\" class=\"static-link menu-item menu-item-type-custom menu-item-object-custom menu-item-17630\"><a href=\"\/oddeleni\/kozni-oddeleni\/kozni-ambulance\/\" data-ps2id-api=\"true\"><i class=\"fa-solid fa-house-medical\"><\/i> Ambulance<\/a><\/li>\n<li id=\"menu-item-19814\" class=\"static-link menu-item menu-item-type-custom menu-item-object-custom menu-item-19814\"><a href=\"\/oddeleni\/kozni-oddeleni\/luzkova-cast\/\" data-ps2id-api=\"true\"><i class=\"fa-solid fa-bed-pulse\"><\/i> L\u016f\u017ekov\u00e1 \u010d\u00e1st<\/a><\/li>\n<li id=\"menu-item-17631\" class=\"static-link menu-item menu-item-type-custom menu-item-object-custom menu-item-17631\"><a href=\"\/oddeleni\/kozni-oddeleni\/spektrum-pece\/\" data-ps2id-api=\"true\"><i class=\"fa-regular fa-circle-question\"><\/i> Spektrum p\u00e9\u010de<\/a><\/li>\n<\/ul><\/div><\/aside><div class=\"cl\"><\/div>\n<\/div>\n<\/div><\/div>\n<div id=\"cmsmasters_column_k7vlyuz4yq\" class=\"cmsmasters_column two_third\">\n<div class=\"cmsmasters_column_inner\"><div class=\"cmsmasters_text hide-index\">\n<p>Ko\u017en\u00ed ambulance 1, Ko\u017en\u00ed ambulance 3, Ko\u017en\u00ed ambulance 4, Z\u00e1krokov\u00fd s\u00e1lek<\/p>\n<\/div>\n<div id=\"cmsmasters_heading_0cx4mcjjyd\" class=\"cmsmasters_heading_wrap cmsmasters_heading_align_left\">\n\t<h2 class=\"cmsmasters_heading\">Ambulance ko\u017en\u00edho odd\u011blen\u00ed<\/h2>\n<\/div>\n<div id=\"cmsmasters_divider_hgdnxm8b9\" class=\"cmsmasters_divider cmsmasters_divider_width_short cmsmasters_divider_pos_left\"><\/div>\n<div id=\"cmsmasters_divider_ysg9zz4shf\" class=\"cl\"><\/div>\n<div class=\"cmsmasters_text\">\n<section id='' \n                class='helpie-faq accordions ' \n                data-collection='' \n                data-pagination='0' \n                data-search='0' \n                data-pagination-enabled='0'\n                role='region'\n                aria-label='FAQ Section'\n                aria-live='polite'><form class=\"search\" onSubmit=\"return false;\"><div class=\"search__wrapper\"><input type=\"text\" class=\"search__input\" aria-label=\"Search\" role=\"searchbox\" placeholder=\"Vyhledat\"><span class=\"search__icon\"><svg class=\"svg-icon--search\" role=\"img\" xmlns=\"http:\/\/www.w3.org\/2000\/svg\" viewBox=\"0 0 22 22\">\r\n                        <g fill=\"none\" stroke=\"#171717\">\r\n                            <path stroke-linecap=\"square\" stroke-width=\"2\" d=\"M18.5 18.3l-5.4-5.4\"\/>\r\n                            <circle cx=\"8\" cy=\"8\" r=\"7\" stroke-width=\"2\"\/>\r\n                        <\/g>\r\n                    <\/svg><\/span><\/div><div class=\"search__message\"><\/div><\/form><article class=\"accordion \"><div class='helpie-faq-row'><div class='helpie-faq-col helpie-faq-col-12' ><ul><li class=\"accordion__item \"><div class=\"accordion__header \" \r\n                id=\"accordion-header-post-18091\"\r\n                role=\"button\"\r\n                aria-expanded=\"false\"\r\n                aria-controls=\"accordion-content-post-18091\"\r\n                data-id=\"post-18091\" \r\n                data-item=\"hfaq-post-18091\" \r\n                style=\"background:transparent;\" \r\n                data-tags=\"\"\r\n                tabindex=\"0\"><div class=\"accordion__title\">Dermatochirurgick\u00fd s\u00e1lek a estetick\u00e1 dermatologie<\/div><\/div><div id=\"accordion-content-post-18091\" \r\n                class=\"accordion__body\" \r\n                role=\"region\"\r\n                aria-labelledby=\"accordion-header-post-18091\"\r\n                style=\"background:transparent;\"><table style=\"border-collapse: collapse;width: 98.423%;height: 58px\" border=\"1\">\n<tbody>\n<tr style=\"height: 10px\">\n<td style=\"width: 16.9857%;height: 10px\">L\u00e9ka\u0159i:<\/td>\n<td class=\"xl26\" style=\"width: 83.0143%;height: 10px\" width=\"256\">\n<div>Nov\u00e1\u010dkov\u00e1 Hana, MUDr.<br \/>\nNevoralov\u00e1 Zuzana, MUDr. Ph.D.<br \/>\nKol\u00e1\u0159ov\u00e1 Nicole, MUDr.<\/div>\n<\/td>\n<\/tr>\n<tr>\n<td style=\"width: 16.9857%\" colspan=\"2\">\n<div>\n<hr \/>\n<\/div>\n<\/td>\n<\/tr>\n<tr style=\"height: 24px\">\n<td style=\"width: 16.9857%;height: 24px\"><strong>Telefon:<\/strong><\/td>\n<td class=\"xl28\" style=\"width: 83.0143%;height: 24px\" width=\"256\" height=\"17\">+420 567 157 763<\/td>\n<\/tr>\n<tr>\n<td style=\"width: 16.9857%\" colspan=\"2\">\n<div>\n<hr \/>\n<\/div>\n<\/td>\n<\/tr>\n<tr>\n<td style=\"width: 16.9857%\"><strong>Ordina\u010dn\u00ed hodiny:<\/strong><\/td>\n<td style=\"width: 83.0143%\"><strong>Pouze objednan\u00ed pacienti<\/strong><\/p>\n<table style=\"border-collapse: collapse;width: 99.2029%;height: 24px\" border=\"1\">\n<tbody>\n<tr>\n<td style=\"width: 4.98069%\"><strong>ST:<\/strong><\/td>\n<td style=\"width: 95.0193%\">\n<div><span style=\"font-size: 16px\">9:00 &#8211; 15:00 (MUDr. Nov\u00e1\u010dkov\u00e1 a MUDr. Kol\u00e1\u0159ov\u00e1)<\/span><\/div>\n<\/td>\n<\/tr>\n<tr>\n<td style=\"width: 4.98069%\"><strong>\u010cT:<\/strong><\/td>\n<td style=\"width: 95.0193%\">\n<div><span style=\"font-size: 16px\">12:30 &#8211; 15:00 (MUDr. Nov\u00e1\u010dkov\u00e1 a MUDr. Kol\u00e1\u0159ov\u00e1)<\/span><\/div>\n<\/td>\n<\/tr>\n<tr style=\"height: 24px\">\n<td style=\"width: 4.98069%;height: 24px\"><strong>P\u00c1:<\/strong><\/td>\n<td style=\"width: 95.0193%;height: 24px\"><span style=\"font-size: 16px\">9:00 &#8211; 11:30 (MUDr. Nov\u00e1\u010dkov\u00e1 a MUDr. Kol\u00e1\u0159ov\u00e1)<br \/>\n12:30 &#8211; 15:00 (MUDr. Nevoralov\u00e1<\/span><\/td>\n<\/tr>\n<\/tbody>\n<\/table>\n<\/td>\n<\/tr>\n<tr>\n<td style=\"width: 16.9857%\" colspan=\"2\">\n<div>\n<hr \/>\n<\/div>\n<\/td>\n<\/tr>\n<tr>\n<td style=\"width: 16.9857%\"><strong>Kde n\u00e1s najdete:<br \/>\n<\/strong><\/td>\n<td style=\"width: 83.0143%\">\n<div>Budova E, p\u0159\u00edzem\u00ed<\/div>\n<\/td>\n<\/tr>\n<\/tbody>\n<\/table>\n<div><\/div>\n<\/div><\/li><li class=\"accordion__item \"><div class=\"accordion__header \" \r\n                id=\"accordion-header-post-17622\"\r\n                role=\"button\"\r\n                aria-expanded=\"false\"\r\n                aria-controls=\"accordion-content-post-17622\"\r\n                data-id=\"post-17622\" \r\n                data-item=\"hfaq-post-17622\" \r\n                style=\"background:transparent;\" \r\n                data-tags=\"\"\r\n                tabindex=\"0\"><div class=\"accordion__title\">Ko\u017en\u00ed ambulance 1<\/div><\/div><div id=\"accordion-content-post-17622\" \r\n                class=\"accordion__body\" \r\n                role=\"region\"\r\n                aria-labelledby=\"accordion-header-post-17622\"\r\n                style=\"background:transparent;\"><table style=\"border-collapse: collapse;width: 99.2089%;height: 218px\" border=\"1\">\n<tbody>\n<tr style=\"height: 10px\">\n<td style=\"width: 16.9857%;height: 10px\"><strong>L\u00e9ka\u0159i:<\/strong><\/td>\n<td class=\"xl26\" style=\"width: 83.0143%;height: 10px\" width=\"256\">Policarov\u00e1 Marie, MUDr.,<br \/>\nl\u00e9ka\u0159ky z odd\u011blen\u00ed<\/td>\n<\/tr>\n<tr style=\"height: 18px\">\n<td style=\"width: 16.9857%;height: 18px\" colspan=\"2\">\n<div>\n<hr \/>\n<\/div>\n<\/td>\n<\/tr>\n<tr style=\"height: 24px\">\n<td style=\"width: 16.9857%;height: 24px\"><strong>Telefon:<\/strong><\/td>\n<td class=\"xl28\" style=\"width: 83.0143%;height: 24px\" width=\"256\" height=\"17\">+420 567 157 462<\/td>\n<\/tr>\n<tr style=\"height: 18px\">\n<td style=\"width: 16.9857%;height: 18px\" colspan=\"2\">\n<div>\n<hr \/>\n<\/div>\n<\/td>\n<\/tr>\n<tr style=\"height: 28px\">\n<td style=\"width: 16.9857%;height: 28px\"><strong>Ordina\u010dn\u00ed hodiny:<\/strong><\/td>\n<td style=\"width: 83.0143%;height: 28px\"><strong>Pouze objednan\u00ed pacienti<\/strong><\/p>\n<table style=\"border-collapse: collapse;width: 100%;height: 106px\" border=\"1\">\n<tbody>\n<tr style=\"height: 24px\">\n<td style=\"width: 4.87006%;height: 10px\"><strong>PO:<\/strong><\/td>\n<td style=\"width: 95.1299%;height: 10px\">\n<div>09:30 &#8211; 12:00<br \/>\n12:30 &#8211; 15:00<\/div>\n<\/td>\n<\/tr>\n<tr style=\"height: 24px\">\n<td style=\"width: 4.87006%;height: 24px\"><strong>\u00daT:<\/strong><\/td>\n<td style=\"width: 95.1299%;height: 24px\">\n<div>09:30 &#8211; 12:00<\/div>\n<div>13:00 &#8211; 15:00<\/div>\n<\/td>\n<\/tr>\n<tr style=\"height: 24px\">\n<td style=\"width: 4.87006%;height: 24px\"><strong>ST:<\/strong><\/td>\n<td style=\"width: 95.1299%;height: 24px\">\n<div>07:30 &#8211; 12:00, biologick\u00e1 l\u00e9\u010dba<\/div>\n<div>12:30 &#8211; 14:30, biologick\u00e1 l\u00e9\u010dba<\/div>\n<\/td>\n<\/tr>\n<tr style=\"height: 24px\">\n<td style=\"width: 4.87006%;height: 24px\"><strong>\u010cT:<\/strong><\/td>\n<td style=\"width: 95.1299%;height: 24px\">\n<div>08:00 &#8211; 12:00, venerologie<\/div>\n<div>12:30 &#8211; 15:00<\/div>\n<\/td>\n<\/tr>\n<tr style=\"height: 24px\">\n<td style=\"width: 4.87006%;height: 24px\"><strong>P\u00c1:<\/strong><\/td>\n<td style=\"width: 95.1299%;height: 24px\">\n<div>09:00 &#8211; 12:00, lymfo<\/div>\n<div>12:30 &#8211; 15:00, lymfo<\/div>\n<\/td>\n<\/tr>\n<\/tbody>\n<\/table>\n<\/td>\n<\/tr>\n<tr style=\"height: 18px\">\n<td style=\"width: 16.9857%;height: 18px\" colspan=\"2\">\n<div>\n<hr \/>\n<\/div>\n<\/td>\n<\/tr>\n<tr style=\"height: 24px\">\n<td style=\"width: 16.9857%;height: 24px\"><strong>Kde n\u00e1s najdete:<br \/>\n<\/strong><\/td>\n<td style=\"width: 83.0143%;height: 24px\">Budova E, p\u0159\u00edzem\u00ed<\/td>\n<\/tr>\n<\/tbody>\n<\/table>\n<\/div><\/li><li class=\"accordion__item \"><div class=\"accordion__header \" \r\n                id=\"accordion-header-post-17643\"\r\n                role=\"button\"\r\n                aria-expanded=\"false\"\r\n                aria-controls=\"accordion-content-post-17643\"\r\n                data-id=\"post-17643\" \r\n                data-item=\"hfaq-post-17643\" \r\n                style=\"background:transparent;\" \r\n                data-tags=\"\"\r\n                tabindex=\"0\"><div class=\"accordion__title\">Ko\u017en\u00ed ambulance 3<\/div><\/div><div id=\"accordion-content-post-17643\" \r\n                class=\"accordion__body\" \r\n                role=\"region\"\r\n                aria-labelledby=\"accordion-header-post-17643\"\r\n                style=\"background:transparent;\"><p>\u00a0<\/p>\n<table style=\"border-collapse: collapse;width: 99.2089%;height: 58px\" border=\"1\">\n<tbody>\n<tr style=\"height: 10px\">\n<td style=\"width: 16.9857%;height: 10px\"><strong>L\u00e9ka\u0159i:<\/strong><\/td>\n<td style=\"width: 82.9925%\" width=\"729\">Policarov\u00e1 Marie, MUDr.,<br \/>\n\u010cerm\u00e1kov\u00e1 Alena, MUDr.,<br \/>\nBro\u017eov\u00e1 Zlata, MUDr.,<br \/>\nKol\u00e1\u0159ov\u00e1 Nicole, MUDr.,<br \/>\nJanovsk\u00e1 Eva, MUDr.<\/td>\n<\/tr>\n<tr>\n<td style=\"width: 99.9782%\" colspan=\"2\">\n<div>\n<hr \/>\n<\/div>\n<\/td>\n<\/tr>\n<tr style=\"height: 24px\">\n<td style=\"width: 16.9857%;height: 24px\"><strong>Telefon:<\/strong><\/td>\n<td class=\"xl28\" style=\"width: 82.9925%;height: 24px\" width=\"256\" height=\"17\">+420 567 157 523<\/td>\n<\/tr>\n<tr>\n<td style=\"width: 99.9782%\" colspan=\"2\">\n<div>\n<hr \/>\n<\/div>\n<\/td>\n<\/tr>\n<tr>\n<td style=\"width: 16.9857%\"><strong>Ordina\u010dn\u00ed hodiny:<\/strong><\/td>\n<td style=\"width: 82.9925%\"><strong>Pouze objednan\u00ed pacienti<\/strong><\/p>\n<table style=\"border-collapse: collapse;width: 100%;height: 109px\" border=\"1\">\n<tbody>\n<tr style=\"height: 24px\">\n<td style=\"width: 4.54643%;height: 24px\"><strong>PO:<\/strong><\/td>\n<td style=\"width: 95.4536%;height: 24px\">\n<div>08:00 \u2013 12:00<\/div>\n<div>12:30 &#8211; 15:00<\/div>\n<\/td>\n<\/tr>\n<tr style=\"height: 24px\">\n<td style=\"width: 4.54643%;height: 24px\"><strong>\u00daT:<\/strong><\/td>\n<td style=\"width: 95.4536%;height: 24px\">\n<div>08:30 \u2013 12:00<\/div>\n<div>12:30 &#8211; 15:00<\/div>\n<\/td>\n<\/tr>\n<tr style=\"height: 24px\">\n<td style=\"width: 4.54643%;height: 13px\"><strong>ST:<\/strong><\/td>\n<td style=\"width: 95.4536%;height: 13px\">\n<div>08:00 &#8211; 12:00<\/div>\n<div>12:30 &#8211; 15:00<\/div>\n<\/td>\n<\/tr>\n<tr style=\"height: 24px\">\n<td style=\"width: 4.54643%;height: 24px\"><strong>\u010cT:<\/strong><\/td>\n<td style=\"width: 95.4536%;height: 24px\">\n<div>08:30 &#8211; 12:00<\/div>\n<div>12:30 &#8211; 15:00<\/div>\n<\/td>\n<\/tr>\n<tr style=\"height: 24px\">\n<td style=\"width: 4.54643%;height: 24px\"><strong>P\u00c1:<\/strong><\/td>\n<td style=\"width: 95.4536%;height: 24px\">\n<div>09:00 &#8211; 12:00, lymfo<\/div>\n<div>12:30 &#8211; 15:00, lymfo<\/div>\n<\/td>\n<\/tr>\n<\/tbody>\n<\/table>\n<\/td>\n<\/tr>\n<tr>\n<td style=\"width: 99.9782%\" colspan=\"2\">\n<div>\n<hr \/>\n<\/div>\n<\/td>\n<\/tr>\n<tr>\n<td style=\"width: 16.9857%\"><strong>Kde n\u00e1s najdete:<br \/>\n<\/strong><\/td>\n<td style=\"width: 82.9925%\">Budova E, p\u0159\u00edzem\u00ed<\/td>\n<\/tr>\n<\/tbody>\n<\/table>\n<\/div><\/li><li class=\"accordion__item \"><div class=\"accordion__header \" \r\n                id=\"accordion-header-post-17645\"\r\n                role=\"button\"\r\n                aria-expanded=\"false\"\r\n                aria-controls=\"accordion-content-post-17645\"\r\n                data-id=\"post-17645\" \r\n                data-item=\"hfaq-post-17645\" \r\n                style=\"background:transparent;\" \r\n                data-tags=\"\"\r\n                tabindex=\"0\"><div class=\"accordion__title\">Ko\u017en\u00ed ambulance 4<\/div><\/div><div id=\"accordion-content-post-17645\" \r\n                class=\"accordion__body\" \r\n                role=\"region\"\r\n                aria-labelledby=\"accordion-header-post-17645\"\r\n                style=\"background:transparent;\"><table style=\"border-collapse: collapse;width: 97.6447%;height: 58px\" border=\"1\">\n<tbody>\n<tr style=\"height: 10px\">\n<td style=\"width: 16.9857%;height: 10px\"><strong>L\u00e9ka\u0159i:<\/strong><\/td>\n<td class=\"xl26\" style=\"width: 83.0143%;height: 10px\" width=\"256\">Nevoralov\u00e1 Zuzana, MUDr. Ph.D.,<br \/>\nKol\u00e1\u0159ov\u00e1 Nicole, MUDr.,<br \/>\nNov\u00e1\u010dkov\u00e1 Hana, MUDr.<\/td>\n<\/tr>\n<tr>\n<td style=\"width: 16.9857%\" colspan=\"2\">\n<div>\n<hr \/>\n<\/div>\n<\/td>\n<\/tr>\n<tr style=\"height: 24px\">\n<td style=\"width: 16.9857%;height: 24px\"><strong>Telefon:<\/strong><\/td>\n<td class=\"xl28\" style=\"width: 83.0143%;height: 24px\" width=\"256\" height=\"17\">+420 567 157 494<\/td>\n<\/tr>\n<tr>\n<td style=\"width: 16.9857%\" colspan=\"2\">\n<div>\n<hr \/>\n<\/div>\n<\/td>\n<\/tr>\n<tr>\n<td style=\"width: 16.9857%\"><strong>Ordina\u010dn\u00ed hodiny:<\/strong><\/td>\n<td style=\"width: 83.0143%\"><strong>Pouze objednan\u00ed pacienti<\/strong><\/p>\n<table style=\"border-collapse: collapse;width: 100%;height: 24px\" border=\"1\">\n<tbody>\n<tr style=\"height: 24px\">\n<td style=\"width: 4.98069%;height: 24px\"><strong>PO:<\/strong><\/td>\n<td style=\"width: 95.0193%;height: 24px\">\n<div>7:00 &#8211; 12:30<\/div>\n<div>13:00 &#8211; 15:30<\/div>\n<\/td>\n<\/tr>\n<tr style=\"height: 24px\">\n<td style=\"width: 4.98069%;height: 24px\"><strong>\u00daT:<\/strong><\/td>\n<td style=\"width: 95.0193%;height: 24px\">\n<div>8:15 \u2013 12:30<\/div>\n<div>13:00 &#8211; 15:30<\/div>\n<\/td>\n<\/tr>\n<tr style=\"height: 24px\">\n<td style=\"width: 4.98069%;height: 24px\"><strong>ST:<\/strong><\/td>\n<td style=\"width: 95.0193%;height: 24px\">\n<div>9:00 &#8211; 11:00<\/div>\n<div>11:00 &#8211; 15:30<\/div>\n<\/td>\n<\/tr>\n<tr style=\"height: 24px\">\n<td style=\"width: 4.98069%;height: 24px\"><strong>\u010cT:<\/strong><\/td>\n<td style=\"width: 95.0193%;height: 24px\">\n<div>8:00 &#8211; 12:00<\/div>\n<div>12:30 &#8211; 15:00<\/div>\n<\/td>\n<\/tr>\n<tr style=\"height: 24px\">\n<td style=\"width: 4.98069%;height: 24px\"><strong>P\u00c1:<\/strong><\/td>\n<td style=\"width: 95.0193%;height: 24px\">\n<div>07:00 &#8211; 12:30<\/div>\n<div>13:00 &#8211; 15:00<\/div>\n<\/td>\n<\/tr>\n<\/tbody>\n<\/table>\n<\/td>\n<\/tr>\n<tr>\n<td style=\"width: 16.9857%\" colspan=\"2\">\n<div>\n<hr \/>\n<\/div>\n<\/td>\n<\/tr>\n<tr>\n<td style=\"width: 16.9857%\"><strong>Kde n\u00e1s najdete:<br \/>\n<\/strong><\/td>\n<td style=\"width: 83.0143%\">Budova E, p\u0159\u00edzem\u00ed<\/td>\n<\/tr>\n<\/tbody>\n<\/table>\n<\/div><\/li><\/ul><\/div><\/div><\/article><\/section>\n<\/div>\n<\/div><\/div>\n<\/div>\n<\/div>\n<\/div>\n<\/div>\n<\/div>\n\n","protected":false},"excerpt":{"rendered":"","protected":false},"author":5,"featured_media":17137,"parent":17636,"menu_order":0,"comment_status":"closed","ping_status":"closed","template":"","meta":{"pgc_sgb_lightbox_settings":"","footnotes":"","_links_to":"","_links_to_target":""},"categories":[85],"class_list":["post-17714","page","type-page","status-publish","has-post-thumbnail","hentry","category-page-oddeleni"],"publishpress_future_action":{"enabled":false,"date":"2026-04-23 20:05:57","action":"change-status","newStatus":"draft","terms":[],"taxonomy":"category","extraData":[]},"publishpress_future_workflow_manual_trigger":{"enabledWorkflows":[]},"_links":{"self":[{"href":"https:\/\/webnemji.azurewebsites.net\/en\/wp-json\/wp\/v2\/pages\/17714","targetHints":{"allow":["GET"]}}],"collection":[{"href":"https:\/\/webnemji.azurewebsites.net\/en\/wp-json\/wp\/v2\/pages"}],"about":[{"href":"https:\/\/webnemji.azurewebsites.net\/en\/wp-json\/wp\/v2\/types\/page"}],"author":[{"embeddable":true,"href":"https:\/\/webnemji.azurewebsites.net\/en\/wp-json\/wp\/v2\/users\/5"}],"replies":[{"embeddable":true,"href":"https:\/\/webnemji.azurewebsites.net\/en\/wp-json\/wp\/v2\/comments?post=17714"}],"version-history":[{"count":0,"href":"https:\/\/webnemji.azurewebsites.net\/en\/wp-json\/wp\/v2\/pages\/17714\/revisions"}],"up":[{"embeddable":true,"href":"https:\/\/webnemji.azurewebsites.net\/en\/wp-json\/wp\/v2\/pages\/17636"}],"wp:featuredmedia":[{"embeddable":true,"href":"https:\/\/webnemji.azurewebsites.net\/en\/wp-json\/wp\/v2\/media\/17137"}],"wp:attachment":[{"href":"https:\/\/webnemji.azurewebsites.net\/en\/wp-json\/wp\/v2\/media?parent=17714"}],"wp:term":[{"taxonomy":"category","embeddable":true,"href":"https:\/\/webnemji.azurewebsites.net\/en\/wp-json\/wp\/v2\/categories?post=17714"}],"curies":[{"name":"wp","href":"https:\/\/api.w.org\/{rel}","templated":true}]}}