{"id":18073,"date":"2023-09-06T11:37:04","date_gmt":"2023-09-06T09:37:04","guid":{"rendered":"https:\/\/nemji.rs-kovarik.cz\/?page_id=18073"},"modified":"2023-11-21T07:21:14","modified_gmt":"2023-11-21T06:21:14","slug":"informace-pro-pribuzne","status":"publish","type":"page","link":"https:\/\/webnemji.azurewebsites.net\/en\/oddeleni\/aro\/informace-pro-pribuzne\/","title":{"rendered":"Information for relatives"},"content":{"rendered":"<div id=\"cmsmasters_row_6iluctg3hk\" class=\"cmsmasters_row cmsmasters_color_scheme_default cmsmasters_row_top_default cmsmasters_row_bot_default cmsmasters_row_boxed\">\n<div class=\"cmsmasters_row_outer_parent\">\n<div class=\"cmsmasters_row_overlay\"><\/div>\n<div class=\"cmsmasters_row_outer\">\n<div class=\"cmsmasters_row_inner\">\n<div class=\"cmsmasters_row_margin\">\n<div id=\"cmsmasters_column_sybg7he2sg\" class=\"cmsmasters_column one_first\">\n<div class=\"cmsmasters_column_inner\"><div id=\"cmsmasters_heading_b3c74b95a0\" class=\"cmsmasters_heading_wrap cmsmasters_heading_align_center pageheadingtitle\">\n\t<h1 class=\"cmsmasters_heading\">ARO<\/h1>\n<\/div>\n<\/div><\/div>\n<\/div>\n<\/div>\n<\/div>\n<\/div>\n<\/div>\n<div id=\"cmsmasters_row_ly5ze1hf8e\" class=\"cmsmasters_row cmsmasters_color_scheme_default cmsmasters_row_top_default cmsmasters_row_bot_default cmsmasters_row_boxed\">\n<div class=\"cmsmasters_row_outer_parent\">\n<div class=\"cmsmasters_row_outer\">\n<div class=\"cmsmasters_row_inner\">\n<div class=\"cmsmasters_row_margin\">\n<div id=\"cmsmasters_column_v67ee6nvg7\" class=\"cmsmasters_column one_first\">\n<div class=\"cmsmasters_column_inner\"><div class=\"cmsmasters_text\">\n<p><nav aria-label=\"breadcrumbs\">\n            <div class=\"breadcrumb-container theme1\">\n                <ol>\n                                    <\/ol>\n            <\/div>\n        <\/nav>    <script type=\"application\/ld+json\">\n        {\n            \"@context\": \"http:\/\/schema.org\",\n            \"@type\": \"BreadcrumbList\",\n            \"itemListElement\": [\n                            ]\n        }\n    <\/script>\n   \n    <script>\n            <\/script>\n<\/p>\n<\/div>\n<\/div><\/div>\n<\/div>\n<\/div>\n<\/div>\n<\/div>\n<\/div>\n<div id=\"cmsmasters_row_3f2f8816dd\" class=\"cmsmasters_row cmsmasters_color_scheme_default cmsmasters_row_top_default cmsmasters_row_bot_default cmsmasters_row_boxed\">\n<div class=\"cmsmasters_row_outer_parent\">\n<div class=\"cmsmasters_row_outer\">\n<div class=\"cmsmasters_row_inner\">\n<div class=\"cmsmasters_row_margin\">\n<div id=\"cmsmasters_column_0a1c5940f5\" class=\"cmsmasters_column one_third stickyinfocolumn\">\n<div class=\"cmsmasters_column_inner\"><div id=\"cmsmasters_heading_rva6m2t32d\" class=\"cmsmasters_heading_wrap cmsmasters_heading_align_center\">\n\t<h3 class=\"cmsmasters_heading\">Informace o odd\u011blen\u00ed<\/h3>\n<\/div>\n<div id=\"cmsmasters_divider_dpp34mcdj5\" class=\"cmsmasters_divider cmsmasters_divider_width_short cmsmasters_divider_pos_center\"><\/div>\n<div class=\"cmsmasters_sidebar sidebar_layout_11 sidebar-custom-menu\"><aside id=\"nav_menu-10\" class=\"widget widget_nav_menu\"><div class=\"menu-oddeleni-aro-container\"><ul id=\"menu-oddeleni-aro\" class=\"menu\"><li id=\"menu-item-17946\" class=\"menu-item menu-item-type-custom menu-item-object-custom menu-item-17946\"><a href=\"\/oddeleni\/aro\/#popis-oddeleni\" data-ps2id-api=\"true\"><i class=\"fa-solid fa-info\"><\/i> Popis odd\u011blen\u00ed<\/a><\/li>\n<li id=\"menu-item-17947\" class=\"menu-item menu-item-type-custom menu-item-object-custom menu-item-17947\"><a href=\"\/oddeleni\/aro\/#team\" data-ps2id-api=\"true\"><i class=\"fa-solid fa-user-doctor\"><\/i> Slo\u017een\u00ed t\u00fdmu<\/a><\/li>\n<li id=\"menu-item-17948\" class=\"menu-item menu-item-type-custom menu-item-object-custom menu-item-17948\"><a href=\"\/oddeleni\/aro\/#oteviraci-hodiny\" data-ps2id-api=\"true\"><i class=\"fa-regular fa-clock\"><\/i> Ordina\u010dn\u00ed hodiny<\/a><\/li>\n<li id=\"menu-item-17949\" class=\"menu-item menu-item-type-custom menu-item-object-custom menu-item-17949\"><a href=\"\/oddeleni\/aro\/#kontaktni-informace\" data-ps2id-api=\"true\"><i class=\"fa-solid fa-phone\"><\/i> Kontaktn\u00ed informace<\/a><\/li>\n<li id=\"menu-item-17950\" class=\"menu-item menu-item-type-custom menu-item-object-custom menu-item-17950\"><a href=\"\/oddeleni\/aro\/#kde-nas-najdete\" data-ps2id-api=\"true\"><i class=\"fa-solid fa-location-dot\"><\/i> Kde n\u00e1s najdete<\/a><\/li>\n<li id=\"menu-item-17951\" class=\"menu-item menu-item-type-custom menu-item-object-custom menu-item-17951\"><a href=\"\/oddeleni\/aro\/#fotogalerie\" data-ps2id-api=\"true\"><i class=\"fa-solid fa-camera\"><\/i> Fotogalerie<\/a><\/li>\n<li id=\"menu-item-17952\" class=\"menu-custom-separator menu-item menu-item-type-custom menu-item-object-custom menu-item-17952\"><hr class=\"mhm-menu-separator\"><\/li>\n<li id=\"menu-item-17953\" class=\"static-link menu-item menu-item-type-custom menu-item-object-custom menu-item-17953\"><a href=\"\/oddeleni\/aro\/aro-ambulance\/\" data-ps2id-api=\"true\"><i class=\"fa-solid fa-house-medical\"><\/i> Ambulance<\/a><\/li>\n<li id=\"menu-item-17954\" class=\"static-link menu-item menu-item-type-custom menu-item-object-custom menu-item-17954\"><a href=\"\/oddeleni\/aro\/informace-o-anestezii\/\" data-ps2id-api=\"true\"><i class=\"fa-regular fa-circle-question\"><\/i> Informace o anestezii<\/a><\/li>\n<li id=\"menu-item-17955\" class=\"static-link menu-item menu-item-type-custom menu-item-object-custom menu-item-17955\"><a href=\"\/oddeleni\/aro\/informace-pro-pribuzne\/\" data-ps2id-api=\"true\"><i class=\"fa-solid fa-user-group\"><\/i> Informace pro p\u0159\u00edbuzn\u00e9<\/a><\/li>\n<\/ul><\/div><\/aside><div class=\"cl\"><\/div>\n<\/div>\n<\/div><\/div>\n<div id=\"cmsmasters_column_k7vlyuz4yq\" class=\"cmsmasters_column two_third\">\n<div class=\"cmsmasters_column_inner\"><div id=\"cmsmasters_heading_0cx4mcjjyd\" class=\"cmsmasters_heading_wrap cmsmasters_heading_align_left\">\n\t<h2 class=\"cmsmasters_heading\">Informace pro p\u0159\u00edbuzn\u00e9<\/h2>\n<\/div>\n<div id=\"cmsmasters_divider_kul4awri6m\" class=\"cmsmasters_divider cmsmasters_divider_width_short cmsmasters_divider_pos_left\"><\/div>\n<div class=\"cmsmasters_text\">\n<p>Person\u00e1l l\u016f\u017ekov\u00e9ho odd\u011blen\u00ed ARO si je v\u011bdom psychick\u00e9 z\u00e1t\u011b\u017ee, kterou nesou rodinn\u00ed p\u0159\u00edslu\u0161n\u00edci nemocn\u00fdch, jejich\u017e zdravotn\u00ed stav se (obvykle n\u00e1hle a ne\u010dekan\u011b) zhor\u0161il natolik, \u017ee si vy\u017e\u00e1dal hospitalizaci na pracovi\u0161ti intenzivn\u00ed medic\u00edny.<\/p>\n<p>Ve Va\u0161\u00ed nelehk\u00e9 situaci se V\u00e1m budeme sna\u017eit vyj\u00edt maxim\u00e1ln\u011b vst\u0159\u00edc zejm\u00e9na umo\u017en\u011bn\u00edm n\u00e1v\u0161t\u011bvy u l\u016f\u017eka nemocn\u00e9ho a pr\u016fb\u011b\u017en\u00fdm pod\u00e1v\u00e1n\u00edm informac\u00ed o zdravotn\u00edm stavu a terapeutick\u00e9m pl\u00e1nu (dle platn\u00e9 legislativy).<\/p>\n<p>Byl-li V\u00e1\u0161 p\u0159\u00edbuzn\u00fd p\u0159evezen na na\u0161e odd\u011blen\u00ed pos\u00e1dkou Zdravotnick\u00e9 z\u00e1chrann\u00e9 slu\u017eby, pros\u00edme V\u00e1s, abyste s\u00a0prvn\u00ed \u017e\u00e1dost\u00ed o informace vy\u010dkali nejm\u00e9n\u011b dv\u011b hodiny od z\u00e1sahu ZZS. Po p\u0159ijet\u00ed pacienta na na\u0161e odd\u011blen\u00ed prob\u00edh\u00e1 diagnosticko-terapeutick\u00fd proces, p\u0159i kter\u00e9m je simult\u00e1nn\u011b prov\u00e1d\u011bna diagnostika (p\u00e1tr\u00e1me po p\u0159\u00ed\u010din\u00e1ch n\u00e1hl\u00e9ho zhor\u0161en\u00ed zdrav\u00ed), resuscita\u010dn\u00ed zaji\u0161t\u011bn\u00ed (zaji\u0161t\u011bn\u00ed d\u00fdchac\u00edch cest, c\u00e9vn\u00edch vstup\u016f a jin\u00fdch invaz\u00ed nutn\u00fdch pro sledov\u00e1n\u00ed zdravotn\u00edho stavu a\/nebo umo\u017en\u011bn\u00ed l\u00e9\u010dby) a terapie vyvol\u00e1vaj\u00edc\u00edch p\u0159\u00ed\u010din. L\u00e9ka\u0159i a sestry jsou v\u00a0t\u00e9to dob\u011b pln\u011b zam\u011bstn\u00e1ni p\u00e9\u010d\u00ed o Va\u0161eho bl\u00edzk\u00e9ho a tato doba je pro dal\u0161\u00ed p\u0159\u00edzniv\u00fd v\u00fdvoj zdravotn\u00edho stavu zcela z\u00e1sadn\u00ed.<\/p>\n<p>Informace o zdravotn\u00edm stavu hospitalizovan\u00fdch pacient\u016f pod\u00e1v\u00e1me dle platn\u00e9 legislativy pouze rodinn\u00fdm p\u0159\u00edslu\u0161n\u00edk\u016fm, a to osobn\u011b p\u0159i n\u00e1v\u0161t\u011bv\u011b na l\u016f\u017ekov\u00e9m odd\u011blen\u00ed. Pro mo\u017enost telefonick\u00e9ho pod\u00e1v\u00e1n\u00ed informac\u00ed V\u00e1m bude po prvn\u00ed n\u00e1v\u0161t\u011bv\u011b p\u0159id\u011blen PIN (heslo), kter\u00fd bude slou\u017eit k identifikaci Va\u0161\u00ed osoby p\u0159i hovoru s l\u00e9ka\u0159em a zamez\u00ed tak pod\u00e1n\u00ed informac\u00ed neopr\u00e1vn\u011bn\u00fdm osob\u00e1m.<\/p>\n<p><strong>Nejvhodn\u011bj\u0161\u00ed dobou pro \u017e\u00e1dost o telefonick\u00e9 p\u0159ed\u00e1n\u00ed informac\u00ed\u00a0<\/strong>u pacient\u016f hospitalizovan\u00fdch druh\u00fd a kter\u00fdkoliv dal\u0161\u00ed den je cca 10:00. V t\u00e9to dob\u011b jsou ji\u017e provedeny komplexn\u00ed rann\u00ed vizity, je k dispozici ucelen\u00fd soubor laboratorn\u00edch v\u00fdsledk\u016f i zobrazovac\u00edch metod, l\u00e9ka\u0159 tak m\u00e1 nej\u010derstv\u011bj\u0161\u00ed poznatky, od kter\u00fdch se bude odv\u00edjet pl\u00e1n dal\u0161\u00ed p\u00e9\u010de.<\/p>\n<p><strong>Nejvhodn\u011bj\u0161\u00ed dobou pro n\u00e1v\u0161t\u011bvu Va\u0161eho p\u0159\u00edbuzn\u00e9ho<\/strong> je cca 14:30, kdy jsou dokon\u010deny pravideln\u00e9 o\u0161et\u0159ovatelsk\u00e9 \u010dinnosti, zejm\u00e9na hygiena, p\u00e9\u010de o invazivn\u00ed vstupy a jin\u00e9 nezbytn\u00e9 procedury. Na z\u00e1klad\u011b vyhl\u00e1\u0161ky \u010d. 306\/2012 Sb. mus\u00ed n\u00e1v\u0161t\u011bvy na pracovi\u0161ti akutn\u00ed l\u016f\u017ekov\u00e9 intenzivn\u00ed p\u00e9\u010de pou\u017e\u00edt ochrann\u00fd od\u011bv. Ten zakoup\u00edte v automatu u vchodu na urgentn\u00ed p\u0159\u00edjem, nebo u vstupu na kardiologickou a traumatologicko-ortopedickou JIP, \u010di v na\u0161\u00ed l\u00e9k\u00e1rn\u011b. Pou\u017eit\u00edm ochrann\u00e9ho od\u011bvu chr\u00e1n\u00edte nejen sebe, ale zejm\u00e9na Va\u0161e bl\u00edzk\u00e9.<\/p>\n<p>N\u00e1v\u0161t\u011bvu na na\u0161em odd\u011blen\u00ed V\u00e1m po domluv\u011b se sestrou a l\u00e9ka\u0159em umo\u017en\u00edme i v\u00a0jinou dobu s\u00a0ohledem na Va\u0161e mo\u017enosti. Pros\u00edme V\u00e1s v\u0161ak o shov\u00edvavost a trp\u011blivost v\u00a0situac\u00edch, kdy se person\u00e1l v\u011bnuje jin\u00fdm pacient\u016fm s\u00a0ohro\u017een\u00edm \u017eivotn\u00edch funkc\u00ed a kdy budete po\u017e\u00e1d\u00e1ni, abyste s\u00a0n\u00e1v\u0161t\u011bvou je\u0161t\u011b chv\u00edli vy\u010dkali v\u00a0prostor\u00e1ch nemocnice (obvykle se nejedn\u00e1 o v\u00edce ne\u017e des\u00edtky minut).<\/p>\n<p>Mno\u017estv\u00ed p\u0159\u00edstrojov\u00e9ho vybaven\u00ed na omezen\u00e9m prostoru box\u016f u l\u016f\u017eka nemocn\u00e9ho obvykle neumo\u017e\u0148uje p\u0159\u00edtomnost v\u00edce ne\u017e dvou osob najednou. P\u0159i n\u00e1v\u0161t\u011bv\u00e1ch \u010d\u00edtaj\u00edc\u00edch v\u00edce osob V\u00e1s popros\u00edme, abyste se u nemocn\u00e9ho vyst\u0159\u00eddali.<\/p>\n<p>M\u011bjte, pros\u00edm, na pam\u011bti, \u017ee z d\u016fvodu zdravotn\u00edho stavu a nutn\u00fdch diagnosticko-terapeutick\u00fdch intervenc\u00ed mohou b\u00fdt \u017eivotn\u00ed projevy a vzhled Va\u0161eho bl\u00edzk\u00e9ho p\u0159i hospitalizaci na ARO podstatn\u011b zm\u011bn\u011bny (nejn\u00e1padn\u011bj\u0161\u00ed jsou zejm\u00e9na poruchy v\u011bdom\u00ed \u010di reaktivity na V\u00e1s a zevn\u00ed prost\u0159ed\u00ed obecn\u011b, a\u0165 u\u017e jsou tyto p\u0159\u00edtomny kv\u016fli onemocn\u011bn\u00ed sam\u00e9mu \u010di kv\u016fli nezbytn\u011b nutn\u00e9 analgosedaci \u2013 laicky mnohdy nep\u0159esn\u011b ozna\u010dovan\u00e9 jako \u201eum\u011bl\u00fd sp\u00e1nek\u201c \u2013 a d\u00e1le p\u0159\u00edtomnost mnoha c\u00e9vn\u00edch a jin\u00fdch vstup\u016f, tedy r\u016fzn\u00fdch hadi\u010dek a trubi\u010dek, vedouc\u00edch do t\u011bla nemocn\u00e9ho). Z tohoto d\u016fvodu nedoporu\u010dujeme n\u00e1v\u0161t\u011bvu p\u0159\u00edmo u l\u016f\u017eka d\u011btem.<\/p>\n<\/div>\n<\/div><\/div>\n<\/div>\n<\/div>\n<\/div>\n<\/div>\n<\/div>\n<div id=\"cmsmasters_row_4kb0apw7ag\" class=\"cmsmasters_row cmsmasters_color_scheme_default cmsmasters_row_top_default cmsmasters_row_bot_default cmsmasters_row_boxed\">\n<div class=\"cmsmasters_row_outer_parent\">\n<div class=\"cmsmasters_row_outer\">\n<div class=\"cmsmasters_row_inner\">\n<div class=\"cmsmasters_row_margin\">\n<div id=\"cmsmasters_column_nwwitfqy0a\" class=\"cmsmasters_column one_first\">\n<div class=\"cmsmasters_column_inner\"><\/div><\/div>\n<\/div>\n<\/div>\n<\/div>\n<\/div>\n<\/div>\n\n","protected":false},"excerpt":{"rendered":"","protected":false},"author":1,"featured_media":17128,"parent":17959,"menu_order":0,"comment_status":"closed","ping_status":"closed","template":"","meta":{"pgc_sgb_lightbox_settings":"","footnotes":"","_links_to":"","_links_to_target":""},"categories":[85],"class_list":["post-18073","page","type-page","status-publish","has-post-thumbnail","hentry","category-page-oddeleni"],"publishpress_future_action":{"enabled":false,"date":"2026-04-13 02:09:23","action":"change-status","newStatus":"draft","terms":[],"taxonomy":"category","extraData":[]},"publishpress_future_workflow_manual_trigger":{"enabledWorkflows":[]},"_links":{"self":[{"href":"https:\/\/webnemji.azurewebsites.net\/en\/wp-json\/wp\/v2\/pages\/18073","targetHints":{"allow":["GET"]}}],"collection":[{"href":"https:\/\/webnemji.azurewebsites.net\/en\/wp-json\/wp\/v2\/pages"}],"about":[{"href":"https:\/\/webnemji.azurewebsites.net\/en\/wp-json\/wp\/v2\/types\/page"}],"author":[{"embeddable":true,"href":"https:\/\/webnemji.azurewebsites.net\/en\/wp-json\/wp\/v2\/users\/1"}],"replies":[{"embeddable":true,"href":"https:\/\/webnemji.azurewebsites.net\/en\/wp-json\/wp\/v2\/comments?post=18073"}],"version-history":[{"count":0,"href":"https:\/\/webnemji.azurewebsites.net\/en\/wp-json\/wp\/v2\/pages\/18073\/revisions"}],"up":[{"embeddable":true,"href":"https:\/\/webnemji.azurewebsites.net\/en\/wp-json\/wp\/v2\/pages\/17959"}],"wp:featuredmedia":[{"embeddable":true,"href":"https:\/\/webnemji.azurewebsites.net\/en\/wp-json\/wp\/v2\/media\/17128"}],"wp:attachment":[{"href":"https:\/\/webnemji.azurewebsites.net\/en\/wp-json\/wp\/v2\/media?parent=18073"}],"wp:term":[{"taxonomy":"category","embeddable":true,"href":"https:\/\/webnemji.azurewebsites.net\/en\/wp-json\/wp\/v2\/categories?post=18073"}],"curies":[{"name":"wp","href":"https:\/\/api.w.org\/{rel}","templated":true}]}}