{"id":18305,"date":"2023-09-07T11:36:43","date_gmt":"2023-09-07T09:36:43","guid":{"rendered":"https:\/\/nemji.rs-kovarik.cz\/?page_id=18305"},"modified":"2024-08-28T13:35:26","modified_gmt":"2024-08-28T11:35:26","slug":"spektrum-pece","status":"publish","type":"page","link":"https:\/\/webnemji.azurewebsites.net\/en\/oddeleni\/plicni-oddeleni\/spektrum-pece\/","title":{"rendered":"Spectrum of provided care"},"content":{"rendered":"<div id=\"cmsmasters_row_6iluctg3hk\" class=\"cmsmasters_row cmsmasters_color_scheme_default cmsmasters_row_top_default cmsmasters_row_bot_default cmsmasters_row_boxed\">\n<div class=\"cmsmasters_row_outer_parent\">\n<div class=\"cmsmasters_row_overlay\"><\/div>\n<div class=\"cmsmasters_row_outer\">\n<div class=\"cmsmasters_row_inner\">\n<div class=\"cmsmasters_row_margin\">\n<div id=\"cmsmasters_column_sybg7he2sg\" class=\"cmsmasters_column one_first\">\n<div class=\"cmsmasters_column_inner\"><div id=\"cmsmasters_heading_b3c74b95a0\" class=\"cmsmasters_heading_wrap cmsmasters_heading_align_center pageheadingtitle\">\n\t<h1 class=\"cmsmasters_heading\">Plicn\u00ed odd\u011blen\u00ed<\/h1>\n<\/div>\n<\/div><\/div>\n<\/div>\n<\/div>\n<\/div>\n<\/div>\n<\/div>\n<div id=\"cmsmasters_row_ly5ze1hf8e\" class=\"cmsmasters_row cmsmasters_color_scheme_default cmsmasters_row_top_default cmsmasters_row_bot_default cmsmasters_row_boxed\">\n<div class=\"cmsmasters_row_outer_parent\">\n<div class=\"cmsmasters_row_outer\">\n<div class=\"cmsmasters_row_inner\">\n<div class=\"cmsmasters_row_margin\">\n<div id=\"cmsmasters_column_v67ee6nvg7\" class=\"cmsmasters_column one_first\">\n<div class=\"cmsmasters_column_inner\"><div class=\"cmsmasters_text\">\n<p><nav aria-label=\"breadcrumbs\">\n            <div class=\"breadcrumb-container theme1\">\n                <ol>\n                                    <\/ol>\n            <\/div>\n        <\/nav>    <script type=\"application\/ld+json\">\n        {\n            \"@context\": \"http:\/\/schema.org\",\n            \"@type\": \"BreadcrumbList\",\n            \"itemListElement\": [\n                            ]\n        }\n    <\/script>\n   \n    <script>\n            <\/script>\n<\/p>\n<\/div>\n<\/div><\/div>\n<\/div>\n<\/div>\n<\/div>\n<\/div>\n<\/div>\n<div id=\"cmsmasters_row_3f2f8816dd\" class=\"cmsmasters_row cmsmasters_color_scheme_default cmsmasters_row_top_default cmsmasters_row_bot_default cmsmasters_row_boxed\">\n<div class=\"cmsmasters_row_outer_parent\">\n<div class=\"cmsmasters_row_outer\">\n<div class=\"cmsmasters_row_inner\">\n<div class=\"cmsmasters_row_margin\">\n<div id=\"cmsmasters_column_0a1c5940f5\" class=\"cmsmasters_column one_third stickyinfocolumn\">\n<div class=\"cmsmasters_column_inner\"><div id=\"cmsmasters_heading_rva6m2t32d\" class=\"cmsmasters_heading_wrap cmsmasters_heading_align_center\">\n\t<h3 class=\"cmsmasters_heading\">Informace o odd\u011blen\u00ed<\/h3>\n<\/div>\n<div id=\"cmsmasters_divider_dpp34mcdj5\" class=\"cmsmasters_divider cmsmasters_divider_width_short cmsmasters_divider_pos_center\"><\/div>\n<div class=\"cmsmasters_sidebar sidebar_layout_11 sidebar-custom-menu\"><aside id=\"nav_menu-11\" class=\"widget widget_nav_menu\"><div class=\"menu-oddeleni-plicni-container\"><ul id=\"menu-oddeleni-plicni\" class=\"menu\"><li id=\"menu-item-18231\" class=\"menu-item menu-item-type-custom menu-item-object-custom menu-item-18231\"><a href=\"\/oddeleni\/plicni-oddeleni\/#popis-oddeleni\" data-ps2id-api=\"true\"><i class=\"fa-solid fa-info\"><\/i> Popis odd\u011blen\u00ed<\/a><\/li>\n<li id=\"menu-item-18232\" class=\"menu-item menu-item-type-custom menu-item-object-custom menu-item-18232\"><a href=\"\/oddeleni\/plicni-oddeleni\/#personalni-obsazeni\" data-ps2id-api=\"true\"><i class=\"fa-solid fa-user-doctor\"><\/i> Person\u00e1ln\u00ed obsazen\u00ed<\/a><\/li>\n<li id=\"menu-item-18233\" class=\"menu-item menu-item-type-custom menu-item-object-custom menu-item-18233\"><a href=\"\/oddeleni\/plicni-oddeleni\/#oteviraci-hodiny\" data-ps2id-api=\"true\"><i class=\"fa-regular fa-clock\"><\/i> Ordina\u010dn\u00ed hodiny<\/a><\/li>\n<li id=\"menu-item-18234\" class=\"menu-item menu-item-type-custom menu-item-object-custom menu-item-18234\"><a href=\"\/oddeleni\/plicni-oddeleni\/#kontaktni-informace\" data-ps2id-api=\"true\"><i class=\"fa-solid fa-phone\"><\/i> Kontaktn\u00ed informace<\/a><\/li>\n<li id=\"menu-item-18235\" class=\"menu-item menu-item-type-custom menu-item-object-custom menu-item-18235\"><a href=\"\/oddeleni\/plicni-oddeleni\/#kde-nas-najdete\" data-ps2id-api=\"true\"><i class=\"fa-solid fa-location-dot\"><\/i> Kde n\u00e1s najdete<\/a><\/li>\n<li id=\"menu-item-18236\" class=\"menu-item menu-item-type-custom menu-item-object-custom menu-item-18236\"><a href=\"\/oddeleni\/plicni-oddeleni\/#fotogalerie\" data-ps2id-api=\"true\"><i class=\"fa-solid fa-camera\"><\/i> Fotogalerie<\/a><\/li>\n<li id=\"menu-item-18237\" class=\"menu-custom-separator menu-item menu-item-type-custom menu-item-object-custom menu-item-18237\"><hr class=\"mhm-menu-separator\"><\/li>\n<li id=\"menu-item-18238\" class=\"static-link menu-item menu-item-type-custom menu-item-object-custom menu-item-18238\"><a href=\"\/oddeleni\/plicni-oddeleni\/plicni-ambulance\/\" data-ps2id-api=\"true\"><i class=\"fa-solid fa-house-medical\"><\/i> Ambulance<\/a><\/li>\n<li id=\"menu-item-22207\" class=\"static-link menu-item menu-item-type-custom menu-item-object-custom menu-item-22207\"><a href=\"\/oddeleni\/plicni-oddeleni\/luzkova-cast\/\" data-ps2id-api=\"true\"><i class=\"fa-solid fa-bed\"><\/i> L\u016f\u017ekov\u00e1 \u010d\u00e1st<\/a><\/li>\n<li id=\"menu-item-22424\" class=\"static-link menu-item menu-item-type-custom menu-item-object-custom menu-item-22424\"><a href=\"\/oddeleni\/plicni-oddeleni\/informace-pro-pacienty\/\" data-ps2id-api=\"true\"><i class=\"fa-regular fa-circle-question\"><\/i> Informace pro pacienty<\/a><\/li>\n<li id=\"menu-item-18542\" class=\"static-link menu-item menu-item-type-custom menu-item-object-custom menu-item-18542\"><a href=\"\/oddeleni\/plicni-oddeleni\/objednavka-do-center\" data-ps2id-api=\"true\"><i class=\"fa-solid fa-clipboard-list\"><\/i> Objedn\u00e1vka do center<\/a><\/li>\n<li id=\"menu-item-18239\" class=\"static-link menu-item menu-item-type-custom menu-item-object-custom menu-item-18239\"><a href=\"\/oddeleni\/plicni-oddeleni\/spektrum-pece\/\" data-ps2id-api=\"true\"><i class=\"fa-solid fa-stethoscope\"><\/i> Spektrum p\u00e9\u010de<\/a><\/li>\n<li id=\"menu-item-18366\" class=\"static-link menu-item menu-item-type-custom menu-item-object-custom menu-item-18366\"><a href=\"\/oddeleni\/plicni-oddeleni\/cenik-sluzeb\/\" data-ps2id-api=\"true\"><i class=\"fa-solid fa-square-plus\"><\/i> Cen\u00edk slu\u017eeb<\/a><\/li>\n<\/ul><\/div><\/aside><div class=\"cl\"><\/div>\n<\/div>\n<\/div><\/div>\n<div id=\"cmsmasters_column_k7vlyuz4yq\" class=\"cmsmasters_column two_third\">\n<div class=\"cmsmasters_column_inner\"><div id=\"cmsmasters_heading_0cx4mcjjyd\" class=\"cmsmasters_heading_wrap cmsmasters_heading_align_left\">\n\t<h2 class=\"cmsmasters_heading\">Spektrum p\u00e9\u010de<\/h2>\n<\/div>\n<div id=\"cmsmasters_divider_hgdnxm8b9\" class=\"cmsmasters_divider cmsmasters_divider_width_short cmsmasters_divider_pos_left\"><\/div>\n<div class=\"cmsmasters_text\">\n<ul>\n<li>Onemocn\u011bn\u00ed s bronchi\u00e1ln\u00ed obstrukc\u00ed (CHOPN, astma bronchiale) v\u010detn\u011b jejich nejt\u011b\u017e\u0161\u00edch forem.<\/li>\n<li>L\u00e9\u010dba z\u00e1n\u011btliv\u00fdch onemocn\u011bn\u00edmi d\u00fdchac\u00edho \u00fastroj\u00ed a dutiny hrudn\u00ed.<\/li>\n<li>Interstici\u00e1ln\u00ed plicn\u00ed procesy, neinfek\u010dn\u00ed z\u00e1n\u011bty plic a onemocn\u011bn\u00ed plic zp\u016fsoben\u00e1 vn\u011bj\u0161\u00edmi \u010diniteli.<\/li>\n<li>Tuberkul\u00f3za plic i jin\u00fdch org\u00e1n\u016f, netuberkul\u00f3zn\u00ed mykobakteri\u00f3zy.<\/li>\n<li>Nemoci pohrudnice.<\/li>\n<li>N\u00e1dory plic, mezihrud\u00ed a pohrudnice.<\/li>\n<li>Komplexn\u00ed vy\u0161et\u0159ov\u00e1n\u00ed funkce plic a endoskopick\u00e1 vy\u0161et\u0159en\u00ed plic.<\/li>\n<li>Diagnostika a l\u00e9\u010dba syndrom\u016f z\u00e1stav d\u00fdch\u00e1n\u00ed ve sp\u00e1nku.<\/li>\n<li>P\u00e9\u010de o nemocn\u00e9 s\u202fkone\u010dn\u00fdmi stadii plicn\u00edch onemocn\u011bn\u00ed.<\/li>\n<li>L\u00e9\u010dba z\u00e1vislosti na tab\u00e1ku.<\/li>\n<li>O\u010dkov\u00e1n\u00ed proti tuberkul\u00f3ze.<\/li>\n<\/ul>\n<\/div>\n<\/div><\/div>\n<\/div>\n<\/div>\n<\/div>\n<\/div>\n<\/div>\n\n","protected":false},"excerpt":{"rendered":"","protected":false},"author":5,"featured_media":17120,"parent":17970,"menu_order":0,"comment_status":"closed","ping_status":"closed","template":"","meta":{"pgc_sgb_lightbox_settings":"","footnotes":"","_links_to":"","_links_to_target":""},"categories":[85],"class_list":["post-18305","page","type-page","status-publish","has-post-thumbnail","hentry","category-page-oddeleni"],"publishpress_future_action":{"enabled":false,"date":"2026-04-13 21:55:02","action":"change-status","newStatus":"draft","terms":[],"taxonomy":"category","extraData":[]},"publishpress_future_workflow_manual_trigger":{"enabledWorkflows":[]},"_links":{"self":[{"href":"https:\/\/webnemji.azurewebsites.net\/en\/wp-json\/wp\/v2\/pages\/18305","targetHints":{"allow":["GET"]}}],"collection":[{"href":"https:\/\/webnemji.azurewebsites.net\/en\/wp-json\/wp\/v2\/pages"}],"about":[{"href":"https:\/\/webnemji.azurewebsites.net\/en\/wp-json\/wp\/v2\/types\/page"}],"author":[{"embeddable":true,"href":"https:\/\/webnemji.azurewebsites.net\/en\/wp-json\/wp\/v2\/users\/5"}],"replies":[{"embeddable":true,"href":"https:\/\/webnemji.azurewebsites.net\/en\/wp-json\/wp\/v2\/comments?post=18305"}],"version-history":[{"count":0,"href":"https:\/\/webnemji.azurewebsites.net\/en\/wp-json\/wp\/v2\/pages\/18305\/revisions"}],"up":[{"embeddable":true,"href":"https:\/\/webnemji.azurewebsites.net\/en\/wp-json\/wp\/v2\/pages\/17970"}],"wp:featuredmedia":[{"embeddable":true,"href":"https:\/\/webnemji.azurewebsites.net\/en\/wp-json\/wp\/v2\/media\/17120"}],"wp:attachment":[{"href":"https:\/\/webnemji.azurewebsites.net\/en\/wp-json\/wp\/v2\/media?parent=18305"}],"wp:term":[{"taxonomy":"category","embeddable":true,"href":"https:\/\/webnemji.azurewebsites.net\/en\/wp-json\/wp\/v2\/categories?post=18305"}],"curies":[{"name":"wp","href":"https:\/\/api.w.org\/{rel}","templated":true}]}}