{"id":18359,"date":"2023-09-07T13:41:38","date_gmt":"2023-09-07T11:41:38","guid":{"rendered":"https:\/\/nemji.rs-kovarik.cz\/?page_id=18359"},"modified":"2024-08-28T12:32:48","modified_gmt":"2024-08-28T10:32:48","slug":"cenik-sluzeb","status":"publish","type":"page","link":"https:\/\/webnemji.azurewebsites.net\/en\/oddeleni\/plicni-oddeleni\/cenik-sluzeb\/","title":{"rendered":"Price list"},"content":{"rendered":"<div id=\"cmsmasters_row_6iluctg3hk\" class=\"cmsmasters_row cmsmasters_color_scheme_default cmsmasters_row_top_default cmsmasters_row_bot_default cmsmasters_row_boxed\">\n<div class=\"cmsmasters_row_outer_parent\">\n<div class=\"cmsmasters_row_overlay\"><\/div>\n<div class=\"cmsmasters_row_outer\">\n<div class=\"cmsmasters_row_inner\">\n<div class=\"cmsmasters_row_margin\">\n<div id=\"cmsmasters_column_sybg7he2sg\" class=\"cmsmasters_column one_first\">\n<div class=\"cmsmasters_column_inner\"><div id=\"cmsmasters_heading_b3c74b95a0\" class=\"cmsmasters_heading_wrap cmsmasters_heading_align_center pageheadingtitle\">\n\t<h1 class=\"cmsmasters_heading\">Plicn\u00ed odd\u011blen\u00ed<\/h1>\n<\/div>\n<\/div><\/div>\n<\/div>\n<\/div>\n<\/div>\n<\/div>\n<\/div>\n<div id=\"cmsmasters_row_ly5ze1hf8e\" class=\"cmsmasters_row cmsmasters_color_scheme_default cmsmasters_row_top_default cmsmasters_row_bot_default cmsmasters_row_boxed\">\n<div class=\"cmsmasters_row_outer_parent\">\n<div class=\"cmsmasters_row_outer\">\n<div class=\"cmsmasters_row_inner\">\n<div class=\"cmsmasters_row_margin\">\n<div id=\"cmsmasters_column_v67ee6nvg7\" class=\"cmsmasters_column one_first\">\n<div class=\"cmsmasters_column_inner\"><div class=\"cmsmasters_text\">\n<p><nav aria-label=\"breadcrumbs\">\n            <div class=\"breadcrumb-container theme1\">\n                <ol>\n                                    <\/ol>\n            <\/div>\n        <\/nav>    <script type=\"application\/ld+json\">\n        {\n            \"@context\": \"http:\/\/schema.org\",\n            \"@type\": \"BreadcrumbList\",\n            \"itemListElement\": [\n                            ]\n        }\n    <\/script>\n   \n    <script>\n            <\/script>\n<\/p>\n<\/div>\n<\/div><\/div>\n<\/div>\n<\/div>\n<\/div>\n<\/div>\n<\/div>\n<div id=\"cmsmasters_row_3f2f8816dd\" class=\"cmsmasters_row cmsmasters_color_scheme_default cmsmasters_row_top_default cmsmasters_row_bot_default cmsmasters_row_boxed\">\n<div class=\"cmsmasters_row_outer_parent\">\n<div class=\"cmsmasters_row_outer\">\n<div class=\"cmsmasters_row_inner\">\n<div class=\"cmsmasters_row_margin\">\n<div id=\"cmsmasters_column_0a1c5940f5\" class=\"cmsmasters_column one_third stickyinfocolumn\">\n<div class=\"cmsmasters_column_inner\"><div id=\"cmsmasters_heading_rva6m2t32d\" class=\"cmsmasters_heading_wrap cmsmasters_heading_align_center\">\n\t<h3 class=\"cmsmasters_heading\">Informace o odd\u011blen\u00ed<\/h3>\n<\/div>\n<div id=\"cmsmasters_divider_dpp34mcdj5\" class=\"cmsmasters_divider cmsmasters_divider_width_short cmsmasters_divider_pos_center\"><\/div>\n<div class=\"cmsmasters_sidebar sidebar_layout_11 sidebar-custom-menu\"><aside id=\"nav_menu-11\" class=\"widget widget_nav_menu\"><div class=\"menu-oddeleni-plicni-container\"><ul id=\"menu-oddeleni-plicni\" class=\"menu\"><li id=\"menu-item-18231\" class=\"menu-item menu-item-type-custom menu-item-object-custom menu-item-18231\"><a href=\"\/oddeleni\/plicni-oddeleni\/#popis-oddeleni\" data-ps2id-api=\"true\"><i class=\"fa-solid fa-info\"><\/i> Popis odd\u011blen\u00ed<\/a><\/li>\n<li id=\"menu-item-18232\" class=\"menu-item menu-item-type-custom menu-item-object-custom menu-item-18232\"><a href=\"\/oddeleni\/plicni-oddeleni\/#personalni-obsazeni\" data-ps2id-api=\"true\"><i class=\"fa-solid fa-user-doctor\"><\/i> Person\u00e1ln\u00ed obsazen\u00ed<\/a><\/li>\n<li id=\"menu-item-18233\" class=\"menu-item menu-item-type-custom menu-item-object-custom menu-item-18233\"><a href=\"\/oddeleni\/plicni-oddeleni\/#oteviraci-hodiny\" data-ps2id-api=\"true\"><i class=\"fa-regular fa-clock\"><\/i> Ordina\u010dn\u00ed hodiny<\/a><\/li>\n<li id=\"menu-item-18234\" class=\"menu-item menu-item-type-custom menu-item-object-custom menu-item-18234\"><a href=\"\/oddeleni\/plicni-oddeleni\/#kontaktni-informace\" data-ps2id-api=\"true\"><i class=\"fa-solid fa-phone\"><\/i> Kontaktn\u00ed informace<\/a><\/li>\n<li id=\"menu-item-18235\" class=\"menu-item menu-item-type-custom menu-item-object-custom menu-item-18235\"><a href=\"\/oddeleni\/plicni-oddeleni\/#kde-nas-najdete\" data-ps2id-api=\"true\"><i class=\"fa-solid fa-location-dot\"><\/i> Kde n\u00e1s najdete<\/a><\/li>\n<li id=\"menu-item-18236\" class=\"menu-item menu-item-type-custom menu-item-object-custom menu-item-18236\"><a href=\"\/oddeleni\/plicni-oddeleni\/#fotogalerie\" data-ps2id-api=\"true\"><i class=\"fa-solid fa-camera\"><\/i> Fotogalerie<\/a><\/li>\n<li id=\"menu-item-18237\" class=\"menu-custom-separator menu-item menu-item-type-custom menu-item-object-custom menu-item-18237\"><hr class=\"mhm-menu-separator\"><\/li>\n<li id=\"menu-item-18238\" class=\"static-link menu-item menu-item-type-custom menu-item-object-custom menu-item-18238\"><a href=\"\/oddeleni\/plicni-oddeleni\/plicni-ambulance\/\" data-ps2id-api=\"true\"><i class=\"fa-solid fa-house-medical\"><\/i> Ambulance<\/a><\/li>\n<li id=\"menu-item-22207\" class=\"static-link menu-item menu-item-type-custom menu-item-object-custom menu-item-22207\"><a href=\"\/oddeleni\/plicni-oddeleni\/luzkova-cast\/\" data-ps2id-api=\"true\"><i class=\"fa-solid fa-bed\"><\/i> L\u016f\u017ekov\u00e1 \u010d\u00e1st<\/a><\/li>\n<li id=\"menu-item-22424\" class=\"static-link menu-item menu-item-type-custom menu-item-object-custom menu-item-22424\"><a href=\"\/oddeleni\/plicni-oddeleni\/informace-pro-pacienty\/\" data-ps2id-api=\"true\"><i class=\"fa-regular fa-circle-question\"><\/i> Informace pro pacienty<\/a><\/li>\n<li id=\"menu-item-18542\" class=\"static-link menu-item menu-item-type-custom menu-item-object-custom menu-item-18542\"><a href=\"\/oddeleni\/plicni-oddeleni\/objednavka-do-center\" data-ps2id-api=\"true\"><i class=\"fa-solid fa-clipboard-list\"><\/i> Objedn\u00e1vka do center<\/a><\/li>\n<li id=\"menu-item-18239\" class=\"static-link menu-item menu-item-type-custom menu-item-object-custom menu-item-18239\"><a href=\"\/oddeleni\/plicni-oddeleni\/spektrum-pece\/\" data-ps2id-api=\"true\"><i class=\"fa-solid fa-stethoscope\"><\/i> Spektrum p\u00e9\u010de<\/a><\/li>\n<li id=\"menu-item-18366\" class=\"static-link menu-item menu-item-type-custom menu-item-object-custom menu-item-18366\"><a href=\"\/oddeleni\/plicni-oddeleni\/cenik-sluzeb\/\" data-ps2id-api=\"true\"><i class=\"fa-solid fa-square-plus\"><\/i> Cen\u00edk slu\u017eeb<\/a><\/li>\n<\/ul><\/div><\/aside><div class=\"cl\"><\/div>\n<\/div>\n<\/div><\/div>\n<div id=\"cmsmasters_column_k7vlyuz4yq\" class=\"cmsmasters_column two_third\">\n<div class=\"cmsmasters_column_inner\"><div id=\"cmsmasters_heading_0cx4mcjjyd\" class=\"cmsmasters_heading_wrap cmsmasters_heading_align_left\">\n\t<h2 class=\"cmsmasters_heading\">Cen\u00edk slu\u017eeb<\/h2>\n<\/div>\n<div id=\"cmsmasters_divider_hgdnxm8b9\" class=\"cmsmasters_divider cmsmasters_divider_width_short cmsmasters_divider_pos_left\"><\/div>\n<div class=\"cmsmasters_text\">\n<p>Kompletn\u00ed cen\u00edk je zde:<\/p>\n<\/div>\n<div class=\"cmsmasters_text download-links-small\">\n<div><a href=\"\/wp-content\/uploads\/2023\/08\/Cenik-2026-1-1.pdf\" target=\"_blank\" rel=\"noopener\">Cen\u00edk<\/a><\/div>\n<\/div>\n<div class=\"cmsmasters_text\">\n<p>&nbsp;<\/p>\n<ul>\n<li>Antivirov\u00fd\/antibakteri\u00e1ln\u00ed filtr k d\u00fdchac\u00edmu p\u0159\u00edstroji<strong> &#8211; 100,- K\u010d s DPH.<\/strong><\/li>\n<li>Klinick\u00e9 vy\u0161et\u0159en\u00ed odborn\u00fdm plicn\u00edm l\u00e9ka\u0159em na \u017e\u00e1dost klienta<strong> &#8211; 440,- K\u010d s DPH.<\/strong><\/li>\n<li>Nosn\u00ed kanyla s antivirov\u00fdm\/antibakteri\u00e1ln\u00edm filtrem<strong> &#8211; 200,- K\u010d s DPH.<\/strong><\/li>\n<li>Spirometrie \u2013 vy\u0161et\u0159en\u00ed funkce plic na \u017e\u00e1dost klienta<strong> &#8211; 340,- K\u010d s DPH.<\/strong><\/li>\n<li>Ubytov\u00e1n\u00ed na samostatn\u00e9m pokoji &#8211; pro sp\u00e1nkovou monitoraci<strong> &#8211; 200,- K\u010d s DPH.<\/strong><\/li>\n<li>Vakcinace proti TBC na vy\u017e\u00e1d\u00e1n\u00ed klienta<strong> &#8211; 1600,- K\u010d s DPH.<\/strong><\/li>\n<li>Zap\u016fj\u010den\u00ed koncentr\u00e1toru kysl\u00edku do dom\u00e1c\u00ed p\u00e9\u010de bez spln\u011bn\u00ed krit\u00e9ri\u00ed pro DDOT<strong> &#8211; 40,- K\u010d s DPH\/den.<\/strong><\/li>\n<li>Dekontaminace a \u010di\u0161t\u011bn\u00ed d\u00fdchac\u00edho p\u0159\u00edstroje <strong>&#8211; 300 K\u010d<\/strong>.<\/li>\n<li>Dekontaminace a \u010di\u0161t\u011bn\u00ed p\u0159\u00edstroje pro sp\u00e1nkovou monitoraci <strong>&#8211; 200 K\u010d.<\/strong><\/li>\n<\/ul>\n<\/div>\n<\/div><\/div>\n<\/div>\n<\/div>\n<\/div>\n<\/div>\n<\/div>\n\n","protected":false},"excerpt":{"rendered":"","protected":false},"author":5,"featured_media":17120,"parent":17970,"menu_order":0,"comment_status":"closed","ping_status":"closed","template":"","meta":{"pgc_sgb_lightbox_settings":"","footnotes":"","_links_to":"","_links_to_target":""},"categories":[85],"class_list":["post-18359","page","type-page","status-publish","has-post-thumbnail","hentry","category-page-oddeleni"],"publishpress_future_action":{"enabled":false,"date":"2026-05-05 10:39:51","action":"change-status","newStatus":"draft","terms":[],"taxonomy":"category","extraData":[]},"publishpress_future_workflow_manual_trigger":{"enabledWorkflows":[]},"_links":{"self":[{"href":"https:\/\/webnemji.azurewebsites.net\/en\/wp-json\/wp\/v2\/pages\/18359","targetHints":{"allow":["GET"]}}],"collection":[{"href":"https:\/\/webnemji.azurewebsites.net\/en\/wp-json\/wp\/v2\/pages"}],"about":[{"href":"https:\/\/webnemji.azurewebsites.net\/en\/wp-json\/wp\/v2\/types\/page"}],"author":[{"embeddable":true,"href":"https:\/\/webnemji.azurewebsites.net\/en\/wp-json\/wp\/v2\/users\/5"}],"replies":[{"embeddable":true,"href":"https:\/\/webnemji.azurewebsites.net\/en\/wp-json\/wp\/v2\/comments?post=18359"}],"version-history":[{"count":0,"href":"https:\/\/webnemji.azurewebsites.net\/en\/wp-json\/wp\/v2\/pages\/18359\/revisions"}],"up":[{"embeddable":true,"href":"https:\/\/webnemji.azurewebsites.net\/en\/wp-json\/wp\/v2\/pages\/17970"}],"wp:featuredmedia":[{"embeddable":true,"href":"https:\/\/webnemji.azurewebsites.net\/en\/wp-json\/wp\/v2\/media\/17120"}],"wp:attachment":[{"href":"https:\/\/webnemji.azurewebsites.net\/en\/wp-json\/wp\/v2\/media?parent=18359"}],"wp:term":[{"taxonomy":"category","embeddable":true,"href":"https:\/\/webnemji.azurewebsites.net\/en\/wp-json\/wp\/v2\/categories?post=18359"}],"curies":[{"name":"wp","href":"https:\/\/api.w.org\/{rel}","templated":true}]}}