{"id":18650,"date":"2023-09-12T14:41:20","date_gmt":"2023-09-12T12:41:20","guid":{"rendered":"https:\/\/nemji.rs-kovarik.cz\/?page_id=18650"},"modified":"2026-02-17T14:43:03","modified_gmt":"2026-02-17T13:43:03","slug":"nadstandardni-sluzby","status":"publish","type":"page","link":"https:\/\/webnemji.azurewebsites.net\/en\/oddeleni\/chirurgicke-oddeleni\/nadstandardni-sluzby\/","title":{"rendered":"Premium services"},"content":{"rendered":"<div id=\"cmsmasters_row_6iluctg3hk\" class=\"cmsmasters_row cmsmasters_color_scheme_default cmsmasters_row_top_default cmsmasters_row_bot_default cmsmasters_row_boxed\">\n<div class=\"cmsmasters_row_outer_parent\">\n<div class=\"cmsmasters_row_overlay\"><\/div>\n<div class=\"cmsmasters_row_outer\">\n<div class=\"cmsmasters_row_inner\">\n<div class=\"cmsmasters_row_margin\">\n<div id=\"cmsmasters_column_sybg7he2sg\" class=\"cmsmasters_column one_first\">\n<div class=\"cmsmasters_column_inner\"><div id=\"cmsmasters_heading_b3c74b95a0\" class=\"cmsmasters_heading_wrap cmsmasters_heading_align_center pageheadingtitle\">\n\t<h1 class=\"cmsmasters_heading\">Chirurgick\u00e9 odd\u011blen\u00ed<\/h1>\n<\/div>\n<\/div><\/div>\n<\/div>\n<\/div>\n<\/div>\n<\/div>\n<\/div>\n<div id=\"cmsmasters_row_ly5ze1hf8e\" class=\"cmsmasters_row cmsmasters_color_scheme_default cmsmasters_row_top_default cmsmasters_row_bot_default cmsmasters_row_boxed\">\n<div class=\"cmsmasters_row_outer_parent\">\n<div class=\"cmsmasters_row_outer\">\n<div class=\"cmsmasters_row_inner\">\n<div class=\"cmsmasters_row_margin\">\n<div id=\"cmsmasters_column_v67ee6nvg7\" class=\"cmsmasters_column one_first\">\n<div class=\"cmsmasters_column_inner\"><div class=\"cmsmasters_text\">\n<p><nav aria-label=\"breadcrumbs\">\n            <div class=\"breadcrumb-container theme1\">\n                <ol>\n                                    <\/ol>\n            <\/div>\n        <\/nav>    <script type=\"application\/ld+json\">\n        {\n            \"@context\": \"http:\/\/schema.org\",\n            \"@type\": \"BreadcrumbList\",\n            \"itemListElement\": [\n                            ]\n        }\n    <\/script>\n   \n    <script>\n            <\/script>\n<\/p>\n<\/div>\n<\/div><\/div>\n<\/div>\n<\/div>\n<\/div>\n<\/div>\n<\/div>\n<div id=\"cmsmasters_row_3f2f8816dd\" class=\"cmsmasters_row cmsmasters_color_scheme_default cmsmasters_row_top_default cmsmasters_row_bot_default cmsmasters_row_boxed\">\n<div class=\"cmsmasters_row_outer_parent\">\n<div class=\"cmsmasters_row_outer\">\n<div class=\"cmsmasters_row_inner\">\n<div class=\"cmsmasters_row_margin\">\n<div id=\"cmsmasters_column_0a1c5940f5\" class=\"cmsmasters_column one_third stickyinfocolumn\">\n<div class=\"cmsmasters_column_inner\"><div id=\"cmsmasters_heading_rva6m2t32d\" class=\"cmsmasters_heading_wrap cmsmasters_heading_align_center\">\n\t<h3 class=\"cmsmasters_heading\">Informace o odd\u011blen\u00ed<\/h3>\n<\/div>\n<div id=\"cmsmasters_divider_dpp34mcdj5\" class=\"cmsmasters_divider cmsmasters_divider_width_short cmsmasters_divider_pos_center\"><\/div>\n<div class=\"cmsmasters_sidebar sidebar_layout_11 sidebar-custom-menu\"><aside id=\"nav_menu-13\" class=\"widget widget_nav_menu\"><div class=\"menu-oddeleni-chirurgie-container\"><ul id=\"menu-oddeleni-chirurgie\" class=\"menu\"><li id=\"menu-item-18610\" class=\"menu-item menu-item-type-custom menu-item-object-custom menu-item-18610\"><a href=\"\/oddeleni\/chirurgicke-oddeleni\/#popis-oddeleni\" data-ps2id-api=\"true\"><i class=\"fa-solid fa-info\"><\/i> Popis odd\u011blen\u00ed<\/a><\/li>\n<li id=\"menu-item-18611\" class=\"menu-item menu-item-type-custom menu-item-object-custom menu-item-18611\"><a href=\"\/oddeleni\/chirurgicke-oddeleni\/#personalni-obsazeni\" data-ps2id-api=\"true\"><i class=\"fa-solid fa-user-doctor\"><\/i> Person\u00e1ln\u00ed obsazen\u00ed<\/a><\/li>\n<li id=\"menu-item-18612\" class=\"menu-item menu-item-type-custom menu-item-object-custom menu-item-18612\"><a href=\"\/oddeleni\/chirurgicke-oddeleni\/#oteviraci-hodiny\" data-ps2id-api=\"true\"><i class=\"fa-regular fa-clock\"><\/i> Ordina\u010dn\u00ed hodiny<\/a><\/li>\n<li id=\"menu-item-18613\" class=\"menu-item menu-item-type-custom menu-item-object-custom menu-item-18613\"><a href=\"\/oddeleni\/chirurgicke-oddeleni\/#kontaktni-informace\" data-ps2id-api=\"true\"><i class=\"fa-solid fa-phone\"><\/i> Kontaktn\u00ed informace<\/a><\/li>\n<li id=\"menu-item-18614\" class=\"menu-item menu-item-type-custom menu-item-object-custom menu-item-18614\"><a href=\"\/oddeleni\/chirurgicke-oddeleni\/#kde-nas-najdete\" data-ps2id-api=\"true\"><i class=\"fa-solid fa-location-dot\"><\/i> Kde n\u00e1s najdete<\/a><\/li>\n<li id=\"menu-item-18615\" class=\"menu-item menu-item-type-custom menu-item-object-custom menu-item-18615\"><a href=\"\/oddeleni\/chirurgicke-oddeleni\/#fotogalerie\" data-ps2id-api=\"true\"><i class=\"fa-solid fa-camera\"><\/i> Fotogalerie<\/a><\/li>\n<li id=\"menu-item-18616\" class=\"menu-custom-separator menu-item menu-item-type-custom menu-item-object-custom menu-item-18616\"><hr class=\"mhm-menu-separator\"><\/li>\n<li id=\"menu-item-18617\" class=\"static-link menu-item menu-item-type-custom menu-item-object-custom menu-item-18617\"><a href=\"\/oddeleni\/chirurgicke-oddeleni\/chirurgicke-ambulance\/\" data-ps2id-api=\"true\"><i class=\"fa-solid fa-house-medical\"><\/i> Ambulance<\/a><\/li>\n<li id=\"menu-item-19106\" class=\"static-link menu-item menu-item-type-custom menu-item-object-custom menu-item-19106\"><a href=\"\/oddeleni\/chirurgicke-oddeleni\/luzkova-cast\/\" data-ps2id-api=\"true\"><i class=\"fa-solid fa-bed-pulse\"><\/i> L\u016f\u017ekov\u00e1 \u010d\u00e1st<\/a><\/li>\n<li id=\"menu-item-18619\" class=\"static-link menu-item menu-item-type-custom menu-item-object-custom menu-item-18619\"><a href=\"\/oddeleni\/chirurgicke-oddeleni\/spektrum-pece\/\" data-ps2id-api=\"true\"><i class=\"fa-solid fa-stethoscope\"><\/i> Spektrum p\u00e9\u010de<\/a><\/li>\n<li id=\"menu-item-18664\" class=\"static-link menu-item menu-item-type-custom menu-item-object-custom menu-item-18664\"><a href=\"\/oddeleni\/chirurgicke-oddeleni\/informace-pro-pacienty\/\" data-ps2id-api=\"true\"><i class=\"fa-regular fa-circle-question\"><\/i> Informace pro pacienty<\/a><\/li>\n<li id=\"menu-item-18620\" class=\"static-link menu-item menu-item-type-custom menu-item-object-custom menu-item-18620\"><a href=\"\/oddeleni\/chirurgicke-oddeleni\/nadstandardni-sluzby\/\" data-ps2id-api=\"true\"><i class=\"fa-solid fa-square-plus\"><\/i> Nadstandardn\u00ed slu\u017eby<\/a><\/li>\n<li id=\"menu-item-26155\" class=\"static-link menu-item menu-item-type-custom menu-item-object-custom menu-item-26155\"><a href=\"\/oddeleni\/chirurgicke-oddeleni\/plasticka-chirurgie\/\" data-ps2id-api=\"true\"><i class=\"fa-solid fa-syringe\"><\/i> Plastick\u00e1 chirurgie<\/a><\/li>\n<\/ul><\/div><\/aside><div class=\"cl\"><\/div>\n<\/div>\n<\/div><\/div>\n<div id=\"cmsmasters_column_k7vlyuz4yq\" class=\"cmsmasters_column two_third\">\n<div class=\"cmsmasters_column_inner\"><div id=\"cmsmasters_heading_0cx4mcjjyd\" class=\"cmsmasters_heading_wrap cmsmasters_heading_align_left\">\n\t<h2 class=\"cmsmasters_heading\">Nadstandardn\u00ed slu\u017eby<\/h2>\n<\/div>\n<div id=\"cmsmasters_divider_kul4awri6m\" class=\"cmsmasters_divider cmsmasters_divider_width_short cmsmasters_divider_pos_left\"><\/div>\n<div class=\"cmsmasters_text\">\n<p>Nadstandardn\u00ed pokoj se nach\u00e1z\u00ed po jednom na obou stanic\u00edch A i B chirurgick\u00e9ho odd\u011blen\u00ed.\u00a0Je to jednol\u016f\u017ekov\u00fd uzamykateln\u00fd pokoj s vlastn\u00ed koupelnou a WC, s TV p\u0159\u00edjma\u010dem, r\u00e1diem, telefonem, ledni\u010dkou, balk\u00f3nem a k\u0159eslem pro n\u00e1v\u0161t\u011bvy.<\/p>\n<p>Pro malou kapacitu si nelze nadstandardn\u00ed pokoj objednat. Lze o n\u011bj po\u017e\u00e1dat p\u0159i p\u0159\u00edjmu na odd\u011blen\u00ed chirurgie a v\u00a0p\u0159\u00edpad\u011b, \u017ee nen\u00ed obsazen, bude poskytnut.<\/p>\n<p>Je-li to mo\u017en\u00e9 z kapacitn\u00edch d\u016fvod\u016f odd\u011blen\u00ed, lze pacient\u016fm nab\u00eddnout samostatn\u00fd pokoj bez nadstandardn\u00edho vybaven\u00ed.<\/p>\n<p>&nbsp;<\/p>\n<p>Cen\u00edk slu\u017eeb za nadstandardn\u00ed slu\u017eby chirurgick\u00e9ho odd\u011blen\u00ed Nemocnice Jihlava najdete zde:<\/p>\n<\/div>\n<div class=\"cmsmasters_text download-links-small\">\n<div><a href=\"\/wp-content\/uploads\/2023\/08\/Cenik-2026-1.pdf\" target=\"_blank\" rel=\"noopener\">Cen\u00edk Nemocnice Jihlava<\/a><\/div>\n<\/div>\n<\/div><\/div>\n<\/div>\n<\/div>\n<\/div>\n<\/div>\n<\/div>\n\n","protected":false},"excerpt":{"rendered":"","protected":false},"author":1,"featured_media":17139,"parent":18606,"menu_order":0,"comment_status":"closed","ping_status":"closed","template":"","meta":{"pgc_sgb_lightbox_settings":"","footnotes":"","_links_to":"","_links_to_target":""},"categories":[85],"class_list":["post-18650","page","type-page","status-publish","has-post-thumbnail","hentry","category-page-oddeleni"],"publishpress_future_action":{"enabled":false,"date":"2026-04-24 01:34:14","action":"change-status","newStatus":"draft","terms":[],"taxonomy":"category","extraData":[]},"publishpress_future_workflow_manual_trigger":{"enabledWorkflows":[]},"_links":{"self":[{"href":"https:\/\/webnemji.azurewebsites.net\/en\/wp-json\/wp\/v2\/pages\/18650","targetHints":{"allow":["GET"]}}],"collection":[{"href":"https:\/\/webnemji.azurewebsites.net\/en\/wp-json\/wp\/v2\/pages"}],"about":[{"href":"https:\/\/webnemji.azurewebsites.net\/en\/wp-json\/wp\/v2\/types\/page"}],"author":[{"embeddable":true,"href":"https:\/\/webnemji.azurewebsites.net\/en\/wp-json\/wp\/v2\/users\/1"}],"replies":[{"embeddable":true,"href":"https:\/\/webnemji.azurewebsites.net\/en\/wp-json\/wp\/v2\/comments?post=18650"}],"version-history":[{"count":0,"href":"https:\/\/webnemji.azurewebsites.net\/en\/wp-json\/wp\/v2\/pages\/18650\/revisions"}],"up":[{"embeddable":true,"href":"https:\/\/webnemji.azurewebsites.net\/en\/wp-json\/wp\/v2\/pages\/18606"}],"wp:featuredmedia":[{"embeddable":true,"href":"https:\/\/webnemji.azurewebsites.net\/en\/wp-json\/wp\/v2\/media\/17139"}],"wp:attachment":[{"href":"https:\/\/webnemji.azurewebsites.net\/en\/wp-json\/wp\/v2\/media?parent=18650"}],"wp:term":[{"taxonomy":"category","embeddable":true,"href":"https:\/\/webnemji.azurewebsites.net\/en\/wp-json\/wp\/v2\/categories?post=18650"}],"curies":[{"name":"wp","href":"https:\/\/api.w.org\/{rel}","templated":true}]}}