{"id":18662,"date":"2023-09-12T14:57:15","date_gmt":"2023-09-12T12:57:15","guid":{"rendered":"https:\/\/nemji.rs-kovarik.cz\/?page_id=18662"},"modified":"2023-12-19T10:02:55","modified_gmt":"2023-12-19T09:02:55","slug":"informace-pro-pacienty","status":"publish","type":"page","link":"https:\/\/webnemji.azurewebsites.net\/en\/oddeleni\/chirurgicke-oddeleni\/informace-pro-pacienty\/","title":{"rendered":"Information for patients"},"content":{"rendered":"<div id=\"cmsmasters_row_6iluctg3hk\" class=\"cmsmasters_row cmsmasters_color_scheme_default cmsmasters_row_top_default cmsmasters_row_bot_default cmsmasters_row_boxed\">\n<div class=\"cmsmasters_row_outer_parent\">\n<div class=\"cmsmasters_row_overlay\"><\/div>\n<div class=\"cmsmasters_row_outer\">\n<div class=\"cmsmasters_row_inner\">\n<div class=\"cmsmasters_row_margin\">\n<div id=\"cmsmasters_column_sybg7he2sg\" class=\"cmsmasters_column one_first\">\n<div class=\"cmsmasters_column_inner\"><div id=\"cmsmasters_heading_b3c74b95a0\" class=\"cmsmasters_heading_wrap cmsmasters_heading_align_center pageheadingtitle\">\n\t<h1 class=\"cmsmasters_heading\">Chirurgick\u00e9 odd\u011blen\u00ed<\/h1>\n<\/div>\n<\/div><\/div>\n<\/div>\n<\/div>\n<\/div>\n<\/div>\n<\/div>\n<div id=\"cmsmasters_row_ly5ze1hf8e\" class=\"cmsmasters_row cmsmasters_color_scheme_default cmsmasters_row_top_default cmsmasters_row_bot_default cmsmasters_row_boxed\">\n<div class=\"cmsmasters_row_outer_parent\">\n<div class=\"cmsmasters_row_outer\">\n<div class=\"cmsmasters_row_inner\">\n<div class=\"cmsmasters_row_margin\">\n<div id=\"cmsmasters_column_v67ee6nvg7\" class=\"cmsmasters_column one_first\">\n<div class=\"cmsmasters_column_inner\"><div class=\"cmsmasters_text\">\n<p><nav aria-label=\"breadcrumbs\">\n            <div class=\"breadcrumb-container theme1\">\n                <ol>\n                                    <\/ol>\n            <\/div>\n        <\/nav>    <script type=\"application\/ld+json\">\n        {\n            \"@context\": \"http:\/\/schema.org\",\n            \"@type\": \"BreadcrumbList\",\n            \"itemListElement\": [\n                            ]\n        }\n    <\/script>\n   \n    <script>\n            <\/script>\n<\/p>\n<\/div>\n<\/div><\/div>\n<\/div>\n<\/div>\n<\/div>\n<\/div>\n<\/div>\n<div id=\"cmsmasters_row_3f2f8816dd\" class=\"cmsmasters_row cmsmasters_color_scheme_default cmsmasters_row_top_default cmsmasters_row_bot_default cmsmasters_row_boxed\">\n<div class=\"cmsmasters_row_outer_parent\">\n<div class=\"cmsmasters_row_outer\">\n<div class=\"cmsmasters_row_inner\">\n<div class=\"cmsmasters_row_margin\">\n<div id=\"cmsmasters_column_0a1c5940f5\" class=\"cmsmasters_column one_third stickyinfocolumn\">\n<div class=\"cmsmasters_column_inner\"><div id=\"cmsmasters_heading_rva6m2t32d\" class=\"cmsmasters_heading_wrap cmsmasters_heading_align_center\">\n\t<h3 class=\"cmsmasters_heading\">Informace o odd\u011blen\u00ed<\/h3>\n<\/div>\n<div id=\"cmsmasters_divider_dpp34mcdj5\" class=\"cmsmasters_divider cmsmasters_divider_width_short cmsmasters_divider_pos_center\"><\/div>\n<div class=\"cmsmasters_sidebar sidebar_layout_11 sidebar-custom-menu\"><aside id=\"nav_menu-13\" class=\"widget widget_nav_menu\"><div class=\"menu-oddeleni-chirurgie-container\"><ul id=\"menu-oddeleni-chirurgie\" class=\"menu\"><li id=\"menu-item-18610\" class=\"menu-item menu-item-type-custom menu-item-object-custom menu-item-18610\"><a href=\"\/oddeleni\/chirurgicke-oddeleni\/#popis-oddeleni\" data-ps2id-api=\"true\"><i class=\"fa-solid fa-info\"><\/i> Popis odd\u011blen\u00ed<\/a><\/li>\n<li id=\"menu-item-18611\" class=\"menu-item menu-item-type-custom menu-item-object-custom menu-item-18611\"><a href=\"\/oddeleni\/chirurgicke-oddeleni\/#personalni-obsazeni\" data-ps2id-api=\"true\"><i class=\"fa-solid fa-user-doctor\"><\/i> Person\u00e1ln\u00ed obsazen\u00ed<\/a><\/li>\n<li id=\"menu-item-18612\" class=\"menu-item menu-item-type-custom menu-item-object-custom menu-item-18612\"><a href=\"\/oddeleni\/chirurgicke-oddeleni\/#oteviraci-hodiny\" data-ps2id-api=\"true\"><i class=\"fa-regular fa-clock\"><\/i> Ordina\u010dn\u00ed hodiny<\/a><\/li>\n<li id=\"menu-item-18613\" class=\"menu-item menu-item-type-custom menu-item-object-custom menu-item-18613\"><a href=\"\/oddeleni\/chirurgicke-oddeleni\/#kontaktni-informace\" data-ps2id-api=\"true\"><i class=\"fa-solid fa-phone\"><\/i> Kontaktn\u00ed informace<\/a><\/li>\n<li id=\"menu-item-18614\" class=\"menu-item menu-item-type-custom menu-item-object-custom menu-item-18614\"><a href=\"\/oddeleni\/chirurgicke-oddeleni\/#kde-nas-najdete\" data-ps2id-api=\"true\"><i class=\"fa-solid fa-location-dot\"><\/i> Kde n\u00e1s najdete<\/a><\/li>\n<li id=\"menu-item-18615\" class=\"menu-item menu-item-type-custom menu-item-object-custom menu-item-18615\"><a href=\"\/oddeleni\/chirurgicke-oddeleni\/#fotogalerie\" data-ps2id-api=\"true\"><i class=\"fa-solid fa-camera\"><\/i> Fotogalerie<\/a><\/li>\n<li id=\"menu-item-18616\" class=\"menu-custom-separator menu-item menu-item-type-custom menu-item-object-custom menu-item-18616\"><hr class=\"mhm-menu-separator\"><\/li>\n<li id=\"menu-item-18617\" class=\"static-link menu-item menu-item-type-custom menu-item-object-custom menu-item-18617\"><a href=\"\/oddeleni\/chirurgicke-oddeleni\/chirurgicke-ambulance\/\" data-ps2id-api=\"true\"><i class=\"fa-solid fa-house-medical\"><\/i> Ambulance<\/a><\/li>\n<li id=\"menu-item-19106\" class=\"static-link menu-item menu-item-type-custom menu-item-object-custom menu-item-19106\"><a href=\"\/oddeleni\/chirurgicke-oddeleni\/luzkova-cast\/\" data-ps2id-api=\"true\"><i class=\"fa-solid fa-bed-pulse\"><\/i> L\u016f\u017ekov\u00e1 \u010d\u00e1st<\/a><\/li>\n<li id=\"menu-item-18619\" class=\"static-link menu-item menu-item-type-custom menu-item-object-custom menu-item-18619\"><a href=\"\/oddeleni\/chirurgicke-oddeleni\/spektrum-pece\/\" data-ps2id-api=\"true\"><i class=\"fa-solid fa-stethoscope\"><\/i> Spektrum p\u00e9\u010de<\/a><\/li>\n<li id=\"menu-item-18664\" class=\"static-link menu-item menu-item-type-custom menu-item-object-custom menu-item-18664\"><a href=\"\/oddeleni\/chirurgicke-oddeleni\/informace-pro-pacienty\/\" data-ps2id-api=\"true\"><i class=\"fa-regular fa-circle-question\"><\/i> Informace pro pacienty<\/a><\/li>\n<li id=\"menu-item-18620\" class=\"static-link menu-item menu-item-type-custom menu-item-object-custom menu-item-18620\"><a href=\"\/oddeleni\/chirurgicke-oddeleni\/nadstandardni-sluzby\/\" data-ps2id-api=\"true\"><i class=\"fa-solid fa-square-plus\"><\/i> Nadstandardn\u00ed slu\u017eby<\/a><\/li>\n<li id=\"menu-item-26155\" class=\"static-link menu-item menu-item-type-custom menu-item-object-custom menu-item-26155\"><a href=\"\/oddeleni\/chirurgicke-oddeleni\/plasticka-chirurgie\/\" data-ps2id-api=\"true\"><i class=\"fa-solid fa-syringe\"><\/i> Plastick\u00e1 chirurgie<\/a><\/li>\n<\/ul><\/div><\/aside><div class=\"cl\"><\/div>\n<\/div>\n<\/div><\/div>\n<div id=\"cmsmasters_column_k7vlyuz4yq\" class=\"cmsmasters_column two_third\">\n<div class=\"cmsmasters_column_inner\"><div id=\"cmsmasters_heading_0cx4mcjjyd\" class=\"cmsmasters_heading_wrap cmsmasters_heading_align_left\">\n\t<h2 class=\"cmsmasters_heading\">Informace pro pacienty<\/h2>\n<\/div>\n<div id=\"cmsmasters_divider_kul4awri6m\" class=\"cmsmasters_divider cmsmasters_divider_width_short cmsmasters_divider_pos_left\"><\/div>\n<div class=\"cmsmasters_text\">\n<p>V\u00e1\u017een\u00ed pacienti,<\/p>\n<p>p\u0159ich\u00e1z\u00edte-li k pl\u00e1novan\u00e9mu p\u0159\u00edjmu k hospitalizaci, hl\u00e1s\u00edte se i nyn\u00ed na Kontaktn\u00edm centru Nemocnice Jihlava. Budete pot\u00e9 odesl\u00e1n\u00ed rovnou na p\u0159\u00edslu\u0161n\u00e9 odd\u011blen\u00ed, kde V\u00e1s p\u0159ijme l\u00e9ka\u0159.<\/p>\n<p>K pl\u00e1novan\u00e9mu p\u0159ijet\u00ed je zcela nezbytn\u00e9 platn\u00e9 intern\u00ed p\u0159edopera\u010dn\u00ed vy\u0161et\u0159en\u00ed (ne star\u0161\u00ed ne\u017e 14 dn\u00ed p\u0159ed v\u00fdkonem). Toto vy\u0161et\u0159en\u00ed si obstar\u00e1v\u00e1 s\u00e1m pacient u sv\u00e9ho praktick\u00e9ho l\u00e9ka\u0159e. Pacient je rovn\u011b\u017e povinen sv\u00e9ho praktick\u00e9ho l\u00e9ka\u0159e informovat o pl\u00e1novan\u00e9m v\u00fdkonu v nejbli\u017e\u0161\u00edm mo\u017en\u00e9 dob\u011b po objedn\u00e1n\u00ed a stanoven\u00ed term\u00ednu operace, aby tento byl schopen vy\u0161et\u0159en\u00ed v\u010das realizovat.<\/p>\n<p>Pacient p\u0159ij\u00edman\u00fd k pl\u00e1novan\u00e9mu v\u00fdkonu bez platn\u00e9ho p\u0159edopera\u010dn\u00edho vy\u0161et\u0159en\u00ed nem\u016f\u017ee b\u00fdt operov\u00e1n a v\u00fdkon bude zru\u0161en.<\/p>\n<p>P\u0159i onemocn\u011bn\u00ed pacienta objednan\u00e9ho na pl\u00e1novan\u00fd v\u00fdkon i nesouvisej\u00edc\u00edm s pl\u00e1novan\u00fdm v\u00fdkonem, je v\u00fdkon, u n\u011bho\u017e nen\u00ed riziko z prodlen\u00ed, obvykle nutno odlo\u017eit \u2013 je-li to mo\u017en\u00e9 \u2013, a to p\u0159edev\u0161\u00edm v z\u00e1jmu bezpe\u010d\u00ed pacienta a ochrany jeho zdrav\u00ed (infek\u010dn\u00ed nemoci d\u00fdchac\u00edho syst\u00e9mu, kardiologick\u00e9 \u010di metabolick\u00e9 pot\u00ed\u017ee a dal\u0161\u00ed nov\u011b vznikl\u00e9 stavy) . Pacient je povinen informovat l\u00e9ka\u0159e chirurgick\u00e9 ambulance osobn\u011b \u010di telefonicky o vznikl\u00e9 nemoci, kter\u00e1 realizaci v\u00fdkonu komplikuje a v\u00fdkon p\u0159eobjednat \u010di zru\u0161it.<\/p>\n<p>P\u0159i p\u0159\u00edjmu do nemocnice je vy\u017eadov\u00e1no podepsan\u00ed <strong>\u201eInformovan\u00e9ho souhlasu\u201c (&#8222;Pozitivn\u00edho reverzu&#8220;)\u00a0<\/strong> \u2013 dokumentu, jeho\u017e podpisem pacient potvrzuje souhlas s hospitalizac\u00ed, ur\u010duje komu se mohou pod\u00e1vat informace o jeho zdravotn\u00edmu stavu a dal\u0161\u00ed z\u00e1le\u017eitosti t\u00fdkaj\u00edc\u00ed se jeho soukrom\u00ed b\u011bhem hospitalizace.<\/p>\n<p>Pokud v\u00e1m naopak bude doporu\u010dena hospitalizace v p\u0159\u00edpad\u011b akutn\u00edho onemocn\u011bn\u00ed a vy se z jak\u00e9hokoliv d\u016fvodu rozhodnete hospitalizaci odm\u00edtnout, bude od v\u00e1s vy\u017eadov\u00e1no toto rozhodnut\u00ed rovn\u011b\u017e podepsat v dokumentu\u00a0<strong>\u201eNegativn\u00ed reverz\u201c.<\/strong><\/p>\n<\/div>\n<\/div><\/div>\n<\/div>\n<\/div>\n<\/div>\n<\/div>\n<\/div>\n\n","protected":false},"excerpt":{"rendered":"","protected":false},"author":1,"featured_media":17139,"parent":18606,"menu_order":0,"comment_status":"closed","ping_status":"closed","template":"","meta":{"pgc_sgb_lightbox_settings":"","footnotes":"","_links_to":"","_links_to_target":""},"categories":[85],"class_list":["post-18662","page","type-page","status-publish","has-post-thumbnail","hentry","category-page-oddeleni"],"publishpress_future_action":{"enabled":false,"date":"2026-04-26 15:19:25","action":"change-status","newStatus":"draft","terms":[],"taxonomy":"category","extraData":[]},"publishpress_future_workflow_manual_trigger":{"enabledWorkflows":[]},"_links":{"self":[{"href":"https:\/\/webnemji.azurewebsites.net\/en\/wp-json\/wp\/v2\/pages\/18662","targetHints":{"allow":["GET"]}}],"collection":[{"href":"https:\/\/webnemji.azurewebsites.net\/en\/wp-json\/wp\/v2\/pages"}],"about":[{"href":"https:\/\/webnemji.azurewebsites.net\/en\/wp-json\/wp\/v2\/types\/page"}],"author":[{"embeddable":true,"href":"https:\/\/webnemji.azurewebsites.net\/en\/wp-json\/wp\/v2\/users\/1"}],"replies":[{"embeddable":true,"href":"https:\/\/webnemji.azurewebsites.net\/en\/wp-json\/wp\/v2\/comments?post=18662"}],"version-history":[{"count":0,"href":"https:\/\/webnemji.azurewebsites.net\/en\/wp-json\/wp\/v2\/pages\/18662\/revisions"}],"up":[{"embeddable":true,"href":"https:\/\/webnemji.azurewebsites.net\/en\/wp-json\/wp\/v2\/pages\/18606"}],"wp:featuredmedia":[{"embeddable":true,"href":"https:\/\/webnemji.azurewebsites.net\/en\/wp-json\/wp\/v2\/media\/17139"}],"wp:attachment":[{"href":"https:\/\/webnemji.azurewebsites.net\/en\/wp-json\/wp\/v2\/media?parent=18662"}],"wp:term":[{"taxonomy":"category","embeddable":true,"href":"https:\/\/webnemji.azurewebsites.net\/en\/wp-json\/wp\/v2\/categories?post=18662"}],"curies":[{"name":"wp","href":"https:\/\/api.w.org\/{rel}","templated":true}]}}