{"id":18711,"date":"2023-09-13T08:55:45","date_gmt":"2023-09-13T06:55:45","guid":{"rendered":"https:\/\/nemji.rs-kovarik.cz\/?page_id=18711"},"modified":"2025-03-28T14:17:32","modified_gmt":"2025-03-28T13:17:32","slug":"informace-pro-pacienty","status":"publish","type":"page","link":"https:\/\/webnemji.azurewebsites.net\/en\/oddeleni\/gynekologicko-porodnicke-oddeleni\/informace-pro-pacienty\/","title":{"rendered":"Information for patients"},"content":{"rendered":"<div id=\"cmsmasters_row_6iluctg3hk\" class=\"cmsmasters_row cmsmasters_color_scheme_default cmsmasters_row_top_default cmsmasters_row_bot_default cmsmasters_row_boxed\">\n<div class=\"cmsmasters_row_outer_parent\">\n<div class=\"cmsmasters_row_overlay\"><\/div>\n<div class=\"cmsmasters_row_outer\">\n<div class=\"cmsmasters_row_inner\">\n<div class=\"cmsmasters_row_margin\">\n<div id=\"cmsmasters_column_sybg7he2sg\" class=\"cmsmasters_column one_first\">\n<div class=\"cmsmasters_column_inner\"><div id=\"cmsmasters_heading_b3c74b95a0\" class=\"cmsmasters_heading_wrap cmsmasters_heading_align_center pageheadingtitle\">\n\t<h1 class=\"cmsmasters_heading\">Gynekologicko-porodnick\u00e9 odd\u011blen\u00ed<\/h1>\n<\/div>\n<\/div><\/div>\n<\/div>\n<\/div>\n<\/div>\n<\/div>\n<\/div>\n<div id=\"cmsmasters_row_ly5ze1hf8e\" class=\"cmsmasters_row cmsmasters_color_scheme_default cmsmasters_row_top_default cmsmasters_row_bot_default cmsmasters_row_boxed\">\n<div class=\"cmsmasters_row_outer_parent\">\n<div class=\"cmsmasters_row_outer\">\n<div class=\"cmsmasters_row_inner\">\n<div class=\"cmsmasters_row_margin\">\n<div id=\"cmsmasters_column_v67ee6nvg7\" class=\"cmsmasters_column one_first\">\n<div class=\"cmsmasters_column_inner\"><div class=\"cmsmasters_text\">\n<p><nav aria-label=\"breadcrumbs\">\n            <div class=\"breadcrumb-container theme1\">\n                <ol>\n                                    <\/ol>\n            <\/div>\n        <\/nav>    <script type=\"application\/ld+json\">\n        {\n            \"@context\": \"http:\/\/schema.org\",\n            \"@type\": \"BreadcrumbList\",\n            \"itemListElement\": [\n                            ]\n        }\n    <\/script>\n   \n    <script>\n            <\/script>\n<\/p>\n<\/div>\n<\/div><\/div>\n<\/div>\n<\/div>\n<\/div>\n<\/div>\n<\/div>\n<div id=\"cmsmasters_row_3f2f8816dd\" class=\"cmsmasters_row cmsmasters_color_scheme_default cmsmasters_row_top_default cmsmasters_row_bot_default cmsmasters_row_boxed\">\n<div class=\"cmsmasters_row_outer_parent\">\n<div class=\"cmsmasters_row_outer\">\n<div class=\"cmsmasters_row_inner\">\n<div class=\"cmsmasters_row_margin\">\n<div id=\"cmsmasters_column_0a1c5940f5\" class=\"cmsmasters_column one_third stickyinfocolumn\">\n<div class=\"cmsmasters_column_inner\"><div id=\"cmsmasters_heading_rva6m2t32d\" class=\"cmsmasters_heading_wrap cmsmasters_heading_align_center\">\n\t<h3 class=\"cmsmasters_heading\">Informace o odd\u011blen\u00ed<\/h3>\n<\/div>\n<div id=\"cmsmasters_divider_dpp34mcdj5\" class=\"cmsmasters_divider cmsmasters_divider_width_short cmsmasters_divider_pos_center\"><\/div>\n<div class=\"cmsmasters_sidebar sidebar_layout_11 sidebar-custom-menu\"><aside id=\"nav_menu-14\" class=\"widget widget_nav_menu\"><div class=\"menu-oddeleni-gyn-por-container\"><ul id=\"menu-oddeleni-gyn-por\" class=\"menu\"><li id=\"menu-item-18631\" class=\"menu-item menu-item-type-custom menu-item-object-custom menu-item-18631\"><a href=\"\/oddeleni\/gynekologicko-porodnicke-oddeleni\/#popis-oddeleni\" data-ps2id-api=\"true\"><i class=\"fa-solid fa-info\"><\/i> Popis odd\u011blen\u00ed<\/a><\/li>\n<li id=\"menu-item-18632\" class=\"menu-item menu-item-type-custom menu-item-object-custom menu-item-18632\"><a href=\"\/oddeleni\/gynekologicko-porodnicke-oddeleni\/#personalni-obsazeni\" data-ps2id-api=\"true\"><i class=\"fa-solid fa-user-doctor\"><\/i> Veden\u00ed GYN-POR odd\u011blen\u00ed<\/a><\/li>\n<li id=\"menu-item-18633\" class=\"menu-item menu-item-type-custom menu-item-object-custom menu-item-18633\"><a href=\"\/oddeleni\/gynekologicko-porodnicke-oddeleni\/#oteviraci-hodiny\" data-ps2id-api=\"true\"><i class=\"fa-regular fa-clock\"><\/i> Ordina\u010dn\u00ed hodiny<\/a><\/li>\n<li id=\"menu-item-18635\" class=\"menu-item menu-item-type-custom menu-item-object-custom menu-item-18635\"><a href=\"\/oddeleni\/gynekologicko-porodnicke-oddeleni\/#kde-nas-najdete\" data-ps2id-api=\"true\"><i class=\"fa-solid fa-location-dot\"><\/i> Kde n\u00e1s najdete<\/a><\/li>\n<li id=\"menu-item-31749\" class=\"menu-item menu-item-type-custom menu-item-object-custom menu-item-31749\"><a href=\"\/oddeleni\/gynekologicko-porodnicke-oddeleni\/#vzdelavaci-akce\" data-ps2id-api=\"true\"><i class=\"fa-solid fa-person-circle-plus\"><\/i> Vzd\u011bl\u00e1vac\u00ed akce na\u0161eho odd\u011blen\u00ed<\/a><\/li>\n<li id=\"menu-item-18636\" class=\"menu-item menu-item-type-custom menu-item-object-custom menu-item-18636\"><a href=\"\/oddeleni\/gynekologicko-porodnicke-oddeleni\/#fotogalerie\" data-ps2id-api=\"true\"><i class=\"fa-solid fa-camera\"><\/i> Fotogalerie<\/a><\/li>\n<li id=\"menu-item-18637\" class=\"menu-custom-separator menu-item menu-item-type-custom menu-item-object-custom menu-item-18637\"><hr class=\"mhm-menu-separator\"><\/li>\n<li id=\"menu-item-18638\" class=\"static-link menu-item menu-item-type-custom menu-item-object-custom menu-item-18638\"><a href=\"\/oddeleni\/gynekologicko-porodnicke-oddeleni\/gynekologicke-ambulance\/\" data-ps2id-api=\"true\"><i class=\"fa-solid fa-house-medical\"><\/i> Ambulance<\/a><\/li>\n<li id=\"menu-item-18640\" class=\"static-link menu-item menu-item-type-custom menu-item-object-custom menu-item-18640\"><a href=\"\/oddeleni\/gynekologicko-porodnicke-oddeleni\/informace-pro-pacienty\/\" data-ps2id-api=\"true\"><i class=\"fa-regular fa-circle-question\"><\/i> Informace pro pacienty<\/a><\/li>\n<li id=\"menu-item-21565\" class=\"static-link menu-item menu-item-type-post_type menu-item-object-page menu-item-21565\"><a href=\"https:\/\/webnemji.azurewebsites.net\/en\/oddeleni\/gynekologicko-porodnicke-oddeleni\/porodnice\/\" data-ps2id-api=\"true\"><i class=\"fa-solid fa-baby\"><\/i> Porodnice<\/a><\/li>\n<\/ul><\/div><\/aside><div class=\"cl\"><\/div>\n<\/div>\n<\/div><\/div>\n<div id=\"cmsmasters_column_k7vlyuz4yq\" class=\"cmsmasters_column two_third\">\n<div class=\"cmsmasters_column_inner\"><div id=\"cmsmasters_heading_0cx4mcjjyd\" class=\"cmsmasters_heading_wrap cmsmasters_heading_align_left\">\n\t<h2 class=\"cmsmasters_heading\">Informace pro pacienty<\/h2>\n<\/div>\n<div id=\"cmsmasters_divider_kul4awri6m\" class=\"cmsmasters_divider cmsmasters_divider_width_short cmsmasters_divider_pos_left\"><\/div>\n<div class=\"cmsmasters_text\">\n<p>Mil\u00e9 pacientky gynekologicko-porodnick\u00e9ho odd\u011blen\u00ed, nov\u011b se m\u016f\u017eete p\u0159ihla\u0161ovat do eAmbulance na\u00a0ultrazvukov\u00e9 pracovi\u0161t\u011b, a to\u00a0ka\u017ed\u00e9\u00a0<strong>\u00fater\u00fd od 10 do 12 hodin<\/strong>, podm\u00ednkou je \u017e\u00e1danka od gynekologa. Na expertn\u00ed ultrazvukov\u00e9 vy\u0161et\u0159en\u00ed a screeningov\u00e1 vy\u0161et\u0159en\u00ed v t\u011bhotenstv\u00ed se touto formou nelze objedn\u00e1vat. Na tato vy\u0161et\u0159en\u00ed je nutn\u00e9 se objednat telefonicky 567 157 420. Tak\u00e9 na ambulanci porodn\u00edho s\u00e1lu je mo\u017en\u00e9 se objednat pouze na konzultace porodn\u00edho pl\u00e1nu, a to ka\u017ed\u00e9 \u00fater\u00fd od 12 a\u017e 14 hodin (tel 567 157 680).<\/p>\n<p>Syst\u00e9m eAmbulance najdete\u00a0<strong><a href=\"https:\/\/portal.eambulance.cz\/Reservation\/Home\/Hospital\/1\/Ambulance\" target=\"_blank\" rel=\"noopener\"><span style=\"text-decoration: underline;\">ZDE<\/span><\/a><\/strong>.<\/p>\n<p>Aktu\u00e1ln\u00ed informace a novinky najdete na na\u0161em facebookov\u00e9m profilu\u00a0<strong><a href=\"https:\/\/www.facebook.com\/PorodniceJihlava\" target=\"_blank\" rel=\"noopener\">FB porodnice Jihlava,<\/a><\/strong>\u00a0<strong><a href=\"https:\/\/www.instagram.com\/porodnice_nemocnice_jihlava?fbclid=IwZXh0bgNhZW0CMTAAAR2iTqZQ0TfeahhdQHa-uvtL9Y7hypvEaAZA8EzXiM-8qQk5Z0n1N-485Zw_aem_sLjFaVVTWD8DZcfhQSrJdA\" target=\"_blank\" rel=\"noopener\">Instagramu porodnice<\/a>. a na webov\u00fdch str\u00e1nk\u00e1ch Nemocnice Jihlava.<\/strong><\/p>\n<\/div>\n<\/div><\/div>\n<\/div>\n<\/div>\n<\/div>\n<\/div>\n<\/div>\n\n","protected":false},"excerpt":{"rendered":"","protected":false},"author":1,"featured_media":17125,"parent":18605,"menu_order":0,"comment_status":"closed","ping_status":"closed","template":"","meta":{"pgc_sgb_lightbox_settings":"","footnotes":"","_links_to":"","_links_to_target":""},"categories":[85],"class_list":["post-18711","page","type-page","status-publish","has-post-thumbnail","hentry","category-page-oddeleni"],"publishpress_future_action":{"enabled":false,"date":"2026-04-13 08:43:33","action":"change-status","newStatus":"draft","terms":[],"taxonomy":"category","extraData":[]},"publishpress_future_workflow_manual_trigger":{"enabledWorkflows":[]},"_links":{"self":[{"href":"https:\/\/webnemji.azurewebsites.net\/en\/wp-json\/wp\/v2\/pages\/18711","targetHints":{"allow":["GET"]}}],"collection":[{"href":"https:\/\/webnemji.azurewebsites.net\/en\/wp-json\/wp\/v2\/pages"}],"about":[{"href":"https:\/\/webnemji.azurewebsites.net\/en\/wp-json\/wp\/v2\/types\/page"}],"author":[{"embeddable":true,"href":"https:\/\/webnemji.azurewebsites.net\/en\/wp-json\/wp\/v2\/users\/1"}],"replies":[{"embeddable":true,"href":"https:\/\/webnemji.azurewebsites.net\/en\/wp-json\/wp\/v2\/comments?post=18711"}],"version-history":[{"count":0,"href":"https:\/\/webnemji.azurewebsites.net\/en\/wp-json\/wp\/v2\/pages\/18711\/revisions"}],"up":[{"embeddable":true,"href":"https:\/\/webnemji.azurewebsites.net\/en\/wp-json\/wp\/v2\/pages\/18605"}],"wp:featuredmedia":[{"embeddable":true,"href":"https:\/\/webnemji.azurewebsites.net\/en\/wp-json\/wp\/v2\/media\/17125"}],"wp:attachment":[{"href":"https:\/\/webnemji.azurewebsites.net\/en\/wp-json\/wp\/v2\/media?parent=18711"}],"wp:term":[{"taxonomy":"category","embeddable":true,"href":"https:\/\/webnemji.azurewebsites.net\/en\/wp-json\/wp\/v2\/categories?post=18711"}],"curies":[{"name":"wp","href":"https:\/\/api.w.org\/{rel}","templated":true}]}}