{"id":19182,"date":"2023-09-18T09:14:08","date_gmt":"2023-09-18T07:14:08","guid":{"rendered":"https:\/\/nemji.rs-kovarik.cz\/?page_id=19182"},"modified":"2023-10-25T08:20:02","modified_gmt":"2023-10-25T06:20:02","slug":"spektrum-pece","status":"publish","type":"page","link":"https:\/\/webnemji.azurewebsites.net\/en\/oddeleni\/centralni-operacni-saly-a-sterilizace\/spektrum-pece\/","title":{"rendered":"Spectrum of provided care"},"content":{"rendered":"<div id=\"cmsmasters_row_6iluctg3hk\" class=\"cmsmasters_row cmsmasters_color_scheme_default cmsmasters_row_top_default cmsmasters_row_bot_default cmsmasters_row_boxed\">\n<div class=\"cmsmasters_row_outer_parent\">\n<div class=\"cmsmasters_row_overlay\"><\/div>\n<div class=\"cmsmasters_row_outer\">\n<div class=\"cmsmasters_row_inner\">\n<div class=\"cmsmasters_row_margin\">\n<div id=\"cmsmasters_column_sybg7he2sg\" class=\"cmsmasters_column one_first\">\n<div class=\"cmsmasters_column_inner\"><div id=\"cmsmasters_heading_b3c74b95a0\" class=\"cmsmasters_heading_wrap cmsmasters_heading_align_center pageheadingtitle\">\n\t<h1 class=\"cmsmasters_heading\">Centr\u00e1ln\u00ed opera\u010dn\u00ed s\u00e1ly a sterilizace<\/h1>\n<\/div>\n<\/div><\/div>\n<\/div>\n<\/div>\n<\/div>\n<\/div>\n<\/div>\n<div id=\"cmsmasters_row_ly5ze1hf8e\" class=\"cmsmasters_row cmsmasters_color_scheme_default cmsmasters_row_top_default cmsmasters_row_bot_default cmsmasters_row_boxed\">\n<div class=\"cmsmasters_row_outer_parent\">\n<div class=\"cmsmasters_row_outer\">\n<div class=\"cmsmasters_row_inner\">\n<div class=\"cmsmasters_row_margin\">\n<div id=\"cmsmasters_column_v67ee6nvg7\" class=\"cmsmasters_column one_first\">\n<div class=\"cmsmasters_column_inner\"><div class=\"cmsmasters_text\">\n<p><nav aria-label=\"breadcrumbs\">\n            <div class=\"breadcrumb-container theme1\">\n                <ol>\n                                    <\/ol>\n            <\/div>\n        <\/nav>    <script type=\"application\/ld+json\">\n        {\n            \"@context\": \"http:\/\/schema.org\",\n            \"@type\": \"BreadcrumbList\",\n            \"itemListElement\": [\n                            ]\n        }\n    <\/script>\n   \n    <script>\n            <\/script>\n<\/p>\n<\/div>\n<\/div><\/div>\n<\/div>\n<\/div>\n<\/div>\n<\/div>\n<\/div>\n<div id=\"cmsmasters_row_3f2f8816dd\" class=\"cmsmasters_row cmsmasters_color_scheme_default cmsmasters_row_top_default cmsmasters_row_bot_default cmsmasters_row_boxed\">\n<div class=\"cmsmasters_row_outer_parent\">\n<div class=\"cmsmasters_row_outer\">\n<div class=\"cmsmasters_row_inner\">\n<div class=\"cmsmasters_row_margin\">\n<div id=\"cmsmasters_column_0a1c5940f5\" class=\"cmsmasters_column one_third stickyinfocolumn\">\n<div class=\"cmsmasters_column_inner\"><div id=\"cmsmasters_heading_rva6m2t32d\" class=\"cmsmasters_heading_wrap cmsmasters_heading_align_center\">\n\t<h3 class=\"cmsmasters_heading\">Informace o odd\u011blen\u00ed<\/h3>\n<\/div>\n<div id=\"cmsmasters_divider_dpp34mcdj5\" class=\"cmsmasters_divider cmsmasters_divider_width_short cmsmasters_divider_pos_center\"><\/div>\n<div class=\"cmsmasters_sidebar sidebar_layout_11 sidebar-custom-menu\"><aside id=\"nav_menu-15\" class=\"widget widget_nav_menu\"><div class=\"menu-oddeleni-cos-container\"><ul id=\"menu-oddeleni-cos\" class=\"menu\"><li id=\"menu-item-19142\" class=\"menu-item menu-item-type-custom menu-item-object-custom menu-item-19142\"><a href=\"\/oddeleni\/centralni-operacni-saly-a-sterilizace\/#popis-oddeleni\" data-ps2id-api=\"true\"><i class=\"fa-solid fa-info\"><\/i> Popis odd\u011blen\u00ed<\/a><\/li>\n<li id=\"menu-item-19143\" class=\"menu-item menu-item-type-custom menu-item-object-custom menu-item-19143\"><a href=\"\/oddeleni\/centralni-operacni-saly-a-sterilizace\/#personalni-obsazeni\" data-ps2id-api=\"true\"><i class=\"fa-solid fa-user-doctor\"><\/i> Person\u00e1ln\u00ed obsazen\u00ed<\/a><\/li>\n<li id=\"menu-item-19144\" class=\"menu-item menu-item-type-custom menu-item-object-custom menu-item-19144\"><a href=\"\/oddeleni\/centralni-operacni-saly-a-sterilizace\/#oteviraci-hodiny\" data-ps2id-api=\"true\"><i class=\"fa-regular fa-clock\"><\/i> Ordina\u010dn\u00ed hodiny<\/a><\/li>\n<li id=\"menu-item-19145\" class=\"menu-item menu-item-type-custom menu-item-object-custom menu-item-19145\"><a href=\"\/oddeleni\/centralni-operacni-saly-a-sterilizace\/#kontaktni-informace\" data-ps2id-api=\"true\"><i class=\"fa-solid fa-phone\"><\/i> Kontaktn\u00ed informace<\/a><\/li>\n<li id=\"menu-item-19146\" class=\"menu-item menu-item-type-custom menu-item-object-custom menu-item-19146\"><a href=\"\/oddeleni\/centralni-operacni-saly-a-sterilizace\/#kde-nas-najdete\" data-ps2id-api=\"true\"><i class=\"fa-solid fa-location-dot\"><\/i> Kde n\u00e1s najdete<\/a><\/li>\n<li id=\"menu-item-19147\" class=\"menu-item menu-item-type-custom menu-item-object-custom menu-item-19147\"><a href=\"\/oddeleni\/centralni-operacni-saly-a-sterilizace\/#fotogalerie\" data-ps2id-api=\"true\"><i class=\"fa-solid fa-camera\"><\/i> Fotogalerie<\/a><\/li>\n<li id=\"menu-item-19148\" class=\"menu-custom-separator menu-item menu-item-type-custom menu-item-object-custom menu-item-19148\"><hr class=\"mhm-menu-separator\"><\/li>\n<li id=\"menu-item-35084\" class=\"menu-item menu-item-type-custom menu-item-object-custom menu-item-35084\"><a href=\"\/wp-content\/uploads\/2026\/02\/zadanka-na-sterilizaci-ex.pdf\" data-ps2id-api=\"true\"><i class=\"fa-solid fa-list-check\"><\/i> \u017d\u00e1danka extern\u00ed z\u00e1kazn\u00edk<\/a><\/li>\n<li id=\"menu-item-19151\" class=\"static-link menu-item menu-item-type-custom menu-item-object-custom menu-item-19151\"><a href=\"\/oddeleni\/centralni-operacni-saly-a-sterilizace\/spektrum-pece\/\" data-ps2id-api=\"true\"><i class=\"fa-solid fa-stethoscope\"><\/i> Spektrum p\u00e9\u010de<\/a><\/li>\n<li id=\"menu-item-21913\" class=\"static-link menu-item menu-item-type-custom menu-item-object-custom menu-item-21913\"><a href=\"\/oddeleni\/centralni-operacni-saly-a-sterilizace\/operacni-saly\/\" data-ps2id-api=\"true\"><i class=\"fa-solid fa-mask-face\"><\/i> Opera\u010dn\u00ed s\u00e1ly<\/a><\/li>\n<\/ul><\/div><\/aside><div class=\"cl\"><\/div>\n<\/div>\n<\/div><\/div>\n<div id=\"cmsmasters_column_k7vlyuz4yq\" class=\"cmsmasters_column two_third\">\n<div class=\"cmsmasters_column_inner\"><div id=\"cmsmasters_heading_0cx4mcjjyd\" class=\"cmsmasters_heading_wrap cmsmasters_heading_align_left\">\n\t<h2 class=\"cmsmasters_heading\">Spektrum p\u00e9\u010de<\/h2>\n<\/div><div id=\"cmsmasters_divider_kul4awri6m\" class=\"cmsmasters_divider cmsmasters_divider_width_short cmsmasters_divider_pos_left\"><\/div><div class=\"cmsmasters_text\">\n<p>Na COS se prov\u00e1d\u00ed opera\u010dn\u00ed v\u00fdkony chirurgie, ortopedie, traumatologie, urologie, gynekologicko- porodnick\u00e9 a ORL.<\/p>\n<p>Pracuje zde kvalifikovan\u00fd t\u00fdm s\u00e1lov\u00fdch sester, kter\u00e9 jsou specializov\u00e1ny v oboru \u201eInstrumentov\u00e1n\u00ed na opera\u010dn\u00edm s\u00e1le\u201c a \u201ePeriopera\u010dn\u00ed p\u00e9\u010de\u201c a t\u00fdm sanit\u00e1\u0159\u016f pro\u0161kolen\u00fdch v pr\u00e1ci na COS.<\/p>\n<p>&nbsp;<\/p>\n<h4><strong>Spektrum opera\u010dn\u00edch v\u00fdkon\u016f jednotliv\u00fdch obor\u016f<\/strong><\/h4>\n<h5><strong>Ortopedie<\/strong><\/h5>\n<ul>\n<li>Arthroskopie (ASK) \u2013 miniivazivn\u00ed metoda, umo\u017en\u00ed prohl\u00e9dnut\u00ed kloubn\u00edho prostoru k\u00a0\u00fa\u010del\u016fm diagnostick\u00fdm i l\u00e9\u010debn\u00fdch<\/li>\n<li>Kolenn\u00ed\u00a0\u00a0kloub- o\u0161et\u0159en\u00ed menisk\u016f, o\u0161et\u0159en\u00ed chrupavky, plastika kolenn\u00edch vaz\u016f<\/li>\n<li>Ramenn\u00ed kloub<\/li>\n<li>Hlezno (kotn\u00edk)<\/li>\n<li>Opera\u010dn\u00ed l\u00e9\u010dba deformit nohy \u2013 vbo\u010den\u00fd palec, klad\u00edvkov\u00e9 prsty, p\u0159\u00ed\u010dn\u011b ploch\u00e1 noha<\/li>\n<li>Opera\u010dn\u00ed l\u00e9\u010dba ruky \u2013 syndrom canalis carpi (karp\u00e1ln\u00ed tunel), lupav\u00fd prst, z\u00e1n\u011btliv\u00fd proces loketn\u00edho kloubu<\/li>\n<li>Tot\u00e1ln\u00ed n\u00e1hrada ky\u010deln\u00edho a tot\u00e1ln\u00ed nebo \u010d\u00e1ste\u010dn\u00e1 n\u00e1hrada kolenn\u00edho kloubu, revizn\u00ed operace kolenn\u00edho kloubu<br \/>\nTechnologie p\u0159i tot\u00e1ln\u00ed n\u00e1hrad\u011b kolenn\u00edho kloubu \u2013 VISIONAIRE<br \/>\nTato metoda spo\u010d\u00edv\u00e1 v\u00a0individu\u00e1ln\u00edm zhotoven\u00ed \u0159ezac\u00ed \u0161ablony na z\u00e1klad\u011b RTG sn\u00edmku a magnetick\u00e9 resonance, kter\u00e9 umo\u017en\u00ed naprosto p\u0159esn\u00e9 um\u00edst\u011bn\u00ed obou \u010d\u00e1st\u00ed nov\u00e9ho kloubu. Pr\u00e1v\u011b p\u0159esnost je rozhoduj\u00edc\u00ed pro spr\u00e1vnou funkci kolene a dlouhou \u017eivotnost implant\u00e1tu. D\u00edky tomuto postupu doch\u00e1z\u00ed k v\u00fdrazn\u00e9mu zkr\u00e1cen\u00ed opera\u010dn\u00edho \u010dasu, sni\u017euje se riziko vzniku infekce a jin\u00fdch poopera\u010dn\u00edch komplikac\u00ed. Tato metoda v\u00fdrazn\u011b urychl\u00ed rekonvalescenci a n\u00e1sledn\u00fd n\u00e1vrat k\u00a0aktivn\u00edmu \u017eivotu.<\/li>\n<\/ul>\n<h5><strong>Chirurgie<\/strong><\/h5>\n<ul>\n<li>Stru\u010dn\u00fd p\u0159ehled prov\u00e1d\u011bn\u00fdch opera\u010dn\u00edch v\u00fdkon\u016f:<\/li>\n<li>Operace \u0161t\u00edtn\u00e9 \u017el\u00e1zy<\/li>\n<li>Operace prsn\u00ed \u017el\u00e1zy<\/li>\n<li>Operace hrudn\u00edku (plic) \u2013 \u00farazov\u00e9, diagnostick\u00e9, l\u00e9\u010debn\u00e9<\/li>\n<li>B\u0159i\u0161n\u00ed operace klasickou i laparoskopickou cestou<\/li>\n<li>Operace slinivky b\u0159i\u0161n\u00ed, \u017ealudku, \u017elu\u010dn\u00edku, jater, tenk\u00e9ho a tlust\u00e9ho st\u0159eva<\/li>\n<li>Operace k\u00fdly \u2013 pupe\u010dn\u00ed, t\u0159\u00edseln\u00e9, v\u00a0jizv\u011b<\/li>\n<li>Operace hemeroid\u016f<\/li>\n<li>Operace dermoid\u00e1ln\u00ed cysty<\/li>\n<li>Amputace doln\u00edch kon\u010detin dle rozsahu posti\u017een\u00ed<\/li>\n<li>Odstran\u011bn\u00ed uzlin \u2013 diagnostick\u00e9, l\u00e9\u010debn\u00e9<\/li>\n<li>Zaveden\u00ed chemoportu k\u00a0\u00fa\u010del\u016fm onkologick\u00e9 l\u00e9\u010dby<\/li>\n<li>Zaveden\u00ed peritone\u00e1ln\u00edho kat\u00e9tru (kat\u00e9tr zaveden\u00fd do st\u011bny b\u0159i\u0161n\u00ed) k\u00a0\u00fa\u010del\u016fm dial\u00fdzy<\/li>\n<li>Zaveden\u00ed kardiostimul\u00e1toru<\/li>\n<li>Operace AV spojky k\u00a0\u00fa\u010del\u016fm hemodial\u00fdzy<\/li>\n<li>Operace karotick\u00fdch tepen (krkavic)<\/li>\n<li>Operace varix\u016f (k\u0159e\u010dov\u00fdch \u017eil) doln\u00edch kon\u010detin<\/li>\n<li>Opera\u010dn\u00ed \u0159e\u0161en\u00ed uz\u00e1v\u011bru c\u00e9vn\u00edho syst\u00e9mu \u2013 c\u00e9vn\u00ed rekonstrukce na aort\u011b, doln\u00edch kon\u010detin\u00e1ch, odstran\u011bn\u00ed trombu (vmetku) v\u00a0tepenn\u00e9m syst\u00e9mu<\/li>\n<\/ul>\n<h5><strong>Gynekologie<\/strong><\/h5>\n<ul>\n<li>Porod c\u00edsa\u0159sk\u00fdm \u0159ezem<\/li>\n<li>Operace mimod\u011blo\u017en\u00edho t\u011bhotenstv\u00ed<\/li>\n<li>Interrupce<\/li>\n<li>\u00daprava zevn\u00edho genit\u00e1lu<\/li>\n<li>Opera\u010dn\u00ed \u0159e\u0161en\u00ed mo\u010dov\u00e9 inkontinence<\/li>\n<li>Diagnostick\u00e9 v\u00fdkony<\/li>\n<li>Operace na d\u011bloze a vaje\u010dn\u00edc\u00edch v\u010detn\u011b radik\u00e1ln\u00edho \u0159e\u0161en\u00ed onkologick\u00fdch onemocn\u011bn\u00ed ve spolupr\u00e1ci s\u00a0chirurgick\u00fdmi a urologick\u00fdmi l\u00e9ka\u0159i<\/li>\n<\/ul>\n<h5><strong>Traumatologie<\/strong><\/h5>\n<ul>\n<li>Opera\u010dn\u00ed \u0159e\u0161en\u00ed \u00farazov\u00fdch stav\u016f \u2013 zlomeniny kost\u00ed, poran\u011bn\u00ed \u0161lach, vaz\u016f, vnit\u0159n\u00edch org\u00e1n\u016f a m\u011bkk\u00fdch \u010d\u00e1st\u00ed lidsk\u00e9ho t\u011bla<\/li>\n<li>K\u00a0opera\u010dn\u00edmu \u0159e\u0161en\u00ed zlomenin (osteosynt\u00e9za) jsou pou\u017e\u00edv\u00e1ny implant\u00e1ty z\u00a0r\u016fzn\u00fdch materi\u00e1l\u016f, jako je nap\u0159. nerezov\u00e1 ocel, titan, vst\u0159ebateln\u00fd materi\u00e1l. P\u0159ednost\u00ed titanov\u00e9ho a vst\u0159ebateln\u00e9ho materi\u00e1lu je to, \u017ee nevy\u017eaduje n\u00e1slednou extrakci (vyjmut\u00ed) po zhojen\u00ed zlomeniny.<\/li>\n<\/ul>\n<h5><strong>ORL (U\u0161n\u00ed \u2013 nosn\u00ed \u2013 kr\u010dn\u00ed)<\/strong><\/h5>\n<ul>\n<li>Endoskopick\u00e9\u00a0\u00a0\u00a0&#8211;\u00a0pod kontrolou optiky se prov\u00e1d\u00ed v\u00fdkony na nosohltanov\u00fdch mandl\u00edch, st\u0159edou\u0161\u00ed, nosn\u00edch polypech, nosn\u00ed sliznici, hrtanu, hlasivk\u00e1ch, j\u00edcnu, vedlej\u0161\u00edch nosn\u00edch dutin\u00e1ch<\/li>\n<li>Klasick\u00e9 \u2013 opera\u010dn\u00ed v\u00fdkony otev\u0159en\u00e9<\/li>\n<li>odstran\u011bn\u00ed kr\u010dn\u00edch mandl\u00ed, odstran\u011bn\u00ed \u010d\u00e1sti m\u011bkk\u00e9ho patra p\u0159i chr\u00e1p\u00e1n\u00ed, punkce dutin, tracheostomie, radik\u00e1ln\u00ed operace\u00a0\u00a0\u010delistn\u00ed dutiny, odstran\u011bn\u00ed patolog. zm\u011bn a spojen\u00ed dutiny \u010delistn\u00ed trvale s dutinou nosn\u00ed, odstran\u011bn\u00ed patologick\u00fdch \u00fatvar\u016f krku, obli\u010deje, ucha (basaliom, atherom, veruca ), odstran\u011bn\u00ed uzlin, cyst, p\u00ed\u0161t\u011bl\u00ed, absces\u016f, resekce boltc\u016f<\/li>\n<li>Parci\u00e1ln\u00ed glossektomie \u2013 \u010d\u00e1ste\u010dn\u00e9 odstran\u011bn\u00ed jazyka pro patologick\u00fd \u00fatvar<\/li>\n<li>Korekce apost\u00e1z \u2013 korekce, p\u0159i\u0161it\u00ed odst\u00e1t\u00fdch u\u0161n\u00edch boltc\u016f<\/li>\n<li>Miringoplastika \u2013 \u00faprava u\u0161n\u00edho bub\u00ednku, rekonstrukce<\/li>\n<li>Osteosynt\u00e9zy \u2013 zpevn\u011bn\u00ed (opera\u010dn\u00ed \u0159e\u0161en\u00ed zlomenin) kost\u00ed v\u00a0oblasti obli\u010deje pomoc\u00ed dlah a \u0161roub\u016f<\/li>\n<li>Extirpace ze slinn\u00fdch \u017el\u00e1z \u2013 parotis \u2013 pro p\u0159\u00edtomnost kam\u00ednk\u016f<\/li>\n<\/ul>\n<h5><strong>Urologie<\/strong><\/h5>\n<p>Opera\u010dn\u00ed v\u00fdkony v\u00a0urologii d\u011bl\u00edme:<\/p>\n<ul>\n<li>Otev\u0159en\u00e9 \u2013 prov\u00e1d\u00ed se klasickou opera\u010dn\u00ed technikou, kdy doch\u00e1z\u00ed k\u00a0poru\u0161en\u00ed celistvosti k\u016f\u017ee. (v\u00fdkony na penisu, mo\u010dov\u00e9 trubici, varlatech, prostat\u011b, mo\u010dov\u00e9m m\u011bch\u00fd\u0159i, mo\u010dovodu, ledvin\u011b)<\/li>\n<li>Laparoskopick\u00e9 &#8211;\u00a0\u00a0pomoc\u00ed\u00a0\u00a0vytvo\u0159en\u00ed mal\u00fdch otvor\u016f p\u0159es k\u016f\u017ei se zav\u00e1d\u00ed jemn\u00e9 n\u00e1stroje a optika a prov\u00e1d\u00ed se opera\u010dn\u00ed v\u00fdkony na ledvin\u011b<\/li>\n<li>Endoskopick\u00e9 \u2013 nedoch\u00e1z\u00ed k poru\u0161en\u00ed k\u016f\u017ee, p\u0159irozen\u00fdmi otvory se zav\u00e1d\u00ed jemn\u00e9 optick\u00e9 p\u0159\u00edstroje, pomoc\u00ed kter\u00fdch se prov\u00e1d\u00ed opera\u010dn\u00ed v\u00fdkony na mo\u010dov\u00e9 trubici, mo\u010dov\u00e9m m\u011bch\u00fd\u0159i, prostat\u011b, mo\u010dovodech a ledvin\u011b.<\/li>\n<\/ul>\n<p>&nbsp;<\/p>\n<h4><strong>Centr\u00e1ln\u00ed sterilizace (CS)\u00a0\u00a0\u00a0\u00a0\u00a0\u00a0\u00a0\u00a0\u00a0\u00a0\u00a0\u00a0\u00a0\u00a0\u00a0\u00a0\u00a0\u00a0\u00a0\u00a0\u00a0\u00a0\u00a0\u00a0\u00a0\u00a0\u00a0\u00a0\u00a0\u00a0\u00a0\u00a0\u00a0\u00a0\u00a0\u00a0\u00a0\u00a0\u00a0\u00a0\u00a0\u00a0\u00a0\u00a0\u00a0\u00a0\u00a0\u00a0\u00a0\u00a0\u00a0\u00a0\u00a0\u00a0\u00a0\u00a0\u00a0\u00a0\u00a0\u00a0\u00a0\u00a0\u00a0\u00a0\u00a0\u00a0\u00a0\u00a0\u00a0\u00a0\u00a0\u00a0\u00a0\u00a0\u00a0\u00a0\u00a0<\/strong><\/h4>\n<p>Centr\u00e1ln\u00ed sterilizace je um\u00edst\u011bna v komplexu diagnosticko-opera\u010dn\u00edho traktu jako uzav\u0159en\u00e9 odd\u011blen\u00ed, kter\u00e9 p\u0159\u00edmo navazuje na COS.<\/p>\n<p>Stejn\u011b tak jako COS byla i CS zprovozn\u011bna v roce 2003, je vybavena modern\u00ed technikou a pro zam\u011bstnance p\u0159edstavuje pln\u011b klimatizovan\u00e9 p\u0159\u00edjemn\u00e9 pracovn\u00ed prost\u0159ed\u00ed.<\/p>\n<p>Odd\u011blen\u00ed se spole\u010dn\u011b s COS a multioborovou JIP nach\u00e1z\u00ed v prvn\u00edm poschod\u00ed dostavby nemocnice.<\/p>\n<p>Centr\u00e1ln\u00ed sterilizace je specializovan\u00e9 pracovi\u0161t\u011b, kter\u00e9 zaji\u0161\u0165uje p\u0159edsteriliza\u010dn\u00ed p\u0159\u00edpravu, balen\u00ed materi\u00e1lu, jeho sterilizaci, v\u00fddej vysterilizovan\u00e9ho materi\u00e1lu pro odd\u011blen\u00ed nemocnice, opera\u010dn\u00ed s\u00e1ly a extern\u00ed subjekty.<\/p>\n<p>Na odd\u011blen\u00ed pracuje v nep\u0159etr\u017eit\u00e9m provozu kolektiv sester, kter\u00e9 maj\u00ed specializaci \u201e Instrumentov\u00e1n\u00ed na opera\u010dn\u00edm s\u00e1le\u201c nebo jsou postupn\u011b vzd\u011bl\u00e1v\u00e1ny v certifikovan\u00e9m kurzu \u201eMetody sterilizace, vy\u0161\u0161\u00edho stupn\u011b dezinfekce a dezinfekce\u201c a za\u0161kolen\u00ed sanit\u00e1\u0159i.<\/p>\n<\/div>\n<\/div><\/div>\n<\/div>\n<\/div>\n<\/div>\n<\/div>\n<\/div>\n\n","protected":false},"excerpt":{"rendered":"","protected":false},"author":1,"featured_media":19772,"parent":19140,"menu_order":0,"comment_status":"closed","ping_status":"closed","template":"","meta":{"pgc_sgb_lightbox_settings":"","footnotes":"","_links_to":"","_links_to_target":""},"categories":[85],"class_list":["post-19182","page","type-page","status-publish","has-post-thumbnail","hentry","category-page-oddeleni"],"publishpress_future_action":{"enabled":false,"date":"2026-04-17 20:29:56","action":"change-status","newStatus":"draft","terms":[],"taxonomy":"category","extraData":[]},"publishpress_future_workflow_manual_trigger":{"enabledWorkflows":[]},"_links":{"self":[{"href":"https:\/\/webnemji.azurewebsites.net\/en\/wp-json\/wp\/v2\/pages\/19182","targetHints":{"allow":["GET"]}}],"collection":[{"href":"https:\/\/webnemji.azurewebsites.net\/en\/wp-json\/wp\/v2\/pages"}],"about":[{"href":"https:\/\/webnemji.azurewebsites.net\/en\/wp-json\/wp\/v2\/types\/page"}],"author":[{"embeddable":true,"href":"https:\/\/webnemji.azurewebsites.net\/en\/wp-json\/wp\/v2\/users\/1"}],"replies":[{"embeddable":true,"href":"https:\/\/webnemji.azurewebsites.net\/en\/wp-json\/wp\/v2\/comments?post=19182"}],"version-history":[{"count":0,"href":"https:\/\/webnemji.azurewebsites.net\/en\/wp-json\/wp\/v2\/pages\/19182\/revisions"}],"up":[{"embeddable":true,"href":"https:\/\/webnemji.azurewebsites.net\/en\/wp-json\/wp\/v2\/pages\/19140"}],"wp:featuredmedia":[{"embeddable":true,"href":"https:\/\/webnemji.azurewebsites.net\/en\/wp-json\/wp\/v2\/media\/19772"}],"wp:attachment":[{"href":"https:\/\/webnemji.azurewebsites.net\/en\/wp-json\/wp\/v2\/media?parent=19182"}],"wp:term":[{"taxonomy":"category","embeddable":true,"href":"https:\/\/webnemji.azurewebsites.net\/en\/wp-json\/wp\/v2\/categories?post=19182"}],"curies":[{"name":"wp","href":"https:\/\/api.w.org\/{rel}","templated":true}]}}