{"id":19271,"date":"2023-09-18T14:02:00","date_gmt":"2023-09-18T12:02:00","guid":{"rendered":"https:\/\/nemji.rs-kovarik.cz\/?page_id=19271"},"modified":"2023-10-25T08:57:19","modified_gmt":"2023-10-25T06:57:19","slug":"informace-pro-pacienty","status":"publish","type":"page","link":"https:\/\/webnemji.azurewebsites.net\/en\/oddeleni\/ocni-oddeleni\/informace-pro-pacienty\/","title":{"rendered":"Information for patients"},"content":{"rendered":"<div id=\"cmsmasters_row_6iluctg3hk\" class=\"cmsmasters_row cmsmasters_color_scheme_default cmsmasters_row_top_default cmsmasters_row_bot_default cmsmasters_row_boxed\">\n<div class=\"cmsmasters_row_outer_parent\">\n<div class=\"cmsmasters_row_overlay\"><\/div>\n<div class=\"cmsmasters_row_outer\">\n<div class=\"cmsmasters_row_inner\">\n<div class=\"cmsmasters_row_margin\">\n<div id=\"cmsmasters_column_sybg7he2sg\" class=\"cmsmasters_column one_first\">\n<div class=\"cmsmasters_column_inner\"><div id=\"cmsmasters_heading_b3c74b95a0\" class=\"cmsmasters_heading_wrap cmsmasters_heading_align_center pageheadingtitle\">\n\t<h1 class=\"cmsmasters_heading\">O\u010dn\u00ed odd\u011blen\u00ed<\/h1>\n<\/div>\n<\/div><\/div>\n<\/div>\n<\/div>\n<\/div>\n<\/div>\n<\/div>\n<div id=\"cmsmasters_row_ly5ze1hf8e\" class=\"cmsmasters_row cmsmasters_color_scheme_default cmsmasters_row_top_default cmsmasters_row_bot_default cmsmasters_row_boxed\">\n<div class=\"cmsmasters_row_outer_parent\">\n<div class=\"cmsmasters_row_outer\">\n<div class=\"cmsmasters_row_inner\">\n<div class=\"cmsmasters_row_margin\">\n<div id=\"cmsmasters_column_v67ee6nvg7\" class=\"cmsmasters_column one_first\">\n<div class=\"cmsmasters_column_inner\"><div class=\"cmsmasters_text\">\n<p><nav aria-label=\"breadcrumbs\">\n            <div class=\"breadcrumb-container theme1\">\n                <ol>\n                                    <\/ol>\n            <\/div>\n        <\/nav>    <script type=\"application\/ld+json\">\n        {\n            \"@context\": \"http:\/\/schema.org\",\n            \"@type\": \"BreadcrumbList\",\n            \"itemListElement\": [\n                            ]\n        }\n    <\/script>\n   \n    <script>\n            <\/script>\n<\/p>\n<\/div>\n<\/div><\/div>\n<\/div>\n<\/div>\n<\/div>\n<\/div>\n<\/div>\n<div id=\"cmsmasters_row_3f2f8816dd\" class=\"cmsmasters_row cmsmasters_color_scheme_default cmsmasters_row_top_default cmsmasters_row_bot_default cmsmasters_row_boxed\">\n<div class=\"cmsmasters_row_outer_parent\">\n<div class=\"cmsmasters_row_outer\">\n<div class=\"cmsmasters_row_inner\">\n<div class=\"cmsmasters_row_margin\">\n<div id=\"cmsmasters_column_0a1c5940f5\" class=\"cmsmasters_column one_third stickyinfocolumn\">\n<div class=\"cmsmasters_column_inner\"><div id=\"cmsmasters_heading_rva6m2t32d\" class=\"cmsmasters_heading_wrap cmsmasters_heading_align_center\">\n\t<h3 class=\"cmsmasters_heading\">Informace o odd\u011blen\u00ed<\/h3>\n<\/div>\n<div id=\"cmsmasters_divider_dpp34mcdj5\" class=\"cmsmasters_divider cmsmasters_divider_width_short cmsmasters_divider_pos_center\"><\/div>\n<div class=\"cmsmasters_sidebar sidebar_layout_11 sidebar-custom-menu\"><aside id=\"nav_menu-16\" class=\"widget widget_nav_menu\"><div class=\"menu-oddeleni-ocni-container\"><ul id=\"menu-oddeleni-ocni\" class=\"menu\"><li id=\"menu-item-19220\" class=\"menu-item menu-item-type-custom menu-item-object-custom menu-item-19220\"><a href=\"\/oddeleni\/ocni-oddeleni\/#popis-oddeleni\" data-ps2id-api=\"true\"><i class=\"fa-solid fa-info\"><\/i> Popis odd\u011blen\u00ed<\/a><\/li>\n<li id=\"menu-item-19221\" class=\"menu-item menu-item-type-custom menu-item-object-custom menu-item-19221\"><a href=\"\/oddeleni\/ocni-oddeleni\/#personalni-obsazeni\" data-ps2id-api=\"true\"><i class=\"fa-solid fa-user-doctor\"><\/i> Person\u00e1ln\u00ed obsazen\u00ed<\/a><\/li>\n<li id=\"menu-item-19222\" class=\"menu-item menu-item-type-custom menu-item-object-custom menu-item-19222\"><a href=\"\/oddeleni\/ocni-oddeleni\/#oteviraci-hodiny\" data-ps2id-api=\"true\"><i class=\"fa-regular fa-clock\"><\/i> Ordina\u010dn\u00ed hodiny<\/a><\/li>\n<li id=\"menu-item-19223\" class=\"menu-item menu-item-type-custom menu-item-object-custom menu-item-19223\"><a href=\"\/oddeleni\/ocni-oddeleni\/#kontaktni-informace\" data-ps2id-api=\"true\"><i class=\"fa-solid fa-phone\"><\/i> Kontaktn\u00ed informace<\/a><\/li>\n<li id=\"menu-item-19224\" class=\"menu-item menu-item-type-custom menu-item-object-custom menu-item-19224\"><a href=\"\/oddeleni\/ocni-oddeleni\/#kde-nas-najdete\" data-ps2id-api=\"true\"><i class=\"fa-solid fa-location-dot\"><\/i> Kde n\u00e1s najdete<\/a><\/li>\n<li id=\"menu-item-19225\" class=\"menu-item menu-item-type-custom menu-item-object-custom menu-item-19225\"><a href=\"\/oddeleni\/ocni-oddeleni\/#fotogalerie\" data-ps2id-api=\"true\"><i class=\"fa-solid fa-camera\"><\/i> Fotogalerie<\/a><\/li>\n<li id=\"menu-item-19226\" class=\"menu-custom-separator menu-item menu-item-type-custom menu-item-object-custom menu-item-19226\"><hr class=\"mhm-menu-separator\"><\/li>\n<li id=\"menu-item-19227\" class=\"static-link menu-item menu-item-type-custom menu-item-object-custom menu-item-19227\"><a href=\"\/oddeleni\/ocni-oddeleni\/ocni-ambulance\/\" data-ps2id-api=\"true\"><i class=\"fa-solid fa-house-medical\"><\/i> Ambulance<\/a><\/li>\n<li id=\"menu-item-19228\" class=\"static-link menu-item menu-item-type-custom menu-item-object-custom menu-item-19228\"><a href=\"\/oddeleni\/ocni-oddeleni\/luzkova-cast\/\" data-ps2id-api=\"true\"><i class=\"fa-solid fa-bed-pulse\"><\/i> L\u016f\u017ekov\u00e1 \u010d\u00e1st<\/a><\/li>\n<li id=\"menu-item-19229\" class=\"static-link menu-item menu-item-type-custom menu-item-object-custom menu-item-19229\"><a href=\"\/oddeleni\/ocni-oddeleni\/spektrum-pece\/\" data-ps2id-api=\"true\"><i class=\"fa-solid fa-stethoscope\"><\/i> Spektrum p\u00e9\u010de<\/a><\/li>\n<li id=\"menu-item-19230\" class=\"static-link menu-item menu-item-type-custom menu-item-object-custom menu-item-19230\"><a href=\"\/oddeleni\/ocni-oddeleni\/informace-pro-pacienty\/\" data-ps2id-api=\"true\"><i class=\"fa-regular fa-circle-question\"><\/i> Informace pro pacienty<\/a><\/li>\n<\/ul><\/div><\/aside><div class=\"cl\"><\/div>\n<\/div>\n<\/div><\/div>\n<div id=\"cmsmasters_column_k7vlyuz4yq\" class=\"cmsmasters_column two_third\">\n<div class=\"cmsmasters_column_inner\"><div id=\"cmsmasters_heading_0cx4mcjjyd\" class=\"cmsmasters_heading_wrap cmsmasters_heading_align_left\">\n\t<h2 class=\"cmsmasters_heading\">Informace pro pacienty<\/h2>\n<\/div><div id=\"cmsmasters_divider_kul4awri6m\" class=\"cmsmasters_divider cmsmasters_divider_width_short cmsmasters_divider_pos_left\"><\/div>\n<div id=\"cmsmasters_divider_2sg4ca7n58\" class=\"cl\"><\/div>\n<div class=\"cmsmasters_text\">\n<style type=\"text\/css\"><\/style><section id='' \n                class='helpie-faq accordions groupSettings-176__enabled' \n                data-collection='' \n                data-pagination='0' \n                data-search='0' \n                data-pagination-enabled='0'\n                role='region'\n                aria-label='FAQ Section'\n                aria-live='polite'><form class=\"search\" onSubmit=\"return false;\"><div class=\"search__wrapper\"><input type=\"text\" class=\"search__input\" aria-label=\"Search\" role=\"searchbox\" placeholder=\"Vyhledat\"><span class=\"search__icon\"><svg class=\"svg-icon--search\" role=\"img\" xmlns=\"http:\/\/www.w3.org\/2000\/svg\" viewBox=\"0 0 22 22\">\r\n                        <g fill=\"none\" stroke=\"#171717\">\r\n                            <path stroke-linecap=\"square\" stroke-width=\"2\" d=\"M18.5 18.3l-5.4-5.4\"\/>\r\n                            <circle cx=\"8\" cy=\"8\" r=\"7\" stroke-width=\"2\"\/>\r\n                        <\/g>\r\n                    <\/svg><\/span><\/div><div class=\"search__message\"><\/div><\/form><article class=\"accordion \"><div class='helpie-faq-row'><div class='helpie-faq-col helpie-faq-col-12' ><ul><li class=\"accordion__item \"><div class=\"accordion__header \" \r\n                id=\"accordion-header-post-19269\"\r\n                role=\"button\"\r\n                aria-expanded=\"false\"\r\n                aria-controls=\"accordion-content-post-19269\"\r\n                data-id=\"post-19269\" \r\n                data-item=\"hfaq-post-19269\" \r\n                style=\"background:transparent;\" \r\n                data-tags=\"\"\r\n                tabindex=\"0\"><div class=\"accordion__title\">\u0160ed\u00fd z\u00e1kal<\/div><\/div><div id=\"accordion-content-post-19269\" \r\n                class=\"accordion__body\" \r\n                role=\"region\"\r\n                aria-labelledby=\"accordion-header-post-19269\"\r\n                style=\"background:transparent;\"><h4><strong>Katarakta (\u0161ed\u00fd z\u00e1kal):<\/strong><\/h4>\n<h5><strong>Co je katarakta (\u0161ed\u00fd z\u00e1kal)?<\/strong><\/h5>\n<p>Katarakta (\u0161ed\u00fd z\u00e1kal) je zkalen\u00ed \u010do\u010dky, kter\u00e9 zp\u016fsob\u00ed poruchu jej\u00ed pr\u016fhlednosti a rozptyl proch\u00e1zej\u00edc\u00edho sv\u011btla. Katarakta je st\u00e1le uv\u00e1d\u011bna jako nej\u010dast\u011bj\u0161\u00ed p\u0159\u00ed\u010dina slepoty ve sv\u011bt\u011b. Operace katarakty s implantac\u00ed um\u011bl\u00e9 nitroo\u010dn\u00ed \u010do\u010dky je snad nejefektivn\u011bj\u0161\u00ed chirurgickou metodou v cel\u00e9 medic\u00edn\u011b. Do dne\u0161n\u00edho dne nebyl objeven konzervativn\u00ed zp\u016fsob, jak zabr\u00e1nit vzniku a progresi \u0161ed\u00e9ho z\u00e1kalu u jinak zdrav\u00e9ho oka. Dnes jsou zn\u00e1my n\u011bkter\u00e9 rizikov\u00e9 faktory, kter\u00e9 mohou v\u00e9st k tvorb\u011b \u0161ed\u00e9ho z\u00e1kalu \u2013 UV-B z\u00e1\u0159en\u00ed, kou\u0159en\u00ed, diabetes, alkohol, pr\u016fjmov\u00e1 onemocn\u011bn\u00ed a oxidativn\u00ed poruchy. Nej\u010dast\u011bj\u0161\u00edm typem je tzv. seniln\u00ed neboli sta\u0159eck\u00e1 katarakta. P\u0159\u00ed\u010diny vzniku jsou multifaktori\u00e1ln\u00ed a dosud nebyly p\u0159esn\u011b vysv\u011btleny. B\u011bhem st\u00e1rnut\u00ed se \u010do\u010dka zv\u011bt\u0161uje, nab\u00fdv\u00e1 na hmotnosti a ztr\u00e1c\u00ed elasticitu. Proteiny v \u010do\u010dce se chemicky m\u011bn\u00ed na vysokomolekul\u00e1rn\u00ed protein, co\u017e m\u00e1 za n\u00e1sledek zm\u011bny lomivosti \u010do\u010dky a sn\u00ed\u017een\u00ed jej\u00ed pr\u016fhlednosti.<\/p>\n<h5><strong>Jak pozn\u00e1m, \u017ee m\u00e1m \u0161ed\u00fd z\u00e1kal?<\/strong><\/h5>\n<p>Doch\u00e1z\u00ed ke sn\u00ed\u017een\u00ed zrakov\u00e9 ostrosti, to ov\u0161em z\u00e1le\u017e\u00ed i na intenzit\u011b sv\u011btla, velikosti zornice a stupni kr\u00e1tkozrakosti. Dal\u0161\u00edm p\u0159\u00edznakem je sn\u00ed\u017een\u00ed kontrastn\u00ed citlivosti, je sn\u00ed\u017eena rozli\u0161ovac\u00ed schopnost oka. D\u00e1le m\u016f\u017ee doch\u00e1zet ke zhor\u0161en\u00e9mu vid\u011bn\u00ed p\u0159i prudk\u00e9m sv\u011btlu, osln\u011bn\u00ed. Dal\u0161\u00edm znakem je zm\u011bna dioptri\u00ed v br\u00fdl\u00edch. U kr\u00e1tkozrak\u00fdch lid\u00ed doch\u00e1z\u00ed k prohlouben\u00ed kr\u00e1tkozrakosti, dalekozrac\u00ed pacienti mohou p\u0159estat pot\u0159ebovat br\u00fdle na d\u00e1lku. N\u011bkdy m\u016f\u017ee doch\u00e1zet k monokul\u00e1rn\u00ed diplopii. P\u0159\u00ed\u010dinou je zv\u00fd\u0161en\u00ed po\u010dtu lomiv\u00fdch ploch v centru \u010do\u010dky, kter\u00e9 potom mohou vytv\u00e1\u0159et dvojit\u00fd obraz \u010dasto spojen\u00fd s \u201educhy\u201c (jako nekvalitn\u00ed sign\u00e1l televizn\u00edho p\u0159\u00edjmu).<\/p>\n<h5><strong>Jak\u00e9 vy\u0161et\u0159en\u00ed mus\u00edm p\u0159ed operac\u00ed katarakty podstoupit?<\/strong><\/h5>\n<p>P\u0159ed operac\u00ed katarakty je v\u017edy d\u016fle\u017eit\u00e9 zodpov\u011bd\u011bt l\u00e9ka\u0159i p\u00e1r ot\u00e1zek t\u00fdkaj\u00edc\u00ed se osobn\u00ed anamn\u00e9zy, nap\u0159. l\u00e9\u010dil jsem se n\u011bkdy s o\u010dima, nosil jsem v d\u011btstv\u00ed br\u00fdle, \u0161ilhal jsem, prod\u011blal jsem n\u011bjak\u00e9 dal\u0161\u00ed operace o\u010d\u00ed, pokud ano, jak jsem se po operaci hojil, m\u00e1m vysok\u00fd nitroo\u010dn\u00ed tlak a tak d\u00e1le. Po podrobn\u00e9 anamn\u00e9ze n\u00e1sleduje samotn\u00e9 o\u010dn\u00ed vy\u0161et\u0159en\u00ed, kdy se vy\u0161et\u0159uje postaven\u00ed o\u010dn\u00edch v\u00ed\u010dek, jak vypad\u00e1 p\u0159edn\u00ed segment oka (spojivka, rohovka, p\u0159edn\u00ed komora, duhovka a samoz\u0159ejm\u011b vlastn\u00ed \u010do\u010dka). N\u00e1sleduje vy\u0161et\u0159en\u00ed o\u010dn\u00edho pozad\u00ed, stanoven\u00ed refrakce pomoc\u00ed autorefraktometru a Snellenov\u00fdch optotyp\u016f a m\u011b\u0159en\u00ed nitroo\u010dn\u00edho tlaku. Pot\u00e9 je d\u016fle\u017eit\u00e9 prov\u00e9st v\u00fdpo\u010det optick\u00e9 mohutnosti \u010do\u010dky tzv. biometrii. Z\u00e1kladn\u00ed parametry, kter\u00e9 se m\u011b\u0159\u00ed, jsou axi\u00e1ln\u00ed d\u00e9lka oka a optick\u00e1 mohutnost rohovky. D\u00e9lku oka lze m\u011b\u0159it ultrazvukem nebo opticky \u2013 p\u0159\u00edstrojem IOL Master. Na na\u0161em pracovi\u0161ti jsou pacienti na toto podrobn\u00e9 vy\u0161et\u0159en\u00ed objedn\u00e1v\u00e1n\u00ed indikuj\u00edc\u00edm l\u00e9ka\u0159em, kter\u00fdm m\u016f\u017ee b\u00fdt l\u00e9ka\u0159 v\u0161eobecn\u00e9 ambulance, l\u00e9ka\u0159 ze specializovan\u00e9 poradny nebo o\u0161et\u0159uj\u00edc\u00ed o\u010dn\u00ed l\u00e9ka\u0159. Sou\u010d\u00e1st\u00ed vy\u0161et\u0159en\u00ed je tak\u00e9 podrobn\u00e9 sezn\u00e1men\u00ed s p\u0159edopera\u010dn\u00ed p\u0159\u00edpravou, intern\u00edm p\u0159edopera\u010dn\u00edm vy\u0161et\u0159en\u00edm, se samotn\u00fdm pr\u016fb\u011bhem operace a jsou vyd\u00e1ny pokyny, jak m\u00e1 pacient postupovat po operaci.<\/p>\n<h5><strong>Je nutn\u00e9 p\u0159ed operac\u00ed kapat n\u011bjak\u00e9 kapky?<\/strong><\/h5>\n<p>P\u0159i podrobn\u00e9m vy\u0161et\u0159en\u00ed p\u0159ed operac\u00ed je pacient\u016fm vyd\u00e1n recept na antibiotick\u00e9 kapky, kter\u00e9 je t\u0159eba kapat t\u0159i dny p\u0159ed operac\u00ed a d\u00e1le pot\u00e9 celou dobu hojen\u00ed po operaci, dokud o\u0161et\u0159uj\u00edc\u00ed l\u00e9ka\u0159 neur\u010d\u00ed, \u017ee je l\u00e9\u010dba u konce. Kapky je mo\u017en\u00e9 vyzvednout ihned po proveden\u00e9m vy\u0161et\u0159en\u00ed, otev\u0159\u00edt je je dobr\u00e9 a\u017e t\u011bsn\u011b p\u0159ed aplikac\u00ed. Kapky se kapou 5x denn\u011b 1 kapka do operovan\u00e9ho oka. Jedno balen\u00ed kapek vydr\u017e\u00ed zhruba na 14 dn\u00ed.<\/p>\n<h5><strong>Jak to prob\u00edh\u00e1 v samotn\u00fd den operace, mus\u00edm b\u00fdt hospitalizov\u00e1n na o\u010dn\u00edm odd\u011blen\u00ed nebo je to ambulantn\u00ed z\u00e1krok?<\/strong><\/h5>\n<p>V 90% je operace katarakty ambulantn\u00ed v\u00fdkon, po kter\u00e9m pac. odch\u00e1z\u00ed dom\u016f. U komplikovan\u00fdch operac\u00ed nebo p\u0159i v\u00fdrazn\u00e9 dismobilit\u011b pacienta je indikov\u00e1na hospitalizace. Na na\u0161em pracovi\u0161ti je tak\u00e9 mo\u017enost placen\u00e9ho pobytu na l\u016f\u017eku po operaci katarakty. Tato varianta je vhodn\u00e1 zejm\u00e9na pro pacienty, kte\u0159\u00ed si nejsou schopni po operaci zajistit odvoz dom\u016f. V p\u0159\u00edpad\u011b, \u017ee se jedn\u00e1 o ambulatn\u00ed v\u00fdkon, dostav\u00ed se pac. v den operace v 6:30 na na\u0161i ambulanci. Zde jsou pacient\u016fm zm\u011b\u0159eny dioptrie v o\u010d\u00edch na autorefraktometru a d\u00e1le je zm\u011b\u0159ena hodnota nitroo\u010dn\u00edho tlaku. Pot\u00e9 je proveden pohovor s l\u00e9ka\u0159em, kde je mo\u017enost kl\u00e1st dopl\u0148uj\u00edc\u00ed ot\u00e1zky t\u00fdkaj\u00edc\u00ed se operace, l\u00e9ka\u0159 tak\u00e9 zkontroluje, zda pacient pro\u0161el intern\u00edm p\u0159edopera\u010dn\u00edm vy\u0161et\u0159en\u00edm. Pokud je v\u0161e v po\u0159\u00e1dku a pac. se c\u00edt\u00ed schopen operace, je pacient d\u00e1le odesl\u00e1n na l\u016f\u017ekovou \u010d\u00e1st na\u0161eho odd\u011blen\u00ed. Zde prob\u011bhne p\u0159edopera\u010dn\u00ed vy\u0161et\u0159en\u00ed prim\u00e1\u0159em odd\u011blen\u00ed, je vybr\u00e1na vhodn\u00e1 nitroo\u010dn\u00ed \u010do\u010dka a na z\u00e1v\u011br je ur\u010deno po\u0159ad\u00ed pacient\u016f k operaci. Jedn\u00e1-li se v\u00fdkon za hospitalizace, pacient se dostav\u00ed na p\u0159\u00edjem ji\u017e den p\u0159edem.<\/p>\n<h5><strong>Jak prob\u00edh\u00e1 samotn\u00e1 operace katarakty (\u0161ed\u00e9ho z\u00e1kalu)?<\/strong><\/h5>\n<p>Operace katarakty prob\u00edh\u00e1 v lok\u00e1ln\u00ed topick\u00e9 anestezii (znecitliv\u011bn\u00ed kapkami). Pacient je celou dobu operace p\u0159i v\u011bdom\u00ed, je zde velmi d\u016fle\u017eit\u00e1 spolupr\u00e1ce s operat\u00e9rem. Pot\u00e9 jsou do oka mal\u00fdm \u0159ezem vlo\u017eeny chirurgick\u00e9 n\u00e1stroje o velikosti hrotu pera, kter\u00fdmi je postupn\u011b rozru\u0161ena struktura p\u016fvodn\u00ed zkalen\u00e9 \u010do\u010dky. Pot\u00e9 je za pou\u017eit\u00ed vysokofrekven\u010dn\u00edho ultrazvuku (fakoemulzifikace) nebo mikroimpulzy tekutiny (AquaLase) odstran\u011bna zkalen\u00e1 \u010do\u010dka a z\u00e1rove\u0148 je ods\u00e1ta z oka ven. Pot\u00e9 se p\u016fvodn\u00ed \u010do\u010dka nahrad\u00ed um\u011blou nitroo\u010dn\u00ed \u010do\u010dkou. Tyto \u010do\u010dky jsou vyr\u00e1b\u011bny z flexibiln\u00edho materi\u00e1lu, kter\u00fd chirurgovi umo\u017e\u0148uje ji svinout a vlo\u017eit do oka velmi mal\u00fdm \u0159ezem. Po vlo\u017een\u00ed do oka se \u010do\u010dka rozvine a sv\u00fdmi haptiky (no\u017ei\u010dkami) se udr\u017e\u00ed na spr\u00e1vn\u00e9m m\u00edst\u011b.<\/p>\n<h5><strong>Jak potom postupovat po operaci?<\/strong><\/h5>\n<p>Ihned po operaci je oko zalepeno obvazem a pevnou klapkou, aby b\u011bhem dne a n\u00e1sleduj\u00edc\u00ed noci nedo\u0161lo k ne\u017e\u00e1douc\u00edmu zhmo\u017ed\u011bn\u00ed oka. Oko takto z\u016fstane a\u017e do n\u00e1sleduj\u00edc\u00edho dne, kdy je klapka odlepena a prob\u011bhne prvn\u00ed poopera\u010dn\u00ed kontrola. P\u0159i kontrole je vyzkou\u0161ena zrakov\u00e1 ostrost pomoc\u00ed Snellenov\u00fdch optotyp\u016f a provedeno vy\u0161et\u0159en\u00ed p\u0159edn\u00edho segmentu oka na \u0161t\u011brbinov\u00e9 lamp\u011b. Po kontrole se ji\u017e operovan\u00e9 oko znovu nezalepuje. Po operaci mus\u00ed pacient nad\u00e1le pokra\u010dovat v aplikaci antibiotick\u00fdch kapek 1 kapka 5x denn\u011b do operovan\u00e9ho oka a chodit na pravideln\u00e9 kontroly dle pokyn\u016f o\u0161et\u0159uj\u00edc\u00edho l\u00e9ka\u0159e. V p\u0159\u00edpad\u011b obt\u00ed\u017e\u00ed (zhor\u0161en\u00e9 vid\u011bn\u00ed operovan\u00e9ho oka, bolest \u010di zarudnut\u00ed operovan\u00e9ho oka) je nutn\u00e1 kontrola ihned. Po operaci pacient nesm\u00ed zvedat t\u011b\u017ek\u00e9 v\u011bci, posilovat \u010di pracovat v p\u0159edklonu. M\u016f\u017ee se d\u00edvat na televizi, chodit na proch\u00e1zky, \u010d\u00edst a d\u011blat b\u011b\u017en\u00e9 dom\u00e1c\u00ed pr\u00e1ce.<\/p>\n<h5><strong>Jak dlouho se bude operovan\u00e9 oko hojit?<\/strong><\/h5>\n<p>Celkov\u00e1 doba rekonvalescence operovan\u00e9ho oka p\u0159i dobr\u00e9 poopera\u010dn\u00edm pr\u016fb\u011bhu je zhruba 2-3 m\u011bs\u00edce. Po uplynut\u00ed t\u00e9to doby je mo\u017eno p\u0159edepsat novou br\u00fdlovou korekci. Do t\u00e9 doby se mohou dioptrie je\u0161t\u011b m\u011bnit<\/p>\n<\/div><\/li><li class=\"accordion__item \"><div class=\"accordion__header \" \r\n                id=\"accordion-header-post-19270\"\r\n                role=\"button\"\r\n                aria-expanded=\"false\"\r\n                aria-controls=\"accordion-content-post-19270\"\r\n                data-id=\"post-19270\" \r\n                data-item=\"hfaq-post-19270\" \r\n                style=\"background:transparent;\" \r\n                data-tags=\"\"\r\n                tabindex=\"0\"><div class=\"accordion__title\">Operace o\u010dn\u00edch v\u00ed\u010dek<\/div><\/div><div id=\"accordion-content-post-19270\" \r\n                class=\"accordion__body\" \r\n                role=\"region\"\r\n                aria-labelledby=\"accordion-header-post-19270\"\r\n                style=\"background:transparent;\"><h4><strong>Blefaroplastika (operace o\u010dn\u00edch v\u00ed\u010dek):<\/strong><\/h4>\n<h5><strong>Co je blefaroplastika?<\/strong><\/h5>\n<p>Opera\u010dn\u00ed v\u00fdkon, p\u0159i kter\u00e9m odstra\u0148ujeme ko\u017en\u00ed nadbytky v oblasti horn\u00edch \u010di doln\u00edch o\u010dn\u00edch v\u00ed\u010dek zp\u016fsoben\u00e9 povolov\u00e1n\u00edm a st\u00e1rnut\u00edm k\u016f\u017ee. Vzhledem k tomu, \u017ee se jedn\u00e1 o kosmetick\u00fd v\u00fdkon, nen\u00ed blefaroplastika hrazena ze zdravotn\u00edho poji\u0161t\u011bn\u00ed (viz. cen\u00edk).<\/p>\n<h5><strong>Jak se na tento v\u00fdkon mohu objednat?<\/strong><\/h5>\n<p>P\u0159ed ka\u017edou blefaroplastikou je nezbytn\u00e1 konzultace a vy\u0161et\u0159en\u00ed l\u00e9ka\u0159em na\u0161eho o\u010dn\u00edho odd\u011blen\u00ed. Na toto vy\u0161et\u0159en\u00ed je mo\u017eno se dostavit kdykoliv v\u00a0ordina\u010dn\u00edch hodin\u00e1ch v\u0161eobecn\u00e9 o\u010dn\u00ed ambulance.<\/p>\n<h5><strong>Jak samotn\u00fd v\u00fdkon prob\u00edh\u00e1?<\/strong><\/h5>\n<p>Blefaroplastika se prov\u00e1d\u00ed v\u00a0lok\u00e1ln\u00ed anestezii, pacient je po celou dobu v\u00fdkonu p\u0159i v\u011bdom\u00ed a m\u016f\u017ee komunikovat s\u00a0operat\u00e9rem. Nejprve se stanov\u00ed rozsah ko\u017en\u00edho nadbytku a provede se n\u00e1kres na k\u016f\u017ei. Po odstran\u011bn\u00ed ko\u017en\u00edho nadbytku dojde k\u00a0pod\u00e9ln\u00e9mu rozd\u011blen\u00ed kruhov\u00e9ho o\u010dn\u00edho svalu, rozru\u0161en\u00ed vazivov\u00e9ho pouzdra tukov\u00fdch v\u00e1\u010dk\u016f a odstran\u011bn\u00ed nadbyte\u010dn\u00e9 tukov\u00e9 tk\u00e1n\u011b. Pot\u00e9 se k\u00a0sob\u011b okraje k\u016f\u017ee se\u0161ij\u00ed a jsou p\u0159ekryty steriln\u00edm obvazem.<\/p>\n<h5><strong>Co d\u011blat po operaci?<\/strong><\/h5>\n<p>Po operaci je t\u0159eba p\u0159ikl\u00e1dat na v\u00ed\u010dka studen\u00e9 obklady, aby se zamezilo p\u0159\u00edpadn\u00fdm otok\u016fm a krevn\u00edm podlitin\u00e1m. N\u00e1sleduj\u00edc\u00ed den p\u0159ijde pacient na kontrolu do na\u0161\u00ed ambulance, kdy je odstran\u011bno steriln\u00ed kryt\u00ed. Stehy se pot\u00e9 odstra\u0148uj\u00ed zhruba po 7 dnech od operace.<\/p>\n<\/div><\/li><\/ul><\/div><\/div><\/article><\/section>\n<\/div>\n<\/div><\/div>\n<\/div>\n<\/div>\n<\/div>\n<\/div>\n<\/div>\n\n","protected":false},"excerpt":{"rendered":"","protected":false},"author":1,"featured_media":17122,"parent":19217,"menu_order":0,"comment_status":"closed","ping_status":"closed","template":"","meta":{"pgc_sgb_lightbox_settings":"","footnotes":"","_links_to":"","_links_to_target":""},"categories":[85],"class_list":["post-19271","page","type-page","status-publish","has-post-thumbnail","hentry","category-page-oddeleni"],"publishpress_future_action":{"enabled":false,"date":"2026-04-10 20:24:07","action":"change-status","newStatus":"draft","terms":[],"taxonomy":"category","extraData":[]},"publishpress_future_workflow_manual_trigger":{"enabledWorkflows":[]},"_links":{"self":[{"href":"https:\/\/webnemji.azurewebsites.net\/en\/wp-json\/wp\/v2\/pages\/19271","targetHints":{"allow":["GET"]}}],"collection":[{"href":"https:\/\/webnemji.azurewebsites.net\/en\/wp-json\/wp\/v2\/pages"}],"about":[{"href":"https:\/\/webnemji.azurewebsites.net\/en\/wp-json\/wp\/v2\/types\/page"}],"author":[{"embeddable":true,"href":"https:\/\/webnemji.azurewebsites.net\/en\/wp-json\/wp\/v2\/users\/1"}],"replies":[{"embeddable":true,"href":"https:\/\/webnemji.azurewebsites.net\/en\/wp-json\/wp\/v2\/comments?post=19271"}],"version-history":[{"count":0,"href":"https:\/\/webnemji.azurewebsites.net\/en\/wp-json\/wp\/v2\/pages\/19271\/revisions"}],"up":[{"embeddable":true,"href":"https:\/\/webnemji.azurewebsites.net\/en\/wp-json\/wp\/v2\/pages\/19217"}],"wp:featuredmedia":[{"embeddable":true,"href":"https:\/\/webnemji.azurewebsites.net\/en\/wp-json\/wp\/v2\/media\/17122"}],"wp:attachment":[{"href":"https:\/\/webnemji.azurewebsites.net\/en\/wp-json\/wp\/v2\/media?parent=19271"}],"wp:term":[{"taxonomy":"category","embeddable":true,"href":"https:\/\/webnemji.azurewebsites.net\/en\/wp-json\/wp\/v2\/categories?post=19271"}],"curies":[{"name":"wp","href":"https:\/\/api.w.org\/{rel}","templated":true}]}}