{"id":19419,"date":"2023-09-19T10:07:55","date_gmt":"2023-09-19T08:07:55","guid":{"rendered":"https:\/\/nemji.rs-kovarik.cz\/?page_id=19419"},"modified":"2023-10-30T14:25:00","modified_gmt":"2023-10-30T13:25:00","slug":"luzkova-cast","status":"publish","type":"page","link":"https:\/\/webnemji.azurewebsites.net\/en\/oddeleni\/infekcni-oddeleni\/luzkova-cast\/","title":{"rendered":"Inpatient department"},"content":{"rendered":"<div id=\"cmsmasters_row_6iluctg3hk\" class=\"cmsmasters_row cmsmasters_color_scheme_default cmsmasters_row_top_default cmsmasters_row_bot_default cmsmasters_row_boxed\">\n<div class=\"cmsmasters_row_outer_parent\">\n<div class=\"cmsmasters_row_overlay\"><\/div>\n<div class=\"cmsmasters_row_outer\">\n<div class=\"cmsmasters_row_inner\">\n<div class=\"cmsmasters_row_margin\">\n<div id=\"cmsmasters_column_sybg7he2sg\" class=\"cmsmasters_column one_first\">\n<div class=\"cmsmasters_column_inner\"><div id=\"cmsmasters_heading_b3c74b95a0\" class=\"cmsmasters_heading_wrap cmsmasters_heading_align_center pageheadingtitle\">\n\t<h1 class=\"cmsmasters_heading\">Infek\u010dn\u00ed odd\u011blen\u00ed<\/h1>\n<\/div>\n<\/div><\/div>\n<\/div>\n<\/div>\n<\/div>\n<\/div>\n<\/div>\n<div id=\"cmsmasters_row_ly5ze1hf8e\" class=\"cmsmasters_row cmsmasters_color_scheme_default cmsmasters_row_top_default cmsmasters_row_bot_default cmsmasters_row_boxed\">\n<div class=\"cmsmasters_row_outer_parent\">\n<div class=\"cmsmasters_row_outer\">\n<div class=\"cmsmasters_row_inner\">\n<div class=\"cmsmasters_row_margin\">\n<div id=\"cmsmasters_column_v67ee6nvg7\" class=\"cmsmasters_column one_first\">\n<div class=\"cmsmasters_column_inner\"><div class=\"cmsmasters_text\">\n<p><nav aria-label=\"breadcrumbs\">\n            <div class=\"breadcrumb-container theme1\">\n                <ol>\n                                    <\/ol>\n            <\/div>\n        <\/nav>    <script type=\"application\/ld+json\">\n        {\n            \"@context\": \"http:\/\/schema.org\",\n            \"@type\": \"BreadcrumbList\",\n            \"itemListElement\": [\n                            ]\n        }\n    <\/script>\n   \n    <script>\n            <\/script>\n<\/p>\n<\/div>\n<\/div><\/div>\n<\/div>\n<\/div>\n<\/div>\n<\/div>\n<\/div>\n<div id=\"cmsmasters_row_3f2f8816dd\" class=\"cmsmasters_row cmsmasters_color_scheme_default cmsmasters_row_top_default cmsmasters_row_bot_default cmsmasters_row_boxed\">\n<div class=\"cmsmasters_row_outer_parent\">\n<div class=\"cmsmasters_row_outer\">\n<div class=\"cmsmasters_row_inner\">\n<div class=\"cmsmasters_row_margin\">\n<div id=\"cmsmasters_column_0a1c5940f5\" class=\"cmsmasters_column one_third stickyinfocolumn\">\n<div class=\"cmsmasters_column_inner\"><div id=\"cmsmasters_heading_rva6m2t32d\" class=\"cmsmasters_heading_wrap cmsmasters_heading_align_center\">\n\t<h3 class=\"cmsmasters_heading\">Informace o odd\u011blen\u00ed<\/h3>\n<\/div>\n<div id=\"cmsmasters_divider_dpp34mcdj5\" class=\"cmsmasters_divider cmsmasters_divider_width_short cmsmasters_divider_pos_center\"><\/div>\n<div class=\"cmsmasters_sidebar sidebar_layout_11 sidebar-custom-menu\"><aside id=\"nav_menu-17\" class=\"widget widget_nav_menu\"><div class=\"menu-oddeleni-infekcni-container\"><ul id=\"menu-oddeleni-infekcni\" class=\"menu\"><li id=\"menu-item-19324\" class=\"menu-item menu-item-type-custom menu-item-object-custom menu-item-19324\"><a href=\"\/oddeleni\/infekcni-oddeleni\/#popis-oddeleni\" data-ps2id-api=\"true\"><i class=\"fa-solid fa-info\"><\/i> Popis odd\u011blen\u00ed<\/a><\/li>\n<li id=\"menu-item-19325\" class=\"menu-item menu-item-type-custom menu-item-object-custom menu-item-19325\"><a href=\"\/oddeleni\/infekcni-oddeleni\/#personalni-obsazeni\" data-ps2id-api=\"true\"><i class=\"fa-solid fa-user-doctor\"><\/i> Person\u00e1ln\u00ed obsazen\u00ed<\/a><\/li>\n<li id=\"menu-item-19326\" class=\"menu-item menu-item-type-custom menu-item-object-custom menu-item-19326\"><a href=\"\/oddeleni\/infekcni-oddeleni\/#oteviraci-hodiny\" data-ps2id-api=\"true\"><i class=\"fa-regular fa-clock\"><\/i> Ordina\u010dn\u00ed hodiny<\/a><\/li>\n<li id=\"menu-item-19327\" class=\"menu-item menu-item-type-custom menu-item-object-custom menu-item-19327\"><a href=\"\/oddeleni\/infekcni-oddeleni\/#kontaktni-informace\" data-ps2id-api=\"true\"><i class=\"fa-solid fa-phone\"><\/i> Kontaktn\u00ed informace<\/a><\/li>\n<li id=\"menu-item-19328\" class=\"menu-item menu-item-type-custom menu-item-object-custom menu-item-19328\"><a href=\"\/oddeleni\/infekcni-oddeleni\/#kde-nas-najdete\" data-ps2id-api=\"true\"><i class=\"fa-solid fa-location-dot\"><\/i> Kde n\u00e1s najdete<\/a><\/li>\n<li id=\"menu-item-19329\" class=\"menu-item menu-item-type-custom menu-item-object-custom menu-item-19329\"><a href=\"\/oddeleni\/infekcni-oddeleni\/#fotogalerie\" data-ps2id-api=\"true\"><i class=\"fa-solid fa-camera\"><\/i> Fotogalerie<\/a><\/li>\n<li id=\"menu-item-19330\" class=\"menu-custom-separator menu-item menu-item-type-custom menu-item-object-custom menu-item-19330\"><hr class=\"mhm-menu-separator\"><\/li>\n<li id=\"menu-item-19331\" class=\"static-link menu-item menu-item-type-custom menu-item-object-custom menu-item-19331\"><a href=\"\/oddeleni\/infekcni-oddeleni\/infekcni-ambulance\/\" data-ps2id-api=\"true\"><i class=\"fa-solid fa-house-medical\"><\/i> Ambulance<\/a><\/li>\n<li id=\"menu-item-19332\" class=\"static-link menu-item menu-item-type-custom menu-item-object-custom menu-item-19332\"><a href=\"\/oddeleni\/infekcni-oddeleni\/luzkova-cast\/\" data-ps2id-api=\"true\"><i class=\"fa-solid fa-bed-pulse\"><\/i> L\u016f\u017ekov\u00e1 \u010d\u00e1st<\/a><\/li>\n<li id=\"menu-item-19333\" class=\"static-link menu-item menu-item-type-custom menu-item-object-custom menu-item-19333\"><a href=\"\/oddeleni\/infekcni-oddeleni\/informace-pro-pacienty\/\" data-ps2id-api=\"true\"><i class=\"fa-regular fa-circle-question\"><\/i> Informace pro pacienty<\/a><\/li>\n<\/ul><\/div><\/aside><div class=\"cl\"><\/div>\n<\/div>\n<\/div><\/div>\n<div id=\"cmsmasters_column_k7vlyuz4yq\" class=\"cmsmasters_column two_third\">\n<div class=\"cmsmasters_column_inner\"><div id=\"cmsmasters_heading_0cx4mcjjyd\" class=\"cmsmasters_heading_wrap cmsmasters_heading_align_left\">\n\t<h2 class=\"cmsmasters_heading\">L\u016f\u017ekov\u00e1 \u010d\u00e1st infek\u010dn\u00edho odd\u011blen\u00ed<\/h2>\n<\/div>\n<div id=\"cmsmasters_divider_kul4awri6m\" class=\"cmsmasters_divider cmsmasters_divider_width_short cmsmasters_divider_pos_left\"><\/div>\n<div class=\"cmsmasters_text\">\n<style type=\"text\/css\"><\/style><section id='' \n                class='helpie-faq accordions groupSettings-183__enabled' \n                data-collection='' \n                data-pagination='0' \n                data-search='0' \n                data-pagination-enabled='0'\n                role='region'\n                aria-label='FAQ Section'\n                aria-live='polite'><form class=\"search\" onSubmit=\"return false;\"><div class=\"search__wrapper\"><input type=\"text\" class=\"search__input\" aria-label=\"Search\" role=\"searchbox\" placeholder=\"Vyhledat\"><span class=\"search__icon\"><svg class=\"svg-icon--search\" role=\"img\" xmlns=\"http:\/\/www.w3.org\/2000\/svg\" viewBox=\"0 0 22 22\">\r\n                        <g fill=\"none\" stroke=\"#171717\">\r\n                            <path stroke-linecap=\"square\" stroke-width=\"2\" d=\"M18.5 18.3l-5.4-5.4\"\/>\r\n                            <circle cx=\"8\" cy=\"8\" r=\"7\" stroke-width=\"2\"\/>\r\n                        <\/g>\r\n                    <\/svg><\/span><\/div><div class=\"search__message\"><\/div><\/form><article class=\"accordion \"><div class='helpie-faq-row'><div class='helpie-faq-col helpie-faq-col-12' ><ul><li class=\"accordion__item \"><div class=\"accordion__header \" \r\n                id=\"accordion-header-post-19493\"\r\n                role=\"button\"\r\n                aria-expanded=\"false\"\r\n                aria-controls=\"accordion-content-post-19493\"\r\n                data-id=\"post-19493\" \r\n                data-item=\"hfaq-post-19493\" \r\n                style=\"background:transparent;\" \r\n                data-tags=\"\"\r\n                tabindex=\"0\"><div class=\"accordion__title\">Odd\u011blen\u00ed A<\/div><\/div><div id=\"accordion-content-post-19493\" \r\n                class=\"accordion__body\" \r\n                role=\"region\"\r\n                aria-labelledby=\"accordion-header-post-19493\"\r\n                style=\"background:transparent;\"><p>Slou\u017e\u00ed k\u00a0diagnostice a l\u00e9\u010db\u011b pacient\u016f s\u00a0t\u011b\u017ek\u00fdm pr\u016fb\u011bhem infek\u010dn\u00edho onemocn\u011bn\u00ed, kter\u00e9 nelze zvl\u00e1dnout ambulantn\u011b. Jde zejm\u00e9na o hore\u010dnat\u00e9 stavy s\u00a0p\u0159edpokl\u00e1danou infek\u010dn\u00ed p\u0159\u00ed\u010dinou, infek\u010dn\u00ed pr\u016fjmy, neuroinfekce, infek\u010dn\u00ed hepatitidy (\u017eloutenky), onemocn\u011bn\u00ed k\u016f\u017ee (r\u016f\u017ee a p\u00e1sov\u00e9 opary), infek\u010dn\u00ed mononukle\u00f3zu a diagnostiku a l\u00e9\u010dbu pacient\u016f po n\u00e1vratu z\u00a0exotick\u00fdch oblast\u00ed. Zaji\u0161\u0165ujeme tak\u00e9 nezbytnou izolaci a l\u00e9\u010dbu vysoce naka\u017eliv\u00fdch infek\u010dn\u00edch \u00a0onemocn\u011bn\u00ed (\u00a0COVID 19, ch\u0159ipka, plan\u00e9 ne\u0161tovice\u2026) a nezbytnou izolaci nemocn\u00fdch z\u00a0jin\u00fdch odd\u011blen\u00ed. Kr\u00e1tkodob\u011b zde rovn\u011b\u017e hospitalizujeme pacienty k\u00a0diagnostick\u00e9 lumb\u00e1ln\u00ed punkci k\u00a0vylou\u010den\u00ed neuroborreli\u00f3zy.<\/p>\n<p>Standardn\u00ed l\u016f\u017ekov\u00e9 odd\u011blen\u00ed tvo\u0159\u00ed 10 pokoj\u016f. Pokoje jsou dvoul\u016f\u017ekov\u00e9 a v\u0161echny maj\u00ed vlastn\u00ed soci\u00e1ln\u00ed za\u0159\u00edzen\u00ed. Na ka\u017ed\u00e9m pokoji je televizor a bezplatn\u00e9 p\u0159ipojen\u00ed k\u00a0wifi.<\/p>\n<p>Pacienti jsou hospitalizov\u00e1ni na pokoj\u00edch podle onemocn\u011bn\u00ed.<\/p>\n<table style=\"border-collapse: collapse;width: 99.2089%;height: 207px\" border=\"1\">\n<tbody>\n<tr style=\"height: 10px\">\n<td style=\"width: 16.9857%;height: 10px\"><strong>Vedouc\u00ed l\u00e9ka\u0159:<\/strong><\/td>\n<td class=\"xl26\" style=\"width: 83.0143%;height: 10px\" width=\"256\">MUDr. Irena Bene\u0161ov\u00e1<\/td>\n<\/tr>\n<tr style=\"height: 15px\">\n<td style=\"width: 16.9857%;height: 15px\" colspan=\"2\">\n<hr \/>\n<\/td>\n<\/tr>\n<tr style=\"height: 24px\">\n<td style=\"width: 16.9857%;height: 24px\"><strong>Telefon l\u00e9ka\u0159i:<\/strong><\/td>\n<td style=\"width: 83.0143%;height: 24px\">+420 567 157 229<\/td>\n<\/tr>\n<tr style=\"height: 18px\">\n<td style=\"width: 16.9857%;height: 18px\" colspan=\"2\">\n<div>\n<hr \/>\n<\/div>\n<\/td>\n<\/tr>\n<tr style=\"height: 10px\">\n<td style=\"width: 16.9857%;height: 10px\"><strong>Stani\u010dn\u00ed sestry:<\/strong><\/td>\n<td style=\"width: 83.0143%;height: 10px\">\u00a0Lucie Hahnov\u00e1<\/td>\n<\/tr>\n<tr style=\"height: 18px\">\n<td style=\"width: 100%;height: 18px\" colspan=\"2\">\n<div>\n<hr \/>\n<\/div>\n<\/td>\n<\/tr>\n<tr style=\"height: 24px\">\n<td style=\"width: 16.9857%;height: 24px\"><strong>Telefon sestry:<\/strong><\/td>\n<td class=\"xl28\" style=\"width: 83.0143%;height: 24px\" width=\"256\" height=\"17\">+420 567 157 304<\/td>\n<\/tr>\n<tr style=\"height: 18px\">\n<td style=\"width: 100%;height: 18px\" colspan=\"2\">\n<div>\n<hr \/>\n<\/div>\n<\/td>\n<\/tr>\n<tr style=\"height: 28px\">\n<td style=\"width: 16.9857%;height: 28px\"><strong>Doporu\u010den\u00e9 n\u00e1v\u0161t\u011bvn\u00ed hodiny:<\/strong><\/td>\n<td style=\"width: 83.0143%;height: 28px\">Denn\u011b od 14:30 &#8211; 17:00, po domluv\u011b s o\u0161et\u0159uj\u00edc\u00edm l\u00e9ka\u0159em.<\/td>\n<\/tr>\n<tr style=\"height: 18px\">\n<td style=\"width: 100%;height: 18px\" colspan=\"2\">\n<div>\n<hr \/>\n<\/div>\n<\/td>\n<\/tr>\n<tr style=\"height: 24px\">\n<td style=\"width: 16.9857%;height: 24px\"><strong>Kde n\u00e1s najdete:<br \/>\n<\/strong><\/td>\n<td style=\"width: 83.0143%;height: 24px\">Budova C2, 1. poschod\u00ed<\/td>\n<\/tr>\n<\/tbody>\n<\/table>\n<\/div><\/li><li class=\"accordion__item \"><div class=\"accordion__header \" \r\n                id=\"accordion-header-post-19494\"\r\n                role=\"button\"\r\n                aria-expanded=\"false\"\r\n                aria-controls=\"accordion-content-post-19494\"\r\n                data-id=\"post-19494\" \r\n                data-item=\"hfaq-post-19494\" \r\n                style=\"background:transparent;\" \r\n                data-tags=\"\"\r\n                tabindex=\"0\"><div class=\"accordion__title\">Odd\u011blen\u00ed B<\/div><\/div><div id=\"accordion-content-post-19494\" \r\n                class=\"accordion__body\" \r\n                role=\"region\"\r\n                aria-labelledby=\"accordion-header-post-19494\"\r\n                style=\"background:transparent;\"><p>Slou\u017e\u00ed k\u00a0diagnostice a l\u00e9\u010db\u011b pacient\u016f s\u00a0t\u011b\u017ek\u00fdm pr\u016fb\u011bhem infek\u010dn\u00edho onemocn\u011bn\u00ed, kter\u00e9 nelze zvl\u00e1dnout ambulantn\u011b. Jde zejm\u00e9na o hore\u010dnat\u00e9 stavy s\u00a0p\u0159edpokl\u00e1danou infek\u010dn\u00ed p\u0159\u00ed\u010dinou, infek\u010dn\u00ed pr\u016fjmy, neuroinfekce, infek\u010dn\u00ed hepatitidy (\u017eloutenky), onemocn\u011bn\u00ed k\u016f\u017ee (r\u016f\u017ee a p\u00e1sov\u00e9 opary), infek\u010dn\u00ed mononukle\u00f3zu a diagnostiku a l\u00e9\u010dbu pacient\u016f po n\u00e1vratu z\u00a0exotick\u00fdch oblast\u00ed. Zaji\u0161\u0165ujeme tak\u00e9 nezbytnou izolaci a l\u00e9\u010dbu vysoce naka\u017eliv\u00fdch infek\u010dn\u00edch \u00a0onemocn\u011bn\u00ed (\u00a0COVID 19, ch\u0159ipka, plan\u00e9 ne\u0161tovice\u2026) a nezbytnou izolaci nemocn\u00fdch z\u00a0jin\u00fdch odd\u011blen\u00ed. Kr\u00e1tkodob\u011b zde rovn\u011b\u017e hospitalizujeme pacienty k\u00a0diagnostick\u00e9 lumb\u00e1ln\u00ed punkci k\u00a0vylou\u010den\u00ed neuroborreli\u00f3zy.<\/p>\n<p>Standardn\u00ed l\u016f\u017ekov\u00e9 odd\u011blen\u00ed tvo\u0159\u00ed 10 pokoj\u016f. Pokoje jsou dvoul\u016f\u017ekov\u00e9 a v\u0161echny maj\u00ed vlastn\u00ed soci\u00e1ln\u00ed za\u0159\u00edzen\u00ed. Na ka\u017ed\u00e9m pokoji je televizor a bezplatn\u00e9 p\u0159ipojen\u00ed k\u00a0wifi.<\/p>\n<p>Pacienti jsou hospitalizov\u00e1ni na pokoj\u00edch podle onemocn\u011bn\u00ed.<\/p>\n<table style=\"border-collapse: collapse;width: 99.2089%;height: 209px\" border=\"1\">\n<tbody>\n<tr style=\"height: 10px\">\n<td style=\"width: 16.9857%;height: 10px\"><strong>Vedouc\u00ed l\u00e9ka\u0159:<\/strong><\/td>\n<td class=\"xl26\" style=\"width: 83.0143%;height: 10px\" width=\"256\">MUDr. Ljudmila Gregorov\u00e1<\/td>\n<\/tr>\n<tr style=\"height: 10px\">\n<td style=\"width: 16.9857%;height: 10px\" colspan=\"2\">\n<div>\n<hr \/>\n<\/div>\n<\/td>\n<\/tr>\n<tr style=\"height: 24px\">\n<td style=\"width: 16.9857%;height: 24px\"><strong>Telefon l\u00e9ka\u0159i:<\/strong><\/td>\n<td style=\"width: 83.0143%;height: 24px\">+420 567 157 365<\/td>\n<\/tr>\n<tr style=\"height: 18px\">\n<td style=\"width: 16.9857%;height: 18px\" colspan=\"2\">\n<div>\n<hr \/>\n<\/div>\n<\/td>\n<\/tr>\n<tr style=\"height: 17px\">\n<td style=\"width: 16.9857%;height: 17px\"><strong>Stani\u010dn\u00ed sestry:<\/strong><\/td>\n<td style=\"width: 83.0143%;height: 17px\">\n<div>Zdenka F\u00edlov\u00e1<\/div>\n<\/td>\n<\/tr>\n<tr style=\"height: 18px\">\n<td style=\"width: 100%;height: 18px\" colspan=\"2\">\n<div>\n<hr \/>\n<\/div>\n<\/td>\n<\/tr>\n<tr style=\"height: 24px\">\n<td style=\"width: 16.9857%;height: 24px\"><strong>Telefon sestry:<\/strong><\/td>\n<td class=\"xl28\" style=\"width: 83.0143%;height: 24px\" width=\"256\" height=\"17\">+420 567 157 774<\/td>\n<\/tr>\n<tr style=\"height: 18px\">\n<td style=\"width: 100%;height: 18px\" colspan=\"2\">\n<div>\n<hr \/>\n<\/div>\n<\/td>\n<\/tr>\n<tr style=\"height: 28px\">\n<td style=\"width: 16.9857%;height: 28px\"><strong>Doporu\u010den\u00e9 n\u00e1v\u0161t\u011bvn\u00ed hodiny:<\/strong><\/td>\n<td style=\"width: 83.0143%;height: 28px\">Denn\u011b od 14:30 &#8211; 17:00, po domluv\u011b s o\u0161et\u0159uj\u00edc\u00edm l\u00e9ka\u0159em.<\/td>\n<\/tr>\n<tr style=\"height: 18px\">\n<td style=\"width: 100%;height: 18px\" colspan=\"2\">\n<div>\n<hr \/>\n<\/div>\n<\/td>\n<\/tr>\n<tr style=\"height: 24px\">\n<td style=\"width: 16.9857%;height: 24px\"><strong>Kde n\u00e1s najdete:<br \/>\n<\/strong><\/td>\n<td style=\"width: 83.0143%;height: 24px\">Budova C2, 2. poschod\u00ed<\/td>\n<\/tr>\n<\/tbody>\n<\/table>\n<\/div><\/li><li class=\"accordion__item \"><div class=\"accordion__header \" \r\n                id=\"accordion-header-post-19495\"\r\n                role=\"button\"\r\n                aria-expanded=\"false\"\r\n                aria-controls=\"accordion-content-post-19495\"\r\n                data-id=\"post-19495\" \r\n                data-item=\"hfaq-post-19495\" \r\n                style=\"background:transparent;\" \r\n                data-tags=\"\"\r\n                tabindex=\"0\"><div class=\"accordion__title\">Infek\u010dn\u00ed JIP<\/div><\/div><div id=\"accordion-content-post-19495\" \r\n                class=\"accordion__body\" \r\n                role=\"region\"\r\n                aria-labelledby=\"accordion-header-post-19495\"\r\n                style=\"background:transparent;\"><p>Jednotka intenzivn\u00ed p\u00e9\u010de zaji\u0161\u0165uje p\u00e9\u010di o nemocn\u00e9 s velmi\u00a0v\u00e1\u017en\u00fdmi pr\u016fb\u011bhy infek\u010dn\u00edch nemoc\u00ed, kter\u00e9 ohro\u017euj\u00ed z\u00e1kladn\u00ed \u017eivotn\u00ed funkce. Slou\u017e\u00ed pro pacienty z\u00a0cel\u00e9ho kraje Vyso\u010dina. K\u00a0dispozici jsou 4 izola\u010dn\u00ed boxy s hepafiltrem. Na t\u011bchto l\u016f\u017ek\u00e1ch pacient\u016fm poskytujeme plnou intenzivn\u00ed p\u00e9\u010di v\u010detn\u011b high flow oxygenoterapie a neinvazivn\u00ed ventilace. Spektrum pacient\u016f je stejn\u00e9 jako na standardn\u00edm odd\u011blen\u00ed.<\/p>\n<table style=\"border-collapse: collapse;width: 99.2089%;height: 154px\" border=\"1\">\n<tbody>\n<tr style=\"height: 10px\">\n<td style=\"width: 16.9857%;height: 10px\"><strong>Vedouc\u00ed l\u00e9ka\u0159:<\/strong><\/td>\n<td class=\"xl26\" style=\"width: 83.0143%;height: 10px\" width=\"256\">MUDr. Helena \u0158\u00e1dov\u00e1<\/td>\n<\/tr>\n<tr>\n<td style=\"width: 16.9857%\" colspan=\"2\">\n<div>\n<hr \/>\n<\/div>\n<\/td>\n<\/tr>\n<tr style=\"height: 14px\">\n<td style=\"width: 16.9857%;height: 14px\"><strong>Stani\u010dn\u00ed sestry:<\/strong><\/td>\n<td style=\"width: 83.0143%;height: 14px\">Mgr. Hana Oulehlov\u00e1<\/td>\n<\/tr>\n<tr style=\"height: 18px\">\n<td style=\"width: 100%;height: 18px\" colspan=\"2\">\n<div>\n<hr \/>\n<\/div>\n<\/td>\n<\/tr>\n<tr style=\"height: 24px\">\n<td style=\"width: 16.9857%;height: 24px\"><strong>Telefon:<\/strong><\/td>\n<td class=\"xl28\" style=\"width: 83.0143%;height: 24px\" width=\"256\" height=\"17\">+420 567 157 539<\/td>\n<\/tr>\n<tr style=\"height: 18px\">\n<td style=\"width: 100%;height: 18px\" colspan=\"2\">\n<div>\n<hr \/>\n<\/div>\n<\/td>\n<\/tr>\n<tr style=\"height: 28px\">\n<td style=\"width: 16.9857%;height: 28px\"><strong>N\u00e1v\u0161t\u011bvn\u00ed hodiny:<\/strong><\/td>\n<td style=\"width: 83.0143%;height: 28px\"><strong>Po domluv\u011b s l\u00e9ka\u0159em<\/strong><\/td>\n<\/tr>\n<tr style=\"height: 18px\">\n<td style=\"width: 100%;height: 18px\" colspan=\"2\">\n<div>\n<hr \/>\n<\/div>\n<\/td>\n<\/tr>\n<tr style=\"height: 24px\">\n<td style=\"width: 16.9857%;height: 24px\"><strong>Kde n\u00e1s najdete:<br \/>\n<\/strong><\/td>\n<td style=\"width: 83.0143%;height: 24px\">Budova C2, 3. poschod\u00ed<\/td>\n<\/tr>\n<\/tbody>\n<\/table>\n<\/div><\/li><\/ul><\/div><\/div><\/article><\/section>\n<\/div>\n<\/div><\/div>\n<\/div>\n<\/div>\n<\/div>\n<\/div>\n<\/div>\n\n","protected":false},"excerpt":{"rendered":"","protected":false},"author":1,"featured_media":17129,"parent":19319,"menu_order":0,"comment_status":"closed","ping_status":"closed","template":"","meta":{"pgc_sgb_lightbox_settings":"","footnotes":"","_links_to":"","_links_to_target":""},"categories":[85],"class_list":["post-19419","page","type-page","status-publish","has-post-thumbnail","hentry","category-page-oddeleni"],"publishpress_future_action":{"enabled":false,"date":"2026-04-11 08:52:12","action":"change-status","newStatus":"draft","terms":[],"taxonomy":"category","extraData":[]},"publishpress_future_workflow_manual_trigger":{"enabledWorkflows":[]},"_links":{"self":[{"href":"https:\/\/webnemji.azurewebsites.net\/en\/wp-json\/wp\/v2\/pages\/19419","targetHints":{"allow":["GET"]}}],"collection":[{"href":"https:\/\/webnemji.azurewebsites.net\/en\/wp-json\/wp\/v2\/pages"}],"about":[{"href":"https:\/\/webnemji.azurewebsites.net\/en\/wp-json\/wp\/v2\/types\/page"}],"author":[{"embeddable":true,"href":"https:\/\/webnemji.azurewebsites.net\/en\/wp-json\/wp\/v2\/users\/1"}],"replies":[{"embeddable":true,"href":"https:\/\/webnemji.azurewebsites.net\/en\/wp-json\/wp\/v2\/comments?post=19419"}],"version-history":[{"count":0,"href":"https:\/\/webnemji.azurewebsites.net\/en\/wp-json\/wp\/v2\/pages\/19419\/revisions"}],"up":[{"embeddable":true,"href":"https:\/\/webnemji.azurewebsites.net\/en\/wp-json\/wp\/v2\/pages\/19319"}],"wp:featuredmedia":[{"embeddable":true,"href":"https:\/\/webnemji.azurewebsites.net\/en\/wp-json\/wp\/v2\/media\/17129"}],"wp:attachment":[{"href":"https:\/\/webnemji.azurewebsites.net\/en\/wp-json\/wp\/v2\/media?parent=19419"}],"wp:term":[{"taxonomy":"category","embeddable":true,"href":"https:\/\/webnemji.azurewebsites.net\/en\/wp-json\/wp\/v2\/categories?post=19419"}],"curies":[{"name":"wp","href":"https:\/\/api.w.org\/{rel}","templated":true}]}}