{"id":19523,"date":"2023-09-19T13:38:59","date_gmt":"2023-09-19T11:38:59","guid":{"rendered":"https:\/\/nemji.rs-kovarik.cz\/?page_id=19523"},"modified":"2023-12-11T07:03:38","modified_gmt":"2023-12-11T06:03:38","slug":"spektrum-pece","status":"publish","type":"page","link":"https:\/\/webnemji.azurewebsites.net\/en\/oddeleni\/patologicko-anatomicke-oddeleni\/spektrum-pece\/","title":{"rendered":"Spectrum of provided care"},"content":{"rendered":"<div id=\"cmsmasters_row_6iluctg3hk\" class=\"cmsmasters_row cmsmasters_color_scheme_default cmsmasters_row_top_default cmsmasters_row_bot_default cmsmasters_row_boxed\">\n<div class=\"cmsmasters_row_outer_parent\">\n<div class=\"cmsmasters_row_overlay\"><\/div>\n<div class=\"cmsmasters_row_outer\">\n<div class=\"cmsmasters_row_inner\">\n<div class=\"cmsmasters_row_margin\">\n<div id=\"cmsmasters_column_sybg7he2sg\" class=\"cmsmasters_column one_first\">\n<div class=\"cmsmasters_column_inner\"><div id=\"cmsmasters_heading_b3c74b95a0\" class=\"cmsmasters_heading_wrap cmsmasters_heading_align_center pageheadingtitle\">\n\t<h1 class=\"cmsmasters_heading\">Patologicko-anatomick\u00e9 odd\u011blen\u00ed<\/h1>\n<\/div>\n<\/div><\/div>\n<\/div>\n<\/div>\n<\/div>\n<\/div>\n<\/div>\n<div id=\"cmsmasters_row_ly5ze1hf8e\" class=\"cmsmasters_row cmsmasters_color_scheme_default cmsmasters_row_top_default cmsmasters_row_bot_default cmsmasters_row_boxed\">\n<div class=\"cmsmasters_row_outer_parent\">\n<div class=\"cmsmasters_row_outer\">\n<div class=\"cmsmasters_row_inner\">\n<div class=\"cmsmasters_row_margin\">\n<div id=\"cmsmasters_column_v67ee6nvg7\" class=\"cmsmasters_column one_first\">\n<div class=\"cmsmasters_column_inner\"><div class=\"cmsmasters_text\">\n<p><nav aria-label=\"breadcrumbs\">\n            <div class=\"breadcrumb-container theme1\">\n                <ol>\n                                    <\/ol>\n            <\/div>\n        <\/nav>    <script type=\"application\/ld+json\">\n        {\n            \"@context\": \"http:\/\/schema.org\",\n            \"@type\": \"BreadcrumbList\",\n            \"itemListElement\": [\n                            ]\n        }\n    <\/script>\n   \n    <script>\n            <\/script>\n<\/p>\n<\/div>\n<\/div><\/div>\n<\/div>\n<\/div>\n<\/div>\n<\/div>\n<\/div>\n<div id=\"cmsmasters_row_3f2f8816dd\" class=\"cmsmasters_row cmsmasters_color_scheme_default cmsmasters_row_top_default cmsmasters_row_bot_default cmsmasters_row_boxed\">\n<div class=\"cmsmasters_row_outer_parent\">\n<div class=\"cmsmasters_row_outer\">\n<div class=\"cmsmasters_row_inner\">\n<div class=\"cmsmasters_row_margin\">\n<div id=\"cmsmasters_column_0a1c5940f5\" class=\"cmsmasters_column one_third stickyinfocolumn\">\n<div class=\"cmsmasters_column_inner\"><div id=\"cmsmasters_heading_rva6m2t32d\" class=\"cmsmasters_heading_wrap cmsmasters_heading_align_center\">\n\t<h3 class=\"cmsmasters_heading\">Informace o odd\u011blen\u00ed<\/h3>\n<\/div>\n<div id=\"cmsmasters_divider_dpp34mcdj5\" class=\"cmsmasters_divider cmsmasters_divider_width_short cmsmasters_divider_pos_center\"><\/div>\n<div class=\"cmsmasters_sidebar sidebar_layout_11 sidebar-custom-menu\"><aside id=\"nav_menu-18\" class=\"widget widget_nav_menu\"><div class=\"menu-oddeleni-patologie-container\"><ul id=\"menu-oddeleni-patologie\" class=\"menu\"><li id=\"menu-item-19341\" class=\"menu-item menu-item-type-custom menu-item-object-custom menu-item-19341\"><a href=\"\/oddeleni\/patologicko-anatomicke-oddeleni\/#popis-oddeleni\" data-ps2id-api=\"true\"><i class=\"fa-solid fa-info\"><\/i> Popis odd\u011blen\u00ed<\/a><\/li>\n<li id=\"menu-item-19342\" class=\"menu-item menu-item-type-custom menu-item-object-custom menu-item-19342\"><a href=\"\/oddeleni\/patologicko-anatomicke-oddeleni\/#personalni-obsazeni\" data-ps2id-api=\"true\"><i class=\"fa-solid fa-user-doctor\"><\/i> Person\u00e1ln\u00ed obsazen\u00ed<\/a><\/li>\n<li id=\"menu-item-19343\" class=\"menu-item menu-item-type-custom menu-item-object-custom menu-item-19343\"><a href=\"\/oddeleni\/patologicko-anatomicke-oddeleni\/#oteviraci-hodiny\" data-ps2id-api=\"true\"><i class=\"fa-regular fa-clock\"><\/i> Ordina\u010dn\u00ed hodiny<\/a><\/li>\n<li id=\"menu-item-19344\" class=\"menu-item menu-item-type-custom menu-item-object-custom menu-item-19344\"><a href=\"\/oddeleni\/patologicko-anatomicke-oddeleni\/#kontaktni-informace\" data-ps2id-api=\"true\"><i class=\"fa-solid fa-phone\"><\/i> Kontaktn\u00ed informace<\/a><\/li>\n<li id=\"menu-item-19345\" class=\"menu-item menu-item-type-custom menu-item-object-custom menu-item-19345\"><a href=\"\/oddeleni\/patologicko-anatomicke-oddeleni\/#kde-nas-najdete\" data-ps2id-api=\"true\"><i class=\"fa-solid fa-location-dot\"><\/i> Kde n\u00e1s najdete<\/a><\/li>\n<li id=\"menu-item-19346\" class=\"menu-item menu-item-type-custom menu-item-object-custom menu-item-19346\"><a href=\"\/oddeleni\/patologicko-anatomicke-oddeleni\/#fotogalerie\" data-ps2id-api=\"true\"><i class=\"fa-solid fa-camera\"><\/i> Fotogalerie<\/a><\/li>\n<li id=\"menu-item-19347\" class=\"menu-custom-separator menu-item menu-item-type-custom menu-item-object-custom menu-item-19347\"><hr class=\"mhm-menu-separator\"><\/li>\n<li id=\"menu-item-19351\" class=\"static-link menu-item menu-item-type-custom menu-item-object-custom menu-item-19351\"><a href=\"\/oddeleni\/patologicko-anatomicke-oddeleni\/spektrum-pece\/\" data-ps2id-api=\"true\"><i class=\"fa-solid fa-stethoscope\"><\/i> Spektrum p\u00e9\u010de<\/a><\/li>\n<li id=\"menu-item-29969\" class=\"static-link menu-item menu-item-type-custom menu-item-object-custom menu-item-29969\"><a href=\"\/oddeleni\/patologicko-anatomicke-oddeleni\/certifikaty\/\" data-ps2id-api=\"true\"><i class=\"fa-solid fa-certificate\"><\/i>Certifik\u00e1ty<\/a><\/li>\n<li id=\"menu-item-19352\" class=\"static-link menu-item menu-item-type-custom menu-item-object-custom menu-item-19352\"><a href=\"\/informace-pro-pacienty-a-navstevy\/informace-pro-pozustale\/\" data-ps2id-api=\"true\"><i class=\"fa-solid fa-cross\"><\/i> Informace pro poz\u016fstal\u00e9<\/a><\/li>\n<\/ul><\/div><\/aside><div class=\"cl\"><\/div>\n<\/div>\n<\/div><\/div>\n<div id=\"cmsmasters_column_k7vlyuz4yq\" class=\"cmsmasters_column two_third\">\n<div class=\"cmsmasters_column_inner\"><div id=\"cmsmasters_heading_0cx4mcjjyd\" class=\"cmsmasters_heading_wrap cmsmasters_heading_align_left\">\n\t<h2 class=\"cmsmasters_heading\">Spektrum p\u00e9\u010de<\/h2>\n<\/div>\n<div id=\"cmsmasters_divider_kul4awri6m\" class=\"cmsmasters_divider cmsmasters_divider_width_short cmsmasters_divider_pos_left\"><\/div>\n<div class=\"cmsmasters_text\">\n<h5><strong>Charakteristika odd\u011blen\u00ed<\/strong><\/h5>\n<p>Patologicko-anatomick\u00e9 odd\u011blen\u00ed je z\u00e1kladn\u00edm diagnostick\u00fdm oborem Nemocnice Jihlava. Je \u010dlen\u011bno na laboratorn\u00ed \u010d\u00e1st a pitevn\u00ed trakt.<br \/>\nV laborato\u0159\u00edch se prov\u00e1d\u00ed bioptick\u00e1 a cytologick\u00e1 vy\u0161et\u0159en\u00ed tk\u00e1n\u00ed a org\u00e1n\u016f dodan\u00fdch jednak z klinick\u00fdch odd\u011blen\u00ed a odborn\u00fdch ambulanc\u00ed Nemocnice Jihlava, jednak ze soukrom\u00fdch, p\u0159ev\u00e1\u017en\u011b jihlavsk\u00fdch ambulantn\u00edch za\u0159\u00edzen\u00ed.<br \/>\nV pitevn\u00e1ch jsou prov\u00e1d\u011bny patologicko-anatomick\u00e9 pitvy pacient\u016f zem\u0159el\u00fdch ve zdravotnick\u00fdch za\u0159\u00edzen\u00edch \u2013 Nemocnice Jihlava, Psychiatrick\u00e1 nemocnice Jihlava a ojedin\u011ble z Nemocnice Pelh\u0159imov.<\/p>\n<p>&nbsp;<\/p>\n<h5><strong>Person\u00e1ln\u00ed obsazen\u00ed<\/strong><\/h5>\n<p>Kolektiv v sou\u010dasn\u00e9 dob\u011b vede \u00a0prim\u00e1\u0159ka MUDr. Kl\u00e1ra Dvo\u0159\u00e1kov\u00e1 a vrchn\u00ed laborantka RNDr. Hana Bl\u00e1hov\u00e1 a tvo\u0159\u00ed ho 5 l\u00e9ka\u0159\u016f, 5 laborantek, 2 pitevn\u00ed sanit\u00e1\u0159i a 2 sekret\u00e1\u0159ky.<\/p>\n<p>&nbsp;<\/p>\n<h5><strong>Vzd\u011bl\u00e1v\u00e1n\u00ed<\/strong><\/h5>\n<p>Z rozhodnut\u00ed Ministerstva zdravotnictv\u00ed je odd\u011blen\u00ed nositelem akreditace pro specializa\u010dn\u00ed vzd\u011bl\u00e1v\u00e1n\u00ed v oboru patologie.<br \/>\nSpolupracujeme s odborn\u00fdmi st\u0159edn\u00edmi i vysok\u00fdmi \u0161kolami v regionu i mimo n\u011bj. Ka\u017ed\u00fd rok v r\u00e1mci povinn\u00fdch prax\u00ed na na\u0161em odd\u011blen\u00ed absolvuj\u00ed st\u00e1\u017ee studenti oboru zdravotn\u00ed laborant Jiho\u010desk\u00e9 univerzity, Univerzity Pardubice a jihlavsk\u00e9ho Farmeka.<br \/>\nBioptick\u00e9 n\u00e1lezy i pitevn\u00ed diagn\u00f3zy b\u00fdvaj\u00ed sou\u010d\u00e1st\u00ed odborn\u00fdch publikac\u00ed klinick\u00fdch l\u00e9ka\u0159\u016f v\u0161ech obor\u016f.<\/p>\n<p>&nbsp;<\/p>\n<h5><strong>Kvalita<\/strong><\/h5>\n<p>Laborato\u0159 je dr\u017eitel osv\u011bd\u010den\u00ed auditu R3 (NASKL).<br \/>\nOdd\u011blen\u00ed je za\u010dlen\u011bno do syst\u00e9mu extern\u00edho hodnocen\u00ed kvality, kter\u00e9 opakovan\u011b absolvovalo s v\u00fdborn\u00fdmi v\u00fdsledky.<\/p>\n<p>&nbsp;<\/p>\n<h5><strong>Odborn\u00e1 ve\u0159ejnost<\/strong><\/h5>\n<p>V\u0161echny pot\u0159ebn\u00e9 informace k\u00a0zas\u00edl\u00e1n\u00ed bioptick\u00fdch a cytologick\u00fdch vzork\u016f, v\u010detn\u011b peropera\u010dn\u00edch biopsi\u00ed, seznam specializovan\u00fdch vy\u0161et\u0159en\u00ed a informace t\u00fdkaj\u00edc\u00ed se pitevn\u00edho traktu, v\u010detn\u011b n\u00e1vodu na vypl\u0148ov\u00e1n\u00ed Listu o prohl\u00eddce zem\u0159el\u00e9ho najdete v\u00a0Laboratorn\u00ed p\u0159\u00edru\u010dce odd\u011blen\u00ed.<\/p>\n<\/div>\n<div class=\"cmsmasters_text download-links-small\">\n<div><a href=\"\/wp-content\/uploads\/2023\/09\/007-Laboratorni-prirucka-PAO-VERZE-12.pdf\" target=\"_blank\" rel=\"noopener\">Laboratorn\u00ed p\u0159\u00edru\u010dka<\/a><\/div>\n<\/div>\n<div class=\"cmsmasters_text\">\n<p>&nbsp;<\/p>\n<p>Pro zas\u00edl\u00e1n\u00ed bioptick\u00e9ho materi\u00e1lu ze zdravotnick\u00fdch za\u0159\u00edzen\u00ed mimo Nemocnici Jihlava m\u00e1te k dispozici Pr\u016fvodn\u00ed list k zas\u00edl\u00e1n\u00ed histologick\u00e9ho materi\u00e1lu.<\/p>\n<\/div>\n<div class=\"cmsmasters_text download-links-small\">\n<div><a href=\"\/wp-content\/uploads\/2023\/09\/Pruvodni-list-k-zasilce-histologickeho-materialu.docx\" rel=\"noopener\">Pr\u016fvodn\u00ed list k z\u00e1silce histologick\u00e9ho materi\u00e1lu<\/a><\/div>\n<\/div>\n<\/div><\/div>\n<\/div>\n<\/div>\n<\/div>\n<\/div>\n<\/div>\n\n","protected":false},"excerpt":{"rendered":"","protected":false},"author":1,"featured_media":19766,"parent":19320,"menu_order":0,"comment_status":"closed","ping_status":"closed","template":"","meta":{"pgc_sgb_lightbox_settings":"","footnotes":"","_links_to":"","_links_to_target":""},"categories":[85],"class_list":["post-19523","page","type-page","status-publish","has-post-thumbnail","hentry","category-page-oddeleni"],"publishpress_future_action":{"enabled":false,"date":"2026-04-15 01:47:10","action":"change-status","newStatus":"draft","terms":[],"taxonomy":"category","extraData":[]},"publishpress_future_workflow_manual_trigger":{"enabledWorkflows":[]},"_links":{"self":[{"href":"https:\/\/webnemji.azurewebsites.net\/en\/wp-json\/wp\/v2\/pages\/19523","targetHints":{"allow":["GET"]}}],"collection":[{"href":"https:\/\/webnemji.azurewebsites.net\/en\/wp-json\/wp\/v2\/pages"}],"about":[{"href":"https:\/\/webnemji.azurewebsites.net\/en\/wp-json\/wp\/v2\/types\/page"}],"author":[{"embeddable":true,"href":"https:\/\/webnemji.azurewebsites.net\/en\/wp-json\/wp\/v2\/users\/1"}],"replies":[{"embeddable":true,"href":"https:\/\/webnemji.azurewebsites.net\/en\/wp-json\/wp\/v2\/comments?post=19523"}],"version-history":[{"count":0,"href":"https:\/\/webnemji.azurewebsites.net\/en\/wp-json\/wp\/v2\/pages\/19523\/revisions"}],"up":[{"embeddable":true,"href":"https:\/\/webnemji.azurewebsites.net\/en\/wp-json\/wp\/v2\/pages\/19320"}],"wp:featuredmedia":[{"embeddable":true,"href":"https:\/\/webnemji.azurewebsites.net\/en\/wp-json\/wp\/v2\/media\/19766"}],"wp:attachment":[{"href":"https:\/\/webnemji.azurewebsites.net\/en\/wp-json\/wp\/v2\/media?parent=19523"}],"wp:term":[{"taxonomy":"category","embeddable":true,"href":"https:\/\/webnemji.azurewebsites.net\/en\/wp-json\/wp\/v2\/categories?post=19523"}],"curies":[{"name":"wp","href":"https:\/\/api.w.org\/{rel}","templated":true}]}}