{"id":19525,"date":"2023-09-19T13:42:01","date_gmt":"2023-09-19T11:42:01","guid":{"rendered":"https:\/\/nemji.rs-kovarik.cz\/?page_id=19525"},"modified":"2025-12-16T09:29:35","modified_gmt":"2025-12-16T08:29:35","slug":"informace-pro-pozustale","status":"publish","type":"page","link":"https:\/\/webnemji.azurewebsites.net\/en\/informace-pro-pacienty-a-navstevy\/informace-pro-pozustale\/","title":{"rendered":"Information for the bereaved"},"content":{"rendered":"<div id=\"cmsmasters_row_6iluctg3hk\" class=\"cmsmasters_row cmsmasters_color_scheme_default cmsmasters_row_top_default cmsmasters_row_bot_default cmsmasters_row_boxed\">\n<div class=\"cmsmasters_row_outer_parent\">\n<div class=\"cmsmasters_row_overlay\"><\/div>\n<div class=\"cmsmasters_row_outer\">\n<div class=\"cmsmasters_row_inner\">\n<div class=\"cmsmasters_row_margin\">\n<div id=\"cmsmasters_column_sybg7he2sg\" class=\"cmsmasters_column one_first\">\n<div class=\"cmsmasters_column_inner\"><div id=\"cmsmasters_heading_b3c74b95a0\" class=\"cmsmasters_heading_wrap cmsmasters_heading_align_center pageheadingtitle\" data-animation=\"fadeIn\" data-delay=\"150\">\n\t<h1 class=\"cmsmasters_heading\">INFORMACE PRO PACIENTY A N\u00c1V\u0160T\u011aVY<\/h1>\n<\/div><div id=\"cmsmasters_heading_6ao98dq08a\" class=\"cmsmasters_heading_wrap cmsmasters_heading_align_center pageheadingtitle\" data-animation=\"fadeIn\" data-delay=\"150\">\n\t<h3 class=\"cmsmasters_heading\">Informace pro poz\u016fstal\u00e9<\/h3>\n<\/div>\n<\/div><\/div>\n<\/div>\n<\/div>\n<\/div>\n<\/div>\n<\/div>\n<div id=\"cmsmasters_row_ly5ze1hf8e\" class=\"cmsmasters_row cmsmasters_color_scheme_default cmsmasters_row_top_default cmsmasters_row_bot_default cmsmasters_row_boxed\">\n<div class=\"cmsmasters_row_outer_parent\">\n<div class=\"cmsmasters_row_outer\">\n<div class=\"cmsmasters_row_inner\">\n<div class=\"cmsmasters_row_margin\">\n<div id=\"cmsmasters_column_v67ee6nvg7\" class=\"cmsmasters_column one_first\">\n<div class=\"cmsmasters_column_inner\"><div class=\"cmsmasters_text\">\n<p><nav aria-label=\"breadcrumbs\">\n            <div class=\"breadcrumb-container theme1\">\n                <ol>\n                                    <\/ol>\n            <\/div>\n        <\/nav>    <script type=\"application\/ld+json\">\n        {\n            \"@context\": \"http:\/\/schema.org\",\n            \"@type\": \"BreadcrumbList\",\n            \"itemListElement\": [\n                            ]\n        }\n    <\/script>\n   \n    <script>\n            <\/script>\n<\/p>\n<\/div>\n<\/div><\/div>\n<\/div>\n<\/div>\n<\/div>\n<\/div>\n<\/div>\n<div id=\"cmsmasters_row_3f2f8816dd\" class=\"cmsmasters_row cmsmasters_color_scheme_default cmsmasters_row_top_default cmsmasters_row_bot_default cmsmasters_row_boxed\">\n<div class=\"cmsmasters_row_outer_parent\">\n<div class=\"cmsmasters_row_outer\">\n<div class=\"cmsmasters_row_inner\">\n<div class=\"cmsmasters_row_margin\">\n<div id=\"cmsmasters_column_0a1c5940f5\" class=\"cmsmasters_column one_third stickyinfocolumn\">\n<div class=\"cmsmasters_column_inner\"><div id=\"cmsmasters_heading_rva6m2t32d\" class=\"cmsmasters_heading_wrap cmsmasters_heading_align_center\">\n\t<h3 class=\"cmsmasters_heading\">Informace o odd\u011blen\u00ed<\/h3>\n<\/div>\n<div id=\"cmsmasters_divider_dpp34mcdj5\" class=\"cmsmasters_divider cmsmasters_divider_width_short cmsmasters_divider_pos_center\"><\/div>\n<div class=\"cmsmasters_sidebar sidebar_layout_11 sidebar-custom-menu\"><aside id=\"nav_menu-3\" class=\"widget widget_nav_menu\"><div class=\"menu-informace-pro-pacienty-a-navstevy-container\"><ul id=\"menu-informace-pro-pacienty-a-navstevy\" class=\"menu\"><li id=\"menu-item-21858\" class=\"static-link menu-item menu-item-type-post_type menu-item-object-page menu-item-21858\"><a href=\"https:\/\/webnemji.azurewebsites.net\/en\/informace-pro-pacienty-a-navstevy\/\" data-ps2id-api=\"true\"><i class=\"fa-solid fa-circle-info\"><\/i> Informace pro pacienty<\/a><\/li>\n<li id=\"menu-item-15322\" class=\"static-link menu-item menu-item-type-post_type menu-item-object-page menu-item-15322\"><a href=\"https:\/\/webnemji.azurewebsites.net\/en\/informace-pro-pacienty-a-navstevy\/jak-se-k-nam-dostanete\/\" data-ps2id-api=\"true\"><i class=\"fa-solid fa-bus\"><\/i>Jak se k n\u00e1m dostanete<\/a><\/li>\n<li id=\"menu-item-15321\" class=\"static-link menu-item menu-item-type-post_type menu-item-object-page menu-item-15321\"><a href=\"https:\/\/webnemji.azurewebsites.net\/en\/informace-pro-pacienty-a-navstevy\/parkovani-v-arealu\/\" data-ps2id-api=\"true\"><i class=\"fa-solid fa-square-parking\"><\/i>Parkov\u00e1n\u00ed v are\u00e1lu<\/a><\/li>\n<li id=\"menu-item-33179\" class=\"static-link menu-item menu-item-type-post_type menu-item-object-page menu-item-33179\"><a href=\"https:\/\/webnemji.azurewebsites.net\/en\/informace-pro-pacienty-a-navstevy\/aktualni-stav-parkovist\/\" data-ps2id-api=\"true\"><i class=\"fa-solid fa-square-parking\"><\/i>Aktu\u00e1ln\u00ed stav parkovi\u0161\u0165<\/a><\/li>\n<li id=\"menu-item-15323\" class=\"static-link menu-item menu-item-type-post_type menu-item-object-page menu-item-15323\"><a href=\"https:\/\/webnemji.azurewebsites.net\/en\/informace-pro-pacienty-a-navstevy\/orientacni-plan-nemocnice\/\" data-ps2id-api=\"true\"><i class=\"fa-solid fa-map-location-dot\"><\/i>Orienta\u010dn\u00ed pl\u00e1n nemocnice<\/a><\/li>\n<li id=\"menu-item-15318\" class=\"static-link menu-item menu-item-type-post_type menu-item-object-page menu-item-15318\"><a href=\"https:\/\/webnemji.azurewebsites.net\/en\/informace-pro-pacienty-a-navstevy\/zubni-pohotovost\/\" data-ps2id-api=\"true\"><i class=\"fa-solid fa-tooth\"><\/i>Zubn\u00ed pohotovost<\/a><\/li>\n<li id=\"menu-item-27984\" class=\"static-link menu-item menu-item-type-post_type menu-item-object-page menu-item-27984\"><a href=\"https:\/\/webnemji.azurewebsites.net\/en\/oddeleni\/gynekologicko-porodnicke-oddeleni\/porodnice\/\" data-ps2id-api=\"true\"><i class=\"fa-solid fa-baby\"><\/i> Porodnice<\/a><\/li>\n<li id=\"menu-item-34869\" class=\"menu-item menu-item-type-custom menu-item-object-custom menu-item-34869\"><a href=\"\/informace-pro-pacienty-a-navstevy\/lekarska-pohotovostni-sluzba\/\" data-ps2id-api=\"true\"><i class=\"fa-solid fa-hospital\"><\/i>L\u00e9ka\u0159sk\u00e1 pohotovostn\u00ed slu\u017eba<\/a><\/li>\n<li id=\"menu-item-15319\" class=\"static-link menu-item menu-item-type-post_type menu-item-object-page menu-item-15319\"><a href=\"https:\/\/webnemji.azurewebsites.net\/en\/informace-pro-pacienty-a-navstevy\/lekarenska-pohotovost\/\" data-ps2id-api=\"true\"><i class=\"fa-solid fa-prescription-bottle-medical\"><\/i>L\u00e9k\u00e1rensk\u00e1 pohotovost<\/a><\/li>\n<li id=\"menu-item-15320\" class=\"static-link menu-item menu-item-type-post_type menu-item-object-page menu-item-15320\"><a href=\"https:\/\/webnemji.azurewebsites.net\/en\/informace-pro-pacienty-a-navstevy\/dopravni-zdravotni-sluzba\/\" data-ps2id-api=\"true\"><i class=\"fa-solid fa-truck-medical\"><\/i>Dopravn\u00ed zdravotn\u00ed slu\u017eba<\/a><\/li>\n<li id=\"menu-item-31041\" class=\"static-link menu-item menu-item-type-custom menu-item-object-custom menu-item-31041\"><a href=\"\/informace-pro-pacienty-a-navstevy\/pokladna\/\" data-ps2id-api=\"true\"><i class=\"fa-solid fa-cash-register\"><\/i>Pokladna<\/a><\/li>\n<li id=\"menu-item-15388\" class=\"static-link menu-item menu-item-type-post_type menu-item-object-page menu-item-15388\"><a href=\"https:\/\/webnemji.azurewebsites.net\/en\/informace-pro-pacienty-a-navstevy\/prava-pacienta\/\" data-ps2id-api=\"true\"><i class=\"fa-solid fa-scale-balanced\"><\/i>Pr\u00e1va pacienta<\/a><\/li>\n<li id=\"menu-item-20717\" class=\"static-link menu-item menu-item-type-post_type menu-item-object-page menu-item-20717\"><a href=\"https:\/\/webnemji.azurewebsites.net\/en\/informace-pro-pacienty-a-navstevy\/cenik\/\" data-ps2id-api=\"true\"><i class=\"fa-solid fa-coins\"><\/i> Cen\u00edk<\/a><\/li>\n<li id=\"menu-item-30314\" class=\"static-link menu-item menu-item-type-custom menu-item-object-custom menu-item-30314\"><a href=\"\/informace-pro-pacienty-a-navstevy\/paliativni-pece-v-jihlavske-nemocnici\/\" data-ps2id-api=\"true\"><i class=\"fa-solid fa-handshake-angle\"><\/i>Paliativn\u00ed p\u00e9\u010de v nemocnici<\/a><\/li>\n<li id=\"menu-item-30988\" class=\"static-link menu-item menu-item-type-custom menu-item-object-custom menu-item-30988\"><a href=\"\/oddeleni\/centrum-sp-pece\/dobrovolnici\/\" data-ps2id-api=\"true\"><i class=\"fa-solid fa-hand-holding-heart\"><\/i> Dobrovoln\u00edci v Nemocnici Jihlava<\/a><\/li>\n<li id=\"menu-item-31309\" class=\"static-link menu-item menu-item-type-post_type menu-item-object-page menu-item-31309\"><a href=\"https:\/\/webnemji.azurewebsites.net\/en\/informace-pro-pacienty-a-navstevy\/informace-pro-neslysici\/\" data-ps2id-api=\"true\"><i class=\"fa-solid fa-ear-deaf\"><\/i> Informace pro nesly\u0161\u00edc\u00ed<\/a><\/li>\n<li id=\"menu-item-15099\" class=\"static-link menu-item menu-item-type-custom menu-item-object-custom menu-item-15099\"><a href=\"\/informace-pro-pacienty-a-navstevy\/informace-pro-pozustale\/\" data-ps2id-api=\"true\"><i class=\"fa-solid fa-cross\"><\/i>Informace pro poz\u016fstal\u00e9<\/a><\/li>\n<li id=\"menu-item-30390\" class=\"static-link menu-item menu-item-type-custom menu-item-object-custom menu-item-30390\"><a href=\"\/oddeleni\/centrum-sp-pece\/duchovni-pece\/\" data-ps2id-api=\"true\"><i class=\"fa-solid fa-cross\"><\/i>Duchovn\u00ed p\u00e9\u010de<\/a><\/li>\n<\/ul><\/div><\/aside><div class=\"cl\"><\/div>\n<\/div>\n<\/div><\/div>\n<div id=\"cmsmasters_column_k7vlyuz4yq\" class=\"cmsmasters_column two_third\">\n<div class=\"cmsmasters_column_inner\"><div id=\"cmsmasters_heading_0cx4mcjjyd\" class=\"cmsmasters_heading_wrap cmsmasters_heading_align_left\">\n\t<h2 class=\"cmsmasters_heading\">Informace pro poz\u016fstal\u00e9<\/h2>\n<\/div>\n<div id=\"cmsmasters_divider_kul4awri6m\" class=\"cmsmasters_divider cmsmasters_divider_width_short cmsmasters_divider_pos_left\"><\/div>\n<div id=\"cmsmasters_divider_2sg4ca7n58\" class=\"cl\"><\/div>\n<div class=\"cmsmasters_text\">\n<h3>V\u00e1\u017een\u00e1 pan\u00ed, v\u00e1\u017een\u00fd pane, dovolte n\u00e1m vyslovit hlubokou l\u00edtost nad Va\u0161\u00ed ztr\u00e1tou.<\/h3>\n<p>P\u0159in\u00e1\u0161\u00edme n\u011bkolik praktick\u00fdch informac\u00ed, kter\u00e9 V\u00e1m mohou pomoct p\u0159i vy\u0159izov\u00e1n\u00ed nezbytn\u00fdch n\u00e1le\u017eitost\u00ed.<\/p>\n<h5><strong><span style=\"text-decoration: underline;\">Praktick\u00e9 informace\u00a0<\/span><\/strong><\/h5>\n<p>Pop\u0159em\u00fd\u0161lejte spole\u010dn\u011b s rodinou o organizaci a podob\u011b poh\u0159bu,<br \/>\npokud uva\u017eujete o c\u00edrkevn\u00edm poh\u0159bu, je\u0161t\u011b p\u0159ed n\u00e1v\u0161t\u011bvou poh\u0159ebn\u00ed slu\u017eby kontaktujte p\u0159\u00edslu\u0161n\u00e9ho duchovn\u00edho,<br \/>\nzavolejte do kancel\u00e1\u0159e vybran\u00e9 poh\u0159ebn\u00ed slu\u017eby a domluvte si sch\u016fzku,<br \/>\nm\u00e1te n\u00e1rok na volno s n\u00e1hradou mzdy- dva dny nutn\u00e9 k vy\u0159izov\u00e1n\u00ed a jeden den poh\u0159bu,<br \/>\nnachystejte si oble\u010den\u00ed pro zem\u0159el\u00e9ho a tyto doklady:<\/p>\n<ul>\n<li>list o prohl\u00eddce zem\u0159el\u00e9ho;<\/li>\n<li>V\u00e1\u0161 pr\u016fkaz toto\u017enosti;<\/li>\n<li>rodn\u00fd a oddac\u00ed list zesnul\u00e9 osoby (pokud je m\u00e1te);<\/li>\n<li>fotografii (pokud ji chcete m\u00edt na parte).<\/li>\n<\/ul>\n<p>Je vhodn\u00e9 citliv\u011b zapojit i d\u011bti, d\u00e1t jim prostor na ot\u00e1zky a mo\u017enost se rozhodnout, jestli budou cht\u00edt b\u00fdt na poh\u0159bu p\u0159\u00edtomn\u00e9.<\/p>\n<p><a href=\"\/wp-content\/uploads\/2024\/11\/INFO-PRO-POZUSTALE-nahled.pdf\"><span style=\"text-decoration: underline;\"><strong>Informativn\u00ed let\u00e1k ke st\u00e1hnut\u00ed<\/strong><\/span><\/a><\/p>\n<p>&nbsp;<\/p>\n<h5><strong><span style=\"text-decoration: underline;\">Za\u0159izov\u00e1n\u00ed poh\u0159bu<\/span><\/strong><\/h5>\n<p>Poz\u016fstal\u00ed maj\u00ed pr\u00e1vo na v\u00fdb\u011br provozovatele poh\u0159ebn\u00ed slu\u017eby. Zam\u011bstnanci nemocnice nejsou v \u017e\u00e1dn\u00e9m p\u0159\u00edpad\u011b opr\u00e1vn\u011bni poskytovat informace o slu\u017eb\u00e1ch poh\u0159ebn\u00edch spole\u010dnost\u00ed a nemocnice nen\u00ed zprost\u0159edkovatelem sjedn\u00e1n\u00ed poh\u0159bu. V\u00fdb\u011br provozovatele poh\u0159ebn\u00ed slu\u017eby je mo\u017en\u00fd na internetov\u00e9 adrese<span style=\"text-decoration: underline;\"><strong> <a href=\"https:\/\/www.pohrebnictvi.cz\/cs\/\">www.pohrebnictvi.cz<\/a><\/strong><\/span>\u00a0 nebo n\u00e1v\u0161t\u011bvou n\u011bkter\u00e9 z v\u00e1mi vybran\u00e9 poh\u0159ebn\u00ed slu\u017eby.\u00a0 Pro pot\u0159eby zaji\u0161t\u011bn\u00ed poh\u0159bu vyd\u00e1 odd\u011blen\u00ed nemocnice, kde nemocn\u00fd zem\u0159el, za\u0159izovateli poh\u0159bu na z\u00e1klad\u011b p\u0159edlo\u017een\u00ed jeho pr\u016fkazu toto\u017enosti tzv. list o prohl\u00eddce zem\u0159el\u00e9ho.<\/p>\n<h5><strong><span style=\"text-decoration: underline;\">Kam odevzdat n\u00e1sleduj\u00edc\u00ed doklady, pokud je m\u00e1te u sebe:<\/span><\/strong><\/h5>\n<ul>\n<li>ob\u010dansk\u00fd pr\u016fkaz \u2013 nejbli\u017e\u0161\u00edmu obecn\u00edmu \u00fa\u0159adu obce s roz\u0161\u00ed\u0159enou p\u016fsobnost\u00ed nebo matri\u010dn\u00edmu \u00fa\u0159adu;<\/li>\n<li>pr\u016fkaz zdravotn\u00ed poji\u0161\u0165ovny \u2013 zdravotn\u00ed poji\u0161\u0165ovn\u011b;<\/li>\n<li>\u0159idi\u010dsk\u00fd pr\u016fkaz \u2013 dopravn\u00edmu inspektor\u00e1tu;<\/li>\n<li>cestovn\u00ed pas \u2013 kter\u00e9mukoliv matri\u010dn\u00edmu \u00fa\u0159adu v \u010cR, Policii \u010cR nebo zastupitelsk\u00e9mu \u00fa\u0159adu;<\/li>\n<li>vojenskou kn\u00ed\u017eku \u2013 na obvodn\u00ed vojenskou spr\u00e1vu;<\/li>\n<li>zbrojn\u00ed pr\u016fkaz \u2013 Policii \u010cR;<\/li>\n<li>pr\u016fkaz o povolen\u00ed k pobytu, potvrzen\u00ed o p\u0159echodn\u00e9m pobytu na \u00fazem\u00ed \u010cR, pr\u016fkaz o povolen\u00ed k trval\u00e9mu pobytu, pobytovou kartu rodinn\u00e9ho p\u0159\u00edslu\u0161n\u00edka ob\u010dana Evropsk\u00e9 unie nebo pr\u016fkaz o povolen\u00ed k trval\u00e9mu pobytu ob\u010dana Evropsk\u00e9 unie \u2013 nejbli\u017e\u0161\u00edmu \u00fatvaru Policie \u010cR<\/li>\n<li>Pokud zesnul\u00fd pob\u00edral nebo m\u011bl po\u017e\u00e1d\u00e1no o p\u0159\u00edsp\u011bvek na p\u00e9\u010di je pot\u0159eba informovat p\u0159\u00edslu\u0161n\u00fd \u00da\u0159ad pr\u00e1ce.<\/li>\n<\/ul>\n<p>&nbsp;<\/p>\n<p>V\u00edce informac\u00ed m\u016f\u017eete naj\u00edt i na webov\u00e9 str\u00e1nce<span style=\"text-decoration: underline;\"><strong> <a href=\"https:\/\/www.umirani.cz\/rady-a-informace\/co-zaridit-po-umrti-blizkeho\">Co za\u0159\u00eddit po \u00famrt\u00ed bl\u00edzk\u00e9ho<\/a> <\/strong><\/span>| <span style=\"text-decoration: underline;\"><strong><a href=\"https:\/\/www.umirani.cz\/\">Um\u00edr\u00e1n\u00ed.cz<\/a><\/strong><\/span><\/p>\n<p>&nbsp;<\/p>\n<h4><span style=\"text-decoration: underline;\"><strong>CO M\u016e\u017dETE UD\u011aLAT PRO SEBE A SV\u00c9 BL\u00cdZK\u00c9<\/strong><\/span><\/h4>\n<p>Ztr\u00e1ta bl\u00edzk\u00e9 osoby je jedn\u00edm z nejt\u011b\u017e\u0161\u00edch \u017eivotn\u00edch pro\u017eitk\u016f. Obdob\u00ed truchlen\u00ed pro\u017e\u00edv\u00e1 ka\u017ed\u00fd jinak a je p\u0159irozen\u00e9, \u017ee tak\u00e9 trv\u00e1 r\u016fzn\u011b dlouhou dobu. M\u016f\u017ee b\u00fdt p\u0159\u00edtomna velik\u00e1 bolest a smutek, zvl\u00e1\u0161tn\u00ed pr\u00e1zdno, ale tak\u00e9 \u00faleva. M\u016f\u017ee p\u0159ich\u00e1zet mnoho pocit\u016f, kter\u00e9 v\u0161echny dohromady mohou b\u00fdt zahlcuj\u00edc\u00ed. Vn\u00edm\u00e1te-li, \u017ee byste Vy nebo n\u011bkdo z Va\u0161ich bl\u00edzk\u00fdch pot\u0159eboval pomoc a podporu, nebojte se ozvat nemocni\u010dn\u00edmu paliativn\u00edmu t\u00fdmu.<\/p>\n<p><strong>M\u016f\u017eete volat<\/strong> <strong>od pond\u011bl\u00ed a\u017e p\u00e1tku od 8 do 15 hodin. Tel.:<\/strong> <strong>705 791 506<\/strong><\/p>\n<p>Pokud pot\u0159ebujete akutn\u00ed podporu, volejte na telefonick\u00e9 linky d\u016fv\u011bry:<\/p>\n<p><strong>116 123\u00a0<\/strong> Linka prvn\u00ed psychick\u00e9 pomoci &#8211; <em>dostupn\u00e1 nonstop, zdarma, anonymn\u011b,<\/em><\/p>\n<p><strong>737 234 078<\/strong>\u00a0 Krizov\u00e1 linka Charity \u010cesk\u00e9 republiky dostupn\u00e1 nonstop (<em>u\u017eivatel plat\u00ed cenu b\u011b\u017en\u00e9ho telefonick\u00e9ho hovoru).<\/em><\/p>\n<\/div>\n<\/div><\/div>\n<\/div>\n<\/div>\n<\/div>\n<\/div>\n<\/div>\n\n","protected":false},"excerpt":{"rendered":"","protected":false},"author":5,"featured_media":26051,"parent":14993,"menu_order":0,"comment_status":"closed","ping_status":"closed","template":"","meta":{"pgc_sgb_lightbox_settings":"","footnotes":"","_links_to":"","_links_to_target":""},"categories":[85],"class_list":["post-19525","page","type-page","status-publish","has-post-thumbnail","hentry","category-page-oddeleni"],"publishpress_future_action":{"enabled":false,"date":"2026-04-11 11:55:09","action":"change-status","newStatus":"draft","terms":[],"taxonomy":"category","extraData":[]},"publishpress_future_workflow_manual_trigger":{"enabledWorkflows":[]},"_links":{"self":[{"href":"https:\/\/webnemji.azurewebsites.net\/en\/wp-json\/wp\/v2\/pages\/19525","targetHints":{"allow":["GET"]}}],"collection":[{"href":"https:\/\/webnemji.azurewebsites.net\/en\/wp-json\/wp\/v2\/pages"}],"about":[{"href":"https:\/\/webnemji.azurewebsites.net\/en\/wp-json\/wp\/v2\/types\/page"}],"author":[{"embeddable":true,"href":"https:\/\/webnemji.azurewebsites.net\/en\/wp-json\/wp\/v2\/users\/5"}],"replies":[{"embeddable":true,"href":"https:\/\/webnemji.azurewebsites.net\/en\/wp-json\/wp\/v2\/comments?post=19525"}],"version-history":[{"count":0,"href":"https:\/\/webnemji.azurewebsites.net\/en\/wp-json\/wp\/v2\/pages\/19525\/revisions"}],"up":[{"embeddable":true,"href":"https:\/\/webnemji.azurewebsites.net\/en\/wp-json\/wp\/v2\/pages\/14993"}],"wp:featuredmedia":[{"embeddable":true,"href":"https:\/\/webnemji.azurewebsites.net\/en\/wp-json\/wp\/v2\/media\/26051"}],"wp:attachment":[{"href":"https:\/\/webnemji.azurewebsites.net\/en\/wp-json\/wp\/v2\/media?parent=19525"}],"wp:term":[{"taxonomy":"category","embeddable":true,"href":"https:\/\/webnemji.azurewebsites.net\/en\/wp-json\/wp\/v2\/categories?post=19525"}],"curies":[{"name":"wp","href":"https:\/\/api.w.org\/{rel}","templated":true}]}}