{"id":19815,"date":"2023-09-21T12:47:16","date_gmt":"2023-09-21T10:47:16","guid":{"rendered":"https:\/\/nemji.rs-kovarik.cz\/?page_id=19815"},"modified":"2023-10-30T14:30:59","modified_gmt":"2023-10-30T13:30:59","slug":"luzkova-cast","status":"publish","type":"page","link":"https:\/\/webnemji.azurewebsites.net\/en\/oddeleni\/kozni-oddeleni\/luzkova-cast\/","title":{"rendered":"Inpatient department"},"content":{"rendered":"<div id=\"cmsmasters_row_6iluctg3hk\" class=\"cmsmasters_row cmsmasters_color_scheme_default cmsmasters_row_top_default cmsmasters_row_bot_default cmsmasters_row_boxed\">\n<div class=\"cmsmasters_row_outer_parent\">\n<div class=\"cmsmasters_row_overlay\"><\/div>\n<div class=\"cmsmasters_row_outer\">\n<div class=\"cmsmasters_row_inner\">\n<div class=\"cmsmasters_row_margin\">\n<div id=\"cmsmasters_column_sybg7he2sg\" class=\"cmsmasters_column one_first\">\n<div class=\"cmsmasters_column_inner\"><div id=\"cmsmasters_heading_b3c74b95a0\" class=\"cmsmasters_heading_wrap cmsmasters_heading_align_center pageheadingtitle\">\n\t<h1 class=\"cmsmasters_heading\">Ko\u017en\u00ed odd\u011blen\u00ed<\/h1>\n<\/div>\n<\/div><\/div>\n<\/div>\n<\/div>\n<\/div>\n<\/div>\n<\/div>\n<div id=\"cmsmasters_row_ly5ze1hf8e\" class=\"cmsmasters_row cmsmasters_color_scheme_default cmsmasters_row_top_default cmsmasters_row_bot_default cmsmasters_row_boxed\">\n<div class=\"cmsmasters_row_outer_parent\">\n<div class=\"cmsmasters_row_outer\">\n<div class=\"cmsmasters_row_inner\">\n<div class=\"cmsmasters_row_margin\">\n<div id=\"cmsmasters_column_v67ee6nvg7\" class=\"cmsmasters_column one_first\">\n<div class=\"cmsmasters_column_inner\"><div class=\"cmsmasters_text\">\n<p><nav aria-label=\"breadcrumbs\">\n            <div class=\"breadcrumb-container theme1\">\n                <ol>\n                                    <\/ol>\n            <\/div>\n        <\/nav>    <script type=\"application\/ld+json\">\n        {\n            \"@context\": \"http:\/\/schema.org\",\n            \"@type\": \"BreadcrumbList\",\n            \"itemListElement\": [\n                            ]\n        }\n    <\/script>\n   \n    <script>\n            <\/script>\n<\/p>\n<\/div>\n<\/div><\/div>\n<\/div>\n<\/div>\n<\/div>\n<\/div>\n<\/div>\n<div id=\"cmsmasters_row_3f2f8816dd\" class=\"cmsmasters_row cmsmasters_color_scheme_default cmsmasters_row_top_default cmsmasters_row_bot_default cmsmasters_row_boxed\">\n<div class=\"cmsmasters_row_outer_parent\">\n<div class=\"cmsmasters_row_outer\">\n<div class=\"cmsmasters_row_inner\">\n<div class=\"cmsmasters_row_margin\">\n<div id=\"cmsmasters_column_0a1c5940f5\" class=\"cmsmasters_column one_third stickyinfocolumn\">\n<div class=\"cmsmasters_column_inner\"><div id=\"cmsmasters_heading_rva6m2t32d\" class=\"cmsmasters_heading_wrap cmsmasters_heading_align_center\">\n\t<h3 class=\"cmsmasters_heading\">Informace o odd\u011blen\u00ed<\/h3>\n<\/div>\n<div id=\"cmsmasters_divider_dpp34mcdj5\" class=\"cmsmasters_divider cmsmasters_divider_width_short cmsmasters_divider_pos_center\"><\/div>\n<div class=\"cmsmasters_sidebar sidebar_layout_11 sidebar-custom-menu\"><aside id=\"nav_menu-9\" class=\"widget widget_nav_menu\"><div class=\"menu-oddeleni-kozni-container\"><ul id=\"menu-oddeleni-kozni\" class=\"menu\"><li id=\"menu-item-17623\" class=\"menu-item menu-item-type-custom menu-item-object-custom menu-item-17623\"><a href=\"\/oddeleni\/kozni-oddeleni\/#popis-oddeleni\" data-ps2id-api=\"true\"><i class=\"fa-solid fa-info\"><\/i> Popis odd\u011blen\u00ed<\/a><\/li>\n<li id=\"menu-item-17624\" class=\"menu-item menu-item-type-custom menu-item-object-custom menu-item-17624\"><a href=\"\/oddeleni\/kozni-oddeleni\/#personalni-obsazeni\" data-ps2id-api=\"true\"><i class=\"fa-solid fa-user-doctor\"><\/i> Person\u00e1ln\u00ed obsazen\u00ed<\/a><\/li>\n<li id=\"menu-item-17625\" class=\"menu-item menu-item-type-custom menu-item-object-custom menu-item-17625\"><a href=\"\/oddeleni\/kozni-oddeleni\/#oteviraci-hodiny\" data-ps2id-api=\"true\"><i class=\"fa-regular fa-clock\"><\/i> Ordina\u010dn\u00ed hodiny<\/a><\/li>\n<li id=\"menu-item-17626\" class=\"menu-item menu-item-type-custom menu-item-object-custom menu-item-17626\"><a href=\"\/oddeleni\/kozni-oddeleni\/#kontaktni-informace\" data-ps2id-api=\"true\"><i class=\"fa-solid fa-phone\"><\/i> Kontaktn\u00ed informace<\/a><\/li>\n<li id=\"menu-item-17627\" class=\"menu-item menu-item-type-custom menu-item-object-custom menu-item-17627\"><a href=\"\/oddeleni\/kozni-oddeleni\/#kde-nas-najdete\" data-ps2id-api=\"true\"><i class=\"fa-solid fa-location-dot\"><\/i> Kde n\u00e1s najdete<\/a><\/li>\n<li id=\"menu-item-17628\" class=\"menu-item menu-item-type-custom menu-item-object-custom menu-item-17628\"><a href=\"\/oddeleni\/kozni-oddeleni\/#fotogalerie\" data-ps2id-api=\"true\"><i class=\"fa-solid fa-camera\"><\/i> Fotogalerie<\/a><\/li>\n<li id=\"menu-item-17629\" class=\"menu-custom-separator menu-item menu-item-type-custom menu-item-object-custom menu-item-17629\"><hr class=\"mhm-menu-separator\"><\/li>\n<li id=\"menu-item-17630\" class=\"static-link menu-item menu-item-type-custom menu-item-object-custom menu-item-17630\"><a href=\"\/oddeleni\/kozni-oddeleni\/kozni-ambulance\/\" data-ps2id-api=\"true\"><i class=\"fa-solid fa-house-medical\"><\/i> Ambulance<\/a><\/li>\n<li id=\"menu-item-19814\" class=\"static-link menu-item menu-item-type-custom menu-item-object-custom menu-item-19814\"><a href=\"\/oddeleni\/kozni-oddeleni\/luzkova-cast\/\" data-ps2id-api=\"true\"><i class=\"fa-solid fa-bed-pulse\"><\/i> L\u016f\u017ekov\u00e1 \u010d\u00e1st<\/a><\/li>\n<li id=\"menu-item-17631\" class=\"static-link menu-item menu-item-type-custom menu-item-object-custom menu-item-17631\"><a href=\"\/oddeleni\/kozni-oddeleni\/spektrum-pece\/\" data-ps2id-api=\"true\"><i class=\"fa-regular fa-circle-question\"><\/i> Spektrum p\u00e9\u010de<\/a><\/li>\n<\/ul><\/div><\/aside><div class=\"cl\"><\/div>\n<\/div>\n<\/div><\/div>\n<div id=\"cmsmasters_column_k7vlyuz4yq\" class=\"cmsmasters_column two_third\">\n<div class=\"cmsmasters_column_inner\"><div id=\"cmsmasters_heading_0cx4mcjjyd\" class=\"cmsmasters_heading_wrap cmsmasters_heading_align_left\">\n\t<h2 class=\"cmsmasters_heading\">L\u016f\u017ekov\u00e1 \u010d\u00e1st ko\u017en\u00edho odd\u011blen\u00ed<\/h2>\n<\/div>\n<div id=\"cmsmasters_divider_hgdnxm8b9\" class=\"cmsmasters_divider cmsmasters_divider_width_short cmsmasters_divider_pos_left\"><\/div>\n<div id=\"cmsmasters_divider_ysg9zz4shf\" class=\"cl\"><\/div>\n<div class=\"cmsmasters_text\">\n<style type=\"text\/css\"><\/style><section id='' \n                class='helpie-faq accordions groupSettings-190__enabled' \n                data-collection='' \n                data-pagination='0' \n                data-search='0' \n                data-pagination-enabled='0'\n                role='region'\n                aria-label='FAQ Section'\n                aria-live='polite'><article class=\"accordion \"><div class='helpie-faq-row'><div class='helpie-faq-col helpie-faq-col-12' ><ul><li class=\"accordion__item \"><div class=\"accordion__header \" \r\n                id=\"accordion-header-post-19828\"\r\n                role=\"button\"\r\n                aria-expanded=\"false\"\r\n                aria-controls=\"accordion-content-post-19828\"\r\n                data-id=\"post-19828\" \r\n                data-item=\"hfaq-post-19828\" \r\n                style=\"background:transparent;\" \r\n                data-tags=\"\"\r\n                tabindex=\"0\"><div class=\"accordion__title\">L\u016f\u017ekov\u00e1 \u010d\u00e1st<\/div><\/div><div id=\"accordion-content-post-19828\" \r\n                class=\"accordion__body\" \r\n                role=\"region\"\r\n                aria-labelledby=\"accordion-header-post-19828\"\r\n                style=\"background:transparent;\"><p>Ko\u017en\u00ed odd\u011blen\u00ed m\u00e1\u00a020 l\u016f\u017eek, z toho jedno l\u016f\u017eko na samostatn\u00e9m pokoji. L\u00e9\u010d\u00edme zde pacienty z cel\u00e9ho kraje Vyso\u010dina a p\u0159ilehl\u00fdch oblast\u00ed. Na l\u016f\u017ekov\u00e9 \u010d\u00e1sti se l\u00e9\u010d\u00ed pacienti vy\u017eaduj\u00edc\u00ed slo\u017eit\u011bj\u0161\u00ed l\u00e9\u010dbu a chroni\u010dt\u00ed pacienti se zhor\u0161en\u00fdm stavem. Hospitalizuj\u00ed se zde i pacienti s venerologick\u00fdm onemocn\u011bn\u00edm. V r\u00e1mci pobytu na ko\u017en\u00edm odd\u011blen\u00ed se poskytuj\u00ed l\u00e9\u010debn\u00e9 koupele, celot\u011blov\u00e9 z\u00e1\u0159en\u00ed UV A, UV B sv\u011btlem a p\u0159\u00edstroji na UV z\u00e1\u0159en\u00ed (UV h\u0159eben, palmoplant\u00e1rn\u00ed z\u00e1\u0159i\u010d).<\/p>\n<table style=\"border-collapse: collapse;width: 99.2089%;height: 198px\" border=\"1\">\n<tbody>\n<tr style=\"height: 24px\">\n<td style=\"width: 16.9857%;height: 24px\"><strong>Telefon l\u00e9ka\u0159i:<\/strong><\/td>\n<td class=\"xl28\" style=\"width: 83.0143%;height: 24px\" width=\"256\" height=\"17\">+420 567 157 214<br \/>\n+420 567 157 739<\/td>\n<\/tr>\n<tr style=\"height: 18px\">\n<td style=\"width: 100%;height: 18px\" colspan=\"2\">\n<div>\n<hr \/>\n<\/div>\n<\/td>\n<\/tr>\n<tr style=\"height: 24px\">\n<td style=\"width: 16.9857%;height: 24px\"><strong>Telefon sestry:<\/strong><\/td>\n<td style=\"width: 83.0143%;height: 24px\">+420 567 157 517<\/td>\n<\/tr>\n<tr style=\"height: 24px\">\n<td style=\"width: 100%;height: 10px\" colspan=\"2\">\n<div>\n<hr \/>\n<\/div>\n<\/td>\n<\/tr>\n<tr style=\"height: 10px\">\n<td style=\"width: 16.9857%;height: 10px\"><strong>Doporu\u010den\u00e9 n\u00e1v\u0161t\u011bvn\u00ed hodiny:<\/strong><\/td>\n<td style=\"width: 83.0143%;height: 10px\">\n<table style=\"border-collapse: collapse;width: 99.9992%\" border=\"1\">\n<tbody>\n<tr>\n<td style=\"width: 11.446%\"><strong>Po &#8211; Ne:<\/strong><\/td>\n<td style=\"width: 88.554%\">14:00 &#8211; 16:00<\/td>\n<\/tr>\n<\/tbody>\n<\/table>\n<\/td>\n<\/tr>\n<tr style=\"height: 18px\">\n<td style=\"width: 100%;height: 18px\" colspan=\"2\">\n<div>\n<hr \/>\n<\/div>\n<\/td>\n<\/tr>\n<tr style=\"height: 24px\">\n<td style=\"width: 16.9857%;height: 24px\"><strong>Kde n\u00e1s najdete:<\/strong><\/td>\n<td style=\"width: 83.0143%;height: 24px\">Budova E, p\u0159\u00edzem\u00ed<\/td>\n<\/tr>\n<\/tbody>\n<\/table>\n<\/div><\/li><\/ul><\/div><\/div><\/article><\/section>\n<\/div>\n<\/div><\/div>\n<\/div>\n<\/div>\n<\/div>\n<\/div>\n<\/div>\n\n","protected":false},"excerpt":{"rendered":"","protected":false},"author":1,"featured_media":17137,"parent":17636,"menu_order":0,"comment_status":"closed","ping_status":"closed","template":"","meta":{"pgc_sgb_lightbox_settings":"","footnotes":"","_links_to":"","_links_to_target":""},"categories":[85],"class_list":["post-19815","page","type-page","status-publish","has-post-thumbnail","hentry","category-page-oddeleni"],"publishpress_future_action":{"enabled":false,"date":"2026-04-13 20:40:12","action":"change-status","newStatus":"draft","terms":[],"taxonomy":"category","extraData":[]},"publishpress_future_workflow_manual_trigger":{"enabledWorkflows":[]},"_links":{"self":[{"href":"https:\/\/webnemji.azurewebsites.net\/en\/wp-json\/wp\/v2\/pages\/19815","targetHints":{"allow":["GET"]}}],"collection":[{"href":"https:\/\/webnemji.azurewebsites.net\/en\/wp-json\/wp\/v2\/pages"}],"about":[{"href":"https:\/\/webnemji.azurewebsites.net\/en\/wp-json\/wp\/v2\/types\/page"}],"author":[{"embeddable":true,"href":"https:\/\/webnemji.azurewebsites.net\/en\/wp-json\/wp\/v2\/users\/1"}],"replies":[{"embeddable":true,"href":"https:\/\/webnemji.azurewebsites.net\/en\/wp-json\/wp\/v2\/comments?post=19815"}],"version-history":[{"count":0,"href":"https:\/\/webnemji.azurewebsites.net\/en\/wp-json\/wp\/v2\/pages\/19815\/revisions"}],"up":[{"embeddable":true,"href":"https:\/\/webnemji.azurewebsites.net\/en\/wp-json\/wp\/v2\/pages\/17636"}],"wp:featuredmedia":[{"embeddable":true,"href":"https:\/\/webnemji.azurewebsites.net\/en\/wp-json\/wp\/v2\/media\/17137"}],"wp:attachment":[{"href":"https:\/\/webnemji.azurewebsites.net\/en\/wp-json\/wp\/v2\/media?parent=19815"}],"wp:term":[{"taxonomy":"category","embeddable":true,"href":"https:\/\/webnemji.azurewebsites.net\/en\/wp-json\/wp\/v2\/categories?post=19815"}],"curies":[{"name":"wp","href":"https:\/\/api.w.org\/{rel}","templated":true}]}}