{"id":19896,"date":"2023-09-22T06:50:53","date_gmt":"2023-09-22T04:50:53","guid":{"rendered":"https:\/\/nemji.rs-kovarik.cz\/?page_id=19896"},"modified":"2024-01-29T12:28:41","modified_gmt":"2024-01-29T11:28:41","slug":"spektrum-pece","status":"publish","type":"page","link":"https:\/\/webnemji.azurewebsites.net\/en\/oddeleni\/oddeleni-geriatrie\/spektrum-pece\/","title":{"rendered":"Spectrum of provided care"},"content":{"rendered":"<div id=\"cmsmasters_row_6iluctg3hk\" class=\"cmsmasters_row cmsmasters_color_scheme_default cmsmasters_row_top_default cmsmasters_row_bot_default cmsmasters_row_boxed\">\n<div class=\"cmsmasters_row_outer_parent\">\n<div class=\"cmsmasters_row_overlay\"><\/div>\n<div class=\"cmsmasters_row_outer\">\n<div class=\"cmsmasters_row_inner\">\n<div class=\"cmsmasters_row_margin\">\n<div id=\"cmsmasters_column_sybg7he2sg\" class=\"cmsmasters_column one_first\">\n<div class=\"cmsmasters_column_inner\"><div id=\"cmsmasters_heading_b3c74b95a0\" class=\"cmsmasters_heading_wrap cmsmasters_heading_align_center pageheadingtitle\">\n\t<h1 class=\"cmsmasters_heading\">Odd\u011blen\u00ed geriatrie a n\u00e1sledn\u00e9 p\u00e9\u010de<\/h1>\n<\/div>\n<\/div><\/div>\n<\/div>\n<\/div>\n<\/div>\n<\/div>\n<\/div>\n<div id=\"cmsmasters_row_ly5ze1hf8e\" class=\"cmsmasters_row cmsmasters_color_scheme_default cmsmasters_row_top_default cmsmasters_row_bot_default cmsmasters_row_boxed\">\n<div class=\"cmsmasters_row_outer_parent\">\n<div class=\"cmsmasters_row_outer\">\n<div class=\"cmsmasters_row_inner\">\n<div class=\"cmsmasters_row_margin\">\n<div id=\"cmsmasters_column_v67ee6nvg7\" class=\"cmsmasters_column one_first\">\n<div class=\"cmsmasters_column_inner\"><div class=\"cmsmasters_text\">\n<p><nav aria-label=\"breadcrumbs\">\n            <div class=\"breadcrumb-container theme1\">\n                <ol>\n                                    <\/ol>\n            <\/div>\n        <\/nav>    <script type=\"application\/ld+json\">\n        {\n            \"@context\": \"http:\/\/schema.org\",\n            \"@type\": \"BreadcrumbList\",\n            \"itemListElement\": [\n                            ]\n        }\n    <\/script>\n   \n    <script>\n            <\/script>\n<\/p>\n<\/div>\n<\/div><\/div>\n<\/div>\n<\/div>\n<\/div>\n<\/div>\n<\/div>\n<div id=\"cmsmasters_row_3f2f8816dd\" class=\"cmsmasters_row cmsmasters_color_scheme_default cmsmasters_row_top_default cmsmasters_row_bot_default cmsmasters_row_boxed\">\n<div class=\"cmsmasters_row_outer_parent\">\n<div class=\"cmsmasters_row_outer\">\n<div class=\"cmsmasters_row_inner\">\n<div class=\"cmsmasters_row_margin\">\n<div id=\"cmsmasters_column_0a1c5940f5\" class=\"cmsmasters_column one_third stickyinfocolumn\">\n<div class=\"cmsmasters_column_inner\"><div id=\"cmsmasters_heading_rva6m2t32d\" class=\"cmsmasters_heading_wrap cmsmasters_heading_align_center\">\n\t<h3 class=\"cmsmasters_heading\">Informace o odd\u011blen\u00ed<\/h3>\n<\/div>\n<div id=\"cmsmasters_divider_dpp34mcdj5\" class=\"cmsmasters_divider cmsmasters_divider_width_short cmsmasters_divider_pos_center\"><\/div>\n<div class=\"cmsmasters_sidebar sidebar_layout_11 sidebar-custom-menu\"><aside id=\"nav_menu-20\" class=\"widget widget_nav_menu\"><div class=\"menu-oddeleni-geriatrie-container\"><ul id=\"menu-oddeleni-geriatrie\" class=\"menu\"><li id=\"menu-item-19835\" class=\"menu-item menu-item-type-custom menu-item-object-custom menu-item-19835\"><a href=\"\/oddeleni\/oddeleni-geriatrie\/#popis-oddeleni\" data-ps2id-api=\"true\"><i class=\"fa-solid fa-info\"><\/i> Popis odd\u011blen\u00ed<\/a><\/li>\n<li id=\"menu-item-19836\" class=\"menu-item menu-item-type-custom menu-item-object-custom menu-item-19836\"><a href=\"\/oddeleni\/oddeleni-geriatrie\/#personalni-obsazeni\" data-ps2id-api=\"true\"><i class=\"fa-solid fa-user-doctor\"><\/i> Person\u00e1ln\u00ed obsazen\u00ed<\/a><\/li>\n<li id=\"menu-item-20060\" class=\"menu-item menu-item-type-custom menu-item-object-custom menu-item-20060\"><a href=\"\/oddeleni\/oddeleni-geriatrie\/#navstevni-hodiny\" data-ps2id-api=\"true\"><i class=\"fa-solid fa-door-open\"><\/i> N\u00e1v\u0161t\u011bvn\u00ed hodiny<\/a><\/li>\n<li id=\"menu-item-19838\" class=\"menu-item menu-item-type-custom menu-item-object-custom menu-item-19838\"><a href=\"\/oddeleni\/oddeleni-geriatrie\/#kontaktni-informace\" data-ps2id-api=\"true\"><i class=\"fa-solid fa-phone\"><\/i> Kontaktn\u00ed informace<\/a><\/li>\n<li id=\"menu-item-19839\" class=\"menu-item menu-item-type-custom menu-item-object-custom menu-item-19839\"><a href=\"\/oddeleni\/oddeleni-geriatrie\/#kde-nas-najdete\" data-ps2id-api=\"true\"><i class=\"fa-solid fa-location-dot\"><\/i> Kde n\u00e1s najdete<\/a><\/li>\n<li id=\"menu-item-19840\" class=\"menu-item menu-item-type-custom menu-item-object-custom menu-item-19840\"><a href=\"\/oddeleni\/oddeleni-geriatrie\/#fotogalerie\" data-ps2id-api=\"true\"><i class=\"fa-solid fa-camera\"><\/i> Fotogalerie<\/a><\/li>\n<li id=\"menu-item-19841\" class=\"menu-custom-separator menu-item menu-item-type-custom menu-item-object-custom menu-item-19841\"><hr class=\"mhm-menu-separator\"><\/li>\n<li id=\"menu-item-24437\" class=\"static-link menu-item menu-item-type-custom menu-item-object-custom menu-item-24437\"><a href=\"\/oddeleni\/oddeleni-geriatrie\/geriatricka-ambulance\/\" data-ps2id-api=\"true\"><i class=\"fa-solid fa-house-medical\"><\/i> Ambulance<\/a><\/li>\n<li id=\"menu-item-23554\" class=\"static-link menu-item menu-item-type-custom menu-item-object-custom menu-item-23554\"><a href=\"\/oddeleni\/oddeleni-geriatrie\/socialni-luzka\/\" data-ps2id-api=\"true\"><i class=\"fa-solid fa-bed\"><\/i>Soci\u00e1ln\u00ed l\u016f\u017eka<\/a><\/li>\n<li id=\"menu-item-28333\" class=\"menu-item menu-item-type-custom menu-item-object-custom menu-item-28333\"><a href=\"\/oddeleni\/oddeleni-geriatrie\/paliativni-pece\/\" data-ps2id-api=\"true\"><i class=\"fa-solid fa-hand-holding-heart\"><\/i>Paliativn\u00ed p\u00e9\u010de<\/a><\/li>\n<li id=\"menu-item-19843\" class=\"static-link menu-item menu-item-type-custom menu-item-object-custom menu-item-19843\"><a href=\"\/oddeleni\/oddeleni-geriatrie\/spektrum-pece\/\" data-ps2id-api=\"true\"><i class=\"fa-solid fa-stethoscope\"><\/i> Spektrum p\u00e9\u010de<\/a><\/li>\n<li id=\"menu-item-19844\" class=\"static-link menu-item menu-item-type-custom menu-item-object-custom menu-item-19844\"><a href=\"\/oddeleni\/oddeleni-geriatrie\/informace-pro-pacienty\/\" data-ps2id-api=\"true\"><i class=\"fa-regular fa-circle-question\"><\/i> Informace pro pacienty<\/a><\/li>\n<li id=\"menu-item-35037\" class=\"menu-item menu-item-type-custom menu-item-object-custom menu-item-35037\"><a href=\"\/oddeleni\/centrum-sp-pece\/socialnici\/\" data-ps2id-api=\"true\"><i class=\"fa-solid fa-people-pulling\"><\/i>Zdravotn\u011b soci\u00e1ln\u00ed pracovn\u00edci<\/a><\/li>\n<\/ul><\/div><\/aside><div class=\"cl\"><\/div>\n<\/div>\n<\/div><\/div>\n<div id=\"cmsmasters_column_k7vlyuz4yq\" class=\"cmsmasters_column two_third\">\n<div class=\"cmsmasters_column_inner\"><div id=\"cmsmasters_heading_0cx4mcjjyd\" class=\"cmsmasters_heading_wrap cmsmasters_heading_align_left\">\n\t<h2 class=\"cmsmasters_heading\">Spektrum p\u00e9\u010de<\/h2>\n<\/div>\n<div id=\"cmsmasters_divider_kul4awri6m\" class=\"cmsmasters_divider cmsmasters_divider_width_short cmsmasters_divider_pos_left\"><\/div>\n<div class=\"cmsmasters_text\">\n<h5><strong><span style=\"color: #003366;\">Odd\u011blen\u00ed geriatrick\u00e9 a n\u00e1sledn\u00e9 p\u00e9\u010de\u00a0\u00a0m\u00e1 celkem 70 l\u016f\u017eek\u00a0\u00a0na 2 stanic\u00edch<\/span><\/strong><\/h5>\n<ul>\n<li>Pokoje jsou 3-l\u016f\u017ekov\u00e9, v\u017edy 2 pokoje maj\u00ed spole\u010dn\u00e9 soci\u00e1ln\u00ed\u00a0 z\u00e1zem\u00ed.<\/li>\n<li>3 l\u016f\u017eka jsou nadstandardn\u00ed.<\/li>\n<li>O pacienty pe\u010duje celkem 46 zam\u011bstnanc\u016f, z toho 5 l\u00e9ka\u0159\u016f.<\/li>\n<li>OGNP poskytuje p\u00e9\u010di l\u00e9\u010debnou, o\u0161et\u0159ovatelskou a rehabilita\u010dn\u00ed.<\/li>\n<li>P\u0159ij\u00edm\u00e1me pacienty\u00a0 p\u0159ev\u00e1\u017en\u011b star\u0161\u00ed 65 let z cel\u00e9ho regionu Kraje Vyso\u010dina.<\/li>\n<li>L\u00e9\u010d\u00edme dlouhodob\u00e9 chronick\u00e9 nemoci vedouc\u00ed ke ztr\u00e1t\u011b sob\u011bsta\u010dnosti, poskytujeme komplexn\u00ed rehabilita\u010dn\u00ed l\u00e9\u010dbu star\u0161\u00edm pacient\u016fm po \u00farazech, p\u0159i poruch\u00e1ch pohybov\u00e9ho apar\u00e1tu, ortopedick\u00fdch operac\u00edch nebo c\u00e9vn\u00edch mozkov\u00fdch p\u0159\u00edhod\u00e1ch.<\/li>\n<li>Klademe velk\u00fd d\u016fraz na geriatrickou rehabilitaci a aktivizaci pacient\u016f.<\/li>\n<li>V p\u0159\u00edzem\u00ed budovy je pro pacienty vybavena pracovn\u00ed terapie v\u010detn\u011b n\u00e1cvikov\u00e9 kuchyn\u011b.<\/li>\n<li>Vzhledem k nar\u016fstaj\u00edc\u00edmu po\u010dtu\u00a0 pacient\u016f s demenc\u00ed jsme zavedli aktiviza\u010dn\u00ed programy pro tyto pacienty, p\u0159edev\u0161\u00edm tr\u00e9nov\u00e1n\u00ed\u00a0 pam\u011bti, kter\u00e9 prob\u00edh\u00e1 2x t\u00fddn\u011b.<\/li>\n<li>Umo\u017e\u0148ujeme respitn\u00ed hospitalizace.<\/li>\n<li>V sou\u010dasn\u00e9 dob\u011b zvy\u0161ujeme kvalitu p\u00e9\u010de o na\u0161e pacienty o spolupr\u00e1ci s dobrovoln\u00edky.<\/li>\n<li>OGNP je akreditovan\u00fdm pracovi\u0161t\u011bm oboru geriatrie a medic\u00edny dlouhodob\u00e9 p\u00e9\u010de.<\/li>\n<\/ul>\n<p>&nbsp;<\/p>\n<h5><strong><span style=\"color: #003366;\">Cen\u00edk slu\u017eeb<\/span><\/strong><\/h5>\n<ul>\n<li>Cena za ubytov\u00e1n\u00ed na jednol\u016f\u017ekov\u00e9m nadstandartn\u00edm pokoji <strong>300K\u010d\/den<\/strong>.<\/li>\n<li>Cena za ubytov\u00e1n\u00ed na dvoul\u016f\u017ekov\u00e9m nadstandardn\u00edm pokoji \u00a0<strong>165K\u010d\/den.<\/strong><\/li>\n<li>L\u00e9ka\u0159sk\u00e1 zpr\u00e1va o zdravotn\u00edm stavu osoby zpracovan\u00e1 na podklad\u011b zdravotnick\u00e9 dokumentace <strong>260 K\u010d\/1 zpr\u00e1va<\/strong>.<\/li>\n<li>Cena za ubytov\u00e1n\u00ed osoby bez indikace k\u00a0hospitalizace = prodlou\u017een\u00ed hospitalizace na vlastn\u00ed \u017e\u00e1dost se stravou 3x denn\u011b <strong>450\/den<\/strong>.<\/li>\n<li>Cena za ubytov\u00e1n\u00ed osoby bez indikace k\u00a0hospitalizaci = prodlou\u017een\u00ed hospitalizace na vlastn\u00ed \u017e\u00e1dost bez stravy <strong>320K\u010d\/den<\/strong>.<\/li>\n<li>Cena za samostatn\u00fd pokoj na odd\u011blen\u00ed <strong>150 K\u010d\/den<\/strong>.<\/li>\n<li>Cena doprovodu pacienta se stravou <strong>450 K\u010d\/den<\/strong>.<\/li>\n<li>Cena doprovodu pacienta bez stravy <strong>330K\u010d\/den<\/strong>.<\/li>\n<li>Pobyt na soci\u00e1ln\u00ed l\u016f\u017eko se stravou <strong>505 K\u010d\/den<\/strong>.<\/li>\n<li>St\u0159\u00edh\u00e1n\u00ed <strong>100 K\u010d.<\/strong><\/li>\n<li>Pedik\u00fara <strong>450 K\u010d.<\/strong><\/li>\n<\/ul>\n<p>&nbsp;<\/p>\n<h5><strong><span style=\"color: #003366;\">Stanice paliativn\u00ed p\u00e9\u010de<\/span><\/strong><\/h5>\n<ul>\n<li>Cena za l\u016f\u017eko na paliativn\u00ed stanici <strong>350 K\u010d\/den.<\/strong><\/li>\n<\/ul>\n<p>&nbsp;<\/p>\n<h5><strong><span class=\"blue\" style=\"color: #003366;\"><span class=\"zvyrazneni\">Rehabilitace na OGNP<\/span><\/span><\/strong><\/h5>\n<ul>\n<li>Pro na\u0161e pacienty zaji\u0161\u0165ujeme odbornou rehabilitaci po operac\u00edch, kloubn\u00edch n\u00e1hrad\u00e1ch i CVI, spolupracujeme s protetiky p\u0159i n\u00e1cviku ch\u016fze na prot\u00e9ze po ztr\u00e1t\u011b kon\u010detiny.<\/li>\n<li>Pacient\u016fm se sn\u00ed\u017eenou pohyblivost\u00ed a syndromem dekondice slou\u017e\u00ed celkov\u00e1 geriatrick\u00e1 aktivizace v\u010detn\u011b\u00a0\u00a0denn\u00edho kondi\u010dn\u00edho cvi\u010den\u00ed.<\/li>\n<li>M\u00e1me 2 t\u011blocvi\u010dny vybaven\u00e9 polohovac\u00edm l\u016f\u017ekem, ribstolemi, motomedy, motodlahou a p\u0159\u00edstrojem na vakuov\u011b kompresivn\u00ed terapii Vasotrainem.<\/li>\n<li>Pacienti pou\u017e\u00edvaj\u00ed k obnov\u011b sob\u011bsta\u010dnosti celou \u0159adu rehabilita\u010dn\u00edch pom\u016fcek.<\/li>\n<li>O na\u0161e pacienty se na \u00faseku rehabilitace star\u00e1 celkem 6 pracovnic, kter\u00e9 zau\u010d\u00ed i rodinn\u00e9 p\u0159\u00edslu\u0161n\u00edky p\u0159ed propu\u0161t\u011bn\u00edm pacienta do dom\u00e1c\u00ed p\u00e9\u010de.<br \/>\n<a href=\"\/wp-content\/uploads\/2023\/09\/Image-23.jpg\" rel=\"ilightbox\"><img loading=\"lazy\" decoding=\"async\" class=\"wp-image-20066 aligncenter\" src=\"\/wp-content\/uploads\/2023\/09\/Image-23.jpg\" alt=\"\" width=\"375\" height=\"282\" srcset=\"\/wp-content\/uploads\/2023\/09\/Image-23.jpg 585w, \/wp-content\/uploads\/2023\/09\/Image-23-300x225.jpg 300w, \/wp-content\/uploads\/2023\/09\/Image-23-580x435.jpg 580w\" sizes=\"auto, (max-width: 375px) 100vw, 375px\" \/><\/a><\/li>\n<\/ul>\n<h5><strong><span style=\"color: #003366;\">Pracovn\u00ed terapie<\/span><\/strong><\/h5>\n<ul>\n<li style=\"font-weight: 400;\">Pracovn\u00ed terapie v p\u0159\u00edzem\u00ed budovy OGNP slou\u017e\u00ed\u00a0\u00a0hospitalizovan\u00fdm pacient\u016fm jako dal\u0161\u00ed rehabilita\u010dn\u00ed\u00a0\u00a0\u010d\u00e1st.<\/li>\n<li style=\"font-weight: 400;\">Pod veden\u00edm terapeutky Lenky Musilov\u00e9 mohou pacienti dle sv\u00fdch z\u00e1jm\u016f vyr\u00e1b\u011bt rukod\u011bln\u00e9 v\u00fdrobky, drobn\u00e9 d\u00e1rky pro rodinn\u00e9 p\u0159\u00edslu\u0161n\u00edky nebo vytv\u00e1\u0159ej\u00ed v\u00fdzdobu pro odd\u011blen\u00ed. Pracovn\u00ed terapie\u00a0 slou\u017e\u00ed z\u00e1rove\u0148 jako klubovna, kde je mo\u017en\u00e9 \u010d\u00edst, sledovat televizi nebo\u00a0filmy.<\/li>\n<li style=\"font-weight: 400;\">M\u00e1me vybavenou n\u00e1cvikovou kuchy\u0148, kde mohou p\u0159edev\u0161\u00edm \u017eeny obnovit\u00a0\u00a0dovednosti pot\u0159ebn\u00e9 v dom\u00e1c\u00edm prost\u0159ed\u00ed.<\/li>\n<li style=\"font-weight: 400;\">K dal\u0161\u00edm pravideln\u00fdm \u010dinnostem pat\u0159\u00ed tak\u00e9 va\u0159en\u00ed, muzikoterapie ,n\u00e1v\u0161t\u011bvy ps\u016f a vystoupen\u00ed d\u011bt\u00ed z M\u0160.<\/li>\n<li style=\"font-weight: 400;\">P\u0159i dlouhodob\u00fdch hospitalizac\u00edch\u00a0\u00a0je aktivizace pacient\u016f velmi pot\u0159ebn\u00e1, \u010dinnosti na pracovn\u00ed terapii pak pom\u00e1haj\u00ed pacient\u016fm nejen zapom\u00ednat na\u00a0\u00a0choroby, ale vedou k celkov\u00e9 obnov\u011b sob\u011bsta\u010dnosti.<\/li>\n<li style=\"font-weight: 400;\">V letn\u00edch m\u011bs\u00edc\u00edch slou\u017e\u00ed na\u0161im pacient\u016fm venkovn\u00ed are\u00e1l pod krytou mark\u00fdzou s vyv\u00fd\u0161en\u00fdmi z\u00e1hony.<\/li>\n<li><span style=\"font-weight: 400;\">V r\u00e1mci pracovn\u00ed terapie<\/span><span style=\"font-weight: 400;\">\u00a0\u00a0<\/span><span style=\"font-weight: 400;\">je veden 2x t\u00fddn\u011b kognitivn\u00ed tr\u00e9nink<\/span><span style=\"font-weight: 400;\">\u00a0\u00a0<\/span><span style=\"font-weight: 400;\">pacient\u016f s demencemi a poruchami psychiky.<\/span><span style=\"font-weight: 400;\"><br \/>\n<\/span><\/li>\n<\/ul>\n<p><img loading=\"lazy\" decoding=\"async\" class=\"wp-image-29240 aligncenter\" src=\"\/wp-content\/uploads\/2024\/01\/pracovni_terapie.jpg\" alt=\"pracovn\u00ed terapie\" width=\"383\" height=\"286\" srcset=\"\/wp-content\/uploads\/2024\/01\/pracovni_terapie.jpg 1600w, \/wp-content\/uploads\/2024\/01\/pracovni_terapie-300x224.jpg 300w, \/wp-content\/uploads\/2024\/01\/pracovni_terapie-1024x766.jpg 1024w, \/wp-content\/uploads\/2024\/01\/pracovni_terapie-768x575.jpg 768w, \/wp-content\/uploads\/2024\/01\/pracovni_terapie-1536x1149.jpg 1536w, \/wp-content\/uploads\/2024\/01\/pracovni_terapie-16x12.jpg 16w, \/wp-content\/uploads\/2024\/01\/pracovni_terapie-580x434.jpg 580w, \/wp-content\/uploads\/2024\/01\/pracovni_terapie-860x643.jpg 860w, \/wp-content\/uploads\/2024\/01\/pracovni_terapie-1160x868.jpg 1160w\" sizes=\"auto, (max-width: 383px) 100vw, 383px\" \/><\/p>\n<h5><span style=\"color: #003366;\"><strong>Geriatrick\u00e1 ambulance<\/strong>\u00a0<\/span><\/h5>\n<p style=\"font-weight: 400;\">Je ur\u010dena\u00a0 nemocn\u00fdm od 65 let p\u0159ev\u00e1\u017en\u011b s chronick\u00fdmi chorobami. Zab\u00fdv\u00e1me se hlavn\u011b poruchami\u00a0pam\u011bti, diagnostikou demenc\u00ed a jejich l\u00e9\u010dbou.<\/p>\n<p><span style=\"font-weight: 400;\">Zavedli jsme eduka\u010dn\u00ed poradnu pro Alzheimerovu demenci. Je ur\u010dena pacient\u016fm i jejich p\u0159\u00edbuzn\u00fdm. Spole\u010dn\u011b vytvo\u0159\u00edme tr\u00e9ninkov\u00fd pl\u00e1n pro rozv\u00edjen\u00ed mozkov\u00fdch aktivit u konkr\u00e9tn\u00edho pacienta. Hranice mezi<\/span><span style=\"font-weight: 400;\">\u00a0\u00a0<\/span><span style=\"font-weight: 400;\">fyziologick\u00fdm \u00fabytkem pam\u011bti od<\/span><span style=\"font-weight: 400;\">\u00a0\u00a0<\/span><span style=\"font-weight: 400;\">ji\u017e patologick\u00e9ho zapom\u00edn\u00e1n\u00ed je velice k\u0159ehk\u00e1. Rozpoznat zav\u010das<\/span><span style=\"font-weight: 400;\">\u00a0\u00a0<\/span><span style=\"font-weight: 400;\">nastupuj\u00edc\u00ed p\u0159\u00edznaky Alzheimerovy demence je \u00fakolem pro l\u00e9ka\u0159e geriatra, neurologa \u010di psychiatra.<\/span><span style=\"font-weight: 400;\">\u00a0Pokud si Vy sami nebo n\u011bkdo z\u00a0va\u0161ich bl\u00edzk\u00fdch odpov\u00edte<\/span><span style=\"font-weight: 400;\">\u00a0\u00a0<\/span><span style=\"font-weight: 400;\">ANO na n\u00e1sleduj\u00edc\u00ed ot\u00e1zky, je nejvy\u0161\u0161\u00ed \u010das kontaktovat odborn\u00edka.<\/span><\/p>\n<ul style=\"font-weight: 400;\">\n<li>Pozorujete u sebe \u010di sv\u00fdch bl\u00edzk\u00fdch\u00a0\u00a0zhor\u0161en\u00ed pam\u011bti, hlavn\u011b nov\u00fdch ud\u00e1lost\u00ed?<\/li>\n<li>Zapom\u00edn\u00e1te jm\u00e9na rodinn\u00fdch p\u0159\u00edslu\u0161n\u00edk\u016f \u010di zn\u00e1m\u00fdch?<\/li>\n<li>\u0160patn\u011b se orientujete, nem\u016f\u017eete\u00a0\u00a0nal\u00e9zt\u00a0\u00a0zn\u00e1mou cestu dom\u016f nebo do obchodu?<\/li>\n<li>Obt\u00ed\u017en\u011b\u00a0\u00a0hled\u00e1te slova pro zn\u00e1me v\u00fdrazy, vol\u00edte opisy?<\/li>\n<li>Zakl\u00e1d\u00e1te v\u011bci na nezn\u00e1m\u00e9 m\u00edsto a pak je obt\u00ed\u017en\u011b hled\u00e1te?<\/li>\n<li>Za\u010d\u00edn\u00e1 porucha pam\u011bti ovliv\u0148ovat V\u00e1\u0161 ka\u017edodenn\u00ed \u017eivot?<\/li>\n<\/ul>\n<p>&nbsp;<\/p>\n<h5><strong><span style=\"color: #003366;\">Soci\u00e1ln\u00ed poradenstv\u00ed<\/span><\/strong><\/h5>\n<p><span style=\"font-weight: 400;\">\u00a0Zdravotn\u011b soci\u00e1ln\u00ed pracovn\u00edk pom\u00e1h\u00e1 \u0159e\u0161it soci\u00e1ln\u00ed problematiku pacient\u016f v souvislosti se zm\u011bnou jejich zdravotn\u00edho stavu.<\/span><br style=\"font-weight: 400;\" \/><span style=\"font-weight: 400;\">\u00a0<\/span>Na OGNP konkr\u00e9tn\u011b vy\u0159izuje:<\/p>\n<ul style=\"font-weight: 400;\">\n<li>Vyd\u00e1v\u00e1n\u00ed d\u016fchod\u016f z\u00a0pokladny nemocnice.<\/li>\n<li>Informuje o p\u0159\u00edsp\u011bvc\u00edch, pe\u010dovatelsk\u00fdch a soci\u00e1ln\u00edch slu\u017eb\u00e1ch.<\/li>\n<li>Kontaktuje agentury dom\u00e1c\u00ed p\u00e9\u010de v\u00a0n\u00e1vaznosti na nemocni\u010dn\u00ed p\u00e9\u010di.<\/li>\n<li>Zpracov\u00e1v\u00e1\u00a0\u00a0\u017e\u00e1dosti do \u00fastav\u016f soci\u00e1ln\u00ed p\u00e9\u010de \u010di jin\u00fdch za\u0159\u00edzen\u00ed.<\/li>\n<li>Spolupracuje s\u00a0Interven\u010dn\u00edm centrem Kraje Vyso\u010dina na p\u0159\u00edpadech dom\u00e1c\u00edho n\u00e1sil\u00ed, nap\u0159. p\u0159i zji\u0161t\u011bn\u00ed t\u00fdr\u00e1n\u00ed senior\u016f.<\/li>\n<li>Osamocen\u00fdm senior\u016fm zaji\u0161\u0165uje platby a drobn\u00e9 n\u00e1kupy.<\/li>\n<li>Zprost\u0159edkuje pedik\u00faru, kade\u0159nick\u00e9 a holi\u010dsk\u00e9 slu\u017eby.<\/li>\n<\/ul>\n<p style=\"font-weight: 400;\">Zdravotn\u011b soci\u00e1ln\u00ed pracovnice m\u00e1 kancel\u00e1\u0159 v p\u0159\u00edzem\u00ed budovy OGNP, telefon: <a href=\"tel:+420703847244\"><span style=\"text-decoration: underline;\"><strong>+420 567 157 842<\/strong><\/span><\/a><\/p>\n<p>&nbsp;<\/p>\n<h5><span style=\"color: #003366;\"><strong>Dobrovolnictv\u00ed<\/strong><\/span><\/h5>\n<p style=\"font-weight: 400;\">Od roku 2011, kter\u00fd byl vyhl\u00e1\u0161en Evropsk\u00fdm rokem dobrovoln\u00fdch \u010dinnost\u00ed na podporu aktivn\u00edho ob\u010danstv\u00ed tak\u00e9 na\u0161e odd\u011blen\u00ed podporuje tuto z\u00e1slu\u017enou \u010dinnost a hled\u00e1\u00a0 dal\u0161\u00ed vhodn\u00e9 dobrovoln\u00edky k senior\u016fm.<\/p>\n<p style=\"font-weight: 400;\">Dobrovoln\u00edk je d\u016fle\u017eit\u00fdm prost\u0159edn\u00edkem mez pacientem a okoln\u00edm sv\u011btem. M\u016f\u017ee pacientovi p\u0159ed\u010d\u00edtat, doprov\u00e1zet ho na proch\u00e1zk\u00e1ch nebo mu jen naslouchat. Dobrovolnick\u00e9 aktivity p\u0159isp\u00edvaj\u00ed ke zlep\u0161en\u00ed celkov\u00e9 atmosf\u00e9ry v na\u0161em za\u0159\u00edzen\u00ed.<\/p>\n<p style=\"font-weight: 400;\">K dobrovoln\u00edk\u016fm pat\u0159\u00ed i speci\u00e1ln\u011b vycvi\u010den\u00fd pes Scooty, kter\u00fd byl prvn\u00ed na canisterapii a nyn\u00ed s dal\u0161\u00edmi psi nav\u0161t\u011bvuje pacienty na pokoj\u00edch i na pracovn\u00ed terapii.<\/p>\n<p style=\"font-weight: 400;\">Dobrovolnictv\u00ed se n\u00e1m da\u0159\u00ed \u00a0\u00fasp\u011b\u0161n\u011b rozv\u00edjet. Chod\u00ed k n\u00e1m jednotlivci, studenti ze \u0161kol i dobrovoln\u00edci z organizac\u00ed jako je Centrum pro rodinu a Dom\u00e1c\u00ed hospic Vyso\u010dina.<\/p>\n<p style=\"font-weight: 400;\">Koordin\u00e1tora dobrovoln\u00edk\u016f na OGNP kontaktujte na telefonu: <strong><a href=\"tel:+420703847244\"><span style=\"text-decoration: underline;\">+420 703 847 244<\/span><\/a><br \/>\n<\/strong><\/p>\n<p style=\"font-weight: 400;\"><img loading=\"lazy\" decoding=\"async\" class=\" wp-image-29241 aligncenter\" src=\"\/wp-content\/uploads\/2024\/01\/dobrovolnictvi.jpg\" alt=\"dobrovolnictv\u00ed\" width=\"424\" height=\"317\" srcset=\"\/wp-content\/uploads\/2024\/01\/dobrovolnictvi.jpg 1600w, \/wp-content\/uploads\/2024\/01\/dobrovolnictvi-300x224.jpg 300w, \/wp-content\/uploads\/2024\/01\/dobrovolnictvi-1024x766.jpg 1024w, \/wp-content\/uploads\/2024\/01\/dobrovolnictvi-768x575.jpg 768w, \/wp-content\/uploads\/2024\/01\/dobrovolnictvi-1536x1149.jpg 1536w, \/wp-content\/uploads\/2024\/01\/dobrovolnictvi-16x12.jpg 16w, \/wp-content\/uploads\/2024\/01\/dobrovolnictvi-580x434.jpg 580w, \/wp-content\/uploads\/2024\/01\/dobrovolnictvi-860x643.jpg 860w, \/wp-content\/uploads\/2024\/01\/dobrovolnictvi-1160x868.jpg 1160w\" sizes=\"auto, (max-width: 424px) 100vw, 424px\" \/><\/p>\n<\/div>\n<\/div><\/div>\n<\/div>\n<\/div>\n<\/div>\n<\/div>\n<\/div>\n\n","protected":false},"excerpt":{"rendered":"","protected":false},"author":5,"featured_media":17126,"parent":19764,"menu_order":0,"comment_status":"closed","ping_status":"closed","template":"","meta":{"pgc_sgb_lightbox_settings":"","footnotes":"","_links_to":"","_links_to_target":""},"categories":[85],"class_list":["post-19896","page","type-page","status-publish","has-post-thumbnail","hentry","category-page-oddeleni"],"publishpress_future_action":{"enabled":false,"date":"2026-04-16 16:24:00","action":"change-status","newStatus":"draft","terms":[],"taxonomy":"category","extraData":[]},"publishpress_future_workflow_manual_trigger":{"enabledWorkflows":[]},"_links":{"self":[{"href":"https:\/\/webnemji.azurewebsites.net\/en\/wp-json\/wp\/v2\/pages\/19896","targetHints":{"allow":["GET"]}}],"collection":[{"href":"https:\/\/webnemji.azurewebsites.net\/en\/wp-json\/wp\/v2\/pages"}],"about":[{"href":"https:\/\/webnemji.azurewebsites.net\/en\/wp-json\/wp\/v2\/types\/page"}],"author":[{"embeddable":true,"href":"https:\/\/webnemji.azurewebsites.net\/en\/wp-json\/wp\/v2\/users\/5"}],"replies":[{"embeddable":true,"href":"https:\/\/webnemji.azurewebsites.net\/en\/wp-json\/wp\/v2\/comments?post=19896"}],"version-history":[{"count":0,"href":"https:\/\/webnemji.azurewebsites.net\/en\/wp-json\/wp\/v2\/pages\/19896\/revisions"}],"up":[{"embeddable":true,"href":"https:\/\/webnemji.azurewebsites.net\/en\/wp-json\/wp\/v2\/pages\/19764"}],"wp:featuredmedia":[{"embeddable":true,"href":"https:\/\/webnemji.azurewebsites.net\/en\/wp-json\/wp\/v2\/media\/17126"}],"wp:attachment":[{"href":"https:\/\/webnemji.azurewebsites.net\/en\/wp-json\/wp\/v2\/media?parent=19896"}],"wp:term":[{"taxonomy":"category","embeddable":true,"href":"https:\/\/webnemji.azurewebsites.net\/en\/wp-json\/wp\/v2\/categories?post=19896"}],"curies":[{"name":"wp","href":"https:\/\/api.w.org\/{rel}","templated":true}]}}