{"id":20118,"date":"2023-09-25T07:43:34","date_gmt":"2023-09-25T05:43:34","guid":{"rendered":"https:\/\/nemji.rs-kovarik.cz\/?page_id=20118"},"modified":"2023-10-25T10:43:48","modified_gmt":"2023-10-25T08:43:48","slug":"tiskova-mluvci","status":"publish","type":"page","link":"https:\/\/webnemji.azurewebsites.net\/en\/kontakty\/tiskova-mluvci\/","title":{"rendered":"Spokesperson"},"content":{"rendered":"<div id=\"cmsmasters_row_6iluctg3hk\" class=\"cmsmasters_row cmsmasters_color_scheme_default heroblocks cmsmasters_row_top_default cmsmasters_row_bot_default cmsmasters_row_boxed\">\n<div id=\"heroboxes\" class=\"cmsmasters_row_outer_parent\">\n<div class=\"cmsmasters_row_overlay\"><\/div>\n<div class=\"cmsmasters_row_outer\">\n<div class=\"cmsmasters_row_inner\">\n<div class=\"cmsmasters_row_margin\">\n<div id=\"cmsmasters_column_sybg7he2sg\" class=\"cmsmasters_column one_first\">\n<div class=\"cmsmasters_column_inner\"><div id=\"cmsmasters_heading_b3c74b95a0\" class=\"cmsmasters_heading_wrap cmsmasters_heading_align_center pageheadingtitle\" data-animation=\"fadeIn\" data-delay=\"0\">\n\t<h1 class=\"cmsmasters_heading\">Kontakty<\/h1>\n<\/div><div id=\"cmsmasters_heading_w249pzvebe\" class=\"cmsmasters_heading_wrap cmsmasters_heading_align_center\">\n\t<h3 class=\"cmsmasters_heading\">Nemocnice Jihlava, p\u0159\u00edsp\u011bvkov\u00e1 organizace<\/h3>\n<\/div>\n<\/div><\/div>\n<\/div>\n<\/div>\n<\/div>\n<\/div>\n<\/div>\n<div id=\"cmsmasters_row_ly5ze1hf8e\" class=\"cmsmasters_row cmsmasters_color_scheme_default cmsmasters_row_top_default cmsmasters_row_bot_default cmsmasters_row_boxed\">\n<div class=\"cmsmasters_row_outer_parent\">\n<div class=\"cmsmasters_row_outer\">\n<div class=\"cmsmasters_row_inner\">\n<div class=\"cmsmasters_row_margin\">\n<div id=\"cmsmasters_column_v67ee6nvg7\" class=\"cmsmasters_column one_first\">\n<div class=\"cmsmasters_column_inner\"><div class=\"cmsmasters_text\">\n<p><nav aria-label=\"breadcrumbs\">\n            <div class=\"breadcrumb-container theme1\">\n                <ol>\n                                    <\/ol>\n            <\/div>\n        <\/nav>    <script type=\"application\/ld+json\">\n        {\n            \"@context\": \"http:\/\/schema.org\",\n            \"@type\": \"BreadcrumbList\",\n            \"itemListElement\": [\n                            ]\n        }\n    <\/script>\n   \n    <script>\n            <\/script>\n<\/p>\n<\/div>\n<\/div><\/div>\n<\/div>\n<\/div>\n<\/div>\n<\/div>\n<\/div>\n<div id=\"cmsmasters_row_3f2f8816dd\" class=\"cmsmasters_row cmsmasters_color_scheme_default cmsmasters_row_top_default cmsmasters_row_bot_default cmsmasters_row_boxed\">\n<div class=\"cmsmasters_row_outer_parent\">\n<div class=\"cmsmasters_row_outer\">\n<div class=\"cmsmasters_row_inner\">\n<div class=\"cmsmasters_row_margin\">\n<div id=\"cmsmasters_column_0a1c5940f5\" class=\"cmsmasters_column one_third stickyinfocolumn\">\n<div class=\"cmsmasters_column_inner\"><div id=\"cmsmasters_heading_rva6m2t32d\" class=\"cmsmasters_heading_wrap cmsmasters_heading_align_center\">\n\t<h3 class=\"cmsmasters_heading\">Kontakty<\/h3>\n<\/div>\n<div id=\"cmsmasters_divider_dpp34mcdj5\" class=\"cmsmasters_divider cmsmasters_divider_width_short cmsmasters_divider_pos_center\"><\/div>\n<div class=\"cmsmasters_sidebar sidebar_layout_11 sidebar-custom-menu\"><aside id=\"nav_menu-21\" class=\"widget widget_nav_menu\"><div class=\"menu-kontakty-container\"><ul id=\"menu-kontakty\" class=\"menu\"><li id=\"menu-item-19970\" class=\"static-link menu-item menu-item-type-post_type menu-item-object-page menu-item-19970\"><a href=\"https:\/\/webnemji.azurewebsites.net\/en\/kontakty\/\" data-ps2id-api=\"true\"><i class=\"fa-solid fa-hospital\"><\/i> Kontakty<\/a><\/li>\n<li id=\"menu-item-19971\" class=\"static-link menu-item menu-item-type-post_type menu-item-object-page menu-item-19971\"><a href=\"https:\/\/webnemji.azurewebsites.net\/en\/kontakty\/vedeni-nemocnice\/\" data-ps2id-api=\"true\"><i class=\"fa-solid fa-users\"><\/i> Veden\u00ed nemocnice<\/a><\/li>\n<li id=\"menu-item-19981\" class=\"static-link menu-item menu-item-type-post_type menu-item-object-page menu-item-19981\"><a href=\"https:\/\/webnemji.azurewebsites.net\/en\/kontakty\/primari\/\" data-ps2id-api=\"true\"><i class=\"fa-solid fa-user-doctor\"><\/i> Prim\u00e1\u0159i<\/a><\/li>\n<li id=\"menu-item-20054\" class=\"static-link menu-item menu-item-type-post_type menu-item-object-page menu-item-20054\"><a href=\"https:\/\/webnemji.azurewebsites.net\/en\/kontakty\/vrchni-sestry\/\" data-ps2id-api=\"true\"><i class=\"fa-solid fa-user-nurse\"><\/i> Vrchn\u00ed sestry<\/a><\/li>\n<li id=\"menu-item-20218\" class=\"static-link menu-item menu-item-type-post_type menu-item-object-page menu-item-20218\"><a href=\"https:\/\/webnemji.azurewebsites.net\/en\/kontakty\/ekonomicke-oddeleni\/\" data-ps2id-api=\"true\"><i class=\"fa-solid fa-coins\"><\/i> Ekonomick\u00e9 odd\u011blen\u00ed<\/a><\/li>\n<li id=\"menu-item-22746\" class=\"static-link menu-item menu-item-type-post_type menu-item-object-page menu-item-22746\"><a href=\"https:\/\/webnemji.azurewebsites.net\/en\/kontakty\/technicky-usek\/\" data-ps2id-api=\"true\"><i class=\"fa-solid fa-gears\"><\/i> Technick\u00fd \u00fasek<\/a><\/li>\n<li id=\"menu-item-20133\" class=\"static-link menu-item menu-item-type-post_type menu-item-object-page menu-item-20133\"><a href=\"https:\/\/webnemji.azurewebsites.net\/en\/kontakty\/tiskova-mluvci\/\" data-ps2id-api=\"true\"><i class=\"fa-solid fa-microphone-lines\"><\/i> Tiskov\u00e1 mluv\u010d\u00ed<\/a><\/li>\n<li id=\"menu-item-20139\" class=\"static-link menu-item menu-item-type-post_type menu-item-object-page menu-item-20139\"><a href=\"https:\/\/webnemji.azurewebsites.net\/en\/kontakty\/pravni-oddeleni\/\" data-ps2id-api=\"true\"><i class=\"fa-solid fa-scale-balanced\"><\/i> Pr\u00e1vn\u00ed odd\u011blen\u00ed<\/a><\/li>\n<li id=\"menu-item-20131\" class=\"static-link menu-item menu-item-type-post_type menu-item-object-page menu-item-20131\"><a href=\"https:\/\/webnemji.azurewebsites.net\/en\/kontakty\/socialni-pracovnici\/\" data-ps2id-api=\"true\"><i class=\"fa-solid fa-hand-holding-heart\"><\/i> Zdravotn\u011b soci\u00e1ln\u00ed pracovn\u00edci<\/a><\/li>\n<li id=\"menu-item-20135\" class=\"static-link menu-item menu-item-type-post_type menu-item-object-page menu-item-20135\"><a href=\"https:\/\/webnemji.azurewebsites.net\/en\/kontakty\/oddeleni-interniho-auditu-a-kontroly\/\" data-ps2id-api=\"true\"><i class=\"fa-solid fa-magnifying-glass\"><\/i> Odd\u011blen\u00ed intern\u00edho auditu a kontroly<\/a><\/li>\n<li id=\"menu-item-20179\" class=\"static-link menu-item menu-item-type-post_type menu-item-object-page menu-item-20179\"><a href=\"https:\/\/webnemji.azurewebsites.net\/en\/kontakty\/usek-ict\/\" data-ps2id-api=\"true\"><i class=\"fa-solid fa-computer\"><\/i> \u00dasek ICT<\/a><\/li>\n<\/ul><\/div><\/aside><div class=\"cl\"><\/div>\n<\/div>\n<\/div><\/div>\n<div id=\"cmsmasters_column_k7vlyuz4yq\" class=\"cmsmasters_column two_third\">\n<div class=\"cmsmasters_column_inner\"><div id=\"cmsmasters_heading_eskars7vjj\" class=\"cmsmasters_heading_wrap cmsmasters_heading_align_left\">\n\t<h2 class=\"cmsmasters_heading\">Tiskov\u00e1 mluv\u010d\u00ed<\/h2>\n<\/div><div id=\"cmsmasters_divider_m0qz0ktwob\" class=\"cmsmasters_divider cmsmasters_divider_width_short cmsmasters_divider_pos_left\"><\/div><div class=\"cmsmasters_text personalni-obsazeni\">\n<div class=\"abcfslGridCntr personalni-obsazeni abcfslMLRAuto slv174_t19992_L abcfslGridCntr_19992\"><div class=\"abcfslItemCntrLst abcfslPadBMB30 abcfClrFix\" style=\"padding-bottom: 0;\"><div class=\"abcfslLstCol abcfslLstCol-4 abcfslImgColLst\"><div class=\"abcfslImgCntrLst abcfslMLRPc\"><a href=\"https:\/\/www.nemji.cz\/profil\/zachrlova\/\" target=\"_blank\" rel=\"noopener\"><img decoding=\"async\"  src=\"\/wp-content\/uploads\/2023\/09\/mnf_00000375pas-797x1024.jpg\" class=\"ProfileImage\" alt=\"Mgr. Monika Zachrlov\u00e1\"  itemprop=\"image\"  \/><\/a><\/div><\/div><div class=\"abcfslLstCol abcfslLstCol-8 abcfslTxtColLst\"><div class=\"abcfslTxtCntrLst  abcfslPadLPc5\" style=\"padding-left: 20px;\"><h4 class=\"abcfslF18_6 MP-F1\"><span class=\"abcfslSpanMP2\">Mgr. Monika <\/span><span class=\"abcfslSpanMP1\">Zachrlov\u00e1 <\/span><\/h4><h5 class=\"abcfslF14_6 T-F2\">Tiskov\u00e1 mluv\u010d\u00ed<\/h5><div class=\"abcfslMT10  abcfslF14 profile-department-link CE-F8\"><p><a href=\"\/kontakty\/tiskova-mluvci\/\">Tiskov\u00e1 mluv\u010d\u00ed<\/a>, <a href=\"\/kontakty\/vedeni-nemocnice\/\">Veden\u00ed nemocnice<\/a><\/p>\n<\/div><div class=\"abcfslMT5  abcfslF14 LT-F5\"><span><i class=\"fa-solid fa-envelope\"><\/i>\u00a0&nbsp;<\/span><span class=\"profile-department-link\"><a href=\"mailto:zachrlovam@nemji.cz\">zachrlovam@nemji.cz<\/a><\/span><\/div><div class=\"abcfslMT5  abcfslF14 LT-F4\"><span><i class=\"fa-solid fa-phone\"><\/i>\u00a0&nbsp;<\/span><span class=\"profile-department-link\"><a href=\"tel:+420567157887\">+420 567 157 887<\/a><br>\u00a0\u00a0\u00a0\u00a0\u00a0\u00a0<a href=\"tel:+420739481478\">+420 739 481 478<\/a><\/span><\/div><\/div><\/div><\/div><\/div>\n<\/div>\n<\/div><\/div>\n<\/div>\n<\/div>\n<\/div>\n<\/div>\n<\/div>\n\n","protected":false},"excerpt":{"rendered":"","protected":false},"author":1,"featured_media":20117,"parent":19937,"menu_order":0,"comment_status":"closed","ping_status":"closed","template":"","meta":{"pgc_sgb_lightbox_settings":"","footnotes":"","_links_to":"","_links_to_target":""},"categories":[193],"class_list":["post-20118","page","type-page","status-publish","has-post-thumbnail","hentry","category-page-kontakty"],"publishpress_future_action":{"enabled":false,"date":"2026-04-15 01:50:56","action":"change-status","newStatus":"draft","terms":[],"taxonomy":"category","extraData":[]},"publishpress_future_workflow_manual_trigger":{"enabledWorkflows":[]},"_links":{"self":[{"href":"https:\/\/webnemji.azurewebsites.net\/en\/wp-json\/wp\/v2\/pages\/20118","targetHints":{"allow":["GET"]}}],"collection":[{"href":"https:\/\/webnemji.azurewebsites.net\/en\/wp-json\/wp\/v2\/pages"}],"about":[{"href":"https:\/\/webnemji.azurewebsites.net\/en\/wp-json\/wp\/v2\/types\/page"}],"author":[{"embeddable":true,"href":"https:\/\/webnemji.azurewebsites.net\/en\/wp-json\/wp\/v2\/users\/1"}],"replies":[{"embeddable":true,"href":"https:\/\/webnemji.azurewebsites.net\/en\/wp-json\/wp\/v2\/comments?post=20118"}],"version-history":[{"count":0,"href":"https:\/\/webnemji.azurewebsites.net\/en\/wp-json\/wp\/v2\/pages\/20118\/revisions"}],"up":[{"embeddable":true,"href":"https:\/\/webnemji.azurewebsites.net\/en\/wp-json\/wp\/v2\/pages\/19937"}],"wp:featuredmedia":[{"embeddable":true,"href":"https:\/\/webnemji.azurewebsites.net\/en\/wp-json\/wp\/v2\/media\/20117"}],"wp:attachment":[{"href":"https:\/\/webnemji.azurewebsites.net\/en\/wp-json\/wp\/v2\/media?parent=20118"}],"wp:term":[{"taxonomy":"category","embeddable":true,"href":"https:\/\/webnemji.azurewebsites.net\/en\/wp-json\/wp\/v2\/categories?post=20118"}],"curies":[{"name":"wp","href":"https:\/\/api.w.org\/{rel}","templated":true}]}}