{"id":20955,"date":"2023-10-03T10:52:41","date_gmt":"2023-10-03T08:52:41","guid":{"rendered":"https:\/\/nemji.rs-kovarik.cz\/?page_id=20955"},"modified":"2023-11-01T13:44:25","modified_gmt":"2023-11-01T12:44:25","slug":"nadstandardni-sluzby","status":"publish","type":"page","link":"https:\/\/webnemji.azurewebsites.net\/en\/oddeleni\/urologicke-oddeleni\/nadstandardni-sluzby\/","title":{"rendered":"Premium services"},"content":{"rendered":"<div id=\"cmsmasters_row_6iluctg3hk\" class=\"cmsmasters_row cmsmasters_color_scheme_default cmsmasters_row_top_default cmsmasters_row_bot_default cmsmasters_row_boxed\">\n<div class=\"cmsmasters_row_outer_parent\">\n<div class=\"cmsmasters_row_overlay\"><\/div>\n<div class=\"cmsmasters_row_outer\">\n<div class=\"cmsmasters_row_inner\">\n<div class=\"cmsmasters_row_margin\">\n<div id=\"cmsmasters_column_sybg7he2sg\" class=\"cmsmasters_column one_first\">\n<div class=\"cmsmasters_column_inner\"><div id=\"cmsmasters_heading_b3c74b95a0\" class=\"cmsmasters_heading_wrap cmsmasters_heading_align_center pageheadingtitle\">\n\t<h1 class=\"cmsmasters_heading\">Urologick\u00e9 odd\u011blen\u00ed<\/h1>\n<\/div>\n<\/div><\/div>\n<\/div>\n<\/div>\n<\/div>\n<\/div>\n<\/div>\n<div id=\"cmsmasters_row_ly5ze1hf8e\" class=\"cmsmasters_row cmsmasters_color_scheme_default cmsmasters_row_top_default cmsmasters_row_bot_default cmsmasters_row_boxed\">\n<div class=\"cmsmasters_row_outer_parent\">\n<div class=\"cmsmasters_row_outer\">\n<div class=\"cmsmasters_row_inner\">\n<div class=\"cmsmasters_row_margin\">\n<div id=\"cmsmasters_column_v67ee6nvg7\" class=\"cmsmasters_column one_first\">\n<div class=\"cmsmasters_column_inner\"><div class=\"cmsmasters_text\">\n<p><nav aria-label=\"breadcrumbs\">\n            <div class=\"breadcrumb-container theme1\">\n                <ol>\n                                    <\/ol>\n            <\/div>\n        <\/nav>    <script type=\"application\/ld+json\">\n        {\n            \"@context\": \"http:\/\/schema.org\",\n            \"@type\": \"BreadcrumbList\",\n            \"itemListElement\": [\n                            ]\n        }\n    <\/script>\n   \n    <script>\n            <\/script>\n<\/p>\n<\/div>\n<\/div><\/div>\n<\/div>\n<\/div>\n<\/div>\n<\/div>\n<\/div>\n<div id=\"cmsmasters_row_3f2f8816dd\" class=\"cmsmasters_row cmsmasters_color_scheme_default cmsmasters_row_top_default cmsmasters_row_bot_default cmsmasters_row_boxed\">\n<div class=\"cmsmasters_row_outer_parent\">\n<div class=\"cmsmasters_row_outer\">\n<div class=\"cmsmasters_row_inner\">\n<div class=\"cmsmasters_row_margin\">\n<div id=\"cmsmasters_column_0a1c5940f5\" class=\"cmsmasters_column one_third stickyinfocolumn\">\n<div class=\"cmsmasters_column_inner\"><div id=\"cmsmasters_heading_rva6m2t32d\" class=\"cmsmasters_heading_wrap cmsmasters_heading_align_center\">\n\t<h3 class=\"cmsmasters_heading\">Informace o odd\u011blen\u00ed<\/h3>\n<\/div>\n<div id=\"cmsmasters_divider_dpp34mcdj5\" class=\"cmsmasters_divider cmsmasters_divider_width_short cmsmasters_divider_pos_center\"><\/div>\n<div class=\"cmsmasters_sidebar sidebar_layout_11 sidebar-custom-menu\"><aside id=\"nav_menu-22\" class=\"widget widget_nav_menu\"><div class=\"menu-oddeleni-url-container\"><ul id=\"menu-oddeleni-url\" class=\"menu\"><li id=\"menu-item-20475\" class=\"menu-item menu-item-type-custom menu-item-object-custom menu-item-20475\"><a href=\"\/oddeleni\/urologicke-oddeleni\/#popis-oddeleni\" data-ps2id-api=\"true\"><i class=\"fa-solid fa-info\"><\/i> Popis odd\u011blen\u00ed<\/a><\/li>\n<li id=\"menu-item-20476\" class=\"menu-item menu-item-type-custom menu-item-object-custom menu-item-20476\"><a href=\"\/oddeleni\/urologicke-oddeleni\/#personalni-obsazeni\" data-ps2id-api=\"true\"><i class=\"fa-solid fa-user-doctor\"><\/i> Person\u00e1ln\u00ed obsazen\u00ed<\/a><\/li>\n<li id=\"menu-item-20477\" class=\"menu-item menu-item-type-custom menu-item-object-custom menu-item-20477\"><a href=\"\/oddeleni\/urologicke-oddeleni\/#oteviraci-hodiny\" data-ps2id-api=\"true\"><i class=\"fa-regular fa-clock\"><\/i> Ordina\u010dn\u00ed hodiny<\/a><\/li>\n<li id=\"menu-item-20479\" class=\"menu-item menu-item-type-custom menu-item-object-custom menu-item-20479\"><a href=\"\/oddeleni\/urologicke-oddeleni\/#kontaktni-informace\" data-ps2id-api=\"true\"><i class=\"fa-solid fa-phone\"><\/i> Kontaktn\u00ed informace<\/a><\/li>\n<li id=\"menu-item-20480\" class=\"menu-item menu-item-type-custom menu-item-object-custom menu-item-20480\"><a href=\"\/oddeleni\/urologicke-oddeleni\/#kde-nas-najdete\" data-ps2id-api=\"true\"><i class=\"fa-solid fa-location-dot\"><\/i> Kde n\u00e1s najdete<\/a><\/li>\n<li id=\"menu-item-20481\" class=\"menu-item menu-item-type-custom menu-item-object-custom menu-item-20481\"><a href=\"\/oddeleni\/urologicke-oddeleni\/#fotogalerie\" data-ps2id-api=\"true\"><i class=\"fa-solid fa-camera\"><\/i> Fotogalerie<\/a><\/li>\n<li id=\"menu-item-20482\" class=\"menu-custom-separator menu-item menu-item-type-custom menu-item-object-custom menu-item-20482\"><hr class=\"mhm-menu-separator\"><\/li>\n<li id=\"menu-item-20523\" class=\"static-link menu-item menu-item-type-custom menu-item-object-custom menu-item-20523\"><a href=\"\/oddeleni\/urologicke-oddeleni\/urologicke-ambulance\/\" data-ps2id-api=\"true\"><i class=\"fa-solid fa-house-medical\"><\/i> Ambulance<\/a><\/li>\n<li id=\"menu-item-21753\" class=\"static-link menu-item menu-item-type-custom menu-item-object-custom menu-item-21753\"><a href=\"\/oddeleni\/urologicke-oddeleni\/luzkova-cast\/\" data-ps2id-api=\"true\"><i class=\"fa-solid fa-bed-pulse\"><\/i> L\u016f\u017ekov\u00e1 \u010d\u00e1st<\/a><\/li>\n<li id=\"menu-item-20484\" class=\"static-link menu-item menu-item-type-custom menu-item-object-custom menu-item-20484\"><a href=\"\/oddeleni\/urologicke-oddeleni\/informovane-souhlasy\/\" data-ps2id-api=\"true\"><i class=\"fa-regular fa-circle-question\"><\/i> Informovan\u00e9 souhlasy<\/a><\/li>\n<li id=\"menu-item-20483\" class=\"static-link menu-item menu-item-type-custom menu-item-object-custom menu-item-20483\"><a href=\"\/oddeleni\/urologicke-oddeleni\/spektrum-pece\/\" data-ps2id-api=\"true\"><i class=\"fa-solid fa-stethoscope\"><\/i> Spektrum p\u00e9\u010de<\/a><\/li>\n<li id=\"menu-item-21028\" class=\"static-link menu-item menu-item-type-custom menu-item-object-custom menu-item-21028\"><a href=\"\/oddeleni\/urologicke-oddeleni\/nadstandardni-sluzby\/\" data-ps2id-api=\"true\"><i class=\"fa-solid fa-square-plus\"><\/i> Nadstandardn\u00ed slu\u017eby<\/a><\/li>\n<li id=\"menu-item-24694\" class=\"static-link menu-item menu-item-type-custom menu-item-object-custom menu-item-24694\"><a href=\"\/oddeleni\/urologicke-oddeleni\/cista-intermitentni-katetrizace\/\/\" data-ps2id-api=\"true\"><i class=\"fa-solid fa-toilet\"><\/i> \u010cist\u00e1 intermitentn\u00ed katetrizace<\/a><\/li>\n<\/ul><\/div><\/aside><div class=\"cl\"><\/div>\n<\/div>\n<\/div><\/div>\n<div id=\"cmsmasters_column_k7vlyuz4yq\" class=\"cmsmasters_column two_third\">\n<div class=\"cmsmasters_column_inner\"><div id=\"cmsmasters_heading_0cx4mcjjyd\" class=\"cmsmasters_heading_wrap cmsmasters_heading_align_left\">\n\t<h2 class=\"cmsmasters_heading\">Nadstandardn\u00ed slu\u017eby<\/h2>\n<\/div>\n<div id=\"cmsmasters_divider_hgdnxm8b9\" class=\"cmsmasters_divider cmsmasters_divider_width_short cmsmasters_divider_pos_left\"><\/div>\n<div class=\"cmsmasters_text\">\n<p style=\"font-weight: 400;\">Urologick\u00e9 odd\u011blen\u00ed disponuje jedn\u00edm pokojem s nadstandardn\u00edm vybaven\u00edm.<\/p>\n<p style=\"font-weight: 400;\">Nadstandardn\u00ed pokoj je vybaven vlastn\u00edm soci\u00e1ln\u00edm za\u0159\u00edzen\u00edm, TV, telefonem, lednic\u00ed, k\u0159esly. Pobyt na nadstandardn\u00edm pokoji je mo\u017eno p\u0159edem zamluvit na telefonn\u00edm \u010d\u00edsle \u00a0<strong>567 157 674<\/strong> nebo pak p\u0159\u00edmo p\u0159i p\u0159\u00edjmu.<\/p>\n<p><span style=\"font-weight: 400;\">Na cel\u00e9m odd\u011blen\u00ed je mo\u017enost p\u0159ipojen\u00ed p\u0159es syst\u00e9m Wi-Fi do s\u00edt\u011b Internet.<\/span><\/p>\n<div class=\"pgc-sgb-cb wp-block-pgcsimplygalleryblock-grid \" data-gallery-id=\"36328962\"><div class=\"sgb-preloader\" id=\"pr_36328962\">\n\t<div class=\"sgb-square\" style=\"background:#d4d4d4\"><\/div>\n\t<div class=\"sgb-square\" style=\"background:#d4d4d4\"><\/div>\n\t<div class=\"sgb-square\" style=\"background:#d4d4d4\"><\/div>\n\t<div class=\"sgb-square\" style=\"background:#d4d4d4\"><\/div><\/div><div class=\"simply-gallery-amp pgc_sgb_slider \"><noscript><div class=\"sgb-gallery\"><div class=\"sgb-item\"><a href=\"\/wp-content\/uploads\/2023\/11\/nadstand.jpg\"><img decoding=\"async\" alt=\"\" width=\"300\" height=\"225\" loading=\"lazy\" src=\"\/wp-content\/uploads\/2023\/11\/nadstand-300x225.jpg\" srcset=\"\/wp-content\/uploads\/2023\/11\/nadstand-300x225.jpg 300w,\/wp-content\/uploads\/2023\/11\/nadstand.jpg 734w\" sizes=\"auto, 250px\"\/><\/a><\/div><div class=\"sgb-item\"><a href=\"\/wp-content\/uploads\/2023\/11\/Image-35.jpg\"><img decoding=\"async\" alt=\"\" width=\"300\" height=\"300\" loading=\"lazy\" src=\"\/wp-content\/uploads\/2023\/11\/Image-35-300x300.jpg\" srcset=\"\/wp-content\/uploads\/2023\/11\/Image-35-300x300.jpg 300w,\/wp-content\/uploads\/2023\/11\/Image-35.jpg 890w\" sizes=\"auto, 250px\"\/><\/a><\/div><\/div><\/noscript><\/div><script type=\"application\/json\" class=\"sgb-data\">{\"collectionColumns\":4,\"thumbHieghtRation\":0.8,\"thumbSpacing\":10,\"thumbMobileSpacing\":10,\"externalLink\":false,\"captions\":false,\"captionHAlign\":\"bottom\",\"collectionthumbHoverTitleFontSize\":16,\"collectionthumbRoundedCorners\":20,\"collectionThumbSubMenuDownload\":false,\"collectionThumbSubMenuShare\":false,\"galleryType\":\"pgc_sgb_grid\",\"galleryId\":\"36328962\",\"images\":[{\"id\":25194,\"title\":\"nadstand\",\"url\":\"\/wp-content\/uploads\/2023\/11\/nadstand.jpg\",\"link\":\"https:\/\/test.nemji.cz\/pgc_simply_gallery\/url-nadstandard\/nadstand-2\/\",\"alt\":\"\",\"description\":\"\",\"caption\":\"\",\"mime\":\"image\/jpeg\",\"type\":\"image\",\"width\":734,\"height\":550,\"sizes\":{\"thumbnail\":{\"height\":150,\"width\":150,\"url\":\"\/wp-content\/uploads\/2023\/11\/nadstand-150x150.jpg\",\"orientation\":\"landscape\"},\"medium\":{\"height\":225,\"width\":300,\"url\":\"\/wp-content\/uploads\/2023\/11\/nadstand-300x225.jpg\",\"orientation\":\"landscape\"},\"full\":{\"url\":\"\/wp-content\/uploads\/2023\/11\/nadstand.jpg\",\"height\":550,\"width\":734,\"orientation\":\"landscape\"}},\"imageMeta\":{\"aperture\":\"0\",\"credit\":\"\",\"camera\":\"\",\"caption\":\"\",\"created_timestamp\":\"0\",\"copyright\":\"\",\"focal_length\":\"0\",\"iso\":\"0\",\"shutter_speed\":\"0\",\"title\":\"\",\"orientation\":\"0\",\"keywords\":[]},\"meta\":false},{\"id\":25192,\"title\":\"Image (35)\",\"url\":\"\/wp-content\/uploads\/2023\/11\/Image-35.jpg\",\"link\":\"https:\/\/test.nemji.cz\/pgc_simply_gallery\/url-nadstandard\/image-35-2\/\",\"alt\":\"\",\"description\":\"\",\"caption\":\"\",\"mime\":\"image\/jpeg\",\"type\":\"image\",\"width\":890,\"height\":890,\"sizes\":{\"thumbnail\":{\"height\":150,\"width\":150,\"url\":\"\/wp-content\/uploads\/2023\/11\/Image-35-150x150.jpg\",\"orientation\":\"landscape\"},\"medium\":{\"height\":300,\"width\":300,\"url\":\"\/wp-content\/uploads\/2023\/11\/Image-35-300x300.jpg\",\"orientation\":\"landscape\"},\"full\":{\"url\":\"\/wp-content\/uploads\/2023\/11\/Image-35.jpg\",\"height\":890,\"width\":890,\"orientation\":\"landscape\"}},\"imageMeta\":{\"aperture\":\"0\",\"credit\":\"\",\"camera\":\"\",\"caption\":\"\",\"created_timestamp\":\"0\",\"copyright\":\"\",\"focal_length\":\"0\",\"iso\":\"0\",\"shutter_speed\":\"0\",\"title\":\"\",\"orientation\":\"0\",\"keywords\":[]},\"meta\":false}],\"itemsMetaDataCollection\":[],\"useClobalSettings\":true,\"shareFacebook\":false,\"shareTwitter\":false,\"sharePinterest\":false,\"sliderItemDownload\":false,\"shareCopyLink\":false,\"sliderItemTitleEnable\":true,\"sliderItemTitleFontSize\":16,\"sliderSlideshow\":false,\"sliderSlideshowDelay\":6,\"sliderSocialShareEnabled\":false,\"TrpContentRestriction\":{\"restriction_type\":\"exclude\",\"selected_languages\":[],\"panel_open\":true}}<\/script><script>(function(){if(window.PGC_SGB && window.PGC_SGB.searcher){window.PGC_SGB.searcher.initBlocks()}})()<\/script><\/div>\n<p>&nbsp;<\/p>\n<\/div>\n<div class=\"cmsmasters_text\">\n<h5>Kompletn\u00ed cen\u00edk je zde:<\/h5>\n<\/div>\n<div class=\"cmsmasters_text download-links-small\">\n<div><a href=\"\/wp-content\/uploads\/2023\/08\/Cenik-2026-1-1.pdf\" target=\"_blank\" rel=\"noopener\">Cen\u00edk 2023<\/a><\/div>\n<div><\/div>\n<\/div>\n<\/div><\/div>\n<\/div>\n<\/div>\n<\/div>\n<\/div>\n<\/div>\n\n","protected":false},"excerpt":{"rendered":"","protected":false},"author":5,"featured_media":17132,"parent":19510,"menu_order":0,"comment_status":"closed","ping_status":"closed","template":"","meta":{"pgc_sgb_lightbox_settings":"","footnotes":"","_links_to":"","_links_to_target":""},"categories":[85],"class_list":["post-20955","page","type-page","status-publish","has-post-thumbnail","hentry","category-page-oddeleni"],"publishpress_future_action":{"enabled":false,"date":"2026-05-01 03:17:24","action":"change-status","newStatus":"draft","terms":[],"taxonomy":"category","extraData":[]},"publishpress_future_workflow_manual_trigger":{"enabledWorkflows":[]},"_links":{"self":[{"href":"https:\/\/webnemji.azurewebsites.net\/en\/wp-json\/wp\/v2\/pages\/20955","targetHints":{"allow":["GET"]}}],"collection":[{"href":"https:\/\/webnemji.azurewebsites.net\/en\/wp-json\/wp\/v2\/pages"}],"about":[{"href":"https:\/\/webnemji.azurewebsites.net\/en\/wp-json\/wp\/v2\/types\/page"}],"author":[{"embeddable":true,"href":"https:\/\/webnemji.azurewebsites.net\/en\/wp-json\/wp\/v2\/users\/5"}],"replies":[{"embeddable":true,"href":"https:\/\/webnemji.azurewebsites.net\/en\/wp-json\/wp\/v2\/comments?post=20955"}],"version-history":[{"count":0,"href":"https:\/\/webnemji.azurewebsites.net\/en\/wp-json\/wp\/v2\/pages\/20955\/revisions"}],"up":[{"embeddable":true,"href":"https:\/\/webnemji.azurewebsites.net\/en\/wp-json\/wp\/v2\/pages\/19510"}],"wp:featuredmedia":[{"embeddable":true,"href":"https:\/\/webnemji.azurewebsites.net\/en\/wp-json\/wp\/v2\/media\/17132"}],"wp:attachment":[{"href":"https:\/\/webnemji.azurewebsites.net\/en\/wp-json\/wp\/v2\/media?parent=20955"}],"wp:term":[{"taxonomy":"category","embeddable":true,"href":"https:\/\/webnemji.azurewebsites.net\/en\/wp-json\/wp\/v2\/categories?post=20955"}],"curies":[{"name":"wp","href":"https:\/\/api.w.org\/{rel}","templated":true}]}}