{"id":20959,"date":"2023-10-03T11:04:32","date_gmt":"2023-10-03T09:04:32","guid":{"rendered":"https:\/\/nemji.rs-kovarik.cz\/?page_id=20959"},"modified":"2025-08-06T07:35:32","modified_gmt":"2025-08-06T05:35:32","slug":"informovane-souhlasy","status":"publish","type":"page","link":"https:\/\/webnemji.azurewebsites.net\/en\/oddeleni\/urologicke-oddeleni\/informovane-souhlasy\/","title":{"rendered":"Informed consents"},"content":{"rendered":"<div id=\"cmsmasters_row_6iluctg3hk\" class=\"cmsmasters_row cmsmasters_color_scheme_default cmsmasters_row_top_default cmsmasters_row_bot_default cmsmasters_row_boxed\">\n<div class=\"cmsmasters_row_outer_parent\">\n<div class=\"cmsmasters_row_overlay\"><\/div>\n<div class=\"cmsmasters_row_outer\">\n<div class=\"cmsmasters_row_inner\">\n<div class=\"cmsmasters_row_margin\">\n<div id=\"cmsmasters_column_sybg7he2sg\" class=\"cmsmasters_column one_first\">\n<div class=\"cmsmasters_column_inner\"><div id=\"cmsmasters_heading_b3c74b95a0\" class=\"cmsmasters_heading_wrap cmsmasters_heading_align_center pageheadingtitle\">\n\t<h1 class=\"cmsmasters_heading\">Urologick\u00e9 odd\u011blen\u00ed<\/h1>\n<\/div>\n<\/div><\/div>\n<\/div>\n<\/div>\n<\/div>\n<\/div>\n<\/div>\n<div id=\"cmsmasters_row_ly5ze1hf8e\" class=\"cmsmasters_row cmsmasters_color_scheme_default cmsmasters_row_top_default cmsmasters_row_bot_default cmsmasters_row_boxed\">\n<div class=\"cmsmasters_row_outer_parent\">\n<div class=\"cmsmasters_row_outer\">\n<div class=\"cmsmasters_row_inner\">\n<div class=\"cmsmasters_row_margin\">\n<div id=\"cmsmasters_column_v67ee6nvg7\" class=\"cmsmasters_column one_first\">\n<div class=\"cmsmasters_column_inner\"><div class=\"cmsmasters_text\">\n<p><nav aria-label=\"breadcrumbs\">\n            <div class=\"breadcrumb-container theme1\">\n                <ol>\n                                    <\/ol>\n            <\/div>\n        <\/nav>    <script type=\"application\/ld+json\">\n        {\n            \"@context\": \"http:\/\/schema.org\",\n            \"@type\": \"BreadcrumbList\",\n            \"itemListElement\": [\n                            ]\n        }\n    <\/script>\n   \n    <script>\n            <\/script>\n<\/p>\n<\/div>\n<\/div><\/div>\n<\/div>\n<\/div>\n<\/div>\n<\/div>\n<\/div>\n<div id=\"cmsmasters_row_3f2f8816dd\" class=\"cmsmasters_row cmsmasters_color_scheme_default cmsmasters_row_top_default cmsmasters_row_bot_default cmsmasters_row_boxed\">\n<div class=\"cmsmasters_row_outer_parent\">\n<div class=\"cmsmasters_row_outer\">\n<div class=\"cmsmasters_row_inner\">\n<div class=\"cmsmasters_row_margin\">\n<div id=\"cmsmasters_column_0a1c5940f5\" class=\"cmsmasters_column one_third stickyinfocolumn\">\n<div class=\"cmsmasters_column_inner\"><div id=\"cmsmasters_heading_rva6m2t32d\" class=\"cmsmasters_heading_wrap cmsmasters_heading_align_center\">\n\t<h3 class=\"cmsmasters_heading\">Informace o odd\u011blen\u00ed<\/h3>\n<\/div>\n<div id=\"cmsmasters_divider_dpp34mcdj5\" class=\"cmsmasters_divider cmsmasters_divider_width_short cmsmasters_divider_pos_center\"><\/div>\n<div class=\"cmsmasters_sidebar sidebar_layout_11 sidebar-custom-menu\"><aside id=\"nav_menu-22\" class=\"widget widget_nav_menu\"><div class=\"menu-oddeleni-url-container\"><ul id=\"menu-oddeleni-url\" class=\"menu\"><li id=\"menu-item-20475\" class=\"menu-item menu-item-type-custom menu-item-object-custom menu-item-20475\"><a href=\"\/oddeleni\/urologicke-oddeleni\/#popis-oddeleni\" data-ps2id-api=\"true\"><i class=\"fa-solid fa-info\"><\/i> Popis odd\u011blen\u00ed<\/a><\/li>\n<li id=\"menu-item-20476\" class=\"menu-item menu-item-type-custom menu-item-object-custom menu-item-20476\"><a href=\"\/oddeleni\/urologicke-oddeleni\/#personalni-obsazeni\" data-ps2id-api=\"true\"><i class=\"fa-solid fa-user-doctor\"><\/i> Person\u00e1ln\u00ed obsazen\u00ed<\/a><\/li>\n<li id=\"menu-item-20477\" class=\"menu-item menu-item-type-custom menu-item-object-custom menu-item-20477\"><a href=\"\/oddeleni\/urologicke-oddeleni\/#oteviraci-hodiny\" data-ps2id-api=\"true\"><i class=\"fa-regular fa-clock\"><\/i> Ordina\u010dn\u00ed hodiny<\/a><\/li>\n<li id=\"menu-item-20479\" class=\"menu-item menu-item-type-custom menu-item-object-custom menu-item-20479\"><a href=\"\/oddeleni\/urologicke-oddeleni\/#kontaktni-informace\" data-ps2id-api=\"true\"><i class=\"fa-solid fa-phone\"><\/i> Kontaktn\u00ed informace<\/a><\/li>\n<li id=\"menu-item-20480\" class=\"menu-item menu-item-type-custom menu-item-object-custom menu-item-20480\"><a href=\"\/oddeleni\/urologicke-oddeleni\/#kde-nas-najdete\" data-ps2id-api=\"true\"><i class=\"fa-solid fa-location-dot\"><\/i> Kde n\u00e1s najdete<\/a><\/li>\n<li id=\"menu-item-20481\" class=\"menu-item menu-item-type-custom menu-item-object-custom menu-item-20481\"><a href=\"\/oddeleni\/urologicke-oddeleni\/#fotogalerie\" data-ps2id-api=\"true\"><i class=\"fa-solid fa-camera\"><\/i> Fotogalerie<\/a><\/li>\n<li id=\"menu-item-20482\" class=\"menu-custom-separator menu-item menu-item-type-custom menu-item-object-custom menu-item-20482\"><hr class=\"mhm-menu-separator\"><\/li>\n<li id=\"menu-item-20523\" class=\"static-link menu-item menu-item-type-custom menu-item-object-custom menu-item-20523\"><a href=\"\/oddeleni\/urologicke-oddeleni\/urologicke-ambulance\/\" data-ps2id-api=\"true\"><i class=\"fa-solid fa-house-medical\"><\/i> Ambulance<\/a><\/li>\n<li id=\"menu-item-21753\" class=\"static-link menu-item menu-item-type-custom menu-item-object-custom menu-item-21753\"><a href=\"\/oddeleni\/urologicke-oddeleni\/luzkova-cast\/\" data-ps2id-api=\"true\"><i class=\"fa-solid fa-bed-pulse\"><\/i> L\u016f\u017ekov\u00e1 \u010d\u00e1st<\/a><\/li>\n<li id=\"menu-item-20484\" class=\"static-link menu-item menu-item-type-custom menu-item-object-custom menu-item-20484\"><a href=\"\/oddeleni\/urologicke-oddeleni\/informovane-souhlasy\/\" data-ps2id-api=\"true\"><i class=\"fa-regular fa-circle-question\"><\/i> Informovan\u00e9 souhlasy<\/a><\/li>\n<li id=\"menu-item-20483\" class=\"static-link menu-item menu-item-type-custom menu-item-object-custom menu-item-20483\"><a href=\"\/oddeleni\/urologicke-oddeleni\/spektrum-pece\/\" data-ps2id-api=\"true\"><i class=\"fa-solid fa-stethoscope\"><\/i> Spektrum p\u00e9\u010de<\/a><\/li>\n<li id=\"menu-item-21028\" class=\"static-link menu-item menu-item-type-custom menu-item-object-custom menu-item-21028\"><a href=\"\/oddeleni\/urologicke-oddeleni\/nadstandardni-sluzby\/\" data-ps2id-api=\"true\"><i class=\"fa-solid fa-square-plus\"><\/i> Nadstandardn\u00ed slu\u017eby<\/a><\/li>\n<li id=\"menu-item-24694\" class=\"static-link menu-item menu-item-type-custom menu-item-object-custom menu-item-24694\"><a href=\"\/oddeleni\/urologicke-oddeleni\/cista-intermitentni-katetrizace\/\/\" data-ps2id-api=\"true\"><i class=\"fa-solid fa-toilet\"><\/i> \u010cist\u00e1 intermitentn\u00ed katetrizace<\/a><\/li>\n<\/ul><\/div><\/aside><div class=\"cl\"><\/div>\n<\/div>\n<\/div><\/div>\n<div id=\"cmsmasters_column_k7vlyuz4yq\" class=\"cmsmasters_column two_third\">\n<div class=\"cmsmasters_column_inner\"><div id=\"cmsmasters_heading_0cx4mcjjyd\" class=\"cmsmasters_heading_wrap cmsmasters_heading_align_left\">\n\t<h2 class=\"cmsmasters_heading\">Informovan\u00e9 souhlasy<\/h2>\n<\/div>\n<div id=\"cmsmasters_divider_hgdnxm8b9\" class=\"cmsmasters_divider cmsmasters_divider_width_short cmsmasters_divider_pos_left\"><\/div>\n<div class=\"cmsmasters_text uro-info-pro-pac\">\n<div><a href=\"\/wp-content\/uploads\/2023\/10\/Adelaidska-operace-hydrokely-u-ditete.pdf\" target=\"_blank\" rel=\"noopener\">Adelaidsk\u00e1 operace hydrok\u00e9ly u d\u00edt\u011bte<\/a><\/div>\n<div><a href=\"\/wp-content\/uploads\/2023\/10\/Adrenalektomie.pdf\" target=\"_blank\" rel=\"noopener\">Adrenalektomie<\/a><\/div>\n<div><a href=\"\/wp-content\/uploads\/2023\/10\/Amputace-penisu.pdf\" target=\"_blank\" rel=\"noopener\">Amputace penisu<\/a><\/div>\n<div><a href=\"\/wp-content\/uploads\/2023\/10\/Aplikace-ona-botulinumtoxinu-A.pdf\" target=\"_blank\" rel=\"noopener\">Aplikace ona-botulinumtoxinu A<\/a><\/div>\n<div><a href=\"\/wp-content\/uploads\/2023\/10\/ARGUS-male-sling.pdf\" target=\"_blank\" rel=\"noopener\">ARGUS male sling<\/a><\/div>\n<div><a href=\"\/wp-content\/uploads\/2023\/10\/Ascendentni-ureteropyelografie.pdf\" target=\"_blank\" rel=\"noopener\">Ascendentn\u00ed ureteropyelografie<\/a><\/div>\n<div><a href=\"\/wp-content\/uploads\/2023\/10\/Bulking-agents.pdf\" target=\"_blank\" rel=\"noopener\">Bulking agents<\/a><\/div>\n<div><a href=\"\/wp-content\/uploads\/2023\/10\/Cirkumcize.pdf\" target=\"_blank\" rel=\"noopener\">Cirkumcize<\/a><\/div>\n<div><a href=\"\/wp-content\/uploads\/2023\/10\/Cystolitotrypse.pdf\" target=\"_blank\" rel=\"noopener\">Cystolitotrypse<\/a><\/div>\n<div><a href=\"\/wp-content\/uploads\/2023\/10\/Cystouretroskopie-a-extrakce-stentu.pdf\" target=\"_blank\" rel=\"noopener\">Cystouretroskopie a extrakce stentu<\/a><\/div>\n<div><a href=\"\/wp-content\/uploads\/2023\/10\/Cystouretroskopie.pdf\" target=\"_blank\" rel=\"noopener\">Cystouretroskopie<\/a><\/div>\n<div><a href=\"\/wp-content\/uploads\/2023\/10\/Elektrostimulace-eTNM.pdf\" target=\"_blank\" rel=\"noopener\">Elektrostimulace eTNM<\/a><\/div>\n<div><a href=\"\/wp-content\/uploads\/2023\/10\/Elektrostimulace-PTNS.pdf\" target=\"_blank\" rel=\"noopener\">Elektrostimulace PTNS<\/a><\/div>\n<div><a href=\"\/wp-content\/uploads\/2023\/10\/Epididymektomie.pdf\" target=\"_blank\" rel=\"noopener\">Epididymektomie<\/a><\/div>\n<div><a href=\"\/wp-content\/uploads\/2023\/10\/Frenuloplastika.pdf\" target=\"_blank\" rel=\"noopener\">Frenuloplastika<\/a><br \/>\n<a href=\"\/wp-content\/uploads\/2025\/02\/Holmiova-laserova-enukleace-prostaty-HoLEP.pdf\" target=\"_blank\" rel=\"noopener\">Holmiov\u00e1 laserov\u00e1 enukleace prostaty (HoLEP)<\/a><\/div>\n<div><a href=\"\/wp-content\/uploads\/2024\/10\/Implantace-umeleho-sverace.pdf\" target=\"_blank\" rel=\"noopener\">Implantace um\u011bl\u00e9ho sv\u011bra\u010de<\/a><br \/>\n<a href=\"\/wp-content\/uploads\/2023\/10\/Instilace-BCG-vakciny-do-mocoveho-mechyre.pdf\" target=\"_blank\" rel=\"noopener\">Instilace BCG vakc\u00edny do mo\u010dov\u00e9ho m\u011bch\u00fd\u0159e<\/a><\/div>\n<div><a href=\"\/wp-content\/uploads\/2023\/10\/Kalibrace-a-dilatace-mocove-trubice.pdf\" target=\"_blank\" rel=\"noopener\">Kalibrace a dilatace mo\u010dov\u00e9 trubice<\/a><\/div>\n<div><a href=\"\/wp-content\/uploads\/2023\/10\/Laparoskopicka-marsupializace-cysty-ledviny.pdf\" target=\"_blank\" rel=\"noopener\">Laparoskopick\u00e1 marsupializace cysty ledviny<\/a><\/div>\n<div><a href=\"\/wp-content\/uploads\/2023\/10\/Laparoskopicka-nefrektomie.pdf\" target=\"_blank\" rel=\"noopener\">Laparoskopick\u00e1 nefrektomie<\/a><\/div>\n<div><a href=\"\/wp-content\/uploads\/2023\/10\/Lumbalni-nefrektomie.pdf\" target=\"_blank\" rel=\"noopener\">Lumb\u00e1ln\u00ed nefrektomie<\/a><\/div>\n<div><a href=\"\/wp-content\/uploads\/2023\/10\/Meatotomie.pdf\" target=\"_blank\" rel=\"noopener\">Meatotomie<\/a><\/div>\n<div><a href=\"\/wp-content\/uploads\/2023\/10\/Mesh-operace.pdf\" target=\"_blank\" rel=\"noopener\">Mesh operace<\/a><\/div>\n<div><a href=\"\/wp-content\/uploads\/2023\/10\/Mikrochirurgicka-operace-varikokely.pdf\" target=\"_blank\" rel=\"noopener\">Mikrochirurgick\u00e1 operace varikokely<\/a><\/div>\n<div><a href=\"\/wp-content\/uploads\/2023\/10\/Nefroureterektomie.pdf\" target=\"_blank\" rel=\"noopener\">Nefroureterektomie<\/a><\/div>\n<div><a href=\"\/wp-content\/uploads\/2023\/10\/Okluze-vezikovaginalni-pistele.pdf\" target=\"_blank\" rel=\"noopener\">Okluze vezikovagin\u00e1ln\u00ed p\u00ed\u0161t\u011ble<\/a><br \/>\n<a href=\"\/wp-content\/uploads\/2024\/10\/Operace-distalni-hypospadie-TIP-dle-Snodgrasse.pdf\" target=\"_blank\" rel=\"noopener\">Operace dist\u00e1ln\u00ed hypospadie TIP dle Snodgrasse<\/a><\/div>\n<div><a href=\"\/wp-content\/uploads\/2023\/10\/Opakovane-dispenzarni-cystouretroskopicke-kontroly-u-nadoru-mocoveho-mechyre.pdf\" target=\"_blank\" rel=\"noopener\">Opakovan\u00e9 dispenz\u00e1rn\u00ed cystouretroskopick\u00e9 kontroly u n\u00e1doru mo\u010dov\u00e9ho m\u011bch\u00fd\u0159e<\/a><\/div>\n<div><a href=\"\/wp-content\/uploads\/2023\/10\/Operace-hydrokely.pdf\" target=\"_blank\" rel=\"noopener\">Operace hydrokely<\/a><\/div>\n<div><a href=\"\/wp-content\/uploads\/2023\/10\/Operace-spermatokely.pdf\" target=\"_blank\" rel=\"noopener\">Operace spermatokely<\/a><\/div>\n<div><a href=\"\/wp-content\/uploads\/2023\/10\/Operacni-revize-sourku.pdf\" target=\"_blank\" rel=\"noopener\">Opera\u010dn\u00ed revize \u0161ourku<\/a><\/div>\n<div><a href=\"\/wp-content\/uploads\/2023\/10\/Opticka-uretrotomie.pdf\" target=\"_blank\" rel=\"noopener\">Optick\u00e1 uretrotomie<\/a><br \/>\n<a href=\"\/wp-content\/uploads\/2024\/10\/Orchidopexe.pdf\" target=\"_blank\" rel=\"noopener\">Orchidopexe<\/a><\/div>\n<div><a href=\"\/wp-content\/uploads\/2023\/10\/Orchiektomie-odstraneni-varlete.pdf\" target=\"_blank\" rel=\"noopener\">Orchiektomie (odstran\u011bn\u00ed varlete)<\/a><\/div>\n<div><a href=\"\/wp-content\/uploads\/2023\/10\/Otevrena-prostatektomie.pdf\">Otev\u0159en\u00e1 prostatektomie<\/a><\/div>\n<div><a href=\"\/wp-content\/uploads\/2023\/10\/Perinealni-uretrostomie.pdf\" target=\"_blank\" rel=\"noopener\">Perine\u00e1ln\u00ed uretrostomie<\/a><\/div>\n<div><a href=\"\/wp-content\/uploads\/2023\/10\/Perkutanni-extrakce-konkrementu-z-ledviny.pdf\" target=\"_blank\" rel=\"noopener\">Perkut\u00e1nn\u00ed extrakce konkrementu z ledviny<\/a><\/div>\n<div><a href=\"\/wp-content\/uploads\/2023\/10\/Podani-patentni-modri.pdf\" target=\"_blank\" rel=\"noopener\">Pod\u00e1n\u00ed patentn\u00ed mod\u0159i<\/a><\/div>\n<div><a href=\"\/wp-content\/uploads\/2023\/10\/Pubofascialni-sling.pdf\" target=\"_blank\" rel=\"noopener\">Pubofasci\u00e1ln\u00ed sling<\/a><\/div>\n<div><a href=\"\/wp-content\/uploads\/2023\/10\/Punkcni-epicystostomie.pdf\" target=\"_blank\" rel=\"noopener\">Punk\u010dn\u00ed epicystostomie<\/a><br \/>\n<a href=\"\/wp-content\/uploads\/2024\/10\/Punkcni-nefrostomie.pdf\" target=\"_blank\" rel=\"noopener\">Punk\u010dn\u00ed nefrostomie<\/a><\/div>\n<div><a href=\"\/wp-content\/uploads\/2023\/10\/Pyeloplastika.pdf\" target=\"_blank\" rel=\"noopener\">Pyeloplastika<\/a><\/div>\n<div><a href=\"\/wp-content\/uploads\/2023\/10\/Radikalni-cystektomie.pdf\" target=\"_blank\" rel=\"noopener\">Radik\u00e1ln\u00ed cystektomie<\/a><\/div>\n<div><a href=\"\/wp-content\/uploads\/2023\/10\/Radikalni-orchiektomie.pdf\" target=\"_blank\" rel=\"noopener\">Radik\u00e1ln\u00ed orchiektomie<\/a><\/div>\n<div><a href=\"\/wp-content\/uploads\/2023\/10\/Radikalni-prostatektomie.pdf\" target=\"_blank\" rel=\"noopener\">Radik\u00e1ln\u00ed prostatektomie<\/a><br \/>\n<a href=\"\/wp-content\/uploads\/2025\/04\/Rekonstrukce-zadni\u0301-uretry.pdf\" target=\"_blank\" rel=\"noopener\">Rekonstrukce zadn\u00ed uretry<\/a><\/div>\n<div><a href=\"\/wp-content\/uploads\/2023\/10\/Resekce-nadoru-ledviny.pdf\" target=\"_blank\" rel=\"noopener\">Resekce n\u00e1doru ledviny<\/a><br \/>\n<a href=\"\/wp-content\/uploads\/2024\/10\/Roboticky-asistovana-nefroureterektomie.pdf\" target=\"_blank\" rel=\"noopener\">Roboticky asistovan\u00e1 nefroureterektomie<\/a><br \/>\n<a href=\"\/wp-content\/uploads\/2025\/06\/Roboticky-asistovana-okluze-vezikovaginalni-pistele.pdf\" target=\"_blank\" rel=\"noopener\">Roboticky asistovan\u00e1 okluze vezikovagin\u00e1ln\u00ed p\u00ed\u0161t\u011ble<\/a><br \/>\n<a href=\"\/wp-content\/uploads\/2024\/10\/Roboticky-asistovana-pyeloplastika-dVPP-1.pdf\" target=\"_blank\" rel=\"noopener\">Roboticky asistovan\u00e1 pyeloplastika dVPP 1<\/a><\/div>\n<div><a href=\"\/wp-content\/uploads\/2023\/10\/Roboticky-asistovana-radikalni-prostatektomie-.pdf\" target=\"_blank\" rel=\"noopener\">Roboticky asistovan\u00e1 radik\u00e1ln\u00ed prostatektomie<\/a><\/div>\n<div><a href=\"\/wp-content\/uploads\/2023\/10\/Roboticky-asistovana-resekce-ledviny.pdf\" target=\"_blank\" rel=\"noopener\">Roboticky asistovan\u00e1 resekce ledviny<\/a><\/div>\n<div><a href=\"\/wp-content\/uploads\/2025\/08\/Sakralni-neuromodulace.pdf\" target=\"_blank\" rel=\"noopener\">Sakr\u00e1ln\u00ed neuromodulace<\/a><br \/>\n<a href=\"\/wp-content\/uploads\/2023\/10\/Sneseni-kondylomat.pdf\" target=\"_blank\" rel=\"noopener\">Snesen\u00ed kondylomat<\/a><\/div>\n<div><a href=\"\/wp-content\/uploads\/2023\/10\/Transobturatorni-paska.pdf\" target=\"_blank\" rel=\"noopener\">Transobturatorn\u00ed p\u00e1ska<\/a><\/div>\n<div><a href=\"\/wp-content\/uploads\/2023\/10\/Transperitonealni-nefrektomie.pdf\" target=\"_blank\" rel=\"noopener\">Transperitone\u00e1ln\u00ed nefrektomie<\/a><br \/>\n<a href=\"\/wp-content\/uploads\/2025\/02\/Transuretralni-bipolarni-enukleace-prostaty-TUBEP.pdf\" target=\"_blank\" rel=\"noopener\">Transuretr\u00e1ln\u00ed bipol\u00e1rn\u00ed enukleace prostaty (TUBEP)<\/a><\/div>\n<div><a href=\"\/wp-content\/uploads\/2023\/10\/TRUS-a-punkcni-biopsie-prostaty.pdf\" target=\"_blank\" rel=\"noopener\">TRUS a punk\u010dn\u00ed biopsie prostaty<\/a><\/div>\n<div><a href=\"\/wp-content\/uploads\/2023\/10\/TUR-hrdla-moc.-mechyre_.pdf\" target=\"_blank\" rel=\"noopener\">TUR hrdla mo\u010d. m\u011bch\u00fd\u0159e<\/a><\/div>\n<div><a href=\"\/wp-content\/uploads\/2023\/10\/TUR-B-resekce-nadoru-moc.-mechyre.pdf\" target=\"_blank\" rel=\"noopener\">TUR-B resekce n\u00e1doru mo\u010d. m\u011bch\u00fd\u0159e<\/a><\/div>\n<div><a href=\"\/wp-content\/uploads\/2023\/10\/TUR-P-resekce-zbytnele-prostaty.pdf\" target=\"_blank\" rel=\"noopener\">TUR-P resekce zbytn\u011bl\u00e9 prostaty<\/a><br \/>\n<a href=\"\/wp-content\/uploads\/2025\/02\/Uprava-adjustace-ARGUS-male-slingu.pdf\" target=\"_blank\" rel=\"noopener\">\u00daprava (adjustace) ARGUS male slingu<\/a><\/div>\n<div><a href=\"\/wp-content\/uploads\/2023\/10\/Ureterocystoneoanastomoza.pdf\" target=\"_blank\" rel=\"noopener\">Ureterocystoneoanastom\u00f3za<\/a><\/div>\n<div><a href=\"\/wp-content\/uploads\/2023\/10\/Ureterorenoskopie.pdf\" target=\"_blank\" rel=\"noopener\">Ureterorenoskopie<\/a><\/div>\n<div><a href=\"\/wp-content\/uploads\/2023\/10\/Uretrografie-a-mikcni-cystouretrografie.pdf\" target=\"_blank\" rel=\"noopener\">Uretrografie a mik\u010dn\u00ed cystouretrografie<\/a><\/div>\n<div><a href=\"\/wp-content\/uploads\/2023\/10\/Uretroplastika-u-muze.pdf\" target=\"_blank\" rel=\"noopener\">Uretroplastika u mu\u017ee<\/a><\/div>\n<div><a href=\"\/wp-content\/uploads\/2023\/10\/Uretroplastika-u-zeny.pdf\" target=\"_blank\" rel=\"noopener\">Uretroplastika u \u017eeny<\/a><\/div>\n<div><a href=\"\/wp-content\/uploads\/2023\/10\/Urodynamicke-vysetreni.pdf\" target=\"_blank\" rel=\"noopener\">Urodynamick\u00e9 vy\u0161et\u0159en\u00ed<\/a><\/div>\n<div><a href=\"\/wp-content\/uploads\/2023\/10\/Vazektomie-zadost.pdf\" target=\"_blank\" rel=\"noopener\">Vazektomie \u017e\u00e1dost<\/a><\/div>\n<div><a href=\"\/wp-content\/uploads\/2023\/10\/Vazektomie.pdf\" target=\"_blank\" rel=\"noopener\">Vazektomie<\/a><\/div>\n<div><a href=\"\/wp-content\/uploads\/2023\/10\/Zavedeni-zlatych-zrn-do-prostaty.pdf\" target=\"_blank\" rel=\"noopener\">Zaveden\u00ed zlat\u00fdch zrn do prostaty<\/a><\/div>\n<\/div>\n<\/div><\/div>\n<\/div>\n<\/div>\n<\/div>\n<\/div>\n<\/div>\n\n","protected":false},"excerpt":{"rendered":"","protected":false},"author":1,"featured_media":17132,"parent":19510,"menu_order":0,"comment_status":"closed","ping_status":"closed","template":"","meta":{"pgc_sgb_lightbox_settings":"","footnotes":"","_links_to":"","_links_to_target":""},"categories":[85],"class_list":["post-20959","page","type-page","status-publish","has-post-thumbnail","hentry","category-page-oddeleni"],"publishpress_future_action":{"enabled":false,"date":"2026-04-13 13:42:34","action":"change-status","newStatus":"draft","terms":[],"taxonomy":"category","extraData":[]},"publishpress_future_workflow_manual_trigger":{"enabledWorkflows":[]},"_links":{"self":[{"href":"https:\/\/webnemji.azurewebsites.net\/en\/wp-json\/wp\/v2\/pages\/20959","targetHints":{"allow":["GET"]}}],"collection":[{"href":"https:\/\/webnemji.azurewebsites.net\/en\/wp-json\/wp\/v2\/pages"}],"about":[{"href":"https:\/\/webnemji.azurewebsites.net\/en\/wp-json\/wp\/v2\/types\/page"}],"author":[{"embeddable":true,"href":"https:\/\/webnemji.azurewebsites.net\/en\/wp-json\/wp\/v2\/users\/1"}],"replies":[{"embeddable":true,"href":"https:\/\/webnemji.azurewebsites.net\/en\/wp-json\/wp\/v2\/comments?post=20959"}],"version-history":[{"count":0,"href":"https:\/\/webnemji.azurewebsites.net\/en\/wp-json\/wp\/v2\/pages\/20959\/revisions"}],"up":[{"embeddable":true,"href":"https:\/\/webnemji.azurewebsites.net\/en\/wp-json\/wp\/v2\/pages\/19510"}],"wp:featuredmedia":[{"embeddable":true,"href":"https:\/\/webnemji.azurewebsites.net\/en\/wp-json\/wp\/v2\/media\/17132"}],"wp:attachment":[{"href":"https:\/\/webnemji.azurewebsites.net\/en\/wp-json\/wp\/v2\/media?parent=20959"}],"wp:term":[{"taxonomy":"category","embeddable":true,"href":"https:\/\/webnemji.azurewebsites.net\/en\/wp-json\/wp\/v2\/categories?post=20959"}],"curies":[{"name":"wp","href":"https:\/\/api.w.org\/{rel}","templated":true}]}}