{"id":21642,"date":"2023-10-06T14:12:39","date_gmt":"2023-10-06T12:12:39","guid":{"rendered":"https:\/\/nemji.rs-kovarik.cz\/?page_id=21642"},"modified":"2023-11-21T13:48:54","modified_gmt":"2023-11-21T12:48:54","slug":"kariera","status":"publish","type":"page","link":"https:\/\/webnemji.azurewebsites.net\/en\/kariera\/","title":{"rendered":"Career"},"content":{"rendered":"<div id=\"cmsmasters_row_ksciwp6ujf\" class=\"cmsmasters_row cmsmasters_color_scheme_default heroblocks cmsmasters_row_top_default cmsmasters_row_bot_default cmsmasters_row_boxed\">\n<div id=\"heroboxes\" class=\"cmsmasters_row_outer_parent\">\n<div class=\"cmsmasters_row_overlay\"><\/div>\n<div class=\"cmsmasters_row_outer\">\n<div class=\"cmsmasters_row_inner\">\n<div class=\"cmsmasters_row_margin\">\n<div id=\"cmsmasters_column_bxgnwqgwt\" class=\"cmsmasters_column one_first\">\n<div class=\"cmsmasters_column_inner\"><div id=\"cmsmasters_heading_mkdgjovddq\" class=\"cmsmasters_heading_wrap cmsmasters_heading_align_center pageheadingtitle\" data-animation=\"fadeIn\" data-delay=\"100\">\n\t<h1 class=\"cmsmasters_heading\">Kari\u00e9ra<\/h1>\n<\/div><div id=\"cmsmasters_heading_gb7vg9rtje\" class=\"cmsmasters_heading_wrap cmsmasters_heading_align_center\" data-animation=\"fadeIn\" data-delay=\"150\">\n\t<h3 class=\"cmsmasters_heading\">Voln\u00e9 pracovn\u00ed pozice<\/h3>\n<\/div>\n<\/div><\/div>\n<\/div>\n<\/div>\n<\/div>\n<\/div>\n<\/div>\n<div id=\"cmsmasters_row_bj7zxjapxj\" class=\"cmsmasters_row cmsmasters_color_scheme_default cmsmasters_row_top_default cmsmasters_row_bot_default cmsmasters_row_boxed\">\n<div class=\"cmsmasters_row_outer_parent\">\n<div class=\"cmsmasters_row_outer\">\n<div class=\"cmsmasters_row_inner\">\n<div class=\"cmsmasters_row_margin\">\n<div id=\"cmsmasters_column_22eksm2374\" class=\"cmsmasters_column one_first\">\n<div class=\"cmsmasters_column_inner\"><div class=\"cmsmasters_text\">\n<p><nav aria-label=\"breadcrumbs\">\n            <div class=\"breadcrumb-container theme1\">\n                <ol>\n                                    <\/ol>\n            <\/div>\n        <\/nav>    <script type=\"application\/ld+json\">\n        {\n            \"@context\": \"http:\/\/schema.org\",\n            \"@type\": \"BreadcrumbList\",\n            \"itemListElement\": [\n                            ]\n        }\n    <\/script>\n   \n    <script>\n            <\/script>\n<\/p>\n<\/div>\n<\/div><\/div>\n<\/div>\n<\/div>\n<\/div>\n<\/div>\n<\/div>\n<div id=\"cmsmasters_row_ldf2o8mry4\" class=\"cmsmasters_row cmsmasters_color_scheme_default cmsmasters_row_top_default cmsmasters_row_bot_default cmsmasters_row_boxed\">\n<div class=\"cmsmasters_row_outer_parent\">\n<div class=\"cmsmasters_row_outer\">\n<div class=\"cmsmasters_row_inner\">\n<div class=\"cmsmasters_row_margin\">\n<div id=\"cmsmasters_column_gg7lw4yg2b\" class=\"cmsmasters_column one_third stickyinfocolumn\">\n<div class=\"cmsmasters_column_inner\"><div id=\"cmsmasters_heading_p15yq2mpjk\" class=\"cmsmasters_heading_wrap cmsmasters_heading_align_center\">\n\t<h3 class=\"cmsmasters_heading\">Kari\u00e9ra<\/h3>\n<\/div>\n<div id=\"cmsmasters_divider_l6t6q1gvwr\" class=\"cmsmasters_divider cmsmasters_divider_width_short cmsmasters_divider_pos_center\"><\/div>\n<div class=\"cmsmasters_sidebar sidebar_layout_11 sidebar-custom-menu\"><aside id=\"nav_menu-25\" class=\"widget widget_nav_menu\"><div class=\"menu-kariera-container\"><ul id=\"menu-kariera\" class=\"menu\"><li id=\"menu-item-21649\" class=\"static-link menu-item menu-item-type-custom menu-item-object-custom menu-item-21649\"><a href=\"\/kariera\/\" data-ps2id-api=\"true\"><i class=\"fa-solid fa-id-card-clip\"><\/i> Kari\u00e9ra<\/a><\/li>\n<li id=\"menu-item-21650\" class=\"static-link menu-item menu-item-type-custom menu-item-object-custom menu-item-21650\"><a href=\"\/kariera\/stipendium\" data-ps2id-api=\"true\"><i class=\"fa-solid fa-graduation-cap\"><\/i> Stipendium<\/a><\/li>\n<li id=\"menu-item-21651\" class=\"static-link menu-item menu-item-type-custom menu-item-object-custom menu-item-21651\"><a href=\"\/kariera\/volne-pracovni-pozice\/\" data-ps2id-api=\"true\"><i class=\"fa-solid fa-file-contract\"><\/i> Voln\u00e9 pracovn\u00ed pozice<\/a><\/li>\n<\/ul><\/div><\/aside><div class=\"cl\"><\/div>\n<\/div>\n<\/div><\/div>\n<div id=\"cmsmasters_column_rf5nlcobhl\" class=\"cmsmasters_column two_third\">\n<div class=\"cmsmasters_column_inner\"><div id=\"cmsmasters_heading_tkvja2wsw\" class=\"cmsmasters_heading_wrap cmsmasters_heading_align_left\">\n\t<h2 class=\"cmsmasters_heading\">Kari\u00e9ra<\/h2>\n<\/div>\n<div id=\"cmsmasters_divider_al0t253cl\" class=\"cmsmasters_divider cmsmasters_divider_width_short cmsmasters_divider_pos_left\"><\/div>\n<div class=\"cmsmasters_text\">\n<p>Zdravotn\u00ed slu\u017eby obecn\u011b za\u017e\u00edvaj\u00ed velk\u00fd nedostatek person\u00e1lu. I my hled\u00e1me do na\u0161eho kolektivu nov\u00e9 kolegyn\u011b a kolegy se z\u00e1jmem o pr\u00e1ci v ekonomicky stabiln\u00ed nemocnici s modern\u00edm vybaven\u00edm.<\/p>\n<p>Pro l\u00e9ka\u0159e\/l\u00e9ka\u0159ky nab\u00edz\u00edme specializa\u010dn\u00ed vzd\u011bl\u00e1v\u00e1n\u00ed na akreditovan\u00fdch pracovi\u0161t\u00edch.<\/p>\n<h5><strong>U nel\u00e9ka\u0159sk\u00e9ho person\u00e1lu se m\u016f\u017eete p\u0159ihl\u00e1sit na tyto pracovn\u00ed pozice:<\/strong><\/h5>\n<ul>\n<li>V\u0161eobecn\u00e1 sestra<\/li>\n<li>Fyzioterapeut<\/li>\n<li>Radiologick\u00fd asistent<\/li>\n<li>Praktick\u00e1 sestra<\/li>\n<\/ul>\n<p>&nbsp;<\/p>\n<h5><strong><span class=\"ui-provider ee caz btk cba cbb cbc cbd cbe cbf cbg cbh cbi cbj cbk cbl cbm cbn cbo cbp cbq cbr cbs cbt cbu cbv cbw cbx cby cbz cca ccb ccc ccd cce ccf\" dir=\"ltr\">Popt\u00e1v\u00e1me i nezdravotnick\u00fd person\u00e1l. Do nov\u011b zrekonstruovan\u00e9ho stravovac\u00edch provozu, kter\u00e9 m\u00e1 nejmodern\u011bj\u0161\u00ed technick\u00e9 vybaven\u00ed, hled\u00e1me tyto pracovn\u00ed pozice:<\/span><\/strong><\/h5>\n<ul>\n<li>Kucha\u0159e\/kucha\u0159ky<\/li>\n<li>Pomocn\u00e9 kucha\u0159e\/kucha\u0159ky<\/li>\n<\/ul>\n<\/div>\n<div class=\"cmsmasters_text msform-links\">\n<p>&nbsp;<\/p>\n<p>V p\u0159\u00edpad\u011b z\u00e1jmu vypl\u0148te tento formul\u00e1\u0159:<\/p>\n<p><a href=\"https:\/\/forms.office.com\/r\/5ywwFbeeTA\" target=\"_blank\" rel=\"noopener\">Formul\u00e1\u0159 pro z\u00e1jemce o zam\u011bstn\u00e1n\u00ed<\/a><\/p>\n<\/div>\n<\/div><\/div>\n<\/div>\n<\/div>\n<\/div>\n<\/div>\n<\/div>\n\n","protected":false},"excerpt":{"rendered":"","protected":false},"author":1,"featured_media":21643,"parent":0,"menu_order":0,"comment_status":"closed","ping_status":"closed","template":"","meta":{"pgc_sgb_lightbox_settings":"","footnotes":"","_links_to":"","_links_to_target":""},"categories":[],"class_list":["post-21642","page","type-page","status-publish","has-post-thumbnail","hentry"],"publishpress_future_action":{"enabled":false,"date":"2026-04-14 15:39:53","action":"change-status","newStatus":"draft","terms":[],"taxonomy":"category","extraData":[]},"publishpress_future_workflow_manual_trigger":{"enabledWorkflows":[]},"_links":{"self":[{"href":"https:\/\/webnemji.azurewebsites.net\/en\/wp-json\/wp\/v2\/pages\/21642","targetHints":{"allow":["GET"]}}],"collection":[{"href":"https:\/\/webnemji.azurewebsites.net\/en\/wp-json\/wp\/v2\/pages"}],"about":[{"href":"https:\/\/webnemji.azurewebsites.net\/en\/wp-json\/wp\/v2\/types\/page"}],"author":[{"embeddable":true,"href":"https:\/\/webnemji.azurewebsites.net\/en\/wp-json\/wp\/v2\/users\/1"}],"replies":[{"embeddable":true,"href":"https:\/\/webnemji.azurewebsites.net\/en\/wp-json\/wp\/v2\/comments?post=21642"}],"version-history":[{"count":0,"href":"https:\/\/webnemji.azurewebsites.net\/en\/wp-json\/wp\/v2\/pages\/21642\/revisions"}],"wp:featuredmedia":[{"embeddable":true,"href":"https:\/\/webnemji.azurewebsites.net\/en\/wp-json\/wp\/v2\/media\/21643"}],"wp:attachment":[{"href":"https:\/\/webnemji.azurewebsites.net\/en\/wp-json\/wp\/v2\/media?parent=21642"}],"wp:term":[{"taxonomy":"category","embeddable":true,"href":"https:\/\/webnemji.azurewebsites.net\/en\/wp-json\/wp\/v2\/categories?post=21642"}],"curies":[{"name":"wp","href":"https:\/\/api.w.org\/{rel}","templated":true}]}}