{"id":21694,"date":"2023-10-09T09:05:59","date_gmt":"2023-10-09T07:05:59","guid":{"rendered":"https:\/\/nemji.rs-kovarik.cz\/?page_id=21694"},"modified":"2023-11-15T07:40:44","modified_gmt":"2023-11-15T06:40:44","slug":"nadstandard","status":"publish","type":"page","link":"https:\/\/webnemji.azurewebsites.net\/en\/oddeleni\/rehabilitacni-oddeleni\/nadstandard\/","title":{"rendered":"Premium services"},"content":{"rendered":"<div id=\"cmsmasters_row_6iluctg3hk\" class=\"cmsmasters_row cmsmasters_color_scheme_default cmsmasters_row_top_default cmsmasters_row_bot_default cmsmasters_row_boxed\">\n<div class=\"cmsmasters_row_outer_parent\">\n<div class=\"cmsmasters_row_overlay\"><\/div>\n<div class=\"cmsmasters_row_outer\">\n<div class=\"cmsmasters_row_inner\">\n<div class=\"cmsmasters_row_margin\">\n<div id=\"cmsmasters_column_sybg7he2sg\" class=\"cmsmasters_column one_first\">\n<div class=\"cmsmasters_column_inner\"><div id=\"cmsmasters_heading_b3c74b95a0\" class=\"cmsmasters_heading_wrap cmsmasters_heading_align_center pageheadingtitle\">\n\t<h1 class=\"cmsmasters_heading\">Rehabilita\u010dn\u00ed odd\u011blen\u00ed<\/h1>\n<\/div>\n<\/div><\/div>\n<\/div>\n<\/div>\n<\/div>\n<\/div>\n<\/div>\n<div id=\"cmsmasters_row_ly5ze1hf8e\" class=\"cmsmasters_row cmsmasters_color_scheme_default cmsmasters_row_top_default cmsmasters_row_bot_default cmsmasters_row_boxed\">\n<div class=\"cmsmasters_row_outer_parent\">\n<div class=\"cmsmasters_row_outer\">\n<div class=\"cmsmasters_row_inner\">\n<div class=\"cmsmasters_row_margin\">\n<div id=\"cmsmasters_column_v67ee6nvg7\" class=\"cmsmasters_column one_first\">\n<div class=\"cmsmasters_column_inner\"><div class=\"cmsmasters_text\">\n<p><nav aria-label=\"breadcrumbs\">\n            <div class=\"breadcrumb-container theme1\">\n                <ol>\n                                    <\/ol>\n            <\/div>\n        <\/nav>    <script type=\"application\/ld+json\">\n        {\n            \"@context\": \"http:\/\/schema.org\",\n            \"@type\": \"BreadcrumbList\",\n            \"itemListElement\": [\n                            ]\n        }\n    <\/script>\n   \n    <script>\n            <\/script>\n<\/p>\n<\/div>\n<\/div><\/div>\n<\/div>\n<\/div>\n<\/div>\n<\/div>\n<\/div>\n<div id=\"cmsmasters_row_3f2f8816dd\" class=\"cmsmasters_row cmsmasters_color_scheme_default cmsmasters_row_top_default cmsmasters_row_bot_default cmsmasters_row_boxed\">\n<div class=\"cmsmasters_row_outer_parent\">\n<div class=\"cmsmasters_row_outer\">\n<div class=\"cmsmasters_row_inner\">\n<div class=\"cmsmasters_row_margin\">\n<div id=\"cmsmasters_column_0a1c5940f5\" class=\"cmsmasters_column one_third stickyinfocolumn\">\n<div class=\"cmsmasters_column_inner\"><div id=\"cmsmasters_heading_rva6m2t32d\" class=\"cmsmasters_heading_wrap cmsmasters_heading_align_center\">\n\t<h3 class=\"cmsmasters_heading\">Informace o odd\u011blen\u00ed<\/h3>\n<\/div>\n<div id=\"cmsmasters_divider_dpp34mcdj5\" class=\"cmsmasters_divider cmsmasters_divider_width_short cmsmasters_divider_pos_center\"><\/div>\n<div class=\"cmsmasters_sidebar sidebar_layout_11 sidebar-custom-menu\"><aside id=\"nav_menu-24\" class=\"widget widget_nav_menu\"><div class=\"menu-oddeleni-rehabilitace-container\"><ul id=\"menu-oddeleni-rehabilitace\" class=\"menu\"><li id=\"menu-item-21554\" class=\"menu-item menu-item-type-custom menu-item-object-custom menu-item-21554\"><a href=\"\/oddeleni\/rehabilitacni-oddeleni\/#popis-oddeleni\" data-ps2id-api=\"true\"><i class=\"fa-solid fa-info\"><\/i> Popis odd\u011blen\u00ed<\/a><\/li>\n<li id=\"menu-item-21555\" class=\"menu-item menu-item-type-custom menu-item-object-custom menu-item-21555\"><a href=\"\/oddeleni\/rehabilitacni-oddeleni\/#personalni-obsazeni\" data-ps2id-api=\"true\"><i class=\"fa-solid fa-user-doctor\"><\/i> Person\u00e1ln\u00ed obsazen\u00ed<\/a><\/li>\n<li id=\"menu-item-21556\" class=\"menu-item menu-item-type-custom menu-item-object-custom menu-item-21556\"><a href=\"\/oddeleni\/rehabilitacni-oddeleni\/#ordinacni-hodiny\" data-ps2id-api=\"true\"><i class=\"fa-solid fa-door-open\"><\/i> Ordina\u010dn\u00ed hodiny<\/a><\/li>\n<li id=\"menu-item-21557\" class=\"menu-item menu-item-type-custom menu-item-object-custom menu-item-21557\"><a href=\"\/oddeleni\/rehabilitacni-oddeleni\/#kontaktni-informace\" data-ps2id-api=\"true\"><i class=\"fa-solid fa-phone\"><\/i> Kontaktn\u00ed informace<\/a><\/li>\n<li id=\"menu-item-21558\" class=\"menu-item menu-item-type-custom menu-item-object-custom menu-item-21558\"><a href=\"\/oddeleni\/rehabilitacni-oddeleni\/#kde-nas-najdete\" data-ps2id-api=\"true\"><i class=\"fa-solid fa-location-dot\"><\/i> Kde n\u00e1s najdete<\/a><\/li>\n<li id=\"menu-item-21559\" class=\"menu-item menu-item-type-custom menu-item-object-custom menu-item-21559\"><a href=\"\/oddeleni\/rehabilitacni-oddeleni\/#fotogalerie\" data-ps2id-api=\"true\"><i class=\"fa-solid fa-camera\"><\/i> Fotogalerie<\/a><\/li>\n<li id=\"menu-item-21560\" class=\"menu-custom-separator menu-item menu-item-type-custom menu-item-object-custom menu-item-21560\"><hr class=\"mhm-menu-separator\"><\/li>\n<li id=\"menu-item-21881\" class=\"static-link menu-item menu-item-type-custom menu-item-object-custom menu-item-21881\"><a href=\"\/oddeleni\/rehabilitacni-oddeleni\/rehabilitace-ambulance\/\" data-ps2id-api=\"true\"><i class=\"fa-solid fa-house-medical\"><\/i> Ambulance<\/a><\/li>\n<li id=\"menu-item-21562\" class=\"static-link menu-item menu-item-type-custom menu-item-object-custom menu-item-21562\"><a href=\"\/oddeleni\/rehabilitacni-oddeleni\/nadstandard\/\" data-ps2id-api=\"true\"><i class=\"fa-solid fa-square-plus\"><\/i> Nadstandardn\u00ed slu\u017eby<\/a><\/li>\n<li id=\"menu-item-21563\" class=\"static-link menu-item menu-item-type-custom menu-item-object-custom menu-item-21563\"><a href=\"\/oddeleni\/rehabilitacni-oddeleni\/spektrum\/\" data-ps2id-api=\"true\"><i class=\"fa-solid fa-stethoscope\"><\/i> Spektrum p\u00e9\u010de<\/a><\/li>\n<li id=\"menu-item-21564\" class=\"static-link menu-item menu-item-type-custom menu-item-object-custom menu-item-21564\"><a href=\"\/oddeleni\/rehabilitacni-oddeleni\/informace-pro-pacienty\/\" data-ps2id-api=\"true\"><i class=\"fa-regular fa-circle-question\"><\/i> Informace pro pacienty<\/a><\/li>\n<\/ul><\/div><\/aside><div class=\"cl\"><\/div>\n<\/div>\n<\/div><\/div>\n<div id=\"cmsmasters_column_k7vlyuz4yq\" class=\"cmsmasters_column two_third\">\n<div class=\"cmsmasters_column_inner\"><div id=\"cmsmasters_heading_0cx4mcjjyd\" class=\"cmsmasters_heading_wrap cmsmasters_heading_align_left\">\n\t<h2 class=\"cmsmasters_heading\">Nadstandardn\u00ed slu\u017eby<\/h2>\n<\/div>\n<div id=\"cmsmasters_divider_kul4awri6m\" class=\"cmsmasters_divider cmsmasters_divider_width_short cmsmasters_divider_pos_left\"><\/div>\n<div class=\"cmsmasters_text\">\n<p>V\u00e1\u017een\u00ed pacienti, na\u0161e rehabilita\u010dn\u00ed l\u016f\u017ekov\u00e1 \u010d\u00e1st disponuje jednol\u016f\u017ekov\u00fdm nadstandardn\u00edm pokojem. Je vybaven polohovac\u00edm l\u016f\u017ekem, pohodln\u00fdm k\u0159eslem, \u017eidl\u00ed, stole\u010dkem, sk\u0159\u00edn\u00ed, lednic\u00ed a varnou konvic\u00ed a TV. M\u00e1 vlastn\u00ed soci\u00e1ln\u00ed z\u00e1zem\u00ed a balk\u00f3n a je hrazen klientem.<\/p>\n<p>Dal\u0161\u00ed poskytovan\u00e9 nadstandardn\u00ed slu\u017eby najdete v obecn\u00e9m cen\u00edku <a href=\"\/wp-content\/uploads\/2023\/08\/Cenik-2026-1.pdf\" target=\"_blank\" rel=\"noopener\"><span style=\"text-decoration: underline;\"><strong>ZDE<\/strong><\/span><\/a>.<\/p>\n<\/div>\n<div class=\"cmsmasters_text\">\n<div class=\"pgc-sgb-cb wp-block-pgcsimplygalleryblock-grid \" data-gallery-id=\"36328962\"><div class=\"sgb-preloader\" id=\"pr_36328962\">\n\t<div class=\"sgb-square\" style=\"background:#d4d4d4\"><\/div>\n\t<div class=\"sgb-square\" style=\"background:#d4d4d4\"><\/div>\n\t<div class=\"sgb-square\" style=\"background:#d4d4d4\"><\/div>\n\t<div class=\"sgb-square\" style=\"background:#d4d4d4\"><\/div><\/div><div class=\"simply-gallery-amp pgc_sgb_slider \"><noscript><div class=\"sgb-gallery\"><div class=\"sgb-item\"><a href=\"https:\/\/nemji.rs-kovarik.cz\/?attachment_id=21733\" target=\"_blank\"><img decoding=\"async\" alt=\"\" width=\"300\" height=\"225\" loading=\"lazy\" src=\"\/wp-content\/uploads\/2023\/10\/Image-4-300x225.jpg\" srcset=\"\/wp-content\/uploads\/2023\/10\/Image-4-300x225.jpg 300w,\/wp-content\/uploads\/2023\/10\/Image-4.jpg 734w\" sizes=\"auto, 250px\"\/><\/a><\/div><div class=\"sgb-item\"><a href=\"https:\/\/nemji.rs-kovarik.cz\/?attachment_id=21734\" target=\"_blank\"><img decoding=\"async\" alt=\"\" width=\"300\" height=\"225\" loading=\"lazy\" src=\"\/wp-content\/uploads\/2023\/10\/Image-5-300x225.jpg\" srcset=\"\/wp-content\/uploads\/2023\/10\/Image-5-300x225.jpg 300w,\/wp-content\/uploads\/2023\/10\/Image-5.jpg 734w\" sizes=\"auto, 250px\"\/><\/a><\/div><div class=\"sgb-item\"><a href=\"https:\/\/nemji.rs-kovarik.cz\/?attachment_id=21735\" target=\"_blank\"><img decoding=\"async\" alt=\"\" width=\"300\" height=\"225\" loading=\"lazy\" src=\"\/wp-content\/uploads\/2023\/10\/Image-6-300x225.jpg\" srcset=\"\/wp-content\/uploads\/2023\/10\/Image-6-300x225.jpg 300w,\/wp-content\/uploads\/2023\/10\/Image-6.jpg 734w\" sizes=\"auto, 250px\"\/><\/a><\/div><div class=\"sgb-item\"><a href=\"https:\/\/nemji.rs-kovarik.cz\/?attachment_id=21736\" target=\"_blank\"><img decoding=\"async\" alt=\"\" width=\"225\" height=\"300\" loading=\"lazy\" src=\"\/wp-content\/uploads\/2023\/10\/Image-7-225x300.jpg\" srcset=\"\/wp-content\/uploads\/2023\/10\/Image-7-225x300.jpg 225w,\/wp-content\/uploads\/2023\/10\/Image-7.jpg 734w\" sizes=\"auto, 250px\"\/><\/a><\/div><div class=\"sgb-item\"><a href=\"https:\/\/nemji.rs-kovarik.cz\/?attachment_id=21737\" target=\"_blank\"><img decoding=\"async\" alt=\"\" width=\"225\" height=\"300\" loading=\"lazy\" src=\"\/wp-content\/uploads\/2023\/10\/Image-8-225x300.jpg\" srcset=\"\/wp-content\/uploads\/2023\/10\/Image-8-225x300.jpg 225w,\/wp-content\/uploads\/2023\/10\/Image-8.jpg 734w\" sizes=\"auto, 250px\"\/><\/a><\/div><\/div><\/noscript><\/div><script type=\"application\/json\" class=\"sgb-data\">{\"collectionColumns\":4,\"thumbHieghtRation\":0.8,\"thumbSpacing\":10,\"thumbMobileSpacing\":10,\"externalLink\":false,\"captions\":false,\"captionHAlign\":\"bottom\",\"collectionthumbHoverTitleFontSize\":16,\"collectionthumbRoundedCorners\":20,\"collectionThumbSubMenuDownload\":false,\"collectionThumbSubMenuShare\":false,\"galleryType\":\"pgc_sgb_grid\",\"galleryId\":\"36328962\",\"images\":[{\"id\":21733,\"title\":\"Image (4)\",\"url\":\"\/wp-content\/uploads\/2023\/10\/Image-4.jpg\",\"link\":\"https:\/\/nemji.rs-kovarik.cz\/?attachment_id=21733\",\"alt\":\"\",\"description\":\"\",\"caption\":\"\",\"mime\":\"image\/jpeg\",\"type\":\"image\",\"width\":734,\"height\":550,\"sizes\":{\"thumbnail\":{\"height\":150,\"width\":150,\"url\":\"\/wp-content\/uploads\/2023\/10\/Image-4-150x150.jpg\",\"orientation\":\"landscape\"},\"medium\":{\"height\":225,\"width\":300,\"url\":\"\/wp-content\/uploads\/2023\/10\/Image-4-300x225.jpg\",\"orientation\":\"landscape\"},\"full\":{\"url\":\"\/wp-content\/uploads\/2023\/10\/Image-4.jpg\",\"height\":550,\"width\":734,\"orientation\":\"landscape\"}},\"imageMeta\":{\"aperture\":\"0\",\"credit\":\"\",\"camera\":\"\",\"caption\":\"\",\"created_timestamp\":\"0\",\"copyright\":\"\",\"focal_length\":\"0\",\"iso\":\"0\",\"shutter_speed\":\"0\",\"title\":\"\",\"orientation\":\"0\",\"keywords\":[]},\"meta\":false,\"postlink\":\"https:\/\/nemji.rs-kovarik.cz\/?attachment_id=21733\"},{\"id\":21734,\"title\":\"Image (5)\",\"url\":\"\/wp-content\/uploads\/2023\/10\/Image-5.jpg\",\"link\":\"https:\/\/nemji.rs-kovarik.cz\/?attachment_id=21734\",\"alt\":\"\",\"description\":\"\",\"caption\":\"\",\"mime\":\"image\/jpeg\",\"type\":\"image\",\"width\":734,\"height\":550,\"sizes\":{\"thumbnail\":{\"height\":150,\"width\":150,\"url\":\"\/wp-content\/uploads\/2023\/10\/Image-5-150x150.jpg\",\"orientation\":\"landscape\"},\"medium\":{\"height\":225,\"width\":300,\"url\":\"\/wp-content\/uploads\/2023\/10\/Image-5-300x225.jpg\",\"orientation\":\"landscape\"},\"full\":{\"url\":\"\/wp-content\/uploads\/2023\/10\/Image-5.jpg\",\"height\":550,\"width\":734,\"orientation\":\"landscape\"}},\"imageMeta\":{\"aperture\":\"0\",\"credit\":\"\",\"camera\":\"\",\"caption\":\"\",\"created_timestamp\":\"0\",\"copyright\":\"\",\"focal_length\":\"0\",\"iso\":\"0\",\"shutter_speed\":\"0\",\"title\":\"\",\"orientation\":\"0\",\"keywords\":[]},\"meta\":false,\"postlink\":\"https:\/\/nemji.rs-kovarik.cz\/?attachment_id=21734\"},{\"id\":21735,\"title\":\"Image (6)\",\"url\":\"\/wp-content\/uploads\/2023\/10\/Image-6.jpg\",\"link\":\"https:\/\/nemji.rs-kovarik.cz\/?attachment_id=21735\",\"alt\":\"\",\"description\":\"\",\"caption\":\"\",\"mime\":\"image\/jpeg\",\"type\":\"image\",\"width\":734,\"height\":550,\"sizes\":{\"thumbnail\":{\"height\":150,\"width\":150,\"url\":\"\/wp-content\/uploads\/2023\/10\/Image-6-150x150.jpg\",\"orientation\":\"landscape\"},\"medium\":{\"height\":225,\"width\":300,\"url\":\"\/wp-content\/uploads\/2023\/10\/Image-6-300x225.jpg\",\"orientation\":\"landscape\"},\"full\":{\"url\":\"\/wp-content\/uploads\/2023\/10\/Image-6.jpg\",\"height\":550,\"width\":734,\"orientation\":\"landscape\"}},\"imageMeta\":{\"aperture\":\"0\",\"credit\":\"\",\"camera\":\"\",\"caption\":\"\",\"created_timestamp\":\"0\",\"copyright\":\"\",\"focal_length\":\"0\",\"iso\":\"0\",\"shutter_speed\":\"0\",\"title\":\"\",\"orientation\":\"0\",\"keywords\":[]},\"meta\":false,\"postlink\":\"https:\/\/nemji.rs-kovarik.cz\/?attachment_id=21735\"},{\"id\":21736,\"title\":\"Image (7)\",\"url\":\"\/wp-content\/uploads\/2023\/10\/Image-7.jpg\",\"link\":\"https:\/\/nemji.rs-kovarik.cz\/?attachment_id=21736\",\"alt\":\"\",\"description\":\"\",\"caption\":\"\",\"mime\":\"image\/jpeg\",\"type\":\"image\",\"width\":734,\"height\":978,\"sizes\":{\"thumbnail\":{\"height\":150,\"width\":150,\"url\":\"\/wp-content\/uploads\/2023\/10\/Image-7-150x150.jpg\",\"orientation\":\"landscape\"},\"medium\":{\"height\":300,\"width\":225,\"url\":\"\/wp-content\/uploads\/2023\/10\/Image-7-225x300.jpg\",\"orientation\":\"portrait\"},\"full\":{\"url\":\"\/wp-content\/uploads\/2023\/10\/Image-7.jpg\",\"height\":978,\"width\":734,\"orientation\":\"portrait\"}},\"imageMeta\":{\"aperture\":\"0\",\"credit\":\"\",\"camera\":\"\",\"caption\":\"\",\"created_timestamp\":\"0\",\"copyright\":\"\",\"focal_length\":\"0\",\"iso\":\"0\",\"shutter_speed\":\"0\",\"title\":\"\",\"orientation\":\"0\",\"keywords\":[]},\"meta\":false,\"postlink\":\"https:\/\/nemji.rs-kovarik.cz\/?attachment_id=21736\"},{\"id\":21737,\"title\":\"Image (8)\",\"url\":\"\/wp-content\/uploads\/2023\/10\/Image-8.jpg\",\"link\":\"https:\/\/nemji.rs-kovarik.cz\/?attachment_id=21737\",\"alt\":\"\",\"description\":\"\",\"caption\":\"\",\"mime\":\"image\/jpeg\",\"type\":\"image\",\"width\":734,\"height\":978,\"sizes\":{\"thumbnail\":{\"height\":150,\"width\":150,\"url\":\"\/wp-content\/uploads\/2023\/10\/Image-8-150x150.jpg\",\"orientation\":\"landscape\"},\"medium\":{\"height\":300,\"width\":225,\"url\":\"\/wp-content\/uploads\/2023\/10\/Image-8-225x300.jpg\",\"orientation\":\"portrait\"},\"full\":{\"url\":\"\/wp-content\/uploads\/2023\/10\/Image-8.jpg\",\"height\":978,\"width\":734,\"orientation\":\"portrait\"}},\"imageMeta\":{\"aperture\":\"0\",\"credit\":\"\",\"camera\":\"\",\"caption\":\"\",\"created_timestamp\":\"0\",\"copyright\":\"\",\"focal_length\":\"0\",\"iso\":\"0\",\"shutter_speed\":\"0\",\"title\":\"\",\"orientation\":\"0\",\"keywords\":[]},\"meta\":false,\"postlink\":\"https:\/\/nemji.rs-kovarik.cz\/?attachment_id=21737\"}],\"itemsMetaDataCollection\":[],\"useClobalSettings\":true,\"shareFacebook\":false,\"shareTwitter\":false,\"sharePinterest\":false,\"sliderItemDownload\":false,\"shareCopyLink\":false,\"sliderItemTitleEnable\":true,\"sliderItemTitleFontSize\":16,\"sliderSlideshow\":false,\"sliderSlideshowDelay\":6,\"sliderSocialShareEnabled\":false,\"TrpContentRestriction\":{\"restriction_type\":\"exclude\",\"selected_languages\":[],\"panel_open\":true}}<\/script><script>(function(){if(window.PGC_SGB && window.PGC_SGB.searcher){window.PGC_SGB.searcher.initBlocks()}})()<\/script><\/div>\n<\/div>\n<\/div><\/div>\n<\/div>\n<\/div>\n<\/div>\n<\/div>\n<\/div>\n\n","protected":false},"excerpt":{"rendered":"","protected":false},"author":5,"featured_media":17153,"parent":21528,"menu_order":0,"comment_status":"closed","ping_status":"closed","template":"","meta":{"pgc_sgb_lightbox_settings":"","footnotes":"","_links_to":"","_links_to_target":""},"categories":[85],"class_list":["post-21694","page","type-page","status-publish","has-post-thumbnail","hentry","category-page-oddeleni"],"publishpress_future_action":{"enabled":false,"date":"2026-04-22 09:53:04","action":"change-status","newStatus":"draft","terms":[],"taxonomy":"category","extraData":[]},"publishpress_future_workflow_manual_trigger":{"enabledWorkflows":[]},"_links":{"self":[{"href":"https:\/\/webnemji.azurewebsites.net\/en\/wp-json\/wp\/v2\/pages\/21694","targetHints":{"allow":["GET"]}}],"collection":[{"href":"https:\/\/webnemji.azurewebsites.net\/en\/wp-json\/wp\/v2\/pages"}],"about":[{"href":"https:\/\/webnemji.azurewebsites.net\/en\/wp-json\/wp\/v2\/types\/page"}],"author":[{"embeddable":true,"href":"https:\/\/webnemji.azurewebsites.net\/en\/wp-json\/wp\/v2\/users\/5"}],"replies":[{"embeddable":true,"href":"https:\/\/webnemji.azurewebsites.net\/en\/wp-json\/wp\/v2\/comments?post=21694"}],"version-history":[{"count":0,"href":"https:\/\/webnemji.azurewebsites.net\/en\/wp-json\/wp\/v2\/pages\/21694\/revisions"}],"up":[{"embeddable":true,"href":"https:\/\/webnemji.azurewebsites.net\/en\/wp-json\/wp\/v2\/pages\/21528"}],"wp:featuredmedia":[{"embeddable":true,"href":"https:\/\/webnemji.azurewebsites.net\/en\/wp-json\/wp\/v2\/media\/17153"}],"wp:attachment":[{"href":"https:\/\/webnemji.azurewebsites.net\/en\/wp-json\/wp\/v2\/media?parent=21694"}],"wp:term":[{"taxonomy":"category","embeddable":true,"href":"https:\/\/webnemji.azurewebsites.net\/en\/wp-json\/wp\/v2\/categories?post=21694"}],"curies":[{"name":"wp","href":"https:\/\/api.w.org\/{rel}","templated":true}]}}