{"id":21761,"date":"2023-10-09T13:16:46","date_gmt":"2023-10-09T11:16:46","guid":{"rendered":"https:\/\/nemji.rs-kovarik.cz\/?page_id=21761"},"modified":"2024-04-24T09:14:52","modified_gmt":"2024-04-24T07:14:52","slug":"informace-pro-pacienty","status":"publish","type":"page","link":"https:\/\/webnemji.azurewebsites.net\/en\/oddeleni\/rehabilitacni-oddeleni\/informace-pro-pacienty\/","title":{"rendered":"Information for patients"},"content":{"rendered":"<div id=\"cmsmasters_row_6iluctg3hk\" class=\"cmsmasters_row cmsmasters_color_scheme_default cmsmasters_row_top_default cmsmasters_row_bot_default cmsmasters_row_boxed\">\n<div class=\"cmsmasters_row_outer_parent\">\n<div class=\"cmsmasters_row_overlay\"><\/div>\n<div class=\"cmsmasters_row_outer\">\n<div class=\"cmsmasters_row_inner\">\n<div class=\"cmsmasters_row_margin\">\n<div id=\"cmsmasters_column_sybg7he2sg\" class=\"cmsmasters_column one_first\">\n<div class=\"cmsmasters_column_inner\"><div id=\"cmsmasters_heading_b3c74b95a0\" class=\"cmsmasters_heading_wrap cmsmasters_heading_align_center pageheadingtitle\">\n\t<h1 class=\"cmsmasters_heading\">Rehabilita\u010dn\u00ed odd\u011blen\u00ed<\/h1>\n<\/div>\n<\/div><\/div>\n<\/div>\n<\/div>\n<\/div>\n<\/div>\n<\/div>\n<div id=\"cmsmasters_row_ly5ze1hf8e\" class=\"cmsmasters_row cmsmasters_color_scheme_default cmsmasters_row_top_default cmsmasters_row_bot_default cmsmasters_row_boxed\">\n<div class=\"cmsmasters_row_outer_parent\">\n<div class=\"cmsmasters_row_outer\">\n<div class=\"cmsmasters_row_inner\">\n<div class=\"cmsmasters_row_margin\">\n<div id=\"cmsmasters_column_v67ee6nvg7\" class=\"cmsmasters_column one_first\">\n<div class=\"cmsmasters_column_inner\"><div class=\"cmsmasters_text\">\n<p><nav aria-label=\"breadcrumbs\">\n            <div class=\"breadcrumb-container theme1\">\n                <ol>\n                                    <\/ol>\n            <\/div>\n        <\/nav>    <script type=\"application\/ld+json\">\n        {\n            \"@context\": \"http:\/\/schema.org\",\n            \"@type\": \"BreadcrumbList\",\n            \"itemListElement\": [\n                            ]\n        }\n    <\/script>\n   \n    <script>\n            <\/script>\n<\/p>\n<\/div>\n<\/div><\/div>\n<\/div>\n<\/div>\n<\/div>\n<\/div>\n<\/div>\n<div id=\"cmsmasters_row_3f2f8816dd\" class=\"cmsmasters_row cmsmasters_color_scheme_default cmsmasters_row_top_default cmsmasters_row_bot_default cmsmasters_row_boxed\">\n<div class=\"cmsmasters_row_outer_parent\">\n<div class=\"cmsmasters_row_outer\">\n<div class=\"cmsmasters_row_inner\">\n<div class=\"cmsmasters_row_margin\">\n<div id=\"cmsmasters_column_0a1c5940f5\" class=\"cmsmasters_column one_third stickyinfocolumn\">\n<div class=\"cmsmasters_column_inner\"><div id=\"cmsmasters_heading_rva6m2t32d\" class=\"cmsmasters_heading_wrap cmsmasters_heading_align_center\">\n\t<h3 class=\"cmsmasters_heading\">Informace o odd\u011blen\u00ed<\/h3>\n<\/div>\n<div id=\"cmsmasters_divider_dpp34mcdj5\" class=\"cmsmasters_divider cmsmasters_divider_width_short cmsmasters_divider_pos_center\"><\/div>\n<div class=\"cmsmasters_sidebar sidebar_layout_11 sidebar-custom-menu\"><aside id=\"nav_menu-24\" class=\"widget widget_nav_menu\"><div class=\"menu-oddeleni-rehabilitace-container\"><ul id=\"menu-oddeleni-rehabilitace\" class=\"menu\"><li id=\"menu-item-21554\" class=\"menu-item menu-item-type-custom menu-item-object-custom menu-item-21554\"><a href=\"\/oddeleni\/rehabilitacni-oddeleni\/#popis-oddeleni\" data-ps2id-api=\"true\"><i class=\"fa-solid fa-info\"><\/i> Popis odd\u011blen\u00ed<\/a><\/li>\n<li id=\"menu-item-21555\" class=\"menu-item menu-item-type-custom menu-item-object-custom menu-item-21555\"><a href=\"\/oddeleni\/rehabilitacni-oddeleni\/#personalni-obsazeni\" data-ps2id-api=\"true\"><i class=\"fa-solid fa-user-doctor\"><\/i> Person\u00e1ln\u00ed obsazen\u00ed<\/a><\/li>\n<li id=\"menu-item-21556\" class=\"menu-item menu-item-type-custom menu-item-object-custom menu-item-21556\"><a href=\"\/oddeleni\/rehabilitacni-oddeleni\/#ordinacni-hodiny\" data-ps2id-api=\"true\"><i class=\"fa-solid fa-door-open\"><\/i> Ordina\u010dn\u00ed hodiny<\/a><\/li>\n<li id=\"menu-item-21557\" class=\"menu-item menu-item-type-custom menu-item-object-custom menu-item-21557\"><a href=\"\/oddeleni\/rehabilitacni-oddeleni\/#kontaktni-informace\" data-ps2id-api=\"true\"><i class=\"fa-solid fa-phone\"><\/i> Kontaktn\u00ed informace<\/a><\/li>\n<li id=\"menu-item-21558\" class=\"menu-item menu-item-type-custom menu-item-object-custom menu-item-21558\"><a href=\"\/oddeleni\/rehabilitacni-oddeleni\/#kde-nas-najdete\" data-ps2id-api=\"true\"><i class=\"fa-solid fa-location-dot\"><\/i> Kde n\u00e1s najdete<\/a><\/li>\n<li id=\"menu-item-21559\" class=\"menu-item menu-item-type-custom menu-item-object-custom menu-item-21559\"><a href=\"\/oddeleni\/rehabilitacni-oddeleni\/#fotogalerie\" data-ps2id-api=\"true\"><i class=\"fa-solid fa-camera\"><\/i> Fotogalerie<\/a><\/li>\n<li id=\"menu-item-21560\" class=\"menu-custom-separator menu-item menu-item-type-custom menu-item-object-custom menu-item-21560\"><hr class=\"mhm-menu-separator\"><\/li>\n<li id=\"menu-item-21881\" class=\"static-link menu-item menu-item-type-custom menu-item-object-custom menu-item-21881\"><a href=\"\/oddeleni\/rehabilitacni-oddeleni\/rehabilitace-ambulance\/\" data-ps2id-api=\"true\"><i class=\"fa-solid fa-house-medical\"><\/i> Ambulance<\/a><\/li>\n<li id=\"menu-item-21562\" class=\"static-link menu-item menu-item-type-custom menu-item-object-custom menu-item-21562\"><a href=\"\/oddeleni\/rehabilitacni-oddeleni\/nadstandard\/\" data-ps2id-api=\"true\"><i class=\"fa-solid fa-square-plus\"><\/i> Nadstandardn\u00ed slu\u017eby<\/a><\/li>\n<li id=\"menu-item-21563\" class=\"static-link menu-item menu-item-type-custom menu-item-object-custom menu-item-21563\"><a href=\"\/oddeleni\/rehabilitacni-oddeleni\/spektrum\/\" data-ps2id-api=\"true\"><i class=\"fa-solid fa-stethoscope\"><\/i> Spektrum p\u00e9\u010de<\/a><\/li>\n<li id=\"menu-item-21564\" class=\"static-link menu-item menu-item-type-custom menu-item-object-custom menu-item-21564\"><a href=\"\/oddeleni\/rehabilitacni-oddeleni\/informace-pro-pacienty\/\" data-ps2id-api=\"true\"><i class=\"fa-regular fa-circle-question\"><\/i> Informace pro pacienty<\/a><\/li>\n<\/ul><\/div><\/aside><div class=\"cl\"><\/div>\n<\/div>\n<\/div><\/div>\n<div id=\"cmsmasters_column_k7vlyuz4yq\" class=\"cmsmasters_column two_third\">\n<div class=\"cmsmasters_column_inner\"><div id=\"cmsmasters_heading_0cx4mcjjyd\" class=\"cmsmasters_heading_wrap cmsmasters_heading_align_left\">\n\t<h2 class=\"cmsmasters_heading\">Informace pro pacienty rehabilitac\u00ed<\/h2>\n<\/div>\n<div id=\"cmsmasters_divider_hgdnxm8b9\" class=\"cmsmasters_divider cmsmasters_divider_width_short cmsmasters_divider_pos_left\"><\/div>\n<div class=\"cmsmasters_text\">\n<p><strong>L\u016f\u017ekov\u00e9 odd\u011blen\u00ed i ambulantn\u00ed provoz rehabilitace byl obnoven v pln\u00e9m rozsahu p\u0159edcovidov\u00e9ho obdob\u00ed, samoz\u0159ejm\u011b za dodr\u017eov\u00e1n\u00ed aktu\u00e1ln\u00edch hygienicko-epidemiologick\u00fdch opat\u0159en\u00ed.<\/strong><br \/>\n<strong>N\u00e1v\u0161t\u011bvy na l\u016f\u017ekov\u00e9m odd\u011blen\u00ed jsou povoleny v\u017edy dle aktu\u00e1ln\u00edho rozhodnut\u00ed platn\u00e9ho v\u0161eobecn\u011b pro celou nemocnici.<\/strong><\/p>\n<h5><strong>Pokyny pro pacienty<\/strong><\/h5>\n<ul style=\"list-style-type: disc;\">\n<li>P\u0159ed procedurami se, pros\u00edm, nahlaste u po\u010d\u00edta\u010de.<\/li>\n<li>Vypn\u011bte si sv\u00e9 mobiln\u00ed telefony.<\/li>\n<li>Na ka\u017edou proceduru i cvi\u010den\u00ed si doneste sv\u016fj ru\u010dn\u00edk \u010di osu\u0161ku, na kterou si lehnete.<\/li>\n<li>Nevstupujte do t\u011blocvi\u010dny bez vyzv\u00e1n\u00ed fyzioterapeuta.<\/li>\n<li>Na cvi\u010den\u00ed si noste p\u0159evle\u010den\u00ed a p\u0159ed vstupem do t\u011blocvi\u010dny se v \u0161atn\u011b vyzujte a p\u0159evle\u010dte.<\/li>\n<li>Na p\u011bnovou podlahu v\u00a0t\u011blocvi\u010dn\u011b \u010d. 4 vstupujte pouze v\u00a0\u010dist\u00fdch bavln\u011bn\u00fdch pono\u017ek\u00e1ch.<\/li>\n<li>Kontrolu u rehabilita\u010dn\u00edho l\u00e9ka\u0159e nahlaste sv\u00e9 fyzioterapeutce, aby byla v\u010das nachystan\u00e1 Va\u0161e dokumentace v ambulanci.<\/li>\n<li>Pokud V\u00e1m l\u00e9ka\u0159 p\u0159edepsal m\u00ed\u010dkov\u00e1n\u00ed, zakupte si ve zdravotnick\u00fdch pot\u0159eb\u00e1ch \u010di sportu 2 molitanov\u00e9 m\u00ed\u010dky (cca 33 K\u010d\/ks).<\/li>\n<\/ul>\n<p>&nbsp;<\/p>\n<h5><strong>Informace o protetick\u00e9 ambulanci<\/strong><\/h5>\n<ul>\n<li>Do jihlavsk\u00e9 nemocnice zaj\u00ed\u017ed\u00ed ka\u017ed\u00e9 pond\u011bl\u00ed Protetika \u0160t\u011bp\u00e1nov\u00e1 spol s.r.o., kter\u00e1 zaji\u0161\u0165uje v\u00fdrobu a opravu individu\u00e1ln\u011b a s\u00e9riov\u011b vyr\u00e1b\u011bn\u00fdch protetick\u00fdch pom\u016fcek.<\/li>\n<li>Protetick\u00e1 ambulance je v p\u0159\u00edzem\u00ed rehabilitace pavilon F od 13.hodin dle pot\u0159eb a po\u010dtu pacient\u016f.<\/li>\n<\/ul>\n<p><strong>Kontakt pro objedn\u00e1n\u00ed: <a href=\"tel:+420469350162\"><span style=\"text-decoration: underline;\">+420 469 350 162<\/span><\/a> nebo <a href=\"tel:+420603811344\"><span style=\"text-decoration: underline;\">+420 603 811 344<\/span><\/a><\/strong><\/p>\n<p>&nbsp;<\/p>\n<\/div>\n<div class=\"cmsmasters_text\">\n<p><\/p>\n<\/div>\n<\/div><\/div>\n<\/div>\n<\/div>\n<\/div>\n<\/div>\n<\/div>\n\n","protected":false},"excerpt":{"rendered":"","protected":false},"author":5,"featured_media":17153,"parent":21528,"menu_order":0,"comment_status":"closed","ping_status":"closed","template":"","meta":{"pgc_sgb_lightbox_settings":"","footnotes":"","_links_to":"","_links_to_target":""},"categories":[85],"class_list":["post-21761","page","type-page","status-publish","has-post-thumbnail","hentry","category-page-oddeleni"],"publishpress_future_action":{"enabled":false,"date":"2026-04-28 12:46:10","action":"change-status","newStatus":"draft","terms":[],"taxonomy":"category","extraData":[]},"publishpress_future_workflow_manual_trigger":{"enabledWorkflows":[]},"_links":{"self":[{"href":"https:\/\/webnemji.azurewebsites.net\/en\/wp-json\/wp\/v2\/pages\/21761","targetHints":{"allow":["GET"]}}],"collection":[{"href":"https:\/\/webnemji.azurewebsites.net\/en\/wp-json\/wp\/v2\/pages"}],"about":[{"href":"https:\/\/webnemji.azurewebsites.net\/en\/wp-json\/wp\/v2\/types\/page"}],"author":[{"embeddable":true,"href":"https:\/\/webnemji.azurewebsites.net\/en\/wp-json\/wp\/v2\/users\/5"}],"replies":[{"embeddable":true,"href":"https:\/\/webnemji.azurewebsites.net\/en\/wp-json\/wp\/v2\/comments?post=21761"}],"version-history":[{"count":0,"href":"https:\/\/webnemji.azurewebsites.net\/en\/wp-json\/wp\/v2\/pages\/21761\/revisions"}],"up":[{"embeddable":true,"href":"https:\/\/webnemji.azurewebsites.net\/en\/wp-json\/wp\/v2\/pages\/21528"}],"wp:featuredmedia":[{"embeddable":true,"href":"https:\/\/webnemji.azurewebsites.net\/en\/wp-json\/wp\/v2\/media\/17153"}],"wp:attachment":[{"href":"https:\/\/webnemji.azurewebsites.net\/en\/wp-json\/wp\/v2\/media?parent=21761"}],"wp:term":[{"taxonomy":"category","embeddable":true,"href":"https:\/\/webnemji.azurewebsites.net\/en\/wp-json\/wp\/v2\/categories?post=21761"}],"curies":[{"name":"wp","href":"https:\/\/api.w.org\/{rel}","templated":true}]}}