{"id":21885,"date":"2023-10-10T09:35:54","date_gmt":"2023-10-10T07:35:54","guid":{"rendered":"https:\/\/nemji.rs-kovarik.cz\/?page_id=21885"},"modified":"2023-11-14T14:09:19","modified_gmt":"2023-11-14T13:09:19","slug":"rehabilitace-ambulance","status":"publish","type":"page","link":"https:\/\/webnemji.azurewebsites.net\/en\/oddeleni\/rehabilitacni-oddeleni\/rehabilitace-ambulance\/","title":{"rendered":"Rehabilitation clinics"},"content":{"rendered":"<div id=\"cmsmasters_row_6iluctg3hk\" class=\"cmsmasters_row cmsmasters_color_scheme_default cmsmasters_row_top_default cmsmasters_row_bot_default cmsmasters_row_boxed\">\n<div class=\"cmsmasters_row_outer_parent\">\n<div class=\"cmsmasters_row_overlay\"><\/div>\n<div class=\"cmsmasters_row_outer\">\n<div class=\"cmsmasters_row_inner\">\n<div class=\"cmsmasters_row_margin\">\n<div id=\"cmsmasters_column_sybg7he2sg\" class=\"cmsmasters_column one_first\">\n<div class=\"cmsmasters_column_inner\"><div id=\"cmsmasters_heading_b3c74b95a0\" class=\"cmsmasters_heading_wrap cmsmasters_heading_align_center pageheadingtitle\">\n\t<h1 class=\"cmsmasters_heading\">Rehabilita\u010dn\u00ed odd\u011blen\u00ed<\/h1>\n<\/div>\n<\/div><\/div>\n<\/div>\n<\/div>\n<\/div>\n<\/div>\n<\/div>\n<div id=\"cmsmasters_row_ly5ze1hf8e\" class=\"cmsmasters_row cmsmasters_color_scheme_default cmsmasters_row_top_default cmsmasters_row_bot_default cmsmasters_row_boxed\">\n<div class=\"cmsmasters_row_outer_parent\">\n<div class=\"cmsmasters_row_outer\">\n<div class=\"cmsmasters_row_inner\">\n<div class=\"cmsmasters_row_margin\">\n<div id=\"cmsmasters_column_v67ee6nvg7\" class=\"cmsmasters_column one_first\">\n<div class=\"cmsmasters_column_inner\"><div class=\"cmsmasters_text\">\n<p><nav aria-label=\"breadcrumbs\">\n            <div class=\"breadcrumb-container theme1\">\n                <ol>\n                                    <\/ol>\n            <\/div>\n        <\/nav>    <script type=\"application\/ld+json\">\n        {\n            \"@context\": \"http:\/\/schema.org\",\n            \"@type\": \"BreadcrumbList\",\n            \"itemListElement\": [\n                            ]\n        }\n    <\/script>\n   \n    <script>\n            <\/script>\n<\/p>\n<\/div>\n<\/div><\/div>\n<\/div>\n<\/div>\n<\/div>\n<\/div>\n<\/div>\n<div id=\"cmsmasters_row_3f2f8816dd\" class=\"cmsmasters_row cmsmasters_color_scheme_default cmsmasters_row_top_default cmsmasters_row_bot_default cmsmasters_row_boxed\">\n<div class=\"cmsmasters_row_outer_parent\">\n<div class=\"cmsmasters_row_outer\">\n<div class=\"cmsmasters_row_inner\">\n<div class=\"cmsmasters_row_margin\">\n<div id=\"cmsmasters_column_0a1c5940f5\" class=\"cmsmasters_column one_third stickyinfocolumn\">\n<div class=\"cmsmasters_column_inner\"><div id=\"cmsmasters_heading_rva6m2t32d\" class=\"cmsmasters_heading_wrap cmsmasters_heading_align_center\">\n\t<h3 class=\"cmsmasters_heading\">Informace o odd\u011blen\u00ed<\/h3>\n<\/div>\n<div id=\"cmsmasters_divider_dpp34mcdj5\" class=\"cmsmasters_divider cmsmasters_divider_width_short cmsmasters_divider_pos_center\"><\/div>\n<div class=\"cmsmasters_sidebar sidebar_layout_11 sidebar-custom-menu\"><aside id=\"nav_menu-24\" class=\"widget widget_nav_menu\"><div class=\"menu-oddeleni-rehabilitace-container\"><ul id=\"menu-oddeleni-rehabilitace\" class=\"menu\"><li id=\"menu-item-21554\" class=\"menu-item menu-item-type-custom menu-item-object-custom menu-item-21554\"><a href=\"\/oddeleni\/rehabilitacni-oddeleni\/#popis-oddeleni\" data-ps2id-api=\"true\"><i class=\"fa-solid fa-info\"><\/i> Popis odd\u011blen\u00ed<\/a><\/li>\n<li id=\"menu-item-21555\" class=\"menu-item menu-item-type-custom menu-item-object-custom menu-item-21555\"><a href=\"\/oddeleni\/rehabilitacni-oddeleni\/#personalni-obsazeni\" data-ps2id-api=\"true\"><i class=\"fa-solid fa-user-doctor\"><\/i> Person\u00e1ln\u00ed obsazen\u00ed<\/a><\/li>\n<li id=\"menu-item-21556\" class=\"menu-item menu-item-type-custom menu-item-object-custom menu-item-21556\"><a href=\"\/oddeleni\/rehabilitacni-oddeleni\/#ordinacni-hodiny\" data-ps2id-api=\"true\"><i class=\"fa-solid fa-door-open\"><\/i> Ordina\u010dn\u00ed hodiny<\/a><\/li>\n<li id=\"menu-item-21557\" class=\"menu-item menu-item-type-custom menu-item-object-custom menu-item-21557\"><a href=\"\/oddeleni\/rehabilitacni-oddeleni\/#kontaktni-informace\" data-ps2id-api=\"true\"><i class=\"fa-solid fa-phone\"><\/i> Kontaktn\u00ed informace<\/a><\/li>\n<li id=\"menu-item-21558\" class=\"menu-item menu-item-type-custom menu-item-object-custom menu-item-21558\"><a href=\"\/oddeleni\/rehabilitacni-oddeleni\/#kde-nas-najdete\" data-ps2id-api=\"true\"><i class=\"fa-solid fa-location-dot\"><\/i> Kde n\u00e1s najdete<\/a><\/li>\n<li id=\"menu-item-21559\" class=\"menu-item menu-item-type-custom menu-item-object-custom menu-item-21559\"><a href=\"\/oddeleni\/rehabilitacni-oddeleni\/#fotogalerie\" data-ps2id-api=\"true\"><i class=\"fa-solid fa-camera\"><\/i> Fotogalerie<\/a><\/li>\n<li id=\"menu-item-21560\" class=\"menu-custom-separator menu-item menu-item-type-custom menu-item-object-custom menu-item-21560\"><hr class=\"mhm-menu-separator\"><\/li>\n<li id=\"menu-item-21881\" class=\"static-link menu-item menu-item-type-custom menu-item-object-custom menu-item-21881\"><a href=\"\/oddeleni\/rehabilitacni-oddeleni\/rehabilitace-ambulance\/\" data-ps2id-api=\"true\"><i class=\"fa-solid fa-house-medical\"><\/i> Ambulance<\/a><\/li>\n<li id=\"menu-item-21562\" class=\"static-link menu-item menu-item-type-custom menu-item-object-custom menu-item-21562\"><a href=\"\/oddeleni\/rehabilitacni-oddeleni\/nadstandard\/\" data-ps2id-api=\"true\"><i class=\"fa-solid fa-square-plus\"><\/i> Nadstandardn\u00ed slu\u017eby<\/a><\/li>\n<li id=\"menu-item-21563\" class=\"static-link menu-item menu-item-type-custom menu-item-object-custom menu-item-21563\"><a href=\"\/oddeleni\/rehabilitacni-oddeleni\/spektrum\/\" data-ps2id-api=\"true\"><i class=\"fa-solid fa-stethoscope\"><\/i> Spektrum p\u00e9\u010de<\/a><\/li>\n<li id=\"menu-item-21564\" class=\"static-link menu-item menu-item-type-custom menu-item-object-custom menu-item-21564\"><a href=\"\/oddeleni\/rehabilitacni-oddeleni\/informace-pro-pacienty\/\" data-ps2id-api=\"true\"><i class=\"fa-regular fa-circle-question\"><\/i> Informace pro pacienty<\/a><\/li>\n<\/ul><\/div><\/aside><div class=\"cl\"><\/div>\n<\/div>\n<\/div><\/div>\n<div id=\"cmsmasters_column_k7vlyuz4yq\" class=\"cmsmasters_column two_third\">\n<div class=\"cmsmasters_column_inner\"><div class=\"cmsmasters_text hide-index\">\n<p>Ambulance 3 (Prim. MUDr. Drahom\u00edra \u0160kodov\u00e1), Ambulance 2 (MUDr. Petra Jan\u016f), Ambulance 1 (MUDr. Michal Cibulka)<\/p>\n<\/div>\n<div id=\"cmsmasters_heading_0cx4mcjjyd\" class=\"cmsmasters_heading_wrap cmsmasters_heading_align_left\">\n\t<h2 class=\"cmsmasters_heading\">Ambulance odd\u011blen\u00ed<\/h2>\n<\/div>\n<div id=\"cmsmasters_divider_hgdnxm8b9\" class=\"cmsmasters_divider cmsmasters_divider_width_short cmsmasters_divider_pos_left\"><\/div>\n<div id=\"cmsmasters_divider_ysg9zz4shf\" class=\"cl\"><\/div>\n<div class=\"cmsmasters_text\">\n<section id='' \n                class='helpie-faq accordions ' \n                data-collection='' \n                data-pagination='0' \n                data-search='0' \n                data-pagination-enabled='0'\n                role='region'\n                aria-label='FAQ Section'\n                aria-live='polite'><form class=\"search\" onSubmit=\"return false;\"><div class=\"search__wrapper\"><input type=\"text\" class=\"search__input\" aria-label=\"Search\" role=\"searchbox\" placeholder=\"Vyhledat\"><span class=\"search__icon\"><svg class=\"svg-icon--search\" role=\"img\" xmlns=\"http:\/\/www.w3.org\/2000\/svg\" viewBox=\"0 0 22 22\">\r\n                        <g fill=\"none\" stroke=\"#171717\">\r\n                            <path stroke-linecap=\"square\" stroke-width=\"2\" d=\"M18.5 18.3l-5.4-5.4\"\/>\r\n                            <circle cx=\"8\" cy=\"8\" r=\"7\" stroke-width=\"2\"\/>\r\n                        <\/g>\r\n                    <\/svg><\/span><\/div><div class=\"search__message\"><\/div><\/form><article class=\"accordion \"><div class='helpie-faq-row'><div class='helpie-faq-col helpie-faq-col-12' ><ul><li class=\"accordion__item \"><div class=\"accordion__header \" \r\n                id=\"accordion-header-post-21954\"\r\n                role=\"button\"\r\n                aria-expanded=\"false\"\r\n                aria-controls=\"accordion-content-post-21954\"\r\n                data-id=\"post-21954\" \r\n                data-item=\"hfaq-post-21954\" \r\n                style=\"background:transparent;\" \r\n                data-tags=\"\"\r\n                tabindex=\"0\"><div class=\"accordion__title\">Ambulance 1 (Prim. MUDr. Drahom\u00edra \u0160kodov\u00e1)<\/div><\/div><div id=\"accordion-content-post-21954\" \r\n                class=\"accordion__body\" \r\n                role=\"region\"\r\n                aria-labelledby=\"accordion-header-post-21954\"\r\n                style=\"background:transparent;\"><table style=\"border-collapse: collapse;width: 99.2089%;height: 158px\" border=\"1\">\n<tbody>\n<tr style=\"height: 10px\">\n<td style=\"width: 16.9857%;height: 10px\"><strong>L\u00e9ka\u0159i:<\/strong><\/td>\n<td class=\"xl26\" style=\"width: 83.0143%;height: 10px\" width=\"256\">Prim. MUDr. Drahom\u00edra \u0160kodov\u00e1<\/td>\n<\/tr>\n<tr style=\"height: 18px\">\n<td style=\"width: 16.9857%;height: 18px\" colspan=\"2\">\n<div>\n<hr \/>\n<\/div>\n<\/td>\n<\/tr>\n<tr style=\"height: 24px\">\n<td style=\"width: 16.9857%;height: 24px\"><strong>Telefon:<\/strong><\/td>\n<td class=\"xl28\" style=\"width: 83.0143%;height: 24px\" width=\"256\" height=\"17\">+420 567 157 786<\/td>\n<\/tr>\n<tr style=\"height: 18px\">\n<td style=\"width: 16.9857%;height: 18px\" colspan=\"2\">\n<div>\n<hr \/>\n<\/div>\n<\/td>\n<\/tr>\n<tr style=\"height: 28px\">\n<td style=\"width: 16.9857%;height: 28px\"><strong>Ordina\u010dn\u00ed hodiny:<\/strong><\/td>\n<td style=\"width: 83.0143%;height: 28px\">\n<table style=\"border-collapse: collapse;width: 100%\" border=\"1\">\n<tbody>\n<tr>\n<td style=\"width: 11.6175%\"><strong>Pond\u011bl\u00ed:<\/strong><\/td>\n<td style=\"width: 88.3825%\">\u00a010:30 &#8211; 12:00 (v\u0161eobecn\u00e1 poradna)<\/td>\n<\/tr>\n<tr style=\"height: 24px\">\n<td style=\"width: 11.6175%;height: 24px\"><strong>\u00dater\u00fd:<\/strong><\/td>\n<td style=\"width: 88.3825%;height: 24px\">\u00a010:00 &#8211; 12:00 (v\u0161eobecn\u00e1 poradna)<\/td>\n<\/tr>\n<tr style=\"height: 24px\">\n<td style=\"width: 11.6175%;height: 24px\"><strong>St\u0159eda:<\/strong><\/td>\n<td style=\"width: 88.3825%;height: 24px\">\u00a010:00 &#8211; 12:00 (v\u0161eobecn\u00e1 poradna)<\/td>\n<\/tr>\n<tr style=\"height: 24px\">\n<td style=\"width: 11.6175%;height: 24px\"><strong>\u010ctvrtek:<\/strong><\/td>\n<td style=\"width: 88.3825%;height: 24px\">\u00a010:30 &#8211; 12:00 (v\u0161eobecn\u00e1 poradna)<\/td>\n<\/tr>\n<\/tbody>\n<\/table>\n<\/td>\n<\/tr>\n<tr style=\"height: 18px\">\n<td style=\"width: 16.9857%;height: 18px\" colspan=\"2\">\n<div>\n<hr \/>\n<\/div>\n<\/td>\n<\/tr>\n<tr style=\"height: 24px\">\n<td style=\"width: 16.9857%;height: 24px\"><strong>Kde n\u00e1s najdete:<br \/>\n<\/strong><\/td>\n<td style=\"width: 83.0143%;height: 24px\">Budova F, p\u0159\u00edzem\u00ed<\/td>\n<\/tr>\n<\/tbody>\n<\/table>\n<\/div><\/li><li class=\"accordion__item \"><div class=\"accordion__header \" \r\n                id=\"accordion-header-post-33474\"\r\n                role=\"button\"\r\n                aria-expanded=\"false\"\r\n                aria-controls=\"accordion-content-post-33474\"\r\n                data-id=\"post-33474\" \r\n                data-item=\"hfaq-post-33474\" \r\n                style=\"background:transparent;\" \r\n                data-tags=\"\"\r\n                tabindex=\"0\"><div class=\"accordion__title\">MUDr. Lenka Havr\u00e1nkov\u00e1<\/div><\/div><div id=\"accordion-content-post-33474\" \r\n                class=\"accordion__body\" \r\n                role=\"region\"\r\n                aria-labelledby=\"accordion-header-post-33474\"\r\n                style=\"background:transparent;\"><table style=\"border-collapse: collapse;width: 99.2089%;height: 140px\" border=\"1\">\n<tbody>\n<tr style=\"height: 10px\">\n<td style=\"width: 16.9857%;height: 10px\"><strong>L\u00e9ka\u0159i:<\/strong><\/td>\n<td class=\"xl26\" style=\"width: 83.0143%;height: 10px\" width=\"256\">MUDr. Lenka Havr\u00e1nkov\u00e1<\/td>\n<\/tr>\n<tr style=\"height: 18px\">\n<td style=\"width: 16.9857%;height: 18px\" colspan=\"2\">\n<div>\n<hr \/>\n<\/div>\n<\/td>\n<\/tr>\n<tr style=\"height: 24px\">\n<td style=\"width: 16.9857%;height: 24px\"><strong>Telefon:<\/strong><\/td>\n<td class=\"xl28\" style=\"width: 83.0143%;height: 24px\" width=\"256\" height=\"17\">+420 567 157 234<\/td>\n<\/tr>\n<tr style=\"height: 18px\">\n<td style=\"width: 16.9857%;height: 18px\" colspan=\"2\">\n<div>\n<hr \/>\n<\/div>\n<\/td>\n<\/tr>\n<tr style=\"height: 28px\">\n<td style=\"width: 16.9857%;height: 28px\"><strong>Ordina\u010dn\u00ed hodiny:<\/strong><\/td>\n<td style=\"width: 83.0143%;height: 28px\">\n<table style=\"border-collapse: collapse;width: 99.1634%;height: 144px\" border=\"1\">\n<tbody>\n<tr style=\"height: 24px\">\n<td style=\"width: 11.6175%;height: 24px\"><strong>Pond\u011bl\u00ed:<\/strong><\/td>\n<td style=\"width: 44.1912%;height: 24px\">\u00a013:30 &#8211; 15:00 (v\u0161eobecn\u00e1 ambulance)<\/td>\n<td style=\"width: 44.1912%;height: 24px\">p\u0159\u00edzem\u00ed, Ambulance 1<\/td>\n<\/tr>\n<tr style=\"height: 24px\">\n<td style=\"height: 24px;width: 11.6175%\"><strong>\u00dater\u00fd:<\/strong><strong><br \/>\n<\/strong><\/td>\n<td style=\"width: 44.1912%;height: 24px\">10:00 &#8211; 11:00 (v\u0161eobecn\u00e1 ambulance)<\/td>\n<td style=\"width: 44.1912%;height: 24px\">p\u0159\u00edzem\u00ed, Ambulance 2<\/td>\n<\/tr>\n<tr style=\"height: 24px\">\n<td style=\"text-align: left;vertical-align: bottom;width: 11.6175%;height: 24px\"><strong>\u00dater\u00fd:<\/strong><\/td>\n<td style=\"width: 44.1912%;height: 24px\">13:30 \u2013 15:00 (iktov\u00e1 poradna)<\/td>\n<td style=\"width: 44.1912%;height: 24px\">p\u0159\u00edzem\u00ed, Ambulance 1<\/td>\n<\/tr>\n<tr style=\"height: 24px\">\n<td style=\"width: 11.6175%;height: 24px\"><strong>St\u0159eda:<\/strong><\/td>\n<td style=\"width: 44.1912%;height: 24px\">\n<div>13:00 \u2013 15:00 (Spastick\u00e1 poradna)<\/div>\n<\/td>\n<td style=\"width: 44.1912%;height: 24px\">vy\u0161et\u0159ovna l\u00e9ka\u0159\u016f, 4. patro<\/td>\n<\/tr>\n<tr style=\"height: 24px\">\n<td style=\"width: 11.6175%;height: 24px\"><strong>\u010ctvrtek:<\/strong><\/td>\n<td style=\"width: 44.1912%;height: 24px\">\n<div>13:00 \u2013 15:00 (Spastick\u00e1 poradna)<\/div>\n<\/td>\n<td style=\"width: 44.1912%;height: 24px\">vy\u0161et\u0159ovna l\u00e9ka\u0159\u016f, 4. patro<\/td>\n<\/tr>\n<tr style=\"height: 24px\">\n<td style=\"width: 11.6175%;height: 24px\"><strong>P\u00e1tek:<\/strong><\/td>\n<td style=\"width: 44.1912%;height: 24px\">\n<div>10:00 \u2013 11:30 (v\u0161eobecn\u00e1 poradna)<\/div>\n<\/td>\n<td style=\"width: 44.1912%;height: 24px\">\n<div>p\u0159\u00edzem\u00ed, Ambulance 1<\/div>\n<\/td>\n<\/tr>\n<\/tbody>\n<\/table>\n<\/td>\n<\/tr>\n<tr style=\"height: 18px\">\n<td style=\"width: 16.9857%;height: 18px\" colspan=\"2\">\n<div>\n<hr \/>\n<\/div>\n<\/td>\n<\/tr>\n<tr style=\"height: 24px\">\n<td style=\"width: 16.9857%;height: 24px\"><strong>Kde n\u00e1s najdete:<br \/>\n<\/strong><\/td>\n<td style=\"width: 83.0143%;height: 24px\">Budova F<\/td>\n<\/tr>\n<\/tbody>\n<\/table>\n<\/div><\/li><li class=\"accordion__item \"><div class=\"accordion__header \" \r\n                id=\"accordion-header-post-21904\"\r\n                role=\"button\"\r\n                aria-expanded=\"false\"\r\n                aria-controls=\"accordion-content-post-21904\"\r\n                data-id=\"post-21904\" \r\n                data-item=\"hfaq-post-21904\" \r\n                style=\"background:transparent;\" \r\n                data-tags=\"\"\r\n                tabindex=\"0\"><div class=\"accordion__title\">MUDr. Michal Cibulka<\/div><\/div><div id=\"accordion-content-post-21904\" \r\n                class=\"accordion__body\" \r\n                role=\"region\"\r\n                aria-labelledby=\"accordion-header-post-21904\"\r\n                style=\"background:transparent;\"><table style=\"border-collapse: collapse;width: 99.2089%;height: 158px\" border=\"1\">\n<tbody>\n<tr style=\"height: 10px\">\n<td style=\"width: 16.9857%;height: 10px\"><strong>L\u00e9ka\u0159i:<\/strong><\/td>\n<td class=\"xl26\" style=\"width: 83.0143%;height: 10px\" width=\"256\">MUDr. Michal Cibulka<\/td>\n<\/tr>\n<tr style=\"height: 18px\">\n<td style=\"width: 100%;height: 18px\" colspan=\"2\">\n<div>\n<hr \/>\n<\/div>\n<\/td>\n<\/tr>\n<tr style=\"height: 24px\">\n<td style=\"width: 16.9857%;height: 24px\"><strong>Telefon:<\/strong><\/td>\n<td class=\"xl28\" style=\"width: 83.0143%;height: 24px\" width=\"256\" height=\"17\">+420 567 157 622<\/td>\n<\/tr>\n<tr style=\"height: 18px\">\n<td style=\"width: 100%;height: 18px\" colspan=\"2\">\n<div>\n<hr \/>\n<\/div>\n<\/td>\n<\/tr>\n<tr style=\"height: 28px\">\n<td style=\"width: 16.9857%;height: 28px\"><strong>Ordina\u010dn\u00ed hodiny:<\/strong><\/td>\n<td style=\"width: 83.0143%;height: 28px\">\n<table style=\"border-collapse: collapse;width: 100%\" border=\"1\">\n<tbody>\n<tr style=\"height: 24px\">\n<td style=\"width: 4.98069%;height: 24px\"><strong>\u010ctvrtek:<\/strong><\/td>\n<td style=\"width: 47.5097%;height: 24px\">\n<div>13:30 \u2013 15:00 (v\u0161eobecn\u00e1 poradna)<\/div>\n<\/td>\n<td style=\"width: 47.5097%\">vy\u0161et\u0159ovna l\u00e9ka\u0159\u016f, 4. patro<\/td>\n<\/tr>\n<\/tbody>\n<\/table>\n<\/td>\n<\/tr>\n<tr style=\"height: 18px\">\n<td style=\"width: 100%;height: 18px\" colspan=\"2\">\n<div>\n<hr \/>\n<\/div>\n<\/td>\n<\/tr>\n<tr style=\"height: 24px\">\n<td style=\"width: 16.9857%;height: 24px\"><strong>Kde n\u00e1s najdete:<br \/>\n<\/strong><\/td>\n<td style=\"width: 83.0143%;height: 24px\">Budova F<\/td>\n<\/tr>\n<\/tbody>\n<\/table>\n<\/div><\/li><li class=\"accordion__item \"><div class=\"accordion__header \" \r\n                id=\"accordion-header-post-21945\"\r\n                role=\"button\"\r\n                aria-expanded=\"false\"\r\n                aria-controls=\"accordion-content-post-21945\"\r\n                data-id=\"post-21945\" \r\n                data-item=\"hfaq-post-21945\" \r\n                style=\"background:transparent;\" \r\n                data-tags=\"\"\r\n                tabindex=\"0\"><div class=\"accordion__title\">MUDr. Petra Jan\u016f<\/div><\/div><div id=\"accordion-content-post-21945\" \r\n                class=\"accordion__body\" \r\n                role=\"region\"\r\n                aria-labelledby=\"accordion-header-post-21945\"\r\n                style=\"background:transparent;\"><table style=\"border-collapse: collapse;width: 99.2089%;height: 158px\" border=\"1\">\n<tbody>\n<tr style=\"height: 10px\">\n<td style=\"width: 16.9857%;height: 10px\"><strong>L\u00e9ka\u0159i:<\/strong><\/td>\n<td class=\"xl26\" style=\"width: 83.0143%;height: 10px\" width=\"256\">MUDr. Petra Jan\u016f<\/td>\n<\/tr>\n<tr style=\"height: 18px\">\n<td style=\"width: 16.9857%;height: 18px\" colspan=\"2\">\n<div>\n<hr \/>\n<\/div>\n<\/td>\n<\/tr>\n<tr style=\"height: 24px\">\n<td style=\"width: 16.9857%;height: 24px\"><strong>Telefon:<\/strong><\/td>\n<td class=\"xl28\" style=\"width: 83.0143%;height: 24px\" width=\"256\" height=\"17\">+420 567 157 622<\/td>\n<\/tr>\n<tr style=\"height: 18px\">\n<td style=\"width: 16.9857%;height: 18px\" colspan=\"2\">\n<div>\n<hr \/>\n<\/div>\n<\/td>\n<\/tr>\n<tr style=\"height: 28px\">\n<td style=\"width: 16.9857%;height: 28px\"><strong>Ordina\u010dn\u00ed hodiny:<\/strong><\/td>\n<td style=\"width: 83.0143%;height: 28px\">\n<table style=\"border-collapse: collapse;width: 100%\" border=\"1\">\n<tbody>\n<tr>\n<td style=\"width: 11.6175%\"><strong>Pond\u011bl\u00ed:<\/strong><\/td>\n<td style=\"width: 44.1912%\">\u00a011:00 &#8211; 15:00 (v\u0161eobecn\u00e1 poradna)<\/td>\n<td style=\"width: 44.1912%\">p\u0159\u00edzem\u00ed, Ambulance 2<\/td>\n<\/tr>\n<tr style=\"height: 24px\">\n<td style=\"width: 11.6175%;height: 24px\"><strong>\u00dater\u00fd:<\/strong><\/td>\n<td style=\"width: 44.1912%;height: 24px\">11:30 &#8211; 12:30 (objednan\u00ed pacienti e-ambulance)<br \/>\n11:00 \u2013 15:00 (v\u0161eobecn\u00e1 poradna)<\/td>\n<td style=\"width: 44.1912%\">p\u0159\u00edzem\u00ed, Ambulance 2<\/td>\n<\/tr>\n<tr style=\"height: 24px\">\n<td style=\"width: 11.6175%;height: 24px\"><strong>St\u0159eda:<\/strong><\/td>\n<td style=\"width: 44.1912%;height: 24px\">\n<div>11:00 \u2013 15:00 (inkontinen\u010dn\u00ed poradna)<\/div>\n<\/td>\n<td style=\"width: 44.1912%\">\n<div>p\u0159\u00edzem\u00ed, Ambulance 2<\/div>\n<\/td>\n<\/tr>\n<tr style=\"height: 24px\">\n<td style=\"width: 11.6175%;height: 24px\"><strong>\u010ctvrtek:<\/strong><\/td>\n<td style=\"width: 44.1912%;height: 24px\">\n<div>11:00 \u2013 15:00 (RS demyelin. poradna)<\/div>\n<\/td>\n<td style=\"width: 44.1912%\">\n<div>p\u0159\u00edzem\u00ed, Ambulance 2<\/div>\n<\/td>\n<\/tr>\n<tr style=\"height: 24px\">\n<td style=\"width: 11.6175%;height: 24px\"><strong>P\u00e1tek:<\/strong><\/td>\n<td style=\"width: 44.1912%;height: 24px\">\n<div>12:00 \u2013 15:00 (v\u0161eobecn\u00e1 poradna)<\/div>\n<\/td>\n<td style=\"width: 44.1912%\">\n<div>p\u0159\u00edzem\u00ed, Ambulance 2<\/div>\n<\/td>\n<\/tr>\n<\/tbody>\n<\/table>\n<\/td>\n<\/tr>\n<tr style=\"height: 18px\">\n<td style=\"width: 16.9857%;height: 18px\" colspan=\"2\">\n<div>\n<hr \/>\n<\/div>\n<\/td>\n<\/tr>\n<tr style=\"height: 24px\">\n<td style=\"width: 16.9857%;height: 24px\"><strong>Kde n\u00e1s najdete:<br \/>\n<\/strong><\/td>\n<td style=\"width: 83.0143%;height: 24px\">Budova F<\/td>\n<\/tr>\n<\/tbody>\n<\/table>\n<\/div><\/li><\/ul><\/div><\/div><\/article><\/section>\n<\/div>\n<\/div><\/div>\n<\/div>\n<\/div>\n<\/div>\n<\/div>\n<\/div>\n\n","protected":false},"excerpt":{"rendered":"","protected":false},"author":5,"featured_media":17153,"parent":21528,"menu_order":0,"comment_status":"closed","ping_status":"closed","template":"","meta":{"pgc_sgb_lightbox_settings":"","footnotes":"","_links_to":"","_links_to_target":""},"categories":[85],"class_list":["post-21885","page","type-page","status-publish","has-post-thumbnail","hentry","category-page-oddeleni"],"publishpress_future_action":{"enabled":false,"date":"2026-04-14 02:26:03","action":"change-status","newStatus":"draft","terms":[],"taxonomy":"category","extraData":[]},"publishpress_future_workflow_manual_trigger":{"enabledWorkflows":[]},"_links":{"self":[{"href":"https:\/\/webnemji.azurewebsites.net\/en\/wp-json\/wp\/v2\/pages\/21885","targetHints":{"allow":["GET"]}}],"collection":[{"href":"https:\/\/webnemji.azurewebsites.net\/en\/wp-json\/wp\/v2\/pages"}],"about":[{"href":"https:\/\/webnemji.azurewebsites.net\/en\/wp-json\/wp\/v2\/types\/page"}],"author":[{"embeddable":true,"href":"https:\/\/webnemji.azurewebsites.net\/en\/wp-json\/wp\/v2\/users\/5"}],"replies":[{"embeddable":true,"href":"https:\/\/webnemji.azurewebsites.net\/en\/wp-json\/wp\/v2\/comments?post=21885"}],"version-history":[{"count":0,"href":"https:\/\/webnemji.azurewebsites.net\/en\/wp-json\/wp\/v2\/pages\/21885\/revisions"}],"up":[{"embeddable":true,"href":"https:\/\/webnemji.azurewebsites.net\/en\/wp-json\/wp\/v2\/pages\/21528"}],"wp:featuredmedia":[{"embeddable":true,"href":"https:\/\/webnemji.azurewebsites.net\/en\/wp-json\/wp\/v2\/media\/17153"}],"wp:attachment":[{"href":"https:\/\/webnemji.azurewebsites.net\/en\/wp-json\/wp\/v2\/media?parent=21885"}],"wp:term":[{"taxonomy":"category","embeddable":true,"href":"https:\/\/webnemji.azurewebsites.net\/en\/wp-json\/wp\/v2\/categories?post=21885"}],"curies":[{"name":"wp","href":"https:\/\/api.w.org\/{rel}","templated":true}]}}