{"id":21900,"date":"2023-10-10T10:17:02","date_gmt":"2023-10-10T08:17:02","guid":{"rendered":"https:\/\/nemji.rs-kovarik.cz\/?page_id=21900"},"modified":"2023-11-14T09:07:14","modified_gmt":"2023-11-14T08:07:14","slug":"aro-ambulance","status":"publish","type":"page","link":"https:\/\/webnemji.azurewebsites.net\/en\/oddeleni\/aro\/aro-ambulance\/","title":{"rendered":"ARU Clinics"},"content":{"rendered":"<div id=\"cmsmasters_row_6iluctg3hk\" class=\"cmsmasters_row cmsmasters_color_scheme_default cmsmasters_row_top_default cmsmasters_row_bot_default cmsmasters_row_boxed\">\n<div class=\"cmsmasters_row_outer_parent\">\n<div class=\"cmsmasters_row_overlay\"><\/div>\n<div class=\"cmsmasters_row_outer\">\n<div class=\"cmsmasters_row_inner\">\n<div class=\"cmsmasters_row_margin\">\n<div id=\"cmsmasters_column_sybg7he2sg\" class=\"cmsmasters_column one_first\">\n<div class=\"cmsmasters_column_inner\"><div id=\"cmsmasters_heading_b3c74b95a0\" class=\"cmsmasters_heading_wrap cmsmasters_heading_align_center pageheadingtitle\">\n\t<h1 class=\"cmsmasters_heading\">ARO<\/h1>\n<\/div>\n<\/div><\/div>\n<\/div>\n<\/div>\n<\/div>\n<\/div>\n<\/div>\n<div id=\"cmsmasters_row_ly5ze1hf8e\" class=\"cmsmasters_row cmsmasters_color_scheme_default cmsmasters_row_top_default cmsmasters_row_bot_default cmsmasters_row_boxed\">\n<div class=\"cmsmasters_row_outer_parent\">\n<div class=\"cmsmasters_row_outer\">\n<div class=\"cmsmasters_row_inner\">\n<div class=\"cmsmasters_row_margin\">\n<div id=\"cmsmasters_column_v67ee6nvg7\" class=\"cmsmasters_column one_first\">\n<div class=\"cmsmasters_column_inner\"><div class=\"cmsmasters_text\">\n<p><nav aria-label=\"breadcrumbs\">\n            <div class=\"breadcrumb-container theme1\">\n                <ol>\n                                    <\/ol>\n            <\/div>\n        <\/nav>    <script type=\"application\/ld+json\">\n        {\n            \"@context\": \"http:\/\/schema.org\",\n            \"@type\": \"BreadcrumbList\",\n            \"itemListElement\": [\n                            ]\n        }\n    <\/script>\n   \n    <script>\n            <\/script>\n<\/p>\n<\/div>\n<\/div><\/div>\n<\/div>\n<\/div>\n<\/div>\n<\/div>\n<\/div>\n<div id=\"cmsmasters_row_3f2f8816dd\" class=\"cmsmasters_row cmsmasters_color_scheme_default cmsmasters_row_top_default cmsmasters_row_bot_default cmsmasters_row_boxed\">\n<div class=\"cmsmasters_row_outer_parent\">\n<div class=\"cmsmasters_row_outer\">\n<div class=\"cmsmasters_row_inner\">\n<div class=\"cmsmasters_row_margin\">\n<div id=\"cmsmasters_column_0a1c5940f5\" class=\"cmsmasters_column one_third stickyinfocolumn\">\n<div class=\"cmsmasters_column_inner\"><div id=\"cmsmasters_heading_rva6m2t32d\" class=\"cmsmasters_heading_wrap cmsmasters_heading_align_center\">\n\t<h3 class=\"cmsmasters_heading\">Informace o odd\u011blen\u00ed<\/h3>\n<\/div>\n<div id=\"cmsmasters_divider_dpp34mcdj5\" class=\"cmsmasters_divider cmsmasters_divider_width_short cmsmasters_divider_pos_center\"><\/div>\n<div class=\"cmsmasters_sidebar sidebar_layout_11 sidebar-custom-menu\"><aside id=\"nav_menu-10\" class=\"widget widget_nav_menu\"><div class=\"menu-oddeleni-aro-container\"><ul id=\"menu-oddeleni-aro\" class=\"menu\"><li id=\"menu-item-17946\" class=\"menu-item menu-item-type-custom menu-item-object-custom menu-item-17946\"><a href=\"\/oddeleni\/aro\/#popis-oddeleni\" data-ps2id-api=\"true\"><i class=\"fa-solid fa-info\"><\/i> Popis odd\u011blen\u00ed<\/a><\/li>\n<li id=\"menu-item-17947\" class=\"menu-item menu-item-type-custom menu-item-object-custom menu-item-17947\"><a href=\"\/oddeleni\/aro\/#team\" data-ps2id-api=\"true\"><i class=\"fa-solid fa-user-doctor\"><\/i> Slo\u017een\u00ed t\u00fdmu<\/a><\/li>\n<li id=\"menu-item-17948\" class=\"menu-item menu-item-type-custom menu-item-object-custom menu-item-17948\"><a href=\"\/oddeleni\/aro\/#oteviraci-hodiny\" data-ps2id-api=\"true\"><i class=\"fa-regular fa-clock\"><\/i> Ordina\u010dn\u00ed hodiny<\/a><\/li>\n<li id=\"menu-item-17949\" class=\"menu-item menu-item-type-custom menu-item-object-custom menu-item-17949\"><a href=\"\/oddeleni\/aro\/#kontaktni-informace\" data-ps2id-api=\"true\"><i class=\"fa-solid fa-phone\"><\/i> Kontaktn\u00ed informace<\/a><\/li>\n<li id=\"menu-item-17950\" class=\"menu-item menu-item-type-custom menu-item-object-custom menu-item-17950\"><a href=\"\/oddeleni\/aro\/#kde-nas-najdete\" data-ps2id-api=\"true\"><i class=\"fa-solid fa-location-dot\"><\/i> Kde n\u00e1s najdete<\/a><\/li>\n<li id=\"menu-item-17951\" class=\"menu-item menu-item-type-custom menu-item-object-custom menu-item-17951\"><a href=\"\/oddeleni\/aro\/#fotogalerie\" data-ps2id-api=\"true\"><i class=\"fa-solid fa-camera\"><\/i> Fotogalerie<\/a><\/li>\n<li id=\"menu-item-17952\" class=\"menu-custom-separator menu-item menu-item-type-custom menu-item-object-custom menu-item-17952\"><hr class=\"mhm-menu-separator\"><\/li>\n<li id=\"menu-item-17953\" class=\"static-link menu-item menu-item-type-custom menu-item-object-custom menu-item-17953\"><a href=\"\/oddeleni\/aro\/aro-ambulance\/\" data-ps2id-api=\"true\"><i class=\"fa-solid fa-house-medical\"><\/i> Ambulance<\/a><\/li>\n<li id=\"menu-item-17954\" class=\"static-link menu-item menu-item-type-custom menu-item-object-custom menu-item-17954\"><a href=\"\/oddeleni\/aro\/informace-o-anestezii\/\" data-ps2id-api=\"true\"><i class=\"fa-regular fa-circle-question\"><\/i> Informace o anestezii<\/a><\/li>\n<li id=\"menu-item-17955\" class=\"static-link menu-item menu-item-type-custom menu-item-object-custom menu-item-17955\"><a href=\"\/oddeleni\/aro\/informace-pro-pribuzne\/\" data-ps2id-api=\"true\"><i class=\"fa-solid fa-user-group\"><\/i> Informace pro p\u0159\u00edbuzn\u00e9<\/a><\/li>\n<\/ul><\/div><\/aside><div class=\"cl\"><\/div>\n<\/div>\n<\/div><\/div>\n<div id=\"cmsmasters_column_k7vlyuz4yq\" class=\"cmsmasters_column two_third\">\n<div class=\"cmsmasters_column_inner\"><div class=\"cmsmasters_text hide-index\">\n<p>Ambulance bolesti<\/p>\n<\/div>\n<div id=\"cmsmasters_heading_0cx4mcjjyd\" class=\"cmsmasters_heading_wrap cmsmasters_heading_align_left\">\n\t<h2 class=\"cmsmasters_heading\">ARO ambulance<\/h2>\n<\/div>\n<div id=\"cmsmasters_divider_kul4awri6m\" class=\"cmsmasters_divider cmsmasters_divider_width_short cmsmasters_divider_pos_left\"><\/div>\n<div id=\"cmsmasters_divider_6etaua2ynr\" class=\"cl\"><\/div>\n<div class=\"cmsmasters_text\">\n<section id='' \n                class='helpie-faq accordions ' \n                data-collection='' \n                data-pagination='0' \n                data-search='0' \n                data-pagination-enabled='0'\n                role='region'\n                aria-label='FAQ Section'\n                aria-live='polite'><article class=\"accordion \"><div class='helpie-faq-row'><div class='helpie-faq-col helpie-faq-col-12' ><ul><li class=\"accordion__item \"><div class=\"accordion__header \" \r\n                id=\"accordion-header-post-18077\"\r\n                role=\"button\"\r\n                aria-expanded=\"false\"\r\n                aria-controls=\"accordion-content-post-18077\"\r\n                data-id=\"post-18077\" \r\n                data-item=\"hfaq-post-18077\" \r\n                style=\"background:transparent;\" \r\n                data-tags=\"\"\r\n                tabindex=\"0\"><div class=\"accordion__title\">Ambulance bolesti<\/div><\/div><div id=\"accordion-content-post-18077\" \r\n                class=\"accordion__body\" \r\n                role=\"region\"\r\n                aria-labelledby=\"accordion-header-post-18077\"\r\n                style=\"background:transparent;\"><p><span style=\"font-size: 14px\">Ambulance l\u00e9\u010dby bolesti ARO Nemocnice Jihlava (algesiologick\u00e1 ambulance) poskytuje slu\u017eby pacient\u016fm str\u00e1daj\u00edc\u00edmi chronickou a nezti\u0161itelnou bolest\u00ed ji\u017e od roku 1993. V sou\u010dasn\u00e9 dob\u011b je v provozu ka\u017ed\u00fd pracovn\u00ed den od 9:00 do 12:00 a od 12:30 do 14:00 hod. Mimo tyto hodiny pe\u010duje algesiologick\u00fd t\u00fdm o pacienty s akutn\u00ed poopera\u010dn\u00ed bolest\u00ed.<\/span><\/p>\n<h5><strong><span style=\"font-size: 14px\">Kdo je indikov\u00e1n k\u00a0l\u00e9\u010db\u011b v na\u0161\u00ed ambulance?<\/span><\/strong><\/h5>\n<p><span style=\"font-size: 14px\">Ka\u017ed\u00fd nemocn\u00fd str\u00e1daj\u00edc\u00ed chronickou bolest\u00ed trvaj\u00edc\u00ed d\u00e9le ne\u017e 3-6 m\u011bs\u00edc\u016f, jej\u00ed\u017e p\u0159\u00ed\u010dina je diagnostikov\u00e1na, ale obt\u00ed\u017en\u011b \u0159e\u0161iteln\u00e1 nebo v\u016fbec neovlivniteln\u00e1. Nej\u010dast\u011bji se jedn\u00e1 o bolesti zad, kloub\u016f, hlavy, neuropatick\u00e9 bolesti nebo bolestiv\u00e9 stavy doprov\u00e1zej\u00edc\u00ed pokro\u010dil\u00e1 stadia onkologick\u00fdch onemocn\u011bn\u00ed.<\/span><br \/>\n<span style=\"font-size: 14px\">Nemocn\u00e9ho na na\u0161e pracovi\u0161t\u011b mus\u00ed odeslat bu\u010f praktick\u00fd l\u00e9ka\u0159 nebo specialista se zpr\u00e1vou, v\u00a0n\u00ed\u017e je zahrnut stru\u010dn\u00fd souhrn diagnostick\u00fdch vy\u0161et\u0159en\u00ed, sou\u010dasn\u00e1 medikace, v\u0161echny zn\u00e1m\u00e9 alergie a jasn\u011b popsan\u00e1 p\u0159\u00ed\u010dina\/p\u0159\u00ed\u010diny st\u00e1vaj\u00edc\u00edho bolestiv\u00e9ho stavu.<\/span><\/p>\n<h5><strong><span style=\"font-size: 14px\">Kdo by na ambulanci bolesti nem\u011bl b\u00fdt odes\u00edl\u00e1n?<\/span><\/strong><\/h5>\n<p><span style=\"font-size: 14px\">Existuje pouze jedin\u00e1 kontraindikace p\u0159ijet\u00ed pacienta do algesiologick\u00e9 p\u00e9\u010de a tou je bolest nezn\u00e1m\u00e9 nebo dosud neobjasn\u011bn\u00e9 p\u0159\u00ed\u010diny.<\/span><\/p>\n<h5><strong><span style=\"font-size: 14px\">Co je pot\u0159eba ke vstupn\u00edmu vy\u0161et\u0159en\u00ed v\u00a0algesiologick\u00e9 ambulanci?<\/span><\/strong><\/h5>\n<p><span style=\"font-size: 14px\">Doporu\u010den\u00ed praktick\u00e9ho l\u00e9ka\u0159e nebo p\u0159\u00edslu\u0161n\u00e9ho specialisty s\u00a0v\u00fd\u0161e zm\u00edn\u011bnou stru\u010dnou zpr\u00e1vou.<\/span><\/p>\n<h5><strong><span style=\"font-size: 14px\">Co od n\u00e1s m\u016f\u017ee nemocn\u00fd o\u010dek\u00e1vat?<\/span><\/strong><\/h5>\n<p><span style=\"font-size: 14px\">Stanoven\u00ed racion\u00e1ln\u00edho terapeutick\u00e9ho pl\u00e1nu, jeho\u017e c\u00edlem nen\u00ed odstran\u011bn\u00ed bolesti, nebo\u0165 to ani nen\u00ed re\u00e1ln\u00e9, ale pouze sn\u00ed\u017een\u00ed jej\u00ed intenzity na nejni\u017e\u0161\u00ed mo\u017enou m\u00edru a zlep\u0161en\u00ed kvality sp\u00e1nku, pokud tato byla ru\u0161ena bolestmi.<\/span><br \/>\n<span style=\"font-size: 14px\">K\u00a0dosa\u017een\u00ed t\u011bchto c\u00edl\u016f zpravidla b\u00fdv\u00e1 nutno doplnit zavedenou farmakoterapii s\u00e9riemi analgetick\u00fdch infus\u00ed, invazivn\u00edmi metodami (nap\u0159. c\u00edlen\u00e9 epidur\u00e1ln\u00ed obst\u0159iky) a pou\u017eit\u00edm dal\u0161\u00edch \u00fa\u010dinn\u00fdch nefarmakologick\u00fdch metod, hlavn\u011b rehabilitace a psychoterapie.<\/span><\/p>\n<table style=\"border-collapse: collapse;width: 99.2089%;height: 158px\" border=\"1\">\n<tbody>\n<tr style=\"height: 10px\">\n<td style=\"width: 16.9857%;height: 10px\"><strong>L\u00e9ka\u0159i:<\/strong><\/td>\n<td class=\"xl26\" style=\"width: 83.0143%;height: 10px\" width=\"256\">MUDr. Petr Cvr\u010dek, Ph.D.<\/td>\n<\/tr>\n<tr style=\"height: 18px\">\n<td style=\"width: 16.9857%;height: 18px\" colspan=\"2\">\n<div>\n<hr \/>\n<\/div>\n<\/td>\n<\/tr>\n<tr style=\"height: 24px\">\n<td style=\"width: 16.9857%;height: 24px\"><strong>Telefon:<\/strong><\/td>\n<td class=\"xl28\" style=\"width: 83.0143%;height: 24px\" width=\"256\" height=\"17\">+420 567 157 689<\/td>\n<\/tr>\n<tr style=\"height: 18px\">\n<td style=\"width: 16.9857%;height: 18px\" colspan=\"2\">\n<div>\n<hr \/>\n<\/div>\n<\/td>\n<\/tr>\n<tr style=\"height: 28px\">\n<td style=\"width: 16.9857%;height: 28px\"><strong>Ordina\u010dn\u00ed hodiny:<\/strong><\/td>\n<td style=\"width: 83.0143%;height: 28px\">\n<table style=\"border-collapse: collapse;width: 100%\" border=\"1\">\n<tbody>\n<tr>\n<td style=\"width: 11.6175%\"><strong>PO &#8211; P\u00c1:<\/strong><\/td>\n<td style=\"width: 88.3825%\">8:30 \u2013 15:00<\/td>\n<\/tr>\n<\/tbody>\n<\/table>\n<\/td>\n<\/tr>\n<tr style=\"height: 18px\">\n<td style=\"width: 16.9857%;height: 18px\" colspan=\"2\">\n<div>\n<hr \/>\n<\/div>\n<\/td>\n<\/tr>\n<tr style=\"height: 24px\">\n<td style=\"width: 16.9857%;height: 24px\"><strong>Kde n\u00e1s najdete:<br \/>\n<\/strong><\/td>\n<td style=\"width: 83.0143%;height: 24px\">Budova G, 1. patro<\/td>\n<\/tr>\n<\/tbody>\n<\/table>\n<\/div><\/li><\/ul><\/div><\/div><\/article><\/section>\n<\/div>\n<\/div><\/div>\n<\/div>\n<\/div>\n<\/div>\n<\/div>\n<\/div>\n<div id=\"cmsmasters_row_4kb0apw7ag\" class=\"cmsmasters_row cmsmasters_color_scheme_default cmsmasters_row_top_default cmsmasters_row_bot_default cmsmasters_row_boxed\">\n<div class=\"cmsmasters_row_outer_parent\">\n<div class=\"cmsmasters_row_outer\">\n<div class=\"cmsmasters_row_inner\">\n<div class=\"cmsmasters_row_margin\">\n<div id=\"cmsmasters_column_nwwitfqy0a\" class=\"cmsmasters_column one_first\">\n<div class=\"cmsmasters_column_inner\"><\/div><\/div>\n<\/div>\n<\/div>\n<\/div>\n<\/div>\n<\/div>\n\n","protected":false},"excerpt":{"rendered":"","protected":false},"author":1,"featured_media":17128,"parent":17959,"menu_order":0,"comment_status":"closed","ping_status":"closed","template":"","meta":{"pgc_sgb_lightbox_settings":"","footnotes":"","_links_to":"","_links_to_target":""},"categories":[85],"class_list":["post-21900","page","type-page","status-publish","has-post-thumbnail","hentry","category-page-oddeleni"],"publishpress_future_action":{"enabled":false,"date":"2026-04-17 09:26:05","action":"change-status","newStatus":"draft","terms":[],"taxonomy":"category","extraData":[]},"publishpress_future_workflow_manual_trigger":{"enabledWorkflows":[]},"_links":{"self":[{"href":"https:\/\/webnemji.azurewebsites.net\/en\/wp-json\/wp\/v2\/pages\/21900","targetHints":{"allow":["GET"]}}],"collection":[{"href":"https:\/\/webnemji.azurewebsites.net\/en\/wp-json\/wp\/v2\/pages"}],"about":[{"href":"https:\/\/webnemji.azurewebsites.net\/en\/wp-json\/wp\/v2\/types\/page"}],"author":[{"embeddable":true,"href":"https:\/\/webnemji.azurewebsites.net\/en\/wp-json\/wp\/v2\/users\/1"}],"replies":[{"embeddable":true,"href":"https:\/\/webnemji.azurewebsites.net\/en\/wp-json\/wp\/v2\/comments?post=21900"}],"version-history":[{"count":0,"href":"https:\/\/webnemji.azurewebsites.net\/en\/wp-json\/wp\/v2\/pages\/21900\/revisions"}],"up":[{"embeddable":true,"href":"https:\/\/webnemji.azurewebsites.net\/en\/wp-json\/wp\/v2\/pages\/17959"}],"wp:featuredmedia":[{"embeddable":true,"href":"https:\/\/webnemji.azurewebsites.net\/en\/wp-json\/wp\/v2\/media\/17128"}],"wp:attachment":[{"href":"https:\/\/webnemji.azurewebsites.net\/en\/wp-json\/wp\/v2\/media?parent=21900"}],"wp:term":[{"taxonomy":"category","embeddable":true,"href":"https:\/\/webnemji.azurewebsites.net\/en\/wp-json\/wp\/v2\/categories?post=21900"}],"curies":[{"name":"wp","href":"https:\/\/api.w.org\/{rel}","templated":true}]}}