{"id":21914,"date":"2023-10-10T10:42:47","date_gmt":"2023-10-10T08:42:47","guid":{"rendered":"https:\/\/nemji.rs-kovarik.cz\/?page_id=21914"},"modified":"2023-10-25T08:20:15","modified_gmt":"2023-10-25T06:20:15","slug":"operacni-saly","status":"publish","type":"page","link":"https:\/\/webnemji.azurewebsites.net\/en\/oddeleni\/centralni-operacni-saly-a-sterilizace\/operacni-saly\/","title":{"rendered":"Opera\u010dn\u00ed s\u00e1ly"},"content":{"rendered":"<div id=\"cmsmasters_row_6iluctg3hk\" class=\"cmsmasters_row cmsmasters_color_scheme_default cmsmasters_row_top_default cmsmasters_row_bot_default cmsmasters_row_boxed\">\n<div class=\"cmsmasters_row_outer_parent\">\n<div class=\"cmsmasters_row_overlay\"><\/div>\n<div class=\"cmsmasters_row_outer\">\n<div class=\"cmsmasters_row_inner\">\n<div class=\"cmsmasters_row_margin\">\n<div id=\"cmsmasters_column_sybg7he2sg\" class=\"cmsmasters_column one_first\">\n<div class=\"cmsmasters_column_inner\"><div id=\"cmsmasters_heading_b3c74b95a0\" class=\"cmsmasters_heading_wrap cmsmasters_heading_align_center pageheadingtitle\">\n\t<h1 class=\"cmsmasters_heading\">Centr\u00e1ln\u00ed opera\u010dn\u00ed s\u00e1ly a sterilizace<\/h1>\n<\/div>\n<\/div><\/div>\n<\/div>\n<\/div>\n<\/div>\n<\/div>\n<\/div>\n<div id=\"cmsmasters_row_ly5ze1hf8e\" class=\"cmsmasters_row cmsmasters_color_scheme_default cmsmasters_row_top_default cmsmasters_row_bot_default cmsmasters_row_boxed\">\n<div class=\"cmsmasters_row_outer_parent\">\n<div class=\"cmsmasters_row_outer\">\n<div class=\"cmsmasters_row_inner\">\n<div class=\"cmsmasters_row_margin\">\n<div id=\"cmsmasters_column_v67ee6nvg7\" class=\"cmsmasters_column one_first\">\n<div class=\"cmsmasters_column_inner\"><div class=\"cmsmasters_text\">\n<p><nav aria-label=\"breadcrumbs\">\n            <div class=\"breadcrumb-container theme1\">\n                <ol>\n                                    <\/ol>\n            <\/div>\n        <\/nav>    <script type=\"application\/ld+json\">\n        {\n            \"@context\": \"http:\/\/schema.org\",\n            \"@type\": \"BreadcrumbList\",\n            \"itemListElement\": [\n                            ]\n        }\n    <\/script>\n   \n    <script>\n            <\/script>\n<\/p>\n<\/div>\n<\/div><\/div>\n<\/div>\n<\/div>\n<\/div>\n<\/div>\n<\/div>\n<div id=\"cmsmasters_row_3f2f8816dd\" class=\"cmsmasters_row cmsmasters_color_scheme_default cmsmasters_row_top_default cmsmasters_row_bot_default cmsmasters_row_boxed\">\n<div class=\"cmsmasters_row_outer_parent\">\n<div class=\"cmsmasters_row_outer\">\n<div class=\"cmsmasters_row_inner\">\n<div class=\"cmsmasters_row_margin\">\n<div id=\"cmsmasters_column_0a1c5940f5\" class=\"cmsmasters_column one_third stickyinfocolumn\">\n<div class=\"cmsmasters_column_inner\"><div id=\"cmsmasters_heading_rva6m2t32d\" class=\"cmsmasters_heading_wrap cmsmasters_heading_align_center\">\n\t<h3 class=\"cmsmasters_heading\">Informace o odd\u011blen\u00ed<\/h3>\n<\/div>\n<div id=\"cmsmasters_divider_dpp34mcdj5\" class=\"cmsmasters_divider cmsmasters_divider_width_short cmsmasters_divider_pos_center\"><\/div>\n<div class=\"cmsmasters_sidebar sidebar_layout_11 sidebar-custom-menu\"><aside id=\"nav_menu-15\" class=\"widget widget_nav_menu\"><div class=\"menu-oddeleni-cos-container\"><ul id=\"menu-oddeleni-cos\" class=\"menu\"><li id=\"menu-item-19142\" class=\"menu-item menu-item-type-custom menu-item-object-custom menu-item-19142\"><a href=\"\/oddeleni\/centralni-operacni-saly-a-sterilizace\/#popis-oddeleni\" data-ps2id-api=\"true\"><i class=\"fa-solid fa-info\"><\/i> Popis odd\u011blen\u00ed<\/a><\/li>\n<li id=\"menu-item-19143\" class=\"menu-item menu-item-type-custom menu-item-object-custom menu-item-19143\"><a href=\"\/oddeleni\/centralni-operacni-saly-a-sterilizace\/#personalni-obsazeni\" data-ps2id-api=\"true\"><i class=\"fa-solid fa-user-doctor\"><\/i> Person\u00e1ln\u00ed obsazen\u00ed<\/a><\/li>\n<li id=\"menu-item-19144\" class=\"menu-item menu-item-type-custom menu-item-object-custom menu-item-19144\"><a href=\"\/oddeleni\/centralni-operacni-saly-a-sterilizace\/#oteviraci-hodiny\" data-ps2id-api=\"true\"><i class=\"fa-regular fa-clock\"><\/i> Ordina\u010dn\u00ed hodiny<\/a><\/li>\n<li id=\"menu-item-19145\" class=\"menu-item menu-item-type-custom menu-item-object-custom menu-item-19145\"><a href=\"\/oddeleni\/centralni-operacni-saly-a-sterilizace\/#kontaktni-informace\" data-ps2id-api=\"true\"><i class=\"fa-solid fa-phone\"><\/i> Kontaktn\u00ed informace<\/a><\/li>\n<li id=\"menu-item-19146\" class=\"menu-item menu-item-type-custom menu-item-object-custom menu-item-19146\"><a href=\"\/oddeleni\/centralni-operacni-saly-a-sterilizace\/#kde-nas-najdete\" data-ps2id-api=\"true\"><i class=\"fa-solid fa-location-dot\"><\/i> Kde n\u00e1s najdete<\/a><\/li>\n<li id=\"menu-item-19147\" class=\"menu-item menu-item-type-custom menu-item-object-custom menu-item-19147\"><a href=\"\/oddeleni\/centralni-operacni-saly-a-sterilizace\/#fotogalerie\" data-ps2id-api=\"true\"><i class=\"fa-solid fa-camera\"><\/i> Fotogalerie<\/a><\/li>\n<li id=\"menu-item-19148\" class=\"menu-custom-separator menu-item menu-item-type-custom menu-item-object-custom menu-item-19148\"><hr class=\"mhm-menu-separator\"><\/li>\n<li id=\"menu-item-35084\" class=\"menu-item menu-item-type-custom menu-item-object-custom menu-item-35084\"><a href=\"\/wp-content\/uploads\/2026\/02\/zadanka-na-sterilizaci-ex.pdf\" data-ps2id-api=\"true\"><i class=\"fa-solid fa-list-check\"><\/i> \u017d\u00e1danka extern\u00ed z\u00e1kazn\u00edk<\/a><\/li>\n<li id=\"menu-item-19151\" class=\"static-link menu-item menu-item-type-custom menu-item-object-custom menu-item-19151\"><a href=\"\/oddeleni\/centralni-operacni-saly-a-sterilizace\/spektrum-pece\/\" data-ps2id-api=\"true\"><i class=\"fa-solid fa-stethoscope\"><\/i> Spektrum p\u00e9\u010de<\/a><\/li>\n<li id=\"menu-item-21913\" class=\"static-link menu-item menu-item-type-custom menu-item-object-custom menu-item-21913\"><a href=\"\/oddeleni\/centralni-operacni-saly-a-sterilizace\/operacni-saly\/\" data-ps2id-api=\"true\"><i class=\"fa-solid fa-mask-face\"><\/i> Opera\u010dn\u00ed s\u00e1ly<\/a><\/li>\n<\/ul><\/div><\/aside><div class=\"cl\"><\/div>\n<\/div>\n<\/div><\/div>\n<div id=\"cmsmasters_column_k7vlyuz4yq\" class=\"cmsmasters_column two_third\">\n<div class=\"cmsmasters_column_inner\"><div id=\"cmsmasters_heading_0cx4mcjjyd\" class=\"cmsmasters_heading_wrap cmsmasters_heading_align_left\">\n\t<h2 class=\"cmsmasters_heading\">Opera\u010dn\u00ed s\u00e1ly<\/h2>\n<\/div><div id=\"cmsmasters_divider_kul4awri6m\" class=\"cmsmasters_divider cmsmasters_divider_width_short cmsmasters_divider_pos_left\"><\/div><div class=\"cmsmasters_text\">\n<style type=\"text\/css\"><\/style><section id='' \n                class='helpie-faq accordions groupSettings-263__enabled' \n                data-collection='' \n                data-pagination='0' \n                data-search='0' \n                data-pagination-enabled='0'\n                role='region'\n                aria-label='FAQ Section'\n                aria-live='polite'><form class=\"search\" onSubmit=\"return false;\"><div class=\"search__wrapper\"><input type=\"text\" class=\"search__input\" aria-label=\"Search\" role=\"searchbox\" placeholder=\"Vyhledat\"><span class=\"search__icon\"><svg class=\"svg-icon--search\" role=\"img\" xmlns=\"http:\/\/www.w3.org\/2000\/svg\" viewBox=\"0 0 22 22\">\r\n                        <g fill=\"none\" stroke=\"#171717\">\r\n                            <path stroke-linecap=\"square\" stroke-width=\"2\" d=\"M18.5 18.3l-5.4-5.4\"\/>\r\n                            <circle cx=\"8\" cy=\"8\" r=\"7\" stroke-width=\"2\"\/>\r\n                        <\/g>\r\n                    <\/svg><\/span><\/div><div class=\"search__message\"><\/div><\/form><article class=\"accordion \"><div class='helpie-faq-row'><div class='helpie-faq-col helpie-faq-col-12' ><ul><li class=\"accordion__item \"><div class=\"accordion__header \" \r\n                id=\"accordion-header-post-21916\"\r\n                role=\"button\"\r\n                aria-expanded=\"false\"\r\n                aria-controls=\"accordion-content-post-21916\"\r\n                data-id=\"post-21916\" \r\n                data-item=\"hfaq-post-21916\" \r\n                style=\"background:transparent;\" \r\n                data-tags=\"\"\r\n                tabindex=\"0\"><div class=\"accordion__title\">Gynekologick\u00fd s\u00e1l<\/div><\/div><div id=\"accordion-content-post-21916\" \r\n                class=\"accordion__body\" \r\n                role=\"region\"\r\n                aria-labelledby=\"accordion-header-post-21916\"\r\n                style=\"background:transparent;\"><\/div><\/li><li class=\"accordion__item \"><div class=\"accordion__header \" \r\n                id=\"accordion-header-post-21917\"\r\n                role=\"button\"\r\n                aria-expanded=\"false\"\r\n                aria-controls=\"accordion-content-post-21917\"\r\n                data-id=\"post-21917\" \r\n                data-item=\"hfaq-post-21917\" \r\n                style=\"background:transparent;\" \r\n                data-tags=\"\"\r\n                tabindex=\"0\"><div class=\"accordion__title\">S\u00e1l jednodenn\u00ed chirurgie<\/div><\/div><div id=\"accordion-content-post-21917\" \r\n                class=\"accordion__body\" \r\n                role=\"region\"\r\n                aria-labelledby=\"accordion-header-post-21917\"\r\n                style=\"background:transparent;\"><\/div><\/li><li class=\"accordion__item \"><div class=\"accordion__header \" \r\n                id=\"accordion-header-post-21918\"\r\n                role=\"button\"\r\n                aria-expanded=\"false\"\r\n                aria-controls=\"accordion-content-post-21918\"\r\n                data-id=\"post-21918\" \r\n                data-item=\"hfaq-post-21918\" \r\n                style=\"background:transparent;\" \r\n                data-tags=\"\"\r\n                tabindex=\"0\"><div class=\"accordion__title\">S\u00e1l robotick\u00e9 operativy<\/div><\/div><div id=\"accordion-content-post-21918\" \r\n                class=\"accordion__body\" \r\n                role=\"region\"\r\n                aria-labelledby=\"accordion-header-post-21918\"\r\n                style=\"background:transparent;\"><p>Robot Da Vinci je chirurgick\u00fd robotick\u00fd syst\u00e9m, kter\u00fd umo\u017e\u0148uje l\u00e9ka\u0159\u016fm prov\u00e1d\u011bt minim\u00e1ln\u011b invazivn\u00ed chirurgick\u00e9 z\u00e1kroky. N\u00e1zev je odvozen od slavn\u00e9ho italsk\u00e9ho vyn\u00e1lezce a um\u011blce Leonarda da Vinciho. Tento syst\u00e9m byl vyvinut k podpo\u0159e chirurgick\u00fdch z\u00e1krok\u016f ve specializovan\u00fdch oblastech, jako jsou urologie, gynekologie, kardiochirurgie a dal\u0161\u00ed.<\/p>\n<p>N\u011bkolik kl\u00ed\u010dov\u00fdch vlastnost\u00ed a fakt\u016f o robotu Da Vinci zahrnuje:<\/p>\n<p>Minim\u00e1ln\u011b invazivn\u00ed chirurgie: Da Vinci umo\u017e\u0148uje l\u00e9ka\u0159\u016fm prov\u00e1d\u011bt chirurgick\u00e9 z\u00e1kroky pomoc\u00ed mal\u00fdch \u0159ez\u016f, co\u017e \u010dasto vede ke sn\u00ed\u017een\u00e9mu traumatu pacienta, rychlej\u0161\u00edmu zotaven\u00ed a men\u0161\u00edm komplikac\u00edm.<br \/>\nTelechirurgie: Syst\u00e9m umo\u017e\u0148uje l\u00e9ka\u0159i ovl\u00e1dat robotick\u00e9 n\u00e1stroje pomoc\u00ed konzoly, co\u017e p\u0159en\u00e1\u0161\u00ed pohyby chirurga na chirurgick\u00e9 n\u00e1stroje.<br \/>\n3D vizualizace: Chirurg m\u00e1 k dispozici vysokorychlostn\u00ed 3D vizualizaci chirurgick\u00e9ho pole, co\u017e mu umo\u017e\u0148uje vid\u011bt detaily operace l\u00e9pe ne\u017e u tradi\u010dn\u00edch chirurgick\u00fdch postup\u016f.<\/p>\n<p>P\u0159esnost a \u0161etrnost: D\u00edky precizn\u00edm pohyb\u016fm a mo\u017enosti pracovat s men\u0161\u00edmi prost\u0159edky m\u016f\u017ee Da Vinci pomoci minimalizovat po\u0161kozen\u00ed okoln\u00edch tk\u00e1n\u00ed.<\/p>\n<p>V\u00fdhody pro pacienty: Pacienti, kte\u0159\u00ed byli podrobeni operac\u00edm s vyu\u017eit\u00edm Da Vinciho syst\u00e9mu, \u010dasto zaznamen\u00e1vaj\u00ed rychlej\u0161\u00ed zotaven\u00ed, men\u0161\u00ed jizvy a sn\u00ed\u017een\u00e9 bolesti.<\/p>\n<p>Je v\u0161ak d\u016fle\u017eit\u00e9 si uv\u011bdomit, \u017ee ka\u017ed\u00e1 operace s robotem Da Vinci z\u00e1vis\u00ed na zku\u0161enostech a \u0161kolen\u00ed l\u00e9ka\u0159e, kter\u00fd syst\u00e9m ovl\u00e1d\u00e1.<\/p>\n<\/div><\/li><li class=\"accordion__item \"><div class=\"accordion__header \" \r\n                id=\"accordion-header-post-21919\"\r\n                role=\"button\"\r\n                aria-expanded=\"false\"\r\n                aria-controls=\"accordion-content-post-21919\"\r\n                data-id=\"post-21919\" \r\n                data-item=\"hfaq-post-21919\" \r\n                style=\"background:transparent;\" \r\n                data-tags=\"\"\r\n                tabindex=\"0\"><div class=\"accordion__title\">S\u00e1l pro urologickou endoskopii<\/div><\/div><div id=\"accordion-content-post-21919\" \r\n                class=\"accordion__body\" \r\n                role=\"region\"\r\n                aria-labelledby=\"accordion-header-post-21919\"\r\n                style=\"background:transparent;\"><\/div><\/li><\/ul><\/div><\/div><\/article><\/section>\n<\/div>\n<\/div><\/div>\n<\/div>\n<\/div>\n<\/div>\n<\/div>\n<\/div>\n\n","protected":false},"excerpt":{"rendered":"","protected":false},"author":1,"featured_media":19772,"parent":19140,"menu_order":0,"comment_status":"closed","ping_status":"closed","template":"","meta":{"pgc_sgb_lightbox_settings":"","footnotes":"","_links_to":"","_links_to_target":""},"categories":[85],"class_list":["post-21914","page","type-page","status-publish","has-post-thumbnail","hentry","category-page-oddeleni"],"publishpress_future_action":{"enabled":false,"date":"2026-04-11 12:41:37","action":"change-status","newStatus":"draft","terms":[],"taxonomy":"category","extraData":[]},"publishpress_future_workflow_manual_trigger":{"enabledWorkflows":[]},"_links":{"self":[{"href":"https:\/\/webnemji.azurewebsites.net\/en\/wp-json\/wp\/v2\/pages\/21914","targetHints":{"allow":["GET"]}}],"collection":[{"href":"https:\/\/webnemji.azurewebsites.net\/en\/wp-json\/wp\/v2\/pages"}],"about":[{"href":"https:\/\/webnemji.azurewebsites.net\/en\/wp-json\/wp\/v2\/types\/page"}],"author":[{"embeddable":true,"href":"https:\/\/webnemji.azurewebsites.net\/en\/wp-json\/wp\/v2\/users\/1"}],"replies":[{"embeddable":true,"href":"https:\/\/webnemji.azurewebsites.net\/en\/wp-json\/wp\/v2\/comments?post=21914"}],"version-history":[{"count":0,"href":"https:\/\/webnemji.azurewebsites.net\/en\/wp-json\/wp\/v2\/pages\/21914\/revisions"}],"up":[{"embeddable":true,"href":"https:\/\/webnemji.azurewebsites.net\/en\/wp-json\/wp\/v2\/pages\/19140"}],"wp:featuredmedia":[{"embeddable":true,"href":"https:\/\/webnemji.azurewebsites.net\/en\/wp-json\/wp\/v2\/media\/19772"}],"wp:attachment":[{"href":"https:\/\/webnemji.azurewebsites.net\/en\/wp-json\/wp\/v2\/media?parent=21914"}],"wp:term":[{"taxonomy":"category","embeddable":true,"href":"https:\/\/webnemji.azurewebsites.net\/en\/wp-json\/wp\/v2\/categories?post=21914"}],"curies":[{"name":"wp","href":"https:\/\/api.w.org\/{rel}","templated":true}]}}