{"id":21923,"date":"2023-10-10T10:50:08","date_gmt":"2023-10-10T08:50:08","guid":{"rendered":"https:\/\/nemji.rs-kovarik.cz\/?page_id=21923"},"modified":"2025-10-08T12:27:05","modified_gmt":"2025-10-08T10:27:05","slug":"spektrum-pece","status":"publish","type":"page","link":"https:\/\/webnemji.azurewebsites.net\/en\/oddeleni\/kozni-oddeleni\/spektrum-pece\/","title":{"rendered":"Spectrum of provided care"},"content":{"rendered":"<div id=\"cmsmasters_row_6iluctg3hk\" class=\"cmsmasters_row cmsmasters_color_scheme_default cmsmasters_row_top_default cmsmasters_row_bot_default cmsmasters_row_boxed\">\n<div class=\"cmsmasters_row_outer_parent\">\n<div class=\"cmsmasters_row_overlay\"><\/div>\n<div class=\"cmsmasters_row_outer\">\n<div class=\"cmsmasters_row_inner\">\n<div class=\"cmsmasters_row_margin\">\n<div id=\"cmsmasters_column_sybg7he2sg\" class=\"cmsmasters_column one_first\">\n<div class=\"cmsmasters_column_inner\"><div id=\"cmsmasters_heading_b3c74b95a0\" class=\"cmsmasters_heading_wrap cmsmasters_heading_align_center pageheadingtitle\">\n\t<h1 class=\"cmsmasters_heading\">Ko\u017en\u00ed odd\u011blen\u00ed<\/h1>\n<\/div>\n<\/div><\/div>\n<\/div>\n<\/div>\n<\/div>\n<\/div>\n<\/div>\n<div id=\"cmsmasters_row_ly5ze1hf8e\" class=\"cmsmasters_row cmsmasters_color_scheme_default cmsmasters_row_top_default cmsmasters_row_bot_default cmsmasters_row_boxed\">\n<div class=\"cmsmasters_row_outer_parent\">\n<div class=\"cmsmasters_row_outer\">\n<div class=\"cmsmasters_row_inner\">\n<div class=\"cmsmasters_row_margin\">\n<div id=\"cmsmasters_column_v67ee6nvg7\" class=\"cmsmasters_column one_first\">\n<div class=\"cmsmasters_column_inner\"><div class=\"cmsmasters_text\">\n<p><nav aria-label=\"breadcrumbs\">\n            <div class=\"breadcrumb-container theme1\">\n                <ol>\n                                    <\/ol>\n            <\/div>\n        <\/nav>    <script type=\"application\/ld+json\">\n        {\n            \"@context\": \"http:\/\/schema.org\",\n            \"@type\": \"BreadcrumbList\",\n            \"itemListElement\": [\n                            ]\n        }\n    <\/script>\n   \n    <script>\n            <\/script>\n<\/p>\n<\/div>\n<\/div><\/div>\n<\/div>\n<\/div>\n<\/div>\n<\/div>\n<\/div>\n<div id=\"cmsmasters_row_3f2f8816dd\" class=\"cmsmasters_row cmsmasters_color_scheme_default cmsmasters_row_top_default cmsmasters_row_bot_default cmsmasters_row_boxed\">\n<div class=\"cmsmasters_row_outer_parent\">\n<div class=\"cmsmasters_row_outer\">\n<div class=\"cmsmasters_row_inner\">\n<div class=\"cmsmasters_row_margin\">\n<div id=\"cmsmasters_column_0a1c5940f5\" class=\"cmsmasters_column one_third stickyinfocolumn\">\n<div class=\"cmsmasters_column_inner\"><div id=\"cmsmasters_heading_rva6m2t32d\" class=\"cmsmasters_heading_wrap cmsmasters_heading_align_center\">\n\t<h3 class=\"cmsmasters_heading\">Informace o odd\u011blen\u00ed<\/h3>\n<\/div>\n<div id=\"cmsmasters_divider_dpp34mcdj5\" class=\"cmsmasters_divider cmsmasters_divider_width_short cmsmasters_divider_pos_center\"><\/div>\n<div class=\"cmsmasters_sidebar sidebar_layout_11 sidebar-custom-menu\"><aside id=\"nav_menu-9\" class=\"widget widget_nav_menu\"><div class=\"menu-oddeleni-kozni-container\"><ul id=\"menu-oddeleni-kozni\" class=\"menu\"><li id=\"menu-item-17623\" class=\"menu-item menu-item-type-custom menu-item-object-custom menu-item-17623\"><a href=\"\/oddeleni\/kozni-oddeleni\/#popis-oddeleni\" data-ps2id-api=\"true\"><i class=\"fa-solid fa-info\"><\/i> Popis odd\u011blen\u00ed<\/a><\/li>\n<li id=\"menu-item-17624\" class=\"menu-item menu-item-type-custom menu-item-object-custom menu-item-17624\"><a href=\"\/oddeleni\/kozni-oddeleni\/#personalni-obsazeni\" data-ps2id-api=\"true\"><i class=\"fa-solid fa-user-doctor\"><\/i> Person\u00e1ln\u00ed obsazen\u00ed<\/a><\/li>\n<li id=\"menu-item-17625\" class=\"menu-item menu-item-type-custom menu-item-object-custom menu-item-17625\"><a href=\"\/oddeleni\/kozni-oddeleni\/#oteviraci-hodiny\" data-ps2id-api=\"true\"><i class=\"fa-regular fa-clock\"><\/i> Ordina\u010dn\u00ed hodiny<\/a><\/li>\n<li id=\"menu-item-17626\" class=\"menu-item menu-item-type-custom menu-item-object-custom menu-item-17626\"><a href=\"\/oddeleni\/kozni-oddeleni\/#kontaktni-informace\" data-ps2id-api=\"true\"><i class=\"fa-solid fa-phone\"><\/i> Kontaktn\u00ed informace<\/a><\/li>\n<li id=\"menu-item-17627\" class=\"menu-item menu-item-type-custom menu-item-object-custom menu-item-17627\"><a href=\"\/oddeleni\/kozni-oddeleni\/#kde-nas-najdete\" data-ps2id-api=\"true\"><i class=\"fa-solid fa-location-dot\"><\/i> Kde n\u00e1s najdete<\/a><\/li>\n<li id=\"menu-item-17628\" class=\"menu-item menu-item-type-custom menu-item-object-custom menu-item-17628\"><a href=\"\/oddeleni\/kozni-oddeleni\/#fotogalerie\" data-ps2id-api=\"true\"><i class=\"fa-solid fa-camera\"><\/i> Fotogalerie<\/a><\/li>\n<li id=\"menu-item-17629\" class=\"menu-custom-separator menu-item menu-item-type-custom menu-item-object-custom menu-item-17629\"><hr class=\"mhm-menu-separator\"><\/li>\n<li id=\"menu-item-17630\" class=\"static-link menu-item menu-item-type-custom menu-item-object-custom menu-item-17630\"><a href=\"\/oddeleni\/kozni-oddeleni\/kozni-ambulance\/\" data-ps2id-api=\"true\"><i class=\"fa-solid fa-house-medical\"><\/i> Ambulance<\/a><\/li>\n<li id=\"menu-item-19814\" class=\"static-link menu-item menu-item-type-custom menu-item-object-custom menu-item-19814\"><a href=\"\/oddeleni\/kozni-oddeleni\/luzkova-cast\/\" data-ps2id-api=\"true\"><i class=\"fa-solid fa-bed-pulse\"><\/i> L\u016f\u017ekov\u00e1 \u010d\u00e1st<\/a><\/li>\n<li id=\"menu-item-17631\" class=\"static-link menu-item menu-item-type-custom menu-item-object-custom menu-item-17631\"><a href=\"\/oddeleni\/kozni-oddeleni\/spektrum-pece\/\" data-ps2id-api=\"true\"><i class=\"fa-regular fa-circle-question\"><\/i> Spektrum p\u00e9\u010de<\/a><\/li>\n<\/ul><\/div><\/aside><div class=\"cl\"><\/div>\n<\/div>\n<\/div><\/div>\n<div id=\"cmsmasters_column_k7vlyuz4yq\" class=\"cmsmasters_column two_third\">\n<div class=\"cmsmasters_column_inner\"><div id=\"cmsmasters_heading_0cx4mcjjyd\" class=\"cmsmasters_heading_wrap cmsmasters_heading_align_left\">\n\t<h2 class=\"cmsmasters_heading\">Spektrum p\u00e9\u010de<\/h2>\n<\/div>\n<div id=\"cmsmasters_divider_kul4awri6m\" class=\"cmsmasters_divider cmsmasters_divider_width_short cmsmasters_divider_pos_left\"><\/div>\n<div class=\"cmsmasters_text\">\n<h5><strong>Dermatochirurgick\u00fd s\u00e1lek a estetick\u00e1 dermatologie<\/strong><\/h5>\n<p>Provozn\u00ed doba z\u00e1krokov\u00e9ho s\u00e1lku:<\/p>\n<p><strong>St\u0159eda<\/strong> 9:00-15:00 (MUDr. Nov\u00e1\u010dkov\u00e1 a MUDr. Kol\u00e1\u0159ov\u00e1)<\/p>\n<p><strong>\u010ctvrtek<\/strong> 12:30-15:00 (MUDr. Nov\u00e1\u010dkov\u00e1 a MUDr. Kol\u00e1\u0159ov\u00e1)<\/p>\n<p><strong>P\u00e1tek<\/strong> 9:00-11:30 (MUDr. Nov\u00e1\u010dkov\u00e1 a MUDr. Kol\u00e1\u0159ov\u00e1) a 12:30-15:00 (MUDr. Nevoralov\u00e1)<\/p>\n<p>Na n\u00ed\u017ee uveden\u00e9 z\u00e1kroky je mo\u017eno se objednat v\u00a0provozn\u00ed dob\u011b z\u00e1krokov\u00e9ho s\u00e1lku na tel. <strong>567157763<\/strong> (mimo p\u00e1tek odpoledne), p\u0159\u00edpadn\u011b ve \u010dtvrtek dopoledne na tel. <strong>567157494<\/strong> nebo \u00fater\u00fd odpoledne <strong>567157462<\/strong>.<br \/>\n<strong><a href=\"\/wp-content\/uploads\/2023\/08\/Cenik-2026-1.pdf\">Cen\u00edk <\/a><\/strong>Nemocnice Jihlava.<\/p>\n<h6><strong><br \/>\nDermatochirurgick\u00e9 z\u00e1kroky<\/strong><\/h6>\n<ul>\n<li>Odstra\u0148ov\u00e1n\u00ed pigmentov\u00fdch n\u00e9v\u016f a jin\u00fdch ko\u017en\u00edch \u00fatvar\u016f.<\/li>\n<li>Probatorn\u00ed excize rota\u010dn\u00edm skalpelem \u010di klasickou exciz\u00ed.<\/li>\n<li>Elektrokauterizace drobn\u00fdch ko\u017en\u00edch \u00fatvar\u016f<\/li>\n<li>Odstra\u0148ov\u00e1n\u00ed ko\u017en\u00edch \u00fatvar\u016f tekut\u00fdm dus\u00edkem<\/li>\n<li>Jet plasma laser.<\/li>\n<\/ul>\n<h6><strong>Biostimulace kyselinou poly-L-ml\u00e9\u010dnou (SCULPTRA)<\/strong><\/h6>\n<p><strong>Sculptra\u00a0<\/strong>je p\u0159\u00edpravek na b\u00e1zi kyseliny poly-L-ml\u00e9\u010dn\u00e9 (PLLA), jedn\u00e1 se o stimul\u00e1tor tvorby kolagenu, m\u00e1 v\u00fdrazn\u00fd omlazuj\u00edc\u00ed \u00fa\u010dinek, vyp\u00edn\u00e1 poko\u017eku obli\u010deje a t\u011bla, vyhlazuje jizvy a vr\u00e1sky, dod\u00e1v\u00e1 poko\u017ece pru\u017enost a z\u00e1\u0159ivost.<\/p>\n<p>Dle klinick\u00fdch studi\u00ed dojde po aplikaci p\u0159\u00edpravku SCULPTRA za t\u0159i m\u011bs\u00edce ke zv\u00fd\u0161en\u00ed mno\u017estv\u00ed kolagenu o 66,5 %. Poko\u017eka je znateln\u011b vypnut\u00e1, miz\u00ed hlubok\u00e9 z\u00e1hyby a vr\u00e1sky a obnovuje se ztracen\u00fd objem obli\u010deje. Postupn\u00e1 obnova objemu je v\u00fdhodou pro mnoho pacient\u016f, kte\u0159\u00ed si cht\u011bj\u00ed zachovat individualitu a z\u00e1rove\u0148 korigovat zn\u00e1mky st\u00e1rnut\u00ed.<\/p>\n<p>Po ukon\u010den\u00ed \u00fa\u010dinku l\u00e9ku se kyselina polyml\u00e9\u010dn\u00e1 rozkl\u00e1d\u00e1 na kone\u010dn\u00e9 produkty metabolismu (voda a oxid uhli\u010dit\u00fd) a je zcela vylou\u010dena z t\u011bla.<\/p>\n<h6><strong><br \/>\nHydratace a revitalizace poko\u017eky kyselinou hyaluronovou a derm\u00e1ln\u00ed v\u00fdpln\u011b rt\u016f (produkty zn. Teosyal)<\/strong><\/h6>\n<p><span style=\"font-size: 14px;\"><strong>TEOSYAL\u00ae REDENSITY 1<\/strong><\/span><\/p>\n<p>je indikov\u00e1n k prevenci vr\u00e1sek, rehydrataci poko\u017eky a t\u00e9\u017e ke korekci zvadl\u00e9 poko\u017eky vykazuj\u00edc\u00ed zn\u00e1mky st\u00e1rnut\u00ed na obli\u010deji, vr\u00e1sky u o\u010d\u00ed, krku a dekoltu.<\/p>\n<p><span style=\"font-size: 14px;\"><strong>TEOSYAL RHA\u00ae 1<\/strong><\/span><\/p>\n<p>je indikov\u00e1n k vypln\u011bn\u00ed jemn\u00fdch povrchov\u00fdch vr\u00e1sek (jako jsou perior\u00e1ln\u00ed line, horn\u00ed okraj rt\u016f a prohloubenina horn\u00edho rtu), poprask\u00e1n\u00ed a trhlinky na k\u016f\u017ei, i ke korekci zvadl\u00e9 poko\u017eky vykazuj\u00edc\u00ed zn\u00e1mky st\u00e1rnut\u00ed na obli\u010deji, vr\u00e1sky u o\u010d\u00ed, krku a dekoltu. Ke sn\u00ed\u017een\u00ed bolestivosti slou\u017e\u00ed lidokain-hydrochlorid jako lok\u00e1ln\u00ed anestetikum.<\/p>\n<p><span style=\"font-size: 14px;\"><strong>TEOSYAL RHA KISS\u00ae<\/strong><\/span><\/p>\n<p>je indikov\u00e1n pro zv\u011bt\u0161eni objemu rt\u016f a\/nebo zv\u00fdrazn\u011bni jejich kontury. Je rovn\u011b\u017e indikov\u00e1n pro vypln\u011bni obli\u010dejov\u00fdch vr\u00e1sek jako jsou nap\u0159. perior\u00e1ln\u00ed linie. Lidokain-hydrochlorid se pou\u017e\u00edv\u00e1 jako lok\u00e1ln\u00ed anestetikum ke sn\u00ed\u017een\u00ed bolesti.<\/p>\n<p>&nbsp;<\/p>\n<h6><strong>JETT plasma lift medical<\/strong><\/h6>\n<p>Jett Plasma Lift Medical je patentovan\u00fd\u00a0 elektrokauter se stejnosm\u011brn\u00fdm nap\u011bt\u00edm vyroben\u00fd v \u010cesk\u00e9 republice. Jett\u00a0 Plasma lift medical vyu\u017e\u00edv\u00e1 technologie o\u0161et\u0159en\u00ed pomoc\u00ed\u00a0 elektrick\u00e9ho v\u00fdboje (plazmy). Plazmov\u00fd v\u00fdboj vznik\u00e1 p\u016fsoben\u00edm bezpe\u010dn\u00e9ho vysok\u00e9ho nap\u011bt\u00ed mezi\u00a0 hrotem p\u0159\u00edstroje a uzemn\u011bnou k\u016f\u017e\u00ed klienta. D\u00edky mal\u00e9mu v\u00fdboji lze\u00a0 prov\u00e1d\u011bt odstran\u011bn\u00ed drobn\u00fdch ko\u017en\u00edch \u00fatvar\u016f (fibromk\u016f, hemangiom\u016f, drobn\u00fdch seboroick\u00fdch verruk a \u017eilek obli\u010deje), je mo\u017eno jej vyu\u017e\u00edt i k o\u0161et\u0159en\u00ed oblasti kolem o\u010d\u00ed \u2013 blefaroplastiku- tj. \u00faprava v\u00ed\u010dek. D\u00e1le je vhodn\u00fd i na o\u0161et\u0159en\u00ed pleti s\u00a0jizvi\u010dkami po akn\u00e9 a k\u00a0liftingu pleti v\u00a0kombinaci s\u00a0omlazuj\u00edc\u00edmi s\u00e9ry.<\/p>\n<h6><strong><br \/>\nPeeling AHA ovocn\u00fdmi kyselinami<\/strong><\/h6>\n<p>Chemick\u00fd peeling je vysoce \u00fa\u010dinnou metodou p\u00e9\u010de o ple\u0165 pomoc\u00ed slab\u00fdch a\u017e st\u0159edn\u011b siln\u00fdch organick\u00fdch kyselin. Pou\u017e\u00edvaj\u00ed se ovocn\u00e9 kyseliny (v\u011bt\u0161inou organick\u00e9 kyseliny typu AHA a BHA), kter\u00e9 v r\u016fzn\u00e9 m\u00ed\u0159e podr\u00e1\u017ed\u00ed ple\u0165. Po st\u00e1diu podr\u00e1\u017ed\u011bn\u00ed n\u00e1sleduje hojen\u00ed. Nov\u00e9 bu\u0148ky vznikaj\u00edc\u00ed p\u0159i hojen\u00ed, nahrazuj\u00ed bu\u0148ky po\u0161kozen\u00e9, kter\u00e9 p\u0159ed peelingem vykazovaly ESTETICK\u00dd DEFEKT &#8211; trudovit\u00e1 ple\u0165 po akn\u00e9, povrchov\u00e9 vr\u00e1sky, po\u0161kozen\u00ed pleti po nadm\u011brn\u00e9m slune\u010dn\u00edm z\u00e1\u0159en\u00ed. AHA peeling je hrani\u010dn\u00edm z\u00e1krokem na pomez\u00ed kosmetick\u00e9ho o\u0161et\u0159en\u00ed a l\u00e9ka\u0159sk\u00e9 p\u00e9\u010de.<\/p>\n<h6><strong><br \/>\nDermarollerov\u00e1 mezoterapie<\/strong><\/h6>\n<p>Podstata rollerov\u00e9 terapie je zalo\u017eena na schopnosti podporovat vlastn\u00ed regenera\u010dn\u00ed aktivitu organizmu. Povrchn\u00ed efekt titanov\u00e9ho rolleru zasahuje rohovou vrstvu poko\u017eky, usnad\u0148uje pr\u016fnik aktivn\u00edch l\u00e1tkek (kyselina hyaluronov\u00e1, vitam\u00edny, enzymy..) do pleti a podporuje jej\u00ed regeneraci. V hlub\u0161\u00edch vrstv\u00e1ch je nastartov\u00e1na novotvorba a regenerace kolagenn\u00edch vl\u00e1ken. Po n\u011bkolika sezen\u00edch je aktivov\u00e1na produkce nov\u00e9ho kolagenu, n\u00e1sledn\u011b doch\u00e1z\u00ed k vyrovn\u00e1n\u00ed vr\u00e1sek, vypnut\u00ed, \u00a0zpevn\u011bn\u00ed pleti a vypln\u011bn\u00ed hypotrofick\u00fdch jizvi\u010dek po akn\u00e9.<\/p>\n<h5><\/h5>\n<h6><strong>Aplikace botulotoxinu (Alluzience)<\/strong><\/h6>\n<p>Botulotoxin je efektivn\u00ed \u0159e\u0161en\u00ed pro vyhlazen\u00ed vr\u00e1sek a prevenci jejich vzniku. Pom\u00e1h\u00e1 redukovat mimick\u00e9 linky na \u010dele, kolem o\u010d\u00ed i mezi obo\u010d\u00edm. Efekt je viditeln\u00fd po p\u00e1r dnech.<\/p>\n<h5><\/h5>\n<h5><strong><br \/>\nAkn\u00e9 poradna<\/strong><\/h5>\n<p>Poradna byla p\u0159i ko\u017en\u00edm odd\u011blen\u00ed nemocnice Jihlava zalo\u017eena 1.z\u00e1\u0159\u00ed 1999 za \u00fa\u010delem o\u0161et\u0159en\u00ed pacient\u016f s nejt\u011b\u017e\u0161\u00edmi formami akn\u00e9.<br \/>\nKrom\u011b akn\u00e9 poradny v Brn\u011b je jedinou takto vysoce specializovanou ambulanc\u00ed v \u010cesk\u00e9 republice. Pacienti jsou o\u0161et\u0159ov\u00e1ni ka\u017edou st\u0159edu, po domluv\u011b i v jin\u00fdch dnech dle pot\u0159eby.<\/p>\n<ul>\n<li>L\u00e9\u010dba st\u0159edn\u011b t\u011b\u017ek\u00fdch forem akn\u00e9.<\/li>\n<li>L\u00e9\u010dba nejt\u011b\u017e\u0161\u00edch forem akn\u00e9 p\u0159edev\u0161\u00edm peror\u00e1ln\u00edm isotretinoinem.<\/li>\n<li>L\u00e9\u010dba pacient\u016f s akn\u00e9 ve vy\u0161\u0161\u00edm v\u011bku.<\/li>\n<li>L\u00e9\u010dba n\u00e1sledn\u00fdch stav\u016f po akn\u00e9.<\/li>\n<\/ul>\n<h5><\/h5>\n<h5><strong><br \/>\nLymfologick\u00e1 ambulance<\/strong><\/h5>\n<p>Tato ambulantn\u00ed \u010dinnost je v r\u00e1mci cel\u00e9 nemocnice Jihlava jedin\u00e1.<\/p>\n<ul>\n<li>Indikuj\u00ed se zde p\u0159\u00edstrojov\u00e9 i manu\u00e1ln\u00ed lymfodren\u00e1\u017en\u00ed mas\u00e1\u017ee, kter\u00e9 se prov\u00e1d\u00ed na na\u0161em odd\u011blen\u00ed.<\/li>\n<li>P\u0159edepisuj\u00ed se pom\u016fcky ur\u010den\u00e9 k podpo\u0159e ambulantn\u00ed l\u00e9\u010dby.<\/li>\n<li>Prov\u00e1d\u011bn\u00ed manu\u00e1ln\u00edch a p\u0159\u00edstrojov\u00fdch lymfodren\u00e1\u017e\u00ed.<\/li>\n<\/ul>\n<h5><strong><br \/>\nD\u011btsk\u00e1 ambulance<\/strong><\/h5>\n<ul>\n<li>Poskytuje o\u0161et\u0159en\u00ed d\u011btem a mladistv\u00fdm do 19 let, specializuje se p\u0159edev\u0161\u00edm na \u0159e\u0161en\u00ed akutn\u00edch a z\u00e1va\u017en\u00fdch ko\u017en\u00edch chorob.<\/li>\n<li>Pacienti jsou o\u0161et\u0159en\u00ed po doporu\u010den\u00ed PLDD kraje Vyso\u010dina, dle pot\u0159eby i z dal\u0161\u00edch kraj\u016f.<\/li>\n<li>D\u00e1le jsou v ambulanci dispenzarizov\u00e1ni pacienti a hemagiomy, pigmentov\u00fdmi n\u00e9vy, atopick\u00fdm ekz\u00e9mem a \u0159adou dal\u0161\u00edch chronick\u00fdch ko\u017en\u00edch chorob.<\/li>\n<\/ul>\n<h5><strong><br \/>\nKosmetologick\u00e9 slu\u017eby<\/strong><\/h5>\n<ul>\n<li>Jsou ur\u010deny p\u0159edev\u0161\u00edm k l\u00e9\u010db\u011b n\u00e1sledn\u00fdch stav\u016f po akn\u00e9 (jizev) a ko\u017en\u00edch pigmentac\u00ed na obli\u010deji.<\/li>\n<li>Zahrnuj\u00ed \u00favodn\u00ed vy\u0161et\u0159en\u00ed, chemick\u00fd perliny ovocn\u00fdmi kyselinami a o\u0161et\u0159en\u00ed dermarollerem.<\/li>\n<\/ul>\n<h5><strong><br \/>\nVy\u0161et\u0159en\u00ed pigmentov\u00fdch n\u00e9v\u016f<\/strong><\/h5>\n<ul>\n<li>Je prov\u00e1d\u011bno za pomoc\u00ed speci\u00e1ln\u00edho p\u0159\u00edstroje &#8211; ru\u010dn\u00edho dermatoskopu.<\/li>\n<li>Na\u0161e pracovi\u0161t\u011b nab\u00edz\u00ed vy\u0161et\u0159en\u00ed digit\u00e1ln\u00edm dermatoskopem \u2013 celot\u011blov\u00fd scan \u2013 do napln\u011bn\u00ed kapacity. Jde o vy\u0161et\u0159en\u00ed pln\u011b <strong>hrazen\u00e9 pacientem<\/strong> (viz.<a href=\"https:\/\/www.nemji.cz\/wp-content\/uploads\/2023\/08\/Cenik-2026-1.pdf\"><span style=\"text-decoration: underline;\"><strong> cen\u00edk<\/strong><\/span><\/a><span style=\"color: #ff0000;\"> <b data-ogsc=\"\" data-olk-copy-source=\"MessageBody\">!!!<\/b> <strong>Pozor<\/strong> <b data-ogsc=\"\">zm\u011bna ceny od 1.1.2026 &#8211; Dermatoskop digit\u00e1ln\u00ed &#8211; celot\u011blov\u00fd scan 2 200 K\u010d , Dermatoskop digit\u00e1ln\u00ed &#8211; celot\u011blov\u00fd scan d\u011bti do 15 let 1500 K\u010d).<\/b><\/span><br \/>\nPacient\u016fm, kter\u00fdm doporu\u010d\u00edme excizi podez\u0159el\u00e9ho \u00fatvaru nab\u00edz\u00edme i mo\u017enost objedn\u00e1n\u00ed se k tomuto\u00a0 drobn\u00e9mu chirurgick\u00e9mu z\u00e1kroku <strong>na na\u0161em<\/strong> z\u00e1krokov\u00e9m s\u00e1lku.<br \/>\n<strong>\u00a0Tito pacienti se v\u0161ak nest\u00e1vaj\u00ed trval\u00fdmi klienty na\u0161\u00ed ko\u017en\u00ed ambulance,<\/strong> kter\u00e1 m\u00e1 ji\u017e nyn\u00ed zcela plnou kapacitu.<br \/>\nPokud je t\u0159eba pravideln\u00e9ho sledov\u00e1n\u00ed, doporu\u010dujeme region\u00e1ln\u00ed pracovi\u0161t\u011b.<\/li>\n<li>Ko\u017en\u00ed l\u00e9ka\u0159i spolupracuj\u00ed s Melanomovou komis\u00ed nemocnice Jihlava.<\/li>\n<\/ul>\n<h5><strong><br \/>\nAmbulance pro biologickou l\u00e9\u010dbu<\/strong><\/h5>\n<ul>\n<li>Je jedinou sv\u00e9ho typu v Kraji Vyso\u010dina.<\/li>\n<li>Jsou v n\u00ed l\u00e9\u010deni a dispenzarizov\u00e1ni pacienti s nejt\u011b\u017e\u0161\u00edmi formami lup\u00e9nky, atopick\u00e9ho ekz\u00e9mu, kop\u0159ivky a hidradenitidy, u nich\u017e je nezbytn\u00e1 biologick\u00e1 l\u00e9\u010dba.<\/li>\n<\/ul>\n<\/div>\n<\/div><\/div>\n<\/div>\n<\/div>\n<\/div>\n<\/div>\n<\/div>\n\n","protected":false},"excerpt":{"rendered":"","protected":false},"author":1,"featured_media":17137,"parent":17636,"menu_order":0,"comment_status":"closed","ping_status":"closed","template":"","meta":{"pgc_sgb_lightbox_settings":"","footnotes":"","_links_to":"","_links_to_target":""},"categories":[85],"class_list":["post-21923","page","type-page","status-publish","has-post-thumbnail","hentry","category-page-oddeleni"],"publishpress_future_action":{"enabled":false,"date":"2026-04-11 00:45:19","action":"change-status","newStatus":"draft","terms":[],"taxonomy":"category","extraData":[]},"publishpress_future_workflow_manual_trigger":{"enabledWorkflows":[]},"_links":{"self":[{"href":"https:\/\/webnemji.azurewebsites.net\/en\/wp-json\/wp\/v2\/pages\/21923","targetHints":{"allow":["GET"]}}],"collection":[{"href":"https:\/\/webnemji.azurewebsites.net\/en\/wp-json\/wp\/v2\/pages"}],"about":[{"href":"https:\/\/webnemji.azurewebsites.net\/en\/wp-json\/wp\/v2\/types\/page"}],"author":[{"embeddable":true,"href":"https:\/\/webnemji.azurewebsites.net\/en\/wp-json\/wp\/v2\/users\/1"}],"replies":[{"embeddable":true,"href":"https:\/\/webnemji.azurewebsites.net\/en\/wp-json\/wp\/v2\/comments?post=21923"}],"version-history":[{"count":0,"href":"https:\/\/webnemji.azurewebsites.net\/en\/wp-json\/wp\/v2\/pages\/21923\/revisions"}],"up":[{"embeddable":true,"href":"https:\/\/webnemji.azurewebsites.net\/en\/wp-json\/wp\/v2\/pages\/17636"}],"wp:featuredmedia":[{"embeddable":true,"href":"https:\/\/webnemji.azurewebsites.net\/en\/wp-json\/wp\/v2\/media\/17137"}],"wp:attachment":[{"href":"https:\/\/webnemji.azurewebsites.net\/en\/wp-json\/wp\/v2\/media?parent=21923"}],"wp:term":[{"taxonomy":"category","embeddable":true,"href":"https:\/\/webnemji.azurewebsites.net\/en\/wp-json\/wp\/v2\/categories?post=21923"}],"curies":[{"name":"wp","href":"https:\/\/api.w.org\/{rel}","templated":true}]}}