{"id":22001,"date":"2023-10-10T13:51:13","date_gmt":"2023-10-10T11:51:13","guid":{"rendered":"https:\/\/nemji.rs-kovarik.cz\/?page_id=22001"},"modified":"2024-01-09T08:15:51","modified_gmt":"2024-01-09T07:15:51","slug":"onkologicke-ambulance","status":"publish","type":"page","link":"https:\/\/webnemji.azurewebsites.net\/en\/oddeleni\/onkologicke-oddeleni\/onkologicke-ambulance\/","title":{"rendered":"Oncology clinics"},"content":{"rendered":"<div id=\"cmsmasters_row_6iluctg3hk\" class=\"cmsmasters_row cmsmasters_color_scheme_default cmsmasters_row_top_default cmsmasters_row_bot_default cmsmasters_row_boxed\">\n<div class=\"cmsmasters_row_outer_parent\">\n<div class=\"cmsmasters_row_overlay\"><\/div>\n<div class=\"cmsmasters_row_outer\">\n<div class=\"cmsmasters_row_inner\">\n<div class=\"cmsmasters_row_margin\">\n<div id=\"cmsmasters_column_sybg7he2sg\" class=\"cmsmasters_column one_first\">\n<div class=\"cmsmasters_column_inner\"><div id=\"cmsmasters_heading_b3c74b95a0\" class=\"cmsmasters_heading_wrap cmsmasters_heading_align_center pageheadingtitle\">\n\t<h1 class=\"cmsmasters_heading\">Onkologick\u00e9 odd\u011blen\u00ed<\/h1>\n<\/div>\n<\/div><\/div>\n<\/div>\n<\/div>\n<\/div>\n<\/div>\n<\/div>\n<div id=\"cmsmasters_row_ly5ze1hf8e\" class=\"cmsmasters_row cmsmasters_color_scheme_default cmsmasters_row_top_default cmsmasters_row_bot_default cmsmasters_row_boxed\">\n<div class=\"cmsmasters_row_outer_parent\">\n<div class=\"cmsmasters_row_outer\">\n<div class=\"cmsmasters_row_inner\">\n<div class=\"cmsmasters_row_margin\">\n<div id=\"cmsmasters_column_v67ee6nvg7\" class=\"cmsmasters_column one_first\">\n<div class=\"cmsmasters_column_inner\"><div class=\"cmsmasters_text\">\n<p><nav aria-label=\"breadcrumbs\">\n            <div class=\"breadcrumb-container theme1\">\n                <ol>\n                                    <\/ol>\n            <\/div>\n        <\/nav>    <script type=\"application\/ld+json\">\n        {\n            \"@context\": \"http:\/\/schema.org\",\n            \"@type\": \"BreadcrumbList\",\n            \"itemListElement\": [\n                            ]\n        }\n    <\/script>\n   \n    <script>\n            <\/script>\n<\/p>\n<\/div>\n<\/div><\/div>\n<\/div>\n<\/div>\n<\/div>\n<\/div>\n<\/div>\n<div id=\"cmsmasters_row_3f2f8816dd\" class=\"cmsmasters_row cmsmasters_color_scheme_default cmsmasters_row_top_default cmsmasters_row_bot_default cmsmasters_row_boxed\">\n<div class=\"cmsmasters_row_outer_parent\">\n<div class=\"cmsmasters_row_outer\">\n<div class=\"cmsmasters_row_inner\">\n<div class=\"cmsmasters_row_margin\">\n<div id=\"cmsmasters_column_0a1c5940f5\" class=\"cmsmasters_column one_third stickyinfocolumn\">\n<div class=\"cmsmasters_column_inner\"><div id=\"cmsmasters_heading_rva6m2t32d\" class=\"cmsmasters_heading_wrap cmsmasters_heading_align_center\">\n\t<h3 class=\"cmsmasters_heading\">Informace o odd\u011blen\u00ed<\/h3>\n<\/div>\n<div id=\"cmsmasters_divider_dpp34mcdj5\" class=\"cmsmasters_divider cmsmasters_divider_width_short cmsmasters_divider_pos_center\"><\/div>\n<div class=\"cmsmasters_sidebar sidebar_layout_11 sidebar-custom-menu\"><aside id=\"nav_menu-27\" class=\"widget widget_nav_menu\"><div class=\"menu-oddeleni-onkologie-container\"><ul id=\"menu-oddeleni-onkologie\" class=\"menu\"><li id=\"menu-item-21990\" class=\"menu-item menu-item-type-custom menu-item-object-custom menu-item-21990\"><a href=\"\/oddeleni\/onkologicke-oddeleni\/#popis-oddeleni\" data-ps2id-api=\"true\"><i class=\"fa-solid fa-info\"><\/i> Popis odd\u011blen\u00ed<\/a><\/li>\n<li id=\"menu-item-21991\" class=\"menu-item menu-item-type-custom menu-item-object-custom menu-item-21991\"><a href=\"\/oddeleni\/onkologicke-oddeleni\/#personalni-obsazeni\" data-ps2id-api=\"true\"><i class=\"fa-solid fa-user-doctor\"><\/i> Person\u00e1ln\u00ed obsazen\u00ed<\/a><\/li>\n<li id=\"menu-item-21992\" class=\"menu-item menu-item-type-custom menu-item-object-custom menu-item-21992\"><a href=\"\/oddeleni\/onkologicke-oddeleni\/#ordinacni-hodiny\" data-ps2id-api=\"true\"><i class=\"fa-regular fa-clock\"><\/i> Ordina\u010dn\u00ed hodiny<\/a><\/li>\n<li id=\"menu-item-21993\" class=\"menu-item menu-item-type-custom menu-item-object-custom menu-item-21993\"><a href=\"\/oddeleni\/onkologicke-oddeleni\/#kontaktni-informace\" data-ps2id-api=\"true\"><i class=\"fa-solid fa-phone\"><\/i> Kontaktn\u00ed informace<\/a><\/li>\n<li id=\"menu-item-21994\" class=\"menu-item menu-item-type-custom menu-item-object-custom menu-item-21994\"><a href=\"\/oddeleni\/onkologicke-oddeleni\/#kde-nas-najdete\" data-ps2id-api=\"true\"><i class=\"fa-solid fa-location-dot\"><\/i> Kde n\u00e1s najdete<\/a><\/li>\n<li id=\"menu-item-21995\" class=\"menu-item menu-item-type-custom menu-item-object-custom menu-item-21995\"><a href=\"\/oddeleni\/onkologicke-oddeleni\/#fotogalerie\" data-ps2id-api=\"true\"><i class=\"fa-solid fa-camera\"><\/i> Fotogalerie<\/a><\/li>\n<li id=\"menu-item-21996\" class=\"menu-custom-separator menu-item menu-item-type-custom menu-item-object-custom menu-item-21996\"><hr class=\"mhm-menu-separator\"><\/li>\n<li id=\"menu-item-28403\" class=\"static-link menu-item menu-item-type-custom menu-item-object-custom menu-item-28403\"><a href=\"\/oddeleni\/onkologicke-oddeleni\/onkologicke-ambulance\/\" data-ps2id-api=\"true\"><i class=\"fa-solid fa-house-medical\"><\/i>Ambulance<\/a><\/li>\n<li id=\"menu-item-22052\" class=\"static-link menu-item menu-item-type-custom menu-item-object-custom menu-item-22052\"><a href=\"\/oddeleni\/onkologicke-oddeleni\/spektrum-pece\/\" data-ps2id-api=\"true\"><i class=\"fa-solid fa-stethoscope\"><\/i> Spektrum p\u00e9\u010de<\/a><\/li>\n<li id=\"menu-item-21998\" class=\"static-link menu-item menu-item-type-custom menu-item-object-custom menu-item-21998\"><a href=\"\/oddeleni\/onkologicke-oddeleni\/luzkova-cast\/\" data-ps2id-api=\"true\"><i class=\"fa-solid fa-bed-pulse\"><\/i> L\u016f\u017ekov\u00e1 \u010d\u00e1st<\/a><\/li>\n<li id=\"menu-item-35398\" class=\"static-link menu-item menu-item-type-custom menu-item-object-custom menu-item-35398\"><a href=\"\/oddeleni\/onkologicke-oddeleni\/kooperujici-onkologicke-centrum\/\" data-ps2id-api=\"true\"><i class=\"fa-solid fa-arrows-to-dot\"><\/i>Komplexn\u00ed onkologick\u00e9 centrum<\/a><\/li>\n<li id=\"menu-item-35616\" class=\"static-link menu-item menu-item-type-custom menu-item-object-custom menu-item-35616\"><a href=\"\/oddeleni\/onkologicke-oddeleni\/pacientska-rada\/\" data-ps2id-api=\"true\"><i class=\"fa-solid fa-users\"><\/i> Pacientsk\u00e1 rada<\/a><\/li>\n<li id=\"menu-item-22057\" class=\"static-link menu-item menu-item-type-custom menu-item-object-custom menu-item-22057\"><a href=\"\/oddeleni\/onkologicke-oddeleni\/kooperujici-onkologicka-skupina-kraje-vysocina\/\" data-ps2id-api=\"true\"><i class=\"fa-solid fa-people-group\"><\/i> Kooperuj\u00edc\u00ed onkologick\u00e1 skupina Kraje Vyso\u010dina<\/a><\/li>\n<li id=\"menu-item-35181\" class=\"static-link menu-item menu-item-type-custom menu-item-object-custom menu-item-35181\"><a href=\"\/oddeleni\/onkologicke-oddeleni\/onko-koo\/\" data-ps2id-api=\"true\"><i class=\"fa-solid fa-hand-holding-heart\"><\/i> Koordin\u00e1to\u0159i onkologick\u00e9 p\u00e9\u010de<\/a><\/li>\n<li id=\"menu-item-28218\" class=\"menu-item menu-item-type-custom menu-item-object-custom menu-item-28218\"><a href=\"\/oddeleni\/onkologicke-oddeleni\/historie-onk\/\" data-ps2id-api=\"true\"><i class=\"fa-solid fa-ribbon\"><\/i>Historie Onkologick\u00e9ho odd\u011blen\u00ed<\/a><\/li>\n<\/ul><\/div><\/aside><div class=\"cl\"><\/div>\n<\/div>\n<\/div><\/div>\n<div id=\"cmsmasters_column_k7vlyuz4yq\" class=\"cmsmasters_column two_third\">\n<div class=\"cmsmasters_column_inner\"><div class=\"cmsmasters_text hide-index\">\n<p>Onko dispenz\u00e1rn\u00ed, Chemoterapie 1, Chemoterapie 2, Chemoterapie 3, Chemostacion\u00e1\u0159, Radioterapie, Onko konzili\u00e1rn\u00ed, Genetick\u00e1 rizika, Line\u00e1rn\u00ed urychlova\u010de, Onko komise<\/p>\n<\/div>\n<div id=\"cmsmasters_heading_0cx4mcjjyd\" class=\"cmsmasters_heading_wrap cmsmasters_heading_align_left\">\n\t<h2 class=\"cmsmasters_heading\">Onkologick\u00e9 ambulance<\/h2>\n<\/div>\n<div id=\"cmsmasters_divider_kul4awri6m\" class=\"cmsmasters_divider cmsmasters_divider_width_short cmsmasters_divider_pos_left\"><\/div>\n<div class=\"cmsmasters_text\">\n<section id='' \n                class='helpie-faq accordions ' \n                data-collection='' \n                data-pagination='0' \n                data-search='0' \n                data-pagination-enabled='0'\n                role='region'\n                aria-label='FAQ Section'\n                aria-live='polite'><form class=\"search\" onSubmit=\"return false;\"><div class=\"search__wrapper\"><input type=\"text\" class=\"search__input\" aria-label=\"Search\" role=\"searchbox\" placeholder=\"Vyhledat\"><span class=\"search__icon\"><svg class=\"svg-icon--search\" role=\"img\" xmlns=\"http:\/\/www.w3.org\/2000\/svg\" viewBox=\"0 0 22 22\">\r\n                        <g fill=\"none\" stroke=\"#171717\">\r\n                            <path stroke-linecap=\"square\" stroke-width=\"2\" d=\"M18.5 18.3l-5.4-5.4\"\/>\r\n                            <circle cx=\"8\" cy=\"8\" r=\"7\" stroke-width=\"2\"\/>\r\n                        <\/g>\r\n                    <\/svg><\/span><\/div><div class=\"search__message\"><\/div><\/form><article class=\"accordion \"><div class='helpie-faq-row'><div class='helpie-faq-col helpie-faq-col-12' ><ul><li class=\"accordion__item \"><div class=\"accordion__header \" \r\n                id=\"accordion-header-post-24891\"\r\n                role=\"button\"\r\n                aria-expanded=\"false\"\r\n                aria-controls=\"accordion-content-post-24891\"\r\n                data-id=\"post-24891\" \r\n                data-item=\"hfaq-post-24891\" \r\n                style=\"background:transparent;\" \r\n                data-tags=\"\"\r\n                tabindex=\"0\"><div class=\"accordion__title\">Ambulance genetick\u00e9ho rizika<\/div><\/div><div id=\"accordion-content-post-24891\" \r\n                class=\"accordion__body\" \r\n                role=\"region\"\r\n                aria-labelledby=\"accordion-header-post-24891\"\r\n                style=\"background:transparent;\"><p>Sleduje pacienty s vy\u0161\u0161\u00edm genetick\u00fdm rizikem vzniku n\u00e1dorov\u00e9ho onemocn\u011bn\u00ed.<\/p>\n<table style=\"border-collapse: collapse;width: 99.2089%;height: 158px\" border=\"1\">\n<tbody>\n<tr style=\"height: 10px\">\n<td style=\"width: 16.9857%;height: 10px\"><strong>L\u00e9ka\u0159:<\/strong><\/td>\n<td class=\"xl26\" style=\"width: 83.0143%;height: 10px\" width=\"256\">MUDr. Zuzana \u0160oukalov\u00e1<\/td>\n<\/tr>\n<tr style=\"height: 18px\">\n<td style=\"width: 16.9857%;height: 18px\" colspan=\"2\">\n<div>\n<hr \/>\n<\/div>\n<\/td>\n<\/tr>\n<tr style=\"height: 24px\">\n<td style=\"width: 16.9857%;height: 24px\"><strong>Telefon:<\/strong><\/td>\n<td class=\"xl28\" style=\"width: 83.0143%;height: 24px\" width=\"256\" height=\"17\">+420 567 157 875<\/td>\n<\/tr>\n<tr style=\"height: 18px\">\n<td style=\"width: 16.9857%;height: 18px\" colspan=\"2\">\n<div>\n<hr \/>\n<\/div>\n<\/td>\n<\/tr>\n<tr style=\"height: 28px\">\n<td style=\"width: 16.9857%;height: 28px\"><strong>Ordina\u010dn\u00ed hodiny:<\/strong><\/td>\n<td style=\"width: 83.0143%;height: 28px\">\n<table style=\"border-collapse: collapse;width: 100%\" border=\"1\">\n<tbody>\n<tr>\n<td style=\"width: 11.6175%\"><strong>St\u0159eda<\/strong><\/td>\n<td style=\"width: 88.3825%\">7:00 \u2013 15:00<\/td>\n<\/tr>\n<\/tbody>\n<\/table>\n<\/td>\n<\/tr>\n<tr style=\"height: 18px\">\n<td style=\"width: 16.9857%;height: 18px\" colspan=\"2\">\n<div>\n<hr \/>\n<\/div>\n<\/td>\n<\/tr>\n<tr style=\"height: 24px\">\n<td style=\"width: 16.9857%;height: 24px\"><strong>Kde n\u00e1s najdete:<br \/>\n<\/strong><\/td>\n<td style=\"width: 83.0143%;height: 24px\">Budova E, 4. patro &#8211; onkologick\u00e1 ambulance<\/td>\n<\/tr>\n<\/tbody>\n<\/table>\n<\/div><\/li><li class=\"accordion__item \"><div class=\"accordion__header \" \r\n                id=\"accordion-header-post-24847\"\r\n                role=\"button\"\r\n                aria-expanded=\"false\"\r\n                aria-controls=\"accordion-content-post-24847\"\r\n                data-id=\"post-24847\" \r\n                data-item=\"hfaq-post-24847\" \r\n                style=\"background:transparent;\" \r\n                data-tags=\"\"\r\n                tabindex=\"0\"><div class=\"accordion__title\">Chemostacion\u00e1\u0159<\/div><\/div><div id=\"accordion-content-post-24847\" \r\n                class=\"accordion__body\" \r\n                role=\"region\"\r\n                aria-labelledby=\"accordion-header-post-24847\"\r\n                style=\"background:transparent;\"><table style=\"border-collapse: collapse;width: 99.2089%;height: 140px\" border=\"1\">\n<tbody>\n<tr style=\"height: 18px\">\n<td style=\"width: 16.9857%;height: 18px\" colspan=\"2\">\n<div>\n<hr \/>\n<\/div>\n<\/td>\n<\/tr>\n<tr style=\"height: 24px\">\n<td style=\"width: 16.9857%;height: 24px\"><strong>Telefon:<\/strong><\/td>\n<td class=\"xl28\" style=\"width: 83.0143%;height: 24px\" width=\"256\" height=\"17\">+420 567 157 193<\/td>\n<\/tr>\n<tr style=\"height: 18px\">\n<td style=\"width: 16.9857%;height: 18px\" colspan=\"2\">\n<div>\n<hr \/>\n<\/div>\n<\/td>\n<\/tr>\n<tr style=\"height: 28px\">\n<td style=\"width: 16.9857%;height: 28px\"><strong>Ordina\u010dn\u00ed hodiny:<\/strong><\/td>\n<td style=\"width: 83.0143%;height: 28px\">\n<table style=\"border-collapse: collapse;width: 100%\" border=\"1\">\n<tbody>\n<tr>\n<td style=\"width: 11.6175%\"><strong>PO &#8211; P\u00c1:<\/strong><\/td>\n<td style=\"width: 88.3825%\">6:30 \u2013 15:00<\/td>\n<\/tr>\n<\/tbody>\n<\/table>\n<\/td>\n<\/tr>\n<tr style=\"height: 18px\">\n<td style=\"width: 16.9857%;height: 18px\" colspan=\"2\">\n<div>\n<hr \/>\n<\/div>\n<\/td>\n<\/tr>\n<tr style=\"height: 24px\">\n<td style=\"width: 16.9857%;height: 24px\"><strong>Kde n\u00e1s najdete:<br \/>\n<\/strong><\/td>\n<td style=\"width: 83.0143%;height: 24px\">\u00a0Ambulantn\u00ed trakt, Budova E<\/td>\n<\/tr>\n<\/tbody>\n<\/table>\n<\/div><\/li><li class=\"accordion__item \"><div class=\"accordion__header \" \r\n                id=\"accordion-header-post-24840\"\r\n                role=\"button\"\r\n                aria-expanded=\"false\"\r\n                aria-controls=\"accordion-content-post-24840\"\r\n                data-id=\"post-24840\" \r\n                data-item=\"hfaq-post-24840\" \r\n                style=\"background:transparent;\" \r\n                data-tags=\"\"\r\n                tabindex=\"0\"><div class=\"accordion__title\">Chemoterapeutick\u00e9 ambulance 1, 2 a 3<\/div><\/div><div id=\"accordion-content-post-24840\" \r\n                class=\"accordion__body\" \r\n                role=\"region\"\r\n                aria-labelledby=\"accordion-header-post-24840\"\r\n                style=\"background:transparent;\"><p>Zab\u00fdvaj\u00ed se terapi\u00ed jednotliv\u00fdch malignit a klinick\u00fdmi kontrolami pacient\u016f v aktivn\u00ed onkologick\u00e9 l\u00e9\u010db\u011b.<\/p>\n<\/div><\/li><li class=\"accordion__item \"><div class=\"accordion__header \" \r\n                id=\"accordion-header-post-24851\"\r\n                role=\"button\"\r\n                aria-expanded=\"false\"\r\n                aria-controls=\"accordion-content-post-24851\"\r\n                data-id=\"post-24851\" \r\n                data-item=\"hfaq-post-24851\" \r\n                style=\"background:transparent;\" \r\n                data-tags=\"\"\r\n                tabindex=\"0\"><div class=\"accordion__title\">Konzili\u00e1rn\u00ed ambulance<\/div><\/div><div id=\"accordion-content-post-24851\" \r\n                class=\"accordion__body\" \r\n                role=\"region\"\r\n                aria-labelledby=\"accordion-header-post-24851\"\r\n                style=\"background:transparent;\"><p>Prost\u0159ednictv\u00edm t\u00e9to ambulance konzultuj\u00ed l\u00e9ka\u0159i z jin\u00fdch pracovi\u0161\u0165 (i mimo nemocnici) management diagnostiky a l\u00e9\u010dby pacienta s n\u00e1dorov\u00fdm onemocn\u011bn\u00edm. V t\u00e9to ambulanci stanovuje konzili\u00e1rn\u00ed l\u00e9ka\u0159 pr\u016fchod pacienta onkologickou l\u00e9\u010dbou v p\u0159\u00edpad\u011b, \u017ee je pacient referov\u00e1n z jin\u00e9ho pracovi\u0161t\u011b a neproch\u00e1z\u00ed vybran\u00fdm multidisciplin\u00e1rn\u00edm t\u00fdmem.<br \/>\nKontaktn\u00ed e-mail: <a href=\"mailto:onkoambulance@nemji.cz\">onkoambulance@nemji.cz<\/a><\/p>\n<\/div><\/li><li class=\"accordion__item \"><div class=\"accordion__header \" \r\n                id=\"accordion-header-post-22003\"\r\n                role=\"button\"\r\n                aria-expanded=\"false\"\r\n                aria-controls=\"accordion-content-post-22003\"\r\n                data-id=\"post-22003\" \r\n                data-item=\"hfaq-post-22003\" \r\n                style=\"background:transparent;\" \r\n                data-tags=\"\"\r\n                tabindex=\"0\"><div class=\"accordion__title\">Onkologicko dispenz\u00e1rn\u00ed ambulance<\/div><\/div><div id=\"accordion-content-post-22003\" \r\n                class=\"accordion__body\" \r\n                role=\"region\"\r\n                aria-labelledby=\"accordion-header-post-22003\"\r\n                style=\"background:transparent;\"><p>Slou\u017e\u00ed k dispenzarizaci (sledov\u00e1n\u00ed) pacient\u016f s vybran\u00fdmi malignitami po absolvov\u00e1n\u00ed onkologick\u00e9 l\u00e9\u010dby.<\/p>\n<\/div><\/li><li class=\"accordion__item \"><div class=\"accordion__header \" \r\n                id=\"accordion-header-post-24902\"\r\n                role=\"button\"\r\n                aria-expanded=\"false\"\r\n                aria-controls=\"accordion-content-post-24902\"\r\n                data-id=\"post-24902\" \r\n                data-item=\"hfaq-post-24902\" \r\n                style=\"background:transparent;\" \r\n                data-tags=\"\"\r\n                tabindex=\"0\"><div class=\"accordion__title\">Paliativn\u00ed onko ambulance<\/div><\/div><div id=\"accordion-content-post-24902\" \r\n                class=\"accordion__body\" \r\n                role=\"region\"\r\n                aria-labelledby=\"accordion-header-post-24902\"\r\n                style=\"background:transparent;\"><p><span class=\"ui-provider a b c d e f g h i j k l m n o p q r s t u v w x y z ab ac ae af ag ah ai aj ak\" dir=\"ltr\">Poskytuje podp\u016frnou p\u00e9\u010di o pacienty s pokro\u010dil\u00fdm onkologick\u00fdm onemocn\u011bn\u00edm, u kter\u00fdch je\u0161t\u011b prob\u00edh\u00e1 protin\u00e1dorov\u00e1 l\u00e9\u010dba, ale i o ty, kte\u0159\u00ed maj\u00ed ji\u017e l\u00e9\u010dbu ukon\u010denou.<\/span><\/p>\n<p><strong><a href=\"\/oddeleni\/konziliarni-paliativni-tym\/ambulance-paliativni-mediciny\/#hfaq-post-30200\" target=\"_blank\" rel=\"noopener\">Ambulance paliativn\u00ed medic\u00edny<\/a><\/strong><\/p>\n<\/div><\/li><li class=\"accordion__item \"><div class=\"accordion__header \" \r\n                id=\"accordion-header-post-24892\"\r\n                role=\"button\"\r\n                aria-expanded=\"false\"\r\n                aria-controls=\"accordion-content-post-24892\"\r\n                data-id=\"post-24892\" \r\n                data-item=\"hfaq-post-24892\" \r\n                style=\"background:transparent;\" \r\n                data-tags=\"\"\r\n                tabindex=\"0\"><div class=\"accordion__title\">Radioterapeutick\u00e1 ambulance<\/div><\/div><div id=\"accordion-content-post-24892\" \r\n                class=\"accordion__body\" \r\n                role=\"region\"\r\n                aria-labelledby=\"accordion-header-post-24892\"\r\n                style=\"background:transparent;\"><p>Zab\u00fdv\u00e1 se kontrolou pacient\u016f podstupuj\u00edc\u00edch l\u00e9\u010dbu oza\u0159ov\u00e1n\u00edm, nach\u00e1z\u00ed se v oza\u0159ovac\u00edm traktu.<\/p>\n<\/div><\/li><\/ul><\/div><\/div><\/article><\/section>\n<\/div>\n<\/div><\/div>\n<\/div>\n<\/div>\n<\/div>\n<\/div>\n<\/div>\n\n","protected":false},"excerpt":{"rendered":"","protected":false},"author":1,"featured_media":17130,"parent":21973,"menu_order":0,"comment_status":"closed","ping_status":"closed","template":"","meta":{"pgc_sgb_lightbox_settings":"","footnotes":"","_links_to":"","_links_to_target":""},"categories":[85],"class_list":["post-22001","page","type-page","status-publish","has-post-thumbnail","hentry","category-page-oddeleni"],"publishpress_future_action":{"enabled":false,"date":"2026-04-19 01:49:38","action":"change-status","newStatus":"draft","terms":[],"taxonomy":"category","extraData":[]},"publishpress_future_workflow_manual_trigger":{"enabledWorkflows":[]},"_links":{"self":[{"href":"https:\/\/webnemji.azurewebsites.net\/en\/wp-json\/wp\/v2\/pages\/22001","targetHints":{"allow":["GET"]}}],"collection":[{"href":"https:\/\/webnemji.azurewebsites.net\/en\/wp-json\/wp\/v2\/pages"}],"about":[{"href":"https:\/\/webnemji.azurewebsites.net\/en\/wp-json\/wp\/v2\/types\/page"}],"author":[{"embeddable":true,"href":"https:\/\/webnemji.azurewebsites.net\/en\/wp-json\/wp\/v2\/users\/1"}],"replies":[{"embeddable":true,"href":"https:\/\/webnemji.azurewebsites.net\/en\/wp-json\/wp\/v2\/comments?post=22001"}],"version-history":[{"count":0,"href":"https:\/\/webnemji.azurewebsites.net\/en\/wp-json\/wp\/v2\/pages\/22001\/revisions"}],"up":[{"embeddable":true,"href":"https:\/\/webnemji.azurewebsites.net\/en\/wp-json\/wp\/v2\/pages\/21973"}],"wp:featuredmedia":[{"embeddable":true,"href":"https:\/\/webnemji.azurewebsites.net\/en\/wp-json\/wp\/v2\/media\/17130"}],"wp:attachment":[{"href":"https:\/\/webnemji.azurewebsites.net\/en\/wp-json\/wp\/v2\/media?parent=22001"}],"wp:term":[{"taxonomy":"category","embeddable":true,"href":"https:\/\/webnemji.azurewebsites.net\/en\/wp-json\/wp\/v2\/categories?post=22001"}],"curies":[{"name":"wp","href":"https:\/\/api.w.org\/{rel}","templated":true}]}}