{"id":22050,"date":"2023-10-11T07:09:30","date_gmt":"2023-10-11T05:09:30","guid":{"rendered":"https:\/\/nemji.rs-kovarik.cz\/?page_id=22050"},"modified":"2024-04-19T08:27:58","modified_gmt":"2024-04-19T06:27:58","slug":"spektrum-pece","status":"publish","type":"page","link":"https:\/\/webnemji.azurewebsites.net\/en\/oddeleni\/onkologicke-oddeleni\/spektrum-pece\/","title":{"rendered":"Spectrum of provided care"},"content":{"rendered":"<div id=\"cmsmasters_row_6iluctg3hk\" class=\"cmsmasters_row cmsmasters_color_scheme_default cmsmasters_row_top_default cmsmasters_row_bot_default cmsmasters_row_boxed\">\n<div class=\"cmsmasters_row_outer_parent\">\n<div class=\"cmsmasters_row_overlay\"><\/div>\n<div class=\"cmsmasters_row_outer\">\n<div class=\"cmsmasters_row_inner\">\n<div class=\"cmsmasters_row_margin\">\n<div id=\"cmsmasters_column_sybg7he2sg\" class=\"cmsmasters_column one_first\">\n<div class=\"cmsmasters_column_inner\"><div id=\"cmsmasters_heading_b3c74b95a0\" class=\"cmsmasters_heading_wrap cmsmasters_heading_align_center pageheadingtitle\">\n\t<h1 class=\"cmsmasters_heading\">Onkologick\u00e9 odd\u011blen\u00ed<\/h1>\n<\/div>\n<\/div><\/div>\n<\/div>\n<\/div>\n<\/div>\n<\/div>\n<\/div>\n<div id=\"cmsmasters_row_ly5ze1hf8e\" class=\"cmsmasters_row cmsmasters_color_scheme_default cmsmasters_row_top_default cmsmasters_row_bot_default cmsmasters_row_boxed\">\n<div class=\"cmsmasters_row_outer_parent\">\n<div class=\"cmsmasters_row_outer\">\n<div class=\"cmsmasters_row_inner\">\n<div class=\"cmsmasters_row_margin\">\n<div id=\"cmsmasters_column_v67ee6nvg7\" class=\"cmsmasters_column one_first\">\n<div class=\"cmsmasters_column_inner\"><div class=\"cmsmasters_text\">\n<p><nav aria-label=\"breadcrumbs\">\n            <div class=\"breadcrumb-container theme1\">\n                <ol>\n                                    <\/ol>\n            <\/div>\n        <\/nav>    <script type=\"application\/ld+json\">\n        {\n            \"@context\": \"http:\/\/schema.org\",\n            \"@type\": \"BreadcrumbList\",\n            \"itemListElement\": [\n                            ]\n        }\n    <\/script>\n   \n    <script>\n            <\/script>\n<\/p>\n<\/div>\n<\/div><\/div>\n<\/div>\n<\/div>\n<\/div>\n<\/div>\n<\/div>\n<div id=\"cmsmasters_row_3f2f8816dd\" class=\"cmsmasters_row cmsmasters_color_scheme_default cmsmasters_row_top_default cmsmasters_row_bot_default cmsmasters_row_boxed\">\n<div class=\"cmsmasters_row_outer_parent\">\n<div class=\"cmsmasters_row_outer\">\n<div class=\"cmsmasters_row_inner\">\n<div class=\"cmsmasters_row_margin\">\n<div id=\"cmsmasters_column_0a1c5940f5\" class=\"cmsmasters_column one_third stickyinfocolumn\">\n<div class=\"cmsmasters_column_inner\"><div id=\"cmsmasters_heading_rva6m2t32d\" class=\"cmsmasters_heading_wrap cmsmasters_heading_align_center\">\n\t<h3 class=\"cmsmasters_heading\">Informace o odd\u011blen\u00ed<\/h3>\n<\/div>\n<div id=\"cmsmasters_divider_dpp34mcdj5\" class=\"cmsmasters_divider cmsmasters_divider_width_short cmsmasters_divider_pos_center\"><\/div>\n<div class=\"cmsmasters_sidebar sidebar_layout_11 sidebar-custom-menu\"><aside id=\"nav_menu-27\" class=\"widget widget_nav_menu\"><div class=\"menu-oddeleni-onkologie-container\"><ul id=\"menu-oddeleni-onkologie\" class=\"menu\"><li id=\"menu-item-21990\" class=\"menu-item menu-item-type-custom menu-item-object-custom menu-item-21990\"><a href=\"\/oddeleni\/onkologicke-oddeleni\/#popis-oddeleni\" data-ps2id-api=\"true\"><i class=\"fa-solid fa-info\"><\/i> Popis odd\u011blen\u00ed<\/a><\/li>\n<li id=\"menu-item-21991\" class=\"menu-item menu-item-type-custom menu-item-object-custom menu-item-21991\"><a href=\"\/oddeleni\/onkologicke-oddeleni\/#personalni-obsazeni\" data-ps2id-api=\"true\"><i class=\"fa-solid fa-user-doctor\"><\/i> Person\u00e1ln\u00ed obsazen\u00ed<\/a><\/li>\n<li id=\"menu-item-21992\" class=\"menu-item menu-item-type-custom menu-item-object-custom menu-item-21992\"><a href=\"\/oddeleni\/onkologicke-oddeleni\/#ordinacni-hodiny\" data-ps2id-api=\"true\"><i class=\"fa-regular fa-clock\"><\/i> Ordina\u010dn\u00ed hodiny<\/a><\/li>\n<li id=\"menu-item-21993\" class=\"menu-item menu-item-type-custom menu-item-object-custom menu-item-21993\"><a href=\"\/oddeleni\/onkologicke-oddeleni\/#kontaktni-informace\" data-ps2id-api=\"true\"><i class=\"fa-solid fa-phone\"><\/i> Kontaktn\u00ed informace<\/a><\/li>\n<li id=\"menu-item-21994\" class=\"menu-item menu-item-type-custom menu-item-object-custom menu-item-21994\"><a href=\"\/oddeleni\/onkologicke-oddeleni\/#kde-nas-najdete\" data-ps2id-api=\"true\"><i class=\"fa-solid fa-location-dot\"><\/i> Kde n\u00e1s najdete<\/a><\/li>\n<li id=\"menu-item-21995\" class=\"menu-item menu-item-type-custom menu-item-object-custom menu-item-21995\"><a href=\"\/oddeleni\/onkologicke-oddeleni\/#fotogalerie\" data-ps2id-api=\"true\"><i class=\"fa-solid fa-camera\"><\/i> Fotogalerie<\/a><\/li>\n<li id=\"menu-item-21996\" class=\"menu-custom-separator menu-item menu-item-type-custom menu-item-object-custom menu-item-21996\"><hr class=\"mhm-menu-separator\"><\/li>\n<li id=\"menu-item-28403\" class=\"static-link menu-item menu-item-type-custom menu-item-object-custom menu-item-28403\"><a href=\"\/oddeleni\/onkologicke-oddeleni\/onkologicke-ambulance\/\" data-ps2id-api=\"true\"><i class=\"fa-solid fa-house-medical\"><\/i>Ambulance<\/a><\/li>\n<li id=\"menu-item-22052\" class=\"static-link menu-item menu-item-type-custom menu-item-object-custom menu-item-22052\"><a href=\"\/oddeleni\/onkologicke-oddeleni\/spektrum-pece\/\" data-ps2id-api=\"true\"><i class=\"fa-solid fa-stethoscope\"><\/i> Spektrum p\u00e9\u010de<\/a><\/li>\n<li id=\"menu-item-21998\" class=\"static-link menu-item menu-item-type-custom menu-item-object-custom menu-item-21998\"><a href=\"\/oddeleni\/onkologicke-oddeleni\/luzkova-cast\/\" data-ps2id-api=\"true\"><i class=\"fa-solid fa-bed-pulse\"><\/i> L\u016f\u017ekov\u00e1 \u010d\u00e1st<\/a><\/li>\n<li id=\"menu-item-35398\" class=\"static-link menu-item menu-item-type-custom menu-item-object-custom menu-item-35398\"><a href=\"\/oddeleni\/onkologicke-oddeleni\/kooperujici-onkologicke-centrum\/\" data-ps2id-api=\"true\"><i class=\"fa-solid fa-arrows-to-dot\"><\/i>Komplexn\u00ed onkologick\u00e9 centrum<\/a><\/li>\n<li id=\"menu-item-35616\" class=\"static-link menu-item menu-item-type-custom menu-item-object-custom menu-item-35616\"><a href=\"\/oddeleni\/onkologicke-oddeleni\/pacientska-rada\/\" data-ps2id-api=\"true\"><i class=\"fa-solid fa-users\"><\/i> Pacientsk\u00e1 rada<\/a><\/li>\n<li id=\"menu-item-22057\" class=\"static-link menu-item menu-item-type-custom menu-item-object-custom menu-item-22057\"><a href=\"\/oddeleni\/onkologicke-oddeleni\/kooperujici-onkologicka-skupina-kraje-vysocina\/\" data-ps2id-api=\"true\"><i class=\"fa-solid fa-people-group\"><\/i> Kooperuj\u00edc\u00ed onkologick\u00e1 skupina Kraje Vyso\u010dina<\/a><\/li>\n<li id=\"menu-item-35181\" class=\"static-link menu-item menu-item-type-custom menu-item-object-custom menu-item-35181\"><a href=\"\/oddeleni\/onkologicke-oddeleni\/onko-koo\/\" data-ps2id-api=\"true\"><i class=\"fa-solid fa-hand-holding-heart\"><\/i> Koordin\u00e1to\u0159i onkologick\u00e9 p\u00e9\u010de<\/a><\/li>\n<li id=\"menu-item-28218\" class=\"menu-item menu-item-type-custom menu-item-object-custom menu-item-28218\"><a href=\"\/oddeleni\/onkologicke-oddeleni\/historie-onk\/\" data-ps2id-api=\"true\"><i class=\"fa-solid fa-ribbon\"><\/i>Historie Onkologick\u00e9ho odd\u011blen\u00ed<\/a><\/li>\n<\/ul><\/div><\/aside><div class=\"cl\"><\/div>\n<\/div>\n<\/div><\/div>\n<div id=\"cmsmasters_column_k7vlyuz4yq\" class=\"cmsmasters_column two_third\">\n<div class=\"cmsmasters_column_inner\"><div id=\"cmsmasters_heading_0cx4mcjjyd\" class=\"cmsmasters_heading_wrap cmsmasters_heading_align_left\">\n\t<h2 class=\"cmsmasters_heading\">Spektrum p\u00e9\u010de (Co d\u011bl\u00e1me)<\/h2>\n<\/div>\n<div id=\"cmsmasters_divider_kul4awri6m\" class=\"cmsmasters_divider cmsmasters_divider_width_short cmsmasters_divider_pos_left\"><\/div>\n<div class=\"cmsmasters_text\">\n<p>Onkologick\u00e9 odd\u011blen\u00ed Jihlava pat\u0159\u00ed mezi 15 onkologick\u00fdch pracovi\u0161\u0165 v \u010cR, kter\u00e1 m\u00e1 statut Komplexn\u00edho onkologick\u00e9ho centra (V\u011bstn\u00edk MZ \u010cR \u010d.7\/2020).<\/p>\n<p>Komplexn\u00ed onkologick\u00e1 centra byla definov\u00e1na v r\u00e1mci N\u00e1rodn\u00edho onkologick\u00e9ho programu \u010cesk\u00e9 onkologick\u00e9 spole\u010dnosti \u010cSL JEP. Ka\u017ed\u00e9 centrum mus\u00ed spl\u0148ovat ur\u010den\u00e1 person\u00e1ln\u00ed, materi\u00e1ln\u011b technick\u00e1 a organiza\u010dn\u00ed krit\u00e9ria. Tato centra tvo\u0159\u00ed p\u00e1te\u0159n\u00ed s\u00ed\u0165 onkologick\u00e9 p\u00e9\u010de v \u010cesk\u00e9 republice a poskytuj\u00ed nejnov\u011bj\u0161\u00ed dostupnou p\u00e9\u010di, kter\u00e1 je v \u010cesk\u00e9 republice schv\u00e1len\u00e1.<\/p>\n<p>KOC Jihlava spolu s pracovi\u0161ti v H. Brod\u011b, Pelh\u0159imov\u011b, T\u0159eb\u00ed\u010di a Nov\u00e9m M\u011bst\u011b na Morav\u011b\u00a0vytvo\u0159ily v roce 2016 Region\u00e1ln\u00ed onkologickou skupinu Vyso\u010dina a zaji\u0161\u0165uj\u00ed v\u011bt\u0161inu diagnostiky a l\u00e9\u010dby pro dosp\u011bl\u00e9 onkologick\u00e9 pacienty v kraji Vyso\u010dina. Struktura a fungov\u00e1n\u00ed skupiny odpov\u00eddaj\u00ed po\u017eadavk\u016fm na region\u00e1ln\u00ed onkologickou s\u00ed\u0165, definovanou V\u011bstn\u00edkem MZ \u010cR \u010d. 13\/2017.<\/p>\n<p>Onkologick\u00e9 odd\u011blen\u00ed Nemocnice Jihlava, p. o. poskytuje komplexn\u00ed onkologickou p\u00e9\u010di (diagnostiku n\u00e1dor\u016f, cytostatickou, biologickou a hormon\u00e1ln\u00ed l\u00e9\u010dbu, imunoterapii, l\u00e9\u010dbu z\u00e1\u0159en\u00edm, podp\u016frnou a paliativn\u00ed l\u00e9\u010dbu a dispenz\u00e1rn\u00ed p\u00e9\u010di) pro dosp\u011bl\u00e9 nemocn\u00e9 s prakticky v\u0161emi typy solidn\u00edch zhoubn\u00fdch n\u00e1dor\u016f. Pod\u00edl\u00edme se tak\u00e9 na l\u00e9\u010db\u011b n\u011bkter\u00fdch hematologick\u00fdch malignit (Hodgkin\u016fv lymfom, NH lymfomy). L\u00e9\u010dba je poskytov\u00e1na ambulantn\u011b i za hospitalizace.<\/p>\n<p>Na onkologick\u00e9m odd\u011blen\u00ed pracuje\u00a017 l\u00e9ka\u0159\u016f, z\u00a0toho 6 l\u00e9ka\u0159\u016f m\u00e1 specializovanou zp\u016fsobilost v\u00a0oboru radia\u010dn\u00ed onkologie, 7 l\u00e9ka\u0159\u016f z\u00a0klinick\u00e9 onkologie a 4 l\u00e9ka\u0159i jsou v\u00a0p\u0159\u00edprav\u011b na atestaci.<\/p>\n<p>Ambulantn\u00ed trakt je rozd\u011blen na ambulanci dispenz\u00e1rn\u00ed, konzili\u00e1rn\u00ed, 3 ambulance klinick\u00e9 onkologie a chemoterapeutick\u00fd stacion\u00e1\u0159. Stacion\u00e1\u0159 m\u00e1 2 aplika\u010dn\u00ed m\u00edstnosti s 1 l\u016f\u017ekem a 9 k\u0159esly pro ambulantn\u00ed pod\u00e1v\u00e1n\u00ed chemoterapie. Stacion\u00e1\u0159 funguje v pracovn\u00ed dny, o v\u00edkendu zaji\u0161\u0165uje nep\u0159etr\u017eitou slu\u017ebu o pacienty s chemoterapi\u00ed l\u00e9ka\u0159 v \u00daPS a person\u00e1l l\u016f\u017ekov\u00e9 \u010d\u00e1sti. Dispenz\u00e1rn\u00ed p\u00e9\u010di zaji\u0161\u0165ujeme do\u017eivotn\u011b l\u00e9\u010den\u00fdm pacient\u016fm bu\u010f sami, nebo ve spolupr\u00e1ci s ostatn\u00edmi odborn\u00fdmi odd\u011blen\u00edmi nemocnice Jihlava.<\/p>\n<p>Pacienti s\u00a0vybran\u00fdmi krevn\u00edmi malignitami jsou l\u00e9\u010deni a dispenzarizov\u00e1ni v\u00a0hematoonkologick\u00e9 ambulanci.<\/p>\n<p>Onkologick\u00e9 odd\u011blen\u00ed m\u00e1 zpracov\u00e1ny lok\u00e1ln\u00ed standardy l\u00e9\u010dby, kter\u00e9 odpov\u00eddaj\u00ed postup\u016fm, zpracovan\u00fdm odborn\u00fdmi spole\u010dnostmi a jsou v souladu s n\u00e1rodn\u00edmi a mezin\u00e1rodn\u00edmi doporu\u010den\u00edmi a standardy. Rozhodov\u00e1n\u00ed o l\u00e9\u010debn\u00e9m postupu pacient\u016f prob\u00edh\u00e1 v\u00a0multioborov\u00fdch t\u00fdmech, kter\u00e9 se pravideln\u011b sch\u00e1zej\u00ed 1xt\u00fddn\u011b za \u00fa\u010dasti p\u0159\u00edslu\u0161n\u00fdch odborn\u00edk\u016f podle projedn\u00e1van\u00e9ho typu n\u00e1doru a l\u00e9\u010dby.<\/p>\n<p>Od roku 2006 m\u00e1 odd\u011blen\u00ed smluvn\u011b potvrzeno pod\u00e1v\u00e1n\u00ed vysoce specializovan\u00e9 a n\u00e1kladn\u00e9 biologick\u00e9 l\u00e9\u010dby a imunoterapie\u00a0u \u0159ady n\u00e1dor\u016f. Po\u010det prepar\u00e1t\u016f a jejich pou\u017eit\u00ed se neust\u00e1le roz\u0161i\u0159uj\u00ed.<\/p>\n<p>L\u016f\u017ekov\u00e1 \u010d\u00e1st m\u00e1 35 standardn\u00edch l\u016f\u017eek (pokoje jsou po 2-3 l\u016f\u017ek\u00e1ch s vlastn\u00edm soci\u00e1ln\u00edm za\u0159\u00edzen\u00edm) a je spole\u010dn\u00e1 pro nemocn\u00e9 l\u00e9\u010den\u00e9 syst\u00e9movou l\u00e9\u010dbou i radioterapi\u00ed. L\u016f\u017ekov\u00e1 \u010d\u00e1st je zaji\u0161t\u011bna nep\u0159etr\u017eitou l\u00e9ka\u0159skou slu\u017ebou. V r\u00e1mci pavilonu urgentn\u00ed medic\u00edny jsou vy\u010dlen\u011bna 2 l\u016f\u017eka intenzivn\u00ed intern\u00ed p\u00e9\u010de pro onkologick\u00e9 pacienty k l\u00e9\u010db\u011b p\u0159\u00edpadn\u00fdch komplikac\u00ed l\u00e9\u010dby.<\/p>\n<p>Oza\u0159ovac\u00ed trakt byl opakovan\u011b modernizov\u00e1n a pr\u016fb\u011b\u017en\u011b vybavov\u00e1n nejmodern\u011bj\u0161\u00ed oza\u0159ovac\u00ed technikou. Sou\u010dasn\u00e9 technick\u00e9 vybaven\u00ed tvo\u0159\u00ed 2 line\u00e1rn\u00ed urychlova\u010de Truebeam fy. Varian s mo\u017enost\u00ed oza\u0159ov\u00e1n\u00ed technikami IMRT, IGRT, VMAT, stereotaktick\u00e9 RT a respiratory gating, CT-simul\u00e1tor a za\u0159\u00edzen\u00ed pro aplikaci brachyterapie Bravos. P\u0159\u00edstroje pln\u011b spl\u0148uj\u00ed podm\u00ednky Atomov\u00e9ho z\u00e1kona a odborn\u00e9 spole\u010dnosti SROBF pro prov\u00e1d\u011bn\u00ed kurativn\u00ed radioterapie. V r\u00e1mci kraje Vyso\u010dina je toto pracovi\u0161t\u011b jedin\u00e9 schopno poskytovat kurativn\u00ed radia\u010dn\u00ed l\u00e9\u010dbu (t\u00fdk\u00e1 se to zejm\u00e9na n\u00e1dor\u016f gynekologick\u00fdch, urologick\u00fdch a za\u017e\u00edvac\u00edho traktu, d\u00e1le n\u00e1dor\u016f prsu, plic a n\u00e1dor\u016f v oblasti hlavy a krku). Pacienti jsou oza\u0159ov\u00e1ni ambulantn\u011b a za hospitalizace. P\u0159i oza\u0159ovac\u00edm traktu je ambulance radia\u010dn\u00ed onkologie, kter\u00e1 m\u00e1 rovn\u011b\u017e ka\u017edodenn\u00ed provoz.<\/p>\n<p>N\u011bkter\u00e9 vysoce specializovan\u00e9 metody l\u00e9\u010dby zaji\u0161\u0165ujeme spoluprac\u00ed s MO\u00da v\u00a0Brn\u011b a FN Praha-Motol. P\u0159i p\u00e9\u010di o nemocn\u00e9 s hematologick\u00fdmi malignitami spolupracujeme s Intern\u00ed hematoonkologickou klinikou v Brn\u011b-Bohunic\u00edch.<\/p>\n<p>Onkologick\u00e9 odd\u011blen\u00ed organizuje ka\u017edoro\u010dn\u011b spole\u010dn\u011b s\u00a0gynekologick\u00fdm odd\u011blen\u00edm\u00a0celost\u00e1tn\u00ed konferenci\u00a0na r\u016fzn\u00e1 onko-gynekologick\u00e1 t\u00e9mata, po\u0159\u00e1d\u00e1me krajsk\u00e9 semin\u00e1\u0159e s onkologickou t\u00e9matikou za \u00fa\u010dasti p\u0159edn\u00edch \u010desk\u00fdch odborn\u00edk\u016f v oboru onkologie. Podle aktu\u00e1ln\u00edch mo\u017enost\u00ed se \u00fa\u010dastn\u00edme n\u00e1rodn\u00edch a mezin\u00e1rodn\u00edch klinick\u00fdch studi\u00ed a prov\u00e1d\u00edme publika\u010dn\u00ed a\u00a0p\u0159edn\u00e1\u0161kovou \u010dinnost.<\/p>\n<p>&nbsp;<\/p>\n<p>Onkologick\u00e9 odd\u011blen\u00ed je akreditov\u00e1no\u00a0MZ \u010cR pro uskute\u010d\u0148ov\u00e1n\u00ed\u00a0pln\u00e9ho postgradu\u00e1ln\u00edho vzd\u011bl\u00e1v\u00e1n\u00ed\u00a0jak v oboru radia\u010dn\u00ed onkologie tak i klinick\u00e9 onkologie.<\/p>\n<\/div>\n<\/div><\/div>\n<\/div>\n<\/div>\n<\/div>\n<\/div>\n<\/div>\n\n","protected":false},"excerpt":{"rendered":"","protected":false},"author":1,"featured_media":17130,"parent":21973,"menu_order":0,"comment_status":"closed","ping_status":"closed","template":"","meta":{"pgc_sgb_lightbox_settings":"","footnotes":"","_links_to":"","_links_to_target":""},"categories":[85],"class_list":["post-22050","page","type-page","status-publish","has-post-thumbnail","hentry","category-page-oddeleni"],"publishpress_future_action":{"enabled":false,"date":"2026-04-13 17:13:14","action":"change-status","newStatus":"draft","terms":[],"taxonomy":"category","extraData":[]},"publishpress_future_workflow_manual_trigger":{"enabledWorkflows":[]},"_links":{"self":[{"href":"https:\/\/webnemji.azurewebsites.net\/en\/wp-json\/wp\/v2\/pages\/22050","targetHints":{"allow":["GET"]}}],"collection":[{"href":"https:\/\/webnemji.azurewebsites.net\/en\/wp-json\/wp\/v2\/pages"}],"about":[{"href":"https:\/\/webnemji.azurewebsites.net\/en\/wp-json\/wp\/v2\/types\/page"}],"author":[{"embeddable":true,"href":"https:\/\/webnemji.azurewebsites.net\/en\/wp-json\/wp\/v2\/users\/1"}],"replies":[{"embeddable":true,"href":"https:\/\/webnemji.azurewebsites.net\/en\/wp-json\/wp\/v2\/comments?post=22050"}],"version-history":[{"count":0,"href":"https:\/\/webnemji.azurewebsites.net\/en\/wp-json\/wp\/v2\/pages\/22050\/revisions"}],"up":[{"embeddable":true,"href":"https:\/\/webnemji.azurewebsites.net\/en\/wp-json\/wp\/v2\/pages\/21973"}],"wp:featuredmedia":[{"embeddable":true,"href":"https:\/\/webnemji.azurewebsites.net\/en\/wp-json\/wp\/v2\/media\/17130"}],"wp:attachment":[{"href":"https:\/\/webnemji.azurewebsites.net\/en\/wp-json\/wp\/v2\/media?parent=22050"}],"wp:term":[{"taxonomy":"category","embeddable":true,"href":"https:\/\/webnemji.azurewebsites.net\/en\/wp-json\/wp\/v2\/categories?post=22050"}],"curies":[{"name":"wp","href":"https:\/\/api.w.org\/{rel}","templated":true}]}}