{"id":22053,"date":"2023-10-11T07:26:58","date_gmt":"2023-10-11T05:26:58","guid":{"rendered":"https:\/\/nemji.rs-kovarik.cz\/?page_id=22053"},"modified":"2024-09-23T14:29:09","modified_gmt":"2024-09-23T12:29:09","slug":"kooperujici-onkologicka-skupina-kraje-vysocina","status":"publish","type":"page","link":"https:\/\/webnemji.azurewebsites.net\/en\/oddeleni\/onkologicke-oddeleni\/kooperujici-onkologicka-skupina-kraje-vysocina\/","title":{"rendered":"Cooperating Oncology Group of the Vyso\u010dina Region"},"content":{"rendered":"<div id=\"cmsmasters_row_6iluctg3hk\" class=\"cmsmasters_row cmsmasters_color_scheme_default cmsmasters_row_top_default cmsmasters_row_bot_default cmsmasters_row_boxed\">\n<div class=\"cmsmasters_row_outer_parent\">\n<div class=\"cmsmasters_row_overlay\"><\/div>\n<div class=\"cmsmasters_row_outer\">\n<div class=\"cmsmasters_row_inner\">\n<div class=\"cmsmasters_row_margin\">\n<div id=\"cmsmasters_column_sybg7he2sg\" class=\"cmsmasters_column one_first\">\n<div class=\"cmsmasters_column_inner\"><div id=\"cmsmasters_heading_b3c74b95a0\" class=\"cmsmasters_heading_wrap cmsmasters_heading_align_center pageheadingtitle\">\n\t<h1 class=\"cmsmasters_heading\">Onkologick\u00e9 odd\u011blen\u00ed<\/h1>\n<\/div>\n<\/div><\/div>\n<\/div>\n<\/div>\n<\/div>\n<\/div>\n<\/div>\n<div id=\"cmsmasters_row_ly5ze1hf8e\" class=\"cmsmasters_row cmsmasters_color_scheme_default cmsmasters_row_top_default cmsmasters_row_bot_default cmsmasters_row_boxed\">\n<div class=\"cmsmasters_row_outer_parent\">\n<div class=\"cmsmasters_row_outer\">\n<div class=\"cmsmasters_row_inner\">\n<div class=\"cmsmasters_row_margin\">\n<div id=\"cmsmasters_column_v67ee6nvg7\" class=\"cmsmasters_column one_first\">\n<div class=\"cmsmasters_column_inner\"><div class=\"cmsmasters_text\">\n<p><nav aria-label=\"breadcrumbs\">\n            <div class=\"breadcrumb-container theme1\">\n                <ol>\n                                    <\/ol>\n            <\/div>\n        <\/nav>    <script type=\"application\/ld+json\">\n        {\n            \"@context\": \"http:\/\/schema.org\",\n            \"@type\": \"BreadcrumbList\",\n            \"itemListElement\": [\n                            ]\n        }\n    <\/script>\n   \n    <script>\n            <\/script>\n<\/p>\n<\/div>\n<\/div><\/div>\n<\/div>\n<\/div>\n<\/div>\n<\/div>\n<\/div>\n<div id=\"cmsmasters_row_3f2f8816dd\" class=\"cmsmasters_row cmsmasters_color_scheme_default cmsmasters_row_top_default cmsmasters_row_bot_default cmsmasters_row_boxed\">\n<div class=\"cmsmasters_row_outer_parent\">\n<div class=\"cmsmasters_row_outer\">\n<div class=\"cmsmasters_row_inner\">\n<div class=\"cmsmasters_row_margin\">\n<div id=\"cmsmasters_column_0a1c5940f5\" class=\"cmsmasters_column one_third stickyinfocolumn\">\n<div class=\"cmsmasters_column_inner\"><div id=\"cmsmasters_heading_rva6m2t32d\" class=\"cmsmasters_heading_wrap cmsmasters_heading_align_center\">\n\t<h3 class=\"cmsmasters_heading\">Informace o odd\u011blen\u00ed<\/h3>\n<\/div>\n<div id=\"cmsmasters_divider_dpp34mcdj5\" class=\"cmsmasters_divider cmsmasters_divider_width_short cmsmasters_divider_pos_center\"><\/div>\n<div class=\"cmsmasters_sidebar sidebar_layout_11 sidebar-custom-menu\"><aside id=\"nav_menu-27\" class=\"widget widget_nav_menu\"><div class=\"menu-oddeleni-onkologie-container\"><ul id=\"menu-oddeleni-onkologie\" class=\"menu\"><li id=\"menu-item-21990\" class=\"menu-item menu-item-type-custom menu-item-object-custom menu-item-21990\"><a href=\"\/oddeleni\/onkologicke-oddeleni\/#popis-oddeleni\" data-ps2id-api=\"true\"><i class=\"fa-solid fa-info\"><\/i> Popis odd\u011blen\u00ed<\/a><\/li>\n<li id=\"menu-item-21991\" class=\"menu-item menu-item-type-custom menu-item-object-custom menu-item-21991\"><a href=\"\/oddeleni\/onkologicke-oddeleni\/#personalni-obsazeni\" data-ps2id-api=\"true\"><i class=\"fa-solid fa-user-doctor\"><\/i> Person\u00e1ln\u00ed obsazen\u00ed<\/a><\/li>\n<li id=\"menu-item-21992\" class=\"menu-item menu-item-type-custom menu-item-object-custom menu-item-21992\"><a href=\"\/oddeleni\/onkologicke-oddeleni\/#ordinacni-hodiny\" data-ps2id-api=\"true\"><i class=\"fa-regular fa-clock\"><\/i> Ordina\u010dn\u00ed hodiny<\/a><\/li>\n<li id=\"menu-item-21993\" class=\"menu-item menu-item-type-custom menu-item-object-custom menu-item-21993\"><a href=\"\/oddeleni\/onkologicke-oddeleni\/#kontaktni-informace\" data-ps2id-api=\"true\"><i class=\"fa-solid fa-phone\"><\/i> Kontaktn\u00ed informace<\/a><\/li>\n<li id=\"menu-item-21994\" class=\"menu-item menu-item-type-custom menu-item-object-custom menu-item-21994\"><a href=\"\/oddeleni\/onkologicke-oddeleni\/#kde-nas-najdete\" data-ps2id-api=\"true\"><i class=\"fa-solid fa-location-dot\"><\/i> Kde n\u00e1s najdete<\/a><\/li>\n<li id=\"menu-item-21995\" class=\"menu-item menu-item-type-custom menu-item-object-custom menu-item-21995\"><a href=\"\/oddeleni\/onkologicke-oddeleni\/#fotogalerie\" data-ps2id-api=\"true\"><i class=\"fa-solid fa-camera\"><\/i> Fotogalerie<\/a><\/li>\n<li id=\"menu-item-21996\" class=\"menu-custom-separator menu-item menu-item-type-custom menu-item-object-custom menu-item-21996\"><hr class=\"mhm-menu-separator\"><\/li>\n<li id=\"menu-item-28403\" class=\"static-link menu-item menu-item-type-custom menu-item-object-custom menu-item-28403\"><a href=\"\/oddeleni\/onkologicke-oddeleni\/onkologicke-ambulance\/\" data-ps2id-api=\"true\"><i class=\"fa-solid fa-house-medical\"><\/i>Ambulance<\/a><\/li>\n<li id=\"menu-item-22052\" class=\"static-link menu-item menu-item-type-custom menu-item-object-custom menu-item-22052\"><a href=\"\/oddeleni\/onkologicke-oddeleni\/spektrum-pece\/\" data-ps2id-api=\"true\"><i class=\"fa-solid fa-stethoscope\"><\/i> Spektrum p\u00e9\u010de<\/a><\/li>\n<li id=\"menu-item-21998\" class=\"static-link menu-item menu-item-type-custom menu-item-object-custom menu-item-21998\"><a href=\"\/oddeleni\/onkologicke-oddeleni\/luzkova-cast\/\" data-ps2id-api=\"true\"><i class=\"fa-solid fa-bed-pulse\"><\/i> L\u016f\u017ekov\u00e1 \u010d\u00e1st<\/a><\/li>\n<li id=\"menu-item-35398\" class=\"static-link menu-item menu-item-type-custom menu-item-object-custom menu-item-35398\"><a href=\"\/oddeleni\/onkologicke-oddeleni\/kooperujici-onkologicke-centrum\/\" data-ps2id-api=\"true\"><i class=\"fa-solid fa-arrows-to-dot\"><\/i>Komplexn\u00ed onkologick\u00e9 centrum<\/a><\/li>\n<li id=\"menu-item-35616\" class=\"static-link menu-item menu-item-type-custom menu-item-object-custom menu-item-35616\"><a href=\"\/oddeleni\/onkologicke-oddeleni\/pacientska-rada\/\" data-ps2id-api=\"true\"><i class=\"fa-solid fa-users\"><\/i> Pacientsk\u00e1 rada<\/a><\/li>\n<li id=\"menu-item-22057\" class=\"static-link menu-item menu-item-type-custom menu-item-object-custom menu-item-22057\"><a href=\"\/oddeleni\/onkologicke-oddeleni\/kooperujici-onkologicka-skupina-kraje-vysocina\/\" data-ps2id-api=\"true\"><i class=\"fa-solid fa-people-group\"><\/i> Kooperuj\u00edc\u00ed onkologick\u00e1 skupina Kraje Vyso\u010dina<\/a><\/li>\n<li id=\"menu-item-35181\" class=\"static-link menu-item menu-item-type-custom menu-item-object-custom menu-item-35181\"><a href=\"\/oddeleni\/onkologicke-oddeleni\/onko-koo\/\" data-ps2id-api=\"true\"><i class=\"fa-solid fa-hand-holding-heart\"><\/i> Koordin\u00e1to\u0159i onkologick\u00e9 p\u00e9\u010de<\/a><\/li>\n<li id=\"menu-item-28218\" class=\"menu-item menu-item-type-custom menu-item-object-custom menu-item-28218\"><a href=\"\/oddeleni\/onkologicke-oddeleni\/historie-onk\/\" data-ps2id-api=\"true\"><i class=\"fa-solid fa-ribbon\"><\/i>Historie Onkologick\u00e9ho odd\u011blen\u00ed<\/a><\/li>\n<\/ul><\/div><\/aside><div class=\"cl\"><\/div>\n<\/div>\n<\/div><\/div>\n<div id=\"cmsmasters_column_k7vlyuz4yq\" class=\"cmsmasters_column two_third\">\n<div class=\"cmsmasters_column_inner\"><div id=\"cmsmasters_heading_0cx4mcjjyd\" class=\"cmsmasters_heading_wrap cmsmasters_heading_align_left\">\n\t<h2 class=\"cmsmasters_heading\">Kooperuj\u00edc\u00ed onkologick\u00e1 skupina Kraje Vyso\u010dina<\/h2>\n<\/div>\n<div id=\"cmsmasters_divider_kul4awri6m\" class=\"cmsmasters_divider cmsmasters_divider_width_short cmsmasters_divider_pos_left\"><\/div>\n<div class=\"aligncenter\"><div class=\"cmsmasters_img  cmsmasters_image_c\"><img decoding=\"async\" src=\"\/wp-content\/uploads\/2023\/10\/Image-28.png\" alt=\"Kooperuj\u00edc\u00ed onkologick\u00e1 skupina Kraje Vyso\u010dina\" \/><\/div><\/div><div class=\"cmsmasters_text\">\n<h5><\/h5>\n<h4><strong class=\"zprava\"><span class=\"zvyrazneni\">V\u00edtejte na str\u00e1nk\u00e1ch Kooperuj\u00edc\u00ed onkologick\u00e9 skupiny Kraje Vyso\u010dina<\/span><\/strong><\/h4>\n<p>Smyslem \u010dinnosti kooperuj\u00edc\u00ed onkologick\u00e9 skupiny (KOS) je vytvo\u0159it s\u00ed\u0165 zdravotnick\u00fdch za\u0159\u00edzen\u00ed, staraj\u00edc\u00edch se o nemocn\u00e9 s n\u00e1dorov\u00fdmi onemocn\u011bn\u00edmi. Tato za\u0159\u00edzen\u00ed se rozhodla p\u0159ijmout spole\u010dn\u00e1 pravidla a postupy l\u00e9\u010dby onkologicky nemocn\u00fdch, kter\u00e1 sd\u00edlej\u00ed, vyhodnocuj\u00ed a upravuj\u00ed dle nejnov\u011bj\u0161\u00edch v\u011bdeck\u00fdch poznatk\u016f. Podl\u00e9haj\u00ed jednotn\u00e9mu odborn\u00e9mu veden\u00ed zastoupen\u00e9mu odborn\u00fdmi pracovn\u00edmi skupinami. Ty sleduj\u00ed a vyhodnocuj\u00ed postupy a porovn\u00e1vaj\u00ed v\u00fdsledky l\u00e9\u010dby, sd\u00edlej\u00ed odborn\u00e9 i technick\u00e9 prost\u0159edky, zku\u0161enosti. C\u00edlem spolupr\u00e1ce je zajistit nejlep\u0161\u00ed mo\u017enou p\u00e9\u010di v t\u011bchto nelehk\u00fdch p\u0159\u00edpadech pro ob\u010dany Kraje Vyso\u010dina. Ned\u00edlnou sou\u010d\u00e1st\u00ed tohoto postupu je v\u00edceoborov\u00e1 spolupr\u00e1ce p\u0159i stanoven\u00ed vy\u0161et\u0159ovac\u00edho a l\u00e9\u010debn\u00e9ho postupu v tzv. v\u00edceoborov\u00fdch indika\u010dn\u00edch komis\u00edch (VIK).\u00a0V dne\u0161n\u00ed dob\u011b je ji\u017e nemysliteln\u00e9, aby o osudu nemocn\u00e9ho s n\u00e1dorovou diagn\u00f3zou rozhodoval samostatn\u011b l\u00e9ka\u0159 jedin\u00e9 odbornosti. V\u017edy jde o spolupr\u00e1ci a pohled v\u00edce odbornost\u00ed a snahu naj\u00edt nejlep\u0161\u00ed l\u00e9\u010dbu pro konkr\u00e9tn\u00edho dan\u00e9ho \u010dlov\u011bka. Pro nemocn\u00e9ho to znamen\u00e1, \u017ee je lhostejn\u00e9, kde do s\u00edt\u011b vstoup\u00ed, v\u017edy se mu dostane nejlep\u0161\u00ed mo\u017en\u00e9 dostupn\u00e9 l\u00e9\u010dby.<\/p>\n<p>KOS Kraje Vyso\u010dina slou\u017e\u00ed jako pilotn\u00ed projekt spr\u00e1vn\u00e9 praxe p\u0159i organizaci onkologick\u00e9 p\u00e9\u010de ve srovnateln\u00fdch regionech Evropsk\u00e9 unie.<\/p>\n<p>&nbsp;<\/p>\n<style type=\"text\/css\"><\/style><section id='' \n                class='helpie-faq accordions groupSettings-270__enabled' \n                data-collection='' \n                data-pagination='0' \n                data-search='0' \n                data-pagination-enabled='0'\n                role='region'\n                aria-label='FAQ Section'\n                aria-live='polite'><form class=\"search\" onSubmit=\"return false;\"><div class=\"search__wrapper\"><input type=\"text\" class=\"search__input\" aria-label=\"Search\" role=\"searchbox\" placeholder=\"Vyhledat\"><span class=\"search__icon\"><svg class=\"svg-icon--search\" role=\"img\" xmlns=\"http:\/\/www.w3.org\/2000\/svg\" viewBox=\"0 0 22 22\">\r\n                        <g fill=\"none\" stroke=\"#171717\">\r\n                            <path stroke-linecap=\"square\" stroke-width=\"2\" d=\"M18.5 18.3l-5.4-5.4\"\/>\r\n                            <circle cx=\"8\" cy=\"8\" r=\"7\" stroke-width=\"2\"\/>\r\n                        <\/g>\r\n                    <\/svg><\/span><\/div><div class=\"search__message\"><\/div><\/form><article class=\"accordion \"><div class='helpie-faq-row'><div class='helpie-faq-col helpie-faq-col-12' ><ul><li class=\"accordion__item \"><div class=\"accordion__header \" \r\n                id=\"accordion-header-post-22062\"\r\n                role=\"button\"\r\n                aria-expanded=\"false\"\r\n                aria-controls=\"accordion-content-post-22062\"\r\n                data-id=\"post-22062\" \r\n                data-item=\"hfaq-post-22062\" \r\n                style=\"background:transparent;\" \r\n                data-tags=\"\"\r\n                tabindex=\"0\"><div class=\"accordion__title\">Jmenovac\u00ed listiny<\/div><\/div><div id=\"accordion-content-post-22062\" \r\n                class=\"accordion__body\" \r\n                role=\"region\"\r\n                aria-labelledby=\"accordion-header-post-22062\"\r\n                style=\"background:transparent;\"><p><a class=\"download-links-small-faq\" href=\"\/wp-content\/uploads\/2023\/10\/001-Viceoborove-indikacni-onko-komise-VERZE-3.pdf\" target=\"_blank\" rel=\"noopener\">001 V\u00edceoborov\u00e9 indika\u010dn\u00ed onko &#8211; komise VERZE 3<\/a><\/p>\n<p><a class=\"download-links-small-faq\" href=\"\/wp-content\/uploads\/2023\/10\/011-Jmenovaci-listina-melanomova-VIK-VERZE-4.pdf\" target=\"_blank\" rel=\"noopener\">011 Jmenovac\u00ed listina melanomov\u00e1 VIK VERZE 4<\/a><\/p>\n<p><a class=\"download-links-small-faq\" href=\"\/wp-content\/uploads\/2023\/10\/010-Jmenovaci-listina-hepatalni-VIK-VERZE-4.pdf\" target=\"_blank\" rel=\"noopener\">010 Jmenovac\u00ed listina hepat\u00e1ln\u00ed VIK VERZE 4<\/a><\/p>\n<p><a class=\"download-links-small-faq\" href=\"\/wp-content\/uploads\/2023\/10\/007-Jmenovaci-listina-VIK-pro-nadory-kosti-a-pohyboveho-aparatu-VERZE-4.pdf\" target=\"_blank\" rel=\"noopener\">007 Jmenovac\u00ed listina VIK pro n\u00e1dory kost\u00ed a pohybov\u00e9ho apar\u00e1tu VERZE 4<\/a><\/p>\n<p><a class=\"download-links-small-faq\" href=\"\/wp-content\/uploads\/2023\/10\/006-Jmenovaci-listina-VIK-pro-nadory-hlavy-a-krku-VERZE-4.pdf\" target=\"_blank\" rel=\"noopener\">006 Jmenovac\u00ed listina VIK pro n\u00e1dory hlavy a krku VERZE 4<\/a><\/p>\n<p><a class=\"download-links-small-faq\" href=\"\/wp-content\/uploads\/2023\/10\/005-Jmenovaci-listina-onko-pneumologicke-VIK-VERZE-4.pdf\" target=\"_blank\" rel=\"noopener\">005 Jmenovac\u00ed listina onko-pneumologick\u00e9 VIK VERZE 4<\/a><\/p>\n<p><a class=\"download-links-small-faq\" href=\"\/wp-content\/uploads\/2023\/10\/004-Jmenovaci-listina-onko-chirurgicke-VIK-VERZE-4.pdf\" target=\"_blank\" rel=\"noopener\">004 Jmenovac\u00ed listina onko &#8211; chirurgick\u00e9 VIK VERZE 4<\/a><\/p>\n<p><a class=\"download-links-small-faq\" href=\"\/wp-content\/uploads\/2023\/10\/003-Jmenovaci-listina-onko-gynekologicke-VIK-VERZE-4.pdf\" target=\"_blank\" rel=\"noopener\">003 Jmenovac\u00ed listina onko-gynekologick\u00e9 VIK VERZE 4<\/a><\/p>\n<p><a class=\"download-links-small-faq\" href=\"\/wp-content\/uploads\/2023\/10\/002-Jmenovaci-listina-onko-neurologicke-VIK-VERZE-4.pdf\" target=\"_blank\" rel=\"noopener\">002 Jmenovac\u00ed listina onko-neurologick\u00e9 VIK VERZE 4<\/a><\/p>\n<p><a class=\"download-links-small-faq\" href=\"\/wp-content\/uploads\/2023\/10\/001-Jmenovaci-listina-onko-urologicke-VIK.pdf\" target=\"_blank\" rel=\"noopener\">001 Jmenovac\u00ed listina onko-urologick\u00e9 VIK<\/a><\/p>\n<\/div><\/li><li class=\"accordion__item \"><div class=\"accordion__header \" \r\n                id=\"accordion-header-post-22063\"\r\n                role=\"button\"\r\n                aria-expanded=\"false\"\r\n                aria-controls=\"accordion-content-post-22063\"\r\n                data-id=\"post-22063\" \r\n                data-item=\"hfaq-post-22063\" \r\n                style=\"background:transparent;\" \r\n                data-tags=\"\"\r\n                tabindex=\"0\"><div class=\"accordion__title\">Diagnosticko-terapeutick\u00e9 protokoly<\/div><\/div><div id=\"accordion-content-post-22063\" \r\n                class=\"accordion__body\" \r\n                role=\"region\"\r\n                aria-labelledby=\"accordion-header-post-22063\"\r\n                style=\"background:transparent;\"><p><a class=\"download-links-small-faq\" href=\"\/wp-content\/uploads\/2024\/01\/KP-013-Nadory-tela-delozniho-VERZE-3.pdf\" target=\"_blank\" rel=\"noopener\">KP 013 N\u00e1dory t\u011bla d\u011blo\u017en\u00edho VERZE 3<\/a><br \/>\n<a class=\"download-links-small-faq\" href=\"\/wp-content\/uploads\/2024\/01\/KP-014-Karcinom-ledviny-VERZE-3.pdf\" target=\"_blank\" rel=\"noopener\">KP 014 Karcinom ledviny VERZE 3<\/a><br \/>\n<a class=\"download-links-small-faq\" href=\"\/wp-content\/uploads\/2024\/01\/KP-015-Karcinom-prostaty-VERZE-3.pdf\" target=\"_blank\" rel=\"noopener\">KP 015 Karcinom prostaty VERZE 3<\/a><br \/>\n<a class=\"download-links-small-faq\" href=\"\/wp-content\/uploads\/2024\/01\/KP-016-Karcinom-prsu-VERZE-3.pdf\" target=\"_blank\" rel=\"noopener\">KP 016 Karcinom prsu VERZE 3<\/a><br \/>\n<a class=\"download-links-small-faq\" href=\"\/wp-content\/uploads\/2024\/01\/KP-017-Karcinom-kolorekta-VERZE-3.pdf\" target=\"_blank\" rel=\"noopener\">KP 017 Karcinom kolorekta VERZE 3<\/a><br \/>\n<a class=\"download-links-small-faq\" href=\"\/wp-content\/uploads\/2024\/01\/KP-018-Pokyny-k-indikacim-PETCT-s-18-F-FDG-v-onkologii-VERZE-3.pdf\" target=\"_blank\" rel=\"noopener\">KP 018 Pokyny k indikac\u00edm PETCT s 18-F-FDG v onkologii VERZE 3<\/a><br \/>\n<a class=\"download-links-small-faq\" href=\"\/wp-content\/uploads\/2024\/01\/KP-025-Nemalobunecny-karcinom-plic.pdf\" target=\"_blank\" rel=\"noopener\">KP 025 Nemalobun\u011b\u010dn\u00fd karcinom plic<\/a><br \/>\n<a class=\"download-links-small-faq\" href=\"\/wp-content\/uploads\/2024\/01\/KP-026-Maligni-melanom-kuze.pdf\" target=\"_blank\" rel=\"noopener\">KP 026 Malign\u00ed melanom k\u016f\u017ee<\/a><\/p>\n<\/div><\/li><\/ul><\/div><\/div><\/article><\/section>\n<p>&nbsp;<\/p>\n<h4><b><span class=\"zvyrazneni\">Kooperuj\u00edc\u00ed organizace v Kraji Vyso\u010dina<\/span><\/b><\/h4>\n<h5><strong>Onkologie Havl\u00ed\u010dk\u016fv Brod<\/strong><\/h5>\n<p>Nemocnice Havl\u00ed\u010dk\u016fv Brod, Husova 2624, 580 22 Havl\u00ed\u010dk\u016fv Brod, budova \u010d. 4, onkologick\u00fd pavil\u00f3n<br \/>\nTelefon: \u00fast\u0159edna nemocnice <strong>+420 569 472 111<\/strong><br \/>\nDal\u0161\u00ed informace na str\u00e1nk\u00e1ch Onkologie Havl\u00ed\u010dk\u016fv Brod &#8211; link\u00a0<a href=\"https:\/\/www.nemhb.cz\/oddeleni-klinicke-a-radiacni-onkologie\/\" target=\"_blank\" rel=\"noopener\">zde<\/a><\/p>\n<h5><strong>Onkologie Pelh\u0159imov<\/strong><\/h5>\n<p>Nemocnice Pelh\u0159imov, p.o., Slov. bratrstv\u00ed 710, 393 38 PE, budova RTO<br \/>\nTelefon: \u00fast\u0159edna nemocnice <strong>+420 565 355 111<\/strong><br \/>\nDal\u0161\u00ed informace na str\u00e1nk\u00e1ch Onkologie Pelh\u0159imov &#8211; link\u00a0<a href=\"http:\/\/www.hospital-pe.cz\/index.php?kam=amb#11_\" target=\"_blank\" rel=\"noopener\">zde<\/a><\/p>\n<h5><strong>Klinick\u00e1 onkologie T\u0159eb\u00ed\u010d s.r.o.<\/strong><\/h5>\n<p>Obr\u00e1nc\u016f m\u00edru 491, 67401 T\u0159eb\u00ed\u010d<br \/>\nTelefon: <strong>+420 568 827 507<\/strong><br \/>\nDal\u0161\u00ed informace na str\u00e1nk\u00e1ch Onkologie T\u0159eb\u00ed\u010d \u2013 link\u00a0<a href=\"http:\/\/www.onkologie-trebic.cz\/\" target=\"_blank\" rel=\"noopener\">zde<\/a><\/p>\n<h5><strong>Onkologie Nov\u00e9 M\u011bsto na Morav\u011b<\/strong><\/h5>\n<p>Nemocnice Nov\u00e9 M\u011bsto na Morav\u011b, p.o., \u017d\u010f\u00e1rsk\u00e1 610, 592 31 Nov\u00e9 M\u011bsto na Morav\u011b<br \/>\nTelefon: <strong>+420 566 801 541<\/strong><br \/>\nDal\u0161\u00ed informace na str\u00e1nk\u00e1ch Onkologie Nov\u00e9 M\u011bsto na Morav\u011b &#8211; link\u00a0<a href=\"http:\/\/www.nnm.cz\/2011\/?rezim=pacient&amp;id=ambulance_detail&amp;kod=069\" target=\"_blank\" rel=\"noopener\">zde<\/a><\/p>\n<\/div>\n<\/div><\/div>\n<\/div>\n<\/div>\n<\/div>\n<\/div>\n<\/div>\n\n","protected":false},"excerpt":{"rendered":"","protected":false},"author":1,"featured_media":17130,"parent":21973,"menu_order":0,"comment_status":"closed","ping_status":"closed","template":"","meta":{"pgc_sgb_lightbox_settings":"","footnotes":"","_links_to":"","_links_to_target":""},"categories":[85],"class_list":["post-22053","page","type-page","status-publish","has-post-thumbnail","hentry","category-page-oddeleni"],"publishpress_future_action":{"enabled":false,"date":"2026-04-15 12:45:17","action":"change-status","newStatus":"draft","terms":[],"taxonomy":"category","extraData":[]},"publishpress_future_workflow_manual_trigger":{"enabledWorkflows":[]},"_links":{"self":[{"href":"https:\/\/webnemji.azurewebsites.net\/en\/wp-json\/wp\/v2\/pages\/22053","targetHints":{"allow":["GET"]}}],"collection":[{"href":"https:\/\/webnemji.azurewebsites.net\/en\/wp-json\/wp\/v2\/pages"}],"about":[{"href":"https:\/\/webnemji.azurewebsites.net\/en\/wp-json\/wp\/v2\/types\/page"}],"author":[{"embeddable":true,"href":"https:\/\/webnemji.azurewebsites.net\/en\/wp-json\/wp\/v2\/users\/1"}],"replies":[{"embeddable":true,"href":"https:\/\/webnemji.azurewebsites.net\/en\/wp-json\/wp\/v2\/comments?post=22053"}],"version-history":[{"count":0,"href":"https:\/\/webnemji.azurewebsites.net\/en\/wp-json\/wp\/v2\/pages\/22053\/revisions"}],"up":[{"embeddable":true,"href":"https:\/\/webnemji.azurewebsites.net\/en\/wp-json\/wp\/v2\/pages\/21973"}],"wp:featuredmedia":[{"embeddable":true,"href":"https:\/\/webnemji.azurewebsites.net\/en\/wp-json\/wp\/v2\/media\/17130"}],"wp:attachment":[{"href":"https:\/\/webnemji.azurewebsites.net\/en\/wp-json\/wp\/v2\/media?parent=22053"}],"wp:term":[{"taxonomy":"category","embeddable":true,"href":"https:\/\/webnemji.azurewebsites.net\/en\/wp-json\/wp\/v2\/categories?post=22053"}],"curies":[{"name":"wp","href":"https:\/\/api.w.org\/{rel}","templated":true}]}}