{"id":22111,"date":"2023-10-11T09:55:18","date_gmt":"2023-10-11T07:55:18","guid":{"rendered":"https:\/\/nemji.rs-kovarik.cz\/?page_id=22111"},"modified":"2023-10-11T10:20:07","modified_gmt":"2023-10-11T08:20:07","slug":"corporate-identity","status":"publish","type":"page","link":"https:\/\/webnemji.azurewebsites.net\/en\/pro-media\/corporate-identity\/","title":{"rendered":"Corporate identity"},"content":{"rendered":"<div id=\"cmsmasters_row_ksciwp6ujf\" class=\"cmsmasters_row cmsmasters_color_scheme_default heroblocks cmsmasters_row_top_default cmsmasters_row_bot_default cmsmasters_row_boxed\">\n<div id=\"heroboxes\" class=\"cmsmasters_row_outer_parent\">\n<div class=\"cmsmasters_row_overlay\"><\/div>\n<div class=\"cmsmasters_row_outer\">\n<div class=\"cmsmasters_row_inner\">\n<div class=\"cmsmasters_row_margin\">\n<div id=\"cmsmasters_column_bxgnwqgwt\" class=\"cmsmasters_column one_first\">\n<div class=\"cmsmasters_column_inner\"><div id=\"cmsmasters_heading_mkdgjovddq\" class=\"cmsmasters_heading_wrap cmsmasters_heading_align_center pageheadingtitle\" data-animation=\"fadeIn\" data-delay=\"100\">\n\t<h1 class=\"cmsmasters_heading\">Pro m\u00e9dia<\/h1>\n<\/div><div id=\"cmsmasters_heading_gb7vg9rtje\" class=\"cmsmasters_heading_wrap cmsmasters_heading_align_center\" data-animation=\"fadeIn\" data-delay=\"150\">\n\t<h3 class=\"cmsmasters_heading\">Nemocnice Jihlava, p\u0159\u00edsp\u011bvkov\u00e1 organizace<\/h3>\n<\/div>\n<\/div><\/div>\n<\/div>\n<\/div>\n<\/div>\n<\/div>\n<\/div>\n<div id=\"cmsmasters_row_bj7zxjapxj\" class=\"cmsmasters_row cmsmasters_color_scheme_default cmsmasters_row_top_default cmsmasters_row_bot_default cmsmasters_row_boxed\">\n<div class=\"cmsmasters_row_outer_parent\">\n<div class=\"cmsmasters_row_outer\">\n<div class=\"cmsmasters_row_inner\">\n<div class=\"cmsmasters_row_margin\">\n<div id=\"cmsmasters_column_22eksm2374\" class=\"cmsmasters_column one_first\">\n<div class=\"cmsmasters_column_inner\"><div class=\"cmsmasters_text\">\n<p><nav aria-label=\"breadcrumbs\">\n            <div class=\"breadcrumb-container theme1\">\n                <ol>\n                                    <\/ol>\n            <\/div>\n        <\/nav>    <script type=\"application\/ld+json\">\n        {\n            \"@context\": \"http:\/\/schema.org\",\n            \"@type\": \"BreadcrumbList\",\n            \"itemListElement\": [\n                            ]\n        }\n    <\/script>\n   \n    <script>\n            <\/script>\n<\/p>\n<\/div>\n<\/div><\/div>\n<\/div>\n<\/div>\n<\/div>\n<\/div>\n<\/div>\n<div id=\"cmsmasters_row_5gr16na4ms\" class=\"cmsmasters_row cmsmasters_color_scheme_default cmsmasters_row_top_default cmsmasters_row_bot_default cmsmasters_row_boxed\">\n<div class=\"cmsmasters_row_outer_parent\">\n<div class=\"cmsmasters_row_outer\">\n<div class=\"cmsmasters_row_inner\">\n<div class=\"cmsmasters_row_margin\">\n<div id=\"cmsmasters_column_xonfjk045g\" class=\"cmsmasters_column one_third stickyinfocolumn\">\n<div class=\"cmsmasters_column_inner\"><div id=\"cmsmasters_heading_luukg1lxw\" class=\"cmsmasters_heading_wrap cmsmasters_heading_align_center\">\n\t<h3 class=\"cmsmasters_heading\">Pro m\u00e9dia<\/h3>\n<\/div>\n<div id=\"cmsmasters_divider_09kab0ikwl\" class=\"cmsmasters_divider cmsmasters_divider_width_short cmsmasters_divider_pos_center\"><\/div>\n<div class=\"cmsmasters_sidebar sidebar_layout_11 sidebar-custom-menu\"><aside id=\"nav_menu-29\" class=\"widget widget_nav_menu\"><div class=\"menu-pro-media-container\"><ul id=\"menu-pro-media\" class=\"menu\"><li id=\"menu-item-22106\" class=\"static-link menu-item menu-item-type-custom menu-item-object-custom menu-item-22106\"><a href=\"\/pro-media\/\" data-ps2id-api=\"true\"><i class=\"fa-solid fa-microphone-lines\"><\/i> Tiskov\u00e1 mluv\u010d\u00ed<\/a><\/li>\n<li id=\"menu-item-22153\" class=\"static-link menu-item menu-item-type-custom menu-item-object-custom menu-item-22153\"><a href=\"\/pro-media\/aktuality\/\" data-ps2id-api=\"true\"><i class=\"fa-solid fa-newspaper\"><\/i> Aktuality<\/a><\/li>\n<li id=\"menu-item-22107\" class=\"static-link menu-item menu-item-type-custom menu-item-object-custom menu-item-22107\"><a href=\"\/pro-media\/corporate-identity\/\" data-ps2id-api=\"true\"><i class=\"fa-solid fa-hospital\"><\/i> Corporate identity<\/a><\/li>\n<\/ul><\/div><\/aside><div class=\"cl\"><\/div>\n<\/div>\n<\/div><\/div>\n<div id=\"cmsmasters_column_bo0xyc1mnm\" class=\"cmsmasters_column two_third\">\n<div class=\"cmsmasters_column_inner\"><div id=\"cmsmasters_heading_19qdr5f6te\" class=\"cmsmasters_heading_wrap cmsmasters_heading_align_left\">\n\t<h2 class=\"cmsmasters_heading\">Corporate identity<\/h2>\n<\/div>\n<div id=\"cmsmasters_divider_55oq46kd3\" class=\"cmsmasters_divider cmsmasters_divider_width_short cmsmasters_divider_pos_left\"><\/div>\n<div class=\"cmsmasters_text download-links-large\">\n<h5><strong>Grafick\u00fd manu\u00e1l<\/strong><\/h5>\n<p><a href=\"\/wp-content\/uploads\/2023\/10\/002-Graficky-manual.pdf\" target=\"_blank\" rel=\"noopener\">Grafick\u00fd manu\u00e1l<\/a><\/p>\n<p>&nbsp;<\/p>\n<\/div>\n<div class=\"cmsmasters_text download-links-large\">\n<h5><strong>Loga<\/strong><\/h5>\n<p><a href=\"\/wp-content\/uploads\/2023\/10\/Logo-nemji-final.png\" target=\"_blank\" rel=\"noopener\">Logo Nemji PNG<\/a><\/p>\n<p><a href=\"\/wp-content\/uploads\/2023\/10\/Logo-nemji-final.bmp\" target=\"_blank\" rel=\"noopener\">Logo Nemji BMP<\/a><\/p>\n<p><a href=\"\/wp-content\/uploads\/2023\/10\/Logo-nemji-final.jpg\" target=\"_blank\" rel=\"noopener\">Logo Nemji JPG<\/a><\/p>\n<p><a href=\"\/wp-content\/uploads\/2023\/10\/Logo-nemji-final.ai\" target=\"_blank\" rel=\"noopener\">Logo Nemji AI<\/a><\/p>\n<p><a href=\"\/wp-content\/uploads\/2023\/10\/logo-JIMEA.zip\" target=\"_blank\" rel=\"noopener\">Logo JIMEA<\/a><\/p>\n<\/div>\n<\/div><\/div>\n<\/div>\n<\/div>\n<\/div>\n<\/div>\n<\/div>\n\n","protected":false},"excerpt":{"rendered":"","protected":false},"author":1,"featured_media":19777,"parent":21099,"menu_order":0,"comment_status":"closed","ping_status":"closed","template":"","meta":{"pgc_sgb_lightbox_settings":"","footnotes":"","_links_to":"","_links_to_target":""},"categories":[],"class_list":["post-22111","page","type-page","status-publish","has-post-thumbnail","hentry"],"publishpress_future_action":{"enabled":false,"date":"2026-05-04 17:28:42","action":"change-status","newStatus":"draft","terms":[],"taxonomy":"category","extraData":[]},"publishpress_future_workflow_manual_trigger":{"enabledWorkflows":[]},"_links":{"self":[{"href":"https:\/\/webnemji.azurewebsites.net\/en\/wp-json\/wp\/v2\/pages\/22111","targetHints":{"allow":["GET"]}}],"collection":[{"href":"https:\/\/webnemji.azurewebsites.net\/en\/wp-json\/wp\/v2\/pages"}],"about":[{"href":"https:\/\/webnemji.azurewebsites.net\/en\/wp-json\/wp\/v2\/types\/page"}],"author":[{"embeddable":true,"href":"https:\/\/webnemji.azurewebsites.net\/en\/wp-json\/wp\/v2\/users\/1"}],"replies":[{"embeddable":true,"href":"https:\/\/webnemji.azurewebsites.net\/en\/wp-json\/wp\/v2\/comments?post=22111"}],"version-history":[{"count":0,"href":"https:\/\/webnemji.azurewebsites.net\/en\/wp-json\/wp\/v2\/pages\/22111\/revisions"}],"up":[{"embeddable":true,"href":"https:\/\/webnemji.azurewebsites.net\/en\/wp-json\/wp\/v2\/pages\/21099"}],"wp:featuredmedia":[{"embeddable":true,"href":"https:\/\/webnemji.azurewebsites.net\/en\/wp-json\/wp\/v2\/media\/19777"}],"wp:attachment":[{"href":"https:\/\/webnemji.azurewebsites.net\/en\/wp-json\/wp\/v2\/media?parent=22111"}],"wp:term":[{"taxonomy":"category","embeddable":true,"href":"https:\/\/webnemji.azurewebsites.net\/en\/wp-json\/wp\/v2\/categories?post=22111"}],"curies":[{"name":"wp","href":"https:\/\/api.w.org\/{rel}","templated":true}]}}