{"id":22193,"date":"2023-10-12T08:22:00","date_gmt":"2023-10-12T06:22:00","guid":{"rendered":"https:\/\/nemji.rs-kovarik.cz\/?page_id=22193"},"modified":"2023-11-21T08:35:58","modified_gmt":"2023-11-21T07:35:58","slug":"napln-cinnosti","status":"publish","type":"page","link":"https:\/\/webnemji.azurewebsites.net\/en\/oddeleni\/cds\/napln-cinnosti\/","title":{"rendered":"Scope of Work"},"content":{"rendered":"<div id=\"cmsmasters_row_6iluctg3hk\" class=\"cmsmasters_row cmsmasters_color_scheme_default cmsmasters_row_top_default cmsmasters_row_bot_default cmsmasters_row_boxed\">\n<div class=\"cmsmasters_row_outer_parent\">\n<div class=\"cmsmasters_row_overlay\"><\/div>\n<div class=\"cmsmasters_row_outer\">\n<div class=\"cmsmasters_row_inner\">\n<div class=\"cmsmasters_row_margin\">\n<div id=\"cmsmasters_column_sybg7he2sg\" class=\"cmsmasters_column one_first\">\n<div class=\"cmsmasters_column_inner\"><div id=\"cmsmasters_heading_b3c74b95a0\" class=\"cmsmasters_heading_wrap cmsmasters_heading_align_center pageheadingtitle\">\n\t<h1 class=\"cmsmasters_heading\">Centr\u00e1ln\u00ed dispe\u010dink sanit\u00e1\u0159\u016f<\/h1>\n<\/div>\n<\/div><\/div>\n<\/div>\n<\/div>\n<\/div>\n<\/div>\n<\/div>\n<div id=\"cmsmasters_row_ly5ze1hf8e\" class=\"cmsmasters_row cmsmasters_color_scheme_default cmsmasters_row_top_default cmsmasters_row_bot_default cmsmasters_row_boxed\">\n<div class=\"cmsmasters_row_outer_parent\">\n<div class=\"cmsmasters_row_outer\">\n<div class=\"cmsmasters_row_inner\">\n<div class=\"cmsmasters_row_margin\">\n<div id=\"cmsmasters_column_v67ee6nvg7\" class=\"cmsmasters_column one_first\">\n<div class=\"cmsmasters_column_inner\"><div class=\"cmsmasters_text\">\n<p><nav aria-label=\"breadcrumbs\">\n            <div class=\"breadcrumb-container theme1\">\n                <ol>\n                                    <\/ol>\n            <\/div>\n        <\/nav>    <script type=\"application\/ld+json\">\n        {\n            \"@context\": \"http:\/\/schema.org\",\n            \"@type\": \"BreadcrumbList\",\n            \"itemListElement\": [\n                            ]\n        }\n    <\/script>\n   \n    <script>\n            <\/script>\n<\/p>\n<\/div>\n<\/div><\/div>\n<\/div>\n<\/div>\n<\/div>\n<\/div>\n<\/div>\n<div id=\"cmsmasters_row_3f2f8816dd\" class=\"cmsmasters_row cmsmasters_color_scheme_default cmsmasters_row_top_default cmsmasters_row_bot_default cmsmasters_row_boxed\">\n<div class=\"cmsmasters_row_outer_parent\">\n<div class=\"cmsmasters_row_outer\">\n<div class=\"cmsmasters_row_inner\">\n<div class=\"cmsmasters_row_margin\">\n<div id=\"cmsmasters_column_0a1c5940f5\" class=\"cmsmasters_column one_third stickyinfocolumn\">\n<div class=\"cmsmasters_column_inner\"><div id=\"cmsmasters_heading_rva6m2t32d\" class=\"cmsmasters_heading_wrap cmsmasters_heading_align_center\">\n\t<h3 class=\"cmsmasters_heading\">Informace o odd\u011blen\u00ed<\/h3>\n<\/div>\n<div id=\"cmsmasters_divider_dpp34mcdj5\" class=\"cmsmasters_divider cmsmasters_divider_width_short cmsmasters_divider_pos_center\"><\/div>\n<div class=\"cmsmasters_sidebar sidebar_layout_11 sidebar-custom-menu\"><aside id=\"nav_menu-28\" class=\"widget widget_nav_menu\"><div class=\"menu-oddeleni-cds-container\"><ul id=\"menu-oddeleni-cds\" class=\"menu\"><li id=\"menu-item-22029\" class=\"menu-item menu-item-type-custom menu-item-object-custom menu-item-22029\"><a href=\"\/oddeleni\/cds\/#popis-oddeleni\" data-ps2id-api=\"true\"><i class=\"fa-solid fa-info\"><\/i> Popis odd\u011blen\u00ed<\/a><\/li>\n<li id=\"menu-item-22030\" class=\"menu-item menu-item-type-custom menu-item-object-custom menu-item-22030\"><a href=\"\/oddeleni\/cds\/#personalni-obsazeni\" data-ps2id-api=\"true\"><i class=\"fa-solid fa-user-doctor\"><\/i> Person\u00e1ln\u00ed obsazen\u00ed<\/a><\/li>\n<li id=\"menu-item-22031\" class=\"menu-item menu-item-type-custom menu-item-object-custom menu-item-22031\"><a href=\"\/oddeleni\/cds\/#pracovni-doba\" data-ps2id-api=\"true\"><i class=\"fa-regular fa-clock\"><\/i> Pracovn\u00ed doba<\/a><\/li>\n<li id=\"menu-item-22032\" class=\"menu-item menu-item-type-custom menu-item-object-custom menu-item-22032\"><a href=\"\/oddeleni\/cds\/#kontaktni-informace\" data-ps2id-api=\"true\"><i class=\"fa-solid fa-phone\"><\/i> Kontaktn\u00ed informace<\/a><\/li>\n<li id=\"menu-item-22033\" class=\"menu-item menu-item-type-custom menu-item-object-custom menu-item-22033\"><a href=\"\/oddeleni\/cds\/#kde-nas-najdete\" data-ps2id-api=\"true\"><i class=\"fa-solid fa-location-dot\"><\/i> Kde n\u00e1s najdete<\/a><\/li>\n<li id=\"menu-item-22034\" class=\"menu-item menu-item-type-custom menu-item-object-custom menu-item-22034\"><a href=\"\/oddeleni\/cds\/#fotogalerie\" data-ps2id-api=\"true\"><i class=\"fa-solid fa-camera\"><\/i> Fotogalerie<\/a><\/li>\n<li id=\"menu-item-22035\" class=\"menu-custom-separator menu-item menu-item-type-custom menu-item-object-custom menu-item-22035\"><hr class=\"mhm-menu-separator\"><\/li>\n<li id=\"menu-item-22039\" class=\"static-link menu-item menu-item-type-custom menu-item-object-custom menu-item-22039\"><a href=\"\/oddeleni\/cds\/napln-cinnosti\/\" data-ps2id-api=\"true\"><i class=\"fa-regular fa-circle-question\"><\/i> N\u00e1pl\u0148 \u010dinnosti<\/a><\/li>\n<\/ul><\/div><\/aside><div class=\"cl\"><\/div>\n<\/div>\n<\/div><\/div>\n<div id=\"cmsmasters_column_k7vlyuz4yq\" class=\"cmsmasters_column two_third\">\n<div class=\"cmsmasters_column_inner\"><div id=\"cmsmasters_heading_0cx4mcjjyd\" class=\"cmsmasters_heading_wrap cmsmasters_heading_align_left\">\n\t<h2 class=\"cmsmasters_heading\">N\u00e1pl\u0148 \u010dinnosti<\/h2>\n<\/div>\n<div id=\"cmsmasters_divider_kul4awri6m\" class=\"cmsmasters_divider cmsmasters_divider_width_short cmsmasters_divider_pos_left\"><\/div>\n<div class=\"cmsmasters_text\">\n<ul>\n<li style=\"font-weight: 400;\">Doprovody a odvozy pacient\u016f na ve\u0161ker\u00e1 vy\u0161et\u0159en\u00ed a rentgeny.<\/li>\n<li style=\"font-weight: 400;\">P\u0159eklady nemocn\u00fdch mezi odd\u011blen\u00edmi i do jin\u00fdch za\u0159\u00edzen\u00ed.<\/li>\n<li style=\"font-weight: 400;\">Dovoz a odvoz pacient\u016f na opera\u010dn\u00ed s\u00e1ly a zp\u011bt.<\/li>\n<li style=\"font-weight: 400;\">V\u00fdpomoc na klinick\u00fdch odd\u011blen\u00edch p\u0159i o\u0161et\u0159ov\u00e1n\u00ed nemocn\u00fdch.<\/li>\n<li style=\"font-weight: 400;\">Poch\u016fzky nutn\u00e9 k zaji\u0161t\u011bn\u00ed p\u00e9\u010de o nemocn\u00e9.<\/li>\n<li style=\"font-weight: 400;\">Svoz a rozvoz materi\u00e1lu na centr\u00e1ln\u00ed sterilizaci.<\/li>\n<li style=\"font-weight: 400;\">Odnos biologick\u00e9ho materi\u00e1lu do laborato\u0159\u00ed a krevn\u00edch deriv\u00e1t\u016f z laborato\u0159\u00ed na odd\u011blen\u00ed.<\/li>\n<li style=\"font-weight: 400;\">Svoz a rozvoz \u0161pinav\u00e9ho a \u010dist\u00e9ho pr\u00e1dla pro \u010d\u00e1st nemocnice.<\/li>\n<li style=\"font-weight: 400;\">Svoz zem\u0159el\u00fdch pacient\u016f v r\u00e1mci nemocnice.<\/li>\n<\/ul>\n<\/div>\n<\/div><\/div>\n<\/div>\n<\/div>\n<\/div>\n<\/div>\n<\/div>\n\n","protected":false},"excerpt":{"rendered":"","protected":false},"author":1,"featured_media":22059,"parent":22021,"menu_order":0,"comment_status":"closed","ping_status":"closed","template":"","meta":{"pgc_sgb_lightbox_settings":"","footnotes":"","_links_to":"","_links_to_target":""},"categories":[85],"class_list":["post-22193","page","type-page","status-publish","has-post-thumbnail","hentry","category-page-oddeleni"],"publishpress_future_action":{"enabled":false,"date":"2026-05-03 05:11:57","action":"change-status","newStatus":"draft","terms":[],"taxonomy":"category","extraData":[]},"publishpress_future_workflow_manual_trigger":{"enabledWorkflows":[]},"_links":{"self":[{"href":"https:\/\/webnemji.azurewebsites.net\/en\/wp-json\/wp\/v2\/pages\/22193","targetHints":{"allow":["GET"]}}],"collection":[{"href":"https:\/\/webnemji.azurewebsites.net\/en\/wp-json\/wp\/v2\/pages"}],"about":[{"href":"https:\/\/webnemji.azurewebsites.net\/en\/wp-json\/wp\/v2\/types\/page"}],"author":[{"embeddable":true,"href":"https:\/\/webnemji.azurewebsites.net\/en\/wp-json\/wp\/v2\/users\/1"}],"replies":[{"embeddable":true,"href":"https:\/\/webnemji.azurewebsites.net\/en\/wp-json\/wp\/v2\/comments?post=22193"}],"version-history":[{"count":0,"href":"https:\/\/webnemji.azurewebsites.net\/en\/wp-json\/wp\/v2\/pages\/22193\/revisions"}],"up":[{"embeddable":true,"href":"https:\/\/webnemji.azurewebsites.net\/en\/wp-json\/wp\/v2\/pages\/22021"}],"wp:featuredmedia":[{"embeddable":true,"href":"https:\/\/webnemji.azurewebsites.net\/en\/wp-json\/wp\/v2\/media\/22059"}],"wp:attachment":[{"href":"https:\/\/webnemji.azurewebsites.net\/en\/wp-json\/wp\/v2\/media?parent=22193"}],"wp:term":[{"taxonomy":"category","embeddable":true,"href":"https:\/\/webnemji.azurewebsites.net\/en\/wp-json\/wp\/v2\/categories?post=22193"}],"curies":[{"name":"wp","href":"https:\/\/api.w.org\/{rel}","templated":true}]}}