{"id":22205,"date":"2023-10-12T09:11:23","date_gmt":"2023-10-12T07:11:23","guid":{"rendered":"https:\/\/nemji.rs-kovarik.cz\/?page_id=22205"},"modified":"2024-08-28T13:30:42","modified_gmt":"2024-08-28T11:30:42","slug":"luzkova-cast","status":"publish","type":"page","link":"https:\/\/webnemji.azurewebsites.net\/en\/oddeleni\/plicni-oddeleni\/luzkova-cast\/","title":{"rendered":"Inpatient department"},"content":{"rendered":"<div id=\"cmsmasters_row_6iluctg3hk\" class=\"cmsmasters_row cmsmasters_color_scheme_default cmsmasters_row_top_default cmsmasters_row_bot_default cmsmasters_row_boxed\">\n<div class=\"cmsmasters_row_outer_parent\">\n<div class=\"cmsmasters_row_overlay\"><\/div>\n<div class=\"cmsmasters_row_outer\">\n<div class=\"cmsmasters_row_inner\">\n<div class=\"cmsmasters_row_margin\">\n<div id=\"cmsmasters_column_sybg7he2sg\" class=\"cmsmasters_column one_first\">\n<div class=\"cmsmasters_column_inner\"><div id=\"cmsmasters_heading_b3c74b95a0\" class=\"cmsmasters_heading_wrap cmsmasters_heading_align_center pageheadingtitle\">\n\t<h1 class=\"cmsmasters_heading\">Plicn\u00ed odd\u011blen\u00ed<\/h1>\n<\/div>\n<\/div><\/div>\n<\/div>\n<\/div>\n<\/div>\n<\/div>\n<\/div>\n<div id=\"cmsmasters_row_ly5ze1hf8e\" class=\"cmsmasters_row cmsmasters_color_scheme_default cmsmasters_row_top_default cmsmasters_row_bot_default cmsmasters_row_boxed\">\n<div class=\"cmsmasters_row_outer_parent\">\n<div class=\"cmsmasters_row_outer\">\n<div class=\"cmsmasters_row_inner\">\n<div class=\"cmsmasters_row_margin\">\n<div id=\"cmsmasters_column_v67ee6nvg7\" class=\"cmsmasters_column one_first\">\n<div class=\"cmsmasters_column_inner\"><div class=\"cmsmasters_text\">\n<p><nav aria-label=\"breadcrumbs\">\n            <div class=\"breadcrumb-container theme1\">\n                <ol>\n                                    <\/ol>\n            <\/div>\n        <\/nav>    <script type=\"application\/ld+json\">\n        {\n            \"@context\": \"http:\/\/schema.org\",\n            \"@type\": \"BreadcrumbList\",\n            \"itemListElement\": [\n                            ]\n        }\n    <\/script>\n   \n    <script>\n            <\/script>\n<\/p>\n<\/div>\n<\/div><\/div>\n<\/div>\n<\/div>\n<\/div>\n<\/div>\n<\/div>\n<div id=\"cmsmasters_row_3f2f8816dd\" class=\"cmsmasters_row cmsmasters_color_scheme_default cmsmasters_row_top_default cmsmasters_row_bot_default cmsmasters_row_boxed\">\n<div class=\"cmsmasters_row_outer_parent\">\n<div class=\"cmsmasters_row_outer\">\n<div class=\"cmsmasters_row_inner\">\n<div class=\"cmsmasters_row_margin\">\n<div id=\"cmsmasters_column_0a1c5940f5\" class=\"cmsmasters_column one_third stickyinfocolumn\">\n<div class=\"cmsmasters_column_inner\"><div id=\"cmsmasters_heading_rva6m2t32d\" class=\"cmsmasters_heading_wrap cmsmasters_heading_align_center\">\n\t<h3 class=\"cmsmasters_heading\">Informace o odd\u011blen\u00ed<\/h3>\n<\/div>\n<div id=\"cmsmasters_divider_dpp34mcdj5\" class=\"cmsmasters_divider cmsmasters_divider_width_short cmsmasters_divider_pos_center\"><\/div>\n<div class=\"cmsmasters_sidebar sidebar_layout_11 sidebar-custom-menu\"><aside id=\"nav_menu-11\" class=\"widget widget_nav_menu\"><div class=\"menu-oddeleni-plicni-container\"><ul id=\"menu-oddeleni-plicni\" class=\"menu\"><li id=\"menu-item-18231\" class=\"menu-item menu-item-type-custom menu-item-object-custom menu-item-18231\"><a href=\"\/oddeleni\/plicni-oddeleni\/#popis-oddeleni\" data-ps2id-api=\"true\"><i class=\"fa-solid fa-info\"><\/i> Popis odd\u011blen\u00ed<\/a><\/li>\n<li id=\"menu-item-18232\" class=\"menu-item menu-item-type-custom menu-item-object-custom menu-item-18232\"><a href=\"\/oddeleni\/plicni-oddeleni\/#personalni-obsazeni\" data-ps2id-api=\"true\"><i class=\"fa-solid fa-user-doctor\"><\/i> Person\u00e1ln\u00ed obsazen\u00ed<\/a><\/li>\n<li id=\"menu-item-18233\" class=\"menu-item menu-item-type-custom menu-item-object-custom menu-item-18233\"><a href=\"\/oddeleni\/plicni-oddeleni\/#oteviraci-hodiny\" data-ps2id-api=\"true\"><i class=\"fa-regular fa-clock\"><\/i> Ordina\u010dn\u00ed hodiny<\/a><\/li>\n<li id=\"menu-item-18234\" class=\"menu-item menu-item-type-custom menu-item-object-custom menu-item-18234\"><a href=\"\/oddeleni\/plicni-oddeleni\/#kontaktni-informace\" data-ps2id-api=\"true\"><i class=\"fa-solid fa-phone\"><\/i> Kontaktn\u00ed informace<\/a><\/li>\n<li id=\"menu-item-18235\" class=\"menu-item menu-item-type-custom menu-item-object-custom menu-item-18235\"><a href=\"\/oddeleni\/plicni-oddeleni\/#kde-nas-najdete\" data-ps2id-api=\"true\"><i class=\"fa-solid fa-location-dot\"><\/i> Kde n\u00e1s najdete<\/a><\/li>\n<li id=\"menu-item-18236\" class=\"menu-item menu-item-type-custom menu-item-object-custom menu-item-18236\"><a href=\"\/oddeleni\/plicni-oddeleni\/#fotogalerie\" data-ps2id-api=\"true\"><i class=\"fa-solid fa-camera\"><\/i> Fotogalerie<\/a><\/li>\n<li id=\"menu-item-18237\" class=\"menu-custom-separator menu-item menu-item-type-custom menu-item-object-custom menu-item-18237\"><hr class=\"mhm-menu-separator\"><\/li>\n<li id=\"menu-item-18238\" class=\"static-link menu-item menu-item-type-custom menu-item-object-custom menu-item-18238\"><a href=\"\/oddeleni\/plicni-oddeleni\/plicni-ambulance\/\" data-ps2id-api=\"true\"><i class=\"fa-solid fa-house-medical\"><\/i> Ambulance<\/a><\/li>\n<li id=\"menu-item-22207\" class=\"static-link menu-item menu-item-type-custom menu-item-object-custom menu-item-22207\"><a href=\"\/oddeleni\/plicni-oddeleni\/luzkova-cast\/\" data-ps2id-api=\"true\"><i class=\"fa-solid fa-bed\"><\/i> L\u016f\u017ekov\u00e1 \u010d\u00e1st<\/a><\/li>\n<li id=\"menu-item-22424\" class=\"static-link menu-item menu-item-type-custom menu-item-object-custom menu-item-22424\"><a href=\"\/oddeleni\/plicni-oddeleni\/informace-pro-pacienty\/\" data-ps2id-api=\"true\"><i class=\"fa-regular fa-circle-question\"><\/i> Informace pro pacienty<\/a><\/li>\n<li id=\"menu-item-18542\" class=\"static-link menu-item menu-item-type-custom menu-item-object-custom menu-item-18542\"><a href=\"\/oddeleni\/plicni-oddeleni\/objednavka-do-center\" data-ps2id-api=\"true\"><i class=\"fa-solid fa-clipboard-list\"><\/i> Objedn\u00e1vka do center<\/a><\/li>\n<li id=\"menu-item-18239\" class=\"static-link menu-item menu-item-type-custom menu-item-object-custom menu-item-18239\"><a href=\"\/oddeleni\/plicni-oddeleni\/spektrum-pece\/\" data-ps2id-api=\"true\"><i class=\"fa-solid fa-stethoscope\"><\/i> Spektrum p\u00e9\u010de<\/a><\/li>\n<li id=\"menu-item-18366\" class=\"static-link menu-item menu-item-type-custom menu-item-object-custom menu-item-18366\"><a href=\"\/oddeleni\/plicni-oddeleni\/cenik-sluzeb\/\" data-ps2id-api=\"true\"><i class=\"fa-solid fa-square-plus\"><\/i> Cen\u00edk slu\u017eeb<\/a><\/li>\n<\/ul><\/div><\/aside><div class=\"cl\"><\/div>\n<\/div>\n<\/div><\/div>\n<div id=\"cmsmasters_column_k7vlyuz4yq\" class=\"cmsmasters_column two_third\">\n<div class=\"cmsmasters_column_inner\"><div id=\"cmsmasters_heading_0cx4mcjjyd\" class=\"cmsmasters_heading_wrap cmsmasters_heading_align_left\">\n\t<h2 class=\"cmsmasters_heading\">L\u016f\u017ekov\u00e1 \u010d\u00e1st<\/h2>\n<\/div>\n<div id=\"cmsmasters_divider_hgdnxm8b9\" class=\"cmsmasters_divider cmsmasters_divider_width_short cmsmasters_divider_pos_left\"><\/div>\n<div id=\"cmsmasters_divider_ysg9zz4shf\" class=\"cl\"><\/div>\n<div class=\"cmsmasters_text\">\n<style type=\"text\/css\"><\/style><section id='' \n                class='helpie-faq accordions groupSettings-142__enabled' \n                data-collection='' \n                data-pagination='0' \n                data-search='0' \n                data-pagination-enabled='0'\n                role='region'\n                aria-label='FAQ Section'\n                aria-live='polite'><form class=\"search\" onSubmit=\"return false;\"><div class=\"search__wrapper\"><input type=\"text\" class=\"search__input\" aria-label=\"Search\" role=\"searchbox\" placeholder=\"Vyhledat\"><span class=\"search__icon\"><svg class=\"svg-icon--search\" role=\"img\" xmlns=\"http:\/\/www.w3.org\/2000\/svg\" viewBox=\"0 0 22 22\">\r\n                        <g fill=\"none\" stroke=\"#171717\">\r\n                            <path stroke-linecap=\"square\" stroke-width=\"2\" d=\"M18.5 18.3l-5.4-5.4\"\/>\r\n                            <circle cx=\"8\" cy=\"8\" r=\"7\" stroke-width=\"2\"\/>\r\n                        <\/g>\r\n                    <\/svg><\/span><\/div><div class=\"search__message\"><\/div><\/form><article class=\"accordion \"><div class='helpie-faq-row'><div class='helpie-faq-col helpie-faq-col-12' ><ul><li class=\"accordion__item \"><div class=\"accordion__header \" \r\n                id=\"accordion-header-post-18373\"\r\n                role=\"button\"\r\n                aria-expanded=\"false\"\r\n                aria-controls=\"accordion-content-post-18373\"\r\n                data-id=\"post-18373\" \r\n                data-item=\"hfaq-post-18373\" \r\n                style=\"background:transparent;\" \r\n                data-tags=\"\"\r\n                tabindex=\"0\"><div class=\"accordion__title\">L\u016f\u017ekov\u00e9 odd\u011blen\u00ed<\/div><\/div><div id=\"accordion-content-post-18373\" \r\n                class=\"accordion__body\" \r\n                role=\"region\"\r\n                aria-labelledby=\"accordion-header-post-18373\"\r\n                style=\"background:transparent;\"><p>Standardn\u00ed plicn\u00ed l\u016f\u017ekov\u00e9 odd\u011blen\u00ed disponuje 20 l\u016f\u017eky. \u0160est pokoj\u016f je dvou a\u017e t\u0159\u00edl\u016f\u017ekov\u00fdch s\u00a0vlastn\u00ed koupelnou. T\u0159i pokoje jsou jednol\u016f\u017ekov\u00e9 tak\u00e9 s\u00a0vlastn\u00ed koupelnou. Tyto jednol\u016f\u017ekov\u00e9 pokoje jsou pou\u017e\u00edv\u00e1ny p\u0159ev\u00e1\u017en\u011b k\u00a0izolaci pacient\u016f p\u0159i infek\u010dn\u00edch nemocn\u011bn\u00edch.<br \/>\nNa plicn\u00edm odd\u011blen\u00ed jsou hospitalizov\u00e1ni pacienti s\u00a0onemocn\u011bn\u00edm d\u00fdchac\u00edch cest z\u00a0d\u016fvod\u016f terapeutick\u00fdch a diagnostick\u00fdch.<\/p>\n<table style=\"border-collapse: collapse;width: 99.2089%;height: 198px\" border=\"1\">\n<tbody>\n<tr style=\"height: 10px\">\n<td style=\"width: 16.9857%;height: 10px\"><strong>Vedouc\u00ed l\u00e9ka\u0159:<\/strong><\/td>\n<td class=\"xl26\" style=\"width: 83.0143%;height: 10px\" width=\"256\">MUDr. Zuzana Cunderov\u00e1<\/td>\n<\/tr>\n<tr style=\"height: 18px\">\n<td style=\"width: 100%;height: 18px\" colspan=\"2\">\n<div>\n<hr \/>\n<\/div>\n<\/td>\n<\/tr>\n<tr style=\"height: 24px\">\n<td style=\"width: 16.9857%;height: 24px\"><strong>Telefon l\u00e9ka\u0159i:<\/strong><\/td>\n<td class=\"xl28\" style=\"width: 83.0143%;height: 24px\" width=\"256\" height=\"17\">+420 567 157 857<\/td>\n<\/tr>\n<tr style=\"height: 18px\">\n<td style=\"width: 100%;height: 18px\" colspan=\"2\">\n<div>\n<hr \/>\n<\/div>\n<\/td>\n<\/tr>\n<tr style=\"height: 24px\">\n<td style=\"width: 16.9857%;height: 24px\"><strong>Stani\u010dn\u00ed sestra:<\/strong><\/td>\n<td style=\"width: 83.0143%;height: 24px\">Veronika Va\u0161\u00ed\u010dkov\u00e1, DiS.<\/td>\n<\/tr>\n<tr style=\"height: 18px\">\n<td style=\"height: 18px\" colspan=\"2\">\n<div>\n<hr \/>\n<\/div>\n<\/td>\n<\/tr>\n<tr style=\"height: 24px\">\n<td style=\"width: 16.9857%;height: 24px\"><strong>Telefon sestry:<\/strong><\/td>\n<td style=\"width: 83.0143%;height: 24px\">+420 567\u00a0157\u00a0274<\/td>\n<\/tr>\n<tr style=\"height: 24px\">\n<td style=\"width: 16.9857%;height: 10px\" colspan=\"2\">\n<div>\n<hr \/>\n<\/div>\n<\/td>\n<\/tr>\n<tr style=\"height: 10px\">\n<td style=\"width: 16.9857%;height: 10px\"><strong>Doporu\u010den\u00e9 n\u00e1v\u0161t\u011bvn\u00ed hodiny:<\/strong><\/td>\n<td style=\"width: 83.0143%;height: 10px\">\n<table style=\"border-collapse: collapse;width: 99.9992%\" border=\"1\">\n<tbody>\n<tr>\n<td style=\"width: 12.1975%\"><strong>PO &#8211; NE:<\/strong><\/td>\n<td style=\"width: 87.8025%\">10:00 &#8211; 18:00<\/td>\n<\/tr>\n<\/tbody>\n<\/table>\n<\/td>\n<\/tr>\n<tr style=\"height: 18px\">\n<td style=\"width: 100%;height: 18px\" colspan=\"2\">\n<div>\n<hr \/>\n<\/div>\n<\/td>\n<\/tr>\n<tr style=\"height: 24px\">\n<td style=\"width: 16.9857%;height: 24px\"><strong>Kde n\u00e1s najdete:<\/strong><\/td>\n<td style=\"width: 83.0143%;height: 24px\">Budova E, 6. poschod\u00ed<\/td>\n<\/tr>\n<\/tbody>\n<\/table>\n<\/div><\/li><\/ul><\/div><\/div><\/article><\/section>\n<\/div>\n<\/div><\/div>\n<\/div>\n<\/div>\n<\/div>\n<\/div>\n<\/div>\n\n","protected":false},"excerpt":{"rendered":"","protected":false},"author":1,"featured_media":17120,"parent":17970,"menu_order":0,"comment_status":"closed","ping_status":"closed","template":"","meta":{"pgc_sgb_lightbox_settings":"","footnotes":"","_links_to":"","_links_to_target":""},"categories":[85],"class_list":["post-22205","page","type-page","status-publish","has-post-thumbnail","hentry","category-page-oddeleni"],"publishpress_future_action":{"enabled":false,"date":"2026-04-14 13:08:52","action":"change-status","newStatus":"draft","terms":[],"taxonomy":"category","extraData":[]},"publishpress_future_workflow_manual_trigger":{"enabledWorkflows":[]},"_links":{"self":[{"href":"https:\/\/webnemji.azurewebsites.net\/en\/wp-json\/wp\/v2\/pages\/22205","targetHints":{"allow":["GET"]}}],"collection":[{"href":"https:\/\/webnemji.azurewebsites.net\/en\/wp-json\/wp\/v2\/pages"}],"about":[{"href":"https:\/\/webnemji.azurewebsites.net\/en\/wp-json\/wp\/v2\/types\/page"}],"author":[{"embeddable":true,"href":"https:\/\/webnemji.azurewebsites.net\/en\/wp-json\/wp\/v2\/users\/1"}],"replies":[{"embeddable":true,"href":"https:\/\/webnemji.azurewebsites.net\/en\/wp-json\/wp\/v2\/comments?post=22205"}],"version-history":[{"count":0,"href":"https:\/\/webnemji.azurewebsites.net\/en\/wp-json\/wp\/v2\/pages\/22205\/revisions"}],"up":[{"embeddable":true,"href":"https:\/\/webnemji.azurewebsites.net\/en\/wp-json\/wp\/v2\/pages\/17970"}],"wp:featuredmedia":[{"embeddable":true,"href":"https:\/\/webnemji.azurewebsites.net\/en\/wp-json\/wp\/v2\/media\/17120"}],"wp:attachment":[{"href":"https:\/\/webnemji.azurewebsites.net\/en\/wp-json\/wp\/v2\/media?parent=22205"}],"wp:term":[{"taxonomy":"category","embeddable":true,"href":"https:\/\/webnemji.azurewebsites.net\/en\/wp-json\/wp\/v2\/categories?post=22205"}],"curies":[{"name":"wp","href":"https:\/\/api.w.org\/{rel}","templated":true}]}}