{"id":22345,"date":"2023-10-13T09:10:36","date_gmt":"2023-10-13T07:10:36","guid":{"rendered":"https:\/\/nemji.rs-kovarik.cz\/?page_id=22345"},"modified":"2024-02-20T08:24:08","modified_gmt":"2024-02-20T07:24:08","slug":"vyhody-a-oceneni","status":"publish","type":"page","link":"https:\/\/webnemji.azurewebsites.net\/en\/oddeleni\/hematologicko-transfuzni-oddeleni\/darci-krve-a-kostni-drene\/vyhody-a-oceneni\/","title":{"rendered":"Benefits and awards"},"content":{"rendered":"<div id=\"cmsmasters_row_6iluctg3hk\" class=\"cmsmasters_row cmsmasters_color_scheme_default cmsmasters_row_top_default cmsmasters_row_bot_default cmsmasters_row_boxed\">\n<div class=\"cmsmasters_row_outer_parent\">\n<div class=\"cmsmasters_row_overlay\"><\/div>\n<div class=\"cmsmasters_row_outer\">\n<div class=\"cmsmasters_row_inner\">\n<div class=\"cmsmasters_row_margin\">\n<div id=\"cmsmasters_column_sybg7he2sg\" class=\"cmsmasters_column one_first\">\n<div class=\"cmsmasters_column_inner\"><div id=\"cmsmasters_heading_b3c74b95a0\" class=\"cmsmasters_heading_wrap cmsmasters_heading_align_center pageheadingtitle\">\n\t<h1 class=\"cmsmasters_heading\">D\u00e1rci krve a kostn\u00ed d\u0159en\u011b<\/h1>\n<\/div>\n<\/div><\/div>\n<\/div>\n<\/div>\n<\/div>\n<\/div>\n<\/div>\n<div id=\"cmsmasters_row_ly5ze1hf8e\" class=\"cmsmasters_row cmsmasters_color_scheme_default cmsmasters_row_top_default cmsmasters_row_bot_default cmsmasters_row_boxed\">\n<div class=\"cmsmasters_row_outer_parent\">\n<div class=\"cmsmasters_row_outer\">\n<div class=\"cmsmasters_row_inner\">\n<div class=\"cmsmasters_row_margin\">\n<div id=\"cmsmasters_column_v67ee6nvg7\" class=\"cmsmasters_column one_first\">\n<div class=\"cmsmasters_column_inner\"><div class=\"cmsmasters_text\">\n<p><nav aria-label=\"breadcrumbs\">\n            <div class=\"breadcrumb-container theme1\">\n                <ol>\n                                    <\/ol>\n            <\/div>\n        <\/nav>    <script type=\"application\/ld+json\">\n        {\n            \"@context\": \"http:\/\/schema.org\",\n            \"@type\": \"BreadcrumbList\",\n            \"itemListElement\": [\n                            ]\n        }\n    <\/script>\n   \n    <script>\n            <\/script>\n<\/p>\n<\/div>\n<\/div><\/div>\n<\/div>\n<\/div>\n<\/div>\n<\/div>\n<\/div>\n<div id=\"cmsmasters_row_3f2f8816dd\" class=\"cmsmasters_row cmsmasters_color_scheme_default cmsmasters_row_top_default cmsmasters_row_bot_default cmsmasters_row_boxed\">\n<div class=\"cmsmasters_row_outer_parent\">\n<div class=\"cmsmasters_row_outer\">\n<div class=\"cmsmasters_row_inner\">\n<div class=\"cmsmasters_row_margin\">\n<div id=\"cmsmasters_column_0a1c5940f5\" class=\"cmsmasters_column one_third stickyinfocolumn\">\n<div class=\"cmsmasters_column_inner\"><div id=\"cmsmasters_heading_rva6m2t32d\" class=\"cmsmasters_heading_wrap cmsmasters_heading_align_center\">\n\t<h3 class=\"cmsmasters_heading\">Informace o odd\u011blen\u00ed<\/h3>\n<\/div>\n<div id=\"cmsmasters_divider_dpp34mcdj5\" class=\"cmsmasters_divider cmsmasters_divider_width_short cmsmasters_divider_pos_center\"><\/div>\n<div class=\"cmsmasters_sidebar sidebar_layout_11 sidebar-custom-menu\"><aside id=\"nav_menu-30\" class=\"widget widget_nav_menu\"><div class=\"menu-darci-container\"><ul id=\"menu-darci\" class=\"menu\"><li id=\"menu-item-22282\" class=\"menu-item menu-item-type-custom menu-item-object-custom menu-item-22282\"><a href=\"\/oddeleni\/hematologicko-transfuzni-oddeleni\/darci-krve-a-kostni-drene\/#zakladni-informace\" data-ps2id-api=\"true\"><i class=\"fa-solid fa-info\"><\/i> Z\u00e1kladn\u00ed informace<\/a><\/li>\n<li id=\"menu-item-22283\" class=\"menu-item menu-item-type-custom menu-item-object-custom menu-item-22283\"><a href=\"\/oddeleni\/hematologicko-transfuzni-oddeleni\/darci-krve-a-kostni-drene\/#personal\" data-ps2id-api=\"true\"><i class=\"fa-solid fa-user-doctor\"><\/i> Person\u00e1l<\/a><\/li>\n<li id=\"menu-item-22284\" class=\"menu-item menu-item-type-custom menu-item-object-custom menu-item-22284\"><a href=\"\/oddeleni\/hematologicko-transfuzni-oddeleni\/darci-krve-a-kostni-drene\/#odberove-hodiny\" data-ps2id-api=\"true\"><i class=\"fa-regular fa-clock\"><\/i> Odb\u011brov\u00e9 hodiny<\/a><\/li>\n<li id=\"menu-item-22285\" class=\"menu-item menu-item-type-custom menu-item-object-custom menu-item-22285\"><a href=\"\/oddeleni\/hematologicko-transfuzni-oddeleni\/darci-krve-a-kostni-drene\/#kontaktni-informace\" data-ps2id-api=\"true\"><i class=\"fa-solid fa-phone\"><\/i> Konktaktn\u00ed informace<\/a><\/li>\n<li id=\"menu-item-22286\" class=\"menu-item menu-item-type-custom menu-item-object-custom menu-item-22286\"><a href=\"\/oddeleni\/hematologicko-transfuzni-oddeleni\/darci-krve-a-kostni-drene\/#kde-nas-najdete\" data-ps2id-api=\"true\"><i class=\"fa-solid fa-location-dot\"><\/i> Kde n\u00e1s najdete<\/a><\/li>\n<li id=\"menu-item-22287\" class=\"menu-item menu-item-type-custom menu-item-object-custom menu-item-22287\"><a href=\"\/oddeleni\/hematologicko-transfuzni-oddeleni\/darci-krve-a-kostni-drene\/#fotogalerie\" data-ps2id-api=\"true\"><i class=\"fa-solid fa-camera\"><\/i> Fotogalerie<\/a><\/li>\n<li id=\"menu-item-22288\" class=\"menu-custom-separator menu-item menu-item-type-custom menu-item-object-custom menu-item-22288\"><hr class=\"mhm-menu-separator\"><\/li>\n<li id=\"menu-item-28501\" class=\"static-link menu-item menu-item-type-custom menu-item-object-custom menu-item-28501\"><a href=\"\/oddeleni\/hematologicko-transfuzni-oddeleni\/darci-krve-a-kostni-drene\/aktuality\/\" data-ps2id-api=\"true\"><i class=\"fa-solid fa-circle-info\"><\/i> Aktuality a fotografie z akc\u00ed<\/a><\/li>\n<li id=\"menu-item-22295\" class=\"static-link menu-item menu-item-type-custom menu-item-object-custom menu-item-22295\"><a href=\"\/oddeleni\/hematologicko-transfuzni-oddeleni\/darci-krve-a-kostni-drene\/prvodarci\" data-ps2id-api=\"true\"><i class=\"fa-regular fa-circle-question\"><\/i> Prvod\u00e1rci<\/a><\/li>\n<li id=\"menu-item-22296\" class=\"static-link menu-item menu-item-type-custom menu-item-object-custom menu-item-22296\"><a href=\"\/oddeleni\/hematologicko-transfuzni-oddeleni\/darci-krve-a-kostni-drene\/prubeh-odberem\/\" data-ps2id-api=\"true\"><i class=\"fa-solid fa-route\"><\/i> Pr\u016fb\u011bh odb\u011brem<\/a><\/li>\n<li id=\"menu-item-22308\" class=\"static-link menu-item menu-item-type-custom menu-item-object-custom menu-item-22308\"><a href=\"\/oddeleni\/hematologicko-transfuzni-oddeleni\/darci-krve-a-kostni-drene\/podminky-pro-darovani\/\" data-ps2id-api=\"true\"><i class=\"fa-regular fa-circle-check\"><\/i> Podm\u00ednky pro darov\u00e1n\u00ed, cestov\u00e1n\u00ed<\/a><\/li>\n<li id=\"menu-item-22439\" class=\"static-link menu-item menu-item-type-custom menu-item-object-custom menu-item-22439\"><a href=\"\/oddeleni\/hematologicko-transfuzni-oddeleni\/darci-krve-a-kostni-drene\/informace-pro-darce-kostni-drene\/\" data-ps2id-api=\"true\"><i class=\"fa-solid fa-bone\"><\/i> Informace pro d\u00e1rce kostn\u00ed d\u0159en\u011b<\/a><\/li>\n<li id=\"menu-item-22297\" class=\"static-link menu-item menu-item-type-custom menu-item-object-custom menu-item-22297\"><a href=\"\/oddeleni\/hematologicko-transfuzni-oddeleni\/darci-krve-a-kostni-drene\/vyhody-a-oceneni\/\" data-ps2id-api=\"true\"><i class=\"fa-solid fa-award\"><\/i> V\u00fdhody a ocen\u011bn\u00ed<\/a><\/li>\n<li id=\"menu-item-22487\" class=\"static-link menu-item menu-item-type-custom menu-item-object-custom menu-item-22487\"><a href=\"\/oddeleni\/hematologicko-transfuzni-oddeleni\/darci-krve-a-kostni-drene\/dotazniky-a-dulezite-soubory\/\" data-ps2id-api=\"true\"><i class=\"fa-solid fa-clipboard-list\"><\/i> Dotazn\u00edky a d\u016fle\u017eit\u00e9 soubory<\/a><\/li>\n<\/ul><\/div><\/aside><div class=\"cl\"><\/div>\n<\/div>\n<\/div><\/div>\n<div id=\"cmsmasters_column_k7vlyuz4yq\" class=\"cmsmasters_column two_third\">\n<div class=\"cmsmasters_column_inner\"><div id=\"cmsmasters_heading_0cx4mcjjyd\" class=\"cmsmasters_heading_wrap cmsmasters_heading_align_left\">\n\t<h2 class=\"cmsmasters_heading\">V\u00fdhody a ocen\u011bn\u00ed<\/h2>\n<\/div>\n<div id=\"cmsmasters_divider_kul4awri6m\" class=\"cmsmasters_divider cmsmasters_divider_width_short cmsmasters_divider_pos_left\"><\/div>\n<div class=\"cmsmasters_text\">\n<p>D\u00e1rcovstv\u00ed krve je dobrovoln\u00e9 a bezp\u0159\u00edsp\u011bvkov\u00e9. D\u00e1rce krve by nem\u011bl b\u00fdt motivov\u00e1n finan\u010dn\u00edm ziskem. Bezp\u0159\u00edsp\u011bvkov\u00e9 d\u00e1rcovstv\u00ed je v\u00fdznamn\u00fdm krit\u00e9riem bezpe\u010dnosti darovan\u00e9 krve.<\/p>\n<p>V\u0161em d\u00e1rc\u016fm krve za jejich dar pat\u0159\u00ed na\u0161e pod\u011bkov\u00e1n\u00ed.<\/p>\n<p>&nbsp;<\/p>\n<h4><strong>P\u0158ESTO SE V\u00c1M NAB\u00cdZ\u00cd V\u00ddHODY PRO D\u00c1RCE KRVE P\u0158I KA\u017dD\u00c9M ODB\u011aRU:<\/strong><\/h4>\n<h5><strong>Z\u00e1konn\u00e9 n\u00e1roky:<\/strong><\/h5>\n<ul>\n<li>D\u00e1rce krve m\u00e1 v den odb\u011bru n\u00e1rok na placen\u00e9 pracovn\u00ed volno. Pokud nebyla krev odebr\u00e1na, m\u00e1 n\u00e1rok na volno pouze na dobu nezbytn\u011b nutnou k l\u00e9ka\u0159sk\u00e9 prohl\u00eddce.<\/li>\n<li>Za ka\u017ed\u00fd odb\u011br m\u016f\u017ee n\u00e1rokovat u sv\u00e9ho zam\u011bstnavatele odpo\u010det ze z\u00e1kladu dan\u011b.<\/li>\n<\/ul>\n<p>&nbsp;<\/p>\n<h5><strong>V\u00fdhody spojen\u00e9 s odb\u011brem krve, kter\u00e9 poskytuje Nemocnice Jihlava, p. o.:<\/strong><\/h5>\n<ul>\n<li>Kontrola krevn\u00edho obrazu a tlaku.<\/li>\n<li>Stravenka.<\/li>\n<li>Mal\u00e9 ob\u010derstven\u00ed po odb\u011bru.<\/li>\n<\/ul>\n<p><a href=\"\/wp-content\/uploads\/2023\/10\/signcross.jpg\"><img loading=\"lazy\" decoding=\"async\" class=\"wp-image-22351 alignnone\" src=\"\/wp-content\/uploads\/2023\/10\/signcross.jpg\" alt=\"\" width=\"78\" height=\"109\" srcset=\"\/wp-content\/uploads\/2023\/10\/signcross.jpg 286w, \/wp-content\/uploads\/2023\/10\/signcross-215x300.jpg 215w\" sizes=\"auto, (max-width: 78px) 100vw, 78px\" \/><\/a> <a href=\"\/wp-content\/uploads\/2023\/10\/signmeal.jpg\"><img loading=\"lazy\" decoding=\"async\" class=\"wp-image-22350 alignnone\" src=\"\/wp-content\/uploads\/2023\/10\/signmeal.jpg\" alt=\"\" width=\"78\" height=\"109\" srcset=\"\/wp-content\/uploads\/2023\/10\/signmeal.jpg 286w, \/wp-content\/uploads\/2023\/10\/signmeal-215x300.jpg 215w\" sizes=\"auto, (max-width: 78px) 100vw, 78px\" \/><\/a> <a href=\"\/wp-content\/uploads\/2023\/10\/signdrink.jpg\"><img loading=\"lazy\" decoding=\"async\" class=\"wp-image-22349 alignnone\" src=\"\/wp-content\/uploads\/2023\/10\/signdrink.jpg\" alt=\"\" width=\"76\" height=\"106\" srcset=\"\/wp-content\/uploads\/2023\/10\/signdrink.jpg 286w, \/wp-content\/uploads\/2023\/10\/signdrink-215x300.jpg 215w\" sizes=\"auto, (max-width: 76px) 100vw, 76px\" \/><\/a><\/p>\n<h5><\/h5>\n<h5><strong>Tradi\u010dn\u00ed se ji\u017e stala nab\u00eddka voln\u00fdch vstupenek do are\u00e1lu \u0160ikl\u016fv Ml\u00fdn:<\/strong><\/h5>\n<ul>\n<li>Vstupenky jsou platn\u00e9 p\u0159i p\u0159edlo\u017een\u00ed platn\u00e9ho pr\u016fkazu d\u00e1rce.<\/li>\n<\/ul>\n<h5><strong><span class=\"ui-provider ec bye aup byf byg byh byi byj byk byl bym byn byo byp byq byr bys byt byu byv byw byx byy byz bza bzb bzc bzd bze bzf bzg bzh bzi bzj bzk\" dir=\"ltr\">Dal\u0161\u00ed aktu\u00e1ln\u00ed benefity pro d\u00e1rce krve najdete na n\u00e1st\u011bnce odb\u011brov\u00e9ho st\u0159ediska. <\/span><\/strong><\/h5>\n<h5><strong>Dal\u0161\u00ed v\u00fdhody poskytuj\u00ed sv\u00fdm poji\u0161t\u011bnc\u016fm \u2013 d\u00e1rc\u016fm krve zdravotn\u00ed poji\u0161\u0165ovny:<\/strong><\/h5>\n<ul>\n<li>Z\u00e1kladn\u00ed informace najdete na n\u00e1st\u011bnce na odb\u011brov\u00e9m st\u0159edisku.<\/li>\n<li>Bl\u00ed\u017ee se informujte p\u0159\u00edmo u sv\u00e9 zdravotn\u00ed poji\u0161\u0165ovny.<\/li>\n<\/ul>\n<p>&nbsp;<\/p>\n<h5><strong>Bezp\u0159\u00edsp\u011bvkov\u00e9 d\u00e1rcovstv\u00ed krve mor\u00e1ln\u011b oce\u0148uje v \u010cesk\u00e9 republice \u010cesk\u00fd \u010derven\u00fd k\u0159\u00ed\u017e:<\/strong><\/h5>\n<p><strong>Medaile prof. MUDr. Jana Jansk\u00e9ho<\/strong> je ocen\u011bn\u00ed pojmenovan\u00e9 po\u00a0Janu Jansk\u00e9m, \u010desk\u00e9m\u00a0l\u00e9ka\u0159i\u00a0a\u00a0psychiatrovi, objeviteli krevn\u00edch skupin.<\/p>\n<ul>\n<li>Bronzov\u00e1 medaile prof. MUDr. Jana Jansk\u00e9ho je ud\u011blena za <strong>10<\/strong> odb\u011br\u016f krve.<\/li>\n<li>St\u0159\u00edbrnou medaili prof. MUDr. Jana Jansk\u00e9ho z\u00edsk\u00e1v\u00e1 d\u00e1rce za <strong>20<\/strong> odb\u011br\u016f.<\/li>\n<li>Zlat\u00e1 medaile prof. MUDr. Jana Jansk\u00e9ho je d\u00e1rci ud\u011blena za <strong>40<\/strong> odb\u011br\u016f.<\/li>\n<\/ul>\n<p><a href=\"\/wp-content\/uploads\/2023\/10\/Jansky_medaile.jpg\"><img loading=\"lazy\" decoding=\"async\" class=\"wp-image-22353 aligncenter\" src=\"\/wp-content\/uploads\/2023\/10\/Jansky_medaile.jpg\" alt=\"\" width=\"218\" height=\"262\" srcset=\"\/wp-content\/uploads\/2023\/10\/Jansky_medaile.jpg 350w, \/wp-content\/uploads\/2023\/10\/Jansky_medaile-249x300.jpg 249w\" sizes=\"auto, (max-width: 218px) 100vw, 218px\" \/><\/a><\/p>\n<p>&nbsp;<\/p>\n<p>Mnohon\u00e1sobn\u00fdm d\u00e1rc\u016fm krve jsou ud\u011blov\u00e1ny <strong>Zlat\u00e9 k\u0159\u00ed\u017ee<\/strong>.<\/p>\n<ul>\n<li>Zlat\u00fd k\u0159\u00ed\u017e III. stupn\u011b z\u00edsk\u00e1v\u00e1 d\u00e1rce za <strong>80<\/strong> odb\u011br\u016f krve.<\/li>\n<li>Zlat\u00fd k\u0159\u00ed\u017e II. stupn\u011b je ud\u011blen d\u00e1rci za <strong>120<\/strong> odb\u011br\u016f krve.<\/li>\n<li>Zlat\u00fdm k\u0159\u00ed\u017eem I. stupn\u011b jsou vyznamen\u00e1ni d\u00e1rci za <strong>160<\/strong> odb\u011br\u016f krve.<\/li>\n<\/ul>\n<p>&nbsp;<\/p>\n<p><a href=\"\/wp-content\/uploads\/2023\/10\/Jansky_kriz.jpg\"><img loading=\"lazy\" decoding=\"async\" class=\"wp-image-22352 aligncenter\" src=\"\/wp-content\/uploads\/2023\/10\/Jansky_kriz.jpg\" alt=\"\" width=\"226\" height=\"269\" srcset=\"\/wp-content\/uploads\/2023\/10\/Jansky_kriz.jpg 326w, \/wp-content\/uploads\/2023\/10\/Jansky_kriz-253x300.jpg 253w\" sizes=\"auto, (max-width: 226px) 100vw, 226px\" \/><\/a><\/p>\n<\/div>\n<\/div><\/div>\n<\/div>\n<\/div>\n<\/div>\n<\/div>\n<\/div>\n\n","protected":false},"excerpt":{"rendered":"","protected":false},"author":1,"featured_media":17123,"parent":22251,"menu_order":0,"comment_status":"closed","ping_status":"closed","template":"","meta":{"pgc_sgb_lightbox_settings":"","footnotes":"","_links_to":"","_links_to_target":""},"categories":[277],"class_list":["post-22345","page","type-page","status-publish","has-post-thumbnail","hentry","category-darci"],"publishpress_future_action":{"enabled":false,"date":"2026-04-17 16:41:28","action":"change-status","newStatus":"draft","terms":[],"taxonomy":"category","extraData":[]},"publishpress_future_workflow_manual_trigger":{"enabledWorkflows":[]},"_links":{"self":[{"href":"https:\/\/webnemji.azurewebsites.net\/en\/wp-json\/wp\/v2\/pages\/22345","targetHints":{"allow":["GET"]}}],"collection":[{"href":"https:\/\/webnemji.azurewebsites.net\/en\/wp-json\/wp\/v2\/pages"}],"about":[{"href":"https:\/\/webnemji.azurewebsites.net\/en\/wp-json\/wp\/v2\/types\/page"}],"author":[{"embeddable":true,"href":"https:\/\/webnemji.azurewebsites.net\/en\/wp-json\/wp\/v2\/users\/1"}],"replies":[{"embeddable":true,"href":"https:\/\/webnemji.azurewebsites.net\/en\/wp-json\/wp\/v2\/comments?post=22345"}],"version-history":[{"count":0,"href":"https:\/\/webnemji.azurewebsites.net\/en\/wp-json\/wp\/v2\/pages\/22345\/revisions"}],"up":[{"embeddable":true,"href":"https:\/\/webnemji.azurewebsites.net\/en\/wp-json\/wp\/v2\/pages\/22251"}],"wp:featuredmedia":[{"embeddable":true,"href":"https:\/\/webnemji.azurewebsites.net\/en\/wp-json\/wp\/v2\/media\/17123"}],"wp:attachment":[{"href":"https:\/\/webnemji.azurewebsites.net\/en\/wp-json\/wp\/v2\/media?parent=22345"}],"wp:term":[{"taxonomy":"category","embeddable":true,"href":"https:\/\/webnemji.azurewebsites.net\/en\/wp-json\/wp\/v2\/categories?post=22345"}],"curies":[{"name":"wp","href":"https:\/\/api.w.org\/{rel}","templated":true}]}}