{"id":22364,"date":"2023-10-13T09:41:26","date_gmt":"2023-10-13T07:41:26","guid":{"rendered":"https:\/\/nemji.rs-kovarik.cz\/?page_id=22364"},"modified":"2024-01-17T08:57:06","modified_gmt":"2024-01-17T07:57:06","slug":"prvodarci","status":"publish","type":"page","link":"https:\/\/webnemji.azurewebsites.net\/en\/oddeleni\/hematologicko-transfuzni-oddeleni\/darci-krve-a-kostni-drene\/prvodarci\/","title":{"rendered":"First-time donors"},"content":{"rendered":"<div id=\"cmsmasters_row_6iluctg3hk\" class=\"cmsmasters_row cmsmasters_color_scheme_default cmsmasters_row_top_default cmsmasters_row_bot_default cmsmasters_row_boxed\">\n<div class=\"cmsmasters_row_outer_parent\">\n<div class=\"cmsmasters_row_overlay\"><\/div>\n<div class=\"cmsmasters_row_outer\">\n<div class=\"cmsmasters_row_inner\">\n<div class=\"cmsmasters_row_margin\">\n<div id=\"cmsmasters_column_sybg7he2sg\" class=\"cmsmasters_column one_first\">\n<div class=\"cmsmasters_column_inner\"><div id=\"cmsmasters_heading_b3c74b95a0\" class=\"cmsmasters_heading_wrap cmsmasters_heading_align_center pageheadingtitle\">\n\t<h1 class=\"cmsmasters_heading\">D\u00e1rci krve a kostn\u00ed d\u0159en\u011b<\/h1>\n<\/div>\n<\/div><\/div>\n<\/div>\n<\/div>\n<\/div>\n<\/div>\n<\/div>\n<div id=\"cmsmasters_row_ly5ze1hf8e\" class=\"cmsmasters_row cmsmasters_color_scheme_default cmsmasters_row_top_default cmsmasters_row_bot_default cmsmasters_row_boxed\">\n<div class=\"cmsmasters_row_outer_parent\">\n<div class=\"cmsmasters_row_outer\">\n<div class=\"cmsmasters_row_inner\">\n<div class=\"cmsmasters_row_margin\">\n<div id=\"cmsmasters_column_v67ee6nvg7\" class=\"cmsmasters_column one_first\">\n<div class=\"cmsmasters_column_inner\"><div class=\"cmsmasters_text\">\n<p><nav aria-label=\"breadcrumbs\">\n            <div class=\"breadcrumb-container theme1\">\n                <ol>\n                                    <\/ol>\n            <\/div>\n        <\/nav>    <script type=\"application\/ld+json\">\n        {\n            \"@context\": \"http:\/\/schema.org\",\n            \"@type\": \"BreadcrumbList\",\n            \"itemListElement\": [\n                            ]\n        }\n    <\/script>\n   \n    <script>\n            <\/script>\n<\/p>\n<\/div>\n<\/div><\/div>\n<\/div>\n<\/div>\n<\/div>\n<\/div>\n<\/div>\n<div id=\"cmsmasters_row_3f2f8816dd\" class=\"cmsmasters_row cmsmasters_color_scheme_default cmsmasters_row_top_default cmsmasters_row_bot_default cmsmasters_row_boxed\">\n<div class=\"cmsmasters_row_outer_parent\">\n<div class=\"cmsmasters_row_outer\">\n<div class=\"cmsmasters_row_inner\">\n<div class=\"cmsmasters_row_margin\">\n<div id=\"cmsmasters_column_0a1c5940f5\" class=\"cmsmasters_column one_third stickyinfocolumn\">\n<div class=\"cmsmasters_column_inner\"><div id=\"cmsmasters_heading_rva6m2t32d\" class=\"cmsmasters_heading_wrap cmsmasters_heading_align_center\">\n\t<h3 class=\"cmsmasters_heading\">Informace o odd\u011blen\u00ed<\/h3>\n<\/div>\n<div id=\"cmsmasters_divider_dpp34mcdj5\" class=\"cmsmasters_divider cmsmasters_divider_width_short cmsmasters_divider_pos_center\"><\/div>\n<div class=\"cmsmasters_sidebar sidebar_layout_11 sidebar-custom-menu\"><aside id=\"nav_menu-30\" class=\"widget widget_nav_menu\"><div class=\"menu-darci-container\"><ul id=\"menu-darci\" class=\"menu\"><li id=\"menu-item-22282\" class=\"menu-item menu-item-type-custom menu-item-object-custom menu-item-22282\"><a href=\"\/oddeleni\/hematologicko-transfuzni-oddeleni\/darci-krve-a-kostni-drene\/#zakladni-informace\" data-ps2id-api=\"true\"><i class=\"fa-solid fa-info\"><\/i> Z\u00e1kladn\u00ed informace<\/a><\/li>\n<li id=\"menu-item-22283\" class=\"menu-item menu-item-type-custom menu-item-object-custom menu-item-22283\"><a href=\"\/oddeleni\/hematologicko-transfuzni-oddeleni\/darci-krve-a-kostni-drene\/#personal\" data-ps2id-api=\"true\"><i class=\"fa-solid fa-user-doctor\"><\/i> Person\u00e1l<\/a><\/li>\n<li id=\"menu-item-22284\" class=\"menu-item menu-item-type-custom menu-item-object-custom menu-item-22284\"><a href=\"\/oddeleni\/hematologicko-transfuzni-oddeleni\/darci-krve-a-kostni-drene\/#odberove-hodiny\" data-ps2id-api=\"true\"><i class=\"fa-regular fa-clock\"><\/i> Odb\u011brov\u00e9 hodiny<\/a><\/li>\n<li id=\"menu-item-22285\" class=\"menu-item menu-item-type-custom menu-item-object-custom menu-item-22285\"><a href=\"\/oddeleni\/hematologicko-transfuzni-oddeleni\/darci-krve-a-kostni-drene\/#kontaktni-informace\" data-ps2id-api=\"true\"><i class=\"fa-solid fa-phone\"><\/i> Konktaktn\u00ed informace<\/a><\/li>\n<li id=\"menu-item-22286\" class=\"menu-item menu-item-type-custom menu-item-object-custom menu-item-22286\"><a href=\"\/oddeleni\/hematologicko-transfuzni-oddeleni\/darci-krve-a-kostni-drene\/#kde-nas-najdete\" data-ps2id-api=\"true\"><i class=\"fa-solid fa-location-dot\"><\/i> Kde n\u00e1s najdete<\/a><\/li>\n<li id=\"menu-item-22287\" class=\"menu-item menu-item-type-custom menu-item-object-custom menu-item-22287\"><a href=\"\/oddeleni\/hematologicko-transfuzni-oddeleni\/darci-krve-a-kostni-drene\/#fotogalerie\" data-ps2id-api=\"true\"><i class=\"fa-solid fa-camera\"><\/i> Fotogalerie<\/a><\/li>\n<li id=\"menu-item-22288\" class=\"menu-custom-separator menu-item menu-item-type-custom menu-item-object-custom menu-item-22288\"><hr class=\"mhm-menu-separator\"><\/li>\n<li id=\"menu-item-28501\" class=\"static-link menu-item menu-item-type-custom menu-item-object-custom menu-item-28501\"><a href=\"\/oddeleni\/hematologicko-transfuzni-oddeleni\/darci-krve-a-kostni-drene\/aktuality\/\" data-ps2id-api=\"true\"><i class=\"fa-solid fa-circle-info\"><\/i> Aktuality a fotografie z akc\u00ed<\/a><\/li>\n<li id=\"menu-item-22295\" class=\"static-link menu-item menu-item-type-custom menu-item-object-custom menu-item-22295\"><a href=\"\/oddeleni\/hematologicko-transfuzni-oddeleni\/darci-krve-a-kostni-drene\/prvodarci\" data-ps2id-api=\"true\"><i class=\"fa-regular fa-circle-question\"><\/i> Prvod\u00e1rci<\/a><\/li>\n<li id=\"menu-item-22296\" class=\"static-link menu-item menu-item-type-custom menu-item-object-custom menu-item-22296\"><a href=\"\/oddeleni\/hematologicko-transfuzni-oddeleni\/darci-krve-a-kostni-drene\/prubeh-odberem\/\" data-ps2id-api=\"true\"><i class=\"fa-solid fa-route\"><\/i> Pr\u016fb\u011bh odb\u011brem<\/a><\/li>\n<li id=\"menu-item-22308\" class=\"static-link menu-item menu-item-type-custom menu-item-object-custom menu-item-22308\"><a href=\"\/oddeleni\/hematologicko-transfuzni-oddeleni\/darci-krve-a-kostni-drene\/podminky-pro-darovani\/\" data-ps2id-api=\"true\"><i class=\"fa-regular fa-circle-check\"><\/i> Podm\u00ednky pro darov\u00e1n\u00ed, cestov\u00e1n\u00ed<\/a><\/li>\n<li id=\"menu-item-22439\" class=\"static-link menu-item menu-item-type-custom menu-item-object-custom menu-item-22439\"><a href=\"\/oddeleni\/hematologicko-transfuzni-oddeleni\/darci-krve-a-kostni-drene\/informace-pro-darce-kostni-drene\/\" data-ps2id-api=\"true\"><i class=\"fa-solid fa-bone\"><\/i> Informace pro d\u00e1rce kostn\u00ed d\u0159en\u011b<\/a><\/li>\n<li id=\"menu-item-22297\" class=\"static-link menu-item menu-item-type-custom menu-item-object-custom menu-item-22297\"><a href=\"\/oddeleni\/hematologicko-transfuzni-oddeleni\/darci-krve-a-kostni-drene\/vyhody-a-oceneni\/\" data-ps2id-api=\"true\"><i class=\"fa-solid fa-award\"><\/i> V\u00fdhody a ocen\u011bn\u00ed<\/a><\/li>\n<li id=\"menu-item-22487\" class=\"static-link menu-item menu-item-type-custom menu-item-object-custom menu-item-22487\"><a href=\"\/oddeleni\/hematologicko-transfuzni-oddeleni\/darci-krve-a-kostni-drene\/dotazniky-a-dulezite-soubory\/\" data-ps2id-api=\"true\"><i class=\"fa-solid fa-clipboard-list\"><\/i> Dotazn\u00edky a d\u016fle\u017eit\u00e9 soubory<\/a><\/li>\n<\/ul><\/div><\/aside><div class=\"cl\"><\/div>\n<\/div>\n<\/div><\/div>\n<div id=\"cmsmasters_column_k7vlyuz4yq\" class=\"cmsmasters_column two_third\">\n<div class=\"cmsmasters_column_inner\"><div id=\"cmsmasters_heading_0cx4mcjjyd\" class=\"cmsmasters_heading_wrap cmsmasters_heading_align_left\">\n\t<h2 class=\"cmsmasters_heading\">Prvod\u00e1rci<\/h2>\n<\/div>\n<div id=\"cmsmasters_divider_kul4awri6m\" class=\"cmsmasters_divider cmsmasters_divider_width_short cmsmasters_divider_pos_left\"><\/div>\n<div class=\"cmsmasters_text\">\n<h4 style=\"font-weight: 400;\"><strong>Rozhodli jste se darovat krev na na\u0161em odb\u011brov\u00e9m st\u0159edisku? Potom byste m\u011bli v\u011bd\u011bt, co V\u00e1s \u010dek\u00e1, jak\u00e9 podm\u00ednky mus\u00edte spl\u0148ovat, aby V\u00e1\u0161 odb\u011br prob\u011bhl co nejkomfortn\u011bji.<\/strong><\/h4>\n<p>&nbsp;<\/p>\n<p>Dobr\u00fd den, d\u011bkujeme, \u017ee m\u00e1te z\u00e1jem o darov\u00e1n\u00ed krve na na\u0161em odb\u011brov\u00e9m st\u0159edisku.<\/p>\n<p>Jako prvod\u00e1rce se k n\u00e1m <strong>nemus\u00edte p\u0159edem registrovat ani objedn\u00e1vat, <\/strong>\u00a0objedn\u00e1n\u00ed prov\u00e1d\u011bjte a\u017e pro dal\u0161\u00ed odb\u011bry. Abychom V\u00e1m u\u0161et\u0159ili zbyte\u010dn\u00e9 starosti a zbyte\u010dn\u00e9 zklam\u00e1n\u00ed z nemo\u017enosti darovat krev, pros\u00edme V\u00e1s o kontrolu, zda spl\u0148ujete podm\u00ednky pro darov\u00e1n\u00ed, kter\u00e9 naleznete na str\u00e1nce <span style=\"text-decoration: underline;\"><a href=\"\/darci-krve-a-kostni-drene\/podminky-pro-darovani\/\"><strong>Podm\u00ednky pro darov\u00e1n\u00ed<\/strong><\/a><\/span>.<\/p>\n<p>&nbsp;<\/p>\n<h5 style=\"font-weight: 400;\"><strong>Jsem vhodn\u00fd d\u00e1rce?<\/strong><\/h5>\n<p style=\"font-weight: 400;\">Sami sebe nejl\u00e9pe zn\u00e1te a nejl\u00e9pe jste schopni posoudit, zda spl\u0148ujete krit\u00e9ria vhodn\u00e9ho d\u00e1rce krve. Doporu\u010dujeme V\u00e1m je\u0161t\u011b v pohodl\u00ed domova sezn\u00e1mit se d\u016fkladn\u011b s dokumentem <span style=\"text-decoration: underline;\"><a href=\"\/wp-content\/uploads\/2023\/10\/F-HTO-028-Pouceni-darce-krve-1-1.pdf\" target=\"_blank\" rel=\"noopener\"><strong>Pou\u010den\u00ed d\u00e1rce krve<\/strong><\/a><\/span>. Tento dokument dostanete k prostudov\u00e1n\u00ed p\u0159ed ka\u017ed\u00fdm odb\u011brem. V \u201ePou\u010den\u00ed d\u00e1rce krve\u201c naleznete z\u00e1kladn\u00ed informace o rizikov\u00fdch faktorech, kter\u00e9 mohou ovlivnit kvalitu darovan\u00e9 krve. Pokud nespl\u0148ujete krit\u00e9ria vhodn\u00e9ho d\u00e1rce, je l\u00e9pe od darov\u00e1n\u00ed krve ustoupit. U \u017een se neprov\u00e1d\u00ed odb\u011bry krve v dob\u011b menstruace a t\u011bhotenstv\u00ed.<\/p>\n<p>&nbsp;<\/p>\n<h5 style=\"font-weight: 400;\"><strong>D\u016fle\u017eit\u00fd je vhodn\u00fd od\u011bv:<\/strong><\/h5>\n<p style=\"font-weight: 400;\">Na odb\u011br si obl\u00e9kejte oble\u010den\u00ed s kr\u00e1tk\u00fdm ruk\u00e1vem nebo voln\u00fdm ruk\u00e1vem, aby bylo lehce p\u0159\u00edstupn\u00e9 m\u00edsto odb\u011bru \u2013 loketn\u00ed jamka.\u00a0D\u00e1m\u00e1m nedoporu\u010dujeme minisukn\u011b.<\/p>\n<p>&nbsp;<\/p>\n<h5 style=\"font-weight: 400;\"><strong>Doklady:<\/strong><\/h5>\n<ul>\n<li style=\"font-weight: 400;\">Doklad toto\u017enosti s fotografi\u00ed (ob\u010dansk\u00fd nebo \u0159idi\u010dsk\u00fd pr\u016fkaz, cestovn\u00ed pas). <span class=\"ui-provider cwm cwn bqw cwo cwp cwq cwr cws cwt cwu cwv cww cwx cwy cwz cxa cxb cxc cxd cxe cxf cxg cxh cxi cxj cxk cxl cxm cxn cxo cxp cxq cxr cxs cxt\" dir=\"ltr\">Prozat\u00edm nep\u0159ij\u00edm\u00e1me elektronickou verzi doklad\u016f toto\u017enosti.<\/span><\/li>\n<li style=\"font-weight: 400;\">Doklad o zdravotn\u00edm poji\u0161t\u011bn\u00ed platn\u00e9m v \u010cesk\u00e9 Republice<\/li>\n<\/ul>\n<h5 style=\"font-weight: 400;\"><strong>Stravov\u00e1n\u00ed a p\u0159\u00edprava na odb\u011br:<\/strong><\/h5>\n<p style=\"font-weight: 400;\">V\u00a0\u017e\u00e1dn\u00e9m p\u0159\u00edpad\u011b nesm\u00edte hladov\u011bt! Dodr\u017eujte pitn\u00fd re\u017eim!<\/p>\n<p style=\"font-weight: 400; text-align: left;\">Den p\u0159ed odb\u011brem:\u00a0nejezte tu\u010dn\u00e1 j\u00eddla a\u00a0nepijte alkoholick\u00e9 n\u00e1poje,\u00a0pijte doporu\u010den\u00e9 mno\u017estv\u00ed tekutin 2,5 a\u017e 3 litry. Dodr\u017eujte klidov\u00fd re\u017eim, zv\u00fd\u0161en\u00e1 n\u00e1maha m\u016f\u017ee ovlivnit va\u0161e laboratorn\u00ed v\u00fdsledky.\u00a0L\u00e9ky, kter\u00e9 u\u017e\u00edv\u00e1te si vezm\u011bte dle zvyklost\u00ed, nezapome\u0148te je v\u0161echny uv\u00e9st do dotazn\u00edku, kter\u00fd budete vypl\u0148ovat (nutn\u00e9 zn\u00e1t n\u00e1zvy). V\u00a0den odb\u011bru:\u00a0R\u00e1no posn\u00eddejte netu\u010dn\u00e9 j\u00eddlo (rohl\u00edk, d\u017eem, med, ovoce,&#8230;). Nevhodn\u00e9 jsou ml\u00e9\u010dn\u00e9 a masn\u00e9 v\u00fdrobky, kter\u00e9 jsou tu\u010dn\u00e9. Tak\u00e9 celozrnn\u00e9 v\u00fdrobky nejsou vhodn\u00e9, jeliko\u017e obsahuj\u00ed r\u016fzn\u00e9 druhy o\u0159ech\u016f a sem\u00ednek, kter\u00e1 jsou tu\u010dn\u00e1.\u00a0P\u0159ed odb\u011brem vypijte minim\u00e1ln\u011b 0,5 l tekutin (slazen\u00fd \u010daj, miner\u00e1lka, voda, d\u017eus). K\u00e1vu konzumujte bez ml\u00e9ka \u010di smetany. P\u0159ed odb\u011brem neku\u0159te (12 hodin p\u0159ed odb\u011brem)!<\/p>\n<p style=\"font-weight: 400; text-align: center;\"><div class=\"pgc-sgb-cb wp-block-pgcsimplygalleryblock-grid \" data-gallery-id=\"36328962\"><div class=\"sgb-preloader\" id=\"pr_36328962\">\n\t<div class=\"sgb-square\" style=\"background:#d4d4d4\"><\/div>\n\t<div class=\"sgb-square\" style=\"background:#d4d4d4\"><\/div>\n\t<div class=\"sgb-square\" style=\"background:#d4d4d4\"><\/div>\n\t<div class=\"sgb-square\" style=\"background:#d4d4d4\"><\/div><\/div><div class=\"simply-gallery-amp pgc_sgb_slider \"><noscript><div class=\"sgb-gallery\"><div class=\"sgb-item\"><a href=\"https:\/\/nemji.rs-kovarik.cz\/strava-vhodna-pro-darce_fix\/\" target=\"_blank\"><img decoding=\"async\" alt=\"\" width=\"300\" height=\"176\" loading=\"lazy\" src=\"\/wp-content\/uploads\/2023\/10\/Strava-vhodna-pro-darce_FIX-300x176.jpg\" srcset=\"\/wp-content\/uploads\/2023\/10\/Strava-vhodna-pro-darce_FIX-300x176.jpg 300w,\/wp-content\/uploads\/2023\/10\/Strava-vhodna-pro-darce_FIX-1024x601.jpg 1024w,\/wp-content\/uploads\/2023\/10\/Strava-vhodna-pro-darce_FIX.jpg 1360w\" sizes=\"auto, 250px\"\/><\/a><\/div><div class=\"sgb-item\"><a href=\"https:\/\/nemji.rs-kovarik.cz\/strava-nevhodna-pro-darce_fix\/\" target=\"_blank\"><img decoding=\"async\" alt=\"\" width=\"300\" height=\"177\" loading=\"lazy\" src=\"\/wp-content\/uploads\/2023\/10\/Strava-nevhodna-pro-darce_FIX-300x177.jpg\" srcset=\"\/wp-content\/uploads\/2023\/10\/Strava-nevhodna-pro-darce_FIX-300x177.jpg 300w,\/wp-content\/uploads\/2023\/10\/Strava-nevhodna-pro-darce_FIX-1024x603.jpg 1024w,\/wp-content\/uploads\/2023\/10\/Strava-nevhodna-pro-darce_FIX.jpg 1376w\" sizes=\"auto, 250px\"\/><\/a><\/div><\/div><\/noscript><\/div><script type=\"application\/json\" class=\"sgb-data\">{\"collectionColumns\":4,\"thumbHieghtRation\":0.8,\"thumbSpacing\":10,\"thumbMobileSpacing\":10,\"externalLink\":false,\"captions\":false,\"captionHAlign\":\"bottom\",\"collectionthumbHoverTitleFontSize\":16,\"collectionthumbRoundedCorners\":20,\"collectionThumbSubMenuDownload\":false,\"collectionThumbSubMenuShare\":false,\"galleryType\":\"pgc_sgb_grid\",\"galleryId\":\"36328962\",\"images\":[{\"id\":22850,\"title\":\"Strava vhodn\u00e1 pro d\u00e1rce_FIX\",\"url\":\"\/wp-content\/uploads\/2023\/10\/Strava-vhodna-pro-darce_FIX.jpg\",\"link\":\"https:\/\/nemji.rs-kovarik.cz\/strava-vhodna-pro-darce_fix\/\",\"alt\":\"\",\"description\":\"\",\"caption\":\"\",\"mime\":\"image\/jpeg\",\"type\":\"image\",\"width\":1360,\"height\":798,\"sizes\":{\"thumbnail\":{\"height\":150,\"width\":150,\"url\":\"\/wp-content\/uploads\/2023\/10\/Strava-vhodna-pro-darce_FIX-150x150.jpg\",\"orientation\":\"landscape\"},\"medium\":{\"height\":176,\"width\":300,\"url\":\"\/wp-content\/uploads\/2023\/10\/Strava-vhodna-pro-darce_FIX-300x176.jpg\",\"orientation\":\"landscape\"},\"large\":{\"height\":601,\"width\":1024,\"url\":\"\/wp-content\/uploads\/2023\/10\/Strava-vhodna-pro-darce_FIX-1024x601.jpg\",\"orientation\":\"landscape\"},\"full\":{\"url\":\"\/wp-content\/uploads\/2023\/10\/Strava-vhodna-pro-darce_FIX.jpg\",\"height\":798,\"width\":1360,\"orientation\":\"landscape\"}},\"imageMeta\":{\"aperture\":\"0\",\"credit\":\"\",\"camera\":\"\",\"caption\":\"\",\"created_timestamp\":\"0\",\"copyright\":\"\",\"focal_length\":\"0\",\"iso\":\"0\",\"shutter_speed\":\"0\",\"title\":\"\",\"orientation\":\"0\",\"keywords\":[]},\"meta\":false,\"postlink\":\"https:\/\/nemji.rs-kovarik.cz\/strava-vhodna-pro-darce_fix\/\"},{\"id\":22851,\"title\":\"Strava nevhodn\u00e1 pro d\u00e1rce_FIX\",\"url\":\"\/wp-content\/uploads\/2023\/10\/Strava-nevhodna-pro-darce_FIX.jpg\",\"link\":\"https:\/\/nemji.rs-kovarik.cz\/strava-nevhodna-pro-darce_fix\/\",\"alt\":\"\",\"description\":\"\",\"caption\":\"\",\"mime\":\"image\/jpeg\",\"type\":\"image\",\"width\":1376,\"height\":810,\"sizes\":{\"thumbnail\":{\"height\":150,\"width\":150,\"url\":\"\/wp-content\/uploads\/2023\/10\/Strava-nevhodna-pro-darce_FIX-150x150.jpg\",\"orientation\":\"landscape\"},\"medium\":{\"height\":177,\"width\":300,\"url\":\"\/wp-content\/uploads\/2023\/10\/Strava-nevhodna-pro-darce_FIX-300x177.jpg\",\"orientation\":\"landscape\"},\"large\":{\"height\":603,\"width\":1024,\"url\":\"\/wp-content\/uploads\/2023\/10\/Strava-nevhodna-pro-darce_FIX-1024x603.jpg\",\"orientation\":\"landscape\"},\"full\":{\"url\":\"\/wp-content\/uploads\/2023\/10\/Strava-nevhodna-pro-darce_FIX.jpg\",\"height\":810,\"width\":1376,\"orientation\":\"landscape\"}},\"imageMeta\":{\"aperture\":\"0\",\"credit\":\"\",\"camera\":\"\",\"caption\":\"\",\"created_timestamp\":\"0\",\"copyright\":\"\",\"focal_length\":\"0\",\"iso\":\"0\",\"shutter_speed\":\"0\",\"title\":\"\",\"orientation\":\"0\",\"keywords\":[]},\"meta\":false,\"postlink\":\"https:\/\/nemji.rs-kovarik.cz\/strava-nevhodna-pro-darce_fix\/\"}],\"itemsMetaDataCollection\":[],\"useClobalSettings\":true,\"shareFacebook\":false,\"shareTwitter\":false,\"sharePinterest\":false,\"sliderItemDownload\":false,\"shareCopyLink\":false,\"sliderItemTitleEnable\":true,\"sliderItemTitleFontSize\":16,\"sliderSlideshow\":false,\"sliderSlideshowDelay\":6,\"sliderSocialShareEnabled\":false,\"TrpContentRestriction\":{\"restriction_type\":\"exclude\",\"selected_languages\":[],\"panel_open\":true}}<\/script><script>(function(){if(window.PGC_SGB && window.PGC_SGB.searcher){window.PGC_SGB.searcher.initBlocks()}})()<\/script><\/div>\n<\/div>\n<\/div><\/div>\n<\/div>\n<\/div>\n<\/div>\n<\/div>\n<\/div>\n\n","protected":false},"excerpt":{"rendered":"","protected":false},"author":1,"featured_media":17123,"parent":22251,"menu_order":0,"comment_status":"closed","ping_status":"closed","template":"","meta":{"pgc_sgb_lightbox_settings":"","footnotes":"","_links_to":"","_links_to_target":""},"categories":[277],"class_list":["post-22364","page","type-page","status-publish","has-post-thumbnail","hentry","category-darci"],"publishpress_future_action":{"enabled":false,"date":"2026-05-08 01:00:05","action":"change-status","newStatus":"draft","terms":[],"taxonomy":"category","extraData":[]},"publishpress_future_workflow_manual_trigger":{"enabledWorkflows":[]},"_links":{"self":[{"href":"https:\/\/webnemji.azurewebsites.net\/en\/wp-json\/wp\/v2\/pages\/22364","targetHints":{"allow":["GET"]}}],"collection":[{"href":"https:\/\/webnemji.azurewebsites.net\/en\/wp-json\/wp\/v2\/pages"}],"about":[{"href":"https:\/\/webnemji.azurewebsites.net\/en\/wp-json\/wp\/v2\/types\/page"}],"author":[{"embeddable":true,"href":"https:\/\/webnemji.azurewebsites.net\/en\/wp-json\/wp\/v2\/users\/1"}],"replies":[{"embeddable":true,"href":"https:\/\/webnemji.azurewebsites.net\/en\/wp-json\/wp\/v2\/comments?post=22364"}],"version-history":[{"count":0,"href":"https:\/\/webnemji.azurewebsites.net\/en\/wp-json\/wp\/v2\/pages\/22364\/revisions"}],"up":[{"embeddable":true,"href":"https:\/\/webnemji.azurewebsites.net\/en\/wp-json\/wp\/v2\/pages\/22251"}],"wp:featuredmedia":[{"embeddable":true,"href":"https:\/\/webnemji.azurewebsites.net\/en\/wp-json\/wp\/v2\/media\/17123"}],"wp:attachment":[{"href":"https:\/\/webnemji.azurewebsites.net\/en\/wp-json\/wp\/v2\/media?parent=22364"}],"wp:term":[{"taxonomy":"category","embeddable":true,"href":"https:\/\/webnemji.azurewebsites.net\/en\/wp-json\/wp\/v2\/categories?post=22364"}],"curies":[{"name":"wp","href":"https:\/\/api.w.org\/{rel}","templated":true}]}}