{"id":22440,"date":"2023-10-13T14:13:01","date_gmt":"2023-10-13T12:13:01","guid":{"rendered":"https:\/\/nemji.rs-kovarik.cz\/?page_id=22440"},"modified":"2024-02-20T08:22:40","modified_gmt":"2024-02-20T07:22:40","slug":"informace-pro-darce-kostni-drene","status":"publish","type":"page","link":"https:\/\/webnemji.azurewebsites.net\/en\/oddeleni\/hematologicko-transfuzni-oddeleni\/darci-krve-a-kostni-drene\/informace-pro-darce-kostni-drene\/","title":{"rendered":"Information for marrow donors"},"content":{"rendered":"<div id=\"cmsmasters_row_6iluctg3hk\" class=\"cmsmasters_row cmsmasters_color_scheme_default cmsmasters_row_top_default cmsmasters_row_bot_default cmsmasters_row_boxed\">\n<div class=\"cmsmasters_row_outer_parent\">\n<div class=\"cmsmasters_row_overlay\"><\/div>\n<div class=\"cmsmasters_row_outer\">\n<div class=\"cmsmasters_row_inner\">\n<div class=\"cmsmasters_row_margin\">\n<div id=\"cmsmasters_column_sybg7he2sg\" class=\"cmsmasters_column one_first\">\n<div class=\"cmsmasters_column_inner\"><div id=\"cmsmasters_heading_b3c74b95a0\" class=\"cmsmasters_heading_wrap cmsmasters_heading_align_center pageheadingtitle\">\n\t<h1 class=\"cmsmasters_heading\">D\u00e1rci krve a kostn\u00ed d\u0159en\u011b<\/h1>\n<\/div>\n<\/div><\/div>\n<\/div>\n<\/div>\n<\/div>\n<\/div>\n<\/div>\n<div id=\"cmsmasters_row_ly5ze1hf8e\" class=\"cmsmasters_row cmsmasters_color_scheme_default cmsmasters_row_top_default cmsmasters_row_bot_default cmsmasters_row_boxed\">\n<div class=\"cmsmasters_row_outer_parent\">\n<div class=\"cmsmasters_row_outer\">\n<div class=\"cmsmasters_row_inner\">\n<div class=\"cmsmasters_row_margin\">\n<div id=\"cmsmasters_column_v67ee6nvg7\" class=\"cmsmasters_column one_first\">\n<div class=\"cmsmasters_column_inner\"><div class=\"cmsmasters_text\">\n<p><nav aria-label=\"breadcrumbs\">\n            <div class=\"breadcrumb-container theme1\">\n                <ol>\n                                    <\/ol>\n            <\/div>\n        <\/nav>    <script type=\"application\/ld+json\">\n        {\n            \"@context\": \"http:\/\/schema.org\",\n            \"@type\": \"BreadcrumbList\",\n            \"itemListElement\": [\n                            ]\n        }\n    <\/script>\n   \n    <script>\n            <\/script>\n<\/p>\n<\/div>\n<\/div><\/div>\n<\/div>\n<\/div>\n<\/div>\n<\/div>\n<\/div>\n<div id=\"cmsmasters_row_3f2f8816dd\" class=\"cmsmasters_row cmsmasters_color_scheme_default cmsmasters_row_top_default cmsmasters_row_bot_default cmsmasters_row_boxed\">\n<div class=\"cmsmasters_row_outer_parent\">\n<div class=\"cmsmasters_row_outer\">\n<div class=\"cmsmasters_row_inner\">\n<div class=\"cmsmasters_row_margin\">\n<div id=\"cmsmasters_column_0a1c5940f5\" class=\"cmsmasters_column one_third stickyinfocolumn\">\n<div class=\"cmsmasters_column_inner\"><div id=\"cmsmasters_heading_rva6m2t32d\" class=\"cmsmasters_heading_wrap cmsmasters_heading_align_center\">\n\t<h3 class=\"cmsmasters_heading\">Informace o odd\u011blen\u00ed<\/h3>\n<\/div>\n<div id=\"cmsmasters_divider_dpp34mcdj5\" class=\"cmsmasters_divider cmsmasters_divider_width_short cmsmasters_divider_pos_center\"><\/div>\n<div class=\"cmsmasters_sidebar sidebar_layout_11 sidebar-custom-menu\"><aside id=\"nav_menu-30\" class=\"widget widget_nav_menu\"><div class=\"menu-darci-container\"><ul id=\"menu-darci\" class=\"menu\"><li id=\"menu-item-22282\" class=\"menu-item menu-item-type-custom menu-item-object-custom menu-item-22282\"><a href=\"\/oddeleni\/hematologicko-transfuzni-oddeleni\/darci-krve-a-kostni-drene\/#zakladni-informace\" data-ps2id-api=\"true\"><i class=\"fa-solid fa-info\"><\/i> Z\u00e1kladn\u00ed informace<\/a><\/li>\n<li id=\"menu-item-22283\" class=\"menu-item menu-item-type-custom menu-item-object-custom menu-item-22283\"><a href=\"\/oddeleni\/hematologicko-transfuzni-oddeleni\/darci-krve-a-kostni-drene\/#personal\" data-ps2id-api=\"true\"><i class=\"fa-solid fa-user-doctor\"><\/i> Person\u00e1l<\/a><\/li>\n<li id=\"menu-item-22284\" class=\"menu-item menu-item-type-custom menu-item-object-custom menu-item-22284\"><a href=\"\/oddeleni\/hematologicko-transfuzni-oddeleni\/darci-krve-a-kostni-drene\/#odberove-hodiny\" data-ps2id-api=\"true\"><i class=\"fa-regular fa-clock\"><\/i> Odb\u011brov\u00e9 hodiny<\/a><\/li>\n<li id=\"menu-item-22285\" class=\"menu-item menu-item-type-custom menu-item-object-custom menu-item-22285\"><a href=\"\/oddeleni\/hematologicko-transfuzni-oddeleni\/darci-krve-a-kostni-drene\/#kontaktni-informace\" data-ps2id-api=\"true\"><i class=\"fa-solid fa-phone\"><\/i> Konktaktn\u00ed informace<\/a><\/li>\n<li id=\"menu-item-22286\" class=\"menu-item menu-item-type-custom menu-item-object-custom menu-item-22286\"><a href=\"\/oddeleni\/hematologicko-transfuzni-oddeleni\/darci-krve-a-kostni-drene\/#kde-nas-najdete\" data-ps2id-api=\"true\"><i class=\"fa-solid fa-location-dot\"><\/i> Kde n\u00e1s najdete<\/a><\/li>\n<li id=\"menu-item-22287\" class=\"menu-item menu-item-type-custom menu-item-object-custom menu-item-22287\"><a href=\"\/oddeleni\/hematologicko-transfuzni-oddeleni\/darci-krve-a-kostni-drene\/#fotogalerie\" data-ps2id-api=\"true\"><i class=\"fa-solid fa-camera\"><\/i> Fotogalerie<\/a><\/li>\n<li id=\"menu-item-22288\" class=\"menu-custom-separator menu-item menu-item-type-custom menu-item-object-custom menu-item-22288\"><hr class=\"mhm-menu-separator\"><\/li>\n<li id=\"menu-item-28501\" class=\"static-link menu-item menu-item-type-custom menu-item-object-custom menu-item-28501\"><a href=\"\/oddeleni\/hematologicko-transfuzni-oddeleni\/darci-krve-a-kostni-drene\/aktuality\/\" data-ps2id-api=\"true\"><i class=\"fa-solid fa-circle-info\"><\/i> Aktuality a fotografie z akc\u00ed<\/a><\/li>\n<li id=\"menu-item-22295\" class=\"static-link menu-item menu-item-type-custom menu-item-object-custom menu-item-22295\"><a href=\"\/oddeleni\/hematologicko-transfuzni-oddeleni\/darci-krve-a-kostni-drene\/prvodarci\" data-ps2id-api=\"true\"><i class=\"fa-regular fa-circle-question\"><\/i> Prvod\u00e1rci<\/a><\/li>\n<li id=\"menu-item-22296\" class=\"static-link menu-item menu-item-type-custom menu-item-object-custom menu-item-22296\"><a href=\"\/oddeleni\/hematologicko-transfuzni-oddeleni\/darci-krve-a-kostni-drene\/prubeh-odberem\/\" data-ps2id-api=\"true\"><i class=\"fa-solid fa-route\"><\/i> Pr\u016fb\u011bh odb\u011brem<\/a><\/li>\n<li id=\"menu-item-22308\" class=\"static-link menu-item menu-item-type-custom menu-item-object-custom menu-item-22308\"><a href=\"\/oddeleni\/hematologicko-transfuzni-oddeleni\/darci-krve-a-kostni-drene\/podminky-pro-darovani\/\" data-ps2id-api=\"true\"><i class=\"fa-regular fa-circle-check\"><\/i> Podm\u00ednky pro darov\u00e1n\u00ed, cestov\u00e1n\u00ed<\/a><\/li>\n<li id=\"menu-item-22439\" class=\"static-link menu-item menu-item-type-custom menu-item-object-custom menu-item-22439\"><a href=\"\/oddeleni\/hematologicko-transfuzni-oddeleni\/darci-krve-a-kostni-drene\/informace-pro-darce-kostni-drene\/\" data-ps2id-api=\"true\"><i class=\"fa-solid fa-bone\"><\/i> Informace pro d\u00e1rce kostn\u00ed d\u0159en\u011b<\/a><\/li>\n<li id=\"menu-item-22297\" class=\"static-link menu-item menu-item-type-custom menu-item-object-custom menu-item-22297\"><a href=\"\/oddeleni\/hematologicko-transfuzni-oddeleni\/darci-krve-a-kostni-drene\/vyhody-a-oceneni\/\" data-ps2id-api=\"true\"><i class=\"fa-solid fa-award\"><\/i> V\u00fdhody a ocen\u011bn\u00ed<\/a><\/li>\n<li id=\"menu-item-22487\" class=\"static-link menu-item menu-item-type-custom menu-item-object-custom menu-item-22487\"><a href=\"\/oddeleni\/hematologicko-transfuzni-oddeleni\/darci-krve-a-kostni-drene\/dotazniky-a-dulezite-soubory\/\" data-ps2id-api=\"true\"><i class=\"fa-solid fa-clipboard-list\"><\/i> Dotazn\u00edky a d\u016fle\u017eit\u00e9 soubory<\/a><\/li>\n<\/ul><\/div><\/aside><div class=\"cl\"><\/div>\n<\/div>\n<\/div><\/div>\n<div id=\"cmsmasters_column_k7vlyuz4yq\" class=\"cmsmasters_column two_third\">\n<div class=\"cmsmasters_column_inner\"><div id=\"cmsmasters_heading_0cx4mcjjyd\" class=\"cmsmasters_heading_wrap cmsmasters_heading_align_left\">\n\t<h2 class=\"cmsmasters_heading\">Informace pro d\u00e1rce kostn\u00ed d\u0159en\u011b<\/h2>\n<\/div>\n<div id=\"cmsmasters_divider_kul4awri6m\" class=\"cmsmasters_divider cmsmasters_divider_width_short cmsmasters_divider_pos_left\"><\/div>\n<div class=\"cmsmasters_text\">\n<p style=\"font-weight: 400;\">Hematologicko-transfuzn\u00ed odd\u011blen\u00ed (HTO) Nemocnice Jihlava funguje jako N\u00e1borov\u00e9 centrum pro \u010cesk\u00fd registr d\u00e1rc\u016f krvetvorn\u00fdch bun\u011bk, kter\u00fd s\u00eddl\u00ed v\u00a0Praze p\u0159i IKEM.<br \/>\nU n\u00e1s na HTO prob\u00edh\u00e1 vstupn\u00ed registrace do \u010cesk\u00e9ho registru d\u00e1rc\u016f krvetvorn\u00fdch bun\u011bk. Pokud spl\u0148ujete n\u00e1sleduj\u00edc\u00ed podm\u00ednky, m\u016f\u017eete kontaktovat na\u0161e odd\u011blen\u00ed a domluvit si term\u00edn vstupu. Cel\u00e1 procedura zabere asi 15 minut, kdy v\u00e1m vezmeme dv\u011b zkumavky krve, vypln\u00edte zdravotn\u00ed dotazn\u00edk a kr\u00e1tce si s\u00a0v\u00e1mi pohovo\u0159\u00edme. B\u011bhem t\u00e9to doby m\u00e1te mo\u017enost se zeptat na cokoli, co v\u00e1s napadne.<\/p>\n<h5 style=\"font-weight: 400;\"><strong>Podm\u00ednky vstupu:<\/strong><\/h5>\n<ul>\n<li style=\"font-weight: 400;\"><strong>V\u011bk 18-40 let<\/strong> (evidence v datab\u00e1zi registru do 55 let v\u011bku d\u00e1rce),<\/li>\n<li style=\"font-weight: 400;\"><strong>ochota pomoci jak\u00e9mukoliv pacientovi nejen z \u010cR, ale i ze zahrani\u010d\u00ed,<\/strong><\/li>\n<li style=\"font-weight: 400;\"><strong>hmotnost v\u00edce ne\u017e 50 kg,<\/strong><\/li>\n<li style=\"font-weight: 400;\"><strong>dobr\u00fd zdravotn\u00ed stav<\/strong> (\u017e\u00e1dn\u00e9 z\u00e1va\u017en\u00e9 onemocn\u011bn\u00ed \u2013 ani v minulosti),<\/li>\n<li style=\"font-weight: 400;\"><strong>bez trval\u00e9 medikace a l\u00e9\u010dby<\/strong> (v\u00fdjimkou je antikoncepce),<\/li>\n<li style=\"font-weight: 400;\">ochota podstoupit odb\u011bry krve a p\u0159\u00edpadn\u00e1 dal\u0161\u00ed vy\u0161et\u0159en\u00ed,<\/li>\n<li style=\"font-weight: 400;\">ochota v\u011bnovat sv\u016fj \u010das a pohodl\u00ed,<\/li>\n<li style=\"font-weight: 400;\">zdravotn\u00ed poji\u0161t\u011bn\u00ed platn\u00e9 v \u010cR.<\/li>\n<\/ul>\n<p style=\"font-weight: 400;\"><strong><br \/>\n<\/strong><strong>D\u00e1rcovstv\u00ed kostn\u00ed d\u0159en\u011b je dobrovoln\u00e9, bezplatn\u00e9 a anonymn\u00ed!<\/strong><\/p>\n<p style=\"font-weight: 400;\">V\u00edce informac\u00ed v\u010detn\u011b toho, jak se vyhled\u00e1v\u00e1 d\u00e1rce pro pacienta a co se d\u011bje po vstupn\u00ed registraci, najdete na <a href=\"http:\/\/www.darujzivot.cz\" target=\"_blank\" rel=\"noopener\"><strong>www.darujzivot.cz<\/strong><\/a>. Naleznete tam i konkr\u00e9tn\u011bj\u0161\u00ed informace ohledn\u011b p\u0159ek\u00e1\u017eek vstupu.<br \/>\nPokud si nejste jisti hlavn\u011b v\u00a0ot\u00e1zce zdravotn\u00edho stavu a p\u0159\u00edpadn\u00e9 medikace, napi\u0161te e-mail s\u00a0konkr\u00e9tn\u00edm dotazem na\u00a0<a href=\"mailto:darci@ikem.cz\">darci@ikem.cz<\/a> p\u0159edt\u00edm, ne\u017e si s\u00a0n\u00e1mi domluv\u00edte term\u00edn. Pokud dostanete pozitivn\u00ed odpov\u011b\u010f, m\u016f\u017eete n\u00e1s kontaktovat a term\u00edn si domluvit. E-mail s\u00a0odpov\u011bd\u00ed si k\u00a0n\u00e1m vezm\u011bte s\u00a0sebou.<\/p>\n<h5 style=\"font-weight: 400;\"><strong>OBJEDN\u00c1N\u00cd:<\/strong><\/h5>\n<p style=\"font-weight: 400;\">E-mail:<strong>\u00a0<\/strong><span style=\"text-decoration: underline;\"><a href=\"mailto:darci@nemji.cz\"><strong>darci@nemji.cz<\/strong><\/a><\/span><\/p>\n<p style=\"font-weight: 400;\">Tel.:\u00a0 <span style=\"text-decoration: underline;\"><a href=\"tel:+420800100876\"><strong>+420 800 100 876<\/strong><\/a><\/span><\/p>\n<p style=\"font-weight: 400;\">D\u00e1rce kostn\u00ed d\u0159en\u011b objedn\u00e1v\u00e1me od pond\u011bl\u00ed do \u010dtvrtka v \u010dasech 10:00\u201311:30. Po domluv\u011b je v\u0161ak mo\u017en\u00e9 p\u0159ij\u00edt i v jin\u00fd den a \u010das. V p\u0159\u00edpad\u011b pot\u0159eby v\u00e1m potvrd\u00edme propustku pro va\u0161eho zam\u011bstnavatele.<br \/>\nPokud jste z\u00e1rove\u0148 d\u00e1rci krve, nejlep\u0161\u00ed \u0159e\u0161en\u00ed je spojit odb\u011br krve se vstupem do registru. V\u00a0tomto p\u0159\u00edpad\u011b je v\u0161ak tak\u00e9 nutn\u00e9 se p\u0159edem na tomto postupu domluvit na uveden\u00e9m e-mailu nebo \u010d\u00edsle.<\/p>\n<p style=\"font-weight: 400;\">Jak se k n\u00e1m dostanete, naleznete <span style=\"text-decoration: underline;\"><a href=\"\/darci-krve-a-kostni-drene\/#kde-nas-najdete\"><strong>ZDE<\/strong><\/a><\/span><a href=\"\/darci-krve-a-kostni-drene\/#kde-nas-najdete\">.<\/a><\/p>\n<\/div>\n<\/div><\/div>\n<\/div>\n<\/div>\n<\/div>\n<\/div>\n<\/div>\n\n","protected":false},"excerpt":{"rendered":"","protected":false},"author":1,"featured_media":17123,"parent":22251,"menu_order":0,"comment_status":"closed","ping_status":"closed","template":"","meta":{"pgc_sgb_lightbox_settings":"","footnotes":"","_links_to":"","_links_to_target":""},"categories":[277],"class_list":["post-22440","page","type-page","status-publish","has-post-thumbnail","hentry","category-darci"],"publishpress_future_action":{"enabled":false,"date":"2026-04-22 07:08:10","action":"change-status","newStatus":"draft","terms":[],"taxonomy":"category","extraData":[]},"publishpress_future_workflow_manual_trigger":{"enabledWorkflows":[]},"_links":{"self":[{"href":"https:\/\/webnemji.azurewebsites.net\/en\/wp-json\/wp\/v2\/pages\/22440","targetHints":{"allow":["GET"]}}],"collection":[{"href":"https:\/\/webnemji.azurewebsites.net\/en\/wp-json\/wp\/v2\/pages"}],"about":[{"href":"https:\/\/webnemji.azurewebsites.net\/en\/wp-json\/wp\/v2\/types\/page"}],"author":[{"embeddable":true,"href":"https:\/\/webnemji.azurewebsites.net\/en\/wp-json\/wp\/v2\/users\/1"}],"replies":[{"embeddable":true,"href":"https:\/\/webnemji.azurewebsites.net\/en\/wp-json\/wp\/v2\/comments?post=22440"}],"version-history":[{"count":0,"href":"https:\/\/webnemji.azurewebsites.net\/en\/wp-json\/wp\/v2\/pages\/22440\/revisions"}],"up":[{"embeddable":true,"href":"https:\/\/webnemji.azurewebsites.net\/en\/wp-json\/wp\/v2\/pages\/22251"}],"wp:featuredmedia":[{"embeddable":true,"href":"https:\/\/webnemji.azurewebsites.net\/en\/wp-json\/wp\/v2\/media\/17123"}],"wp:attachment":[{"href":"https:\/\/webnemji.azurewebsites.net\/en\/wp-json\/wp\/v2\/media?parent=22440"}],"wp:term":[{"taxonomy":"category","embeddable":true,"href":"https:\/\/webnemji.azurewebsites.net\/en\/wp-json\/wp\/v2\/categories?post=22440"}],"curies":[{"name":"wp","href":"https:\/\/api.w.org\/{rel}","templated":true}]}}