{"id":22484,"date":"2023-10-16T07:03:39","date_gmt":"2023-10-16T05:03:39","guid":{"rendered":"https:\/\/nemji.rs-kovarik.cz\/?page_id=22484"},"modified":"2024-02-22T09:14:13","modified_gmt":"2024-02-22T08:14:13","slug":"dotazniky-a-dulezite-soubory","status":"publish","type":"page","link":"https:\/\/webnemji.azurewebsites.net\/en\/oddeleni\/hematologicko-transfuzni-oddeleni\/darci-krve-a-kostni-drene\/dotazniky-a-dulezite-soubory\/","title":{"rendered":"Questionnaires and relevant files"},"content":{"rendered":"<div id=\"cmsmasters_row_6iluctg3hk\" class=\"cmsmasters_row cmsmasters_color_scheme_default cmsmasters_row_top_default cmsmasters_row_bot_default cmsmasters_row_boxed\">\n<div class=\"cmsmasters_row_outer_parent\">\n<div class=\"cmsmasters_row_overlay\"><\/div>\n<div class=\"cmsmasters_row_outer\">\n<div class=\"cmsmasters_row_inner\">\n<div class=\"cmsmasters_row_margin\">\n<div id=\"cmsmasters_column_sybg7he2sg\" class=\"cmsmasters_column one_first\">\n<div class=\"cmsmasters_column_inner\"><div id=\"cmsmasters_heading_b3c74b95a0\" class=\"cmsmasters_heading_wrap cmsmasters_heading_align_center pageheadingtitle\">\n\t<h1 class=\"cmsmasters_heading\">D\u00e1rci krve a kostn\u00ed d\u0159en\u011b<\/h1>\n<\/div>\n<\/div><\/div>\n<\/div>\n<\/div>\n<\/div>\n<\/div>\n<\/div>\n<div id=\"cmsmasters_row_ly5ze1hf8e\" class=\"cmsmasters_row cmsmasters_color_scheme_default cmsmasters_row_top_default cmsmasters_row_bot_default cmsmasters_row_boxed\">\n<div class=\"cmsmasters_row_outer_parent\">\n<div class=\"cmsmasters_row_outer\">\n<div class=\"cmsmasters_row_inner\">\n<div class=\"cmsmasters_row_margin\">\n<div id=\"cmsmasters_column_v67ee6nvg7\" class=\"cmsmasters_column one_first\">\n<div class=\"cmsmasters_column_inner\"><div class=\"cmsmasters_text\">\n<p><nav aria-label=\"breadcrumbs\">\n            <div class=\"breadcrumb-container theme1\">\n                <ol>\n                                    <\/ol>\n            <\/div>\n        <\/nav>    <script type=\"application\/ld+json\">\n        {\n            \"@context\": \"http:\/\/schema.org\",\n            \"@type\": \"BreadcrumbList\",\n            \"itemListElement\": [\n                            ]\n        }\n    <\/script>\n   \n    <script>\n            <\/script>\n<\/p>\n<\/div>\n<\/div><\/div>\n<\/div>\n<\/div>\n<\/div>\n<\/div>\n<\/div>\n<div id=\"cmsmasters_row_3f2f8816dd\" class=\"cmsmasters_row cmsmasters_color_scheme_default cmsmasters_row_top_default cmsmasters_row_bot_default cmsmasters_row_boxed\">\n<div class=\"cmsmasters_row_outer_parent\">\n<div class=\"cmsmasters_row_outer\">\n<div class=\"cmsmasters_row_inner\">\n<div class=\"cmsmasters_row_margin\">\n<div id=\"cmsmasters_column_0a1c5940f5\" class=\"cmsmasters_column one_third stickyinfocolumn\">\n<div class=\"cmsmasters_column_inner\"><div id=\"cmsmasters_heading_rva6m2t32d\" class=\"cmsmasters_heading_wrap cmsmasters_heading_align_center\">\n\t<h3 class=\"cmsmasters_heading\">Informace o odd\u011blen\u00ed<\/h3>\n<\/div>\n<div id=\"cmsmasters_divider_dpp34mcdj5\" class=\"cmsmasters_divider cmsmasters_divider_width_short cmsmasters_divider_pos_center\"><\/div>\n<div class=\"cmsmasters_sidebar sidebar_layout_11 sidebar-custom-menu\"><aside id=\"nav_menu-30\" class=\"widget widget_nav_menu\"><div class=\"menu-darci-container\"><ul id=\"menu-darci\" class=\"menu\"><li id=\"menu-item-22282\" class=\"menu-item menu-item-type-custom menu-item-object-custom menu-item-22282\"><a href=\"\/oddeleni\/hematologicko-transfuzni-oddeleni\/darci-krve-a-kostni-drene\/#zakladni-informace\" data-ps2id-api=\"true\"><i class=\"fa-solid fa-info\"><\/i> Z\u00e1kladn\u00ed informace<\/a><\/li>\n<li id=\"menu-item-22283\" class=\"menu-item menu-item-type-custom menu-item-object-custom menu-item-22283\"><a href=\"\/oddeleni\/hematologicko-transfuzni-oddeleni\/darci-krve-a-kostni-drene\/#personal\" data-ps2id-api=\"true\"><i class=\"fa-solid fa-user-doctor\"><\/i> Person\u00e1l<\/a><\/li>\n<li id=\"menu-item-22284\" class=\"menu-item menu-item-type-custom menu-item-object-custom menu-item-22284\"><a href=\"\/oddeleni\/hematologicko-transfuzni-oddeleni\/darci-krve-a-kostni-drene\/#odberove-hodiny\" data-ps2id-api=\"true\"><i class=\"fa-regular fa-clock\"><\/i> Odb\u011brov\u00e9 hodiny<\/a><\/li>\n<li id=\"menu-item-22285\" class=\"menu-item menu-item-type-custom menu-item-object-custom menu-item-22285\"><a href=\"\/oddeleni\/hematologicko-transfuzni-oddeleni\/darci-krve-a-kostni-drene\/#kontaktni-informace\" data-ps2id-api=\"true\"><i class=\"fa-solid fa-phone\"><\/i> Konktaktn\u00ed informace<\/a><\/li>\n<li id=\"menu-item-22286\" class=\"menu-item menu-item-type-custom menu-item-object-custom menu-item-22286\"><a href=\"\/oddeleni\/hematologicko-transfuzni-oddeleni\/darci-krve-a-kostni-drene\/#kde-nas-najdete\" data-ps2id-api=\"true\"><i class=\"fa-solid fa-location-dot\"><\/i> Kde n\u00e1s najdete<\/a><\/li>\n<li id=\"menu-item-22287\" class=\"menu-item menu-item-type-custom menu-item-object-custom menu-item-22287\"><a href=\"\/oddeleni\/hematologicko-transfuzni-oddeleni\/darci-krve-a-kostni-drene\/#fotogalerie\" data-ps2id-api=\"true\"><i class=\"fa-solid fa-camera\"><\/i> Fotogalerie<\/a><\/li>\n<li id=\"menu-item-22288\" class=\"menu-custom-separator menu-item menu-item-type-custom menu-item-object-custom menu-item-22288\"><hr class=\"mhm-menu-separator\"><\/li>\n<li id=\"menu-item-28501\" class=\"static-link menu-item menu-item-type-custom menu-item-object-custom menu-item-28501\"><a href=\"\/oddeleni\/hematologicko-transfuzni-oddeleni\/darci-krve-a-kostni-drene\/aktuality\/\" data-ps2id-api=\"true\"><i class=\"fa-solid fa-circle-info\"><\/i> Aktuality a fotografie z akc\u00ed<\/a><\/li>\n<li id=\"menu-item-22295\" class=\"static-link menu-item menu-item-type-custom menu-item-object-custom menu-item-22295\"><a href=\"\/oddeleni\/hematologicko-transfuzni-oddeleni\/darci-krve-a-kostni-drene\/prvodarci\" data-ps2id-api=\"true\"><i class=\"fa-regular fa-circle-question\"><\/i> Prvod\u00e1rci<\/a><\/li>\n<li id=\"menu-item-22296\" class=\"static-link menu-item menu-item-type-custom menu-item-object-custom menu-item-22296\"><a href=\"\/oddeleni\/hematologicko-transfuzni-oddeleni\/darci-krve-a-kostni-drene\/prubeh-odberem\/\" data-ps2id-api=\"true\"><i class=\"fa-solid fa-route\"><\/i> Pr\u016fb\u011bh odb\u011brem<\/a><\/li>\n<li id=\"menu-item-22308\" class=\"static-link menu-item menu-item-type-custom menu-item-object-custom menu-item-22308\"><a href=\"\/oddeleni\/hematologicko-transfuzni-oddeleni\/darci-krve-a-kostni-drene\/podminky-pro-darovani\/\" data-ps2id-api=\"true\"><i class=\"fa-regular fa-circle-check\"><\/i> Podm\u00ednky pro darov\u00e1n\u00ed, cestov\u00e1n\u00ed<\/a><\/li>\n<li id=\"menu-item-22439\" class=\"static-link menu-item menu-item-type-custom menu-item-object-custom menu-item-22439\"><a href=\"\/oddeleni\/hematologicko-transfuzni-oddeleni\/darci-krve-a-kostni-drene\/informace-pro-darce-kostni-drene\/\" data-ps2id-api=\"true\"><i class=\"fa-solid fa-bone\"><\/i> Informace pro d\u00e1rce kostn\u00ed d\u0159en\u011b<\/a><\/li>\n<li id=\"menu-item-22297\" class=\"static-link menu-item menu-item-type-custom menu-item-object-custom menu-item-22297\"><a href=\"\/oddeleni\/hematologicko-transfuzni-oddeleni\/darci-krve-a-kostni-drene\/vyhody-a-oceneni\/\" data-ps2id-api=\"true\"><i class=\"fa-solid fa-award\"><\/i> V\u00fdhody a ocen\u011bn\u00ed<\/a><\/li>\n<li id=\"menu-item-22487\" class=\"static-link menu-item menu-item-type-custom menu-item-object-custom menu-item-22487\"><a href=\"\/oddeleni\/hematologicko-transfuzni-oddeleni\/darci-krve-a-kostni-drene\/dotazniky-a-dulezite-soubory\/\" data-ps2id-api=\"true\"><i class=\"fa-solid fa-clipboard-list\"><\/i> Dotazn\u00edky a d\u016fle\u017eit\u00e9 soubory<\/a><\/li>\n<\/ul><\/div><\/aside><div class=\"cl\"><\/div>\n<\/div>\n<\/div><\/div>\n<div id=\"cmsmasters_column_k7vlyuz4yq\" class=\"cmsmasters_column two_third\">\n<div class=\"cmsmasters_column_inner\"><div id=\"cmsmasters_heading_0cx4mcjjyd\" class=\"cmsmasters_heading_wrap cmsmasters_heading_align_left\">\n\t<h2 class=\"cmsmasters_heading\">Dotazn\u00edky a d\u016fle\u017eit\u00e9 soubory<\/h2>\n<\/div>\n<div id=\"cmsmasters_divider_kul4awri6m\" class=\"cmsmasters_divider cmsmasters_divider_width_short cmsmasters_divider_pos_left\"><\/div>\n<div class=\"cmsmasters_text msform-links\">\n<h5><strong>Dotazn\u00edk samovylou\u010den\u00ed<\/strong><\/h5>\n<p>Vypln\u011bn\u00edm Dotazn\u00edku samovylou\u010den\u00ed sami <span style=\"font-family: georgia, palatino, serif;\">vylou\u010d\u00edte <\/span>va\u0161i krev, kterou jste u n\u00e1s darovali, z pou\u017eit\u00ed pro pacienta. Mohla by mu toti\u017e p\u0159in\u00e9st riziko.<\/p>\n<p>Tento dotazn\u00edk je nutn\u00e9 vyplnit okam\u017eit\u011b v n\u00e1sleduj\u00edc\u00edch situac\u00edch:<\/p>\n<div>\n<ul>\n<li class=\"_1mf _1mj\" data-offset-key=\"422d5-0-0\"><span data-offset-key=\"422d5-0-0\"><b>Po odb\u011bru se zm\u011bn\u00ed v\u00e1\u0161 zdravotn\u00ed stav.<\/b> Nejrizikov\u011bj\u0161\u00edch je 72 hodin po odb\u011bru. Pokud jste 72 hodin po odb\u011bru m\u011bli vysokou teplotu, akutn\u00ed pr\u016fjem nebo jin\u00e9 dal\u0161\u00ed klinick\u00e9 projevy nemoci, nahlaste n\u00e1m to! Pot\u0159ebujeme v\u0161ak zn\u00e1t zm\u011bnu va\u0161eho zdravotn\u00edho stavu i v p\u0159\u00edpad\u011b, \u017ee se u v\u00e1s n\u011bkolik m\u011bs\u00edc\u016f po odb\u011bru diagnostikuje nap\u0159. \u017eloutenka, HIV, boreli\u00f3za, n\u00e1dorov\u00e9 onemocn\u011bn\u00ed atd.<\/span><\/li>\n<li class=\"_1mf _1mj\" data-offset-key=\"422d5-0-0\"><b>Po odb\u011bru si uv\u011bdom\u00edte<\/b>, \u017ee jste n\u00e1m opomn\u011bli \u0159\u00edct n\u011bkter\u00e9 skute\u010dnosti, kter\u00e9 mohou m\u00edt vliv na bezpe\u010dnost va\u0161\u00ed krve. Nap\u0159\u00edklad rizikov\u00e9 sexu\u00e1ln\u00ed chov\u00e1n\u00ed (styk s prostitutkou, sex za pen\u00edze, styk mezi mu\u017ei atd.), n\u00e1vrat z rizikov\u00e9 oblasti, u\u017e\u00edvan\u00e9 l\u00e9ky, \u00fazk\u00fd kontakt s nemocnou osobou, ned\u00e1vn\u00e9 tetov\u00e1n\u00ed a dal\u0161\u00ed.<\/li>\n<\/ul>\n<div class=\"\" data-block=\"true\" data-editor=\"c5d8m\" data-offset-key=\"31sfu-0-0\">\n<p class=\"_1mf _1mj\" data-offset-key=\"31sfu-0-0\">M\u00edsto vypln\u011bn\u00ed n\u00e1m m\u016f\u017eete i zavolat nebo napsat mail, ale vypln\u011bn\u00ed elektronick\u00e9ho Dotazn\u00edku samovylou\u010den\u00ed je nejrychlej\u0161\u00ed zp\u016fsob \u0159e\u0161en\u00ed, proto\u017ee informace se okam\u017eit\u011b dostane na p\u0159\u00edslu\u0161n\u00e1 m\u00edsta (i v nepracovn\u00ed dny) a to je \u017e\u00e1douc\u00ed, proto\u017ee jde o \u010das.<\/p>\n<\/div>\n<\/div>\n<p><span class=\"msform-links\"><a href=\"https:\/\/forms.office.com\/Pages\/ResponsePage.aspx?id=bI-Ow3cFk06J1lrrsH1FOL35RGQZ0URCjVhDfJcpDeFURUVUQzM0SVRDTDc4NTNTUEpDUlRVSVFJVy4u\" target=\"_blank\" rel=\"noopener\">Dotazn\u00edk samovylou\u010den\u00ed<\/a><\/span><\/p>\n<p>&nbsp;<\/p>\n<h5><strong>Pozd\u011bj\u0161\u00ed ne\u017e\u00e1douc\u00ed reakce d\u00e1rce krve po odb\u011bru<\/strong><\/h5>\n<p><span class=\"msform-links\">Odb\u011br krve nebo krevn\u00edch slo\u017eek m\u016f\u017ee vyvolat ne\u017e\u00e1douc\u00ed reakci, kter\u00e1 se projev\u00ed za n\u011bkolik hodin a\u017e dn\u00ed po va\u0161em odb\u011bru. Pokud jste v souvislosti s odb\u011brem pozoroval\/a n\u011bkter\u00fd z uveden\u00fdch jev\u016f, kter\u00fd je uveden v dotazn\u00edku Pozdn\u00ed ne\u017e\u00e1douc\u00ed reakce d\u00e1rce krve po odb\u011bru, vypl\u0148te tento dotazn\u00edk.<\/span><\/p>\n<p><span class=\"msform-links\"><a href=\"https:\/\/forms.office.com\/Pages\/ResponsePage.aspx?id=bI-Ow3cFk06J1lrrsH1FOL35RGQZ0URCjVhDfJcpDeFURjJQS1BHOEwxV0RWWFJRWFZCVVA2UzlGRS4u\" target=\"_blank\" rel=\"noopener\">Pozdn\u00ed ne\u017e\u00e1douc\u00ed reakce d\u00e1rce krve po odb\u011bru<\/a><\/span><\/p>\n<\/div>\n\n<div id=\"cmsmasters_divider_ir37lox4o\" class=\"cl\"><\/div>\n<div class=\"cmsmasters_text download-links-large\">\n<h5><strong>D\u016fle\u017eit\u00e9 soubory<\/strong><\/h5>\n<p><a href=\"\/wp-content\/uploads\/2023\/10\/Webove_objednavani_TIS.pdf\" target=\"_blank\" rel=\"noopener\">Webov\u00e9 objedn\u00e1v\u00e1n\u00ed TIS<\/a><\/p>\n<p><a href=\"\/wp-content\/uploads\/2023\/10\/F-HTO-028-Pouceni-darce-krve-1-1.pdf\" target=\"_blank\" rel=\"noopener\">Pou\u010den\u00ed d\u00e1rce krve<\/a><\/p>\n<p><a href=\"\/wp-content\/uploads\/2023\/10\/F-HTO-115-Seznam-zemi-sveta-s-odkladem-pro-darovani-krve-1.pdf\" target=\"_blank\" rel=\"noopener\">Seznam zem\u00ed a odklad pro d\u00e1rce krve po n\u00e1vratu<\/a><\/p>\n<\/div>\n<\/div><\/div>\n<\/div>\n<\/div>\n<\/div>\n<\/div>\n<\/div>\n\n","protected":false},"excerpt":{"rendered":"","protected":false},"author":1,"featured_media":17123,"parent":22251,"menu_order":0,"comment_status":"closed","ping_status":"closed","template":"","meta":{"pgc_sgb_lightbox_settings":"","footnotes":"","_links_to":"","_links_to_target":""},"categories":[277],"class_list":["post-22484","page","type-page","status-publish","has-post-thumbnail","hentry","category-darci"],"publishpress_future_action":{"enabled":false,"date":"2026-04-29 12:23:14","action":"change-status","newStatus":"draft","terms":[],"taxonomy":"category","extraData":[]},"publishpress_future_workflow_manual_trigger":{"enabledWorkflows":[]},"_links":{"self":[{"href":"https:\/\/webnemji.azurewebsites.net\/en\/wp-json\/wp\/v2\/pages\/22484","targetHints":{"allow":["GET"]}}],"collection":[{"href":"https:\/\/webnemji.azurewebsites.net\/en\/wp-json\/wp\/v2\/pages"}],"about":[{"href":"https:\/\/webnemji.azurewebsites.net\/en\/wp-json\/wp\/v2\/types\/page"}],"author":[{"embeddable":true,"href":"https:\/\/webnemji.azurewebsites.net\/en\/wp-json\/wp\/v2\/users\/1"}],"replies":[{"embeddable":true,"href":"https:\/\/webnemji.azurewebsites.net\/en\/wp-json\/wp\/v2\/comments?post=22484"}],"version-history":[{"count":0,"href":"https:\/\/webnemji.azurewebsites.net\/en\/wp-json\/wp\/v2\/pages\/22484\/revisions"}],"up":[{"embeddable":true,"href":"https:\/\/webnemji.azurewebsites.net\/en\/wp-json\/wp\/v2\/pages\/22251"}],"wp:featuredmedia":[{"embeddable":true,"href":"https:\/\/webnemji.azurewebsites.net\/en\/wp-json\/wp\/v2\/media\/17123"}],"wp:attachment":[{"href":"https:\/\/webnemji.azurewebsites.net\/en\/wp-json\/wp\/v2\/media?parent=22484"}],"wp:term":[{"taxonomy":"category","embeddable":true,"href":"https:\/\/webnemji.azurewebsites.net\/en\/wp-json\/wp\/v2\/categories?post=22484"}],"curies":[{"name":"wp","href":"https:\/\/api.w.org\/{rel}","templated":true}]}}