{"id":22577,"date":"2023-10-16T14:10:22","date_gmt":"2023-10-16T12:10:22","guid":{"rendered":"https:\/\/nemji.rs-kovarik.cz\/?page_id=22577"},"modified":"2023-10-25T08:31:06","modified_gmt":"2023-10-25T06:31:06","slug":"spektrum-pece","status":"publish","type":"page","link":"https:\/\/webnemji.azurewebsites.net\/en\/oddeleni\/hematologicko-transfuzni-oddeleni\/spektrum-pece\/","title":{"rendered":"Spectrum of provided care"},"content":{"rendered":"<div id=\"cmsmasters_row_6iluctg3hk\" class=\"cmsmasters_row cmsmasters_color_scheme_default cmsmasters_row_top_default cmsmasters_row_bot_default cmsmasters_row_boxed\">\n<div class=\"cmsmasters_row_outer_parent\">\n<div class=\"cmsmasters_row_overlay\"><\/div>\n<div class=\"cmsmasters_row_outer\">\n<div class=\"cmsmasters_row_inner\">\n<div class=\"cmsmasters_row_margin\">\n<div id=\"cmsmasters_column_sybg7he2sg\" class=\"cmsmasters_column one_first\">\n<div class=\"cmsmasters_column_inner\"><div id=\"cmsmasters_heading_b3c74b95a0\" class=\"cmsmasters_heading_wrap cmsmasters_heading_align_center pageheadingtitle\">\n\t<h1 class=\"cmsmasters_heading\">Hematologicko transfuzn\u00ed odd\u011blen\u00ed<\/h1>\n<\/div>\n<\/div><\/div>\n<\/div>\n<\/div>\n<\/div>\n<\/div>\n<\/div>\n<div id=\"cmsmasters_row_ly5ze1hf8e\" class=\"cmsmasters_row cmsmasters_color_scheme_default cmsmasters_row_top_default cmsmasters_row_bot_default cmsmasters_row_boxed\">\n<div class=\"cmsmasters_row_outer_parent\">\n<div class=\"cmsmasters_row_outer\">\n<div class=\"cmsmasters_row_inner\">\n<div class=\"cmsmasters_row_margin\">\n<div id=\"cmsmasters_column_v67ee6nvg7\" class=\"cmsmasters_column one_first\">\n<div class=\"cmsmasters_column_inner\"><div class=\"cmsmasters_text\">\n<p><nav aria-label=\"breadcrumbs\">\n            <div class=\"breadcrumb-container theme1\">\n                <ol>\n                                    <\/ol>\n            <\/div>\n        <\/nav>    <script type=\"application\/ld+json\">\n        {\n            \"@context\": \"http:\/\/schema.org\",\n            \"@type\": \"BreadcrumbList\",\n            \"itemListElement\": [\n                            ]\n        }\n    <\/script>\n   \n    <script>\n            <\/script>\n<\/p>\n<\/div>\n<\/div><\/div>\n<\/div>\n<\/div>\n<\/div>\n<\/div>\n<\/div>\n<div id=\"cmsmasters_row_3f2f8816dd\" class=\"cmsmasters_row cmsmasters_color_scheme_default cmsmasters_row_top_default cmsmasters_row_bot_default cmsmasters_row_boxed\">\n<div class=\"cmsmasters_row_outer_parent\">\n<div class=\"cmsmasters_row_outer\">\n<div class=\"cmsmasters_row_inner\">\n<div class=\"cmsmasters_row_margin\">\n<div id=\"cmsmasters_column_0a1c5940f5\" class=\"cmsmasters_column one_third stickyinfocolumn\">\n<div class=\"cmsmasters_column_inner\"><div id=\"cmsmasters_heading_rva6m2t32d\" class=\"cmsmasters_heading_wrap cmsmasters_heading_align_center\">\n\t<h3 class=\"cmsmasters_heading\">Informace o odd\u011blen\u00ed<\/h3>\n<\/div>\n<div id=\"cmsmasters_divider_dpp34mcdj5\" class=\"cmsmasters_divider cmsmasters_divider_width_short cmsmasters_divider_pos_center\"><\/div>\n<div class=\"cmsmasters_sidebar sidebar_layout_11 sidebar-custom-menu\"><aside id=\"nav_menu-12\" class=\"widget widget_nav_menu\"><div class=\"menu-oddeleni-hto-container\"><ul id=\"menu-oddeleni-hto\" class=\"menu\"><li id=\"menu-item-18340\" class=\"menu-item menu-item-type-custom menu-item-object-custom menu-item-18340\"><a href=\"\/oddeleni\/hematologicko-transfuzni-oddeleni\/#popis-oddeleni\" data-ps2id-api=\"true\"><i class=\"fa-solid fa-info\"><\/i> Popis odd\u011blen\u00ed<\/a><\/li>\n<li id=\"menu-item-18341\" class=\"menu-item menu-item-type-custom menu-item-object-custom menu-item-18341\"><a href=\"\/oddeleni\/hematologicko-transfuzni-oddeleni\/#personalni-obsazeni\" data-ps2id-api=\"true\"><i class=\"fa-solid fa-user-doctor\"><\/i> Person\u00e1ln\u00ed obsazen\u00ed<\/a><\/li>\n<li id=\"menu-item-18342\" class=\"menu-item menu-item-type-custom menu-item-object-custom menu-item-18342\"><a href=\"\/oddeleni\/hematologicko-transfuzni-oddeleni\/#oteviraci-hodiny\" data-ps2id-api=\"true\"><i class=\"fa-regular fa-clock\"><\/i> Ordina\u010dn\u00ed hodiny<\/a><\/li>\n<li id=\"menu-item-18343\" class=\"menu-item menu-item-type-custom menu-item-object-custom menu-item-18343\"><a href=\"\/oddeleni\/hematologicko-transfuzni-oddeleni\/#kontaktni-informace\" data-ps2id-api=\"true\"><i class=\"fa-solid fa-phone\"><\/i> Kontaktn\u00ed informace<\/a><\/li>\n<li id=\"menu-item-18344\" class=\"menu-item menu-item-type-custom menu-item-object-custom menu-item-18344\"><a href=\"\/oddeleni\/hematologicko-transfuzni-oddeleni\/#kde-nas-najdete\" data-ps2id-api=\"true\"><i class=\"fa-solid fa-location-dot\"><\/i> Kde n\u00e1s najdete<\/a><\/li>\n<li id=\"menu-item-18345\" class=\"menu-item menu-item-type-custom menu-item-object-custom menu-item-18345\"><a href=\"\/oddeleni\/hematologicko-transfuzni-oddeleni\/#fotogalerie\" data-ps2id-api=\"true\"><i class=\"fa-solid fa-camera\"><\/i> Fotogalerie<\/a><\/li>\n<li id=\"menu-item-18346\" class=\"menu-custom-separator menu-item menu-item-type-custom menu-item-object-custom menu-item-18346\"><hr class=\"mhm-menu-separator\"><\/li>\n<li id=\"menu-item-23007\" class=\"static-link menu-item menu-item-type-custom menu-item-object-custom menu-item-23007\"><a href=\"\/oddeleni\/hematologicko-transfuzni-oddeleni\/hematologicka-ambulance\/\" data-ps2id-api=\"true\"><i class=\"fa-solid fa-house-medical\"><\/i> Ambulance<\/a><\/li>\n<li id=\"menu-item-18349\" class=\"static-link menu-item menu-item-type-custom menu-item-object-custom menu-item-18349\"><a href=\"\/oddeleni\/hematologicko-transfuzni-oddeleni\/Odberova-mistnost\/\" data-ps2id-api=\"true\"><i class=\"fa-solid fa-syringe\"><\/i> Odb\u011brov\u00e1 m\u00edstnost<\/a><\/li>\n<li id=\"menu-item-18347\" class=\"static-link menu-item menu-item-type-custom menu-item-object-custom menu-item-18347\"><a href=\"\/oddeleni\/hematologicko-transfuzni-oddeleni\/spektrum-pece\/\" data-ps2id-api=\"true\"><i class=\"fa-solid fa-stethoscope\"><\/i> Spektrum p\u00e9\u010de<\/a><\/li>\n<li id=\"menu-item-24852\" class=\"static-link menu-item menu-item-type-custom menu-item-object-custom menu-item-24852\"><a href=\"\/oddeleni\/hematologicko-transfuzni-oddeleni\/laboratorni-prirucky-a-zadanky\/\" data-ps2id-api=\"true\"><i class=\"fa-solid fa-paste\"><\/i> Laboratorn\u00ed p\u0159\u00edru\u010dky a \u017e\u00e1danky<\/a><\/li>\n<li id=\"menu-item-22975\" class=\"static-link menu-item menu-item-type-custom menu-item-object-custom menu-item-22975\"><a href=\"\/oddeleni\/hematologicko-transfuzni-oddeleni\/objednavka-transfuznich-pripravku\/\" data-ps2id-api=\"true\"><i class=\"fa-solid fa-clipboard-list\"><\/i> Objedn\u00e1vka transfuzn\u00edch p\u0159\u00edpravk\u016f<\/a><\/li>\n<li id=\"menu-item-22695\" class=\"menu-item menu-item-type-custom menu-item-object-custom menu-item-22695\"><a href=\"\/oddeleni\/hematologicko-transfuzni-oddeleni\/darci-krve-a-kostni-drene\/\" data-ps2id-api=\"true\"><i class=\"fa-solid fa-droplet\"><\/i>D\u00e1rci krve a kostn\u00ed d\u0159en\u011b<\/a><\/li>\n<\/ul><\/div><\/aside><div class=\"cl\"><\/div>\n<\/div>\n<\/div><\/div>\n<div id=\"cmsmasters_column_k7vlyuz4yq\" class=\"cmsmasters_column two_third\">\n<div class=\"cmsmasters_column_inner\"><div id=\"cmsmasters_heading_0cx4mcjjyd\" class=\"cmsmasters_heading_wrap cmsmasters_heading_align_left\">\n\t<h2 class=\"cmsmasters_heading\">\u010clen\u011bn\u00ed HTO<\/h2>\n<\/div>\n<div id=\"cmsmasters_divider_kul4awri6m\" class=\"cmsmasters_divider cmsmasters_divider_width_short cmsmasters_divider_pos_left\"><\/div>\n<div class=\"cmsmasters_text\">\n<style type=\"text\/css\"><\/style><section id='' \n                class='helpie-faq accordions groupSettings-286__enabled' \n                data-collection='' \n                data-pagination='0' \n                data-search='0' \n                data-pagination-enabled='0'\n                role='region'\n                aria-label='FAQ Section'\n                aria-live='polite'><form class=\"search\" onSubmit=\"return false;\"><div class=\"search__wrapper\"><input type=\"text\" class=\"search__input\" aria-label=\"Search\" role=\"searchbox\" placeholder=\"Vyhledat\"><span class=\"search__icon\"><svg class=\"svg-icon--search\" role=\"img\" xmlns=\"http:\/\/www.w3.org\/2000\/svg\" viewBox=\"0 0 22 22\">\r\n                        <g fill=\"none\" stroke=\"#171717\">\r\n                            <path stroke-linecap=\"square\" stroke-width=\"2\" d=\"M18.5 18.3l-5.4-5.4\"\/>\r\n                            <circle cx=\"8\" cy=\"8\" r=\"7\" stroke-width=\"2\"\/>\r\n                        <\/g>\r\n                    <\/svg><\/span><\/div><div class=\"search__message\"><\/div><\/form><article class=\"accordion \"><div class='helpie-faq-row'><div class='helpie-faq-col helpie-faq-col-12' ><ul><li class=\"accordion__item \"><div class=\"accordion__header \" \r\n                id=\"accordion-header-post-22626\"\r\n                role=\"button\"\r\n                aria-expanded=\"false\"\r\n                aria-controls=\"accordion-content-post-22626\"\r\n                data-id=\"post-22626\" \r\n                data-item=\"hfaq-post-22626\" \r\n                style=\"background:transparent;\" \r\n                data-tags=\"\"\r\n                tabindex=\"0\"><div class=\"accordion__title\">Hematologick\u00e1 laborato\u0159<\/div><\/div><div id=\"accordion-content-post-22626\" \r\n                class=\"accordion__body\" \r\n                role=\"region\"\r\n                aria-labelledby=\"accordion-header-post-22626\"\r\n                style=\"background:transparent;\"><p>Prov\u00e1d\u00ed standardn\u00ed morfologick\u00e1 hematologick\u00e1 vy\u0161et\u0159en\u00ed, vy\u0161et\u0159en\u00ed hemokoagula\u010dn\u00ed a cytologick\u00e1. V\u0161echna vy\u0161et\u0159en\u00ed v\u010detn\u011b jejich objedn\u00e1n\u00ed jsou pops\u00e1na v laboratorn\u00ed p\u0159\u00edru\u010dce.<\/p>\n<p><a class=\"download-links-small-faq\" href=\"\/wp-content\/uploads\/2023\/10\/006-Laboratorni-prirucka-HTO-VERZE-8.pdf\" target=\"_blank\" rel=\"noopener\">Laboratorn\u00ed p\u0159\u00edru\u010dka HTO<\/a><\/p>\n<\/div><\/li><li class=\"accordion__item \"><div class=\"accordion__header \" \r\n                id=\"accordion-header-post-22627\"\r\n                role=\"button\"\r\n                aria-expanded=\"false\"\r\n                aria-controls=\"accordion-content-post-22627\"\r\n                data-id=\"post-22627\" \r\n                data-item=\"hfaq-post-22627\" \r\n                style=\"background:transparent;\" \r\n                data-tags=\"\"\r\n                tabindex=\"0\"><div class=\"accordion__title\">Hematologick\u00e1 ambulance<\/div><\/div><div id=\"accordion-content-post-22627\" \r\n                class=\"accordion__body\" \r\n                role=\"region\"\r\n                aria-labelledby=\"accordion-header-post-22627\"\r\n                style=\"background:transparent;\"><p>Zab\u00fdv\u00e1 se diagnostikou, l\u00e9\u010dbou a dispenzarizac\u00ed nemocn\u00fdch s hematologick\u00fdmi, hematoonkologick\u00fdmi chorobami a poruchami hemost\u00e1zy. Je zde zaji\u0161t\u011bna standardn\u00ed hematologick\u00e1 p\u00e9\u010de, v\u010detn\u011b aplikac\u00ed transfuzn\u00edch p\u0159\u00edpravk\u016f a krevn\u00edch deriv\u00e1t\u016f. Rozsah prov\u00e1d\u011bn\u00fdch v\u00fdkon\u016f, dostupnost slu\u017eeb a person\u00e1ln\u00ed obsazen\u00ed tohoto pracovi\u0161t\u011b spl\u0148uje po\u017eadavky stanoven\u00e9 hematologickou spole\u010dnost\u00ed pro standardn\u00ed hematologickou ambulanci. V p\u0159\u00edpad\u011b pot\u0159eby jsou pacienti, kte\u0159\u00ed nevy\u017eaduj\u00ed intenzivn\u00ed p\u00e9\u010di, hospitalizov\u00e1ni na intern\u00edm nebo radioterapeutick\u00e9m odd\u011blen\u00ed Nemocnice Jihlava. L\u00e9ka\u0159i pracuj\u00edc\u00ed na ambulanci zaji\u0161\u0165uj\u00ed konzili\u00e1rn\u00ed vy\u0161et\u0159en\u00ed pro nemocnici v oblasti hematologick\u00e9 problematiky. <a href=\"\/oddeleni\/hematologicko-transfuzni-oddeleni\/ambulance\/\"><span style=\"text-decoration: underline\"><strong>Ordina\u010dn\u00ed hodiny na ambulanci<\/strong><\/span><\/a>.\u00a0 Diagnostika a l\u00e9\u010dba krevn\u00edch chorob vy\u017eaduj\u00edc\u00ed intenzivn\u00ed hematologickou p\u00e9\u010di, v\u010detn\u011b transplantace kostn\u00ed d\u0159en\u011b a perifern\u00edch kmenov\u00fdch bun\u011bk a l\u00e9\u010dby komplikovan\u00fdch poruch hemost\u00e1zy je prov\u00e1d\u011bna po domluv\u011b ve vysoce specializovan\u00fdch hematoonkologick\u00fdch pracovi\u0161t\u00edch. Pro pacienty\u00a0\u00a0z na\u0161\u00ed sp\u00e1dov\u00e9 oblasti jsou jimi zpravidla II. intern\u00ed hematoonkologick\u00e1 klinika a odd\u011blen\u00ed klinick\u00e9 hematologie FN Brno \u2013 Bohunice. Person\u00e1l trvale sleduje a aplikuje nov\u00e9 metody v diagnostice a l\u00e9\u010db\u011b v\u00fd\u0161e uveden\u00fdch onemocn\u011bn\u00ed.<\/p>\n<\/div><\/li><li class=\"accordion__item \"><div class=\"accordion__header \" \r\n                id=\"accordion-header-post-22628\"\r\n                role=\"button\"\r\n                aria-expanded=\"false\"\r\n                aria-controls=\"accordion-content-post-22628\"\r\n                data-id=\"post-22628\" \r\n                data-item=\"hfaq-post-22628\" \r\n                style=\"background:transparent;\" \r\n                data-tags=\"\"\r\n                tabindex=\"0\"><div class=\"accordion__title\">Odb\u011brov\u00e9 st\u0159edisko<\/div><\/div><div id=\"accordion-content-post-22628\" \r\n                class=\"accordion__body\" \r\n                role=\"region\"\r\n                aria-labelledby=\"accordion-header-post-22628\"\r\n                style=\"background:transparent;\"><p><span class=\"ui-provider a b c d e f g h i j k l m n o p q r s t u v w x y z ab ac ae af ag ah ai aj ak\" dir=\"ltr\">Transfuzn\u00ed stanice Nemocnice Jihlava funguje v\u00a0re\u017eimu odb\u011brov\u00e9ho st\u0159ediska. To znamen\u00e1, \u017ee ve\u0161ker\u00e1 odebran\u00e1 pln\u00e1 krev od d\u00e1rc\u016f je odv\u00e1\u017eena ke zpracovateli. Zde jsou z\u00a0krve vyr\u00e1b\u011bny ve\u0161ker\u00e9 transfuzn\u00ed p\u0159\u00edpravky. Do Nemocnice Jihlava putuje zp\u011bt pouze takov\u00e9 mno\u017estv\u00ed transfuzn\u00edch p\u0159\u00edpravk\u016f, kter\u00e9 je v\u00a0nemocnici spot\u0159ebov\u00e1no. Na odb\u011brov\u00e9m st\u0159edisku prob\u00edhaj\u00ed p\u0159edev\u0161\u00edm alogenn\u00ed odb\u011bry pln\u00e9 krve. Nab\u00edz\u00edme mo\u017enost i autologn\u00edch odb\u011br\u016f pro pacienty s\u00a0pl\u00e1novan\u00fdm opera\u010dn\u00edm v\u00fdkonem.<\/span><\/p>\n<\/div><\/li><li class=\"accordion__item \"><div class=\"accordion__header \" \r\n                id=\"accordion-header-post-22633\"\r\n                role=\"button\"\r\n                aria-expanded=\"false\"\r\n                aria-controls=\"accordion-content-post-22633\"\r\n                data-id=\"post-22633\" \r\n                data-item=\"hfaq-post-22633\" \r\n                style=\"background:transparent;\" \r\n                data-tags=\"\"\r\n                tabindex=\"0\"><div class=\"accordion__title\">Krevn\u00ed banka<\/div><\/div><div id=\"accordion-content-post-22633\" \r\n                class=\"accordion__body\" \r\n                role=\"region\"\r\n                aria-labelledby=\"accordion-header-post-22633\"\r\n                style=\"background:transparent;\"><p><span class=\"ui-provider a b c d e f g h i j k l m n o p q r s t u v w x y z ab ac ae af ag ah ai aj ak\" dir=\"ltr\">Zde jsou dle platn\u00fdch p\u0159edpis\u016f ve\u0161ker\u00e9 transfuzn\u00ed p\u0159\u00edpravky skladov\u00e1ny a v\u00a0p\u0159\u00edpad\u011b pot\u0159eby vyd\u00e1v\u00e1ny na jednotliv\u00e1 odd\u011blen\u00ed nemocnice pro konkr\u00e9tn\u00ed pacienty. Krevn\u00ed banka sleduje spot\u0159ebu jednotliv\u00fdch transfuzn\u00edch p\u0159\u00edpravk\u016f, kter\u00e1 je v\u017edy ovlivn\u011bna aktu\u00e1ln\u00ed situac\u00ed a skladbou pacient\u016f v\u00a0na\u0161\u00ed nemocnici. Na z\u00e1kladn\u011b t\u011bchto informac\u00ed pak prov\u00e1d\u00ed objedn\u00e1vku transfuzn\u00edch p\u0159\u00edpravk\u016f u zpracovatele. Likvidace transfuzn\u00edch p\u0159\u00edpravk\u016f v\u00a0na\u0161\u00ed nemocnici z\u00a0d\u016fvodu p\u0159ekro\u010den\u00ed doby trvanlivosti je tedy t\u00e9m\u011b\u0159 nulov\u00e1 a krv\u00ed na\u0161ich d\u00e1rc\u016f se tak nepl\u00fdtv\u00e1.<\/span><\/p>\n<\/div><\/li><\/ul><\/div><\/div><\/article><\/section>\n<\/div>\n<\/div><\/div>\n<\/div>\n<\/div>\n<\/div>\n<\/div>\n<\/div>\n<div id=\"cmsmasters_row_4kb0apw7ag\" class=\"cmsmasters_row cmsmasters_color_scheme_default cmsmasters_row_top_default cmsmasters_row_bot_default cmsmasters_row_boxed\">\n<div class=\"cmsmasters_row_outer_parent\">\n<div class=\"cmsmasters_row_outer\">\n<div class=\"cmsmasters_row_inner\">\n<div class=\"cmsmasters_row_margin\">\n<div id=\"cmsmasters_column_nwwitfqy0a\" class=\"cmsmasters_column one_first\">\n<div class=\"cmsmasters_column_inner\"><\/div><\/div>\n<\/div>\n<\/div>\n<\/div>\n<\/div>\n<\/div>\n\n","protected":false},"excerpt":{"rendered":"","protected":false},"author":5,"featured_media":17123,"parent":18338,"menu_order":0,"comment_status":"closed","ping_status":"closed","template":"","meta":{"pgc_sgb_lightbox_settings":"","footnotes":"","_links_to":"","_links_to_target":""},"categories":[85],"class_list":["post-22577","page","type-page","status-publish","has-post-thumbnail","hentry","category-page-oddeleni"],"publishpress_future_action":{"enabled":false,"date":"2026-04-22 04:29:35","action":"change-status","newStatus":"draft","terms":[],"taxonomy":"category","extraData":[]},"publishpress_future_workflow_manual_trigger":{"enabledWorkflows":[]},"_links":{"self":[{"href":"https:\/\/webnemji.azurewebsites.net\/en\/wp-json\/wp\/v2\/pages\/22577","targetHints":{"allow":["GET"]}}],"collection":[{"href":"https:\/\/webnemji.azurewebsites.net\/en\/wp-json\/wp\/v2\/pages"}],"about":[{"href":"https:\/\/webnemji.azurewebsites.net\/en\/wp-json\/wp\/v2\/types\/page"}],"author":[{"embeddable":true,"href":"https:\/\/webnemji.azurewebsites.net\/en\/wp-json\/wp\/v2\/users\/5"}],"replies":[{"embeddable":true,"href":"https:\/\/webnemji.azurewebsites.net\/en\/wp-json\/wp\/v2\/comments?post=22577"}],"version-history":[{"count":0,"href":"https:\/\/webnemji.azurewebsites.net\/en\/wp-json\/wp\/v2\/pages\/22577\/revisions"}],"up":[{"embeddable":true,"href":"https:\/\/webnemji.azurewebsites.net\/en\/wp-json\/wp\/v2\/pages\/18338"}],"wp:featuredmedia":[{"embeddable":true,"href":"https:\/\/webnemji.azurewebsites.net\/en\/wp-json\/wp\/v2\/media\/17123"}],"wp:attachment":[{"href":"https:\/\/webnemji.azurewebsites.net\/en\/wp-json\/wp\/v2\/media?parent=22577"}],"wp:term":[{"taxonomy":"category","embeddable":true,"href":"https:\/\/webnemji.azurewebsites.net\/en\/wp-json\/wp\/v2\/categories?post=22577"}],"curies":[{"name":"wp","href":"https:\/\/api.w.org\/{rel}","templated":true}]}}