{"id":22676,"date":"2023-10-17T09:13:39","date_gmt":"2023-10-17T07:13:39","guid":{"rendered":"https:\/\/nemji.rs-kovarik.cz\/?page_id=22676"},"modified":"2024-04-19T07:54:24","modified_gmt":"2024-04-19T05:54:24","slug":"ambulance-nutricniho-poradenstvi","status":"publish","type":"page","link":"https:\/\/webnemji.azurewebsites.net\/en\/oddeleni\/oddeleni-lecebne-vyzivy-a-stravovani\/ambulance-nutricniho-poradenstvi\/","title":{"rendered":"Nutrition counselling clinic"},"content":{"rendered":"<div id=\"cmsmasters_row_6iluctg3hk\" class=\"cmsmasters_row cmsmasters_color_scheme_default cmsmasters_row_top_default cmsmasters_row_bot_default cmsmasters_row_boxed\">\n<div class=\"cmsmasters_row_outer_parent\">\n<div class=\"cmsmasters_row_overlay\"><\/div>\n<div class=\"cmsmasters_row_outer\">\n<div class=\"cmsmasters_row_inner\">\n<div class=\"cmsmasters_row_margin\">\n<div id=\"cmsmasters_column_sybg7he2sg\" class=\"cmsmasters_column one_first\">\n<div class=\"cmsmasters_column_inner\"><div id=\"cmsmasters_heading_b3c74b95a0\" class=\"cmsmasters_heading_wrap cmsmasters_heading_align_center pageheadingtitle\">\n\t<h1 class=\"cmsmasters_heading\">Odd\u011blen\u00ed l\u00e9\u010debn\u00e9 v\u00fd\u017eivy a stravov\u00e1n\u00ed (OLVS)<\/h1>\n<\/div>\n<\/div><\/div>\n<\/div>\n<\/div>\n<\/div>\n<\/div>\n<\/div>\n<div id=\"cmsmasters_row_ly5ze1hf8e\" class=\"cmsmasters_row cmsmasters_color_scheme_default cmsmasters_row_top_default cmsmasters_row_bot_default cmsmasters_row_boxed\">\n<div class=\"cmsmasters_row_outer_parent\">\n<div class=\"cmsmasters_row_outer\">\n<div class=\"cmsmasters_row_inner\">\n<div class=\"cmsmasters_row_margin\">\n<div id=\"cmsmasters_column_v67ee6nvg7\" class=\"cmsmasters_column one_first\">\n<div class=\"cmsmasters_column_inner\"><div class=\"cmsmasters_text\">\n<p><nav aria-label=\"breadcrumbs\">\n            <div class=\"breadcrumb-container theme1\">\n                <ol>\n                                    <\/ol>\n            <\/div>\n        <\/nav>    <script type=\"application\/ld+json\">\n        {\n            \"@context\": \"http:\/\/schema.org\",\n            \"@type\": \"BreadcrumbList\",\n            \"itemListElement\": [\n                            ]\n        }\n    <\/script>\n   \n    <script>\n            <\/script>\n<\/p>\n<\/div>\n<\/div><\/div>\n<\/div>\n<\/div>\n<\/div>\n<\/div>\n<\/div>\n<div id=\"cmsmasters_row_3f2f8816dd\" class=\"cmsmasters_row cmsmasters_color_scheme_default cmsmasters_row_top_default cmsmasters_row_bot_default cmsmasters_row_boxed\">\n<div class=\"cmsmasters_row_outer_parent\">\n<div class=\"cmsmasters_row_outer\">\n<div class=\"cmsmasters_row_inner\">\n<div class=\"cmsmasters_row_margin\">\n<div id=\"cmsmasters_column_0a1c5940f5\" class=\"cmsmasters_column one_third stickyinfocolumn\">\n<div class=\"cmsmasters_column_inner\"><div id=\"cmsmasters_heading_rva6m2t32d\" class=\"cmsmasters_heading_wrap cmsmasters_heading_align_center\">\n\t<h3 class=\"cmsmasters_heading\">Informace o odd\u011blen\u00ed<\/h3>\n<\/div>\n<div id=\"cmsmasters_divider_dpp34mcdj5\" class=\"cmsmasters_divider cmsmasters_divider_width_short cmsmasters_divider_pos_center\"><\/div>\n<div class=\"cmsmasters_sidebar sidebar_layout_11 sidebar-custom-menu\"><aside id=\"nav_menu-31\" class=\"widget widget_nav_menu\"><div class=\"menu-oddeleni-olvs-container\"><ul id=\"menu-oddeleni-olvs\" class=\"menu\"><li id=\"menu-item-22567\" class=\"menu-item menu-item-type-custom menu-item-object-custom menu-item-22567\"><a href=\"\/oddeleni\/oddeleni-lecebne-vyzivy-a-stravovani\/#popis-oddeleni\" data-ps2id-api=\"true\"><i class=\"fa-solid fa-info\"><\/i> Popis odd\u011blen\u00ed<\/a><\/li>\n<li id=\"menu-item-22568\" class=\"menu-item menu-item-type-custom menu-item-object-custom menu-item-22568\"><a href=\"\/oddeleni\/oddeleni-lecebne-vyzivy-a-stravovani\/#personalni-obsazeni\" data-ps2id-api=\"true\"><i class=\"fa-solid fa-user-doctor\"><\/i> Person\u00e1ln\u00ed obsazen\u00ed<\/a><\/li>\n<li id=\"menu-item-22569\" class=\"menu-item menu-item-type-custom menu-item-object-custom menu-item-22569\"><a href=\"\/oddeleni\/oddeleni-lecebne-vyzivy-a-stravovani\/#oteviraci-hodiny\" data-ps2id-api=\"true\"><i class=\"fa-regular fa-clock\"><\/i> Otev\u00edrac\u00ed hodiny<\/a><\/li>\n<li id=\"menu-item-22570\" class=\"menu-item menu-item-type-custom menu-item-object-custom menu-item-22570\"><a href=\"\/oddeleni\/oddeleni-lecebne-vyzivy-a-stravovani\/#kontaktni-informace\" data-ps2id-api=\"true\"><i class=\"fa-solid fa-phone\"><\/i> Kontaktn\u00ed informace<\/a><\/li>\n<li id=\"menu-item-22571\" class=\"menu-item menu-item-type-custom menu-item-object-custom menu-item-22571\"><a href=\"\/oddeleni\/oddeleni-lecebne-vyzivy-a-stravovani\/#kde-nas-najdete\" data-ps2id-api=\"true\"><i class=\"fa-solid fa-location-dot\"><\/i> Kde n\u00e1s najdete<\/a><\/li>\n<li id=\"menu-item-22572\" class=\"menu-item menu-item-type-custom menu-item-object-custom menu-item-22572\"><a href=\"\/oddeleni\/oddeleni-lecebne-vyzivy-a-stravovani\/#fotogalerie\" data-ps2id-api=\"true\"><i class=\"fa-solid fa-camera\"><\/i> Fotogalerie<\/a><\/li>\n<li id=\"menu-item-22573\" class=\"menu-custom-separator menu-item menu-item-type-custom menu-item-object-custom menu-item-22573\"><hr class=\"mhm-menu-separator\"><\/li>\n<li id=\"menu-item-22574\" class=\"static-link menu-item menu-item-type-custom menu-item-object-custom menu-item-22574\"><a href=\"\/oddeleni\/oddeleni-lecebne-vyzivy-a-stravovani\/ambulance-nutricniho-poradenstvi\/\" data-ps2id-api=\"true\"><i class=\"fa-solid fa-wheat-awn-circle-exclamation\"><\/i> Ambulance nutri\u010dn\u00edho poradenstv\u00ed<\/a><\/li>\n<li id=\"menu-item-22578\" class=\"static-link menu-item menu-item-type-custom menu-item-object-custom menu-item-22578\"><a href=\"\/oddeleni\/oddeleni-lecebne-vyzivy-a-stravovani\/externi-stravovani\/\" data-ps2id-api=\"true\"><i class=\"fa-solid fa-utensils\"><\/i> Extern\u00ed stravov\u00e1n\u00ed<\/a><\/li>\n<\/ul><\/div><\/aside><div class=\"cl\"><\/div>\n<\/div>\n<\/div><\/div>\n<div id=\"cmsmasters_column_k7vlyuz4yq\" class=\"cmsmasters_column two_third\">\n<div class=\"cmsmasters_column_inner\"><div id=\"cmsmasters_heading_0cx4mcjjyd\" class=\"cmsmasters_heading_wrap cmsmasters_heading_align_left\">\n\t<h2 class=\"cmsmasters_heading\">Ambulance nutri\u010dn\u00edho poradenstv\u00ed<\/h2>\n<\/div>\n<div id=\"cmsmasters_divider_kul4awri6m\" class=\"cmsmasters_divider cmsmasters_divider_width_short cmsmasters_divider_pos_left\"><\/div>\n<div class=\"cmsmasters_text\">\n<p>Slu\u017eby nutri\u010dn\u00ed terapeutky jsou vhodn\u00e9 pro v\u0161echny, kte\u0159\u00ed cht\u011bj\u00ed poradit se stravov\u00e1n\u00edm a \u00fapravou \u017eivotn\u00edch n\u00e1vyk\u016f, aby mohli ovlivnit v\u00fdvoj sv\u00e9 nemoci \u010di zdrav\u00ed.<br \/>\nAmbulance nutri\u010dn\u00edho poradenstv\u00ed se prim\u00e1rn\u011b zam\u011b\u0159uje na l\u00e9\u010debnou v\u00fd\u017eivu dosp\u011bl\u00fdch p\u0159i t\u011bchto onemocn\u011bn\u00edch:<\/p>\n<ul>\n<li>Podv\u00fd\u017eiva.<\/li>\n<li>Obezita.<\/li>\n<li>Onemocn\u011bn\u00ed gastrointestin\u00e1ln\u00edho (tr\u00e1v\u00edc\u00edho) traktu.<\/li>\n<li>Potravinov\u00e9 alergie a intolerance (nap\u0159. histaminov\u00e1 intoleranci, lakt\u00f3zov\u00e1 intolerance, &#8230;).<\/li>\n<li>Diabetes mellitus a jin\u00e1 metabolick\u00e1 onemocn\u011bn\u00ed.<\/li>\n<li>Onemocn\u011bn\u00ed ledvin.<\/li>\n<li>Kardiovaskul\u00e1rn\u00ed onemocn\u011bn\u00ed.<\/li>\n<li>Onkologick\u00e9 onemocn\u011bn\u00ed.<\/li>\n<\/ul>\n<p>&nbsp;<\/p>\n<h5><strong>Nutri\u010dn\u00ed terapeutka V\u00e1m d\u00e1le porad\u00ed jak:<\/strong><\/h5>\n<ul>\n<li>Upravit stravu, aby do\u0161lo ke zlep\u0161en\u00ed va\u0161\u00ed nemoci \u010di podpo\u0159en\u00ed va\u0161\u00ed l\u00e9\u010dby.<\/li>\n<li>Upravit stravu a \u017eivotn\u00ed styl tak, abyste mohli p\u0159edch\u00e1zet onemocn\u011bn\u00edm, kter\u00e1 souvis\u00ed s nadv\u00e1hou a nespr\u00e1vnou v\u00fd\u017eivou.<\/li>\n<li>Porad\u00edme v\u00e1m se v\u0161\u00edm, co v\u00e1s zaj\u00edm\u00e1 ve sportovn\u00ed v\u00fd\u017eiv\u011b, v\u00fd\u017eiv\u011b d\u011bt\u00ed, senior\u016f \u2026.<\/li>\n<li>Pro\u0161kol\u00edme i rodinn\u00e9 p\u0159\u00edslu\u0161n\u00edky pacienta.<\/li>\n<\/ul>\n<p>Nab\u00edz\u00edme profesion\u00e1ln\u00ed, ale zejm\u00e9na lidsk\u00fd p\u0159\u00edstup.<\/p>\n<p>Nutri\u010dn\u00ed poradenstv\u00ed je na z\u00e1klad\u011b \u017e\u00e1danky od l\u00e9ka\u0159e hrazeno zdravotn\u00ed poji\u0161\u0165ovnou. Bez \u017e\u00e1danky od l\u00e9ka\u0159e si vy\u0161et\u0159en\u00ed hrad\u00ed pacienti sami, dle dan\u00e9ho cen\u00edku.<\/p>\n<p>Samotn\u00e9 vy\u0161et\u0159en\u00ed se zam\u011b\u0159uje na anal\u00fdzu nutri\u010dn\u00edho stavu pacienta, jeho stravovac\u00edch zvyklost\u00ed a individu\u00e1ln\u00edch nutri\u010dn\u00edch pot\u0159eb s n\u00e1sledn\u00fdm doporu\u010den\u00edm vhodn\u00e9ho stravovac\u00edho re\u017eimu nebo sestaven\u00edm nutri\u010dn\u00edho pl\u00e1nu.<br \/>\nPacienti maj\u00ed mo\u017enost kontroln\u00edch n\u00e1v\u0161t\u011bv, kdy je zhodnocena efektivita doporu\u010den\u00ed dietoterapeutick\u00e9ho re\u017eimu, reedukace nedostatk\u016f nebo rezerv v nastaven\u00e9m re\u017eimu.<br \/>\nC\u00edlen\u00e1, odborn\u011b veden\u00e1 edukace ve spolupr\u00e1ci s pacientem p\u0159in\u00e1\u0161\u00ed v\u00fdsledky nejen v podob\u011b zlep\u0161en\u00ed zdravotn\u00edho stavu pacienta, ale i zpomalen\u00ed progrese onemocn\u011bn\u00ed a zlep\u0161en\u00ed kvality \u017eivota.<\/p>\n<\/div>\n<div class=\"cmsmasters_text download-links-small\">\n<p><a href=\"\/wp-content\/uploads\/2023\/10\/Edukacni-centrum-cenik-.doc\">Eduka\u010dn\u00ed centrum cen\u00edk<\/a><\/p>\n<\/div>\n<div class=\"cmsmasters_text\">\n<h5><\/h5>\n<h5><strong>Syst\u00e9m objedn\u00e1v\u00e1n\u00ed:<\/strong><\/h5>\n<p>Objednat se m\u016f\u017eete <strong>v pracovn\u00ed dny<\/strong> na telefonn\u00edm \u010d\u00edsle <a href=\"tel:+420567157838\"><strong>+420 567 157 838<\/strong><\/a> v \u010dase 13:00-15:00.<br \/>\nNa stejn\u00e9m telefonn\u00edm \u010d\u00edsle provedete i p\u0159eobjedn\u00e1n\u00ed, eventu\u00e1ln\u011b zru\u0161en\u00ed n\u00e1v\u0161t\u011bvy v Ambulanci nutri\u010dn\u00edho poradenstv\u00ed. N\u00e1hradn\u00ed term\u00edn V\u00e1m bude poskytnut dle voln\u00e9 kapacity poradny.<br \/>\nV\u010dasn\u00fdm zru\u0161en\u00edm objednan\u00e9ho term\u00ednu projev\u00edte ohleduplnost k jin\u00fdm pacient\u016fm, nebo\u0165 jinak z\u016fstane term\u00edn zbyte\u010dn\u011b zablokov\u00e1n.<\/p>\n<p>&nbsp;<\/p>\n<h5><strong>Ordina\u010dn\u00ed hodiny:<\/strong><\/h5>\n<p style=\"padding-left: 40px;\">Pond\u011bl\u00ed: 8:00 &#8211; 12:00<br \/>\nSt\u0159eda:\u00a0 \u00a08:00 &#8211; 12:00<\/p>\n<p>Ambulance nutri\u010dn\u00edho poradenstv\u00ed se nach\u00e1z\u00ed v Nemocnici Jihlava v <strong>pavilonu J<\/strong>, vstup j\u00eddelna zam\u011bstnanc\u016f.<\/p>\n<p>&nbsp;<\/p>\n<p>C\u00edlem na\u0161ich slu\u017eeb je pomoci zlep\u0161it, udr\u017eet nebo podporovat zdrav\u00ed pacienta.<\/p>\n<\/div>\n<\/div><\/div>\n<\/div>\n<\/div>\n<\/div>\n<\/div>\n<\/div>\n\n","protected":false},"excerpt":{"rendered":"","protected":false},"author":1,"featured_media":17131,"parent":22243,"menu_order":0,"comment_status":"closed","ping_status":"closed","template":"","meta":{"pgc_sgb_lightbox_settings":"","footnotes":"","_links_to":"","_links_to_target":""},"categories":[85],"class_list":["post-22676","page","type-page","status-publish","has-post-thumbnail","hentry","category-page-oddeleni"],"publishpress_future_action":{"enabled":false,"date":"2026-05-05 10:39:30","action":"change-status","newStatus":"draft","terms":[],"taxonomy":"category","extraData":[]},"publishpress_future_workflow_manual_trigger":{"enabledWorkflows":[]},"_links":{"self":[{"href":"https:\/\/webnemji.azurewebsites.net\/en\/wp-json\/wp\/v2\/pages\/22676","targetHints":{"allow":["GET"]}}],"collection":[{"href":"https:\/\/webnemji.azurewebsites.net\/en\/wp-json\/wp\/v2\/pages"}],"about":[{"href":"https:\/\/webnemji.azurewebsites.net\/en\/wp-json\/wp\/v2\/types\/page"}],"author":[{"embeddable":true,"href":"https:\/\/webnemji.azurewebsites.net\/en\/wp-json\/wp\/v2\/users\/1"}],"replies":[{"embeddable":true,"href":"https:\/\/webnemji.azurewebsites.net\/en\/wp-json\/wp\/v2\/comments?post=22676"}],"version-history":[{"count":0,"href":"https:\/\/webnemji.azurewebsites.net\/en\/wp-json\/wp\/v2\/pages\/22676\/revisions"}],"up":[{"embeddable":true,"href":"https:\/\/webnemji.azurewebsites.net\/en\/wp-json\/wp\/v2\/pages\/22243"}],"wp:featuredmedia":[{"embeddable":true,"href":"https:\/\/webnemji.azurewebsites.net\/en\/wp-json\/wp\/v2\/media\/17131"}],"wp:attachment":[{"href":"https:\/\/webnemji.azurewebsites.net\/en\/wp-json\/wp\/v2\/media?parent=22676"}],"wp:term":[{"taxonomy":"category","embeddable":true,"href":"https:\/\/webnemji.azurewebsites.net\/en\/wp-json\/wp\/v2\/categories?post=22676"}],"curies":[{"name":"wp","href":"https:\/\/api.w.org\/{rel}","templated":true}]}}