{"id":22882,"date":"2023-10-18T09:46:00","date_gmt":"2023-10-18T07:46:00","guid":{"rendered":"https:\/\/nemji.rs-kovarik.cz\/?page_id=22882"},"modified":"2024-02-22T09:28:02","modified_gmt":"2024-02-22T08:28:02","slug":"objednavka-transfuznich-pripravku","status":"publish","type":"page","link":"https:\/\/webnemji.azurewebsites.net\/en\/oddeleni\/hematologicko-transfuzni-oddeleni\/objednavka-transfuznich-pripravku\/","title":{"rendered":"Order of transfusion products"},"content":{"rendered":"<div id=\"cmsmasters_row_6iluctg3hk\" class=\"cmsmasters_row cmsmasters_color_scheme_default cmsmasters_row_top_default cmsmasters_row_bot_default cmsmasters_row_boxed\">\n<div class=\"cmsmasters_row_outer_parent\">\n<div class=\"cmsmasters_row_overlay\"><\/div>\n<div class=\"cmsmasters_row_outer\">\n<div class=\"cmsmasters_row_inner\">\n<div class=\"cmsmasters_row_margin\">\n<div id=\"cmsmasters_column_sybg7he2sg\" class=\"cmsmasters_column one_first\">\n<div class=\"cmsmasters_column_inner\"><div id=\"cmsmasters_heading_b3c74b95a0\" class=\"cmsmasters_heading_wrap cmsmasters_heading_align_center pageheadingtitle\">\n\t<h1 class=\"cmsmasters_heading\">Hematologicko transfuzn\u00ed odd\u011blen\u00ed<\/h1>\n<\/div>\n<\/div><\/div>\n<\/div>\n<\/div>\n<\/div>\n<\/div>\n<\/div>\n<div id=\"cmsmasters_row_ly5ze1hf8e\" class=\"cmsmasters_row cmsmasters_color_scheme_default cmsmasters_row_top_default cmsmasters_row_bot_default cmsmasters_row_boxed\">\n<div class=\"cmsmasters_row_outer_parent\">\n<div class=\"cmsmasters_row_outer\">\n<div class=\"cmsmasters_row_inner\">\n<div class=\"cmsmasters_row_margin\">\n<div id=\"cmsmasters_column_v67ee6nvg7\" class=\"cmsmasters_column one_first\">\n<div class=\"cmsmasters_column_inner\"><div class=\"cmsmasters_text\">\n<p><nav aria-label=\"breadcrumbs\">\n            <div class=\"breadcrumb-container theme1\">\n                <ol>\n                                    <\/ol>\n            <\/div>\n        <\/nav>    <script type=\"application\/ld+json\">\n        {\n            \"@context\": \"http:\/\/schema.org\",\n            \"@type\": \"BreadcrumbList\",\n            \"itemListElement\": [\n                            ]\n        }\n    <\/script>\n   \n    <script>\n            <\/script>\n<\/p>\n<\/div>\n<\/div><\/div>\n<\/div>\n<\/div>\n<\/div>\n<\/div>\n<\/div>\n<div id=\"cmsmasters_row_3f2f8816dd\" class=\"cmsmasters_row cmsmasters_color_scheme_default cmsmasters_row_top_default cmsmasters_row_bot_default cmsmasters_row_boxed\">\n<div class=\"cmsmasters_row_outer_parent\">\n<div class=\"cmsmasters_row_outer\">\n<div class=\"cmsmasters_row_inner\">\n<div class=\"cmsmasters_row_margin\">\n<div id=\"cmsmasters_column_0a1c5940f5\" class=\"cmsmasters_column one_third stickyinfocolumn\">\n<div class=\"cmsmasters_column_inner\"><div id=\"cmsmasters_heading_rva6m2t32d\" class=\"cmsmasters_heading_wrap cmsmasters_heading_align_center\">\n\t<h3 class=\"cmsmasters_heading\">Informace o odd\u011blen\u00ed<\/h3>\n<\/div>\n<div id=\"cmsmasters_divider_dpp34mcdj5\" class=\"cmsmasters_divider cmsmasters_divider_width_short cmsmasters_divider_pos_center\"><\/div>\n<div class=\"cmsmasters_sidebar sidebar_layout_11 sidebar-custom-menu\"><aside id=\"nav_menu-12\" class=\"widget widget_nav_menu\"><div class=\"menu-oddeleni-hto-container\"><ul id=\"menu-oddeleni-hto\" class=\"menu\"><li id=\"menu-item-18340\" class=\"menu-item menu-item-type-custom menu-item-object-custom menu-item-18340\"><a href=\"\/oddeleni\/hematologicko-transfuzni-oddeleni\/#popis-oddeleni\" data-ps2id-api=\"true\"><i class=\"fa-solid fa-info\"><\/i> Popis odd\u011blen\u00ed<\/a><\/li>\n<li id=\"menu-item-18341\" class=\"menu-item menu-item-type-custom menu-item-object-custom menu-item-18341\"><a href=\"\/oddeleni\/hematologicko-transfuzni-oddeleni\/#personalni-obsazeni\" data-ps2id-api=\"true\"><i class=\"fa-solid fa-user-doctor\"><\/i> Person\u00e1ln\u00ed obsazen\u00ed<\/a><\/li>\n<li id=\"menu-item-18342\" class=\"menu-item menu-item-type-custom menu-item-object-custom menu-item-18342\"><a href=\"\/oddeleni\/hematologicko-transfuzni-oddeleni\/#oteviraci-hodiny\" data-ps2id-api=\"true\"><i class=\"fa-regular fa-clock\"><\/i> Ordina\u010dn\u00ed hodiny<\/a><\/li>\n<li id=\"menu-item-18343\" class=\"menu-item menu-item-type-custom menu-item-object-custom menu-item-18343\"><a href=\"\/oddeleni\/hematologicko-transfuzni-oddeleni\/#kontaktni-informace\" data-ps2id-api=\"true\"><i class=\"fa-solid fa-phone\"><\/i> Kontaktn\u00ed informace<\/a><\/li>\n<li id=\"menu-item-18344\" class=\"menu-item menu-item-type-custom menu-item-object-custom menu-item-18344\"><a href=\"\/oddeleni\/hematologicko-transfuzni-oddeleni\/#kde-nas-najdete\" data-ps2id-api=\"true\"><i class=\"fa-solid fa-location-dot\"><\/i> Kde n\u00e1s najdete<\/a><\/li>\n<li id=\"menu-item-18345\" class=\"menu-item menu-item-type-custom menu-item-object-custom menu-item-18345\"><a href=\"\/oddeleni\/hematologicko-transfuzni-oddeleni\/#fotogalerie\" data-ps2id-api=\"true\"><i class=\"fa-solid fa-camera\"><\/i> Fotogalerie<\/a><\/li>\n<li id=\"menu-item-18346\" class=\"menu-custom-separator menu-item menu-item-type-custom menu-item-object-custom menu-item-18346\"><hr class=\"mhm-menu-separator\"><\/li>\n<li id=\"menu-item-23007\" class=\"static-link menu-item menu-item-type-custom menu-item-object-custom menu-item-23007\"><a href=\"\/oddeleni\/hematologicko-transfuzni-oddeleni\/hematologicka-ambulance\/\" data-ps2id-api=\"true\"><i class=\"fa-solid fa-house-medical\"><\/i> Ambulance<\/a><\/li>\n<li id=\"menu-item-18349\" class=\"static-link menu-item menu-item-type-custom menu-item-object-custom menu-item-18349\"><a href=\"\/oddeleni\/hematologicko-transfuzni-oddeleni\/Odberova-mistnost\/\" data-ps2id-api=\"true\"><i class=\"fa-solid fa-syringe\"><\/i> Odb\u011brov\u00e1 m\u00edstnost<\/a><\/li>\n<li id=\"menu-item-18347\" class=\"static-link menu-item menu-item-type-custom menu-item-object-custom menu-item-18347\"><a href=\"\/oddeleni\/hematologicko-transfuzni-oddeleni\/spektrum-pece\/\" data-ps2id-api=\"true\"><i class=\"fa-solid fa-stethoscope\"><\/i> Spektrum p\u00e9\u010de<\/a><\/li>\n<li id=\"menu-item-24852\" class=\"static-link menu-item menu-item-type-custom menu-item-object-custom menu-item-24852\"><a href=\"\/oddeleni\/hematologicko-transfuzni-oddeleni\/laboratorni-prirucky-a-zadanky\/\" data-ps2id-api=\"true\"><i class=\"fa-solid fa-paste\"><\/i> Laboratorn\u00ed p\u0159\u00edru\u010dky a \u017e\u00e1danky<\/a><\/li>\n<li id=\"menu-item-22975\" class=\"static-link menu-item menu-item-type-custom menu-item-object-custom menu-item-22975\"><a href=\"\/oddeleni\/hematologicko-transfuzni-oddeleni\/objednavka-transfuznich-pripravku\/\" data-ps2id-api=\"true\"><i class=\"fa-solid fa-clipboard-list\"><\/i> Objedn\u00e1vka transfuzn\u00edch p\u0159\u00edpravk\u016f<\/a><\/li>\n<li id=\"menu-item-22695\" class=\"menu-item menu-item-type-custom menu-item-object-custom menu-item-22695\"><a href=\"\/oddeleni\/hematologicko-transfuzni-oddeleni\/darci-krve-a-kostni-drene\/\" data-ps2id-api=\"true\"><i class=\"fa-solid fa-droplet\"><\/i>D\u00e1rci krve a kostn\u00ed d\u0159en\u011b<\/a><\/li>\n<\/ul><\/div><\/aside><div class=\"cl\"><\/div>\n<\/div>\n<\/div><\/div>\n<div id=\"cmsmasters_column_k7vlyuz4yq\" class=\"cmsmasters_column two_third\">\n<div class=\"cmsmasters_column_inner\"><div id=\"cmsmasters_heading_0cx4mcjjyd\" class=\"cmsmasters_heading_wrap cmsmasters_heading_align_left\">\n\t<h2 class=\"cmsmasters_heading\">Objedn\u00e1vka transfuzn\u00edch p\u0159\u00edpravk\u016f z KB<\/h2>\n<\/div>\n<div id=\"cmsmasters_divider_kul4awri6m\" class=\"cmsmasters_divider cmsmasters_divider_width_short cmsmasters_divider_pos_left\"><\/div>\n<div id=\"cmsmasters_divider_ukhvp1d3m\" class=\"cl\"><\/div>\n<div class=\"cmsmasters_text\">\n<p>Objedn\u00e1vku transfuzn\u00ed p\u0159\u00edpravk\u016f z Krevn\u00ed banky HTO je nutn\u00e9 nejprve prov\u00e9st\u00a0telefonicky na tel. 567 157 292\u00a0a po odsouhlasen\u00ed po\u010dt\u016f jednotliv\u00fdch TP pros\u00edm vypl\u0148te webovou objedn\u00e1vku TP, kterou najdete n\u00ed\u017ee.<br \/>\nOd 1. 7. 2023 je dle platn\u00e9ho <span style=\"text-decoration: underline;\"><strong><a href=\"\/wp-content\/uploads\/2023\/08\/Cenik-2026-1.pdf\" target=\"_blank\" rel=\"noopener\">cen\u00edku<\/a><\/strong><\/span> Nemocnice Jihlava \u00fa\u010dtov\u00e1n manipula\u010dn\u00ed poplatek za prodej transfuzn\u00edch p\u0159\u00edpravk\u016f.<\/p>\n<\/div>\n<div class=\"cmsmasters_text msform-links\">\n<p><a href=\"https:\/\/forms.office.com\/Pages\/ResponsePage.aspx?id=bI-Ow3cFk06J1lrrsH1FOEcGGrV0tfRAnaLzs1VpgB5UNldENTM1QkdDWFJPSjEyVDIwNzY5VVdCMC4u\" target=\"_blank\" rel=\"noopener\">Objedn\u00e1vka TP z KB HTO Nemocnice Jihlava<\/a><\/p>\n<\/div>\n<\/div><\/div>\n<\/div>\n<\/div>\n<\/div>\n<\/div>\n<\/div>\n\n","protected":false},"excerpt":{"rendered":"","protected":false},"author":5,"featured_media":17123,"parent":18338,"menu_order":0,"comment_status":"closed","ping_status":"closed","template":"","meta":{"pgc_sgb_lightbox_settings":"","footnotes":"","_links_to":"","_links_to_target":""},"categories":[85],"class_list":["post-22882","page","type-page","status-publish","has-post-thumbnail","hentry","category-page-oddeleni"],"publishpress_future_action":{"enabled":false,"date":"2026-04-26 16:00:22","action":"change-status","newStatus":"draft","terms":[],"taxonomy":"category","extraData":[]},"publishpress_future_workflow_manual_trigger":{"enabledWorkflows":[]},"_links":{"self":[{"href":"https:\/\/webnemji.azurewebsites.net\/en\/wp-json\/wp\/v2\/pages\/22882","targetHints":{"allow":["GET"]}}],"collection":[{"href":"https:\/\/webnemji.azurewebsites.net\/en\/wp-json\/wp\/v2\/pages"}],"about":[{"href":"https:\/\/webnemji.azurewebsites.net\/en\/wp-json\/wp\/v2\/types\/page"}],"author":[{"embeddable":true,"href":"https:\/\/webnemji.azurewebsites.net\/en\/wp-json\/wp\/v2\/users\/5"}],"replies":[{"embeddable":true,"href":"https:\/\/webnemji.azurewebsites.net\/en\/wp-json\/wp\/v2\/comments?post=22882"}],"version-history":[{"count":0,"href":"https:\/\/webnemji.azurewebsites.net\/en\/wp-json\/wp\/v2\/pages\/22882\/revisions"}],"up":[{"embeddable":true,"href":"https:\/\/webnemji.azurewebsites.net\/en\/wp-json\/wp\/v2\/pages\/18338"}],"wp:featuredmedia":[{"embeddable":true,"href":"https:\/\/webnemji.azurewebsites.net\/en\/wp-json\/wp\/v2\/media\/17123"}],"wp:attachment":[{"href":"https:\/\/webnemji.azurewebsites.net\/en\/wp-json\/wp\/v2\/media?parent=22882"}],"wp:term":[{"taxonomy":"category","embeddable":true,"href":"https:\/\/webnemji.azurewebsites.net\/en\/wp-json\/wp\/v2\/categories?post=22882"}],"curies":[{"name":"wp","href":"https:\/\/api.w.org\/{rel}","templated":true}]}}