{"id":22914,"date":"2023-10-18T10:20:33","date_gmt":"2023-10-18T08:20:33","guid":{"rendered":"https:\/\/nemji.rs-kovarik.cz\/?page_id=22914"},"modified":"2026-01-12T12:29:25","modified_gmt":"2026-01-12T11:29:25","slug":"spektrum-cinnosti","status":"publish","type":"page","link":"https:\/\/webnemji.azurewebsites.net\/en\/oddeleni\/klinicka-farmacie\/spektrum-cinnosti\/","title":{"rendered":"Spectrum of activities"},"content":{"rendered":"<div id=\"cmsmasters_row_6iluctg3hk\" class=\"cmsmasters_row cmsmasters_color_scheme_default cmsmasters_row_top_default cmsmasters_row_bot_default cmsmasters_row_boxed\">\n<div class=\"cmsmasters_row_outer_parent\">\n<div class=\"cmsmasters_row_overlay\"><\/div>\n<div class=\"cmsmasters_row_outer\">\n<div class=\"cmsmasters_row_inner\">\n<div class=\"cmsmasters_row_margin\">\n<div id=\"cmsmasters_column_sybg7he2sg\" class=\"cmsmasters_column one_first\">\n<div class=\"cmsmasters_column_inner\"><div id=\"cmsmasters_heading_b3c74b95a0\" class=\"cmsmasters_heading_wrap cmsmasters_heading_align_center pageheadingtitle\">\n\t<h1 class=\"cmsmasters_heading\">Klinick\u00e1 farmacie<\/h1>\n<\/div>\n<\/div><\/div>\n<\/div>\n<\/div>\n<\/div>\n<\/div>\n<\/div>\n<div id=\"cmsmasters_row_ly5ze1hf8e\" class=\"cmsmasters_row cmsmasters_color_scheme_default cmsmasters_row_top_default cmsmasters_row_bot_default cmsmasters_row_boxed\">\n<div class=\"cmsmasters_row_outer_parent\">\n<div class=\"cmsmasters_row_outer\">\n<div class=\"cmsmasters_row_inner\">\n<div class=\"cmsmasters_row_margin\">\n<div id=\"cmsmasters_column_v67ee6nvg7\" class=\"cmsmasters_column one_first\">\n<div class=\"cmsmasters_column_inner\"><div class=\"cmsmasters_text\">\n<p><nav aria-label=\"breadcrumbs\">\n            <div class=\"breadcrumb-container theme1\">\n                <ol>\n                                    <\/ol>\n            <\/div>\n        <\/nav>    <script type=\"application\/ld+json\">\n        {\n            \"@context\": \"http:\/\/schema.org\",\n            \"@type\": \"BreadcrumbList\",\n            \"itemListElement\": [\n                            ]\n        }\n    <\/script>\n   \n    <script>\n            <\/script>\n<\/p>\n<\/div>\n<\/div><\/div>\n<\/div>\n<\/div>\n<\/div>\n<\/div>\n<\/div>\n<div id=\"cmsmasters_row_3f2f8816dd\" class=\"cmsmasters_row cmsmasters_color_scheme_default cmsmasters_row_top_default cmsmasters_row_bot_default cmsmasters_row_boxed\">\n<div class=\"cmsmasters_row_outer_parent\">\n<div class=\"cmsmasters_row_outer\">\n<div class=\"cmsmasters_row_inner\">\n<div class=\"cmsmasters_row_margin\">\n<div id=\"cmsmasters_column_0a1c5940f5\" class=\"cmsmasters_column one_third stickyinfocolumn\">\n<div class=\"cmsmasters_column_inner\"><div id=\"cmsmasters_heading_rva6m2t32d\" class=\"cmsmasters_heading_wrap cmsmasters_heading_align_center\">\n\t<h3 class=\"cmsmasters_heading\">Informace o odd\u011blen\u00ed<\/h3>\n<\/div>\n<div id=\"cmsmasters_divider_dpp34mcdj5\" class=\"cmsmasters_divider cmsmasters_divider_width_short cmsmasters_divider_pos_center\"><\/div>\n<div class=\"cmsmasters_sidebar sidebar_layout_11 sidebar-custom-menu\"><aside id=\"nav_menu-32\" class=\"widget widget_nav_menu\"><div class=\"menu-oddeleni-klinicka-farmacie-container\"><ul id=\"menu-oddeleni-klinicka-farmacie\" class=\"menu\"><li id=\"menu-item-22895\" class=\"menu-item menu-item-type-custom menu-item-object-custom menu-item-22895\"><a href=\"\/oddeleni\/klinicka-farmacie\/#popis-oddeleni\" data-ps2id-api=\"true\"><i class=\"fa-solid fa-info\"><\/i> Popis odd\u011blen\u00ed<\/a><\/li>\n<li id=\"menu-item-22896\" class=\"menu-item menu-item-type-custom menu-item-object-custom menu-item-22896\"><a href=\"\/oddeleni\/klinicka-farmacie\/#personalni-obsazeni\" data-ps2id-api=\"true\"><i class=\"fa-solid fa-user-doctor\"><\/i> Person\u00e1ln\u00ed obsazen\u00ed<\/a><\/li>\n<li id=\"menu-item-22897\" class=\"menu-item menu-item-type-custom menu-item-object-custom menu-item-22897\"><a href=\"\/oddeleni\/klinicka-farmacie\/#konzultacni-hodiny\" data-ps2id-api=\"true\"><i class=\"fa-regular fa-clock\"><\/i> Konzulta\u010dn\u00ed hodiny<\/a><\/li>\n<li id=\"menu-item-22898\" class=\"menu-item menu-item-type-custom menu-item-object-custom menu-item-22898\"><a href=\"\/oddeleni\/klinicka-farmacie\/#kontaktni-informace\" data-ps2id-api=\"true\"><i class=\"fa-solid fa-phone\"><\/i> Kontaktn\u00ed informace<\/a><\/li>\n<li id=\"menu-item-22899\" class=\"menu-item menu-item-type-custom menu-item-object-custom menu-item-22899\"><a href=\"\/oddeleni\/klinicka-farmacie\/#kde-nas-najdete\" data-ps2id-api=\"true\"><i class=\"fa-solid fa-location-dot\"><\/i> Kde n\u00e1s najdete<\/a><\/li>\n<li id=\"menu-item-22901\" class=\"menu-custom-separator menu-item menu-item-type-custom menu-item-object-custom menu-item-22901\"><hr class=\"mhm-menu-separator\"><\/li>\n<li id=\"menu-item-22902\" class=\"static-link menu-item menu-item-type-custom menu-item-object-custom menu-item-22902\"><a href=\"\/oddeleni\/klinicka-farmacie\/spektrum-cinnosti\/\" data-ps2id-api=\"true\"><i class=\"fa-solid fa-capsules\"><\/i> Spektrum \u010dinnosti<\/a><\/li>\n<li id=\"menu-item-22903\" class=\"static-link menu-item menu-item-type-custom menu-item-object-custom menu-item-22903\"><a href=\"\/oddeleni\/klinicka-farmacie\/ambulance\/\" data-ps2id-api=\"true\"><i class=\"fa-brands fa-wpforms\"><\/i> Ambulance<\/a><\/li>\n<\/ul><\/div><\/aside><div class=\"cl\"><\/div>\n<\/div>\n<\/div><\/div>\n<div id=\"cmsmasters_column_k7vlyuz4yq\" class=\"cmsmasters_column two_third\">\n<div class=\"cmsmasters_column_inner\"><div id=\"cmsmasters_heading_0cx4mcjjyd\" class=\"cmsmasters_heading_wrap cmsmasters_heading_align_left\">\n\t<h2 class=\"cmsmasters_heading\">Spektrum \u010dinnosti<\/h2>\n<\/div>\n<div id=\"cmsmasters_divider_kul4awri6m\" class=\"cmsmasters_divider cmsmasters_divider_width_short cmsmasters_divider_pos_left\"><\/div>\n<div class=\"cmsmasters_text\">\n<div>\n<p>Na\u0161e odd\u011blen\u00ed poskytuje systematickou klinickofarmaceutickou p\u00e9\u010di na n\u011bkolika odd\u011blen\u00edch, pro v\u0161echna ostatn\u00ed pracovi\u0161t\u011b nemocnice je zaji\u0161t\u011bna konzili\u00e1rn\u00ed forma p\u00e9\u010de.<\/p>\n<ul>\n<li>Komplexn\u00ed zhodnocen\u00ed a posouzen\u00ed medikace p\u0159i p\u0159\u00edjmu pacienta do zdravotnick\u00e9ho za\u0159\u00edzen\u00ed se zam\u011b\u0159en\u00edm na indikace l\u00e9\u010div, jejich d\u00e1vky, l\u00e9kov\u00e9 formy, cesty pod\u00e1n\u00ed, l\u00e9kov\u00e9 interakce a mo\u017en\u00e9 projevy ne\u017e\u00e1douc\u00edch \u00fa\u010dink\u016f.<\/li>\n<li>Sledov\u00e1n\u00ed farmakoterapie u jednotliv\u00fdch pacient\u016f b\u011bhem hospitalizace a p\u0159i propu\u0161t\u011bn\u00ed z nemocnice.<\/li>\n<li>Individualizace farmakoterapie se zam\u011b\u0159en\u00edm na farmakokinetiku\/farmakodynamiku l\u00e9\u010div, funkci elimina\u010dn\u00edch org\u00e1n\u016f, stav pacient\u016f a p\u0159\u00edtomnost dal\u0161\u00edch onemocn\u011bn\u00ed.<\/li>\n<li>Interpretace l\u00e9kov\u00fdch hladin (TDM) \u2013 zejm\u00e9na antibiotik.<\/li>\n<li>Konzili\u00e1rn\u00ed vy\u0161et\u0159en\u00ed.<\/li>\n<li>Eduka\u010dn\u00ed \u010dinnosti, spolupr\u00e1ce p\u0159i vytv\u00e1\u0159en\u00ed doporu\u010den\u00fdch postup\u016f na jednotliv\u00fdch odd\u011blen\u00ed<\/li>\n<li>Spolupr\u00e1ce v Paliativn\u00edm t\u00fdmu.<\/li>\n<\/ul>\n<\/div>\n<div><\/div>\n<\/div>\n<\/div><\/div>\n<\/div>\n<\/div>\n<\/div>\n<\/div>\n<\/div>\n\n","protected":false},"excerpt":{"rendered":"","protected":false},"author":1,"featured_media":22908,"parent":22909,"menu_order":0,"comment_status":"closed","ping_status":"closed","template":"","meta":{"pgc_sgb_lightbox_settings":"","footnotes":"","_links_to":"","_links_to_target":""},"categories":[85],"class_list":["post-22914","page","type-page","status-publish","has-post-thumbnail","hentry","category-page-oddeleni"],"publishpress_future_action":{"enabled":false,"date":"2026-04-13 18:19:51","action":"change-status","newStatus":"draft","terms":[],"taxonomy":"category","extraData":[]},"publishpress_future_workflow_manual_trigger":{"enabledWorkflows":[]},"_links":{"self":[{"href":"https:\/\/webnemji.azurewebsites.net\/en\/wp-json\/wp\/v2\/pages\/22914","targetHints":{"allow":["GET"]}}],"collection":[{"href":"https:\/\/webnemji.azurewebsites.net\/en\/wp-json\/wp\/v2\/pages"}],"about":[{"href":"https:\/\/webnemji.azurewebsites.net\/en\/wp-json\/wp\/v2\/types\/page"}],"author":[{"embeddable":true,"href":"https:\/\/webnemji.azurewebsites.net\/en\/wp-json\/wp\/v2\/users\/1"}],"replies":[{"embeddable":true,"href":"https:\/\/webnemji.azurewebsites.net\/en\/wp-json\/wp\/v2\/comments?post=22914"}],"version-history":[{"count":0,"href":"https:\/\/webnemji.azurewebsites.net\/en\/wp-json\/wp\/v2\/pages\/22914\/revisions"}],"up":[{"embeddable":true,"href":"https:\/\/webnemji.azurewebsites.net\/en\/wp-json\/wp\/v2\/pages\/22909"}],"wp:featuredmedia":[{"embeddable":true,"href":"https:\/\/webnemji.azurewebsites.net\/en\/wp-json\/wp\/v2\/media\/22908"}],"wp:attachment":[{"href":"https:\/\/webnemji.azurewebsites.net\/en\/wp-json\/wp\/v2\/media?parent=22914"}],"wp:term":[{"taxonomy":"category","embeddable":true,"href":"https:\/\/webnemji.azurewebsites.net\/en\/wp-json\/wp\/v2\/categories?post=22914"}],"curies":[{"name":"wp","href":"https:\/\/api.w.org\/{rel}","templated":true}]}}