{"id":22916,"date":"2023-10-18T10:23:59","date_gmt":"2023-10-18T08:23:59","guid":{"rendered":"https:\/\/nemji.rs-kovarik.cz\/?page_id=22916"},"modified":"2026-01-12T12:30:30","modified_gmt":"2026-01-12T11:30:30","slug":"ambulance","status":"publish","type":"page","link":"https:\/\/webnemji.azurewebsites.net\/en\/oddeleni\/klinicka-farmacie\/ambulance\/","title":{"rendered":"Clinics"},"content":{"rendered":"<div id=\"cmsmasters_row_6iluctg3hk\" class=\"cmsmasters_row cmsmasters_color_scheme_default cmsmasters_row_top_default cmsmasters_row_bot_default cmsmasters_row_boxed\">\n<div class=\"cmsmasters_row_outer_parent\">\n<div class=\"cmsmasters_row_overlay\"><\/div>\n<div class=\"cmsmasters_row_outer\">\n<div class=\"cmsmasters_row_inner\">\n<div class=\"cmsmasters_row_margin\">\n<div id=\"cmsmasters_column_sybg7he2sg\" class=\"cmsmasters_column one_first\">\n<div class=\"cmsmasters_column_inner\"><div id=\"cmsmasters_heading_b3c74b95a0\" class=\"cmsmasters_heading_wrap cmsmasters_heading_align_center pageheadingtitle\">\n\t<h1 class=\"cmsmasters_heading\">Klinick\u00e1 farmacie<\/h1>\n<\/div>\n<\/div><\/div>\n<\/div>\n<\/div>\n<\/div>\n<\/div>\n<\/div>\n<div id=\"cmsmasters_row_ly5ze1hf8e\" class=\"cmsmasters_row cmsmasters_color_scheme_default cmsmasters_row_top_default cmsmasters_row_bot_default cmsmasters_row_boxed\">\n<div class=\"cmsmasters_row_outer_parent\">\n<div class=\"cmsmasters_row_outer\">\n<div class=\"cmsmasters_row_inner\">\n<div class=\"cmsmasters_row_margin\">\n<div id=\"cmsmasters_column_v67ee6nvg7\" class=\"cmsmasters_column one_first\">\n<div class=\"cmsmasters_column_inner\"><div class=\"cmsmasters_text\">\n<p><nav aria-label=\"breadcrumbs\">\n            <div class=\"breadcrumb-container theme1\">\n                <ol>\n                                    <\/ol>\n            <\/div>\n        <\/nav>    <script type=\"application\/ld+json\">\n        {\n            \"@context\": \"http:\/\/schema.org\",\n            \"@type\": \"BreadcrumbList\",\n            \"itemListElement\": [\n                            ]\n        }\n    <\/script>\n   \n    <script>\n            <\/script>\n<\/p>\n<\/div>\n<\/div><\/div>\n<\/div>\n<\/div>\n<\/div>\n<\/div>\n<\/div>\n<div id=\"cmsmasters_row_3f2f8816dd\" class=\"cmsmasters_row cmsmasters_color_scheme_default cmsmasters_row_top_default cmsmasters_row_bot_default cmsmasters_row_boxed\">\n<div class=\"cmsmasters_row_outer_parent\">\n<div class=\"cmsmasters_row_outer\">\n<div class=\"cmsmasters_row_inner\">\n<div class=\"cmsmasters_row_margin\">\n<div id=\"cmsmasters_column_0a1c5940f5\" class=\"cmsmasters_column one_third stickyinfocolumn\">\n<div class=\"cmsmasters_column_inner\"><div id=\"cmsmasters_heading_rva6m2t32d\" class=\"cmsmasters_heading_wrap cmsmasters_heading_align_center\">\n\t<h3 class=\"cmsmasters_heading\">Informace o odd\u011blen\u00ed<\/h3>\n<\/div>\n<div id=\"cmsmasters_divider_dpp34mcdj5\" class=\"cmsmasters_divider cmsmasters_divider_width_short cmsmasters_divider_pos_center\"><\/div>\n<div class=\"cmsmasters_sidebar sidebar_layout_11 sidebar-custom-menu\"><aside id=\"nav_menu-32\" class=\"widget widget_nav_menu\"><div class=\"menu-oddeleni-klinicka-farmacie-container\"><ul id=\"menu-oddeleni-klinicka-farmacie\" class=\"menu\"><li id=\"menu-item-22895\" class=\"menu-item menu-item-type-custom menu-item-object-custom menu-item-22895\"><a href=\"\/oddeleni\/klinicka-farmacie\/#popis-oddeleni\" data-ps2id-api=\"true\"><i class=\"fa-solid fa-info\"><\/i> Popis odd\u011blen\u00ed<\/a><\/li>\n<li id=\"menu-item-22896\" class=\"menu-item menu-item-type-custom menu-item-object-custom menu-item-22896\"><a href=\"\/oddeleni\/klinicka-farmacie\/#personalni-obsazeni\" data-ps2id-api=\"true\"><i class=\"fa-solid fa-user-doctor\"><\/i> Person\u00e1ln\u00ed obsazen\u00ed<\/a><\/li>\n<li id=\"menu-item-22897\" class=\"menu-item menu-item-type-custom menu-item-object-custom menu-item-22897\"><a href=\"\/oddeleni\/klinicka-farmacie\/#konzultacni-hodiny\" data-ps2id-api=\"true\"><i class=\"fa-regular fa-clock\"><\/i> Konzulta\u010dn\u00ed hodiny<\/a><\/li>\n<li id=\"menu-item-22898\" class=\"menu-item menu-item-type-custom menu-item-object-custom menu-item-22898\"><a href=\"\/oddeleni\/klinicka-farmacie\/#kontaktni-informace\" data-ps2id-api=\"true\"><i class=\"fa-solid fa-phone\"><\/i> Kontaktn\u00ed informace<\/a><\/li>\n<li id=\"menu-item-22899\" class=\"menu-item menu-item-type-custom menu-item-object-custom menu-item-22899\"><a href=\"\/oddeleni\/klinicka-farmacie\/#kde-nas-najdete\" data-ps2id-api=\"true\"><i class=\"fa-solid fa-location-dot\"><\/i> Kde n\u00e1s najdete<\/a><\/li>\n<li id=\"menu-item-22901\" class=\"menu-custom-separator menu-item menu-item-type-custom menu-item-object-custom menu-item-22901\"><hr class=\"mhm-menu-separator\"><\/li>\n<li id=\"menu-item-22902\" class=\"static-link menu-item menu-item-type-custom menu-item-object-custom menu-item-22902\"><a href=\"\/oddeleni\/klinicka-farmacie\/spektrum-cinnosti\/\" data-ps2id-api=\"true\"><i class=\"fa-solid fa-capsules\"><\/i> Spektrum \u010dinnosti<\/a><\/li>\n<li id=\"menu-item-22903\" class=\"static-link menu-item menu-item-type-custom menu-item-object-custom menu-item-22903\"><a href=\"\/oddeleni\/klinicka-farmacie\/ambulance\/\" data-ps2id-api=\"true\"><i class=\"fa-brands fa-wpforms\"><\/i> Ambulance<\/a><\/li>\n<\/ul><\/div><\/aside><div class=\"cl\"><\/div>\n<\/div>\n<\/div><\/div>\n<div id=\"cmsmasters_column_k7vlyuz4yq\" class=\"cmsmasters_column two_third\">\n<div class=\"cmsmasters_column_inner\"><div id=\"cmsmasters_heading_0cx4mcjjyd\" class=\"cmsmasters_heading_wrap cmsmasters_heading_align_left\">\n\t<h2 class=\"cmsmasters_heading\">Ambulance<\/h2>\n<\/div>\n<div id=\"cmsmasters_divider_kul4awri6m\" class=\"cmsmasters_divider cmsmasters_divider_width_short cmsmasters_divider_pos_left\"><\/div>\n<div class=\"cmsmasters_text\">\n<p>Odd\u011blen\u00ed klinick\u00e9 farmacie poskytuje tak\u00e9 zhodnocen\u00ed medikace <strong>pro ambulantn\u00ed pacienty<\/strong>. Tato slu\u017eba je hrazena ze zdravotn\u00edho poji\u0161t\u011bn\u00ed, je t\u0159eba \u017e\u00e1danka praktick\u00e9ho l\u00e9ka\u0159e nebo specialisty (<span style=\"text-decoration: underline;\"><a href=\"\/wp-content\/uploads\/2023\/10\/vzp-06k-poukaz-na-vysetreni-osetreni-k.pdf\" target=\"_blank\" rel=\"noopener\"><strong>\u017e\u00e1danka typu K<\/strong><\/a><\/span>). Pacient si m\u016f\u017ee t\u00e9\u017e konzultaci zaplatit jako samopl\u00e1tce (viz\u00a0<span style=\"text-decoration: underline;\"><a href=\"\/wp-content\/uploads\/2023\/08\/Cenik-2026-1.pdf\" target=\"_blank\" rel=\"noopener\"><strong>Cen\u00edk Nemocnice Jihlava<\/strong><\/a><\/span>).<br \/>\nKe zhodnocen\u00ed medikace je mo\u017eno se objednat na telefonn\u00edm \u010d\u00edsle:\u00a0\u00a0<span style=\"text-decoration: underline;\"><strong><a href=\"tel:+420567157623\">+420 567 157 623<\/a><\/strong><\/span>, nebo e-mailov\u00e9 adrese: <span style=\"text-decoration: underline;\"><a href=\"mailto:klinickafarmacie@nemji.cz\"><strong>klinickafarmacie@nemji.cz<\/strong><\/a><\/span><\/p>\n<p>&nbsp;<\/p>\n<h5><strong>Informace k vypln\u011bn\u00ed \u017e\u00e1danky<\/strong><\/h5>\n<p>Do \u017e\u00e1danky uv\u00e1d\u011bjte (nebo k \u017e\u00e1dance p\u0159ilo\u017ete):<\/p>\n<ul>\n<li>D\u016fvod po\u017eadavku na zhodnocen\u00ed medikace (nap\u0159. polypragmazie \u2013 zhodnocen\u00ed kombinace l\u00e9\u010div; zhodnocen\u00ed l\u00e9kov\u00fdch interakc\u00ed; podez\u0159en\u00ed na ne\u017e\u00e1douc\u00ed \u00fa\u010dinek; porucha eliminace \u2013 ren\u00e1ln\u00ed nebo hepat\u00e1ln\u00ed insuficience).<\/li>\n<li>V\u0161echny diagn\u00f3zy pacienta.<\/li>\n<li>\u00daplnou a aktu\u00e1ln\u00ed medikaci pacienta, v\u010detn\u011b dopl\u0148k\u016f stravy.<\/li>\n<li>Aktu\u00e1ln\u00ed v\u00fdsledky laboratorn\u00edch vy\u0161et\u0159en\u00ed (zejm\u00e9na krevn\u00ed obraz, koagulace, jatern\u00ed enzymy, ren\u00e1ln\u00ed parametry, iontogram; ev. \u0161t\u00edtn\u00e1 \u017el\u00e1za, lipidogram \u2013 je-li relevantn\u00ed).<\/li>\n<li>K \u017e\u00e1dance je vhodn\u00e9 p\u0159ilo\u017eit zpr\u00e1vy od specialist\u016f, v jejich\u017e p\u00e9\u010di pacient je.<\/li>\n<\/ul>\n<p>Po zhodnocen\u00ed medikace bude vypracov\u00e1na zpr\u00e1va (farmakoterapeutick\u00e9 doporu\u010den\u00ed) pro o\u0161et\u0159uj\u00edc\u00edho l\u00e9ka\u0159e s n\u00e1vrhem vhodn\u00e9ho dal\u0161\u00edho postupu \u2013\u00a0<strong>klinick\u00fd farmaceut s\u00e1m nem\u011bn\u00ed medikaci, sv\u00e9 z\u00e1v\u011bry p\u0159ed\u00e1v\u00e1 l\u00e9ka\u0159i<\/strong>.<\/p>\n<\/div>\n<\/div><\/div>\n<\/div>\n<\/div>\n<\/div>\n<\/div>\n<\/div>\n\n","protected":false},"excerpt":{"rendered":"","protected":false},"author":1,"featured_media":22908,"parent":22909,"menu_order":0,"comment_status":"closed","ping_status":"closed","template":"","meta":{"pgc_sgb_lightbox_settings":"","footnotes":"","_links_to":"","_links_to_target":""},"categories":[85],"class_list":["post-22916","page","type-page","status-publish","has-post-thumbnail","hentry","category-page-oddeleni"],"publishpress_future_action":{"enabled":false,"date":"2026-04-24 01:35:37","action":"change-status","newStatus":"draft","terms":[],"taxonomy":"category","extraData":[]},"publishpress_future_workflow_manual_trigger":{"enabledWorkflows":[]},"_links":{"self":[{"href":"https:\/\/webnemji.azurewebsites.net\/en\/wp-json\/wp\/v2\/pages\/22916","targetHints":{"allow":["GET"]}}],"collection":[{"href":"https:\/\/webnemji.azurewebsites.net\/en\/wp-json\/wp\/v2\/pages"}],"about":[{"href":"https:\/\/webnemji.azurewebsites.net\/en\/wp-json\/wp\/v2\/types\/page"}],"author":[{"embeddable":true,"href":"https:\/\/webnemji.azurewebsites.net\/en\/wp-json\/wp\/v2\/users\/1"}],"replies":[{"embeddable":true,"href":"https:\/\/webnemji.azurewebsites.net\/en\/wp-json\/wp\/v2\/comments?post=22916"}],"version-history":[{"count":0,"href":"https:\/\/webnemji.azurewebsites.net\/en\/wp-json\/wp\/v2\/pages\/22916\/revisions"}],"up":[{"embeddable":true,"href":"https:\/\/webnemji.azurewebsites.net\/en\/wp-json\/wp\/v2\/pages\/22909"}],"wp:featuredmedia":[{"embeddable":true,"href":"https:\/\/webnemji.azurewebsites.net\/en\/wp-json\/wp\/v2\/media\/22908"}],"wp:attachment":[{"href":"https:\/\/webnemji.azurewebsites.net\/en\/wp-json\/wp\/v2\/media?parent=22916"}],"wp:term":[{"taxonomy":"category","embeddable":true,"href":"https:\/\/webnemji.azurewebsites.net\/en\/wp-json\/wp\/v2\/categories?post=22916"}],"curies":[{"name":"wp","href":"https:\/\/api.w.org\/{rel}","templated":true}]}}