{"id":23002,"date":"2023-10-18T11:48:27","date_gmt":"2023-10-18T09:48:27","guid":{"rendered":"https:\/\/nemji.rs-kovarik.cz\/?page_id=23002"},"modified":"2026-03-06T10:53:24","modified_gmt":"2026-03-06T09:53:24","slug":"hematologicka-ambulance","status":"publish","type":"page","link":"https:\/\/webnemji.azurewebsites.net\/en\/oddeleni\/hematologicko-transfuzni-oddeleni\/hematologicka-ambulance\/","title":{"rendered":"Hematology clinic"},"content":{"rendered":"<div id=\"cmsmasters_row_6iluctg3hk\" class=\"cmsmasters_row cmsmasters_color_scheme_default cmsmasters_row_top_default cmsmasters_row_bot_default cmsmasters_row_boxed\">\n<div class=\"cmsmasters_row_outer_parent\">\n<div class=\"cmsmasters_row_overlay\"><\/div>\n<div class=\"cmsmasters_row_outer\">\n<div class=\"cmsmasters_row_inner\">\n<div class=\"cmsmasters_row_margin\">\n<div id=\"cmsmasters_column_sybg7he2sg\" class=\"cmsmasters_column one_first\">\n<div class=\"cmsmasters_column_inner\"><div id=\"cmsmasters_heading_b3c74b95a0\" class=\"cmsmasters_heading_wrap cmsmasters_heading_align_center pageheadingtitle\">\n\t<h1 class=\"cmsmasters_heading\">Hematologicko transfuzn\u00ed odd\u011blen\u00ed<\/h1>\n<\/div>\n<\/div><\/div>\n<\/div>\n<\/div>\n<\/div>\n<\/div>\n<\/div>\n<div id=\"cmsmasters_row_ly5ze1hf8e\" class=\"cmsmasters_row cmsmasters_color_scheme_default cmsmasters_row_top_default cmsmasters_row_bot_default cmsmasters_row_boxed\">\n<div class=\"cmsmasters_row_outer_parent\">\n<div class=\"cmsmasters_row_outer\">\n<div class=\"cmsmasters_row_inner\">\n<div class=\"cmsmasters_row_margin\">\n<div id=\"cmsmasters_column_v67ee6nvg7\" class=\"cmsmasters_column one_first\">\n<div class=\"cmsmasters_column_inner\"><div class=\"cmsmasters_text\">\n<p><nav aria-label=\"breadcrumbs\">\n            <div class=\"breadcrumb-container theme1\">\n                <ol>\n                                    <\/ol>\n            <\/div>\n        <\/nav>    <script type=\"application\/ld+json\">\n        {\n            \"@context\": \"http:\/\/schema.org\",\n            \"@type\": \"BreadcrumbList\",\n            \"itemListElement\": [\n                            ]\n        }\n    <\/script>\n   \n    <script>\n            <\/script>\n<\/p>\n<\/div>\n<\/div><\/div>\n<\/div>\n<\/div>\n<\/div>\n<\/div>\n<\/div>\n<div id=\"cmsmasters_row_3f2f8816dd\" class=\"cmsmasters_row cmsmasters_color_scheme_default cmsmasters_row_top_default cmsmasters_row_bot_default cmsmasters_row_boxed\">\n<div class=\"cmsmasters_row_outer_parent\">\n<div class=\"cmsmasters_row_outer\">\n<div class=\"cmsmasters_row_inner\">\n<div class=\"cmsmasters_row_margin\">\n<div id=\"cmsmasters_column_0a1c5940f5\" class=\"cmsmasters_column one_third stickyinfocolumn\">\n<div class=\"cmsmasters_column_inner\"><div id=\"cmsmasters_heading_rva6m2t32d\" class=\"cmsmasters_heading_wrap cmsmasters_heading_align_center\">\n\t<h3 class=\"cmsmasters_heading\">Informace o odd\u011blen\u00ed<\/h3>\n<\/div>\n<div id=\"cmsmasters_divider_dpp34mcdj5\" class=\"cmsmasters_divider cmsmasters_divider_width_short cmsmasters_divider_pos_center\"><\/div>\n<div class=\"cmsmasters_sidebar sidebar_layout_11 sidebar-custom-menu\"><aside id=\"nav_menu-12\" class=\"widget widget_nav_menu\"><div class=\"menu-oddeleni-hto-container\"><ul id=\"menu-oddeleni-hto\" class=\"menu\"><li id=\"menu-item-18340\" class=\"menu-item menu-item-type-custom menu-item-object-custom menu-item-18340\"><a href=\"\/oddeleni\/hematologicko-transfuzni-oddeleni\/#popis-oddeleni\" data-ps2id-api=\"true\"><i class=\"fa-solid fa-info\"><\/i> Popis odd\u011blen\u00ed<\/a><\/li>\n<li id=\"menu-item-18341\" class=\"menu-item menu-item-type-custom menu-item-object-custom menu-item-18341\"><a href=\"\/oddeleni\/hematologicko-transfuzni-oddeleni\/#personalni-obsazeni\" data-ps2id-api=\"true\"><i class=\"fa-solid fa-user-doctor\"><\/i> Person\u00e1ln\u00ed obsazen\u00ed<\/a><\/li>\n<li id=\"menu-item-18342\" class=\"menu-item menu-item-type-custom menu-item-object-custom menu-item-18342\"><a href=\"\/oddeleni\/hematologicko-transfuzni-oddeleni\/#oteviraci-hodiny\" data-ps2id-api=\"true\"><i class=\"fa-regular fa-clock\"><\/i> Ordina\u010dn\u00ed hodiny<\/a><\/li>\n<li id=\"menu-item-18343\" class=\"menu-item menu-item-type-custom menu-item-object-custom menu-item-18343\"><a href=\"\/oddeleni\/hematologicko-transfuzni-oddeleni\/#kontaktni-informace\" data-ps2id-api=\"true\"><i class=\"fa-solid fa-phone\"><\/i> Kontaktn\u00ed informace<\/a><\/li>\n<li id=\"menu-item-18344\" class=\"menu-item menu-item-type-custom menu-item-object-custom menu-item-18344\"><a href=\"\/oddeleni\/hematologicko-transfuzni-oddeleni\/#kde-nas-najdete\" data-ps2id-api=\"true\"><i class=\"fa-solid fa-location-dot\"><\/i> Kde n\u00e1s najdete<\/a><\/li>\n<li id=\"menu-item-18345\" class=\"menu-item menu-item-type-custom menu-item-object-custom menu-item-18345\"><a href=\"\/oddeleni\/hematologicko-transfuzni-oddeleni\/#fotogalerie\" data-ps2id-api=\"true\"><i class=\"fa-solid fa-camera\"><\/i> Fotogalerie<\/a><\/li>\n<li id=\"menu-item-18346\" class=\"menu-custom-separator menu-item menu-item-type-custom menu-item-object-custom menu-item-18346\"><hr class=\"mhm-menu-separator\"><\/li>\n<li id=\"menu-item-23007\" class=\"static-link menu-item menu-item-type-custom menu-item-object-custom menu-item-23007\"><a href=\"\/oddeleni\/hematologicko-transfuzni-oddeleni\/hematologicka-ambulance\/\" data-ps2id-api=\"true\"><i class=\"fa-solid fa-house-medical\"><\/i> Ambulance<\/a><\/li>\n<li id=\"menu-item-18349\" class=\"static-link menu-item menu-item-type-custom menu-item-object-custom menu-item-18349\"><a href=\"\/oddeleni\/hematologicko-transfuzni-oddeleni\/Odberova-mistnost\/\" data-ps2id-api=\"true\"><i class=\"fa-solid fa-syringe\"><\/i> Odb\u011brov\u00e1 m\u00edstnost<\/a><\/li>\n<li id=\"menu-item-18347\" class=\"static-link menu-item menu-item-type-custom menu-item-object-custom menu-item-18347\"><a href=\"\/oddeleni\/hematologicko-transfuzni-oddeleni\/spektrum-pece\/\" data-ps2id-api=\"true\"><i class=\"fa-solid fa-stethoscope\"><\/i> Spektrum p\u00e9\u010de<\/a><\/li>\n<li id=\"menu-item-24852\" class=\"static-link menu-item menu-item-type-custom menu-item-object-custom menu-item-24852\"><a href=\"\/oddeleni\/hematologicko-transfuzni-oddeleni\/laboratorni-prirucky-a-zadanky\/\" data-ps2id-api=\"true\"><i class=\"fa-solid fa-paste\"><\/i> Laboratorn\u00ed p\u0159\u00edru\u010dky a \u017e\u00e1danky<\/a><\/li>\n<li id=\"menu-item-22975\" class=\"static-link menu-item menu-item-type-custom menu-item-object-custom menu-item-22975\"><a href=\"\/oddeleni\/hematologicko-transfuzni-oddeleni\/objednavka-transfuznich-pripravku\/\" data-ps2id-api=\"true\"><i class=\"fa-solid fa-clipboard-list\"><\/i> Objedn\u00e1vka transfuzn\u00edch p\u0159\u00edpravk\u016f<\/a><\/li>\n<li id=\"menu-item-22695\" class=\"menu-item menu-item-type-custom menu-item-object-custom menu-item-22695\"><a href=\"\/oddeleni\/hematologicko-transfuzni-oddeleni\/darci-krve-a-kostni-drene\/\" data-ps2id-api=\"true\"><i class=\"fa-solid fa-droplet\"><\/i>D\u00e1rci krve a kostn\u00ed d\u0159en\u011b<\/a><\/li>\n<\/ul><\/div><\/aside><div class=\"cl\"><\/div>\n<\/div>\n<\/div><\/div>\n<div id=\"cmsmasters_column_k7vlyuz4yq\" class=\"cmsmasters_column two_third\">\n<div class=\"cmsmasters_column_inner\"><div class=\"cmsmasters_text hide-index\">\n<p>Hematologick\u00e1 ambulance<\/p>\n<\/div>\n<div id=\"cmsmasters_heading_0cx4mcjjyd\" class=\"cmsmasters_heading_wrap cmsmasters_heading_align_left\">\n\t<h2 class=\"cmsmasters_heading\">Hematologick\u00e1 ambulance<\/h2>\n<\/div>\n<div id=\"cmsmasters_divider_hgdnxm8b9\" class=\"cmsmasters_divider cmsmasters_divider_width_short cmsmasters_divider_pos_left\"><\/div>\n<div id=\"cmsmasters_divider_ysg9zz4shf\" class=\"cl\"><\/div>\n<div class=\"cmsmasters_text\">\n<p><strong>Z d\u016fvodu dlouhodob\u00e9ho person\u00e1ln\u00edho oslaben\u00ed p\u0159ij\u00edm\u00e1me v sou\u010dasn\u00e9 dob\u011b nov\u00e9 pacienty jen z okresu Jihlava.<br \/>\nD\u011bkujeme za pochopen\u00ed.<\/strong><\/p>\n<section id='' \n                class='helpie-faq accordions ' \n                data-collection='' \n                data-pagination='0' \n                data-search='0' \n                data-pagination-enabled='0'\n                role='region'\n                aria-label='FAQ Section'\n                aria-live='polite'><article class=\"accordion \"><div class='helpie-faq-row'><div class='helpie-faq-col helpie-faq-col-12' ><ul><li class=\"accordion__item \"><div class=\"accordion__header \" \r\n                id=\"accordion-header-post-17615\"\r\n                role=\"button\"\r\n                aria-expanded=\"false\"\r\n                aria-controls=\"accordion-content-post-17615\"\r\n                data-id=\"post-17615\" \r\n                data-item=\"hfaq-post-17615\" \r\n                style=\"background:transparent;\" \r\n                data-tags=\"\"\r\n                tabindex=\"0\"><div class=\"accordion__title\">Hematologick\u00e1 ambulance<\/div><\/div><div id=\"accordion-content-post-17615\" \r\n                class=\"accordion__body\" \r\n                role=\"region\"\r\n                aria-labelledby=\"accordion-header-post-17615\"\r\n                style=\"background:transparent;\"><p>Zab\u00fdv\u00e1 se\u00a0diagnostikou, l\u00e9\u010dbou a dispenzarizac\u00ed nemocn\u00fdch s\u00a0hematologick\u00fdmi, hematoonkologick\u00fdmi chorobami a poruchami hemost\u00e1zy. Je zde zaji\u0161t\u011bna standardn\u00ed hematologick\u00e1 p\u00e9\u010de, v\u010detn\u011b aplikac\u00ed transfuzn\u00edch p\u0159\u00edpravk\u016f a krevn\u00edch deriv\u00e1t\u016f. Rozsah prov\u00e1d\u011bn\u00fdch v\u00fdkon\u016f, dostupnost slu\u017eeb a person\u00e1ln\u00ed obsazen\u00ed tohoto pracovi\u0161t\u011b spl\u0148uje po\u017eadavky stanoven\u00e9 hematologickou spole\u010dnost\u00ed pro standardn\u00ed hematologickou ambulanci. V\u00a0p\u0159\u00edpad\u011b pot\u0159eby jsou pacienti, kte\u0159\u00ed nevy\u017eaduj\u00ed intenzivn\u00ed p\u00e9\u010di, hospitalizov\u00e1ni na intern\u00edm nebo radioterapeutick\u00e9m odd\u011blen\u00ed Nemocnice Jihlava. L\u00e9ka\u0159i pracuj\u00edc\u00ed na ambulanci zaji\u0161\u0165uj\u00ed konzili\u00e1rn\u00ed vy\u0161et\u0159en\u00ed pro nemocnici v\u00a0oblasti hematologick\u00e9 problematiky.<\/p>\n<p><strong>K prvn\u00edmu vy\u0161et\u0159en\u00ed v hematologick\u00e9 ambulanci<\/strong> je t\u0159eba, aby se pacient dostavil <strong>osobn\u011b s doporu\u010den\u00edm od l\u00e9ka\u0159e<\/strong>. Dle po\u017eadavku je l\u00e9ka\u0159em zv\u00e1\u017eena nal\u00e9havost hematologick\u00e9ho vy\u0161et\u0159en\u00ed. Ve v\u00fdjime\u010dn\u00fdch p\u0159\u00edpadech (zhor\u0161en\u00e1 pohyblivost pacienta, nemo\u017enost se s\u00e1m dostavit) je postupov\u00e1no individu\u00e1ln\u011b a je mo\u017en\u00e9 objedn\u00e1n\u00ed telefonick\u00e9.<\/p>\n<table style=\"border-collapse: collapse;width: 99.2089%;height: 225px\" border=\"1\">\n<tbody>\n<tr style=\"height: 10px\">\n<td style=\"width: 16.9857%;height: 10px\"><strong>L\u00e9ka\u0159i:<\/strong><\/td>\n<td class=\"xl26\" style=\"width: 83.0143%;height: 10px\" width=\"256\"><span class=\"ui-provider ee bsj bsk bsl bsm bsn bso bsp bsq bsr bss bst bsu bsv bsw bsx bsy bsz bta btb btc btd bte btf btg bth bti btj btk btl btm btn bto btp btq\" dir=\"ltr\">MUDr. Ji\u0159ina G\u00e1likov\u00e1<\/span><br \/>\n<span class=\"ui-provider ee bsj bsk bsl bsm bsn bso bsp bsq bsr bss bst bsu bsv bsw bsx bsy bsz bta btb btc btd bte btf btg bth bti btj btk btl btm btn bto btp btq\" dir=\"ltr\">MUDr. Anna Kadlecov\u00e1\u00a0<\/span><br \/>\nMUDr. Miroslava Leinertov\u00e1<br \/>\nMUDr. Libor Dolej\u0161<\/td>\n<\/tr>\n<tr style=\"height: 18px\">\n<td style=\"width: 100%;height: 18px\" colspan=\"2\">\n<div>\n<hr \/>\n<\/div>\n<\/td>\n<\/tr>\n<tr style=\"height: 24px\">\n<td style=\"width: 16.9857%;height: 24px\"><strong>Telefon l\u00e9ka\u0159i:<\/strong><\/td>\n<td class=\"xl28\" style=\"width: 83.0143%;height: 24px\" width=\"256\" height=\"17\">+420 567 157 413<br \/>\n+420 567 157 769<\/td>\n<\/tr>\n<tr style=\"height: 18px\">\n<td style=\"width: 100%;height: 18px\" colspan=\"2\">\n<div>\n<hr \/>\n<\/div>\n<\/td>\n<\/tr>\n<tr style=\"height: 24px\">\n<td style=\"width: 16.9857%;height: 24px\"><strong>V\u0161eobecn\u00e9 sestry:<\/strong><\/td>\n<td style=\"width: 83.0143%;height: 24px\">Ivana Plod\u00edkov\u00e1<br \/>\nIrena And\u011blov\u00e1<br \/>\nDaniela Ratkovsk\u00e1<\/td>\n<\/tr>\n<tr style=\"height: 18px\">\n<td style=\"width: 100%;height: 18px\" colspan=\"2\">\n<div>\n<hr \/>\n<\/div>\n<\/td>\n<\/tr>\n<tr style=\"height: 24px\">\n<td style=\"width: 16.9857%;height: 24px\"><strong>Telefon sestry:<\/strong><\/td>\n<td style=\"width: 83.0143%;height: 24px\">+420 567 157 413<\/td>\n<\/tr>\n<tr style=\"height: 18px\">\n<td style=\"width: 100%;height: 18px\" colspan=\"2\">\n<div>\n<hr \/>\n<\/div>\n<\/td>\n<\/tr>\n<tr style=\"height: 28px\">\n<td style=\"width: 16.9857%;height: 29px\"><strong>Ordina\u010dn\u00ed hodiny:<\/strong><\/td>\n<td style=\"width: 83.0143%;height: 29px\">\n<table style=\"border-collapse: collapse;width: 100%\" border=\"1\">\n<tbody>\n<tr>\n<td style=\"width: 11.6175%\"><strong>PO &#8211; \u010cT:<\/strong><\/td>\n<td style=\"width: 88.3825%\">8:00 \u2013 14:00<\/td>\n<\/tr>\n<tr>\n<td style=\"width: 11.6175%\"><strong>P\u00c1TEK:<\/strong><\/td>\n<td style=\"width: 88.3825%\">7:00 \u2013 13:00<\/td>\n<\/tr>\n<\/tbody>\n<\/table>\n<\/td>\n<\/tr>\n<tr style=\"height: 18px\">\n<td style=\"width: 100%;height: 18px\" colspan=\"2\">\n<div>\n<hr \/>\n<\/div>\n<\/td>\n<\/tr>\n<tr style=\"height: 24px\">\n<td style=\"width: 16.9857%;height: 24px\"><strong>Kde n\u00e1s najdete:<br \/>\n<\/strong><\/td>\n<td style=\"width: 83.0143%;height: 24px\">Diagnostick\u00fd pavilon, 2. patro<\/td>\n<\/tr>\n<\/tbody>\n<\/table>\n<p>&nbsp;<\/p>\n<\/div><\/li><\/ul><\/div><\/div><\/article><\/section>\n<\/div>\n<\/div><\/div>\n<\/div>\n<\/div>\n<\/div>\n<\/div>\n<\/div>\n\n","protected":false},"excerpt":{"rendered":"","protected":false},"author":5,"featured_media":17123,"parent":18338,"menu_order":0,"comment_status":"closed","ping_status":"closed","template":"","meta":{"pgc_sgb_lightbox_settings":"","footnotes":"","_links_to":"","_links_to_target":""},"categories":[85],"class_list":["post-23002","page","type-page","status-publish","has-post-thumbnail","hentry","category-page-oddeleni"],"publishpress_future_action":{"enabled":false,"date":"2026-04-16 21:07:14","action":"change-status","newStatus":"draft","terms":[],"taxonomy":"category","extraData":[]},"publishpress_future_workflow_manual_trigger":{"enabledWorkflows":[]},"_links":{"self":[{"href":"https:\/\/webnemji.azurewebsites.net\/en\/wp-json\/wp\/v2\/pages\/23002","targetHints":{"allow":["GET"]}}],"collection":[{"href":"https:\/\/webnemji.azurewebsites.net\/en\/wp-json\/wp\/v2\/pages"}],"about":[{"href":"https:\/\/webnemji.azurewebsites.net\/en\/wp-json\/wp\/v2\/types\/page"}],"author":[{"embeddable":true,"href":"https:\/\/webnemji.azurewebsites.net\/en\/wp-json\/wp\/v2\/users\/5"}],"replies":[{"embeddable":true,"href":"https:\/\/webnemji.azurewebsites.net\/en\/wp-json\/wp\/v2\/comments?post=23002"}],"version-history":[{"count":0,"href":"https:\/\/webnemji.azurewebsites.net\/en\/wp-json\/wp\/v2\/pages\/23002\/revisions"}],"up":[{"embeddable":true,"href":"https:\/\/webnemji.azurewebsites.net\/en\/wp-json\/wp\/v2\/pages\/18338"}],"wp:featuredmedia":[{"embeddable":true,"href":"https:\/\/webnemji.azurewebsites.net\/en\/wp-json\/wp\/v2\/media\/17123"}],"wp:attachment":[{"href":"https:\/\/webnemji.azurewebsites.net\/en\/wp-json\/wp\/v2\/media?parent=23002"}],"wp:term":[{"taxonomy":"category","embeddable":true,"href":"https:\/\/webnemji.azurewebsites.net\/en\/wp-json\/wp\/v2\/categories?post=23002"}],"curies":[{"name":"wp","href":"https:\/\/api.w.org\/{rel}","templated":true}]}}