{"id":23033,"date":"2023-10-18T12:58:38","date_gmt":"2023-10-18T10:58:38","guid":{"rendered":"https:\/\/nemji.rs-kovarik.cz\/?page_id=23033"},"modified":"2023-10-20T08:20:41","modified_gmt":"2023-10-20T06:20:41","slug":"expektacni-luzka","status":"publish","type":"page","link":"https:\/\/webnemji.azurewebsites.net\/en\/oddeleni\/urgentni-prijem\/expektacni-luzka\/","title":{"rendered":"Expectant beds"},"content":{"rendered":"<div id=\"cmsmasters_row_6iluctg3hk\" class=\"cmsmasters_row cmsmasters_color_scheme_default cmsmasters_row_top_default cmsmasters_row_bot_default cmsmasters_row_boxed\">\n<div class=\"cmsmasters_row_outer_parent\">\n<div class=\"cmsmasters_row_overlay\"><\/div>\n<div class=\"cmsmasters_row_outer\">\n<div class=\"cmsmasters_row_inner\">\n<div class=\"cmsmasters_row_margin\">\n<div id=\"cmsmasters_column_sybg7he2sg\" class=\"cmsmasters_column one_first\">\n<div class=\"cmsmasters_column_inner\"><div id=\"cmsmasters_heading_b3c74b95a0\" class=\"cmsmasters_heading_wrap cmsmasters_heading_align_center pageheadingtitle\">\n\t<h1 class=\"cmsmasters_heading\">Urgentn\u00ed p\u0159\u00edjem<\/h1>\n<\/div>\n<\/div><\/div>\n<\/div>\n<\/div>\n<\/div>\n<\/div>\n<\/div>\n<div id=\"cmsmasters_row_ly5ze1hf8e\" class=\"cmsmasters_row cmsmasters_color_scheme_default cmsmasters_row_top_default cmsmasters_row_bot_default cmsmasters_row_boxed\">\n<div class=\"cmsmasters_row_outer_parent\">\n<div class=\"cmsmasters_row_outer\">\n<div class=\"cmsmasters_row_inner\">\n<div class=\"cmsmasters_row_margin\">\n<div id=\"cmsmasters_column_v67ee6nvg7\" class=\"cmsmasters_column one_first\">\n<div class=\"cmsmasters_column_inner\"><div class=\"cmsmasters_text\">\n<p><nav aria-label=\"breadcrumbs\">\n            <div class=\"breadcrumb-container theme1\">\n                <ol>\n                                    <\/ol>\n            <\/div>\n        <\/nav>    <script type=\"application\/ld+json\">\n        {\n            \"@context\": \"http:\/\/schema.org\",\n            \"@type\": \"BreadcrumbList\",\n            \"itemListElement\": [\n                            ]\n        }\n    <\/script>\n   \n    <script>\n            <\/script>\n<\/p>\n<\/div>\n<\/div><\/div>\n<\/div>\n<\/div>\n<\/div>\n<\/div>\n<\/div>\n<div id=\"cmsmasters_row_3f2f8816dd\" class=\"cmsmasters_row cmsmasters_color_scheme_default cmsmasters_row_top_default cmsmasters_row_bot_default cmsmasters_row_boxed\">\n<div class=\"cmsmasters_row_outer_parent\">\n<div class=\"cmsmasters_row_outer\">\n<div class=\"cmsmasters_row_inner\">\n<div class=\"cmsmasters_row_margin\">\n<div id=\"cmsmasters_column_0a1c5940f5\" class=\"cmsmasters_column one_third stickyinfocolumn\">\n<div class=\"cmsmasters_column_inner\"><div id=\"cmsmasters_heading_rva6m2t32d\" class=\"cmsmasters_heading_wrap cmsmasters_heading_align_center\">\n\t<h3 class=\"cmsmasters_heading\">Informace o odd\u011blen\u00ed<\/h3>\n<\/div>\n<div id=\"cmsmasters_divider_dpp34mcdj5\" class=\"cmsmasters_divider cmsmasters_divider_width_short cmsmasters_divider_pos_center\"><\/div>\n<div class=\"cmsmasters_sidebar sidebar_layout_11 sidebar-custom-menu\"><aside id=\"nav_menu-33\" class=\"widget widget_nav_menu\"><div class=\"menu-oddeleni-up-container\"><ul id=\"menu-oddeleni-up\" class=\"menu\"><li id=\"menu-item-22963\" class=\"menu-item menu-item-type-custom menu-item-object-custom menu-item-22963\"><a href=\"\/oddeleni\/urgentni-prijem\/#popis-oddeleni\" data-ps2id-api=\"true\"><i class=\"fa-solid fa-info\"><\/i> Popis odd\u011blen\u00ed<\/a><\/li>\n<li id=\"menu-item-22964\" class=\"menu-item menu-item-type-custom menu-item-object-custom menu-item-22964\"><a href=\"\/oddeleni\/urgentni-prijem\/#personalni-obsazeni\" data-ps2id-api=\"true\"><i class=\"fa-solid fa-user-doctor\"><\/i> Person\u00e1ln\u00ed obsazen\u00ed<\/a><\/li>\n<li id=\"menu-item-22965\" class=\"menu-item menu-item-type-custom menu-item-object-custom menu-item-22965\"><a href=\"\/oddeleni\/urgentni-prijem\/#ordinacni-hodiny\" data-ps2id-api=\"true\"><i class=\"fa-regular fa-clock\"><\/i> Ordina\u010dn\u00ed hodiny<\/a><\/li>\n<li id=\"menu-item-22966\" class=\"menu-item menu-item-type-custom menu-item-object-custom menu-item-22966\"><a href=\"\/oddeleni\/urgentni-prijem\/#kontaktni-informace\" data-ps2id-api=\"true\"><i class=\"fa-solid fa-phone\"><\/i> Kontaktn\u00ed informace<\/a><\/li>\n<li id=\"menu-item-22967\" class=\"menu-item menu-item-type-custom menu-item-object-custom menu-item-22967\"><a href=\"\/oddeleni\/urgentni-prijem\/#kde-nas-najdete\" data-ps2id-api=\"true\"><i class=\"fa-solid fa-location-dot\"><\/i> Kde n\u00e1s najdete<\/a><\/li>\n<li id=\"menu-item-22968\" class=\"menu-item menu-item-type-custom menu-item-object-custom menu-item-22968\"><a href=\"\/oddeleni\/urgentni-prijem\/#fotogalerie\" data-ps2id-api=\"true\"><i class=\"fa-solid fa-camera\"><\/i> Fotogalerie<\/a><\/li>\n<li id=\"menu-item-22969\" class=\"menu-custom-separator menu-item menu-item-type-custom menu-item-object-custom menu-item-22969\"><hr class=\"mhm-menu-separator\"><\/li>\n<li id=\"menu-item-22970\" class=\"static-link menu-item menu-item-type-custom menu-item-object-custom menu-item-22970\"><a href=\"\/oddeleni\/urgentni-prijem\/ambulance-ambulantni-trakt\/\" data-ps2id-api=\"true\"><i class=\"fa-solid fa-house-medical\"><\/i> Ambulance &#8211; Ambulantn\u00ed trakt<\/a><\/li>\n<li id=\"menu-item-26434\" class=\"static-link menu-item menu-item-type-custom menu-item-object-custom menu-item-26434\"><a href=\"\/oddeleni\/urgentni-prijem\/ambulance-urgentni-prijem\/\" data-ps2id-api=\"true\"><i class=\"fa-solid fa-house-medical\"><\/i> Ambulance &#8211; Urgentn\u00ed p\u0159\u00edjem<\/a><\/li>\n<li id=\"menu-item-28803\" class=\"static-link menu-item menu-item-type-custom menu-item-object-custom menu-item-28803\"><a href=\"\/oddeleni\/urgentni-prijem\/pohotovostni-sluzba\/\" data-ps2id-api=\"true\"><i class=\"fa-solid fa-kit-medical\"><\/i> Pohotovostn\u00ed slu\u017eba<\/a><\/li>\n<li id=\"menu-item-22971\" class=\"static-link menu-item menu-item-type-custom menu-item-object-custom menu-item-22971\"><a href=\"\/oddeleni\/urgentni-prijem\/crash-room\/\" data-ps2id-api=\"true\"><i class=\"fa-regular fa-circle-question\"><\/i> Crash Room<\/a><\/li>\n<li id=\"menu-item-22972\" class=\"static-link menu-item menu-item-type-custom menu-item-object-custom menu-item-22972\"><a href=\"\/oddeleni\/urgentni-prijem\/expektacni-luzka\/\" data-ps2id-api=\"true\"><i class=\"fa-solid fa-user-group\"><\/i> Expekta\u010dn\u00ed l\u016f\u017eka<\/a><\/li>\n<li id=\"menu-item-23109\" class=\"static-link menu-item menu-item-type-custom menu-item-object-custom menu-item-23109\"><a href=\"\/oddeleni\/centrum-sp-pece\/spis\/\" data-ps2id-api=\"true\"><i class=\"fa-solid fa-comment-medical\"><\/i>SPIS &#8211; &#8211; krizov\u00e1 intervence, psychick\u00e1 podpora<\/a><\/li>\n<li id=\"menu-item-26435\" class=\"static-link menu-item menu-item-type-custom menu-item-object-custom menu-item-26435\"><a href=\"\/informace-k-neschopenkam\/\" data-ps2id-api=\"true\"><i class=\"fa-brands fa-wpforms\"><\/i> Informace k neschopenk\u00e1m<\/a><\/li>\n<\/ul><\/div><\/aside><div class=\"cl\"><\/div>\n<\/div>\n<\/div><\/div>\n<div id=\"cmsmasters_column_k7vlyuz4yq\" class=\"cmsmasters_column two_third\">\n<div class=\"cmsmasters_column_inner\"><div id=\"cmsmasters_heading_0cx4mcjjyd\" class=\"cmsmasters_heading_wrap cmsmasters_heading_align_left\">\n\t<h2 class=\"cmsmasters_heading\">Expekta\u010dn\u00ed l\u016f\u017eka<\/h2>\n<\/div>\n<div id=\"cmsmasters_divider_hgdnxm8b9\" class=\"cmsmasters_divider cmsmasters_divider_width_short cmsmasters_divider_pos_left\"><\/div>\n<div class=\"cmsmasters_text\">\n<p>Tato \u010d\u00e1st urgentn\u00edho p\u0159\u00edjmu slou\u017e\u00ed pacient\u016fm, u kter\u00fdch nen\u00ed zcela jasn\u00e9, zda budou hospitalizovan\u00ed, \u010di zda budou l\u00e9\u010deni ambulantn\u011b. Na t\u011bchto l\u016f\u017ek\u00e1ch mohou pacienti podstoupit nejr\u016fzn\u011bj\u0161\u00ed vy\u0161et\u0159en\u00ed a kr\u00e1tkodobou terapii (a\u017e 24 hod), po jej\u00edm\u017e ukon\u010den\u00ed l\u00e9ka\u0159 definitivn\u011b rozhodne o dal\u0161\u00edm postupu (hospitalizace\/ambulantn\u00ed l\u00e9\u010dba).<\/p>\n<p>V jihlavsk\u00e9 nemocnici funguje 6 expekta\u010dn\u00edch l\u016f\u017eek.<\/p>\n<p>&nbsp;<\/p>\n<p><a href=\"\/wp-content\/uploads\/2023\/10\/CL8G8001.jpg\"><img loading=\"lazy\" decoding=\"async\" class=\"aligncenter wp-image-23018\" src=\"\/wp-content\/uploads\/2023\/10\/CL8G8001-1024x676.jpg\" alt=\"\" width=\"453\" height=\"299\" srcset=\"\/wp-content\/uploads\/2023\/10\/CL8G8001-1024x676.jpg 1024w, \/wp-content\/uploads\/2023\/10\/CL8G8001-300x198.jpg 300w, \/wp-content\/uploads\/2023\/10\/CL8G8001-768x507.jpg 768w, \/wp-content\/uploads\/2023\/10\/CL8G8001-1536x1014.jpg 1536w, \/wp-content\/uploads\/2023\/10\/CL8G8001-580x383.jpg 580w, \/wp-content\/uploads\/2023\/10\/CL8G8001-860x568.jpg 860w, \/wp-content\/uploads\/2023\/10\/CL8G8001-1160x766.jpg 1160w, \/wp-content\/uploads\/2023\/10\/CL8G8001.jpg 2000w\" sizes=\"auto, (max-width: 453px) 100vw, 453px\" \/><\/a><\/p>\n<\/div>\n<\/div><\/div>\n<\/div>\n<\/div>\n<\/div>\n<\/div>\n<\/div>\n\n","protected":false},"excerpt":{"rendered":"","protected":false},"author":1,"featured_media":22994,"parent":22984,"menu_order":0,"comment_status":"closed","ping_status":"closed","template":"","meta":{"pgc_sgb_lightbox_settings":"","footnotes":"","_links_to":"","_links_to_target":""},"categories":[85],"class_list":["post-23033","page","type-page","status-publish","has-post-thumbnail","hentry","category-page-oddeleni"],"publishpress_future_action":{"enabled":false,"date":"2026-04-21 13:32:37","action":"change-status","newStatus":"draft","terms":[],"taxonomy":"category","extraData":[]},"publishpress_future_workflow_manual_trigger":{"enabledWorkflows":[]},"_links":{"self":[{"href":"https:\/\/webnemji.azurewebsites.net\/en\/wp-json\/wp\/v2\/pages\/23033","targetHints":{"allow":["GET"]}}],"collection":[{"href":"https:\/\/webnemji.azurewebsites.net\/en\/wp-json\/wp\/v2\/pages"}],"about":[{"href":"https:\/\/webnemji.azurewebsites.net\/en\/wp-json\/wp\/v2\/types\/page"}],"author":[{"embeddable":true,"href":"https:\/\/webnemji.azurewebsites.net\/en\/wp-json\/wp\/v2\/users\/1"}],"replies":[{"embeddable":true,"href":"https:\/\/webnemji.azurewebsites.net\/en\/wp-json\/wp\/v2\/comments?post=23033"}],"version-history":[{"count":0,"href":"https:\/\/webnemji.azurewebsites.net\/en\/wp-json\/wp\/v2\/pages\/23033\/revisions"}],"up":[{"embeddable":true,"href":"https:\/\/webnemji.azurewebsites.net\/en\/wp-json\/wp\/v2\/pages\/22984"}],"wp:featuredmedia":[{"embeddable":true,"href":"https:\/\/webnemji.azurewebsites.net\/en\/wp-json\/wp\/v2\/media\/22994"}],"wp:attachment":[{"href":"https:\/\/webnemji.azurewebsites.net\/en\/wp-json\/wp\/v2\/media?parent=23033"}],"wp:term":[{"taxonomy":"category","embeddable":true,"href":"https:\/\/webnemji.azurewebsites.net\/en\/wp-json\/wp\/v2\/categories?post=23033"}],"curies":[{"name":"wp","href":"https:\/\/api.w.org\/{rel}","templated":true}]}}