{"id":23110,"date":"2023-10-18T15:00:46","date_gmt":"2023-10-18T13:00:46","guid":{"rendered":"https:\/\/nemji.rs-kovarik.cz\/?page_id=23110"},"modified":"2023-10-23T14:20:00","modified_gmt":"2023-10-23T12:20:00","slug":"intervence","status":"publish","type":"page","link":"https:\/\/webnemji.azurewebsites.net\/en\/oddeleni\/urgentni-prijem\/intervence\/","title":{"rendered":"Intervention"},"content":{"rendered":"<div id=\"cmsmasters_row_6iluctg3hk\" class=\"cmsmasters_row cmsmasters_color_scheme_default cmsmasters_row_top_default cmsmasters_row_bot_default cmsmasters_row_boxed\">\n<div class=\"cmsmasters_row_outer_parent\">\n<div class=\"cmsmasters_row_overlay\"><\/div>\n<div class=\"cmsmasters_row_outer\">\n<div class=\"cmsmasters_row_inner\">\n<div class=\"cmsmasters_row_margin\">\n<div id=\"cmsmasters_column_sybg7he2sg\" class=\"cmsmasters_column one_first\">\n<div class=\"cmsmasters_column_inner\"><div id=\"cmsmasters_heading_b3c74b95a0\" class=\"cmsmasters_heading_wrap cmsmasters_heading_align_center pageheadingtitle\">\n\t<h1 class=\"cmsmasters_heading\">Urgentn\u00ed p\u0159\u00edjem<\/h1>\n<\/div>\n<\/div><\/div>\n<\/div>\n<\/div>\n<\/div>\n<\/div>\n<\/div>\n<div id=\"cmsmasters_row_ly5ze1hf8e\" class=\"cmsmasters_row cmsmasters_color_scheme_default cmsmasters_row_top_default cmsmasters_row_bot_default cmsmasters_row_boxed\">\n<div class=\"cmsmasters_row_outer_parent\">\n<div class=\"cmsmasters_row_outer\">\n<div class=\"cmsmasters_row_inner\">\n<div class=\"cmsmasters_row_margin\">\n<div id=\"cmsmasters_column_v67ee6nvg7\" class=\"cmsmasters_column one_first\">\n<div class=\"cmsmasters_column_inner\"><div class=\"cmsmasters_text\">\n<p><nav aria-label=\"breadcrumbs\">\n            <div class=\"breadcrumb-container theme1\">\n                <ol>\n                                    <\/ol>\n            <\/div>\n        <\/nav>    <script type=\"application\/ld+json\">\n        {\n            \"@context\": \"http:\/\/schema.org\",\n            \"@type\": \"BreadcrumbList\",\n            \"itemListElement\": [\n                            ]\n        }\n    <\/script>\n   \n    <script>\n            <\/script>\n<\/p>\n<\/div>\n<\/div><\/div>\n<\/div>\n<\/div>\n<\/div>\n<\/div>\n<\/div>\n<div id=\"cmsmasters_row_3f2f8816dd\" class=\"cmsmasters_row cmsmasters_color_scheme_default cmsmasters_row_top_default cmsmasters_row_bot_default cmsmasters_row_boxed\">\n<div class=\"cmsmasters_row_outer_parent\">\n<div class=\"cmsmasters_row_outer\">\n<div class=\"cmsmasters_row_inner\">\n<div class=\"cmsmasters_row_margin\">\n<div id=\"cmsmasters_column_0a1c5940f5\" class=\"cmsmasters_column one_third stickyinfocolumn\">\n<div class=\"cmsmasters_column_inner\"><div id=\"cmsmasters_heading_rva6m2t32d\" class=\"cmsmasters_heading_wrap cmsmasters_heading_align_center\">\n\t<h3 class=\"cmsmasters_heading\">Informace o odd\u011blen\u00ed<\/h3>\n<\/div>\n<div id=\"cmsmasters_divider_dpp34mcdj5\" class=\"cmsmasters_divider cmsmasters_divider_width_short cmsmasters_divider_pos_center\"><\/div>\n<div class=\"cmsmasters_sidebar sidebar_layout_11 sidebar-custom-menu\"><aside id=\"nav_menu-33\" class=\"widget widget_nav_menu\"><div class=\"menu-oddeleni-up-container\"><ul id=\"menu-oddeleni-up\" class=\"menu\"><li id=\"menu-item-22963\" class=\"menu-item menu-item-type-custom menu-item-object-custom menu-item-22963\"><a href=\"\/oddeleni\/urgentni-prijem\/#popis-oddeleni\" data-ps2id-api=\"true\"><i class=\"fa-solid fa-info\"><\/i> Popis odd\u011blen\u00ed<\/a><\/li>\n<li id=\"menu-item-22964\" class=\"menu-item menu-item-type-custom menu-item-object-custom menu-item-22964\"><a href=\"\/oddeleni\/urgentni-prijem\/#personalni-obsazeni\" data-ps2id-api=\"true\"><i class=\"fa-solid fa-user-doctor\"><\/i> Person\u00e1ln\u00ed obsazen\u00ed<\/a><\/li>\n<li id=\"menu-item-22965\" class=\"menu-item menu-item-type-custom menu-item-object-custom menu-item-22965\"><a href=\"\/oddeleni\/urgentni-prijem\/#ordinacni-hodiny\" data-ps2id-api=\"true\"><i class=\"fa-regular fa-clock\"><\/i> Ordina\u010dn\u00ed hodiny<\/a><\/li>\n<li id=\"menu-item-22966\" class=\"menu-item menu-item-type-custom menu-item-object-custom menu-item-22966\"><a href=\"\/oddeleni\/urgentni-prijem\/#kontaktni-informace\" data-ps2id-api=\"true\"><i class=\"fa-solid fa-phone\"><\/i> Kontaktn\u00ed informace<\/a><\/li>\n<li id=\"menu-item-22967\" class=\"menu-item menu-item-type-custom menu-item-object-custom menu-item-22967\"><a href=\"\/oddeleni\/urgentni-prijem\/#kde-nas-najdete\" data-ps2id-api=\"true\"><i class=\"fa-solid fa-location-dot\"><\/i> Kde n\u00e1s najdete<\/a><\/li>\n<li id=\"menu-item-22968\" class=\"menu-item menu-item-type-custom menu-item-object-custom menu-item-22968\"><a href=\"\/oddeleni\/urgentni-prijem\/#fotogalerie\" data-ps2id-api=\"true\"><i class=\"fa-solid fa-camera\"><\/i> Fotogalerie<\/a><\/li>\n<li id=\"menu-item-22969\" class=\"menu-custom-separator menu-item menu-item-type-custom menu-item-object-custom menu-item-22969\"><hr class=\"mhm-menu-separator\"><\/li>\n<li id=\"menu-item-22970\" class=\"static-link menu-item menu-item-type-custom menu-item-object-custom menu-item-22970\"><a href=\"\/oddeleni\/urgentni-prijem\/ambulance-ambulantni-trakt\/\" data-ps2id-api=\"true\"><i class=\"fa-solid fa-house-medical\"><\/i> Ambulance &#8211; Ambulantn\u00ed trakt<\/a><\/li>\n<li id=\"menu-item-26434\" class=\"static-link menu-item menu-item-type-custom menu-item-object-custom menu-item-26434\"><a href=\"\/oddeleni\/urgentni-prijem\/ambulance-urgentni-prijem\/\" data-ps2id-api=\"true\"><i class=\"fa-solid fa-house-medical\"><\/i> Ambulance &#8211; Urgentn\u00ed p\u0159\u00edjem<\/a><\/li>\n<li id=\"menu-item-28803\" class=\"static-link menu-item menu-item-type-custom menu-item-object-custom menu-item-28803\"><a href=\"\/oddeleni\/urgentni-prijem\/pohotovostni-sluzba\/\" data-ps2id-api=\"true\"><i class=\"fa-solid fa-kit-medical\"><\/i> Pohotovostn\u00ed slu\u017eba<\/a><\/li>\n<li id=\"menu-item-22971\" class=\"static-link menu-item menu-item-type-custom menu-item-object-custom menu-item-22971\"><a href=\"\/oddeleni\/urgentni-prijem\/crash-room\/\" data-ps2id-api=\"true\"><i class=\"fa-regular fa-circle-question\"><\/i> Crash Room<\/a><\/li>\n<li id=\"menu-item-22972\" class=\"static-link menu-item menu-item-type-custom menu-item-object-custom menu-item-22972\"><a href=\"\/oddeleni\/urgentni-prijem\/expektacni-luzka\/\" data-ps2id-api=\"true\"><i class=\"fa-solid fa-user-group\"><\/i> Expekta\u010dn\u00ed l\u016f\u017eka<\/a><\/li>\n<li id=\"menu-item-23109\" class=\"static-link menu-item menu-item-type-custom menu-item-object-custom menu-item-23109\"><a href=\"\/oddeleni\/centrum-sp-pece\/spis\/\" data-ps2id-api=\"true\"><i class=\"fa-solid fa-comment-medical\"><\/i>SPIS &#8211; &#8211; krizov\u00e1 intervence, psychick\u00e1 podpora<\/a><\/li>\n<li id=\"menu-item-26435\" class=\"static-link menu-item menu-item-type-custom menu-item-object-custom menu-item-26435\"><a href=\"\/informace-k-neschopenkam\/\" data-ps2id-api=\"true\"><i class=\"fa-brands fa-wpforms\"><\/i> Informace k neschopenk\u00e1m<\/a><\/li>\n<\/ul><\/div><\/aside><div class=\"cl\"><\/div>\n<\/div>\n<\/div><\/div>\n<div id=\"cmsmasters_column_k7vlyuz4yq\" class=\"cmsmasters_column two_third\">\n<div class=\"cmsmasters_column_inner\"><div id=\"cmsmasters_heading_0cx4mcjjyd\" class=\"cmsmasters_heading_wrap cmsmasters_heading_align_left\">\n\t<h2 class=\"cmsmasters_heading\"> Psychosoci\u00e1ln\u00ed interven\u010dn\u00ed a podp\u016frn\u00fd t\u00fdm Nemocnice Jihlava<\/h2>\n<\/div>\n<div id=\"cmsmasters_divider_hgdnxm8b9\" class=\"cmsmasters_divider cmsmasters_divider_width_short cmsmasters_divider_pos_left\"><\/div>\n<div class=\"cmsmasters_text\">\n<p>N\u011bkdo smutkem pl\u00e1\u010de a \u0159ve, n\u011bkdo ml\u010d\u00ed. U n\u011bkoho se tyto stavy st\u0159\u00eddaj\u00ed. Obrovsk\u00e1 pr\u00e1ce s tichem, trp\u011blivost, pomocn\u00e1 ruka. To v\u0161e pot\u0159ebuj\u00ed lid\u00e9, kte\u0159\u00ed se setkaj\u00ed ne\u010dekan\u011b se smrt\u00ed sv\u00e9ho bl\u00edzk\u00e9ho. Jak \u0159\u00edct mal\u00e9mu d\u00edt\u011bti, \u017ee mu zem\u0159ela maminka? Pro\u010d je d\u016fle\u017eit\u00e9 oplakat smrt man\u017eela p\u0159i dopravn\u00ed nehod\u011b?<\/p>\n<p>&nbsp;<\/p>\n<h5><strong>Kontaktn\u00ed osoby:<\/strong><\/h5>\n<\/div>\n<div class=\"cmsmasters_text\">\n<div class=\"abcfslGridCntr personalni-obsazeni abcfslMLRAuto slv174_t19992_L abcfslGridCntr_19992\"><div class=\"abcfslItemCntrLst abcfslPadBMB30 abcfClrFix\" style=\"padding-bottom: 0;\"><div class=\"abcfslLstCol abcfslLstCol-4 abcfslImgColLst\"><div class=\"abcfslImgCntrLst abcfslMLRPc\"><img decoding=\"async\"  src=\"\/wp-content\/uploads\/2023\/10\/matlova-min-796x1024.png\" class=\"ProfileImage\" alt=\"Bc. Ivana M\u00e1tlov\u00e1\"  itemprop=\"image\"  \/><\/div><\/div><div class=\"abcfslLstCol abcfslLstCol-8 abcfslTxtColLst\"><div class=\"abcfslTxtCntrLst  abcfslPadLPc5\" style=\"padding-left: 20px;\"><h4 class=\"abcfslF18_6 MP-F1\"><span class=\"abcfslSpanMP2\">Bc. Ivana <\/span><span class=\"abcfslSpanMP1\">M\u00e1tlov\u00e1 <\/span><\/h4><h5 class=\"abcfslF14_6 T-F2\">Koordin\u00e1tor t\u00fdmu, intervent, Peer, intervizor pro SPIS, komunikace v krizi<\/h5><div class=\"abcfslMT10  abcfslF14 profile-department-link CE-F8\"><p><a href=\"\/oddeleni\/urgentni-prijem\/intervence\/\">Interven\u010dn\u00ed slu\u017eba<\/a>, SPIS<\/p>\n<\/div><div class=\"abcfslMT5  abcfslF14 LT-F5\"><span><i class=\"fa-solid fa-envelope\"><\/i>\u00a0&nbsp;<\/span><span class=\"profile-department-link\"><a href=\"mailto:matlovai@nemji.cz\">matlovai@nemji.cz<\/a><\/span><\/div><div class=\"abcfslMT5  abcfslF14 LT-F4\"><span><i class=\"fa-solid fa-phone\"><\/i>\u00a0&nbsp;<\/span><span class=\"profile-department-link\"><a href=\"tel:+420730843928\">+420 730 843 928<\/a><\/span><\/div><\/div><\/div><\/div><div class=\"abcfslItemCntrLst abcfslPadBMB30 abcfClrFix\" style=\"padding-bottom: 0;\"><div class=\"abcfslLstCol abcfslLstCol-4 abcfslImgColLst\"><div class=\"abcfslImgCntrLst abcfslMLRPc\"><img decoding=\"async\"  src=\"\/wp-content\/uploads\/2023\/10\/klimova-min-796x1024.png\" class=\"ProfileImage\" alt=\"Mgr. Ivana Kl\u00edmov\u00e1\"  itemprop=\"image\"  \/><\/div><\/div><div class=\"abcfslLstCol abcfslLstCol-8 abcfslTxtColLst\"><div class=\"abcfslTxtCntrLst  abcfslPadLPc5\" style=\"padding-left: 20px;\"><h4 class=\"abcfslF18_6 MP-F1\"><span class=\"abcfslSpanMP2\">Mgr. Ivana <\/span><span class=\"abcfslSpanMP1\">Kl\u00edmov\u00e1 <\/span><\/h4><h5 class=\"abcfslF14_6 T-F2\">Intervent<\/h5><div class=\"abcfslMT10  abcfslF14 profile-department-link CE-F8\"><p><a href=\"\/oddeleni\/urgentni-prijem\/intervence\/\">Interven\u010dn\u00ed slu\u017eba<\/a><\/p>\n<\/div><div class=\"abcfslMT5  abcfslF14 LT-F5\"><span><i class=\"fa-solid fa-envelope\"><\/i>\u00a0&nbsp;<\/span><span class=\"profile-department-link\"><a href=\"mailto:klimovai@nemji.cz\">klimovai@nemji.cz<\/a><\/span><\/div><div class=\"abcfslMT5  abcfslF14 LT-F4\"><span><i class=\"fa-solid fa-phone\"><\/i>\u00a0&nbsp;<\/span><span class=\"profile-department-link\"><a href=\"tel:+420567157457\">+420 567 157 457<\/a><\/span><\/div><\/div><\/div><\/div><div class=\"abcfslItemCntrLst abcfslPadBMB30 abcfClrFix\" style=\"padding-bottom: 0;\"><div class=\"abcfslLstCol abcfslLstCol-4 abcfslImgColLst\"><div class=\"abcfslImgCntrLst abcfslMLRPc\"><img decoding=\"async\"  src=\"\/wp-content\/uploads\/2023\/10\/dobrovolna-min-796x1024.png\" class=\"ProfileImage\" alt=\"Bc. Andrea Dobrovoln\u00e1, DiS.\"  itemprop=\"image\"  \/><\/div><\/div><div class=\"abcfslLstCol abcfslLstCol-8 abcfslTxtColLst\"><div class=\"abcfslTxtCntrLst  abcfslPadLPc5\" style=\"padding-left: 20px;\"><h4 class=\"abcfslF18_6 MP-F1\"><span class=\"abcfslSpanMP2\">Bc. Andrea <\/span><span class=\"abcfslSpanMP1\">Dobrovoln\u00e1, DiS. <\/span><\/h4><h5 class=\"abcfslF14_6 T-F2\">Intervent<\/h5><div class=\"abcfslMT10  abcfslF14 profile-department-link CE-F8\"><p><a href=\"\/oddeleni\/urgentni-prijem\/intervence\/\">Interven\u010dn\u00ed slu\u017eba<\/a><\/p>\n<\/div><div class=\"abcfslMT5  abcfslF14 LT-F5\"><span><i class=\"fa-solid fa-envelope\"><\/i>\u00a0&nbsp;<\/span><span class=\"profile-department-link\"><a href=\"mailto:dobrovolnaa@nemji.cz\">dobrovolnaa@nemji.cz<\/a><\/span><\/div><div class=\"abcfslMT5  abcfslF14 LT-F4\"><span><i class=\"fa-solid fa-phone\"><\/i>\u00a0&nbsp;<\/span><span class=\"profile-department-link\"><a href=\"tel:+420567157457\">+420 567 157 457<\/a><\/span><\/div><\/div><\/div><\/div><\/div>\n<\/div>\n<div id=\"cmsmasters_divider_j6lvi2066\" class=\"cl\"><\/div>\n<div class=\"cmsmasters_text\">\n<p><a href=\"\/wp-content\/uploads\/2023\/10\/intervence.png\"><img loading=\"lazy\" decoding=\"async\" class=\"aligncenter wp-image-23393\" src=\"\/wp-content\/uploads\/2023\/10\/intervence.png\" alt=\"\" width=\"301\" height=\"421\" srcset=\"\/wp-content\/uploads\/2023\/10\/intervence.png 538w, \/wp-content\/uploads\/2023\/10\/intervence-214x300.png 214w\" sizes=\"auto, (max-width: 301px) 100vw, 301px\" \/><\/a><\/p>\n<\/div>\n<\/div><\/div>\n<\/div>\n<\/div>\n<\/div>\n<\/div>\n<\/div>\n\n","protected":false},"excerpt":{"rendered":"","protected":false},"author":1,"featured_media":22994,"parent":22984,"menu_order":0,"comment_status":"closed","ping_status":"closed","template":"","meta":{"pgc_sgb_lightbox_settings":"","footnotes":"","_links_to":"","_links_to_target":""},"categories":[85],"class_list":["post-23110","page","type-page","status-publish","has-post-thumbnail","hentry","category-page-oddeleni"],"publishpress_future_action":{"enabled":false,"date":"2026-04-11 12:18:40","action":"change-status","newStatus":"draft","terms":[],"taxonomy":"category","extraData":[]},"publishpress_future_workflow_manual_trigger":{"enabledWorkflows":[]},"_links":{"self":[{"href":"https:\/\/webnemji.azurewebsites.net\/en\/wp-json\/wp\/v2\/pages\/23110","targetHints":{"allow":["GET"]}}],"collection":[{"href":"https:\/\/webnemji.azurewebsites.net\/en\/wp-json\/wp\/v2\/pages"}],"about":[{"href":"https:\/\/webnemji.azurewebsites.net\/en\/wp-json\/wp\/v2\/types\/page"}],"author":[{"embeddable":true,"href":"https:\/\/webnemji.azurewebsites.net\/en\/wp-json\/wp\/v2\/users\/1"}],"replies":[{"embeddable":true,"href":"https:\/\/webnemji.azurewebsites.net\/en\/wp-json\/wp\/v2\/comments?post=23110"}],"version-history":[{"count":0,"href":"https:\/\/webnemji.azurewebsites.net\/en\/wp-json\/wp\/v2\/pages\/23110\/revisions"}],"up":[{"embeddable":true,"href":"https:\/\/webnemji.azurewebsites.net\/en\/wp-json\/wp\/v2\/pages\/22984"}],"wp:featuredmedia":[{"embeddable":true,"href":"https:\/\/webnemji.azurewebsites.net\/en\/wp-json\/wp\/v2\/media\/22994"}],"wp:attachment":[{"href":"https:\/\/webnemji.azurewebsites.net\/en\/wp-json\/wp\/v2\/media?parent=23110"}],"wp:term":[{"taxonomy":"category","embeddable":true,"href":"https:\/\/webnemji.azurewebsites.net\/en\/wp-json\/wp\/v2\/categories?post=23110"}],"curies":[{"name":"wp","href":"https:\/\/api.w.org\/{rel}","templated":true}]}}