{"id":23115,"date":"2023-10-19T06:55:45","date_gmt":"2023-10-19T04:55:45","guid":{"rendered":"https:\/\/nemji.rs-kovarik.cz\/?page_id=23115"},"modified":"2024-03-13T07:45:51","modified_gmt":"2024-03-13T06:45:51","slug":"clenove-vedecke-rady","status":"publish","type":"page","link":"https:\/\/webnemji.azurewebsites.net\/en\/vedecka-rada\/clenove-vedecke-rady\/","title":{"rendered":"Scientific Council"},"content":{"rendered":"<div id=\"cmsmasters_row_ksciwp6ujf\" class=\"cmsmasters_row cmsmasters_color_scheme_default heroblocks cmsmasters_row_top_default cmsmasters_row_bot_default cmsmasters_row_boxed\">\n<div id=\"heroboxes\" class=\"cmsmasters_row_outer_parent\">\n<div class=\"cmsmasters_row_overlay\"><\/div>\n<div class=\"cmsmasters_row_outer\">\n<div class=\"cmsmasters_row_inner\">\n<div class=\"cmsmasters_row_margin\">\n<div id=\"cmsmasters_column_bxgnwqgwt\" class=\"cmsmasters_column one_first\">\n<div class=\"cmsmasters_column_inner\"><div id=\"cmsmasters_heading_mkdgjovddq\" class=\"cmsmasters_heading_wrap cmsmasters_heading_align_center pageheadingtitle\" data-animation=\"fadeIn\" data-delay=\"100\">\n\t<h1 class=\"cmsmasters_heading\">V\u011bdeck\u00e1 rada<\/h1>\n<\/div><div id=\"cmsmasters_heading_gb7vg9rtje\" class=\"cmsmasters_heading_wrap cmsmasters_heading_align_center\" data-animation=\"fadeIn\" data-delay=\"150\">\n\t<h3 class=\"cmsmasters_heading\">Nemocnice Jihlava, p\u0159\u00edsp\u011bvkov\u00e1 organizace<\/h3>\n<\/div>\n<\/div><\/div>\n<\/div>\n<\/div>\n<\/div>\n<\/div>\n<\/div>\n<div id=\"cmsmasters_row_bj7zxjapxj\" class=\"cmsmasters_row cmsmasters_color_scheme_default cmsmasters_row_top_default cmsmasters_row_bot_default cmsmasters_row_boxed\">\n<div class=\"cmsmasters_row_outer_parent\">\n<div class=\"cmsmasters_row_outer\">\n<div class=\"cmsmasters_row_inner\">\n<div class=\"cmsmasters_row_margin\">\n<div id=\"cmsmasters_column_22eksm2374\" class=\"cmsmasters_column one_first\">\n<div class=\"cmsmasters_column_inner\"><div class=\"cmsmasters_text\">\n<p><nav aria-label=\"breadcrumbs\">\n            <div class=\"breadcrumb-container theme1\">\n                <ol>\n                                    <\/ol>\n            <\/div>\n        <\/nav>    <script type=\"application\/ld+json\">\n        {\n            \"@context\": \"http:\/\/schema.org\",\n            \"@type\": \"BreadcrumbList\",\n            \"itemListElement\": [\n                            ]\n        }\n    <\/script>\n   \n    <script>\n            <\/script>\n<\/p>\n<\/div>\n<\/div><\/div>\n<\/div>\n<\/div>\n<\/div>\n<\/div>\n<\/div>\n<div id=\"cmsmasters_row_5gr16na4ms\" class=\"cmsmasters_row cmsmasters_color_scheme_default cmsmasters_row_top_default cmsmasters_row_bot_default cmsmasters_row_boxed\">\n<div class=\"cmsmasters_row_outer_parent\">\n<div class=\"cmsmasters_row_outer\">\n<div class=\"cmsmasters_row_inner\">\n<div class=\"cmsmasters_row_margin\">\n<div id=\"cmsmasters_column_xonfjk045g\" class=\"cmsmasters_column one_third stickyinfocolumn\">\n<div class=\"cmsmasters_column_inner\"><div id=\"cmsmasters_heading_luukg1lxw\" class=\"cmsmasters_heading_wrap cmsmasters_heading_align_center\">\n\t<h3 class=\"cmsmasters_heading\">V\u011bdeck\u00e1 rada<\/h3>\n<\/div>\n<div id=\"cmsmasters_divider_09kab0ikwl\" class=\"cmsmasters_divider cmsmasters_divider_width_short cmsmasters_divider_pos_center\"><\/div>\n<div class=\"cmsmasters_sidebar sidebar_layout_11 sidebar-custom-menu\"><aside id=\"nav_menu-35\" class=\"widget widget_nav_menu\"><div class=\"menu-vedecka-rada-container\"><ul id=\"menu-vedecka-rada\" class=\"menu\"><li id=\"menu-item-23704\" class=\"static-link menu-item menu-item-type-custom menu-item-object-custom menu-item-23704\"><a href=\"\/vedecka-rada\/\" data-ps2id-api=\"true\"><i class=\"fa-solid fa-circle-question\"><\/i> Z\u00e1kladn\u00ed informace<\/a><\/li>\n<li id=\"menu-item-23117\" class=\"static-link menu-item menu-item-type-custom menu-item-object-custom menu-item-23117\"><a href=\"\/vedecka-rada\/clenove-vedecke-rady\/\" data-ps2id-api=\"true\"><i class=\"fa-solid fa-users\"><\/i> \u010clenov\u00e9 v\u011bdeck\u00e9 rady<\/a><\/li>\n<li id=\"menu-item-23118\" class=\"static-link menu-item menu-item-type-custom menu-item-object-custom menu-item-23118\"><a href=\"\/vedecka-rada\/dokumenty\/\" data-ps2id-api=\"true\"><i class=\"fa-solid fa-file\"><\/i> Dokumenty<\/a><\/li>\n<li id=\"menu-item-23119\" class=\"static-link menu-item menu-item-type-custom menu-item-object-custom menu-item-23119\"><a href=\"\/vedecka-rada\/prednaskova-a-publikacni-cinnost\/\" data-ps2id-api=\"true\"><i class=\"fa-solid fa-book-medical\"><\/i> P\u0159edn\u00e1\u0161kov\u00e1 a publika\u010dn\u00ed \u010dinnost<\/a><\/li>\n<\/ul><\/div><\/aside><div class=\"cl\"><\/div>\n<\/div>\n<\/div><\/div>\n<div id=\"cmsmasters_column_bo0xyc1mnm\" class=\"cmsmasters_column two_third\">\n<div class=\"cmsmasters_column_inner\"><div id=\"cmsmasters_heading_19qdr5f6te\" class=\"cmsmasters_heading_wrap cmsmasters_heading_align_left\">\n\t<h2 class=\"cmsmasters_heading\">\u010clenov\u00e9 v\u011bdeck\u00e9 rady<\/h2>\n<\/div>\n<div id=\"cmsmasters_divider_55oq46kd3\" class=\"cmsmasters_divider cmsmasters_divider_width_short cmsmasters_divider_pos_left\"><\/div>\n<div class=\"cmsmasters_text personalni-obsazeni\">\n<div class=\"abcfslGridCntr personalni-obsazeni abcfslMLRAuto slv174_t19992_L abcfslGridCntr_19992\"><div class=\"abcfslItemCntrLst abcfslPadBMB30 abcfClrFix\" style=\"padding-bottom: 0;\"><div class=\"abcfslLstCol abcfslLstCol-4 abcfslImgColLst\"><div class=\"abcfslImgCntrLst abcfslMLRPc\"><img decoding=\"async\"  src=\"\/wp-content\/uploads\/2023\/10\/nevoralova-1-796x1024.jpg\" class=\"ProfileImage\" alt=\"MUDr. Zuzana Nevoralov\u00e1, Ph.D.\"  itemprop=\"image\"  \/><\/div><\/div><div class=\"abcfslLstCol abcfslLstCol-8 abcfslTxtColLst\"><div class=\"abcfslTxtCntrLst  abcfslPadLPc5\" style=\"padding-left: 20px;\"><h4 class=\"abcfslF18_6 MP-F1\"><span class=\"abcfslSpanMP2\">MUDr. Zuzana <\/span><span class=\"abcfslSpanMP1\">Nevoralov\u00e1, Ph.D. <\/span><\/h4><h5 class=\"abcfslF14_6 T-F2\">P\u0159edsedkyn\u011b V\u011bdeck\u00e9 rady JIMEA, Z\u00e1stupce prim\u00e1\u0159e<\/h5><div class=\"abcfslMT10  abcfslF14 profile-department-link CE-F8\"><p><a href=\"\/oddeleni\/kozni-oddeleni\/\">Ko\u017en\u00ed odd\u011blen\u00ed<\/a>, <a href=\"\/eticka-komise\/\">Etick\u00e1 komise<\/a>,\u00a0<a href=\"\/vedecka-rada\/\">V\u011bdeck\u00e1 rada<\/a>,\u00a0<a href=\"\/jihlavska-medicinska-akademie\/\">JIMEA<\/a><\/p>\n<\/div><div class=\"abcfslMT5  abcfslF14 LT-F5\"><span><i class=\"fa-solid fa-envelope\"><\/i>\u00a0&nbsp;<\/span><span class=\"profile-department-link\"><a href=\"mailto:nevoralovaz@nemji.cz\">nevoralovaz@nemji.cz<\/a><\/span><\/div><div class=\"abcfslMT5  abcfslF14 LT-F4\"><span><i class=\"fa-solid fa-phone\"><\/i>\u00a0&nbsp;<\/span><span class=\"profile-department-link\"><a href=\"tel:+420567157494\">+420 567 157 494<\/a><\/span><\/div><\/div><\/div><\/div><div class=\"abcfslItemCntrLst abcfslPadBMB30 abcfClrFix\" style=\"padding-bottom: 0;\"><div class=\"abcfslLstCol abcfslLstCol-4 abcfslImgColLst\"><div class=\"abcfslImgCntrLst abcfslMLRPc\"><a href=\"https:\/\/www.nemji.cz\/profil\/skoda\/\" target=\"_blank\" rel=\"noopener\"><img decoding=\"async\"  src=\"\/wp-content\/uploads\/2023\/10\/mnf_00000474pas-797x1024.jpg\" class=\"ProfileImage\" alt=\"MUDr. Ond\u0159ej \u0160koda, Ph.D. FESO\"  itemprop=\"image\"  \/><\/a><\/div><\/div><div class=\"abcfslLstCol abcfslLstCol-8 abcfslTxtColLst\"><div class=\"abcfslTxtCntrLst  abcfslPadLPc5\" style=\"padding-left: 20px;\"><h4 class=\"abcfslF18_6 MP-F1\"><span class=\"abcfslSpanMP2\">MUDr. Ond\u0159ej <\/span><span class=\"abcfslSpanMP1\">\u0160koda, Ph.D. FESO <\/span><\/h4><h5 class=\"abcfslF14_6 T-F2\">N\u00e1m\u011bstek pro v\u011bdu, v\u00fdzkum a \u0161kolstv\u00ed, M\u00edstop\u0159edseda V\u011bdeck\u00e9 rady JIMEA, prim\u00e1\u0159<\/h5><div class=\"abcfslMT10  abcfslF14 profile-department-link CE-F8\"><p><a href=\"\/oddeleni\/neurologicke-oddeleni\/\">Neurologick\u00e9 odd\u011blen\u00ed<\/a>,\u00a0<a href=\"\/vedecka-rada\/\">V\u011bdeck\u00e1 rada, V<\/a><a href=\"\/kontakty\/vedeni-nemocnice\/\">eden\u00ed nemocnice<\/a><\/p>\n<\/div><div class=\"abcfslMT5  abcfslF14 LT-F5\"><span><i class=\"fa-solid fa-envelope\"><\/i>\u00a0&nbsp;<\/span><span class=\"profile-department-link\"><a href=\"mailto:skodao@nemji.cz\">skodao@nemji.cz<\/a><\/span><\/div><div class=\"abcfslMT5  abcfslF14 LT-F4\"><span><i class=\"fa-solid fa-phone\"><\/i>\u00a0&nbsp;<\/span><span class=\"profile-department-link\"><a href=\"tel:+420567157251\">+420 567 157 251<\/a><\/span><\/div><\/div><\/div><\/div><div class=\"abcfslItemCntrLst abcfslPadBMB30 abcfClrFix\" style=\"padding-bottom: 0;\"><div class=\"abcfslLstCol abcfslLstCol-4 abcfslImgColLst\"><div class=\"abcfslImgCntrLst abcfslMLRPc\"><img decoding=\"async\"  src=\"\/wp-content\/uploads\/2023\/08\/Silueta_muz2-1-801x1024.png\" class=\"ProfileImage\" alt=\"MUDr. Radek Ampapa\"  itemprop=\"image\"  \/><\/div><\/div><div class=\"abcfslLstCol abcfslLstCol-8 abcfslTxtColLst\"><div class=\"abcfslTxtCntrLst  abcfslPadLPc5\" style=\"padding-left: 20px;\"><h4 class=\"abcfslF18_6 MP-F1\"><span class=\"abcfslSpanMP2\">MUDr. Radek <\/span><span class=\"abcfslSpanMP1\">Ampapa <\/span><\/h4><h5 class=\"abcfslF14_6 T-F2\">Tajemn\u00edk v\u011bdeck\u00e9 rady<\/h5><div class=\"abcfslMT10  abcfslF14 profile-department-link CE-F8\"><p><a href=\"\/vedecka-rada\/\">V\u011bdeck\u00e1 rada<\/a><\/p>\n<\/div><div class=\"abcfslMT5  abcfslF14 LT-F5\"><span><i class=\"fa-solid fa-envelope\"><\/i>\u00a0&nbsp;<\/span><span class=\"profile-department-link\"><a href=\"mailto:ampapar@nemji.cz\">ampapar@nemji.cz<\/a><\/span><\/div><div class=\"abcfslMT5  abcfslF14 LT-F4\"><span><i class=\"fa-solid fa-phone\"><\/i>\u00a0&nbsp;<\/span><span class=\"profile-department-link\"><a href=\"tel:+420567157475\">+420 567 157 475<\/a><\/span><\/div><\/div><\/div><\/div><\/div>\n<\/div>\n<div id=\"cmsmasters_heading_2iawwst8td\" class=\"cmsmasters_heading_wrap cmsmasters_heading_align_left oddeleni-lekari-heading\">\n\t<h5 class=\"cmsmasters_heading\">Ostatn\u00ed \u010dlenov\u00e9<\/h5>\n<\/div><div class=\"cmsmasters_text oddeleni-lekari-list\">\n<ul>\n<li>Ing. Jarom\u00edr \u0160nobr, CSc.<\/li>\n<li><span style=\"text-decoration: underline;\"><a href=\"\/oddeleni\/onkologicke-oddeleni\/\">MUDr. Lubom\u00edr Slav\u00ed\u010dek, Ph.D.<\/a><\/span><\/li>\n<li>MUDr.Radek Ampapa<\/li>\n<li>MUDr. Michal Fikrle, Ph.D.<\/li>\n<li>Prof. MUDr. V\u00e1clav B\u00e1\u010da, Ph.D.<\/li>\n<li>PhDr. Vlasta Dvo\u0159\u00e1kov\u00e1, Ph.D.<\/li>\n<li>MUDr. Karel Dvorn\u00edk<\/li>\n<li><span style=\"text-decoration: underline;\"><a href=\"\/oddeleni\/urologicke-oddeleni\/\">MUDr. Jaroslav \u017den\u00ed\u0161ek, Ph.D.<\/a><\/span><\/li>\n<li><span style=\"text-decoration: underline;\"><a href=\"\/oddeleni\/urologicke-oddeleni\/\">MUDr. Zden\u011bk Lavi\u010dka<\/a><\/span><\/li>\n<\/ul>\n<\/div>\n<\/div><\/div>\n<\/div>\n<\/div>\n<\/div>\n<\/div>\n<\/div>\n\n","protected":false},"excerpt":{"rendered":"","protected":false},"author":1,"featured_media":23377,"parent":23705,"menu_order":0,"comment_status":"closed","ping_status":"closed","template":"","meta":{"pgc_sgb_lightbox_settings":"","footnotes":"","_links_to":"","_links_to_target":""},"categories":[],"class_list":["post-23115","page","type-page","status-publish","has-post-thumbnail","hentry"],"publishpress_future_action":{"enabled":false,"date":"2026-05-05 13:00:42","action":"change-status","newStatus":"draft","terms":[],"taxonomy":"category","extraData":[]},"publishpress_future_workflow_manual_trigger":{"enabledWorkflows":[]},"_links":{"self":[{"href":"https:\/\/webnemji.azurewebsites.net\/en\/wp-json\/wp\/v2\/pages\/23115","targetHints":{"allow":["GET"]}}],"collection":[{"href":"https:\/\/webnemji.azurewebsites.net\/en\/wp-json\/wp\/v2\/pages"}],"about":[{"href":"https:\/\/webnemji.azurewebsites.net\/en\/wp-json\/wp\/v2\/types\/page"}],"author":[{"embeddable":true,"href":"https:\/\/webnemji.azurewebsites.net\/en\/wp-json\/wp\/v2\/users\/1"}],"replies":[{"embeddable":true,"href":"https:\/\/webnemji.azurewebsites.net\/en\/wp-json\/wp\/v2\/comments?post=23115"}],"version-history":[{"count":0,"href":"https:\/\/webnemji.azurewebsites.net\/en\/wp-json\/wp\/v2\/pages\/23115\/revisions"}],"up":[{"embeddable":true,"href":"https:\/\/webnemji.azurewebsites.net\/en\/wp-json\/wp\/v2\/pages\/23705"}],"wp:featuredmedia":[{"embeddable":true,"href":"https:\/\/webnemji.azurewebsites.net\/en\/wp-json\/wp\/v2\/media\/23377"}],"wp:attachment":[{"href":"https:\/\/webnemji.azurewebsites.net\/en\/wp-json\/wp\/v2\/media?parent=23115"}],"wp:term":[{"taxonomy":"category","embeddable":true,"href":"https:\/\/webnemji.azurewebsites.net\/en\/wp-json\/wp\/v2\/categories?post=23115"}],"curies":[{"name":"wp","href":"https:\/\/api.w.org\/{rel}","templated":true}]}}