{"id":23210,"date":"2023-10-19T09:52:45","date_gmt":"2023-10-19T07:52:45","guid":{"rendered":"https:\/\/nemji.rs-kovarik.cz\/?page_id=23210"},"modified":"2025-08-13T07:37:58","modified_gmt":"2025-08-13T05:37:58","slug":"prednaskova-a-publikacni-cinnost","status":"publish","type":"page","link":"https:\/\/webnemji.azurewebsites.net\/en\/vedecka-rada\/prednaskova-a-publikacni-cinnost\/","title":{"rendered":"Lectures and publications"},"content":{"rendered":"<div id=\"cmsmasters_row_ksciwp6ujf\" class=\"cmsmasters_row cmsmasters_color_scheme_default heroblocks cmsmasters_row_top_default cmsmasters_row_bot_default cmsmasters_row_boxed\">\n<div id=\"heroboxes\" class=\"cmsmasters_row_outer_parent\">\n<div class=\"cmsmasters_row_overlay\"><\/div>\n<div class=\"cmsmasters_row_outer\">\n<div class=\"cmsmasters_row_inner\">\n<div class=\"cmsmasters_row_margin\">\n<div id=\"cmsmasters_column_bxgnwqgwt\" class=\"cmsmasters_column one_first\">\n<div class=\"cmsmasters_column_inner\"><div id=\"cmsmasters_heading_mkdgjovddq\" class=\"cmsmasters_heading_wrap cmsmasters_heading_align_center pageheadingtitle\" data-animation=\"fadeIn\" data-delay=\"100\">\n\t<h1 class=\"cmsmasters_heading\">V\u011bdeck\u00e1 rada<\/h1>\n<\/div><div id=\"cmsmasters_heading_gb7vg9rtje\" class=\"cmsmasters_heading_wrap cmsmasters_heading_align_center\" data-animation=\"fadeIn\" data-delay=\"150\">\n\t<h3 class=\"cmsmasters_heading\">Nemocnice Jihlava, p\u0159\u00edsp\u011bvkov\u00e1 organizace<\/h3>\n<\/div>\n<\/div><\/div>\n<\/div>\n<\/div>\n<\/div>\n<\/div>\n<\/div>\n<div id=\"cmsmasters_row_bj7zxjapxj\" class=\"cmsmasters_row cmsmasters_color_scheme_default cmsmasters_row_top_default cmsmasters_row_bot_default cmsmasters_row_boxed\">\n<div class=\"cmsmasters_row_outer_parent\">\n<div class=\"cmsmasters_row_outer\">\n<div class=\"cmsmasters_row_inner\">\n<div class=\"cmsmasters_row_margin\">\n<div id=\"cmsmasters_column_22eksm2374\" class=\"cmsmasters_column one_first\">\n<div class=\"cmsmasters_column_inner\"><div class=\"cmsmasters_text\">\n<p><nav aria-label=\"breadcrumbs\">\n            <div class=\"breadcrumb-container theme1\">\n                <ol>\n                                    <\/ol>\n            <\/div>\n        <\/nav>    <script type=\"application\/ld+json\">\n        {\n            \"@context\": \"http:\/\/schema.org\",\n            \"@type\": \"BreadcrumbList\",\n            \"itemListElement\": [\n                            ]\n        }\n    <\/script>\n   \n    <script>\n            <\/script>\n<\/p>\n<\/div>\n<\/div><\/div>\n<\/div>\n<\/div>\n<\/div>\n<\/div>\n<\/div>\n<div id=\"cmsmasters_row_5gr16na4ms\" class=\"cmsmasters_row cmsmasters_color_scheme_default cmsmasters_row_top_default cmsmasters_row_bot_default cmsmasters_row_boxed\">\n<div class=\"cmsmasters_row_outer_parent\">\n<div class=\"cmsmasters_row_outer\">\n<div class=\"cmsmasters_row_inner\">\n<div class=\"cmsmasters_row_margin\">\n<div id=\"cmsmasters_column_xonfjk045g\" class=\"cmsmasters_column one_third stickyinfocolumn\">\n<div class=\"cmsmasters_column_inner\"><div id=\"cmsmasters_heading_luukg1lxw\" class=\"cmsmasters_heading_wrap cmsmasters_heading_align_center\">\n\t<h3 class=\"cmsmasters_heading\">V\u011bdeck\u00e1 rada<\/h3>\n<\/div>\n<div id=\"cmsmasters_divider_09kab0ikwl\" class=\"cmsmasters_divider cmsmasters_divider_width_short cmsmasters_divider_pos_center\"><\/div>\n<div class=\"cmsmasters_sidebar sidebar_layout_11 sidebar-custom-menu\"><aside id=\"nav_menu-35\" class=\"widget widget_nav_menu\"><div class=\"menu-vedecka-rada-container\"><ul id=\"menu-vedecka-rada\" class=\"menu\"><li id=\"menu-item-23704\" class=\"static-link menu-item menu-item-type-custom menu-item-object-custom menu-item-23704\"><a href=\"\/vedecka-rada\/\" data-ps2id-api=\"true\"><i class=\"fa-solid fa-circle-question\"><\/i> Z\u00e1kladn\u00ed informace<\/a><\/li>\n<li id=\"menu-item-23117\" class=\"static-link menu-item menu-item-type-custom menu-item-object-custom menu-item-23117\"><a href=\"\/vedecka-rada\/clenove-vedecke-rady\/\" data-ps2id-api=\"true\"><i class=\"fa-solid fa-users\"><\/i> \u010clenov\u00e9 v\u011bdeck\u00e9 rady<\/a><\/li>\n<li id=\"menu-item-23118\" class=\"static-link menu-item menu-item-type-custom menu-item-object-custom menu-item-23118\"><a href=\"\/vedecka-rada\/dokumenty\/\" data-ps2id-api=\"true\"><i class=\"fa-solid fa-file\"><\/i> Dokumenty<\/a><\/li>\n<li id=\"menu-item-23119\" class=\"static-link menu-item menu-item-type-custom menu-item-object-custom menu-item-23119\"><a href=\"\/vedecka-rada\/prednaskova-a-publikacni-cinnost\/\" data-ps2id-api=\"true\"><i class=\"fa-solid fa-book-medical\"><\/i> P\u0159edn\u00e1\u0161kov\u00e1 a publika\u010dn\u00ed \u010dinnost<\/a><\/li>\n<\/ul><\/div><\/aside><div class=\"cl\"><\/div>\n<\/div>\n<\/div><\/div>\n<div id=\"cmsmasters_column_bo0xyc1mnm\" class=\"cmsmasters_column two_third\">\n<div class=\"cmsmasters_column_inner\"><div id=\"cmsmasters_heading_19qdr5f6te\" class=\"cmsmasters_heading_wrap cmsmasters_heading_align_left\">\n\t<h2 class=\"cmsmasters_heading\">P\u0159edn\u00e1\u0161kov\u00e1 a publika\u010dn\u00ed \u010dinnost<\/h2>\n<\/div>\n<div id=\"cmsmasters_divider_55oq46kd3\" class=\"cmsmasters_divider cmsmasters_divider_width_short cmsmasters_divider_pos_left\"><\/div>\n<div class=\"cmsmasters_text download-links-large\">\n<p><a href=\"\/wp-content\/uploads\/2025\/08\/Oceneni-za-prednaskovou-a-publikacni-cinnost-2024.pdf\" target=\"_blank\" rel=\"noopener\">Ocen\u011bn\u00ed za p\u0159edn\u00e1\u0161kovou a publika\u010dn\u00ed \u010dinnost 2024<\/a><\/p>\n<p><a href=\"\/wp-content\/uploads\/2025\/07\/Oceneni-za-nejlepsi-publikace-prednaskovou-cinnost-a-za-vzdelavaci-aktivity-v-r.-2023.pdf\" target=\"_blank\" rel=\"noopener\">Ocen\u011bn\u00ed za p\u0159edn\u00e1\u0161kovou a publika\u010dn\u00ed \u010dinnost 2023<\/a><\/p>\n<p><a href=\"\/wp-content\/uploads\/2024\/03\/Oceneni-za-prednaskovou-a-publikacni-cinnost-2022-1.pdf\" target=\"_blank\" rel=\"noopener\">Ocen\u011bn\u00ed za p\u0159edn\u00e1\u0161kovou a publika\u010dn\u00ed \u010dinnost 2022<\/a><\/p>\n<p><a href=\"\/wp-content\/uploads\/2023\/10\/Oceneni-za-prednaskovou-a-publikacni-cinnost-2021.pdf\" target=\"_blank\" rel=\"noopener\">Ocen\u011bn\u00ed za p\u0159edn\u00e1\u0161kovou a publika\u010dn\u00ed \u010dinnost 2021<\/a><\/p>\n<p><a href=\"\/wp-content\/uploads\/2023\/10\/Oceneni-za-prednaskovou-a-publikacni-cinnost-2015-2020.pdf\" target=\"_blank\" rel=\"noopener\">Ocen\u011bn\u00ed za p\u0159edn\u00e1\u0161kovou a publika\u010dn\u00ed \u010dinnost 2015-2020<\/a><\/p>\n<p><a href=\"\/wp-content\/uploads\/2023\/10\/Hodnoceni-prednaskove-a-publikacni-cinnosti-zamestnancu-Nemocnice-Jihlava-za-rok-2015.pdf\" target=\"_blank\" rel=\"noopener\">Hodnocen\u00ed p\u0159edn\u00e1\u0161kov\u00e9 a publika\u010dn\u00ed \u010dinnosti zam\u011bstnanc\u016f Nemocnice Jihlava za rok 2015<\/a><\/p>\n<p><a href=\"\/wp-content\/uploads\/2023\/10\/Hodnoceni-prednaskove-a-publikacni-cinnosti-zamestnancu-Nemocnice-Jihlava-za-rok-2016.pdf\" target=\"_blank\" rel=\"noopener\">Hodnocen\u00ed p\u0159edn\u00e1\u0161kov\u00e9 a publika\u010dn\u00ed \u010dinnosti zam\u011bstnanc\u016f Nemocnice Jihlava za rok 2016<\/a><\/p>\n<p><a href=\"\/wp-content\/uploads\/2023\/10\/Hodnoceni-prednaskove-a-publikacni-cinnosti-zamestnancu-Nemocnice-Jihlava-za-rok-2014.pdf\" target=\"_blank\" rel=\"noopener\">Hodnocen\u00ed p\u0159edn\u00e1\u0161kov\u00e9 a publika\u010dn\u00ed \u010dinnosti zam\u011bstnanc\u016f Nemocnice Jihlava za rok 2014<\/a><\/p>\n<p><a href=\"\/wp-content\/uploads\/2023\/10\/Hodnoceni-prednaskove-a-publikacni-cinnosti-zamestnancu-Nemocnice-Jihlava-za-rok-2013.pdf\" target=\"_blank\" rel=\"noopener\">Hodnocen\u00ed p\u0159edn\u00e1\u0161kov\u00e9 a publika\u010dn\u00ed \u010dinnosti zam\u011bstnanc\u016f Nemocnice Jihlava za rok 2013<\/a><\/p>\n<\/div>\n<\/div><\/div>\n<\/div>\n<\/div>\n<\/div>\n<\/div>\n<\/div>\n<div id=\"cmsmasters_row_gf96g4rjub\" class=\"cmsmasters_row cmsmasters_color_scheme_default cmsmasters_row_top_default cmsmasters_row_bot_default cmsmasters_row_boxed\">\n<div class=\"cmsmasters_row_outer_parent\">\n<div class=\"cmsmasters_row_outer\">\n<div class=\"cmsmasters_row_inner\">\n<div class=\"cmsmasters_row_margin\">\n<div id=\"cmsmasters_column_546z8sa0w3\" class=\"cmsmasters_column one_first\">\n<div class=\"cmsmasters_column_inner\"><\/div><\/div>\n<\/div>\n<\/div>\n<\/div>\n<\/div>\n<\/div>\n\n","protected":false},"excerpt":{"rendered":"","protected":false},"author":1,"featured_media":23377,"parent":23705,"menu_order":0,"comment_status":"closed","ping_status":"closed","template":"","meta":{"pgc_sgb_lightbox_settings":"","footnotes":"","_links_to":"","_links_to_target":""},"categories":[],"class_list":["post-23210","page","type-page","status-publish","has-post-thumbnail","hentry"],"publishpress_future_action":{"enabled":false,"date":"2026-04-12 16:02:59","action":"change-status","newStatus":"draft","terms":[],"taxonomy":"category","extraData":[]},"publishpress_future_workflow_manual_trigger":{"enabledWorkflows":[]},"_links":{"self":[{"href":"https:\/\/webnemji.azurewebsites.net\/en\/wp-json\/wp\/v2\/pages\/23210","targetHints":{"allow":["GET"]}}],"collection":[{"href":"https:\/\/webnemji.azurewebsites.net\/en\/wp-json\/wp\/v2\/pages"}],"about":[{"href":"https:\/\/webnemji.azurewebsites.net\/en\/wp-json\/wp\/v2\/types\/page"}],"author":[{"embeddable":true,"href":"https:\/\/webnemji.azurewebsites.net\/en\/wp-json\/wp\/v2\/users\/1"}],"replies":[{"embeddable":true,"href":"https:\/\/webnemji.azurewebsites.net\/en\/wp-json\/wp\/v2\/comments?post=23210"}],"version-history":[{"count":0,"href":"https:\/\/webnemji.azurewebsites.net\/en\/wp-json\/wp\/v2\/pages\/23210\/revisions"}],"up":[{"embeddable":true,"href":"https:\/\/webnemji.azurewebsites.net\/en\/wp-json\/wp\/v2\/pages\/23705"}],"wp:featuredmedia":[{"embeddable":true,"href":"https:\/\/webnemji.azurewebsites.net\/en\/wp-json\/wp\/v2\/media\/23377"}],"wp:attachment":[{"href":"https:\/\/webnemji.azurewebsites.net\/en\/wp-json\/wp\/v2\/media?parent=23210"}],"wp:term":[{"taxonomy":"category","embeddable":true,"href":"https:\/\/webnemji.azurewebsites.net\/en\/wp-json\/wp\/v2\/categories?post=23210"}],"curies":[{"name":"wp","href":"https:\/\/api.w.org\/{rel}","templated":true}]}}